{"id":11044,"date":"2019-04-26T16:55:17","date_gmt":"2019-04-26T16:55:17","guid":{"rendered":"https:\/\/montreal-interior-design.com\/?page_id=11044"},"modified":"2024-10-30T08:03:58","modified_gmt":"2024-10-30T12:03:58","slug":"renovation-salle-deau-a-lorraine-quebec","status":"publish","type":"page","link":"https:\/\/versastyledesign.ca\/fr\/portfolio-de-design\/renovation-salle-deau-a-lorraine-quebec\/","title":{"rendered":"R\u00e9novation d&rsquo;une salle d&rsquo;eau \u00e0 Lorraine, Qu\u00e9bec"},"content":{"rendered":"\n<div class=\"wp-block-columns has-2-columns is-layout-flex wp-container-core-columns-is-layout-9d6595d7 wp-block-columns-is-layout-flex\">\n<div class=\"wp-block-column is-layout-flow wp-block-column-is-layout-flow\">\n<p><strong>Lieu:<\/strong> Lorraine, Qu\u00e9bec<\/p>\n\n\n\n<p><strong>Service de design<\/strong>&nbsp;: Compl\u00e8te\nr\u00e9novation d\u2019une salle d\u2019eau, palette de couleurs, conception-design et\nrecommandations, achats, m\u00e9tiers et gestion de projet.<\/p>\n\n\n\n<p><strong>Mat\u00e9riaux utilis\u00e9s&nbsp;: <\/strong>Vanit\u00e9 24 pouces moderne grise, lavabo vasque ovale, \u00e9clairage chrome et\nverre orange, tuiles 12 x 12 orange au sol, toile urbaine avec avion gris et\norange, peinture Sherwin Williams blanc et gris p\u00e2le.<\/p>\n<\/div>\n\n\n\n<div class=\"wp-block-column is-layout-flow wp-block-column-is-layout-flow\">\n<figure class=\"wp-block-image size-large is-resized\"><img loading=\"lazy\" decoding=\"async\" width=\"748\" height=\"1024\" src=\"https:\/\/versastyledesign.ca\/wp-content\/uploads\/2024\/10\/Renovation-de-salle-deau-a-Lorraine-2-748x1024.jpg\" alt=\"Renovation de salle deau a Lorraine\" class=\"wp-image-29238\" style=\"width:326px;height:490px\" srcset=\"https:\/\/versastyledesign.ca\/wp-content\/uploads\/2024\/10\/Renovation-de-salle-deau-a-Lorraine-2-748x1024.jpg 748w, https:\/\/versastyledesign.ca\/wp-content\/uploads\/2024\/10\/Renovation-de-salle-deau-a-Lorraine-2-219x300.jpg 219w, https:\/\/versastyledesign.ca\/wp-content\/uploads\/2024\/10\/Renovation-de-salle-deau-a-Lorraine-2-768x1051.jpg 768w, https:\/\/versastyledesign.ca\/wp-content\/uploads\/2024\/10\/Renovation-de-salle-deau-a-Lorraine-2.jpg 935w\" sizes=\"auto, (max-width: 748px) 100vw, 748px\" \/><\/figure>\n<\/div>\n<\/div>\n\n\n\n<p><strong>Notre mandat<\/strong>&nbsp;: La cliente voulait une salle d\u2019eau moderne et artistique. Nous\navons remplac\u00e9 l\u2019ancien lavabo pi\u00e9destal par un nouveau, beaucoup plus\nfonctionnel, de 48 pouces gris fonc\u00e9 avec deux tiroirs profonds. Un robinet\ncontemporain a aussi \u00e9t\u00e9 install\u00e9.&nbsp; La\ntuile os\u00e9e au sol est un rappel du jaune orange dans la toile. Une palette de\ngris&nbsp; apaisant avec un zeste d\u2019orange\ncombin\u00e9 avec&nbsp; la toile comme point focal\ncr\u00e9ent une petite salle d\u2019eau m\u00e9morable et unique.<\/p>\n\n\n\n<div style=\"height:50px\" aria-hidden=\"true\" class=\"wp-block-spacer\"><\/div>\n\n\n\n<h2 class=\"wp-block-heading\">R\u00e9novation de salle d&rsquo;eau par Versa Style Design<\/h2>\n\n\n\n<figure class=\"wp-block-gallery has-nested-images columns-4 is-cropped wp-block-gallery-1 is-layout-flex wp-block-gallery-is-layout-flex\">\n<figure class=\"wp-block-image size-large\"><a href=\"https:\/\/versastyledesign.ca\/wp-content\/uploads\/2024\/10\/Renovation-de-salle-deau-a-Lorraine-1-602x1024.jpg\"><img loading=\"lazy\" decoding=\"async\" width=\"602\" height=\"1024\" data-id=\"29242\" src=\"https:\/\/versastyledesign.ca\/wp-content\/uploads\/2024\/10\/Renovation-de-salle-deau-a-Lorraine-1-602x1024.jpg\" alt=\"R\u00e9novation de salle d'eau par Versa Style Design\" class=\"wp-image-29242\" srcset=\"https:\/\/versastyledesign.ca\/wp-content\/uploads\/2024\/10\/Renovation-de-salle-deau-a-Lorraine-1-602x1024.jpg 602w, https:\/\/versastyledesign.ca\/wp-content\/uploads\/2024\/10\/Renovation-de-salle-deau-a-Lorraine-1-176x300.jpg 176w, https:\/\/versastyledesign.ca\/wp-content\/uploads\/2024\/10\/Renovation-de-salle-deau-a-Lorraine-1.jpg 753w\" sizes=\"auto, (max-width: 602px) 100vw, 602px\" \/><\/a><\/figure>\n\n\n\n<figure class=\"wp-block-image size-large\"><a href=\"https:\/\/versastyledesign.ca\/wp-content\/uploads\/2024\/10\/Renovation-de-salle-deau-a-Lorraine-2-748x1024.jpg\"><img loading=\"lazy\" decoding=\"async\" width=\"748\" height=\"1024\" data-id=\"29238\" src=\"https:\/\/versastyledesign.ca\/wp-content\/uploads\/2024\/10\/Renovation-de-salle-deau-a-Lorraine-2-748x1024.jpg\" alt=\"R\u00e9novation de salle d'eau par Versa Style Design\" class=\"wp-image-29238\" srcset=\"https:\/\/versastyledesign.ca\/wp-content\/uploads\/2024\/10\/Renovation-de-salle-deau-a-Lorraine-2-748x1024.jpg 748w, https:\/\/versastyledesign.ca\/wp-content\/uploads\/2024\/10\/Renovation-de-salle-deau-a-Lorraine-2-219x300.jpg 219w, https:\/\/versastyledesign.ca\/wp-content\/uploads\/2024\/10\/Renovation-de-salle-deau-a-Lorraine-2-768x1051.jpg 768w, https:\/\/versastyledesign.ca\/wp-content\/uploads\/2024\/10\/Renovation-de-salle-deau-a-Lorraine-2.jpg 935w\" sizes=\"auto, (max-width: 748px) 100vw, 748px\" \/><\/a><\/figure>\n\n\n\n<figure class=\"wp-block-image size-large\"><a href=\"https:\/\/versastyledesign.ca\/wp-content\/uploads\/2024\/10\/Renovation-de-salle-deau-a-Lorraine-3-743x1024.jpg\"><img loading=\"lazy\" decoding=\"async\" width=\"743\" height=\"1024\" data-id=\"29237\" src=\"https:\/\/versastyledesign.ca\/wp-content\/uploads\/2024\/10\/Renovation-de-salle-deau-a-Lorraine-3-743x1024.jpg\" alt=\"R\u00e9novation de salle d'eau par Versa Style Design\" class=\"wp-image-29237\" srcset=\"https:\/\/versastyledesign.ca\/wp-content\/uploads\/2024\/10\/Renovation-de-salle-deau-a-Lorraine-3-743x1024.jpg 743w, https:\/\/versastyledesign.ca\/wp-content\/uploads\/2024\/10\/Renovation-de-salle-deau-a-Lorraine-3-218x300.jpg 218w, https:\/\/versastyledesign.ca\/wp-content\/uploads\/2024\/10\/Renovation-de-salle-deau-a-Lorraine-3-768x1058.jpg 768w, https:\/\/versastyledesign.ca\/wp-content\/uploads\/2024\/10\/Renovation-de-salle-deau-a-Lorraine-3.jpg 929w\" sizes=\"auto, (max-width: 743px) 100vw, 743px\" \/><\/a><\/figure>\n\n\n\n<figure class=\"wp-block-image size-large\"><a href=\"https:\/\/versastyledesign.ca\/wp-content\/uploads\/2024\/10\/Renovation-de-salle-deau-a-Lorraine-4-771x1024.jpg\"><img loading=\"lazy\" decoding=\"async\" width=\"771\" height=\"1024\" data-id=\"29241\" src=\"https:\/\/versastyledesign.ca\/wp-content\/uploads\/2024\/10\/Renovation-de-salle-deau-a-Lorraine-4-771x1024.jpg\" alt=\"R\u00e9novation de salle d'eau par Versa Style Design\" class=\"wp-image-29241\" srcset=\"https:\/\/versastyledesign.ca\/wp-content\/uploads\/2024\/10\/Renovation-de-salle-deau-a-Lorraine-4-771x1024.jpg 771w, https:\/\/versastyledesign.ca\/wp-content\/uploads\/2024\/10\/Renovation-de-salle-deau-a-Lorraine-4-226x300.jpg 226w, https:\/\/versastyledesign.ca\/wp-content\/uploads\/2024\/10\/Renovation-de-salle-deau-a-Lorraine-4-768x1020.jpg 768w, https:\/\/versastyledesign.ca\/wp-content\/uploads\/2024\/10\/Renovation-de-salle-deau-a-Lorraine-4.jpg 964w\" sizes=\"auto, (max-width: 771px) 100vw, 771px\" \/><\/a><\/figure>\n<\/figure>\n\n\n\n<blockquote class=\"wp-block-quote is-layout-flow wp-block-quote-is-layout-flow\">\n<p>J\u2019ai une toute petite salle d\u2019eau que je voulais rafra\u00eechir. J\u2019ai consult\u00e9 Lucie Pitt pour avoir des id\u00e9es afin que ce petit espace soit gaie et fantaisiste. Elle m\u2019a donc propos\u00e9 une affiche tr\u00e8s color\u00e9e dont elle s\u2019est inspir\u00e9e pour la couleur des murs ainsi que &nbsp;pour la c\u00e9ramique orange du plancher. Une cure de jeunesse pour ma salle d\u2019eau !<\/p>\n<cite><strong>Johanne Lapointe<\/strong><\/cite><\/blockquote>\n\n\n\n<div style=\"height:50px\" aria-hidden=\"true\" class=\"wp-block-spacer\"><\/div>\n\n\n\n<div class=\"wp-block-columns is-layout-flex wp-container-core-columns-is-layout-9d6595d7 wp-block-columns-is-layout-flex\">\n<div class=\"wp-block-column is-layout-flow wp-block-column-is-layout-flow\"><div class=\"wp-block-image is-resized\">\n<figure class=\"aligncenter size-large\"><img loading=\"lazy\" decoding=\"async\" width=\"1024\" height=\"848\" src=\"https:\/\/versastyledesign.ca\/wp-content\/uploads\/2019\/12\/Design-salle-de-bains-montreal-1024x848.jpg\" alt=\"\" class=\"wp-image-15987\" srcset=\"https:\/\/versastyledesign.ca\/wp-content\/uploads\/2019\/12\/Design-salle-de-bains-montreal-1024x848.jpg 1024w, https:\/\/versastyledesign.ca\/wp-content\/uploads\/2019\/12\/Design-salle-de-bains-montreal-300x249.jpg 300w, https:\/\/versastyledesign.ca\/wp-content\/uploads\/2019\/12\/Design-salle-de-bains-montreal-768x636.jpg 768w, https:\/\/versastyledesign.ca\/wp-content\/uploads\/2019\/12\/Design-salle-de-bains-montreal-1536x1272.jpg 1536w, https:\/\/versastyledesign.ca\/wp-content\/uploads\/2019\/12\/Design-salle-de-bains-montreal-2048x1696.jpg 2048w\" sizes=\"auto, (max-width: 1024px) 100vw, 1024px\" \/><\/figure>\n<\/div><\/div>\n\n\n\n<div class=\"wp-block-column is-layout-flow wp-block-column-is-layout-flow\">\n<h2 class=\"wp-block-heading has-text-align-center\"> Service de design de salle de bain \u00e0 Montr\u00e9al <\/h2>\n\n\n\n<p class=\"has-text-align-center\">Pour en savoir plus sur nos services de design de salle de bain dans la grande r\u00e9gion de Montr\u00e9al.<\/p>\n\n\n\n<div class=\"wp-block-buttons is-horizontal is-content-justification-center is-layout-flex wp-container-core-buttons-is-layout-499968f5 wp-block-buttons-is-layout-flex\">\n<div class=\"wp-block-button button-custom\"><a class=\"wp-block-button__link has-background wp-element-button\" href=\"\/fr?page_id=11180\" style=\"background-color:#d53652\">Design de salle de bain<\/a><\/div>\n<\/div>\n\n\n\n<p><\/p>\n<\/div>\n<\/div>\n\n\n\n<div style=\"height:50px\" aria-hidden=\"true\" class=\"wp-block-spacer\"><\/div>\n\n\n\n<h2 class=\"wp-block-heading\"><strong>\u00cates-vous situ\u00e9 dans la grande r\u00e9gion de Montr\u00e9al?<\/strong><\/h2>\n\n\n\n<p class=\"has-text-align-center\"><strong>Donnez vie \u00e0 votre projet de design avec Lucie.<\/strong><\/p>\n\n\n\n<div class=\"wp-block-buttons is-content-justification-center is-layout-flex wp-container-core-buttons-is-layout-16018d1d wp-block-buttons-is-layout-flex\">\n<div class=\"wp-block-button button-inverse\"><a class=\"wp-block-button__link has-text-color has-background has-link-color wp-element-button\" href=\"\/fr\/forfait-de-design-interieur\/versa-style-design-premiere-consultation\/\" style=\"color:#d53652;background-color:#f3f3f3\">Premi\u00e8re consultation<\/a><\/div>\n<\/div>\n\n\n\n<div style=\"height:25px\" aria-hidden=\"true\" class=\"wp-block-spacer\"><\/div>\n<p><a href=\"\/\/www.pinterest.com\/pin\/create\/button\/\" data-pin-do=\"buttonBookmark\" data-pin-color=\"red\" data-pin-height=\"128\"><img decoding=\"async\" src=\"\/\/assets.pinterest.com\/images\/pidgets\/pinit_fg_en_rect_red_28.png\" \/><\/a><\/p>","protected":false},"excerpt":{"rendered":"<p>Lieu: Lorraine, Qu\u00e9bec Service de design&nbsp;: Compl\u00e8te r\u00e9novation d\u2019une salle d\u2019eau, palette de couleurs, conception-design et recommandations, achats, m\u00e9tiers et gestion de projet. Mat\u00e9riaux utilis\u00e9s&nbsp;: Vanit\u00e9 24 pouces moderne grise, lavabo vasque ovale, \u00e9clairage chrome et verre orange, tuiles 12 x 12 orange au sol, toile urbaine avec avion gris et orange, peinture Sherwin Williams [&hellip;]<\/p>\n","protected":false},"author":2,"featured_media":17259,"parent":1840,"menu_order":0,"comment_status":"closed","ping_status":"closed","template":"","meta":{"advgb_blocks_editor_width":"","advgb_blocks_columns_visual_guide":"","_genesis_hide_title":false,"_genesis_hide_breadcrumbs":false,"_genesis_hide_singular_image":false,"_genesis_hide_footer_widgets":false,"_genesis_custom_body_class":"","_genesis_custom_post_class":"","_genesis_layout":"","footnotes":""},"class_list":{"0":"post-11044","1":"page","2":"type-page","3":"status-publish","4":"has-post-thumbnail","6":"entry"},"yoast_head":"<!-- This site is optimized with the Yoast SEO plugin v27.3 - https:\/\/yoast.com\/product\/yoast-seo-wordpress\/ -->\n<title>R\u00e9novation d&#039;une salle d&#039;eau \u00e0 Lorraine, Qu\u00e9bec - Versa Style Design<\/title>\n<meta name=\"description\" content=\"La cliente voulait une salle d\u2019eau moderne et artistique. Nous avons remplac\u00e9 l\u2019ancien lavabo pi\u00e9destal par un nouveau, beaucoup plus fonctionnel, de 48 pouces gris fonc\u00e9 avec deux tiroirs profonds.\" \/>\n<meta name=\"robots\" content=\"index, follow, max-snippet:-1, max-image-preview:large, max-video-preview:-1\" \/>\n<link rel=\"canonical\" href=\"https:\/\/versastyledesign.ca\/fr\/portfolio-de-design\/renovation-salle-deau-a-lorraine-quebec\/\" \/>\n<meta property=\"og:locale\" content=\"fr_CA\" \/>\n<meta property=\"og:type\" content=\"article\" \/>\n<meta property=\"og:title\" content=\"R\u00e9novation d&#039;une salle d&#039;eau \u00e0 Lorraine, Qu\u00e9bec - Versa Style Design\" \/>\n<meta property=\"og:description\" content=\"La cliente voulait une salle d\u2019eau moderne et artistique. Nous avons remplac\u00e9 l\u2019ancien lavabo pi\u00e9destal par un nouveau, beaucoup plus fonctionnel, de 48 pouces gris fonc\u00e9 avec deux tiroirs profonds.\" \/>\n<meta property=\"og:url\" content=\"https:\/\/versastyledesign.ca\/fr\/portfolio-de-design\/renovation-salle-deau-a-lorraine-quebec\/\" \/>\n<meta property=\"og:site_name\" content=\"Versa Style Design\" \/>\n<meta property=\"article:publisher\" content=\"https:\/\/www.facebook.com\/Versastyledesign?ref=hl\" \/>\n<meta property=\"article:modified_time\" content=\"2024-10-30T12:03:58+00:00\" \/>\n<meta property=\"og:image\" content=\"http:\/\/new.versastyledesign.ca\/wp-content\/uploads\/2019\/12\/renovation-salle-deau-a-lorraine-quebec-02.jpg\" \/>\n\t<meta property=\"og:image:width\" content=\"435\" \/>\n\t<meta property=\"og:image:height\" content=\"653\" \/>\n\t<meta property=\"og:image:type\" content=\"image\/jpeg\" \/>\n<meta name=\"twitter:label1\" content=\"Estimation du temps de lecture\" \/>\n\t<meta name=\"twitter:data1\" content=\"3 minutes\" \/>\n<script type=\"application\/ld+json\" class=\"yoast-schema-graph\">{\"@context\":\"https:\\\/\\\/schema.org\",\"@graph\":[{\"@type\":\"WebPage\",\"@id\":\"https:\\\/\\\/versastyledesign.ca\\\/fr\\\/portfolio-de-design\\\/renovation-salle-deau-a-lorraine-quebec\\\/\",\"url\":\"https:\\\/\\\/versastyledesign.ca\\\/fr\\\/portfolio-de-design\\\/renovation-salle-deau-a-lorraine-quebec\\\/\",\"name\":\"R\u00e9novation d'une salle d'eau \u00e0 Lorraine, Qu\u00e9bec - Versa Style Design\",\"isPartOf\":{\"@id\":\"http:\\\/\\\/new.versastyledesign.ca\\\/fr\\\/#website\"},\"primaryImageOfPage\":{\"@id\":\"https:\\\/\\\/versastyledesign.ca\\\/fr\\\/portfolio-de-design\\\/renovation-salle-deau-a-lorraine-quebec\\\/#primaryimage\"},\"image\":{\"@id\":\"https:\\\/\\\/versastyledesign.ca\\\/fr\\\/portfolio-de-design\\\/renovation-salle-deau-a-lorraine-quebec\\\/#primaryimage\"},\"thumbnailUrl\":\"https:\\\/\\\/versastyledesign.ca\\\/wp-content\\\/uploads\\\/2019\\\/12\\\/renovation-salle-deau-a-lorraine-quebec-02.jpg\",\"datePublished\":\"2019-04-26T16:55:17+00:00\",\"dateModified\":\"2024-10-30T12:03:58+00:00\",\"description\":\"La cliente voulait une salle d\u2019eau moderne et artistique. Nous avons remplac\u00e9 l\u2019ancien lavabo pi\u00e9destal par un nouveau, beaucoup plus fonctionnel, de 48 pouces gris fonc\u00e9 avec deux tiroirs profonds.\",\"breadcrumb\":{\"@id\":\"https:\\\/\\\/versastyledesign.ca\\\/fr\\\/portfolio-de-design\\\/renovation-salle-deau-a-lorraine-quebec\\\/#breadcrumb\"},\"inLanguage\":\"fr-CA\",\"potentialAction\":[{\"@type\":\"ReadAction\",\"target\":[\"https:\\\/\\\/versastyledesign.ca\\\/fr\\\/portfolio-de-design\\\/renovation-salle-deau-a-lorraine-quebec\\\/\"]}]},{\"@type\":\"ImageObject\",\"inLanguage\":\"fr-CA\",\"@id\":\"https:\\\/\\\/versastyledesign.ca\\\/fr\\\/portfolio-de-design\\\/renovation-salle-deau-a-lorraine-quebec\\\/#primaryimage\",\"url\":\"https:\\\/\\\/versastyledesign.ca\\\/wp-content\\\/uploads\\\/2019\\\/12\\\/renovation-salle-deau-a-lorraine-quebec-02.jpg\",\"contentUrl\":\"https:\\\/\\\/versastyledesign.ca\\\/wp-content\\\/uploads\\\/2019\\\/12\\\/renovation-salle-deau-a-lorraine-quebec-02.jpg\",\"width\":435,\"height\":653},{\"@type\":\"BreadcrumbList\",\"@id\":\"https:\\\/\\\/versastyledesign.ca\\\/fr\\\/portfolio-de-design\\\/renovation-salle-deau-a-lorraine-quebec\\\/#breadcrumb\",\"itemListElement\":[{\"@type\":\"ListItem\",\"position\":1,\"name\":\"Accueil\",\"item\":\"http:\\\/\\\/new.versastyledesign.ca\\\/fr\\\/\"},{\"@type\":\"ListItem\",\"position\":2,\"name\":\"Portfolio de Design\",\"item\":\"http:\\\/\\\/new.versastyledesign.ca\\\/fr\\\/design-portfolio\\\/\"},{\"@type\":\"ListItem\",\"position\":3,\"name\":\"R\u00e9novation d&#8217;une salle d&#8217;eau \u00e0 Lorraine, Qu\u00e9bec\"}]},{\"@type\":\"WebSite\",\"@id\":\"http:\\\/\\\/new.versastyledesign.ca\\\/fr\\\/#website\",\"url\":\"http:\\\/\\\/new.versastyledesign.ca\\\/fr\\\/\",\"name\":\"Versa Style Design\",\"description\":\"Design d&#039;int\u00e9rieur et r\u00e9novations \u00e0 Montr\u00e9al\",\"publisher\":{\"@id\":\"http:\\\/\\\/new.versastyledesign.ca\\\/fr\\\/#organization\"},\"potentialAction\":[{\"@type\":\"SearchAction\",\"target\":{\"@type\":\"EntryPoint\",\"urlTemplate\":\"http:\\\/\\\/new.versastyledesign.ca\\\/fr\\\/?s={search_term_string}\"},\"query-input\":{\"@type\":\"PropertyValueSpecification\",\"valueRequired\":true,\"valueName\":\"search_term_string\"}}],\"inLanguage\":\"fr-CA\"},{\"@type\":\"Organization\",\"@id\":\"http:\\\/\\\/new.versastyledesign.ca\\\/fr\\\/#organization\",\"name\":\"Versa Style Design\",\"url\":\"http:\\\/\\\/new.versastyledesign.ca\\\/fr\\\/\",\"logo\":{\"@type\":\"ImageObject\",\"inLanguage\":\"fr-CA\",\"@id\":\"http:\\\/\\\/new.versastyledesign.ca\\\/fr\\\/#\\\/schema\\\/logo\\\/image\\\/\",\"url\":\"https:\\\/\\\/versastyledesign.ca\\\/wp-content\\\/uploads\\\/2019\\\/11\\\/Versa-Style-Design-logo.jpg\",\"contentUrl\":\"https:\\\/\\\/versastyledesign.ca\\\/wp-content\\\/uploads\\\/2019\\\/11\\\/Versa-Style-Design-logo.jpg\",\"width\":2099,\"height\":670,\"caption\":\"Versa Style Design\"},\"image\":{\"@id\":\"http:\\\/\\\/new.versastyledesign.ca\\\/fr\\\/#\\\/schema\\\/logo\\\/image\\\/\"},\"sameAs\":[\"https:\\\/\\\/www.facebook.com\\\/Versastyledesign?ref=hl\",\"https:\\\/\\\/x.com\\\/luciepitt\",\"https:\\\/\\\/www.instagram.com\\\/versastyledesign\\\/\",\"https:\\\/\\\/www.linkedin.com\\\/in\\\/lucie-pitt-54b0ba85\",\"https:\\\/\\\/www.pinterest.com\\\/versastyledesign\\\/\"]}]}<\/script>\n<!-- \/ Yoast SEO plugin. -->","yoast_head_json":{"title":"R\u00e9novation d'une salle d'eau \u00e0 Lorraine, Qu\u00e9bec - Versa Style Design","description":"La cliente voulait une salle d\u2019eau moderne et artistique. Nous avons remplac\u00e9 l\u2019ancien lavabo pi\u00e9destal par un nouveau, beaucoup plus fonctionnel, de 48 pouces gris fonc\u00e9 avec deux tiroirs profonds.","robots":{"index":"index","follow":"follow","max-snippet":"max-snippet:-1","max-image-preview":"max-image-preview:large","max-video-preview":"max-video-preview:-1"},"canonical":"https:\/\/versastyledesign.ca\/fr\/portfolio-de-design\/renovation-salle-deau-a-lorraine-quebec\/","og_locale":"fr_CA","og_type":"article","og_title":"R\u00e9novation d'une salle d'eau \u00e0 Lorraine, Qu\u00e9bec - Versa Style Design","og_description":"La cliente voulait une salle d\u2019eau moderne et artistique. Nous avons remplac\u00e9 l\u2019ancien lavabo pi\u00e9destal par un nouveau, beaucoup plus fonctionnel, de 48 pouces gris fonc\u00e9 avec deux tiroirs profonds.","og_url":"https:\/\/versastyledesign.ca\/fr\/portfolio-de-design\/renovation-salle-deau-a-lorraine-quebec\/","og_site_name":"Versa Style Design","article_publisher":"https:\/\/www.facebook.com\/Versastyledesign?ref=hl","article_modified_time":"2024-10-30T12:03:58+00:00","og_image":[{"width":435,"height":653,"url":"http:\/\/new.versastyledesign.ca\/wp-content\/uploads\/2019\/12\/renovation-salle-deau-a-lorraine-quebec-02.jpg","type":"image\/jpeg"}],"twitter_misc":{"Estimation du temps de lecture":"3 minutes"},"schema":{"@context":"https:\/\/schema.org","@graph":[{"@type":"WebPage","@id":"https:\/\/versastyledesign.ca\/fr\/portfolio-de-design\/renovation-salle-deau-a-lorraine-quebec\/","url":"https:\/\/versastyledesign.ca\/fr\/portfolio-de-design\/renovation-salle-deau-a-lorraine-quebec\/","name":"R\u00e9novation d'une salle d'eau \u00e0 Lorraine, Qu\u00e9bec - Versa Style Design","isPartOf":{"@id":"http:\/\/new.versastyledesign.ca\/fr\/#website"},"primaryImageOfPage":{"@id":"https:\/\/versastyledesign.ca\/fr\/portfolio-de-design\/renovation-salle-deau-a-lorraine-quebec\/#primaryimage"},"image":{"@id":"https:\/\/versastyledesign.ca\/fr\/portfolio-de-design\/renovation-salle-deau-a-lorraine-quebec\/#primaryimage"},"thumbnailUrl":"https:\/\/versastyledesign.ca\/wp-content\/uploads\/2019\/12\/renovation-salle-deau-a-lorraine-quebec-02.jpg","datePublished":"2019-04-26T16:55:17+00:00","dateModified":"2024-10-30T12:03:58+00:00","description":"La cliente voulait une salle d\u2019eau moderne et artistique. Nous avons remplac\u00e9 l\u2019ancien lavabo pi\u00e9destal par un nouveau, beaucoup plus fonctionnel, de 48 pouces gris fonc\u00e9 avec deux tiroirs profonds.","breadcrumb":{"@id":"https:\/\/versastyledesign.ca\/fr\/portfolio-de-design\/renovation-salle-deau-a-lorraine-quebec\/#breadcrumb"},"inLanguage":"fr-CA","potentialAction":[{"@type":"ReadAction","target":["https:\/\/versastyledesign.ca\/fr\/portfolio-de-design\/renovation-salle-deau-a-lorraine-quebec\/"]}]},{"@type":"ImageObject","inLanguage":"fr-CA","@id":"https:\/\/versastyledesign.ca\/fr\/portfolio-de-design\/renovation-salle-deau-a-lorraine-quebec\/#primaryimage","url":"https:\/\/versastyledesign.ca\/wp-content\/uploads\/2019\/12\/renovation-salle-deau-a-lorraine-quebec-02.jpg","contentUrl":"https:\/\/versastyledesign.ca\/wp-content\/uploads\/2019\/12\/renovation-salle-deau-a-lorraine-quebec-02.jpg","width":435,"height":653},{"@type":"BreadcrumbList","@id":"https:\/\/versastyledesign.ca\/fr\/portfolio-de-design\/renovation-salle-deau-a-lorraine-quebec\/#breadcrumb","itemListElement":[{"@type":"ListItem","position":1,"name":"Accueil","item":"http:\/\/new.versastyledesign.ca\/fr\/"},{"@type":"ListItem","position":2,"name":"Portfolio de Design","item":"http:\/\/new.versastyledesign.ca\/fr\/design-portfolio\/"},{"@type":"ListItem","position":3,"name":"R\u00e9novation d&#8217;une salle d&#8217;eau \u00e0 Lorraine, Qu\u00e9bec"}]},{"@type":"WebSite","@id":"http:\/\/new.versastyledesign.ca\/fr\/#website","url":"http:\/\/new.versastyledesign.ca\/fr\/","name":"Versa Style Design","description":"Design d&#039;int\u00e9rieur et r\u00e9novations \u00e0 Montr\u00e9al","publisher":{"@id":"http:\/\/new.versastyledesign.ca\/fr\/#organization"},"potentialAction":[{"@type":"SearchAction","target":{"@type":"EntryPoint","urlTemplate":"http:\/\/new.versastyledesign.ca\/fr\/?s={search_term_string}"},"query-input":{"@type":"PropertyValueSpecification","valueRequired":true,"valueName":"search_term_string"}}],"inLanguage":"fr-CA"},{"@type":"Organization","@id":"http:\/\/new.versastyledesign.ca\/fr\/#organization","name":"Versa Style Design","url":"http:\/\/new.versastyledesign.ca\/fr\/","logo":{"@type":"ImageObject","inLanguage":"fr-CA","@id":"http:\/\/new.versastyledesign.ca\/fr\/#\/schema\/logo\/image\/","url":"https:\/\/versastyledesign.ca\/wp-content\/uploads\/2019\/11\/Versa-Style-Design-logo.jpg","contentUrl":"https:\/\/versastyledesign.ca\/wp-content\/uploads\/2019\/11\/Versa-Style-Design-logo.jpg","width":2099,"height":670,"caption":"Versa Style Design"},"image":{"@id":"http:\/\/new.versastyledesign.ca\/fr\/#\/schema\/logo\/image\/"},"sameAs":["https:\/\/www.facebook.com\/Versastyledesign?ref=hl","https:\/\/x.com\/luciepitt","https:\/\/www.instagram.com\/versastyledesign\/","https:\/\/www.linkedin.com\/in\/lucie-pitt-54b0ba85","https:\/\/www.pinterest.com\/versastyledesign\/"]}]}},"coauthors":[],"author_meta":{"author_link":"https:\/\/versastyledesign.ca\/fr\/author\/lucie-pitt\/","display_name":"Lucie Pitt"},"relative_dates":{"created":"Posted 7 ann\u00e9es ago","modified":"Updated 1 ann\u00e9e ago"},"absolute_dates":{"created":"Posted on 26 avril 2019","modified":"Updated on 30 octobre 2024"},"absolute_dates_time":{"created":"Posted on 26 avril 2019 16 h 55 min","modified":"Updated on 30 octobre 2024 8 h 03 min"},"featured_img_caption":"","featured_img":"https:\/\/versastyledesign.ca\/wp-content\/uploads\/2019\/12\/renovation-salle-deau-a-lorraine-quebec-02.jpg","series_order":"","_links":{"self":[{"href":"https:\/\/versastyledesign.ca\/fr\/wp-json\/wp\/v2\/pages\/11044","targetHints":{"allow":["GET"]}}],"collection":[{"href":"https:\/\/versastyledesign.ca\/fr\/wp-json\/wp\/v2\/pages"}],"about":[{"href":"https:\/\/versastyledesign.ca\/fr\/wp-json\/wp\/v2\/types\/page"}],"author":[{"embeddable":true,"href":"https:\/\/versastyledesign.ca\/fr\/wp-json\/wp\/v2\/users\/2"}],"replies":[{"embeddable":true,"href":"https:\/\/versastyledesign.ca\/fr\/wp-json\/wp\/v2\/comments?post=11044"}],"version-history":[{"count":9,"href":"https:\/\/versastyledesign.ca\/fr\/wp-json\/wp\/v2\/pages\/11044\/revisions"}],"predecessor-version":[{"id":29248,"href":"https:\/\/versastyledesign.ca\/fr\/wp-json\/wp\/v2\/pages\/11044\/revisions\/29248"}],"up":[{"embeddable":true,"href":"https:\/\/versastyledesign.ca\/fr\/wp-json\/wp\/v2\/pages\/1840"}],"wp:featuredmedia":[{"embeddable":true,"href":"https:\/\/versastyledesign.ca\/fr\/wp-json\/wp\/v2\/media\/17259"}],"wp:attachment":[{"href":"https:\/\/versastyledesign.ca\/fr\/wp-json\/wp\/v2\/media?parent=11044"}],"curies":[{"name":"wp","href":"https:\/\/api.w.org\/{rel}","templated":true}]}}