{"id":11059,"date":"2019-04-26T17:29:51","date_gmt":"2019-04-26T17:29:51","guid":{"rendered":"https:\/\/montreal-interior-design.com\/?page_id=11059"},"modified":"2021-08-19T18:06:24","modified_gmt":"2021-08-19T22:06:24","slug":"renovation-salle-deau-a-outremont-montreal","status":"publish","type":"page","link":"https:\/\/versastyledesign.ca\/fr\/portfolio-de-design\/renovation-salle-deau-a-outremont-montreal\/","title":{"rendered":"R\u00e9novation d&rsquo;une salle d&rsquo;eau \u00e0 Outremont, Montr\u00e9al"},"content":{"rendered":"\n<div class=\"wp-block-columns has-2-columns is-layout-flex wp-container-core-columns-is-layout-9d6595d7 wp-block-columns-is-layout-flex\">\n<div class=\"wp-block-column is-layout-flow wp-block-column-is-layout-flow\">\n<p><strong>Location:<\/strong> Outremont, Montr\u00e9al, Qu\u00e9bec<\/p>\n\n\n\n<p><strong>Service de design<\/strong>: Compl\u00e8te r\u00e9novation\nd\u2019une salle d\u2019eau, palette de couleurs, -conception-design, recommandations,\nachats et gestion de projet.<\/p>\n\n\n\n<p><strong>Mat\u00e9riaux utilis\u00e9s<\/strong>&nbsp;: Un lavabo\ntr\u00e8s \u00e9troit en porcelaine, carreau de mosa\u00efque en porcelaine Penny Round noir\npour le sol et les demi murs, papier-peint&nbsp;\n\u2018pied-de-poule\u2019 argent et noir, peinture noir de Sherwin Williams,\nsuspension de style vintage en verre givr\u00e9.<\/p>\n<\/div>\n\n\n\n<div class=\"wp-block-column is-layout-flow wp-block-column-is-layout-flow\">\n<div class=\"wp-block-image\"><figure class=\"aligncenter size-large is-resized\"><img loading=\"lazy\" decoding=\"async\" src=\"https:\/\/versastyledesign.ca\/wp-content\/uploads\/2019\/12\/renovation-salle-deau-a-outremont-montreal-04.jpg\" alt=\"R\u00e9novation d'une salle d'eau \u00e0 Outremont, Montr\u00e9al\" class=\"wp-image-17286\" width=\"295\" height=\"371\" srcset=\"https:\/\/versastyledesign.ca\/wp-content\/uploads\/2019\/12\/renovation-salle-deau-a-outremont-montreal-04.jpg 589w, https:\/\/versastyledesign.ca\/wp-content\/uploads\/2019\/12\/renovation-salle-deau-a-outremont-montreal-04-238x300.jpg 238w\" sizes=\"auto, (max-width: 295px) 100vw, 295px\" \/><\/figure><\/div>\n<\/div>\n<\/div>\n\n\n\n<p><strong>Notre mandat<\/strong>&nbsp;: Les clients\nvoulaient une salle d\u2019eau tr\u00e8s \u00e9clectique et tr\u00e8s unique. Nous avons recommand\u00e9\nla tuile luisante \u2018Penny Round\u2019 noir&nbsp;\nainsi que la papier-peint noir et argent avec un beau pied-de-poule\nsurdimensionn\u00e9. La palette dramatique noire et argent cr\u00e9e une petite salle\nd\u2019eau avec de la gueule, comme aucune autre.<\/p>\n\n\n\n<div style=\"height:50px\" aria-hidden=\"true\" class=\"wp-block-spacer\"><\/div>\n\n\n\n<h2 class=\"wp-block-heading\" id=\"renovation-de-salle-deau-par-versa-style-design-43a7e27e-039c-48e3-9436-75a86c698bac\">R\u00e9novation de salle d&rsquo;eau par Versa Style Design<\/h2>\n\n\n\n<h4 class=\"wp-block-heading\" id=\"avant-et-apres-eac5c356-0138-435f-897c-30e0f9b60f20\">Avant et apr\u00e8s<\/h4>\n\n\n\n<figure class=\"wp-block-gallery columns-4 is-cropped wp-block-gallery-1\"><ul class=\"blocks-gallery-grid\"><li class=\"blocks-gallery-item\"><figure><img loading=\"lazy\" decoding=\"async\" width=\"492\" height=\"682\" src=\"https:\/\/versastyledesign.ca\/wp-content\/uploads\/2019\/12\/renovation-salle-deau-a-outremont-montreal-01.jpg\" alt=\"\" data-id=\"17280\" data-full-url=\"https:\/\/versastyledesign.ca\/wp-content\/uploads\/2019\/12\/renovation-salle-deau-a-outremont-montreal-01.jpg\" data-link=\"https:\/\/versastyledesign.ca\/portfolio-de-design\/renovation-salle-deau-a-outremont-montreal\/renovation-salle-deau-a-outremont-montreal-01\/\" class=\"wp-image-17280\" srcset=\"https:\/\/versastyledesign.ca\/wp-content\/uploads\/2019\/12\/renovation-salle-deau-a-outremont-montreal-01.jpg 492w, https:\/\/versastyledesign.ca\/wp-content\/uploads\/2019\/12\/renovation-salle-deau-a-outremont-montreal-01-216x300.jpg 216w\" sizes=\"auto, (max-width: 492px) 100vw, 492px\" \/><\/figure><\/li><li class=\"blocks-gallery-item\"><figure><img loading=\"lazy\" decoding=\"async\" width=\"735\" height=\"1024\" src=\"https:\/\/versastyledesign.ca\/wp-content\/uploads\/2019\/12\/renovation-salle-deau-a-outremont-montreal-02-735x1024.jpg\" alt=\"\" data-id=\"17282\" data-full-url=\"https:\/\/versastyledesign.ca\/wp-content\/uploads\/2019\/12\/renovation-salle-deau-a-outremont-montreal-02.jpg\" data-link=\"https:\/\/versastyledesign.ca\/portfolio-de-design\/renovation-salle-deau-a-outremont-montreal\/renovation-salle-deau-a-outremont-montreal-02\/\" class=\"wp-image-17282\" srcset=\"https:\/\/versastyledesign.ca\/wp-content\/uploads\/2019\/12\/renovation-salle-deau-a-outremont-montreal-02-735x1024.jpg 735w, https:\/\/versastyledesign.ca\/wp-content\/uploads\/2019\/12\/renovation-salle-deau-a-outremont-montreal-02-215x300.jpg 215w, https:\/\/versastyledesign.ca\/wp-content\/uploads\/2019\/12\/renovation-salle-deau-a-outremont-montreal-02-768x1070.jpg 768w, https:\/\/versastyledesign.ca\/wp-content\/uploads\/2019\/12\/renovation-salle-deau-a-outremont-montreal-02.jpg 903w\" sizes=\"auto, (max-width: 735px) 100vw, 735px\" \/><\/figure><\/li><li class=\"blocks-gallery-item\"><figure><img loading=\"lazy\" decoding=\"async\" width=\"768\" height=\"1024\" src=\"https:\/\/versastyledesign.ca\/wp-content\/uploads\/2019\/12\/renovation-salle-deau-a-outremont-montreal-03-768x1024.jpg\" alt=\"\" data-id=\"17284\" data-full-url=\"https:\/\/versastyledesign.ca\/wp-content\/uploads\/2019\/12\/renovation-salle-deau-a-outremont-montreal-03-scaled.jpg\" data-link=\"https:\/\/versastyledesign.ca\/portfolio-de-design\/renovation-salle-deau-a-outremont-montreal\/renovation-salle-deau-a-outremont-montreal-03\/\" class=\"wp-image-17284\" srcset=\"https:\/\/versastyledesign.ca\/wp-content\/uploads\/2019\/12\/renovation-salle-deau-a-outremont-montreal-03-768x1024.jpg 768w, https:\/\/versastyledesign.ca\/wp-content\/uploads\/2019\/12\/renovation-salle-deau-a-outremont-montreal-03-225x300.jpg 225w, https:\/\/versastyledesign.ca\/wp-content\/uploads\/2019\/12\/renovation-salle-deau-a-outremont-montreal-03-1152x1536.jpg 1152w, https:\/\/versastyledesign.ca\/wp-content\/uploads\/2019\/12\/renovation-salle-deau-a-outremont-montreal-03-1536x2048.jpg 1536w, https:\/\/versastyledesign.ca\/wp-content\/uploads\/2019\/12\/renovation-salle-deau-a-outremont-montreal-03-scaled.jpg 1920w\" sizes=\"auto, (max-width: 768px) 100vw, 768px\" \/><\/figure><\/li><li class=\"blocks-gallery-item\"><figure><img loading=\"lazy\" decoding=\"async\" width=\"589\" height=\"742\" src=\"https:\/\/versastyledesign.ca\/wp-content\/uploads\/2019\/12\/renovation-salle-deau-a-outremont-montreal-04.jpg\" alt=\"\" data-id=\"17286\" data-full-url=\"https:\/\/versastyledesign.ca\/wp-content\/uploads\/2019\/12\/renovation-salle-deau-a-outremont-montreal-04.jpg\" data-link=\"https:\/\/versastyledesign.ca\/portfolio-de-design\/renovation-salle-deau-a-outremont-montreal\/renovation-salle-deau-a-outremont-montreal-04\/\" class=\"wp-image-17286 is-layout-flex wp-block-gallery-is-layout-flex\" srcset=\"https:\/\/versastyledesign.ca\/wp-content\/uploads\/2019\/12\/renovation-salle-deau-a-outremont-montreal-04.jpg 589w, https:\/\/versastyledesign.ca\/wp-content\/uploads\/2019\/12\/renovation-salle-deau-a-outremont-montreal-04-238x300.jpg 238w\" sizes=\"auto, (max-width: 589px) 100vw, 589px\" \/><\/figure><\/li><\/ul><\/figure>\n\n\n\n<blockquote class=\"wp-block-quote is-layout-flow wp-block-quote-is-layout-flow\"><p>L\u2019\u00e9nergie, le professionnalisme et le dynamisme de Lucie m\u2019ont aid\u00e9 \u00e0 concr\u00e9tiser la cuisine et la salle d\u2019eau de mes r\u00eaves avec un r\u00e9sultat bien au-del\u00e0 de mes attentes! Elle m\u2019a aid\u00e9 \u00e0 clarifier ce que je voulais et m\u2019a rassur\u00e9e tout au long du processus.<\/p><cite><strong>Marie-Eve Archambault<\/strong><\/cite><\/blockquote>\n\n\n\n<div style=\"height:50px\" aria-hidden=\"true\" class=\"wp-block-spacer\"><\/div>\n\n\n\n<div class=\"wp-block-columns is-layout-flex wp-container-core-columns-is-layout-9d6595d7 wp-block-columns-is-layout-flex\">\n<div class=\"wp-block-column is-layout-flow wp-block-column-is-layout-flow\"><div class=\"wp-block-image is-resized\">\n<figure class=\"aligncenter size-large\"><img loading=\"lazy\" decoding=\"async\" width=\"1024\" height=\"848\" src=\"https:\/\/versastyledesign.ca\/wp-content\/uploads\/2019\/12\/Design-salle-de-bains-montreal-1024x848.jpg\" alt=\"\" class=\"wp-image-15987\" srcset=\"https:\/\/versastyledesign.ca\/wp-content\/uploads\/2019\/12\/Design-salle-de-bains-montreal-1024x848.jpg 1024w, https:\/\/versastyledesign.ca\/wp-content\/uploads\/2019\/12\/Design-salle-de-bains-montreal-300x249.jpg 300w, https:\/\/versastyledesign.ca\/wp-content\/uploads\/2019\/12\/Design-salle-de-bains-montreal-768x636.jpg 768w, https:\/\/versastyledesign.ca\/wp-content\/uploads\/2019\/12\/Design-salle-de-bains-montreal-1536x1272.jpg 1536w, https:\/\/versastyledesign.ca\/wp-content\/uploads\/2019\/12\/Design-salle-de-bains-montreal-2048x1696.jpg 2048w\" sizes=\"auto, (max-width: 1024px) 100vw, 1024px\" \/><\/figure>\n<\/div><\/div>\n\n\n\n<div class=\"wp-block-column is-layout-flow wp-block-column-is-layout-flow\">\n<h2 class=\"wp-block-heading has-text-align-center\"> Service de design de salle de bain \u00e0 Montr\u00e9al <\/h2>\n\n\n\n<p class=\"has-text-align-center\">Pour en savoir plus sur nos services de design de salle de bain dans la grande r\u00e9gion de Montr\u00e9al.<\/p>\n\n\n\n<div class=\"wp-block-buttons is-horizontal is-content-justification-center is-layout-flex wp-container-core-buttons-is-layout-499968f5 wp-block-buttons-is-layout-flex\">\n<div class=\"wp-block-button button-custom\"><a class=\"wp-block-button__link has-background wp-element-button\" href=\"\/fr?page_id=11180\" style=\"background-color:#d53652\">Design de salle de bain<\/a><\/div>\n<\/div>\n\n\n\n<p><\/p>\n<\/div>\n<\/div>\n\n\n\n<div style=\"height:50px\" aria-hidden=\"true\" class=\"wp-block-spacer\"><\/div>\n\n\n\n<h2 class=\"wp-block-heading\"><strong>\u00cates-vous situ\u00e9 dans la grande r\u00e9gion de Montr\u00e9al?<\/strong><\/h2>\n\n\n\n<p class=\"has-text-align-center\"><strong>Donnez vie \u00e0 votre projet de design avec Lucie.<\/strong><\/p>\n\n\n\n<div class=\"wp-block-buttons is-content-justification-center is-layout-flex wp-container-core-buttons-is-layout-16018d1d wp-block-buttons-is-layout-flex\">\n<div class=\"wp-block-button button-inverse\"><a class=\"wp-block-button__link has-text-color has-background has-link-color wp-element-button\" href=\"\/fr\/forfait-de-design-interieur\/versa-style-design-premiere-consultation\/\" style=\"color:#d53652;background-color:#f3f3f3\">Premi\u00e8re consultation<\/a><\/div>\n<\/div>\n\n\n\n<div style=\"height:25px\" aria-hidden=\"true\" class=\"wp-block-spacer\"><\/div>\n<p><a href=\"\/\/www.pinterest.com\/pin\/create\/button\/\" data-pin-do=\"buttonBookmark\" data-pin-color=\"red\" data-pin-height=\"128\"><img decoding=\"async\" src=\"\/\/assets.pinterest.com\/images\/pidgets\/pinit_fg_en_rect_red_28.png\" \/><\/a><\/p>","protected":false},"excerpt":{"rendered":"<p>Location: Outremont, Montr\u00e9al, Qu\u00e9bec Service de design: Compl\u00e8te r\u00e9novation d\u2019une salle d\u2019eau, palette de couleurs, -conception-design, recommandations, achats et gestion de projet. Mat\u00e9riaux utilis\u00e9s&nbsp;: Un lavabo tr\u00e8s \u00e9troit en porcelaine, carreau de mosa\u00efque en porcelaine Penny Round noir pour le sol et les demi murs, papier-peint&nbsp; \u2018pied-de-poule\u2019 argent et noir, peinture noir de Sherwin Williams, [&hellip;]<\/p>\n","protected":false},"author":2,"featured_media":17286,"parent":1840,"menu_order":0,"comment_status":"closed","ping_status":"closed","template":"","meta":{"advgb_blocks_editor_width":"","advgb_blocks_columns_visual_guide":"","_genesis_hide_title":false,"_genesis_hide_breadcrumbs":false,"_genesis_hide_singular_image":false,"_genesis_hide_footer_widgets":false,"_genesis_custom_body_class":"","_genesis_custom_post_class":"","_genesis_layout":"","footnotes":""},"class_list":{"0":"post-11059","1":"page","2":"type-page","3":"status-publish","4":"has-post-thumbnail","6":"entry"},"yoast_head":"<!-- This site is optimized with the Yoast SEO plugin v27.3 - https:\/\/yoast.com\/product\/yoast-seo-wordpress\/ -->\n<title>R\u00e9novation d&#039;une salle d&#039;eau \u00e0 Outremont, Montr\u00e9al - Versa Style Design<\/title>\n<meta name=\"description\" content=\"Les clients voulaient une salle d\u2019eau tr\u00e8s \u00e9clectique et tr\u00e8s unique. Nous avons recommand\u00e9 la tuile luisante \u2018Penny Round\u2019 noir ainsi que la papier-peint noir et argent avec un beau pied-de-poule surdimensionn\u00e9.\" \/>\n<meta name=\"robots\" content=\"index, follow, max-snippet:-1, max-image-preview:large, max-video-preview:-1\" \/>\n<link rel=\"canonical\" href=\"https:\/\/versastyledesign.ca\/fr\/portfolio-de-design\/renovation-salle-deau-a-outremont-montreal\/\" \/>\n<meta property=\"og:locale\" content=\"fr_CA\" \/>\n<meta property=\"og:type\" content=\"article\" \/>\n<meta property=\"og:title\" content=\"R\u00e9novation d&#039;une salle d&#039;eau \u00e0 Outremont, Montr\u00e9al - Versa Style Design\" \/>\n<meta property=\"og:description\" content=\"Les clients voulaient une salle d\u2019eau tr\u00e8s \u00e9clectique et tr\u00e8s unique. Nous avons recommand\u00e9 la tuile luisante \u2018Penny Round\u2019 noir ainsi que la papier-peint noir et argent avec un beau pied-de-poule surdimensionn\u00e9.\" \/>\n<meta property=\"og:url\" content=\"https:\/\/versastyledesign.ca\/fr\/portfolio-de-design\/renovation-salle-deau-a-outremont-montreal\/\" \/>\n<meta property=\"og:site_name\" content=\"Versa Style Design\" \/>\n<meta property=\"article:publisher\" content=\"https:\/\/www.facebook.com\/Versastyledesign?ref=hl\" \/>\n<meta property=\"article:modified_time\" content=\"2021-08-19T22:06:24+00:00\" \/>\n<meta property=\"og:image\" content=\"http:\/\/new.versastyledesign.ca\/wp-content\/uploads\/2019\/12\/renovation-salle-deau-a-outremont-montreal-04.jpg\" \/>\n\t<meta property=\"og:image:width\" content=\"589\" \/>\n\t<meta property=\"og:image:height\" content=\"742\" \/>\n\t<meta property=\"og:image:type\" content=\"image\/jpeg\" \/>\n<meta name=\"twitter:label1\" content=\"Estimation du temps de lecture\" \/>\n\t<meta name=\"twitter:data1\" content=\"2 minutes\" \/>\n<script type=\"application\/ld+json\" class=\"yoast-schema-graph\">{\"@context\":\"https:\\\/\\\/schema.org\",\"@graph\":[{\"@type\":\"WebPage\",\"@id\":\"https:\\\/\\\/versastyledesign.ca\\\/fr\\\/portfolio-de-design\\\/renovation-salle-deau-a-outremont-montreal\\\/\",\"url\":\"https:\\\/\\\/versastyledesign.ca\\\/fr\\\/portfolio-de-design\\\/renovation-salle-deau-a-outremont-montreal\\\/\",\"name\":\"R\u00e9novation d'une salle d'eau \u00e0 Outremont, Montr\u00e9al - Versa Style Design\",\"isPartOf\":{\"@id\":\"http:\\\/\\\/new.versastyledesign.ca\\\/fr\\\/#website\"},\"primaryImageOfPage\":{\"@id\":\"https:\\\/\\\/versastyledesign.ca\\\/fr\\\/portfolio-de-design\\\/renovation-salle-deau-a-outremont-montreal\\\/#primaryimage\"},\"image\":{\"@id\":\"https:\\\/\\\/versastyledesign.ca\\\/fr\\\/portfolio-de-design\\\/renovation-salle-deau-a-outremont-montreal\\\/#primaryimage\"},\"thumbnailUrl\":\"https:\\\/\\\/versastyledesign.ca\\\/wp-content\\\/uploads\\\/2019\\\/12\\\/renovation-salle-deau-a-outremont-montreal-04.jpg\",\"datePublished\":\"2019-04-26T17:29:51+00:00\",\"dateModified\":\"2021-08-19T22:06:24+00:00\",\"description\":\"Les clients voulaient une salle d\u2019eau tr\u00e8s \u00e9clectique et tr\u00e8s unique. Nous avons recommand\u00e9 la tuile luisante \u2018Penny Round\u2019 noir ainsi que la papier-peint noir et argent avec un beau pied-de-poule surdimensionn\u00e9.\",\"breadcrumb\":{\"@id\":\"https:\\\/\\\/versastyledesign.ca\\\/fr\\\/portfolio-de-design\\\/renovation-salle-deau-a-outremont-montreal\\\/#breadcrumb\"},\"inLanguage\":\"fr-CA\",\"potentialAction\":[{\"@type\":\"ReadAction\",\"target\":[\"https:\\\/\\\/versastyledesign.ca\\\/fr\\\/portfolio-de-design\\\/renovation-salle-deau-a-outremont-montreal\\\/\"]}]},{\"@type\":\"ImageObject\",\"inLanguage\":\"fr-CA\",\"@id\":\"https:\\\/\\\/versastyledesign.ca\\\/fr\\\/portfolio-de-design\\\/renovation-salle-deau-a-outremont-montreal\\\/#primaryimage\",\"url\":\"https:\\\/\\\/versastyledesign.ca\\\/wp-content\\\/uploads\\\/2019\\\/12\\\/renovation-salle-deau-a-outremont-montreal-04.jpg\",\"contentUrl\":\"https:\\\/\\\/versastyledesign.ca\\\/wp-content\\\/uploads\\\/2019\\\/12\\\/renovation-salle-deau-a-outremont-montreal-04.jpg\",\"width\":589,\"height\":742},{\"@type\":\"BreadcrumbList\",\"@id\":\"https:\\\/\\\/versastyledesign.ca\\\/fr\\\/portfolio-de-design\\\/renovation-salle-deau-a-outremont-montreal\\\/#breadcrumb\",\"itemListElement\":[{\"@type\":\"ListItem\",\"position\":1,\"name\":\"Accueil\",\"item\":\"http:\\\/\\\/new.versastyledesign.ca\\\/fr\\\/\"},{\"@type\":\"ListItem\",\"position\":2,\"name\":\"Portfolio de Design\",\"item\":\"http:\\\/\\\/new.versastyledesign.ca\\\/fr\\\/design-portfolio\\\/\"},{\"@type\":\"ListItem\",\"position\":3,\"name\":\"R\u00e9novation d&#8217;une salle d&#8217;eau \u00e0 Outremont, Montr\u00e9al\"}]},{\"@type\":\"WebSite\",\"@id\":\"http:\\\/\\\/new.versastyledesign.ca\\\/fr\\\/#website\",\"url\":\"http:\\\/\\\/new.versastyledesign.ca\\\/fr\\\/\",\"name\":\"Versa Style Design\",\"description\":\"Design d&#039;int\u00e9rieur et r\u00e9novations \u00e0 Montr\u00e9al\",\"publisher\":{\"@id\":\"http:\\\/\\\/new.versastyledesign.ca\\\/fr\\\/#organization\"},\"potentialAction\":[{\"@type\":\"SearchAction\",\"target\":{\"@type\":\"EntryPoint\",\"urlTemplate\":\"http:\\\/\\\/new.versastyledesign.ca\\\/fr\\\/?s={search_term_string}\"},\"query-input\":{\"@type\":\"PropertyValueSpecification\",\"valueRequired\":true,\"valueName\":\"search_term_string\"}}],\"inLanguage\":\"fr-CA\"},{\"@type\":\"Organization\",\"@id\":\"http:\\\/\\\/new.versastyledesign.ca\\\/fr\\\/#organization\",\"name\":\"Versa Style Design\",\"url\":\"http:\\\/\\\/new.versastyledesign.ca\\\/fr\\\/\",\"logo\":{\"@type\":\"ImageObject\",\"inLanguage\":\"fr-CA\",\"@id\":\"http:\\\/\\\/new.versastyledesign.ca\\\/fr\\\/#\\\/schema\\\/logo\\\/image\\\/\",\"url\":\"https:\\\/\\\/versastyledesign.ca\\\/wp-content\\\/uploads\\\/2019\\\/11\\\/Versa-Style-Design-logo.jpg\",\"contentUrl\":\"https:\\\/\\\/versastyledesign.ca\\\/wp-content\\\/uploads\\\/2019\\\/11\\\/Versa-Style-Design-logo.jpg\",\"width\":2099,\"height\":670,\"caption\":\"Versa Style Design\"},\"image\":{\"@id\":\"http:\\\/\\\/new.versastyledesign.ca\\\/fr\\\/#\\\/schema\\\/logo\\\/image\\\/\"},\"sameAs\":[\"https:\\\/\\\/www.facebook.com\\\/Versastyledesign?ref=hl\",\"https:\\\/\\\/x.com\\\/luciepitt\",\"https:\\\/\\\/www.instagram.com\\\/versastyledesign\\\/\",\"https:\\\/\\\/www.linkedin.com\\\/in\\\/lucie-pitt-54b0ba85\",\"https:\\\/\\\/www.pinterest.com\\\/versastyledesign\\\/\"]}]}<\/script>\n<!-- \/ Yoast SEO plugin. -->","yoast_head_json":{"title":"R\u00e9novation d'une salle d'eau \u00e0 Outremont, Montr\u00e9al - Versa Style Design","description":"Les clients voulaient une salle d\u2019eau tr\u00e8s \u00e9clectique et tr\u00e8s unique. Nous avons recommand\u00e9 la tuile luisante \u2018Penny Round\u2019 noir ainsi que la papier-peint noir et argent avec un beau pied-de-poule surdimensionn\u00e9.","robots":{"index":"index","follow":"follow","max-snippet":"max-snippet:-1","max-image-preview":"max-image-preview:large","max-video-preview":"max-video-preview:-1"},"canonical":"https:\/\/versastyledesign.ca\/fr\/portfolio-de-design\/renovation-salle-deau-a-outremont-montreal\/","og_locale":"fr_CA","og_type":"article","og_title":"R\u00e9novation d'une salle d'eau \u00e0 Outremont, Montr\u00e9al - Versa Style Design","og_description":"Les clients voulaient une salle d\u2019eau tr\u00e8s \u00e9clectique et tr\u00e8s unique. Nous avons recommand\u00e9 la tuile luisante \u2018Penny Round\u2019 noir ainsi que la papier-peint noir et argent avec un beau pied-de-poule surdimensionn\u00e9.","og_url":"https:\/\/versastyledesign.ca\/fr\/portfolio-de-design\/renovation-salle-deau-a-outremont-montreal\/","og_site_name":"Versa Style Design","article_publisher":"https:\/\/www.facebook.com\/Versastyledesign?ref=hl","article_modified_time":"2021-08-19T22:06:24+00:00","og_image":[{"width":589,"height":742,"url":"http:\/\/new.versastyledesign.ca\/wp-content\/uploads\/2019\/12\/renovation-salle-deau-a-outremont-montreal-04.jpg","type":"image\/jpeg"}],"twitter_misc":{"Estimation du temps de lecture":"2 minutes"},"schema":{"@context":"https:\/\/schema.org","@graph":[{"@type":"WebPage","@id":"https:\/\/versastyledesign.ca\/fr\/portfolio-de-design\/renovation-salle-deau-a-outremont-montreal\/","url":"https:\/\/versastyledesign.ca\/fr\/portfolio-de-design\/renovation-salle-deau-a-outremont-montreal\/","name":"R\u00e9novation d'une salle d'eau \u00e0 Outremont, Montr\u00e9al - Versa Style Design","isPartOf":{"@id":"http:\/\/new.versastyledesign.ca\/fr\/#website"},"primaryImageOfPage":{"@id":"https:\/\/versastyledesign.ca\/fr\/portfolio-de-design\/renovation-salle-deau-a-outremont-montreal\/#primaryimage"},"image":{"@id":"https:\/\/versastyledesign.ca\/fr\/portfolio-de-design\/renovation-salle-deau-a-outremont-montreal\/#primaryimage"},"thumbnailUrl":"https:\/\/versastyledesign.ca\/wp-content\/uploads\/2019\/12\/renovation-salle-deau-a-outremont-montreal-04.jpg","datePublished":"2019-04-26T17:29:51+00:00","dateModified":"2021-08-19T22:06:24+00:00","description":"Les clients voulaient une salle d\u2019eau tr\u00e8s \u00e9clectique et tr\u00e8s unique. Nous avons recommand\u00e9 la tuile luisante \u2018Penny Round\u2019 noir ainsi que la papier-peint noir et argent avec un beau pied-de-poule surdimensionn\u00e9.","breadcrumb":{"@id":"https:\/\/versastyledesign.ca\/fr\/portfolio-de-design\/renovation-salle-deau-a-outremont-montreal\/#breadcrumb"},"inLanguage":"fr-CA","potentialAction":[{"@type":"ReadAction","target":["https:\/\/versastyledesign.ca\/fr\/portfolio-de-design\/renovation-salle-deau-a-outremont-montreal\/"]}]},{"@type":"ImageObject","inLanguage":"fr-CA","@id":"https:\/\/versastyledesign.ca\/fr\/portfolio-de-design\/renovation-salle-deau-a-outremont-montreal\/#primaryimage","url":"https:\/\/versastyledesign.ca\/wp-content\/uploads\/2019\/12\/renovation-salle-deau-a-outremont-montreal-04.jpg","contentUrl":"https:\/\/versastyledesign.ca\/wp-content\/uploads\/2019\/12\/renovation-salle-deau-a-outremont-montreal-04.jpg","width":589,"height":742},{"@type":"BreadcrumbList","@id":"https:\/\/versastyledesign.ca\/fr\/portfolio-de-design\/renovation-salle-deau-a-outremont-montreal\/#breadcrumb","itemListElement":[{"@type":"ListItem","position":1,"name":"Accueil","item":"http:\/\/new.versastyledesign.ca\/fr\/"},{"@type":"ListItem","position":2,"name":"Portfolio de Design","item":"http:\/\/new.versastyledesign.ca\/fr\/design-portfolio\/"},{"@type":"ListItem","position":3,"name":"R\u00e9novation d&#8217;une salle d&#8217;eau \u00e0 Outremont, Montr\u00e9al"}]},{"@type":"WebSite","@id":"http:\/\/new.versastyledesign.ca\/fr\/#website","url":"http:\/\/new.versastyledesign.ca\/fr\/","name":"Versa Style Design","description":"Design d&#039;int\u00e9rieur et r\u00e9novations \u00e0 Montr\u00e9al","publisher":{"@id":"http:\/\/new.versastyledesign.ca\/fr\/#organization"},"potentialAction":[{"@type":"SearchAction","target":{"@type":"EntryPoint","urlTemplate":"http:\/\/new.versastyledesign.ca\/fr\/?s={search_term_string}"},"query-input":{"@type":"PropertyValueSpecification","valueRequired":true,"valueName":"search_term_string"}}],"inLanguage":"fr-CA"},{"@type":"Organization","@id":"http:\/\/new.versastyledesign.ca\/fr\/#organization","name":"Versa Style Design","url":"http:\/\/new.versastyledesign.ca\/fr\/","logo":{"@type":"ImageObject","inLanguage":"fr-CA","@id":"http:\/\/new.versastyledesign.ca\/fr\/#\/schema\/logo\/image\/","url":"https:\/\/versastyledesign.ca\/wp-content\/uploads\/2019\/11\/Versa-Style-Design-logo.jpg","contentUrl":"https:\/\/versastyledesign.ca\/wp-content\/uploads\/2019\/11\/Versa-Style-Design-logo.jpg","width":2099,"height":670,"caption":"Versa Style Design"},"image":{"@id":"http:\/\/new.versastyledesign.ca\/fr\/#\/schema\/logo\/image\/"},"sameAs":["https:\/\/www.facebook.com\/Versastyledesign?ref=hl","https:\/\/x.com\/luciepitt","https:\/\/www.instagram.com\/versastyledesign\/","https:\/\/www.linkedin.com\/in\/lucie-pitt-54b0ba85","https:\/\/www.pinterest.com\/versastyledesign\/"]}]}},"coauthors":[],"author_meta":{"author_link":"https:\/\/versastyledesign.ca\/fr\/author\/lucie-pitt\/","display_name":"Lucie Pitt"},"relative_dates":{"created":"Posted 7 ann\u00e9es ago","modified":"Updated 5 ann\u00e9es ago"},"absolute_dates":{"created":"Posted on 26 avril 2019","modified":"Updated on 19 ao\u00fbt 2021"},"absolute_dates_time":{"created":"Posted on 26 avril 2019 17 h 29 min","modified":"Updated on 19 ao\u00fbt 2021 18 h 06 min"},"featured_img_caption":"","featured_img":"https:\/\/versastyledesign.ca\/wp-content\/uploads\/2019\/12\/renovation-salle-deau-a-outremont-montreal-04.jpg","series_order":"","_links":{"self":[{"href":"https:\/\/versastyledesign.ca\/fr\/wp-json\/wp\/v2\/pages\/11059","targetHints":{"allow":["GET"]}}],"collection":[{"href":"https:\/\/versastyledesign.ca\/fr\/wp-json\/wp\/v2\/pages"}],"about":[{"href":"https:\/\/versastyledesign.ca\/fr\/wp-json\/wp\/v2\/types\/page"}],"author":[{"embeddable":true,"href":"https:\/\/versastyledesign.ca\/fr\/wp-json\/wp\/v2\/users\/2"}],"replies":[{"embeddable":true,"href":"https:\/\/versastyledesign.ca\/fr\/wp-json\/wp\/v2\/comments?post=11059"}],"version-history":[{"count":5,"href":"https:\/\/versastyledesign.ca\/fr\/wp-json\/wp\/v2\/pages\/11059\/revisions"}],"predecessor-version":[{"id":22503,"href":"https:\/\/versastyledesign.ca\/fr\/wp-json\/wp\/v2\/pages\/11059\/revisions\/22503"}],"up":[{"embeddable":true,"href":"https:\/\/versastyledesign.ca\/fr\/wp-json\/wp\/v2\/pages\/1840"}],"wp:featuredmedia":[{"embeddable":true,"href":"https:\/\/versastyledesign.ca\/fr\/wp-json\/wp\/v2\/media\/17286"}],"wp:attachment":[{"href":"https:\/\/versastyledesign.ca\/fr\/wp-json\/wp\/v2\/media?parent=11059"}],"curies":[{"name":"wp","href":"https:\/\/api.w.org\/{rel}","templated":true}]}}