{"id":13421,"date":"2019-11-17T13:27:51","date_gmt":"2019-11-17T13:27:51","guid":{"rendered":"https:\/\/versastyledesign.ca\/?page_id=13421"},"modified":"2023-08-26T12:48:10","modified_gmt":"2023-08-26T16:48:10","slug":"design-de-chambre-a-coucher-a-griffin-town","status":"publish","type":"page","link":"https:\/\/versastyledesign.ca\/fr\/portfolio-de-design\/design-de-chambre-a-coucher-a-griffin-town\/","title":{"rendered":"Design de chambre \u00e0 coucher \u00e0 Griffin Town"},"content":{"rendered":"\n<div class=\"wp-block-columns is-layout-flex wp-container-core-columns-is-layout-9d6595d7 wp-block-columns-is-layout-flex\">\n<div class=\"wp-block-column is-layout-flow wp-block-column-is-layout-flow\">\n<p><strong>Lieu:<\/strong> Griffin Town, Montr\u00e9al<\/p>\n\n\n\n<p><strong>Service de design:<\/strong> Concept de design de chambre \u00e0 coucher, conception et installation de garde-robe de chambre \u00e0 coucher, plans de lit sur mesure, consultation pour les couleurs et les finis, recrutement des travailleurs sp\u00e9cialis\u00e9s et n\u00e9gociations, gestion de projet. <\/p>\n\n\n\n<p><strong>Mat\u00e9riaux utilis\u00e9s:<\/strong> Peinture Sherwin Williams, finition sur mesure du lit en stratifi\u00e9 de marque <em>Formica<\/em>, plancher en ch\u00eane revamp\u00e9 et vernis, appliques murales contemporaines, \u0153uvres d&rsquo;art, literie. <\/p>\n<\/div>\n\n\n\n<div class=\"wp-block-column is-layout-flow wp-block-column-is-layout-flow\">\n<figure class=\"wp-block-image size-large is-resized\"><img loading=\"lazy\" decoding=\"async\" src=\"https:\/\/versastyledesign.ca\/wp-content\/uploads\/2019\/12\/Versa-style-design-portfolio-04-2-741x1024.jpg\" alt=\"\" class=\"wp-image-16228\" style=\"width:371px;height:512px\" width=\"371\" height=\"512\" srcset=\"https:\/\/versastyledesign.ca\/wp-content\/uploads\/2019\/12\/Versa-style-design-portfolio-04-2-741x1024.jpg 741w, https:\/\/versastyledesign.ca\/wp-content\/uploads\/2019\/12\/Versa-style-design-portfolio-04-2-217x300.jpg 217w, https:\/\/versastyledesign.ca\/wp-content\/uploads\/2019\/12\/Versa-style-design-portfolio-04-2-768x1062.jpg 768w, https:\/\/versastyledesign.ca\/wp-content\/uploads\/2019\/12\/Versa-style-design-portfolio-04-2.jpg 850w\" sizes=\"auto, (max-width: 371px) 100vw, 371px\" \/><\/figure>\n<\/div>\n<\/div>\n\n\n\n<p><strong>Notre mandat:<\/strong> Notre client voulait une chambre stylis\u00e9e et contemporaine. Nous avons recrut\u00e9 des experts pour la finition du plancher en bois franc qui recouvre tout le condo, la construction du lit sur mesure et la peinture des murs. Nous avons choisi une nouvelle teinture pour le plancher en bois de ch\u00eane de couleur noyer. Nous avons con\u00e7u et configur\u00e9 le placard de la chambre \u00e0 coucher et l&rsquo;avons dot\u00e9 de modules de rangement abordables et fonctionnelles. Nous avons \u00e9galement r\u00e9alis\u00e9 les plans du lit sur mesure, pour notre client, de mani\u00e8re \u00e0 int\u00e9grer au design une t\u00eate de lit extra-large, des \u00e9tag\u00e8res, un \u00e9clairage et des stations de charge pour appareils mobiles, et ce, de chaque c\u00f4t\u00e9 du lit. Nous avons assist\u00e9 le client durant toutes les s\u00e9lections des mat\u00e9riaux, des finitions, des couleurs et pour l\u2019am\u00e9nagement de la chambre. Finalement, nous avons coordonn\u00e9 la construction et l\u2019installation du lit sur mesure ainsi que fait la gestion de la main-d\u2019\u0153uvre et des \u00e9ch\u00e9anciers. <\/p>\n\n\n\n<div style=\"height:50px\" aria-hidden=\"true\" class=\"wp-block-spacer\"><\/div>\n\n\n\n<h2 class=\"wp-block-heading\">Portfolio de design par Versa Style Design<\/h2>\n\n\n\n<figure class=\"wp-block-gallery has-nested-images columns-4 is-cropped wp-block-gallery-1 is-layout-flex wp-block-gallery-is-layout-flex\">\n<figure class=\"wp-block-image size-large\"><a href=\"https:\/\/versastyledesign.ca\/wp-content\/uploads\/2019\/12\/Versa-style-design-portfolio-02.jpg\"><img loading=\"lazy\" decoding=\"async\" width=\"850\" height=\"711\" data-id=\"16222\" src=\"https:\/\/versastyledesign.ca\/wp-content\/uploads\/2019\/12\/Versa-style-design-portfolio-02.jpg\" alt=\"\" class=\"wp-image-16222\" srcset=\"https:\/\/versastyledesign.ca\/wp-content\/uploads\/2019\/12\/Versa-style-design-portfolio-02.jpg 850w, https:\/\/versastyledesign.ca\/wp-content\/uploads\/2019\/12\/Versa-style-design-portfolio-02-300x251.jpg 300w, https:\/\/versastyledesign.ca\/wp-content\/uploads\/2019\/12\/Versa-style-design-portfolio-02-768x642.jpg 768w\" sizes=\"auto, (max-width: 850px) 100vw, 850px\" \/><\/a><\/figure>\n\n\n\n<figure class=\"wp-block-image size-large\"><a href=\"https:\/\/versastyledesign.ca\/wp-content\/uploads\/2019\/12\/Versa-style-design-portfolio-01.jpg\"><img loading=\"lazy\" decoding=\"async\" width=\"850\" height=\"986\" data-id=\"16220\" src=\"https:\/\/versastyledesign.ca\/wp-content\/uploads\/2019\/12\/Versa-style-design-portfolio-01.jpg\" alt=\"\" class=\"wp-image-16220\" srcset=\"https:\/\/versastyledesign.ca\/wp-content\/uploads\/2019\/12\/Versa-style-design-portfolio-01.jpg 850w, https:\/\/versastyledesign.ca\/wp-content\/uploads\/2019\/12\/Versa-style-design-portfolio-01-259x300.jpg 259w, https:\/\/versastyledesign.ca\/wp-content\/uploads\/2019\/12\/Versa-style-design-portfolio-01-768x891.jpg 768w\" sizes=\"auto, (max-width: 850px) 100vw, 850px\" \/><\/a><\/figure>\n\n\n\n<figure class=\"wp-block-image size-large\"><a href=\"https:\/\/versastyledesign.ca\/wp-content\/uploads\/2019\/12\/Versa-style-design-portfolio-04-741x1024.jpg\"><img loading=\"lazy\" decoding=\"async\" width=\"741\" height=\"1024\" data-id=\"16218\" src=\"https:\/\/versastyledesign.ca\/wp-content\/uploads\/2019\/12\/Versa-style-design-portfolio-04-741x1024.jpg\" alt=\"\" class=\"wp-image-16218\" srcset=\"https:\/\/versastyledesign.ca\/wp-content\/uploads\/2019\/12\/Versa-style-design-portfolio-04-741x1024.jpg 741w, https:\/\/versastyledesign.ca\/wp-content\/uploads\/2019\/12\/Versa-style-design-portfolio-04-217x300.jpg 217w, https:\/\/versastyledesign.ca\/wp-content\/uploads\/2019\/12\/Versa-style-design-portfolio-04-768x1062.jpg 768w, https:\/\/versastyledesign.ca\/wp-content\/uploads\/2019\/12\/Versa-style-design-portfolio-04.jpg 850w\" sizes=\"auto, (max-width: 741px) 100vw, 741px\" \/><\/a><\/figure>\n\n\n\n<figure class=\"wp-block-image size-large\"><a href=\"https:\/\/versastyledesign.ca\/wp-content\/uploads\/2019\/12\/Versa-style-design-portfolio-03.png\"><img loading=\"lazy\" decoding=\"async\" width=\"850\" height=\"585\" data-id=\"16224\" src=\"https:\/\/versastyledesign.ca\/wp-content\/uploads\/2019\/12\/Versa-style-design-portfolio-03.png\" alt=\"\" class=\"wp-image-16224\" srcset=\"https:\/\/versastyledesign.ca\/wp-content\/uploads\/2019\/12\/Versa-style-design-portfolio-03.png 850w, https:\/\/versastyledesign.ca\/wp-content\/uploads\/2019\/12\/Versa-style-design-portfolio-03-300x206.png 300w, https:\/\/versastyledesign.ca\/wp-content\/uploads\/2019\/12\/Versa-style-design-portfolio-03-768x529.png 768w\" sizes=\"auto, (max-width: 850px) 100vw, 850px\" \/><\/a><\/figure>\n<\/figure>\n\n\n\n<blockquote class=\"wp-block-quote is-layout-flow wp-block-quote-is-layout-flow\">\n<p>Travailler avec Lucie de Versa Style Design a \u00e9t\u00e9 pour moi une exp\u00e9rience extraordinaire. D\u00e8s le d\u00e9but, j\u2019ai \u00e9t\u00e9 convaincu que cette designer \u00e9tait qualifi\u00e9e et d\u00e9vou\u00e9e. Son offre (en diff\u00e9rents niveaux de service) \u00e9tait claire et tr\u00e8s organis\u00e9e. Les outils qu\u2019elle a utilis\u00e9s pour \u00e9valuer mes go\u00fbts et mes besoins ont \u00e9t\u00e9 tr\u00e8s utiles et ont contribu\u00e9 \u00e0 gagner en efficacit\u00e9. Elle travaille avec des partenaires fiables qui, \u00e0 coup s\u00fbr, ne vous d\u00e9cevront jamais, respecteront toujours leurs engagements et ne vous surprendront jamais par des surprises lors de la facturation. Je recommande vivement Lucie et ses partenaires, elle vous aidera \u00e0 progresser plus rapidement et facilement vers l\u2019atteinte de vos projets.<\/p>\n<cite><strong>Eric Boutet<\/strong><\/cite><\/blockquote>\n\n\n\n<div style=\"height:50px\" aria-hidden=\"true\" class=\"wp-block-spacer\"><\/div>\n\n\n\n<div class=\"wp-block-columns is-layout-flex wp-container-core-columns-is-layout-9d6595d7 wp-block-columns-is-layout-flex\">\n<div class=\"wp-block-column is-layout-flow wp-block-column-is-layout-flow\"><div class=\"wp-block-image\">\n<figure class=\"aligncenter size-medium\"><img loading=\"lazy\" decoding=\"async\" width=\"300\" height=\"298\" src=\"https:\/\/versastyledesign.ca\/wp-content\/uploads\/2019\/12\/Design-de-chambre-a-coucher-a-montreal-01-300x298.png\" alt=\"\" class=\"wp-image-16159\" srcset=\"https:\/\/versastyledesign.ca\/wp-content\/uploads\/2019\/12\/Design-de-chambre-a-coucher-a-montreal-01-300x298.png 300w, https:\/\/versastyledesign.ca\/wp-content\/uploads\/2019\/12\/Design-de-chambre-a-coucher-a-montreal-01-150x150.png 150w, https:\/\/versastyledesign.ca\/wp-content\/uploads\/2019\/12\/Design-de-chambre-a-coucher-a-montreal-01-768x763.png 768w, https:\/\/versastyledesign.ca\/wp-content\/uploads\/2019\/12\/Design-de-chambre-a-coucher-a-montreal-01.png 850w\" sizes=\"auto, (max-width: 300px) 100vw, 300px\" \/><\/figure>\n<\/div><\/div>\n\n\n\n<div class=\"wp-block-column is-layout-flow wp-block-column-is-layout-flow\">\n<h2 class=\"wp-block-heading has-text-align-center\"> Services de design de chambre \u00e0 coucher \u00e0 Montr\u00e9al <\/h2>\n\n\n\n<p class=\"has-text-align-center\">Pour en savoir plus sur nos services de design de chambre \u00e0 coucher dans la grande r\u00e9gion de Montr\u00e9al.<\/p>\n\n\n\n<div class=\"wp-block-buttons is-content-justification-center is-layout-flex wp-container-core-buttons-is-layout-16018d1d wp-block-buttons-is-layout-flex\">\n<div class=\"wp-block-button button-custom\"><a class=\"wp-block-button__link wp-element-button\" href=\"\/fr?page_id=13404\">Design de chambre \u00e0 coucher<\/a><\/div>\n<\/div>\n<\/div>\n<\/div>\n\n\n\n<div style=\"height:50px\" aria-hidden=\"true\" class=\"wp-block-spacer\"><\/div>\n\n\n\n<h2 class=\"wp-block-heading\"><strong>\u00cates-vous situ\u00e9 dans la grande r\u00e9gion de Montr\u00e9al?<\/strong><\/h2>\n\n\n\n<p class=\"has-text-align-center\"><strong>Donnez vie \u00e0 votre projet de design avec Lucie.<\/strong><\/p>\n\n\n\n<div class=\"wp-block-buttons is-content-justification-center is-layout-flex wp-container-core-buttons-is-layout-16018d1d wp-block-buttons-is-layout-flex\">\n<div class=\"wp-block-button button-inverse\"><a class=\"wp-block-button__link has-text-color has-background has-link-color wp-element-button\" href=\"\/fr\/forfait-de-design-interieur\/versa-style-design-premiere-consultation\/\" style=\"color:#d53652;background-color:#f3f3f3\">Premi\u00e8re consultation<\/a><\/div>\n<\/div>\n\n\n\n<div style=\"height:25px\" aria-hidden=\"true\" class=\"wp-block-spacer\"><\/div>\n<p><a href=\"\/\/www.pinterest.com\/pin\/create\/button\/\" data-pin-do=\"buttonBookmark\" data-pin-color=\"red\" data-pin-height=\"128\"><img decoding=\"async\" src=\"\/\/assets.pinterest.com\/images\/pidgets\/pinit_fg_en_rect_red_28.png\" \/><\/a><\/p>","protected":false},"excerpt":{"rendered":"<p>Lieu: Griffin Town, Montr\u00e9al Service de design: Concept de design de chambre \u00e0 coucher, conception et installation de garde-robe de chambre \u00e0 coucher, plans de lit sur mesure, consultation pour les couleurs et les finis, recrutement des travailleurs sp\u00e9cialis\u00e9s et n\u00e9gociations, gestion de projet. Mat\u00e9riaux utilis\u00e9s: Peinture Sherwin Williams, finition sur mesure du lit en [&hellip;]<\/p>\n","protected":false},"author":2,"featured_media":16218,"parent":1840,"menu_order":0,"comment_status":"closed","ping_status":"closed","template":"","meta":{"advgb_blocks_editor_width":"","advgb_blocks_columns_visual_guide":"","_genesis_hide_title":false,"_genesis_hide_breadcrumbs":false,"_genesis_hide_singular_image":false,"_genesis_hide_footer_widgets":false,"_genesis_custom_body_class":"","_genesis_custom_post_class":"","_genesis_layout":"","footnotes":""},"class_list":{"0":"post-13421","1":"page","2":"type-page","3":"status-publish","4":"has-post-thumbnail","6":"entry"},"yoast_head":"<!-- This site is optimized with the Yoast SEO plugin v27.3 - https:\/\/yoast.com\/product\/yoast-seo-wordpress\/ -->\n<title>Design de chambre \u00e0 coucher \u00e0 Griffin Town - Versa Style Design<\/title>\n<meta name=\"description\" content=\"Nous avons recrut\u00e9 des experts pour la finition du plancher en bois franc qui recouvre tout le condo, la construction du lit sur mesure et la peinture des murs.\" \/>\n<meta name=\"robots\" content=\"index, follow, max-snippet:-1, max-image-preview:large, max-video-preview:-1\" \/>\n<link rel=\"canonical\" href=\"https:\/\/versastyledesign.ca\/fr\/portfolio-de-design\/design-de-chambre-a-coucher-a-griffin-town\/\" \/>\n<meta property=\"og:locale\" content=\"fr_CA\" \/>\n<meta property=\"og:type\" content=\"article\" \/>\n<meta property=\"og:title\" content=\"Design de chambre \u00e0 coucher \u00e0 Griffin Town - Versa Style Design\" \/>\n<meta property=\"og:description\" content=\"Nous avons recrut\u00e9 des experts pour la finition du plancher en bois franc qui recouvre tout le condo, la construction du lit sur mesure et la peinture des murs.\" \/>\n<meta property=\"og:url\" content=\"https:\/\/versastyledesign.ca\/fr\/portfolio-de-design\/design-de-chambre-a-coucher-a-griffin-town\/\" \/>\n<meta property=\"og:site_name\" content=\"Versa Style Design\" \/>\n<meta property=\"article:publisher\" content=\"https:\/\/www.facebook.com\/Versastyledesign?ref=hl\" \/>\n<meta property=\"article:modified_time\" content=\"2023-08-26T16:48:10+00:00\" \/>\n<meta property=\"og:image\" content=\"https:\/\/new.versastyledesign.ca\/wp-content\/uploads\/2019\/12\/Versa-style-design-portfolio-04.jpg\" \/>\n\t<meta property=\"og:image:width\" content=\"850\" \/>\n\t<meta property=\"og:image:height\" content=\"1175\" \/>\n\t<meta property=\"og:image:type\" content=\"image\/jpeg\" \/>\n<meta name=\"twitter:label1\" content=\"Estimation du temps de lecture\" \/>\n\t<meta name=\"twitter:data1\" content=\"3 minutes\" \/>\n<script type=\"application\/ld+json\" class=\"yoast-schema-graph\">{\"@context\":\"https:\\\/\\\/schema.org\",\"@graph\":[{\"@type\":\"WebPage\",\"@id\":\"https:\\\/\\\/versastyledesign.ca\\\/fr\\\/portfolio-de-design\\\/design-de-chambre-a-coucher-a-griffin-town\\\/\",\"url\":\"https:\\\/\\\/versastyledesign.ca\\\/fr\\\/portfolio-de-design\\\/design-de-chambre-a-coucher-a-griffin-town\\\/\",\"name\":\"Design de chambre \u00e0 coucher \u00e0 Griffin Town - Versa Style Design\",\"isPartOf\":{\"@id\":\"http:\\\/\\\/new.versastyledesign.ca\\\/fr\\\/#website\"},\"primaryImageOfPage\":{\"@id\":\"https:\\\/\\\/versastyledesign.ca\\\/fr\\\/portfolio-de-design\\\/design-de-chambre-a-coucher-a-griffin-town\\\/#primaryimage\"},\"image\":{\"@id\":\"https:\\\/\\\/versastyledesign.ca\\\/fr\\\/portfolio-de-design\\\/design-de-chambre-a-coucher-a-griffin-town\\\/#primaryimage\"},\"thumbnailUrl\":\"https:\\\/\\\/versastyledesign.ca\\\/wp-content\\\/uploads\\\/2019\\\/12\\\/Versa-style-design-portfolio-04.jpg\",\"datePublished\":\"2019-11-17T13:27:51+00:00\",\"dateModified\":\"2023-08-26T16:48:10+00:00\",\"description\":\"Nous avons recrut\u00e9 des experts pour la finition du plancher en bois franc qui recouvre tout le condo, la construction du lit sur mesure et la peinture des murs.\",\"breadcrumb\":{\"@id\":\"https:\\\/\\\/versastyledesign.ca\\\/fr\\\/portfolio-de-design\\\/design-de-chambre-a-coucher-a-griffin-town\\\/#breadcrumb\"},\"inLanguage\":\"fr-CA\",\"potentialAction\":[{\"@type\":\"ReadAction\",\"target\":[\"https:\\\/\\\/versastyledesign.ca\\\/fr\\\/portfolio-de-design\\\/design-de-chambre-a-coucher-a-griffin-town\\\/\"]}]},{\"@type\":\"ImageObject\",\"inLanguage\":\"fr-CA\",\"@id\":\"https:\\\/\\\/versastyledesign.ca\\\/fr\\\/portfolio-de-design\\\/design-de-chambre-a-coucher-a-griffin-town\\\/#primaryimage\",\"url\":\"https:\\\/\\\/versastyledesign.ca\\\/wp-content\\\/uploads\\\/2019\\\/12\\\/Versa-style-design-portfolio-04.jpg\",\"contentUrl\":\"https:\\\/\\\/versastyledesign.ca\\\/wp-content\\\/uploads\\\/2019\\\/12\\\/Versa-style-design-portfolio-04.jpg\",\"width\":850,\"height\":1175},{\"@type\":\"BreadcrumbList\",\"@id\":\"https:\\\/\\\/versastyledesign.ca\\\/fr\\\/portfolio-de-design\\\/design-de-chambre-a-coucher-a-griffin-town\\\/#breadcrumb\",\"itemListElement\":[{\"@type\":\"ListItem\",\"position\":1,\"name\":\"Accueil\",\"item\":\"http:\\\/\\\/new.versastyledesign.ca\\\/fr\\\/\"},{\"@type\":\"ListItem\",\"position\":2,\"name\":\"Portfolio de Design\",\"item\":\"http:\\\/\\\/new.versastyledesign.ca\\\/fr\\\/design-portfolio\\\/\"},{\"@type\":\"ListItem\",\"position\":3,\"name\":\"Design de chambre \u00e0 coucher \u00e0 Griffin Town\"}]},{\"@type\":\"WebSite\",\"@id\":\"http:\\\/\\\/new.versastyledesign.ca\\\/fr\\\/#website\",\"url\":\"http:\\\/\\\/new.versastyledesign.ca\\\/fr\\\/\",\"name\":\"Versa Style Design\",\"description\":\"Design d&#039;int\u00e9rieur et r\u00e9novations \u00e0 Montr\u00e9al\",\"publisher\":{\"@id\":\"http:\\\/\\\/new.versastyledesign.ca\\\/fr\\\/#organization\"},\"potentialAction\":[{\"@type\":\"SearchAction\",\"target\":{\"@type\":\"EntryPoint\",\"urlTemplate\":\"http:\\\/\\\/new.versastyledesign.ca\\\/fr\\\/?s={search_term_string}\"},\"query-input\":{\"@type\":\"PropertyValueSpecification\",\"valueRequired\":true,\"valueName\":\"search_term_string\"}}],\"inLanguage\":\"fr-CA\"},{\"@type\":\"Organization\",\"@id\":\"http:\\\/\\\/new.versastyledesign.ca\\\/fr\\\/#organization\",\"name\":\"Versa Style Design\",\"url\":\"http:\\\/\\\/new.versastyledesign.ca\\\/fr\\\/\",\"logo\":{\"@type\":\"ImageObject\",\"inLanguage\":\"fr-CA\",\"@id\":\"http:\\\/\\\/new.versastyledesign.ca\\\/fr\\\/#\\\/schema\\\/logo\\\/image\\\/\",\"url\":\"https:\\\/\\\/versastyledesign.ca\\\/wp-content\\\/uploads\\\/2019\\\/11\\\/Versa-Style-Design-logo.jpg\",\"contentUrl\":\"https:\\\/\\\/versastyledesign.ca\\\/wp-content\\\/uploads\\\/2019\\\/11\\\/Versa-Style-Design-logo.jpg\",\"width\":2099,\"height\":670,\"caption\":\"Versa Style Design\"},\"image\":{\"@id\":\"http:\\\/\\\/new.versastyledesign.ca\\\/fr\\\/#\\\/schema\\\/logo\\\/image\\\/\"},\"sameAs\":[\"https:\\\/\\\/www.facebook.com\\\/Versastyledesign?ref=hl\",\"https:\\\/\\\/x.com\\\/luciepitt\",\"https:\\\/\\\/www.instagram.com\\\/versastyledesign\\\/\",\"https:\\\/\\\/www.linkedin.com\\\/in\\\/lucie-pitt-54b0ba85\",\"https:\\\/\\\/www.pinterest.com\\\/versastyledesign\\\/\"]}]}<\/script>\n<!-- \/ Yoast SEO plugin. -->","yoast_head_json":{"title":"Design de chambre \u00e0 coucher \u00e0 Griffin Town - Versa Style Design","description":"Nous avons recrut\u00e9 des experts pour la finition du plancher en bois franc qui recouvre tout le condo, la construction du lit sur mesure et la peinture des murs.","robots":{"index":"index","follow":"follow","max-snippet":"max-snippet:-1","max-image-preview":"max-image-preview:large","max-video-preview":"max-video-preview:-1"},"canonical":"https:\/\/versastyledesign.ca\/fr\/portfolio-de-design\/design-de-chambre-a-coucher-a-griffin-town\/","og_locale":"fr_CA","og_type":"article","og_title":"Design de chambre \u00e0 coucher \u00e0 Griffin Town - Versa Style Design","og_description":"Nous avons recrut\u00e9 des experts pour la finition du plancher en bois franc qui recouvre tout le condo, la construction du lit sur mesure et la peinture des murs.","og_url":"https:\/\/versastyledesign.ca\/fr\/portfolio-de-design\/design-de-chambre-a-coucher-a-griffin-town\/","og_site_name":"Versa Style Design","article_publisher":"https:\/\/www.facebook.com\/Versastyledesign?ref=hl","article_modified_time":"2023-08-26T16:48:10+00:00","og_image":[{"width":850,"height":1175,"url":"https:\/\/new.versastyledesign.ca\/wp-content\/uploads\/2019\/12\/Versa-style-design-portfolio-04.jpg","type":"image\/jpeg"}],"twitter_misc":{"Estimation du temps de lecture":"3 minutes"},"schema":{"@context":"https:\/\/schema.org","@graph":[{"@type":"WebPage","@id":"https:\/\/versastyledesign.ca\/fr\/portfolio-de-design\/design-de-chambre-a-coucher-a-griffin-town\/","url":"https:\/\/versastyledesign.ca\/fr\/portfolio-de-design\/design-de-chambre-a-coucher-a-griffin-town\/","name":"Design de chambre \u00e0 coucher \u00e0 Griffin Town - Versa Style Design","isPartOf":{"@id":"http:\/\/new.versastyledesign.ca\/fr\/#website"},"primaryImageOfPage":{"@id":"https:\/\/versastyledesign.ca\/fr\/portfolio-de-design\/design-de-chambre-a-coucher-a-griffin-town\/#primaryimage"},"image":{"@id":"https:\/\/versastyledesign.ca\/fr\/portfolio-de-design\/design-de-chambre-a-coucher-a-griffin-town\/#primaryimage"},"thumbnailUrl":"https:\/\/versastyledesign.ca\/wp-content\/uploads\/2019\/12\/Versa-style-design-portfolio-04.jpg","datePublished":"2019-11-17T13:27:51+00:00","dateModified":"2023-08-26T16:48:10+00:00","description":"Nous avons recrut\u00e9 des experts pour la finition du plancher en bois franc qui recouvre tout le condo, la construction du lit sur mesure et la peinture des murs.","breadcrumb":{"@id":"https:\/\/versastyledesign.ca\/fr\/portfolio-de-design\/design-de-chambre-a-coucher-a-griffin-town\/#breadcrumb"},"inLanguage":"fr-CA","potentialAction":[{"@type":"ReadAction","target":["https:\/\/versastyledesign.ca\/fr\/portfolio-de-design\/design-de-chambre-a-coucher-a-griffin-town\/"]}]},{"@type":"ImageObject","inLanguage":"fr-CA","@id":"https:\/\/versastyledesign.ca\/fr\/portfolio-de-design\/design-de-chambre-a-coucher-a-griffin-town\/#primaryimage","url":"https:\/\/versastyledesign.ca\/wp-content\/uploads\/2019\/12\/Versa-style-design-portfolio-04.jpg","contentUrl":"https:\/\/versastyledesign.ca\/wp-content\/uploads\/2019\/12\/Versa-style-design-portfolio-04.jpg","width":850,"height":1175},{"@type":"BreadcrumbList","@id":"https:\/\/versastyledesign.ca\/fr\/portfolio-de-design\/design-de-chambre-a-coucher-a-griffin-town\/#breadcrumb","itemListElement":[{"@type":"ListItem","position":1,"name":"Accueil","item":"http:\/\/new.versastyledesign.ca\/fr\/"},{"@type":"ListItem","position":2,"name":"Portfolio de Design","item":"http:\/\/new.versastyledesign.ca\/fr\/design-portfolio\/"},{"@type":"ListItem","position":3,"name":"Design de chambre \u00e0 coucher \u00e0 Griffin Town"}]},{"@type":"WebSite","@id":"http:\/\/new.versastyledesign.ca\/fr\/#website","url":"http:\/\/new.versastyledesign.ca\/fr\/","name":"Versa Style Design","description":"Design d&#039;int\u00e9rieur et r\u00e9novations \u00e0 Montr\u00e9al","publisher":{"@id":"http:\/\/new.versastyledesign.ca\/fr\/#organization"},"potentialAction":[{"@type":"SearchAction","target":{"@type":"EntryPoint","urlTemplate":"http:\/\/new.versastyledesign.ca\/fr\/?s={search_term_string}"},"query-input":{"@type":"PropertyValueSpecification","valueRequired":true,"valueName":"search_term_string"}}],"inLanguage":"fr-CA"},{"@type":"Organization","@id":"http:\/\/new.versastyledesign.ca\/fr\/#organization","name":"Versa Style Design","url":"http:\/\/new.versastyledesign.ca\/fr\/","logo":{"@type":"ImageObject","inLanguage":"fr-CA","@id":"http:\/\/new.versastyledesign.ca\/fr\/#\/schema\/logo\/image\/","url":"https:\/\/versastyledesign.ca\/wp-content\/uploads\/2019\/11\/Versa-Style-Design-logo.jpg","contentUrl":"https:\/\/versastyledesign.ca\/wp-content\/uploads\/2019\/11\/Versa-Style-Design-logo.jpg","width":2099,"height":670,"caption":"Versa Style Design"},"image":{"@id":"http:\/\/new.versastyledesign.ca\/fr\/#\/schema\/logo\/image\/"},"sameAs":["https:\/\/www.facebook.com\/Versastyledesign?ref=hl","https:\/\/x.com\/luciepitt","https:\/\/www.instagram.com\/versastyledesign\/","https:\/\/www.linkedin.com\/in\/lucie-pitt-54b0ba85","https:\/\/www.pinterest.com\/versastyledesign\/"]}]}},"coauthors":[],"author_meta":{"author_link":"https:\/\/versastyledesign.ca\/fr\/author\/lucie-pitt\/","display_name":"Lucie Pitt"},"relative_dates":{"created":"Posted 6 ann\u00e9es ago","modified":"Updated 3 ann\u00e9es ago"},"absolute_dates":{"created":"Posted on 17 novembre 2019","modified":"Updated on 26 ao\u00fbt 2023"},"absolute_dates_time":{"created":"Posted on 17 novembre 2019 13 h 27 min","modified":"Updated on 26 ao\u00fbt 2023 12 h 48 min"},"featured_img_caption":"","featured_img":"https:\/\/versastyledesign.ca\/wp-content\/uploads\/2019\/12\/Versa-style-design-portfolio-04.jpg","series_order":"","_links":{"self":[{"href":"https:\/\/versastyledesign.ca\/fr\/wp-json\/wp\/v2\/pages\/13421","targetHints":{"allow":["GET"]}}],"collection":[{"href":"https:\/\/versastyledesign.ca\/fr\/wp-json\/wp\/v2\/pages"}],"about":[{"href":"https:\/\/versastyledesign.ca\/fr\/wp-json\/wp\/v2\/types\/page"}],"author":[{"embeddable":true,"href":"https:\/\/versastyledesign.ca\/fr\/wp-json\/wp\/v2\/users\/2"}],"replies":[{"embeddable":true,"href":"https:\/\/versastyledesign.ca\/fr\/wp-json\/wp\/v2\/comments?post=13421"}],"version-history":[{"count":5,"href":"https:\/\/versastyledesign.ca\/fr\/wp-json\/wp\/v2\/pages\/13421\/revisions"}],"predecessor-version":[{"id":25977,"href":"https:\/\/versastyledesign.ca\/fr\/wp-json\/wp\/v2\/pages\/13421\/revisions\/25977"}],"up":[{"embeddable":true,"href":"https:\/\/versastyledesign.ca\/fr\/wp-json\/wp\/v2\/pages\/1840"}],"wp:featuredmedia":[{"embeddable":true,"href":"https:\/\/versastyledesign.ca\/fr\/wp-json\/wp\/v2\/media\/16218"}],"wp:attachment":[{"href":"https:\/\/versastyledesign.ca\/fr\/wp-json\/wp\/v2\/media?parent=13421"}],"curies":[{"name":"wp","href":"https:\/\/api.w.org\/{rel}","templated":true}]}}