{"id":13517,"date":"2019-11-17T16:40:08","date_gmt":"2019-11-17T16:40:08","guid":{"rendered":"https:\/\/versastyledesign.ca\/?page_id=13517"},"modified":"2023-08-26T14:11:20","modified_gmt":"2023-08-26T18:11:20","slug":"design-de-chambre-des-maitres-a-lorraine","status":"publish","type":"page","link":"https:\/\/versastyledesign.ca\/fr\/portfolio-de-design\/design-de-chambre-des-maitres-a-lorraine\/","title":{"rendered":"Design de chambre des ma\u00eetres \u00e0 Lorraine"},"content":{"rendered":"\n<div class=\"wp-block-columns is-layout-flex wp-container-core-columns-is-layout-9d6595d7 wp-block-columns-is-layout-flex\">\n<div class=\"wp-block-column is-layout-flow wp-block-column-is-layout-flow\">\n<p><strong>Lieu<\/strong>: Lorraine, Montr\u00e9al<\/p>\n\n\n\n<p><strong>Service de design<\/strong>: Concept de design de chambre \u00e0\ncoucher, retouche de meubles, conception de murs d&rsquo;accent personnalis\u00e9e,\nconsultation pour les couleurs et les finitions, assistance durant les achats,\nhabillage de fen\u00eatre personnalis\u00e9, recrutement du personnel sp\u00e9cialis\u00e9 et\nn\u00e9gociations, gestion de projet.<\/p>\n\n\n\n<p><strong>Mat\u00e9riaux utilis\u00e9s<\/strong>: Peinture Sherwin Williams, papier peint de motif Damasque (de Metro), plancher en ch\u00eane vernis, lustre moderne en cristal, \u0153uvres d&rsquo;art, banc, literie, lampe de table en cristal, commode antique de provenance Fran\u00e7aise r\u00e9cup\u00e9r\u00e9e. <\/p>\n<\/div>\n\n\n\n<div class=\"wp-block-column is-layout-flow wp-block-column-is-layout-flow\">\n<figure class=\"wp-block-image size-large\"><img loading=\"lazy\" decoding=\"async\" width=\"758\" height=\"1024\" src=\"https:\/\/versastyledesign.ca\/wp-content\/uploads\/2019\/11\/Versa-style-design-portfolio-2-2-758x1024.jpg\" alt=\"Versa-style-design-portfolio-2-2\" class=\"wp-image-13507\" srcset=\"https:\/\/versastyledesign.ca\/wp-content\/uploads\/2019\/11\/Versa-style-design-portfolio-2-2-758x1024.jpg 758w, https:\/\/versastyledesign.ca\/wp-content\/uploads\/2019\/11\/Versa-style-design-portfolio-2-2-222x300.jpg 222w, https:\/\/versastyledesign.ca\/wp-content\/uploads\/2019\/11\/Versa-style-design-portfolio-2-2-768x1037.jpg 768w, https:\/\/versastyledesign.ca\/wp-content\/uploads\/2019\/11\/Versa-style-design-portfolio-2-2.jpg 850w\" sizes=\"auto, (max-width: 758px) 100vw, 758px\" \/><\/figure>\n<\/div>\n<\/div>\n\n\n\n<p><strong>Notre mandat<\/strong>: Notre client voulait une chambre principale unique caract\u00e9ris\u00e9e par des \u00e9l\u00e9ments de design personnalis\u00e9s. Au lieu d&rsquo;une t\u00eate de lit traditionnelle, nous avons encadr\u00e9 un papier peint magnifique au mur situ\u00e9 au-dessus du lit. Nous avons assist\u00e9 notre client dans toutes les s\u00e9lections de mat\u00e9riaux, dans les choix des finitions, des couleurs et du design de la chambre. Les rideaux transparents ont \u00e9t\u00e9 con\u00e7us sur mesure et agenc\u00e9s \u00e0 un tissu ray\u00e9 de couleurs blanche cass\u00e9e, grise et taupe. Nous avons personnalis\u00e9 l&rsquo;espace en ajoutant des accents de couleur chartreuse et du cristal pour rendre cette chambre unique, \u00e9l\u00e9gante et stylis\u00e9e.<\/p>\n\n\n\n<div style=\"height:100px\" aria-hidden=\"true\" class=\"wp-block-spacer\"><\/div>\n\n\n\n<h2 class=\"wp-block-heading\">Portfolio avant et apr\u00e8s de design de chambre \u00e0 coucher \u00e0 Lorraine<\/h2>\n\n\n\n<figure class=\"wp-block-gallery has-nested-images columns-4 is-cropped wp-block-gallery-1 is-layout-flex wp-block-gallery-is-layout-flex\">\n<figure class=\"wp-block-image size-large\"><a href=\"https:\/\/versastyledesign.ca\/wp-content\/uploads\/2019\/11\/Versa-style-design-portfolio-4.jpg\"><img loading=\"lazy\" decoding=\"async\" width=\"850\" height=\"638\" data-id=\"13515\" src=\"https:\/\/versastyledesign.ca\/wp-content\/uploads\/2019\/11\/Versa-style-design-portfolio-4.jpg\" alt=\"Versa-style-design-portfolio-4\" class=\"wp-image-13515\" srcset=\"https:\/\/versastyledesign.ca\/wp-content\/uploads\/2019\/11\/Versa-style-design-portfolio-4.jpg 850w, https:\/\/versastyledesign.ca\/wp-content\/uploads\/2019\/11\/Versa-style-design-portfolio-4-300x225.jpg 300w, https:\/\/versastyledesign.ca\/wp-content\/uploads\/2019\/11\/Versa-style-design-portfolio-4-768x576.jpg 768w\" sizes=\"auto, (max-width: 850px) 100vw, 850px\" \/><\/a><\/figure>\n\n\n\n<figure class=\"wp-block-image size-large\"><a href=\"https:\/\/versastyledesign.ca\/wp-content\/uploads\/2019\/11\/Versa-style-design-portfolio-3-1.jpg\"><img loading=\"lazy\" decoding=\"async\" width=\"850\" height=\"617\" data-id=\"13513\" src=\"https:\/\/versastyledesign.ca\/wp-content\/uploads\/2019\/11\/Versa-style-design-portfolio-3-1.jpg\" alt=\"Versa-style-design-portfolio-3-1\" class=\"wp-image-13513\" srcset=\"https:\/\/versastyledesign.ca\/wp-content\/uploads\/2019\/11\/Versa-style-design-portfolio-3-1.jpg 850w, https:\/\/versastyledesign.ca\/wp-content\/uploads\/2019\/11\/Versa-style-design-portfolio-3-1-300x218.jpg 300w, https:\/\/versastyledesign.ca\/wp-content\/uploads\/2019\/11\/Versa-style-design-portfolio-3-1-768x557.jpg 768w\" sizes=\"auto, (max-width: 850px) 100vw, 850px\" \/><\/a><\/figure>\n\n\n\n<figure class=\"wp-block-image size-large\"><a href=\"https:\/\/versastyledesign.ca\/wp-content\/uploads\/2019\/11\/Versa-style-design-portfolio-1-2.jpg\"><img loading=\"lazy\" decoding=\"async\" width=\"850\" height=\"615\" data-id=\"13509\" src=\"https:\/\/versastyledesign.ca\/wp-content\/uploads\/2019\/11\/Versa-style-design-portfolio-1-2.jpg\" alt=\"Versa-style-design-portfolio-1-2\" class=\"wp-image-13509\" srcset=\"https:\/\/versastyledesign.ca\/wp-content\/uploads\/2019\/11\/Versa-style-design-portfolio-1-2.jpg 850w, https:\/\/versastyledesign.ca\/wp-content\/uploads\/2019\/11\/Versa-style-design-portfolio-1-2-300x217.jpg 300w, https:\/\/versastyledesign.ca\/wp-content\/uploads\/2019\/11\/Versa-style-design-portfolio-1-2-768x556.jpg 768w\" sizes=\"auto, (max-width: 850px) 100vw, 850px\" \/><\/a><\/figure>\n\n\n\n<figure class=\"wp-block-image size-large\"><a href=\"https:\/\/versastyledesign.ca\/wp-content\/uploads\/2019\/11\/Versa-style-design-portfolio-2-3-758x1024.jpg\"><img loading=\"lazy\" decoding=\"async\" width=\"758\" height=\"1024\" data-id=\"13511\" src=\"https:\/\/versastyledesign.ca\/wp-content\/uploads\/2019\/11\/Versa-style-design-portfolio-2-3-758x1024.jpg\" alt=\"Versa-style-design-portfolio-2-3\" class=\"wp-image-13511\" srcset=\"https:\/\/versastyledesign.ca\/wp-content\/uploads\/2019\/11\/Versa-style-design-portfolio-2-3-758x1024.jpg 758w, https:\/\/versastyledesign.ca\/wp-content\/uploads\/2019\/11\/Versa-style-design-portfolio-2-3-222x300.jpg 222w, https:\/\/versastyledesign.ca\/wp-content\/uploads\/2019\/11\/Versa-style-design-portfolio-2-3-768x1037.jpg 768w, https:\/\/versastyledesign.ca\/wp-content\/uploads\/2019\/11\/Versa-style-design-portfolio-2-3.jpg 850w\" sizes=\"auto, (max-width: 758px) 100vw, 758px\" \/><\/a><\/figure>\n<\/figure>\n\n\n\n<blockquote class=\"wp-block-quote is-layout-flow wp-block-quote-is-layout-flow\">\n<p>Comme il est satisfaisant de faire affaire avec des personnes comme Lucie Pitt ! Professionnelle et attentive aux besoins de ses clients. Lucie m\u2019a sugg\u00e9r\u00e9 pour ma chambre \u00e0 coucher de peindre mon plafond d\u2019un gris assez soutenu. Compte tenu que tous mes murs sont blancs, ceci ajoute un aspect feutr\u00e9 \u00e0 ma pi\u00e8ce et lui donne un atmosph\u00e8re apaisant. Elle m\u2019a recommand\u00e9 le type de voilage parfait &nbsp;pour ma tr\u00e8s grande fen\u00eatre. Mais l\u2019effet \u00ab WOW \u00ab &nbsp;est sans aucun doute la tapisserie encadr\u00e9e de lattes de bois qui fait office de t\u00eate de lit!&nbsp;<\/p>\n<cite><strong>Johanne Lapointe<\/strong><\/cite><\/blockquote>\n\n\n\n<div style=\"height:50px\" aria-hidden=\"true\" class=\"wp-block-spacer\"><\/div>\n\n\n\n<div class=\"wp-block-columns is-layout-flex wp-container-core-columns-is-layout-9d6595d7 wp-block-columns-is-layout-flex\">\n<div class=\"wp-block-column is-layout-flow wp-block-column-is-layout-flow\"><div class=\"wp-block-image\">\n<figure class=\"aligncenter size-medium\"><img loading=\"lazy\" decoding=\"async\" width=\"300\" height=\"298\" src=\"https:\/\/versastyledesign.ca\/wp-content\/uploads\/2019\/12\/Design-de-chambre-a-coucher-a-montreal-01-300x298.png\" alt=\"\" class=\"wp-image-16159\" srcset=\"https:\/\/versastyledesign.ca\/wp-content\/uploads\/2019\/12\/Design-de-chambre-a-coucher-a-montreal-01-300x298.png 300w, https:\/\/versastyledesign.ca\/wp-content\/uploads\/2019\/12\/Design-de-chambre-a-coucher-a-montreal-01-150x150.png 150w, https:\/\/versastyledesign.ca\/wp-content\/uploads\/2019\/12\/Design-de-chambre-a-coucher-a-montreal-01-768x763.png 768w, https:\/\/versastyledesign.ca\/wp-content\/uploads\/2019\/12\/Design-de-chambre-a-coucher-a-montreal-01.png 850w\" sizes=\"auto, (max-width: 300px) 100vw, 300px\" \/><\/figure>\n<\/div><\/div>\n\n\n\n<div class=\"wp-block-column is-layout-flow wp-block-column-is-layout-flow\">\n<h2 class=\"wp-block-heading has-text-align-center\"> Services de design de chambre \u00e0 coucher \u00e0 Montr\u00e9al <\/h2>\n\n\n\n<p class=\"has-text-align-center\">Pour en savoir plus sur nos services de design de chambre \u00e0 coucher dans la grande r\u00e9gion de Montr\u00e9al.<\/p>\n\n\n\n<div class=\"wp-block-buttons is-content-justification-center is-layout-flex wp-container-core-buttons-is-layout-16018d1d wp-block-buttons-is-layout-flex\">\n<div class=\"wp-block-button button-custom\"><a class=\"wp-block-button__link wp-element-button\" href=\"\/fr?page_id=13404\">Design de chambre \u00e0 coucher<\/a><\/div>\n<\/div>\n<\/div>\n<\/div>\n\n\n\n<div style=\"height:50px\" aria-hidden=\"true\" class=\"wp-block-spacer\"><\/div>\n\n\n\n<h2 class=\"wp-block-heading\"><strong>\u00cates-vous situ\u00e9 dans la grande r\u00e9gion de Montr\u00e9al?<\/strong><\/h2>\n\n\n\n<p class=\"has-text-align-center\"><strong>Donnez vie \u00e0 votre projet de design avec Lucie.<\/strong><\/p>\n\n\n\n<div class=\"wp-block-buttons is-content-justification-center is-layout-flex wp-container-core-buttons-is-layout-16018d1d wp-block-buttons-is-layout-flex\">\n<div class=\"wp-block-button button-inverse\"><a class=\"wp-block-button__link has-text-color has-background has-link-color wp-element-button\" href=\"\/fr\/forfait-de-design-interieur\/versa-style-design-premiere-consultation\/\" style=\"color:#d53652;background-color:#f3f3f3\">Premi\u00e8re consultation<\/a><\/div>\n<\/div>\n\n\n\n<div style=\"height:25px\" aria-hidden=\"true\" class=\"wp-block-spacer\"><\/div>\n<p><a href=\"\/\/www.pinterest.com\/pin\/create\/button\/\" data-pin-do=\"buttonBookmark\" data-pin-color=\"red\" data-pin-height=\"128\"><img decoding=\"async\" src=\"\/\/assets.pinterest.com\/images\/pidgets\/pinit_fg_en_rect_red_28.png\" \/><\/a><\/p>","protected":false},"excerpt":{"rendered":"<p>Lieu: Lorraine, Montr\u00e9al Service de design: Concept de design de chambre \u00e0 coucher, retouche de meubles, conception de murs d&rsquo;accent personnalis\u00e9e, consultation pour les couleurs et les finitions, assistance durant les achats, habillage de fen\u00eatre personnalis\u00e9, recrutement du personnel sp\u00e9cialis\u00e9 et n\u00e9gociations, gestion de projet. Mat\u00e9riaux utilis\u00e9s: Peinture Sherwin Williams, papier peint de motif Damasque [&hellip;]<\/p>\n","protected":false},"author":2,"featured_media":13511,"parent":1840,"menu_order":0,"comment_status":"closed","ping_status":"closed","template":"","meta":{"advgb_blocks_editor_width":"","advgb_blocks_columns_visual_guide":"","_genesis_hide_title":false,"_genesis_hide_breadcrumbs":false,"_genesis_hide_singular_image":false,"_genesis_hide_footer_widgets":false,"_genesis_custom_body_class":"","_genesis_custom_post_class":"","_genesis_layout":"","footnotes":""},"class_list":{"0":"post-13517","1":"page","2":"type-page","3":"status-publish","4":"has-post-thumbnail","6":"entry"},"yoast_head":"<!-- This site is optimized with the Yoast SEO plugin v27.4 - https:\/\/yoast.com\/product\/yoast-seo-wordpress\/ -->\n<title>Design de chambre des ma\u00eetres \u00e0 Lorraine - Versa Style Design<\/title>\n<meta name=\"robots\" content=\"index, follow, max-snippet:-1, max-image-preview:large, max-video-preview:-1\" \/>\n<link rel=\"canonical\" href=\"https:\/\/versastyledesign.ca\/fr\/portfolio-de-design\/design-de-chambre-des-maitres-a-lorraine\/\" \/>\n<meta property=\"og:locale\" content=\"fr_CA\" \/>\n<meta property=\"og:type\" content=\"article\" \/>\n<meta property=\"og:title\" content=\"Design de chambre des ma\u00eetres \u00e0 Lorraine - Versa Style Design\" \/>\n<meta property=\"og:description\" content=\"Lieu: Lorraine, Montr\u00e9al Service de design: Concept de design de chambre \u00e0 coucher, retouche de meubles, conception de murs d&rsquo;accent personnalis\u00e9e, consultation pour les couleurs et les finitions, assistance durant les achats, habillage de fen\u00eatre personnalis\u00e9, recrutement du personnel sp\u00e9cialis\u00e9 et n\u00e9gociations, gestion de projet. Mat\u00e9riaux utilis\u00e9s: Peinture Sherwin Williams, papier peint de motif Damasque [&hellip;]\" \/>\n<meta property=\"og:url\" content=\"https:\/\/versastyledesign.ca\/fr\/portfolio-de-design\/design-de-chambre-des-maitres-a-lorraine\/\" \/>\n<meta property=\"og:site_name\" content=\"Versa Style Design\" \/>\n<meta property=\"article:publisher\" content=\"https:\/\/www.facebook.com\/Versastyledesign?ref=hl\" \/>\n<meta property=\"article:modified_time\" content=\"2023-08-26T18:11:20+00:00\" \/>\n<meta property=\"og:image\" content=\"https:\/\/new.versastyledesign.ca\/wp-content\/uploads\/2019\/11\/Versa-style-design-portfolio-2-3.jpg\" \/>\n\t<meta property=\"og:image:width\" content=\"850\" \/>\n\t<meta property=\"og:image:height\" content=\"1148\" \/>\n\t<meta property=\"og:image:type\" content=\"image\/jpeg\" \/>\n<meta name=\"twitter:label1\" content=\"Estimation du temps de lecture\" \/>\n\t<meta name=\"twitter:data1\" content=\"2 minutes\" \/>\n<script type=\"application\/ld+json\" class=\"yoast-schema-graph\">{\"@context\":\"https:\\\/\\\/schema.org\",\"@graph\":[{\"@type\":\"WebPage\",\"@id\":\"https:\\\/\\\/versastyledesign.ca\\\/fr\\\/portfolio-de-design\\\/design-de-chambre-des-maitres-a-lorraine\\\/\",\"url\":\"https:\\\/\\\/versastyledesign.ca\\\/fr\\\/portfolio-de-design\\\/design-de-chambre-des-maitres-a-lorraine\\\/\",\"name\":\"Design de chambre des ma\u00eetres \u00e0 Lorraine - Versa Style Design\",\"isPartOf\":{\"@id\":\"http:\\\/\\\/new.versastyledesign.ca\\\/fr\\\/#website\"},\"primaryImageOfPage\":{\"@id\":\"https:\\\/\\\/versastyledesign.ca\\\/fr\\\/portfolio-de-design\\\/design-de-chambre-des-maitres-a-lorraine\\\/#primaryimage\"},\"image\":{\"@id\":\"https:\\\/\\\/versastyledesign.ca\\\/fr\\\/portfolio-de-design\\\/design-de-chambre-des-maitres-a-lorraine\\\/#primaryimage\"},\"thumbnailUrl\":\"https:\\\/\\\/versastyledesign.ca\\\/wp-content\\\/uploads\\\/2019\\\/11\\\/Versa-style-design-portfolio-2-3.jpg\",\"datePublished\":\"2019-11-17T16:40:08+00:00\",\"dateModified\":\"2023-08-26T18:11:20+00:00\",\"breadcrumb\":{\"@id\":\"https:\\\/\\\/versastyledesign.ca\\\/fr\\\/portfolio-de-design\\\/design-de-chambre-des-maitres-a-lorraine\\\/#breadcrumb\"},\"inLanguage\":\"fr-CA\",\"potentialAction\":[{\"@type\":\"ReadAction\",\"target\":[\"https:\\\/\\\/versastyledesign.ca\\\/fr\\\/portfolio-de-design\\\/design-de-chambre-des-maitres-a-lorraine\\\/\"]}]},{\"@type\":\"ImageObject\",\"inLanguage\":\"fr-CA\",\"@id\":\"https:\\\/\\\/versastyledesign.ca\\\/fr\\\/portfolio-de-design\\\/design-de-chambre-des-maitres-a-lorraine\\\/#primaryimage\",\"url\":\"https:\\\/\\\/versastyledesign.ca\\\/wp-content\\\/uploads\\\/2019\\\/11\\\/Versa-style-design-portfolio-2-3.jpg\",\"contentUrl\":\"https:\\\/\\\/versastyledesign.ca\\\/wp-content\\\/uploads\\\/2019\\\/11\\\/Versa-style-design-portfolio-2-3.jpg\",\"width\":850,\"height\":1148,\"caption\":\"Versa-style-design-portfolio-2-3\"},{\"@type\":\"BreadcrumbList\",\"@id\":\"https:\\\/\\\/versastyledesign.ca\\\/fr\\\/portfolio-de-design\\\/design-de-chambre-des-maitres-a-lorraine\\\/#breadcrumb\",\"itemListElement\":[{\"@type\":\"ListItem\",\"position\":1,\"name\":\"Accueil\",\"item\":\"http:\\\/\\\/new.versastyledesign.ca\\\/fr\\\/\"},{\"@type\":\"ListItem\",\"position\":2,\"name\":\"Portfolio de Design\",\"item\":\"http:\\\/\\\/new.versastyledesign.ca\\\/fr\\\/design-portfolio\\\/\"},{\"@type\":\"ListItem\",\"position\":3,\"name\":\"Design de chambre des ma\u00eetres \u00e0 Lorraine\"}]},{\"@type\":\"WebSite\",\"@id\":\"http:\\\/\\\/new.versastyledesign.ca\\\/fr\\\/#website\",\"url\":\"http:\\\/\\\/new.versastyledesign.ca\\\/fr\\\/\",\"name\":\"Versa Style Design\",\"description\":\"Design d&#039;int\u00e9rieur et r\u00e9novations \u00e0 Montr\u00e9al\",\"publisher\":{\"@id\":\"http:\\\/\\\/new.versastyledesign.ca\\\/fr\\\/#organization\"},\"potentialAction\":[{\"@type\":\"SearchAction\",\"target\":{\"@type\":\"EntryPoint\",\"urlTemplate\":\"http:\\\/\\\/new.versastyledesign.ca\\\/fr\\\/?s={search_term_string}\"},\"query-input\":{\"@type\":\"PropertyValueSpecification\",\"valueRequired\":true,\"valueName\":\"search_term_string\"}}],\"inLanguage\":\"fr-CA\"},{\"@type\":\"Organization\",\"@id\":\"http:\\\/\\\/new.versastyledesign.ca\\\/fr\\\/#organization\",\"name\":\"Versa Style Design\",\"url\":\"http:\\\/\\\/new.versastyledesign.ca\\\/fr\\\/\",\"logo\":{\"@type\":\"ImageObject\",\"inLanguage\":\"fr-CA\",\"@id\":\"http:\\\/\\\/new.versastyledesign.ca\\\/fr\\\/#\\\/schema\\\/logo\\\/image\\\/\",\"url\":\"https:\\\/\\\/versastyledesign.ca\\\/wp-content\\\/uploads\\\/2019\\\/11\\\/Versa-Style-Design-logo.jpg\",\"contentUrl\":\"https:\\\/\\\/versastyledesign.ca\\\/wp-content\\\/uploads\\\/2019\\\/11\\\/Versa-Style-Design-logo.jpg\",\"width\":2099,\"height\":670,\"caption\":\"Versa Style Design\"},\"image\":{\"@id\":\"http:\\\/\\\/new.versastyledesign.ca\\\/fr\\\/#\\\/schema\\\/logo\\\/image\\\/\"},\"sameAs\":[\"https:\\\/\\\/www.facebook.com\\\/Versastyledesign?ref=hl\",\"https:\\\/\\\/x.com\\\/luciepitt\",\"https:\\\/\\\/www.instagram.com\\\/versastyledesign\\\/\",\"https:\\\/\\\/www.linkedin.com\\\/in\\\/lucie-pitt-54b0ba85\",\"https:\\\/\\\/www.pinterest.com\\\/versastyledesign\\\/\"]}]}<\/script>\n<!-- \/ Yoast SEO plugin. -->","yoast_head_json":{"title":"Design de chambre des ma\u00eetres \u00e0 Lorraine - Versa Style Design","robots":{"index":"index","follow":"follow","max-snippet":"max-snippet:-1","max-image-preview":"max-image-preview:large","max-video-preview":"max-video-preview:-1"},"canonical":"https:\/\/versastyledesign.ca\/fr\/portfolio-de-design\/design-de-chambre-des-maitres-a-lorraine\/","og_locale":"fr_CA","og_type":"article","og_title":"Design de chambre des ma\u00eetres \u00e0 Lorraine - Versa Style Design","og_description":"Lieu: Lorraine, Montr\u00e9al Service de design: Concept de design de chambre \u00e0 coucher, retouche de meubles, conception de murs d&rsquo;accent personnalis\u00e9e, consultation pour les couleurs et les finitions, assistance durant les achats, habillage de fen\u00eatre personnalis\u00e9, recrutement du personnel sp\u00e9cialis\u00e9 et n\u00e9gociations, gestion de projet. Mat\u00e9riaux utilis\u00e9s: Peinture Sherwin Williams, papier peint de motif Damasque [&hellip;]","og_url":"https:\/\/versastyledesign.ca\/fr\/portfolio-de-design\/design-de-chambre-des-maitres-a-lorraine\/","og_site_name":"Versa Style Design","article_publisher":"https:\/\/www.facebook.com\/Versastyledesign?ref=hl","article_modified_time":"2023-08-26T18:11:20+00:00","og_image":[{"width":850,"height":1148,"url":"https:\/\/new.versastyledesign.ca\/wp-content\/uploads\/2019\/11\/Versa-style-design-portfolio-2-3.jpg","type":"image\/jpeg"}],"twitter_misc":{"Estimation du temps de lecture":"2 minutes"},"schema":{"@context":"https:\/\/schema.org","@graph":[{"@type":"WebPage","@id":"https:\/\/versastyledesign.ca\/fr\/portfolio-de-design\/design-de-chambre-des-maitres-a-lorraine\/","url":"https:\/\/versastyledesign.ca\/fr\/portfolio-de-design\/design-de-chambre-des-maitres-a-lorraine\/","name":"Design de chambre des ma\u00eetres \u00e0 Lorraine - Versa Style Design","isPartOf":{"@id":"http:\/\/new.versastyledesign.ca\/fr\/#website"},"primaryImageOfPage":{"@id":"https:\/\/versastyledesign.ca\/fr\/portfolio-de-design\/design-de-chambre-des-maitres-a-lorraine\/#primaryimage"},"image":{"@id":"https:\/\/versastyledesign.ca\/fr\/portfolio-de-design\/design-de-chambre-des-maitres-a-lorraine\/#primaryimage"},"thumbnailUrl":"https:\/\/versastyledesign.ca\/wp-content\/uploads\/2019\/11\/Versa-style-design-portfolio-2-3.jpg","datePublished":"2019-11-17T16:40:08+00:00","dateModified":"2023-08-26T18:11:20+00:00","breadcrumb":{"@id":"https:\/\/versastyledesign.ca\/fr\/portfolio-de-design\/design-de-chambre-des-maitres-a-lorraine\/#breadcrumb"},"inLanguage":"fr-CA","potentialAction":[{"@type":"ReadAction","target":["https:\/\/versastyledesign.ca\/fr\/portfolio-de-design\/design-de-chambre-des-maitres-a-lorraine\/"]}]},{"@type":"ImageObject","inLanguage":"fr-CA","@id":"https:\/\/versastyledesign.ca\/fr\/portfolio-de-design\/design-de-chambre-des-maitres-a-lorraine\/#primaryimage","url":"https:\/\/versastyledesign.ca\/wp-content\/uploads\/2019\/11\/Versa-style-design-portfolio-2-3.jpg","contentUrl":"https:\/\/versastyledesign.ca\/wp-content\/uploads\/2019\/11\/Versa-style-design-portfolio-2-3.jpg","width":850,"height":1148,"caption":"Versa-style-design-portfolio-2-3"},{"@type":"BreadcrumbList","@id":"https:\/\/versastyledesign.ca\/fr\/portfolio-de-design\/design-de-chambre-des-maitres-a-lorraine\/#breadcrumb","itemListElement":[{"@type":"ListItem","position":1,"name":"Accueil","item":"http:\/\/new.versastyledesign.ca\/fr\/"},{"@type":"ListItem","position":2,"name":"Portfolio de Design","item":"http:\/\/new.versastyledesign.ca\/fr\/design-portfolio\/"},{"@type":"ListItem","position":3,"name":"Design de chambre des ma\u00eetres \u00e0 Lorraine"}]},{"@type":"WebSite","@id":"http:\/\/new.versastyledesign.ca\/fr\/#website","url":"http:\/\/new.versastyledesign.ca\/fr\/","name":"Versa Style Design","description":"Design d&#039;int\u00e9rieur et r\u00e9novations \u00e0 Montr\u00e9al","publisher":{"@id":"http:\/\/new.versastyledesign.ca\/fr\/#organization"},"potentialAction":[{"@type":"SearchAction","target":{"@type":"EntryPoint","urlTemplate":"http:\/\/new.versastyledesign.ca\/fr\/?s={search_term_string}"},"query-input":{"@type":"PropertyValueSpecification","valueRequired":true,"valueName":"search_term_string"}}],"inLanguage":"fr-CA"},{"@type":"Organization","@id":"http:\/\/new.versastyledesign.ca\/fr\/#organization","name":"Versa Style Design","url":"http:\/\/new.versastyledesign.ca\/fr\/","logo":{"@type":"ImageObject","inLanguage":"fr-CA","@id":"http:\/\/new.versastyledesign.ca\/fr\/#\/schema\/logo\/image\/","url":"https:\/\/versastyledesign.ca\/wp-content\/uploads\/2019\/11\/Versa-Style-Design-logo.jpg","contentUrl":"https:\/\/versastyledesign.ca\/wp-content\/uploads\/2019\/11\/Versa-Style-Design-logo.jpg","width":2099,"height":670,"caption":"Versa Style Design"},"image":{"@id":"http:\/\/new.versastyledesign.ca\/fr\/#\/schema\/logo\/image\/"},"sameAs":["https:\/\/www.facebook.com\/Versastyledesign?ref=hl","https:\/\/x.com\/luciepitt","https:\/\/www.instagram.com\/versastyledesign\/","https:\/\/www.linkedin.com\/in\/lucie-pitt-54b0ba85","https:\/\/www.pinterest.com\/versastyledesign\/"]}]}},"coauthors":[],"author_meta":{"author_link":"https:\/\/versastyledesign.ca\/fr\/author\/lucie-pitt\/","display_name":"Lucie Pitt"},"relative_dates":{"created":"Posted 6 ann\u00e9es ago","modified":"Updated 3 ann\u00e9es ago"},"absolute_dates":{"created":"Posted on 17 novembre 2019","modified":"Updated on 26 ao\u00fbt 2023"},"absolute_dates_time":{"created":"Posted on 17 novembre 2019 16 h 40 min","modified":"Updated on 26 ao\u00fbt 2023 14 h 11 min"},"featured_img_caption":"","featured_img":"https:\/\/versastyledesign.ca\/wp-content\/uploads\/2019\/11\/Versa-style-design-portfolio-2-3.jpg","series_order":"","_links":{"self":[{"href":"https:\/\/versastyledesign.ca\/fr\/wp-json\/wp\/v2\/pages\/13517","targetHints":{"allow":["GET"]}}],"collection":[{"href":"https:\/\/versastyledesign.ca\/fr\/wp-json\/wp\/v2\/pages"}],"about":[{"href":"https:\/\/versastyledesign.ca\/fr\/wp-json\/wp\/v2\/types\/page"}],"author":[{"embeddable":true,"href":"https:\/\/versastyledesign.ca\/fr\/wp-json\/wp\/v2\/users\/2"}],"replies":[{"embeddable":true,"href":"https:\/\/versastyledesign.ca\/fr\/wp-json\/wp\/v2\/comments?post=13517"}],"version-history":[{"count":5,"href":"https:\/\/versastyledesign.ca\/fr\/wp-json\/wp\/v2\/pages\/13517\/revisions"}],"predecessor-version":[{"id":26330,"href":"https:\/\/versastyledesign.ca\/fr\/wp-json\/wp\/v2\/pages\/13517\/revisions\/26330"}],"up":[{"embeddable":true,"href":"https:\/\/versastyledesign.ca\/fr\/wp-json\/wp\/v2\/pages\/1840"}],"wp:featuredmedia":[{"embeddable":true,"href":"https:\/\/versastyledesign.ca\/fr\/wp-json\/wp\/v2\/media\/13511"}],"wp:attachment":[{"href":"https:\/\/versastyledesign.ca\/fr\/wp-json\/wp\/v2\/media?parent=13517"}],"curies":[{"name":"wp","href":"https:\/\/api.w.org\/{rel}","templated":true}]}}