{"id":13520,"date":"2019-11-17T17:02:48","date_gmt":"2019-11-17T17:02:48","guid":{"rendered":"https:\/\/versastyledesign.ca\/?page_id=13520"},"modified":"2023-08-26T12:47:11","modified_gmt":"2023-08-26T16:47:11","slug":"design-de-chambre-a-coucher-a-brossard","status":"publish","type":"page","link":"https:\/\/versastyledesign.ca\/fr\/portfolio-de-design\/design-de-chambre-a-coucher-a-brossard\/","title":{"rendered":"Design de chambre \u00e0 coucher \u00e0 Brossard"},"content":{"rendered":"\n<div class=\"wp-block-columns is-layout-flex wp-container-core-columns-is-layout-9d6595d7 wp-block-columns-is-layout-flex\">\n<div class=\"wp-block-column is-layout-flow wp-block-column-is-layout-flow\">\n<p><strong>Lieu<\/strong>: Brossard, Qu\u00e9bec<\/p>\n\n\n\n<p><strong>Service de design:<\/strong> Am\u00e9nagement de chambre \u00e0 coucher, conception du mur d\u2019accent, consultation pour les couleurs et les finitions, assistance pour le magasinage, habillage de fen\u00eatre, recrutement des travailleurs sp\u00e9cialis\u00e9s et n\u00e9gociations, gestion de projet. <\/p>\n<\/div>\n\n\n\n<div class=\"wp-block-column is-layout-flow wp-block-column-is-layout-flow\">\n<figure class=\"wp-block-image size-large is-resized\"><img loading=\"lazy\" decoding=\"async\" src=\"https:\/\/versastyledesign.ca\/wp-content\/uploads\/2019\/12\/Versa-style-design-portfolio-3-2.jpg\" alt=\"\" class=\"wp-image-16149\" style=\"width:425px;height:302px\" width=\"425\" height=\"302\" srcset=\"https:\/\/versastyledesign.ca\/wp-content\/uploads\/2019\/12\/Versa-style-design-portfolio-3-2.jpg 850w, https:\/\/versastyledesign.ca\/wp-content\/uploads\/2019\/12\/Versa-style-design-portfolio-3-2-300x213.jpg 300w, https:\/\/versastyledesign.ca\/wp-content\/uploads\/2019\/12\/Versa-style-design-portfolio-3-2-768x545.jpg 768w\" sizes=\"auto, (max-width: 425px) 100vw, 425px\" \/><\/figure>\n<\/div>\n<\/div>\n\n\n\n<p><strong>Mat\u00e9riaux utilis\u00e9s:<\/strong> Peinture Sherwin Williams, papier peint pourpre de motif Damasque, lustre moderne en chrome et cristal, lampes de chevet chrom\u00e9es, literie florale, table de couleur argent, arrangements de fleurs artificielles, recrutement des travailleurs sp\u00e9cialis\u00e9s, tables de chevet laqu\u00e9es blanche, t\u00eate de lit en cuir blanc capitonn\u00e9, lit \u00abqueen\u00bb avec rangement. <\/p>\n\n\n\n<p><strong>Notre mandat:<\/strong> Nos clients voulaient am\u00e9nager la chambre de leur adolescente entrant au secondaire. Nous avons achet\u00e9 un lit de grandeur \u00abqueen\u00bb dot\u00e9 de nombreux rangements dissimul\u00e9s pour les v\u00eatements de saison ou la literie suppl\u00e9mentaire. Nous avons recommand\u00e9 l\u2019ajout un mur d\u2019accent avec un magnifique papier peint Damasque de couleur violette. Nous avons assist\u00e9 nos clients durant toute la s\u00e9lections des mat\u00e9riaux, des finitions, des couleurs et pour le design de la chambre. Nous avons personnalis\u00e9 l\u2019espace avec des accents de couleur pourpre, des cristaux et des accessoires chrom\u00e9s pour ajouter du \u00abbling\u00bb, rendant ainsi la chambre f\u00e9minine, plus mature et d\u00e9finitivement \u00e9l\u00e9gante. <\/p>\n\n\n\n<div style=\"height:50px\" aria-hidden=\"true\" class=\"wp-block-spacer\"><\/div>\n\n\n\n<h2 class=\"wp-block-heading\">Portfolio de design de chambre \u00e0 coucher par Versa Style Design<\/h2>\n\n\n\n<figure class=\"wp-block-gallery has-nested-images columns-4 is-cropped wp-block-gallery-1 is-layout-flex wp-block-gallery-is-layout-flex\">\n<figure class=\"wp-block-image size-large\"><a href=\"https:\/\/versastyledesign.ca\/wp-content\/uploads\/2019\/12\/Versa-style-design-portfolio-4-1.jpg\"><img loading=\"lazy\" decoding=\"async\" width=\"708\" height=\"1024\" data-id=\"16157\" src=\"https:\/\/versastyledesign.ca\/wp-content\/uploads\/2019\/12\/Versa-style-design-portfolio-4-1-708x1024.jpg\" alt=\"\" class=\"wp-image-16157\" srcset=\"https:\/\/versastyledesign.ca\/wp-content\/uploads\/2019\/12\/Versa-style-design-portfolio-4-1-708x1024.jpg 708w, https:\/\/versastyledesign.ca\/wp-content\/uploads\/2019\/12\/Versa-style-design-portfolio-4-1-207x300.jpg 207w, https:\/\/versastyledesign.ca\/wp-content\/uploads\/2019\/12\/Versa-style-design-portfolio-4-1-768x1110.jpg 768w, https:\/\/versastyledesign.ca\/wp-content\/uploads\/2019\/12\/Versa-style-design-portfolio-4-1.jpg 850w\" sizes=\"auto, (max-width: 708px) 100vw, 708px\" \/><\/a><\/figure>\n\n\n\n<figure class=\"wp-block-image size-large\"><a href=\"https:\/\/versastyledesign.ca\/wp-content\/uploads\/2019\/12\/Versa-style-design-portfolio-2-1.jpg\"><img loading=\"lazy\" decoding=\"async\" width=\"850\" height=\"764\" data-id=\"16153\" src=\"https:\/\/versastyledesign.ca\/wp-content\/uploads\/2019\/12\/Versa-style-design-portfolio-2-1.jpg\" alt=\"\" class=\"wp-image-16153\" srcset=\"https:\/\/versastyledesign.ca\/wp-content\/uploads\/2019\/12\/Versa-style-design-portfolio-2-1.jpg 850w, https:\/\/versastyledesign.ca\/wp-content\/uploads\/2019\/12\/Versa-style-design-portfolio-2-1-300x270.jpg 300w, https:\/\/versastyledesign.ca\/wp-content\/uploads\/2019\/12\/Versa-style-design-portfolio-2-1-768x690.jpg 768w\" sizes=\"auto, (max-width: 850px) 100vw, 850px\" \/><\/a><\/figure>\n\n\n\n<figure class=\"wp-block-image size-large\"><a href=\"https:\/\/versastyledesign.ca\/wp-content\/uploads\/2019\/12\/Versa-style-design-portfolio-1-1.jpg\"><img loading=\"lazy\" decoding=\"async\" width=\"683\" height=\"1024\" data-id=\"16151\" src=\"https:\/\/versastyledesign.ca\/wp-content\/uploads\/2019\/12\/Versa-style-design-portfolio-1-1-683x1024.jpg\" alt=\"\" class=\"wp-image-16151\" srcset=\"https:\/\/versastyledesign.ca\/wp-content\/uploads\/2019\/12\/Versa-style-design-portfolio-1-1-683x1024.jpg 683w, https:\/\/versastyledesign.ca\/wp-content\/uploads\/2019\/12\/Versa-style-design-portfolio-1-1-200x300.jpg 200w, https:\/\/versastyledesign.ca\/wp-content\/uploads\/2019\/12\/Versa-style-design-portfolio-1-1-768x1151.jpg 768w, https:\/\/versastyledesign.ca\/wp-content\/uploads\/2019\/12\/Versa-style-design-portfolio-1-1.jpg 850w\" sizes=\"auto, (max-width: 683px) 100vw, 683px\" \/><\/a><\/figure>\n\n\n\n<figure class=\"wp-block-image size-large\"><a href=\"https:\/\/versastyledesign.ca\/wp-content\/uploads\/2019\/12\/Versa-style-design-portfolio-3-3.jpg\"><img loading=\"lazy\" decoding=\"async\" width=\"850\" height=\"603\" data-id=\"16155\" src=\"https:\/\/versastyledesign.ca\/wp-content\/uploads\/2019\/12\/Versa-style-design-portfolio-3-3.jpg\" alt=\"\" class=\"wp-image-16155\" srcset=\"https:\/\/versastyledesign.ca\/wp-content\/uploads\/2019\/12\/Versa-style-design-portfolio-3-3.jpg 850w, https:\/\/versastyledesign.ca\/wp-content\/uploads\/2019\/12\/Versa-style-design-portfolio-3-3-300x213.jpg 300w, https:\/\/versastyledesign.ca\/wp-content\/uploads\/2019\/12\/Versa-style-design-portfolio-3-3-768x545.jpg 768w\" sizes=\"auto, (max-width: 850px) 100vw, 850px\" \/><\/a><\/figure>\n<\/figure>\n\n\n\n<div style=\"height:50px\" aria-hidden=\"true\" class=\"wp-block-spacer\"><\/div>\n\n\n\n<div class=\"wp-block-columns is-layout-flex wp-container-core-columns-is-layout-9d6595d7 wp-block-columns-is-layout-flex\">\n<div class=\"wp-block-column is-layout-flow wp-block-column-is-layout-flow\"><div class=\"wp-block-image\">\n<figure class=\"aligncenter size-medium\"><img loading=\"lazy\" decoding=\"async\" width=\"300\" height=\"298\" src=\"https:\/\/versastyledesign.ca\/wp-content\/uploads\/2019\/12\/Design-de-chambre-a-coucher-a-montreal-01-300x298.png\" alt=\"\" class=\"wp-image-16159\" srcset=\"https:\/\/versastyledesign.ca\/wp-content\/uploads\/2019\/12\/Design-de-chambre-a-coucher-a-montreal-01-300x298.png 300w, https:\/\/versastyledesign.ca\/wp-content\/uploads\/2019\/12\/Design-de-chambre-a-coucher-a-montreal-01-150x150.png 150w, https:\/\/versastyledesign.ca\/wp-content\/uploads\/2019\/12\/Design-de-chambre-a-coucher-a-montreal-01-768x763.png 768w, https:\/\/versastyledesign.ca\/wp-content\/uploads\/2019\/12\/Design-de-chambre-a-coucher-a-montreal-01.png 850w\" sizes=\"auto, (max-width: 300px) 100vw, 300px\" \/><\/figure>\n<\/div><\/div>\n\n\n\n<div class=\"wp-block-column is-layout-flow wp-block-column-is-layout-flow\">\n<h2 class=\"wp-block-heading has-text-align-center\"> Services de design de chambre \u00e0 coucher \u00e0 Montr\u00e9al <\/h2>\n\n\n\n<p class=\"has-text-align-center\">Pour en savoir plus sur nos services de design de chambre \u00e0 coucher dans la grande r\u00e9gion de Montr\u00e9al.<\/p>\n\n\n\n<div class=\"wp-block-buttons is-content-justification-center is-layout-flex wp-container-core-buttons-is-layout-16018d1d wp-block-buttons-is-layout-flex\">\n<div class=\"wp-block-button button-custom\"><a class=\"wp-block-button__link wp-element-button\" href=\"\/fr?page_id=13404\">Design de chambre \u00e0 coucher<\/a><\/div>\n<\/div>\n<\/div>\n<\/div>\n\n\n\n<div style=\"height:50px\" aria-hidden=\"true\" class=\"wp-block-spacer\"><\/div>\n\n\n\n<h2 class=\"wp-block-heading\"><strong>\u00cates-vous situ\u00e9 dans la grande r\u00e9gion de Montr\u00e9al?<\/strong><\/h2>\n\n\n\n<p class=\"has-text-align-center\"><strong>Donnez vie \u00e0 votre projet de design avec Lucie.<\/strong><\/p>\n\n\n\n<div class=\"wp-block-buttons is-content-justification-center is-layout-flex wp-container-core-buttons-is-layout-16018d1d wp-block-buttons-is-layout-flex\">\n<div class=\"wp-block-button button-inverse\"><a class=\"wp-block-button__link has-text-color has-background has-link-color wp-element-button\" href=\"\/fr\/forfait-de-design-interieur\/versa-style-design-premiere-consultation\/\" style=\"color:#d53652;background-color:#f3f3f3\">Premi\u00e8re consultation<\/a><\/div>\n<\/div>\n\n\n\n<div style=\"height:25px\" aria-hidden=\"true\" class=\"wp-block-spacer\"><\/div>\n<p><a href=\"\/\/www.pinterest.com\/pin\/create\/button\/\" data-pin-do=\"buttonBookmark\" data-pin-color=\"red\" data-pin-height=\"128\"><img decoding=\"async\" src=\"\/\/assets.pinterest.com\/images\/pidgets\/pinit_fg_en_rect_red_28.png\" \/><\/a><\/p>","protected":false},"excerpt":{"rendered":"<p>Lieu: Brossard, Qu\u00e9bec Service de design: Am\u00e9nagement de chambre \u00e0 coucher, conception du mur d\u2019accent, consultation pour les couleurs et les finitions, assistance pour le magasinage, habillage de fen\u00eatre, recrutement des travailleurs sp\u00e9cialis\u00e9s et n\u00e9gociations, gestion de projet. Mat\u00e9riaux utilis\u00e9s: Peinture Sherwin Williams, papier peint pourpre de motif Damasque, lustre moderne en chrome et cristal, [&hellip;]<\/p>\n","protected":false},"author":2,"featured_media":13522,"parent":1840,"menu_order":0,"comment_status":"closed","ping_status":"closed","template":"","meta":{"advgb_blocks_editor_width":"","advgb_blocks_columns_visual_guide":"","_genesis_hide_title":false,"_genesis_hide_breadcrumbs":false,"_genesis_hide_singular_image":false,"_genesis_hide_footer_widgets":false,"_genesis_custom_body_class":"","_genesis_custom_post_class":"","_genesis_layout":"","footnotes":""},"class_list":{"0":"post-13520","1":"page","2":"type-page","3":"status-publish","4":"has-post-thumbnail","6":"entry"},"yoast_head":"<!-- This site is optimized with the Yoast SEO plugin v27.4 - https:\/\/yoast.com\/product\/yoast-seo-wordpress\/ -->\n<title>Design de chambre \u00e0 coucher \u00e0 Brossard - Versa Style Design<\/title>\n<meta name=\"robots\" content=\"index, follow, max-snippet:-1, max-image-preview:large, max-video-preview:-1\" \/>\n<link rel=\"canonical\" href=\"https:\/\/versastyledesign.ca\/fr\/portfolio-de-design\/design-de-chambre-a-coucher-a-brossard\/\" \/>\n<meta property=\"og:locale\" content=\"fr_CA\" \/>\n<meta property=\"og:type\" content=\"article\" \/>\n<meta property=\"og:title\" content=\"Design de chambre \u00e0 coucher \u00e0 Brossard - Versa Style Design\" \/>\n<meta property=\"og:description\" content=\"Lieu: Brossard, Qu\u00e9bec Service de design: Am\u00e9nagement de chambre \u00e0 coucher, conception du mur d\u2019accent, consultation pour les couleurs et les finitions, assistance pour le magasinage, habillage de fen\u00eatre, recrutement des travailleurs sp\u00e9cialis\u00e9s et n\u00e9gociations, gestion de projet. Mat\u00e9riaux utilis\u00e9s: Peinture Sherwin Williams, papier peint pourpre de motif Damasque, lustre moderne en chrome et cristal, [&hellip;]\" \/>\n<meta property=\"og:url\" content=\"https:\/\/versastyledesign.ca\/fr\/portfolio-de-design\/design-de-chambre-a-coucher-a-brossard\/\" \/>\n<meta property=\"og:site_name\" content=\"Versa Style Design\" \/>\n<meta property=\"article:publisher\" content=\"https:\/\/www.facebook.com\/Versastyledesign?ref=hl\" \/>\n<meta property=\"article:modified_time\" content=\"2023-08-26T16:47:11+00:00\" \/>\n<meta property=\"og:image\" content=\"https:\/\/new.versastyledesign.ca\/wp-content\/uploads\/2019\/11\/Versa-style-design-portfolio-3-2.jpg\" \/>\n\t<meta property=\"og:image:width\" content=\"850\" \/>\n\t<meta property=\"og:image:height\" content=\"603\" \/>\n\t<meta property=\"og:image:type\" content=\"image\/jpeg\" \/>\n<meta name=\"twitter:label1\" content=\"Estimation du temps de lecture\" \/>\n\t<meta name=\"twitter:data1\" content=\"2 minutes\" \/>\n<script type=\"application\/ld+json\" class=\"yoast-schema-graph\">{\"@context\":\"https:\\\/\\\/schema.org\",\"@graph\":[{\"@type\":\"WebPage\",\"@id\":\"https:\\\/\\\/versastyledesign.ca\\\/fr\\\/portfolio-de-design\\\/design-de-chambre-a-coucher-a-brossard\\\/\",\"url\":\"https:\\\/\\\/versastyledesign.ca\\\/fr\\\/portfolio-de-design\\\/design-de-chambre-a-coucher-a-brossard\\\/\",\"name\":\"Design de chambre \u00e0 coucher \u00e0 Brossard - Versa Style Design\",\"isPartOf\":{\"@id\":\"http:\\\/\\\/new.versastyledesign.ca\\\/fr\\\/#website\"},\"primaryImageOfPage\":{\"@id\":\"https:\\\/\\\/versastyledesign.ca\\\/fr\\\/portfolio-de-design\\\/design-de-chambre-a-coucher-a-brossard\\\/#primaryimage\"},\"image\":{\"@id\":\"https:\\\/\\\/versastyledesign.ca\\\/fr\\\/portfolio-de-design\\\/design-de-chambre-a-coucher-a-brossard\\\/#primaryimage\"},\"thumbnailUrl\":\"https:\\\/\\\/versastyledesign.ca\\\/wp-content\\\/uploads\\\/2019\\\/11\\\/Versa-style-design-portfolio-3-2.jpg\",\"datePublished\":\"2019-11-17T17:02:48+00:00\",\"dateModified\":\"2023-08-26T16:47:11+00:00\",\"breadcrumb\":{\"@id\":\"https:\\\/\\\/versastyledesign.ca\\\/fr\\\/portfolio-de-design\\\/design-de-chambre-a-coucher-a-brossard\\\/#breadcrumb\"},\"inLanguage\":\"fr-CA\",\"potentialAction\":[{\"@type\":\"ReadAction\",\"target\":[\"https:\\\/\\\/versastyledesign.ca\\\/fr\\\/portfolio-de-design\\\/design-de-chambre-a-coucher-a-brossard\\\/\"]}]},{\"@type\":\"ImageObject\",\"inLanguage\":\"fr-CA\",\"@id\":\"https:\\\/\\\/versastyledesign.ca\\\/fr\\\/portfolio-de-design\\\/design-de-chambre-a-coucher-a-brossard\\\/#primaryimage\",\"url\":\"https:\\\/\\\/versastyledesign.ca\\\/wp-content\\\/uploads\\\/2019\\\/11\\\/Versa-style-design-portfolio-3-2.jpg\",\"contentUrl\":\"https:\\\/\\\/versastyledesign.ca\\\/wp-content\\\/uploads\\\/2019\\\/11\\\/Versa-style-design-portfolio-3-2.jpg\",\"width\":850,\"height\":603,\"caption\":\"Versa-style-design-portfolio-3-2\"},{\"@type\":\"BreadcrumbList\",\"@id\":\"https:\\\/\\\/versastyledesign.ca\\\/fr\\\/portfolio-de-design\\\/design-de-chambre-a-coucher-a-brossard\\\/#breadcrumb\",\"itemListElement\":[{\"@type\":\"ListItem\",\"position\":1,\"name\":\"Accueil\",\"item\":\"http:\\\/\\\/new.versastyledesign.ca\\\/fr\\\/\"},{\"@type\":\"ListItem\",\"position\":2,\"name\":\"Portfolio de Design\",\"item\":\"http:\\\/\\\/new.versastyledesign.ca\\\/fr\\\/design-portfolio\\\/\"},{\"@type\":\"ListItem\",\"position\":3,\"name\":\"Design de chambre \u00e0 coucher \u00e0 Brossard\"}]},{\"@type\":\"WebSite\",\"@id\":\"http:\\\/\\\/new.versastyledesign.ca\\\/fr\\\/#website\",\"url\":\"http:\\\/\\\/new.versastyledesign.ca\\\/fr\\\/\",\"name\":\"Versa Style Design\",\"description\":\"Design d&#039;int\u00e9rieur et r\u00e9novations \u00e0 Montr\u00e9al\",\"publisher\":{\"@id\":\"http:\\\/\\\/new.versastyledesign.ca\\\/fr\\\/#organization\"},\"potentialAction\":[{\"@type\":\"SearchAction\",\"target\":{\"@type\":\"EntryPoint\",\"urlTemplate\":\"http:\\\/\\\/new.versastyledesign.ca\\\/fr\\\/?s={search_term_string}\"},\"query-input\":{\"@type\":\"PropertyValueSpecification\",\"valueRequired\":true,\"valueName\":\"search_term_string\"}}],\"inLanguage\":\"fr-CA\"},{\"@type\":\"Organization\",\"@id\":\"http:\\\/\\\/new.versastyledesign.ca\\\/fr\\\/#organization\",\"name\":\"Versa Style Design\",\"url\":\"http:\\\/\\\/new.versastyledesign.ca\\\/fr\\\/\",\"logo\":{\"@type\":\"ImageObject\",\"inLanguage\":\"fr-CA\",\"@id\":\"http:\\\/\\\/new.versastyledesign.ca\\\/fr\\\/#\\\/schema\\\/logo\\\/image\\\/\",\"url\":\"https:\\\/\\\/versastyledesign.ca\\\/wp-content\\\/uploads\\\/2019\\\/11\\\/Versa-Style-Design-logo.jpg\",\"contentUrl\":\"https:\\\/\\\/versastyledesign.ca\\\/wp-content\\\/uploads\\\/2019\\\/11\\\/Versa-Style-Design-logo.jpg\",\"width\":2099,\"height\":670,\"caption\":\"Versa Style Design\"},\"image\":{\"@id\":\"http:\\\/\\\/new.versastyledesign.ca\\\/fr\\\/#\\\/schema\\\/logo\\\/image\\\/\"},\"sameAs\":[\"https:\\\/\\\/www.facebook.com\\\/Versastyledesign?ref=hl\",\"https:\\\/\\\/x.com\\\/luciepitt\",\"https:\\\/\\\/www.instagram.com\\\/versastyledesign\\\/\",\"https:\\\/\\\/www.linkedin.com\\\/in\\\/lucie-pitt-54b0ba85\",\"https:\\\/\\\/www.pinterest.com\\\/versastyledesign\\\/\"]}]}<\/script>\n<!-- \/ Yoast SEO plugin. -->","yoast_head_json":{"title":"Design de chambre \u00e0 coucher \u00e0 Brossard - Versa Style Design","robots":{"index":"index","follow":"follow","max-snippet":"max-snippet:-1","max-image-preview":"max-image-preview:large","max-video-preview":"max-video-preview:-1"},"canonical":"https:\/\/versastyledesign.ca\/fr\/portfolio-de-design\/design-de-chambre-a-coucher-a-brossard\/","og_locale":"fr_CA","og_type":"article","og_title":"Design de chambre \u00e0 coucher \u00e0 Brossard - Versa Style Design","og_description":"Lieu: Brossard, Qu\u00e9bec Service de design: Am\u00e9nagement de chambre \u00e0 coucher, conception du mur d\u2019accent, consultation pour les couleurs et les finitions, assistance pour le magasinage, habillage de fen\u00eatre, recrutement des travailleurs sp\u00e9cialis\u00e9s et n\u00e9gociations, gestion de projet. Mat\u00e9riaux utilis\u00e9s: Peinture Sherwin Williams, papier peint pourpre de motif Damasque, lustre moderne en chrome et cristal, [&hellip;]","og_url":"https:\/\/versastyledesign.ca\/fr\/portfolio-de-design\/design-de-chambre-a-coucher-a-brossard\/","og_site_name":"Versa Style Design","article_publisher":"https:\/\/www.facebook.com\/Versastyledesign?ref=hl","article_modified_time":"2023-08-26T16:47:11+00:00","og_image":[{"width":850,"height":603,"url":"https:\/\/new.versastyledesign.ca\/wp-content\/uploads\/2019\/11\/Versa-style-design-portfolio-3-2.jpg","type":"image\/jpeg"}],"twitter_misc":{"Estimation du temps de lecture":"2 minutes"},"schema":{"@context":"https:\/\/schema.org","@graph":[{"@type":"WebPage","@id":"https:\/\/versastyledesign.ca\/fr\/portfolio-de-design\/design-de-chambre-a-coucher-a-brossard\/","url":"https:\/\/versastyledesign.ca\/fr\/portfolio-de-design\/design-de-chambre-a-coucher-a-brossard\/","name":"Design de chambre \u00e0 coucher \u00e0 Brossard - Versa Style Design","isPartOf":{"@id":"http:\/\/new.versastyledesign.ca\/fr\/#website"},"primaryImageOfPage":{"@id":"https:\/\/versastyledesign.ca\/fr\/portfolio-de-design\/design-de-chambre-a-coucher-a-brossard\/#primaryimage"},"image":{"@id":"https:\/\/versastyledesign.ca\/fr\/portfolio-de-design\/design-de-chambre-a-coucher-a-brossard\/#primaryimage"},"thumbnailUrl":"https:\/\/versastyledesign.ca\/wp-content\/uploads\/2019\/11\/Versa-style-design-portfolio-3-2.jpg","datePublished":"2019-11-17T17:02:48+00:00","dateModified":"2023-08-26T16:47:11+00:00","breadcrumb":{"@id":"https:\/\/versastyledesign.ca\/fr\/portfolio-de-design\/design-de-chambre-a-coucher-a-brossard\/#breadcrumb"},"inLanguage":"fr-CA","potentialAction":[{"@type":"ReadAction","target":["https:\/\/versastyledesign.ca\/fr\/portfolio-de-design\/design-de-chambre-a-coucher-a-brossard\/"]}]},{"@type":"ImageObject","inLanguage":"fr-CA","@id":"https:\/\/versastyledesign.ca\/fr\/portfolio-de-design\/design-de-chambre-a-coucher-a-brossard\/#primaryimage","url":"https:\/\/versastyledesign.ca\/wp-content\/uploads\/2019\/11\/Versa-style-design-portfolio-3-2.jpg","contentUrl":"https:\/\/versastyledesign.ca\/wp-content\/uploads\/2019\/11\/Versa-style-design-portfolio-3-2.jpg","width":850,"height":603,"caption":"Versa-style-design-portfolio-3-2"},{"@type":"BreadcrumbList","@id":"https:\/\/versastyledesign.ca\/fr\/portfolio-de-design\/design-de-chambre-a-coucher-a-brossard\/#breadcrumb","itemListElement":[{"@type":"ListItem","position":1,"name":"Accueil","item":"http:\/\/new.versastyledesign.ca\/fr\/"},{"@type":"ListItem","position":2,"name":"Portfolio de Design","item":"http:\/\/new.versastyledesign.ca\/fr\/design-portfolio\/"},{"@type":"ListItem","position":3,"name":"Design de chambre \u00e0 coucher \u00e0 Brossard"}]},{"@type":"WebSite","@id":"http:\/\/new.versastyledesign.ca\/fr\/#website","url":"http:\/\/new.versastyledesign.ca\/fr\/","name":"Versa Style Design","description":"Design d&#039;int\u00e9rieur et r\u00e9novations \u00e0 Montr\u00e9al","publisher":{"@id":"http:\/\/new.versastyledesign.ca\/fr\/#organization"},"potentialAction":[{"@type":"SearchAction","target":{"@type":"EntryPoint","urlTemplate":"http:\/\/new.versastyledesign.ca\/fr\/?s={search_term_string}"},"query-input":{"@type":"PropertyValueSpecification","valueRequired":true,"valueName":"search_term_string"}}],"inLanguage":"fr-CA"},{"@type":"Organization","@id":"http:\/\/new.versastyledesign.ca\/fr\/#organization","name":"Versa Style Design","url":"http:\/\/new.versastyledesign.ca\/fr\/","logo":{"@type":"ImageObject","inLanguage":"fr-CA","@id":"http:\/\/new.versastyledesign.ca\/fr\/#\/schema\/logo\/image\/","url":"https:\/\/versastyledesign.ca\/wp-content\/uploads\/2019\/11\/Versa-Style-Design-logo.jpg","contentUrl":"https:\/\/versastyledesign.ca\/wp-content\/uploads\/2019\/11\/Versa-Style-Design-logo.jpg","width":2099,"height":670,"caption":"Versa Style Design"},"image":{"@id":"http:\/\/new.versastyledesign.ca\/fr\/#\/schema\/logo\/image\/"},"sameAs":["https:\/\/www.facebook.com\/Versastyledesign?ref=hl","https:\/\/x.com\/luciepitt","https:\/\/www.instagram.com\/versastyledesign\/","https:\/\/www.linkedin.com\/in\/lucie-pitt-54b0ba85","https:\/\/www.pinterest.com\/versastyledesign\/"]}]}},"coauthors":[],"author_meta":{"author_link":"https:\/\/versastyledesign.ca\/fr\/author\/lucie-pitt\/","display_name":"Lucie Pitt"},"relative_dates":{"created":"Posted 6 ann\u00e9es ago","modified":"Updated 3 ann\u00e9es ago"},"absolute_dates":{"created":"Posted on 17 novembre 2019","modified":"Updated on 26 ao\u00fbt 2023"},"absolute_dates_time":{"created":"Posted on 17 novembre 2019 17 h 02 min","modified":"Updated on 26 ao\u00fbt 2023 12 h 47 min"},"featured_img_caption":"","featured_img":"https:\/\/versastyledesign.ca\/wp-content\/uploads\/2019\/11\/Versa-style-design-portfolio-3-2.jpg","series_order":"","_links":{"self":[{"href":"https:\/\/versastyledesign.ca\/fr\/wp-json\/wp\/v2\/pages\/13520","targetHints":{"allow":["GET"]}}],"collection":[{"href":"https:\/\/versastyledesign.ca\/fr\/wp-json\/wp\/v2\/pages"}],"about":[{"href":"https:\/\/versastyledesign.ca\/fr\/wp-json\/wp\/v2\/types\/page"}],"author":[{"embeddable":true,"href":"https:\/\/versastyledesign.ca\/fr\/wp-json\/wp\/v2\/users\/2"}],"replies":[{"embeddable":true,"href":"https:\/\/versastyledesign.ca\/fr\/wp-json\/wp\/v2\/comments?post=13520"}],"version-history":[{"count":5,"href":"https:\/\/versastyledesign.ca\/fr\/wp-json\/wp\/v2\/pages\/13520\/revisions"}],"predecessor-version":[{"id":25971,"href":"https:\/\/versastyledesign.ca\/fr\/wp-json\/wp\/v2\/pages\/13520\/revisions\/25971"}],"up":[{"embeddable":true,"href":"https:\/\/versastyledesign.ca\/fr\/wp-json\/wp\/v2\/pages\/1840"}],"wp:featuredmedia":[{"embeddable":true,"href":"https:\/\/versastyledesign.ca\/fr\/wp-json\/wp\/v2\/media\/13522"}],"wp:attachment":[{"href":"https:\/\/versastyledesign.ca\/fr\/wp-json\/wp\/v2\/media?parent=13520"}],"curies":[{"name":"wp","href":"https:\/\/api.w.org\/{rel}","templated":true}]}}