{"id":1371,"date":"2015-06-14T16:15:37","date_gmt":"2015-06-14T16:15:37","guid":{"rendered":"http:\/\/montreal-interior-design.com\/?page_id=1371"},"modified":"2021-06-24T22:40:03","modified_gmt":"2021-06-25T02:40:03","slug":"upholstered-furniture","status":"publish","type":"page","link":"https:\/\/versastyledesign.ca\/fr\/interior-design\/montreal-custom-furniture-design\/upholstered-furniture\/","title":{"rendered":"Upholstered Furniture"},"content":{"rendered":"<h2 style=\"text-align: center;\">Custom Upholstered and Re-Upholstered Furniture<\/h2>\n<p><img loading=\"lazy\" decoding=\"async\" class=\"alignright wp-image-1373\" style=\"margin-top: 3%;\" src=\"https:\/\/montreal-interior-design.com\/wp-content\/uploads\/2015\/06\/Custom-furniture-blue-pink-bed.jpg\" alt=\"Custom furniture blue pink bed\" width=\"360\" height=\"412\"><\/p>\n<p>Custom options are available for every style and budget for creating gorgeous sofas, chairs, ottomans, beds, and more. Your styling options are limitless so you&rsquo;re sure to find the perfect look for your home or office with our expert guidance.<\/p>\n<p>When it comes to upholstery fabric we work with reputable suppliers such as Robert Allen, Kravet, Designer\u2019s Guild, Sunbrella, JF Fabrics and Maxwell with thousands of different fabrics and leathers. You can choose from a selection that spans the spectrum of colors, pattern, texture and durability as well as coordinated collections and durable <i>multipurpose<\/i> fabrics for your interior and outdoor space.<\/p>\n<div class=\"clear-both\"><\/div>\n<p>[gallery_bank type=\u00a0\u00bbimages\u00a0\u00bb format=\u00a0\u00bbthumbnail\u00a0\u00bb title=\u00a0\u00bbtrue\u00a0\u00bb desc=\u00a0\u00bbfalse\u00a0\u00bb responsive=\u00a0\u00bbtrue\u00a0\u00bb animation_effect=\u00a0\u00bbfadeIn\u00a0\u00bb album_title=\u00a0\u00bbtrue\u00a0\u00bb album_id=\u00a0\u00bb38&Prime;]<\/p>\n<h2 style=\"text-align: center;\"><strong>Re-upholstering your older furniture<\/strong><\/h2>\n<p><img loading=\"lazy\" decoding=\"async\" class=\" size-medium wp-image-1380 alignright\" src=\"https:\/\/montreal-interior-design.com\/wp-content\/uploads\/2015\/06\/Custom-Furniture-RE-Upholstery-yellow-chair-300x200.jpg\" alt=\"Custom Furniture RE-Upholstery yellow chair\" width=\"300\" height=\"200\"><\/p>\n<p>Not all furniture was built for a second life, it may not be worth the investment to have it fall apart not long after you re-upholster it, or even fall apart during the process. If you have a piece with a well-made frame, it\u2019s probably worth it. Higher quality furniture, something that was your grandmother\u2019s in the 30s or 40s, is more likely to have a sturdy structure. A well- crafted piece of furniture is usually worth investing in.<\/p>\n<p><b>Why is reupholstering so expensive?<\/b><\/p>\n<p><img loading=\"lazy\" decoding=\"async\" class=\"size-medium wp-image-1382 alignleft\" src=\"https:\/\/montreal-interior-design.com\/wp-content\/uploads\/2015\/06\/Custom-furniture-triple-photo-collage-300x189.jpg\" alt=\"Custom furniture triple photo collage\" width=\"300\" height=\"189\"><\/p>\n<p>The most common misconception is that reupholstering is an economical alternative to buying new furniture. Reupholstering is usually MORE expensive than buying a brand-new piece. It is a time and labour-intensive process that involves specialized skills.<\/p>\n<div class=\"clear-both\"><\/div>\n<p><img loading=\"lazy\" decoding=\"async\" class=\" wp-image-1381 size-medium alignright\" src=\"https:\/\/montreal-interior-design.com\/wp-content\/uploads\/2015\/06\/Custom-furniture-old-couch-200x300.jpg\" alt=\"Custom furniture old couch\" width=\"200\" height=\"300\"><\/p>\n<p>Reupholstering an older piece can involve stripping down completely, reinforcing the frame and the joints, replacing springs\u2014and that\u2019s all before the cost and complexity of fill, padding, and fabric. The exposed wood may need refurbishing or staining, and many clients ask for added trim and a tufted detail with buttons or studs.<\/p>\n<p><a href=\"\/\/www.pinterest.com\/pin\/create\/button\/\" data-pin-do=\"buttonBookmark\" data-pin-color=\"red\" data-pin-height=\"128\"><img decoding=\"async\" src=\"\/\/assets.pinterest.com\/images\/pidgets\/pinit_fg_en_rect_red_28.png\" \/><\/a><\/p>","protected":false},"excerpt":{"rendered":"<p>Custom Upholstered and Re-Upholstered Furniture Custom options are available for every style and budget for creating gorgeous sofas, chairs, ottomans, beds, and more. Your styling options are limitless so you&rsquo;re sure to find the perfect look for your home or office with our expert guidance. When it comes to upholstery fabric we work with reputable [&hellip;]<\/p>\n","protected":false},"author":2,"featured_media":0,"parent":1346,"menu_order":0,"comment_status":"open","ping_status":"closed","template":"","meta":{"advgb_blocks_editor_width":"","advgb_blocks_columns_visual_guide":"","_genesis_hide_title":false,"_genesis_hide_breadcrumbs":false,"_genesis_hide_singular_image":false,"_genesis_hide_footer_widgets":false,"_genesis_custom_body_class":"","_genesis_custom_post_class":"","_genesis_layout":"full-width-content","footnotes":""},"class_list":{"0":"post-1371","1":"page","2":"type-page","3":"status-publish","5":"entry"},"yoast_head":"<!-- This site is optimized with the Yoast SEO plugin v27.4 - https:\/\/yoast.com\/product\/yoast-seo-wordpress\/ -->\n<title>Custom Re-Upholstered Furniture | Montreal Interior Design | Versa Style Design<\/title>\n<meta name=\"description\" content=\"Custom options are available for every style and budget for creating gorgeous sofas, chairs, ottomans, beds, and more.\" \/>\n<meta name=\"robots\" content=\"index, follow, max-snippet:-1, max-image-preview:large, max-video-preview:-1\" \/>\n<link rel=\"canonical\" href=\"https:\/\/versastyledesign.ca\/fr\/interior-design\/montreal-custom-furniture-design\/upholstered-furniture\/\" \/>\n<meta property=\"og:locale\" content=\"fr_CA\" \/>\n<meta property=\"og:type\" content=\"article\" \/>\n<meta property=\"og:title\" content=\"Custom Re-Upholstered Furniture | Montreal Interior Design | Versa Style Design\" \/>\n<meta property=\"og:description\" content=\"Custom options are available for every style and budget for creating gorgeous sofas, chairs, ottomans, beds, and more.\" \/>\n<meta property=\"og:url\" content=\"https:\/\/versastyledesign.ca\/fr\/interior-design\/montreal-custom-furniture-design\/upholstered-furniture\/\" \/>\n<meta property=\"og:site_name\" content=\"Versa Style Design\" \/>\n<meta property=\"article:publisher\" content=\"https:\/\/www.facebook.com\/Versastyledesign?ref=hl\" \/>\n<meta property=\"article:modified_time\" content=\"2021-06-25T02:40:03+00:00\" \/>\n<meta property=\"og:image\" content=\"https:\/\/montreal-interior-design.com\/wp-content\/uploads\/2015\/06\/Custom-furniture-blue-pink-bed.jpg\" \/>\n<meta name=\"twitter:label1\" content=\"Estimation du temps de lecture\" \/>\n\t<meta name=\"twitter:data1\" content=\"2 minutes\" \/>\n<script type=\"application\/ld+json\" class=\"yoast-schema-graph\">{\"@context\":\"https:\\\/\\\/schema.org\",\"@graph\":[{\"@type\":\"WebPage\",\"@id\":\"https:\\\/\\\/versastyledesign.ca\\\/fr\\\/interior-design\\\/montreal-custom-furniture-design\\\/upholstered-furniture\\\/\",\"url\":\"https:\\\/\\\/versastyledesign.ca\\\/fr\\\/interior-design\\\/montreal-custom-furniture-design\\\/upholstered-furniture\\\/\",\"name\":\"Custom Re-Upholstered Furniture | Montreal Interior Design | Versa Style Design\",\"isPartOf\":{\"@id\":\"http:\\\/\\\/new.versastyledesign.ca\\\/fr\\\/#website\"},\"primaryImageOfPage\":{\"@id\":\"https:\\\/\\\/versastyledesign.ca\\\/fr\\\/interior-design\\\/montreal-custom-furniture-design\\\/upholstered-furniture\\\/#primaryimage\"},\"image\":{\"@id\":\"https:\\\/\\\/versastyledesign.ca\\\/fr\\\/interior-design\\\/montreal-custom-furniture-design\\\/upholstered-furniture\\\/#primaryimage\"},\"thumbnailUrl\":\"https:\\\/\\\/montreal-interior-design.com\\\/wp-content\\\/uploads\\\/2015\\\/06\\\/Custom-furniture-blue-pink-bed.jpg\",\"datePublished\":\"2015-06-14T16:15:37+00:00\",\"dateModified\":\"2021-06-25T02:40:03+00:00\",\"description\":\"Custom options are available for every style and budget for creating gorgeous sofas, chairs, ottomans, beds, and more.\",\"breadcrumb\":{\"@id\":\"https:\\\/\\\/versastyledesign.ca\\\/fr\\\/interior-design\\\/montreal-custom-furniture-design\\\/upholstered-furniture\\\/#breadcrumb\"},\"inLanguage\":\"fr-CA\",\"potentialAction\":[{\"@type\":\"ReadAction\",\"target\":[\"https:\\\/\\\/versastyledesign.ca\\\/fr\\\/interior-design\\\/montreal-custom-furniture-design\\\/upholstered-furniture\\\/\"]}]},{\"@type\":\"ImageObject\",\"inLanguage\":\"fr-CA\",\"@id\":\"https:\\\/\\\/versastyledesign.ca\\\/fr\\\/interior-design\\\/montreal-custom-furniture-design\\\/upholstered-furniture\\\/#primaryimage\",\"url\":\"https:\\\/\\\/montreal-interior-design.com\\\/wp-content\\\/uploads\\\/2015\\\/06\\\/Custom-furniture-blue-pink-bed.jpg\",\"contentUrl\":\"https:\\\/\\\/montreal-interior-design.com\\\/wp-content\\\/uploads\\\/2015\\\/06\\\/Custom-furniture-blue-pink-bed.jpg\"},{\"@type\":\"BreadcrumbList\",\"@id\":\"https:\\\/\\\/versastyledesign.ca\\\/fr\\\/interior-design\\\/montreal-custom-furniture-design\\\/upholstered-furniture\\\/#breadcrumb\",\"itemListElement\":[{\"@type\":\"ListItem\",\"position\":1,\"name\":\"Accueil\",\"item\":\"http:\\\/\\\/new.versastyledesign.ca\\\/fr\\\/\"},{\"@type\":\"ListItem\",\"position\":2,\"name\":\"Interior Design\",\"item\":\"https:\\\/\\\/new.versastyledesign.ca\\\/fr\\\/interior-design\\\/\"},{\"@type\":\"ListItem\",\"position\":3,\"name\":\"Montreal Custom Furniture Design\",\"item\":\"https:\\\/\\\/new.versastyledesign.ca\\\/fr\\\/interior-design\\\/montreal-custom-furniture-design\\\/\"},{\"@type\":\"ListItem\",\"position\":4,\"name\":\"Upholstered Furniture\"}]},{\"@type\":\"WebSite\",\"@id\":\"http:\\\/\\\/new.versastyledesign.ca\\\/fr\\\/#website\",\"url\":\"http:\\\/\\\/new.versastyledesign.ca\\\/fr\\\/\",\"name\":\"Versa Style Design\",\"description\":\"Design d&#039;int\u00e9rieur et r\u00e9novations \u00e0 Montr\u00e9al\",\"publisher\":{\"@id\":\"http:\\\/\\\/new.versastyledesign.ca\\\/fr\\\/#organization\"},\"potentialAction\":[{\"@type\":\"SearchAction\",\"target\":{\"@type\":\"EntryPoint\",\"urlTemplate\":\"http:\\\/\\\/new.versastyledesign.ca\\\/fr\\\/?s={search_term_string}\"},\"query-input\":{\"@type\":\"PropertyValueSpecification\",\"valueRequired\":true,\"valueName\":\"search_term_string\"}}],\"inLanguage\":\"fr-CA\"},{\"@type\":\"Organization\",\"@id\":\"http:\\\/\\\/new.versastyledesign.ca\\\/fr\\\/#organization\",\"name\":\"Versa Style Design\",\"url\":\"http:\\\/\\\/new.versastyledesign.ca\\\/fr\\\/\",\"logo\":{\"@type\":\"ImageObject\",\"inLanguage\":\"fr-CA\",\"@id\":\"http:\\\/\\\/new.versastyledesign.ca\\\/fr\\\/#\\\/schema\\\/logo\\\/image\\\/\",\"url\":\"https:\\\/\\\/versastyledesign.ca\\\/wp-content\\\/uploads\\\/2019\\\/11\\\/Versa-Style-Design-logo.jpg\",\"contentUrl\":\"https:\\\/\\\/versastyledesign.ca\\\/wp-content\\\/uploads\\\/2019\\\/11\\\/Versa-Style-Design-logo.jpg\",\"width\":2099,\"height\":670,\"caption\":\"Versa Style Design\"},\"image\":{\"@id\":\"http:\\\/\\\/new.versastyledesign.ca\\\/fr\\\/#\\\/schema\\\/logo\\\/image\\\/\"},\"sameAs\":[\"https:\\\/\\\/www.facebook.com\\\/Versastyledesign?ref=hl\",\"https:\\\/\\\/x.com\\\/luciepitt\",\"https:\\\/\\\/www.instagram.com\\\/versastyledesign\\\/\",\"https:\\\/\\\/www.linkedin.com\\\/in\\\/lucie-pitt-54b0ba85\",\"https:\\\/\\\/www.pinterest.com\\\/versastyledesign\\\/\"]}]}<\/script>\n<!-- \/ Yoast SEO plugin. -->","yoast_head_json":{"title":"Custom Re-Upholstered Furniture | Montreal Interior Design | Versa Style Design","description":"Custom options are available for every style and budget for creating gorgeous sofas, chairs, ottomans, beds, and more.","robots":{"index":"index","follow":"follow","max-snippet":"max-snippet:-1","max-image-preview":"max-image-preview:large","max-video-preview":"max-video-preview:-1"},"canonical":"https:\/\/versastyledesign.ca\/fr\/interior-design\/montreal-custom-furniture-design\/upholstered-furniture\/","og_locale":"fr_CA","og_type":"article","og_title":"Custom Re-Upholstered Furniture | Montreal Interior Design | Versa Style Design","og_description":"Custom options are available for every style and budget for creating gorgeous sofas, chairs, ottomans, beds, and more.","og_url":"https:\/\/versastyledesign.ca\/fr\/interior-design\/montreal-custom-furniture-design\/upholstered-furniture\/","og_site_name":"Versa Style Design","article_publisher":"https:\/\/www.facebook.com\/Versastyledesign?ref=hl","article_modified_time":"2021-06-25T02:40:03+00:00","og_image":[{"url":"https:\/\/montreal-interior-design.com\/wp-content\/uploads\/2015\/06\/Custom-furniture-blue-pink-bed.jpg","type":"","width":"","height":""}],"twitter_misc":{"Estimation du temps de lecture":"2 minutes"},"schema":{"@context":"https:\/\/schema.org","@graph":[{"@type":"WebPage","@id":"https:\/\/versastyledesign.ca\/fr\/interior-design\/montreal-custom-furniture-design\/upholstered-furniture\/","url":"https:\/\/versastyledesign.ca\/fr\/interior-design\/montreal-custom-furniture-design\/upholstered-furniture\/","name":"Custom Re-Upholstered Furniture | Montreal Interior Design | Versa Style Design","isPartOf":{"@id":"http:\/\/new.versastyledesign.ca\/fr\/#website"},"primaryImageOfPage":{"@id":"https:\/\/versastyledesign.ca\/fr\/interior-design\/montreal-custom-furniture-design\/upholstered-furniture\/#primaryimage"},"image":{"@id":"https:\/\/versastyledesign.ca\/fr\/interior-design\/montreal-custom-furniture-design\/upholstered-furniture\/#primaryimage"},"thumbnailUrl":"https:\/\/montreal-interior-design.com\/wp-content\/uploads\/2015\/06\/Custom-furniture-blue-pink-bed.jpg","datePublished":"2015-06-14T16:15:37+00:00","dateModified":"2021-06-25T02:40:03+00:00","description":"Custom options are available for every style and budget for creating gorgeous sofas, chairs, ottomans, beds, and more.","breadcrumb":{"@id":"https:\/\/versastyledesign.ca\/fr\/interior-design\/montreal-custom-furniture-design\/upholstered-furniture\/#breadcrumb"},"inLanguage":"fr-CA","potentialAction":[{"@type":"ReadAction","target":["https:\/\/versastyledesign.ca\/fr\/interior-design\/montreal-custom-furniture-design\/upholstered-furniture\/"]}]},{"@type":"ImageObject","inLanguage":"fr-CA","@id":"https:\/\/versastyledesign.ca\/fr\/interior-design\/montreal-custom-furniture-design\/upholstered-furniture\/#primaryimage","url":"https:\/\/montreal-interior-design.com\/wp-content\/uploads\/2015\/06\/Custom-furniture-blue-pink-bed.jpg","contentUrl":"https:\/\/montreal-interior-design.com\/wp-content\/uploads\/2015\/06\/Custom-furniture-blue-pink-bed.jpg"},{"@type":"BreadcrumbList","@id":"https:\/\/versastyledesign.ca\/fr\/interior-design\/montreal-custom-furniture-design\/upholstered-furniture\/#breadcrumb","itemListElement":[{"@type":"ListItem","position":1,"name":"Accueil","item":"http:\/\/new.versastyledesign.ca\/fr\/"},{"@type":"ListItem","position":2,"name":"Interior Design","item":"https:\/\/new.versastyledesign.ca\/fr\/interior-design\/"},{"@type":"ListItem","position":3,"name":"Montreal Custom Furniture Design","item":"https:\/\/new.versastyledesign.ca\/fr\/interior-design\/montreal-custom-furniture-design\/"},{"@type":"ListItem","position":4,"name":"Upholstered Furniture"}]},{"@type":"WebSite","@id":"http:\/\/new.versastyledesign.ca\/fr\/#website","url":"http:\/\/new.versastyledesign.ca\/fr\/","name":"Versa Style Design","description":"Design d&#039;int\u00e9rieur et r\u00e9novations \u00e0 Montr\u00e9al","publisher":{"@id":"http:\/\/new.versastyledesign.ca\/fr\/#organization"},"potentialAction":[{"@type":"SearchAction","target":{"@type":"EntryPoint","urlTemplate":"http:\/\/new.versastyledesign.ca\/fr\/?s={search_term_string}"},"query-input":{"@type":"PropertyValueSpecification","valueRequired":true,"valueName":"search_term_string"}}],"inLanguage":"fr-CA"},{"@type":"Organization","@id":"http:\/\/new.versastyledesign.ca\/fr\/#organization","name":"Versa Style Design","url":"http:\/\/new.versastyledesign.ca\/fr\/","logo":{"@type":"ImageObject","inLanguage":"fr-CA","@id":"http:\/\/new.versastyledesign.ca\/fr\/#\/schema\/logo\/image\/","url":"https:\/\/versastyledesign.ca\/wp-content\/uploads\/2019\/11\/Versa-Style-Design-logo.jpg","contentUrl":"https:\/\/versastyledesign.ca\/wp-content\/uploads\/2019\/11\/Versa-Style-Design-logo.jpg","width":2099,"height":670,"caption":"Versa Style Design"},"image":{"@id":"http:\/\/new.versastyledesign.ca\/fr\/#\/schema\/logo\/image\/"},"sameAs":["https:\/\/www.facebook.com\/Versastyledesign?ref=hl","https:\/\/x.com\/luciepitt","https:\/\/www.instagram.com\/versastyledesign\/","https:\/\/www.linkedin.com\/in\/lucie-pitt-54b0ba85","https:\/\/www.pinterest.com\/versastyledesign\/"]}]}},"coauthors":[],"author_meta":{"author_link":"https:\/\/versastyledesign.ca\/fr\/author\/lucie-pitt\/","display_name":"Lucie Pitt"},"relative_dates":{"created":"Posted 11 ann\u00e9es ago","modified":"Updated 5 ann\u00e9es ago"},"absolute_dates":{"created":"Posted on 14 juin 2015","modified":"Updated on 24 juin 2021"},"absolute_dates_time":{"created":"Posted on 14 juin 2015 16 h 15 min","modified":"Updated on 24 juin 2021 22 h 40 min"},"featured_img_caption":"","featured_img":false,"series_order":"","_links":{"self":[{"href":"https:\/\/versastyledesign.ca\/fr\/wp-json\/wp\/v2\/pages\/1371","targetHints":{"allow":["GET"]}}],"collection":[{"href":"https:\/\/versastyledesign.ca\/fr\/wp-json\/wp\/v2\/pages"}],"about":[{"href":"https:\/\/versastyledesign.ca\/fr\/wp-json\/wp\/v2\/types\/page"}],"author":[{"embeddable":true,"href":"https:\/\/versastyledesign.ca\/fr\/wp-json\/wp\/v2\/users\/2"}],"replies":[{"embeddable":true,"href":"https:\/\/versastyledesign.ca\/fr\/wp-json\/wp\/v2\/comments?post=1371"}],"version-history":[{"count":1,"href":"https:\/\/versastyledesign.ca\/fr\/wp-json\/wp\/v2\/pages\/1371\/revisions"}],"predecessor-version":[{"id":22325,"href":"https:\/\/versastyledesign.ca\/fr\/wp-json\/wp\/v2\/pages\/1371\/revisions\/22325"}],"up":[{"embeddable":true,"href":"https:\/\/versastyledesign.ca\/fr\/wp-json\/wp\/v2\/pages\/1346"}],"wp:attachment":[{"href":"https:\/\/versastyledesign.ca\/fr\/wp-json\/wp\/v2\/media?parent=1371"}],"curies":[{"name":"wp","href":"https:\/\/api.w.org\/{rel}","templated":true}]}}