{"id":1885,"date":"2015-07-06T00:10:44","date_gmt":"2015-07-06T00:10:44","guid":{"rendered":"http:\/\/montreal-interior-design.com\/?page_id=1885"},"modified":"2023-10-21T13:32:07","modified_gmt":"2023-10-21T17:32:07","slug":"des-murs-exceptionnels","status":"publish","type":"page","link":"https:\/\/versastyledesign.ca\/fr\/design-interieur\/des-murs-exceptionnels\/","title":{"rendered":"Des murs exceptionnels"},"content":{"rendered":"\n<h2 class=\"wp-block-heading\">Des murs exceptionnels avec Versa Style Design<\/h2>\n\n\n<div class=\"wp-block-image\">\n<figure class=\"aligncenter size-large is-resized\"><img loading=\"lazy\" decoding=\"async\" width=\"850\" height=\"567\" src=\"https:\/\/versastyledesign.ca\/wp-content\/uploads\/2020\/01\/design-de-murs-a-montreal-10.jpg\" alt=\"Des murs exceptionnels avec Versa Style Design\" class=\"wp-image-19097\" style=\"width:425px;height:284px\" srcset=\"https:\/\/versastyledesign.ca\/wp-content\/uploads\/2020\/01\/design-de-murs-a-montreal-10.jpg 850w, https:\/\/versastyledesign.ca\/wp-content\/uploads\/2020\/01\/design-de-murs-a-montreal-10-300x200.jpg 300w, https:\/\/versastyledesign.ca\/wp-content\/uploads\/2020\/01\/design-de-murs-a-montreal-10-768x512.jpg 768w\" sizes=\"auto, (max-width: 850px) 100vw, 850px\" \/><\/figure>\n<\/div>\n\n\n<p>Si vous d\u00e9sirez un mur d\u2019accent qui se distingue, alors notre premier conseil est: <em>Ne soyez pas timides!<\/em>  Un mur blanc peut devenir la toile parfaite pour des id\u00e9es cr\u00e9atives,  qu\u2019il soit grand ou petit. Vous pouvez avoir une personnalit\u00e9 r\u00e9serv\u00e9e  et quand m\u00eame d\u00e9sirer un mur d\u2019accent qui cr\u00e9era un point focal  audacieux. Avec la grande vari\u00e9t\u00e9 de rev\u00eatements muraux disponibles aujourd\u2019hui,  vous pouvez facilement ajouter une touche dramatique et donner \u00e0 une  pi\u00e8ce sa propre personnalit\u00e9 et de plus y faire refl\u00e9ter la v\u00f4tre.<\/p>\n\n\n\n<div style=\"height:50px\" aria-hidden=\"true\" class=\"wp-block-spacer\"><\/div>\n\n\n\n<h2 class=\"wp-block-heading\">Des murs avec du style<\/h2>\n\n\n<div class=\"wp-block-image\">\n<figure class=\"aligncenter size-large is-resized\"><img loading=\"lazy\" decoding=\"async\" width=\"850\" height=\"567\" src=\"https:\/\/versastyledesign.ca\/wp-content\/uploads\/2020\/01\/design-de-murs-a-montreal-03.jpg\" alt=\"Des murs avec style\" class=\"wp-image-19099\" style=\"width:425px;height:284px\" srcset=\"https:\/\/versastyledesign.ca\/wp-content\/uploads\/2020\/01\/design-de-murs-a-montreal-03.jpg 850w, https:\/\/versastyledesign.ca\/wp-content\/uploads\/2020\/01\/design-de-murs-a-montreal-03-300x200.jpg 300w, https:\/\/versastyledesign.ca\/wp-content\/uploads\/2020\/01\/design-de-murs-a-montreal-03-768x512.jpg 768w\" sizes=\"auto, (max-width: 850px) 100vw, 850px\" \/><\/figure>\n<\/div>\n\n\n<p>Populaires de nouveaux, les rev\u00eatements et traitements muraux sont \ndevenus le choix des consommateurs qui d\u00e9sirent cr\u00e9er un impact en \ninjectant un \u00e9l\u00e9ment de design qui fait dire: \u00ab Wow \u00bb !<\/p>\n\n\n\n<p>Il existe plusieurs m\u00e9thodes et techniques pour ajouter de la texture\n et de l\u2019int\u00e9r\u00eat visuel \u00e0 un mur. Pour obtenir le maximum d\u2019effet, nous \nint\u00e9grons toujours l\u2019\u00e9clairage d\u2019accent id\u00e9al afin de donner de la vie \u00e0\n votre mur et de cr\u00e9er l\u2019ambiance tant attendue.<\/p>\n\n\n\n<div style=\"height:50px\" aria-hidden=\"true\" class=\"wp-block-spacer\"><\/div>\n\n\n\n<p>Voici quelques id\u00e9es pour vous aider&#8230;<\/p>\n\n\n\n<figure class=\"wp-block-gallery has-nested-images columns-default is-cropped wp-block-gallery-1 is-layout-flex wp-block-gallery-is-layout-flex\">\n<figure class=\"wp-block-image\"><img loading=\"lazy\" decoding=\"async\" width=\"850\" height=\"626\" data-id=\"19111\" src=\"https:\/\/versastyledesign.ca\/wp-content\/uploads\/2020\/01\/design-de-murs-a-montreal-07.jpg\" alt=\"\" class=\"wp-image-19111\" srcset=\"https:\/\/versastyledesign.ca\/wp-content\/uploads\/2020\/01\/design-de-murs-a-montreal-07.jpg 850w, https:\/\/versastyledesign.ca\/wp-content\/uploads\/2020\/01\/design-de-murs-a-montreal-07-300x221.jpg 300w, https:\/\/versastyledesign.ca\/wp-content\/uploads\/2020\/01\/design-de-murs-a-montreal-07-768x566.jpg 768w\" sizes=\"auto, (max-width: 850px) 100vw, 850px\" \/><figcaption class=\"wp-element-caption\">Mur en b\u00e9ton ou en pl\u00e2tre<\/figcaption><\/figure>\n\n\n\n<figure class=\"wp-block-image\"><img loading=\"lazy\" decoding=\"async\" width=\"850\" height=\"567\" data-id=\"19107\" src=\"https:\/\/versastyledesign.ca\/wp-content\/uploads\/2020\/01\/design-de-murs-a-montreal-05.jpg\" alt=\"\" class=\"wp-image-19107\" srcset=\"https:\/\/versastyledesign.ca\/wp-content\/uploads\/2020\/01\/design-de-murs-a-montreal-05.jpg 850w, https:\/\/versastyledesign.ca\/wp-content\/uploads\/2020\/01\/design-de-murs-a-montreal-05-300x200.jpg 300w, https:\/\/versastyledesign.ca\/wp-content\/uploads\/2020\/01\/design-de-murs-a-montreal-05-768x512.jpg 768w\" sizes=\"auto, (max-width: 850px) 100vw, 850px\" \/><figcaption class=\"wp-element-caption\">Murale num\u00e9rique<\/figcaption><\/figure>\n\n\n\n<figure class=\"wp-block-image\"><img loading=\"lazy\" decoding=\"async\" width=\"850\" height=\"479\" data-id=\"19105\" src=\"https:\/\/versastyledesign.ca\/wp-content\/uploads\/2020\/01\/design-de-murs-a-montreal-04.jpg\" alt=\"\" class=\"wp-image-19105\" srcset=\"https:\/\/versastyledesign.ca\/wp-content\/uploads\/2020\/01\/design-de-murs-a-montreal-04.jpg 850w, https:\/\/versastyledesign.ca\/wp-content\/uploads\/2020\/01\/design-de-murs-a-montreal-04-300x169.jpg 300w, https:\/\/versastyledesign.ca\/wp-content\/uploads\/2020\/01\/design-de-murs-a-montreal-04-768x433.jpg 768w\" sizes=\"auto, (max-width: 850px) 100vw, 850px\" \/><figcaption class=\"wp-element-caption\">Mur d&rsquo;accent en brique<\/figcaption><\/figure>\n\n\n\n<figure class=\"wp-block-image\"><img loading=\"lazy\" decoding=\"async\" width=\"850\" height=\"567\" data-id=\"19113\" src=\"https:\/\/versastyledesign.ca\/wp-content\/uploads\/2020\/01\/design-de-murs-a-montreal-08.jpg\" alt=\"\" class=\"wp-image-19113\" srcset=\"https:\/\/versastyledesign.ca\/wp-content\/uploads\/2020\/01\/design-de-murs-a-montreal-08.jpg 850w, https:\/\/versastyledesign.ca\/wp-content\/uploads\/2020\/01\/design-de-murs-a-montreal-08-300x200.jpg 300w, https:\/\/versastyledesign.ca\/wp-content\/uploads\/2020\/01\/design-de-murs-a-montreal-08-768x512.jpg 768w\" sizes=\"auto, (max-width: 850px) 100vw, 850px\" \/><figcaption class=\"wp-element-caption\">Papier peint<\/figcaption><\/figure>\n\n\n\n<figure class=\"wp-block-image size-full\"><img loading=\"lazy\" decoding=\"async\" width=\"1000\" height=\"705\" data-id=\"24392\" src=\"https:\/\/versastyledesign.ca\/wp-content\/uploads\/2022\/10\/murs-avec-panneaux-de-bois.jpg\" alt=\"\" class=\"wp-image-24392\" srcset=\"https:\/\/versastyledesign.ca\/wp-content\/uploads\/2022\/10\/murs-avec-panneaux-de-bois.jpg 1000w, https:\/\/versastyledesign.ca\/wp-content\/uploads\/2022\/10\/murs-avec-panneaux-de-bois-300x212.jpg 300w, https:\/\/versastyledesign.ca\/wp-content\/uploads\/2022\/10\/murs-avec-panneaux-de-bois-768x541.jpg 768w\" sizes=\"auto, (max-width: 1000px) 100vw, 1000px\" \/><figcaption class=\"wp-element-caption\">Panneaux muraux en bois<\/figcaption><\/figure>\n\n\n\n<figure class=\"wp-block-image\"><img loading=\"lazy\" decoding=\"async\" width=\"850\" height=\"566\" data-id=\"19103\" src=\"https:\/\/versastyledesign.ca\/wp-content\/uploads\/2020\/01\/design-de-murs-a-montreal-02.jpg\" alt=\"\" class=\"wp-image-19103\" srcset=\"https:\/\/versastyledesign.ca\/wp-content\/uploads\/2020\/01\/design-de-murs-a-montreal-02.jpg 850w, https:\/\/versastyledesign.ca\/wp-content\/uploads\/2020\/01\/design-de-murs-a-montreal-02-300x200.jpg 300w, https:\/\/versastyledesign.ca\/wp-content\/uploads\/2020\/01\/design-de-murs-a-montreal-02-768x511.jpg 768w\" sizes=\"auto, (max-width: 850px) 100vw, 850px\" \/><figcaption class=\"wp-element-caption\">Murale peinte \u00e0 la main<\/figcaption><\/figure>\n\n\n\n<figure class=\"wp-block-image\"><img loading=\"lazy\" decoding=\"async\" width=\"850\" height=\"568\" data-id=\"19101\" src=\"https:\/\/versastyledesign.ca\/wp-content\/uploads\/2020\/01\/design-de-murs-a-montreal-01.jpg\" alt=\"\" class=\"wp-image-19101\" srcset=\"https:\/\/versastyledesign.ca\/wp-content\/uploads\/2020\/01\/design-de-murs-a-montreal-01.jpg 850w, https:\/\/versastyledesign.ca\/wp-content\/uploads\/2020\/01\/design-de-murs-a-montreal-01-300x200.jpg 300w, https:\/\/versastyledesign.ca\/wp-content\/uploads\/2020\/01\/design-de-murs-a-montreal-01-768x513.jpg 768w\" sizes=\"auto, (max-width: 850px) 100vw, 850px\" \/><figcaption class=\"wp-element-caption\">Mur d&rsquo;accent en pierre<\/figcaption><\/figure>\n\n\n\n<figure class=\"wp-block-image\"><img loading=\"lazy\" decoding=\"async\" width=\"850\" height=\"567\" data-id=\"19109\" src=\"https:\/\/versastyledesign.ca\/wp-content\/uploads\/2020\/01\/design-de-murs-a-montreal-06.jpg\" alt=\"\" class=\"wp-image-19109\" srcset=\"https:\/\/versastyledesign.ca\/wp-content\/uploads\/2020\/01\/design-de-murs-a-montreal-06.jpg 850w, https:\/\/versastyledesign.ca\/wp-content\/uploads\/2020\/01\/design-de-murs-a-montreal-06-300x200.jpg 300w, https:\/\/versastyledesign.ca\/wp-content\/uploads\/2020\/01\/design-de-murs-a-montreal-06-768x512.jpg 768w\" sizes=\"auto, (max-width: 850px) 100vw, 850px\" \/><figcaption class=\"wp-element-caption\">Moulures et lambris<\/figcaption><\/figure>\n<\/figure>\n\n\n\n<div style=\"height:50px\" aria-hidden=\"true\" class=\"wp-block-spacer\"><\/div>\n\n\n\n<p>Les rev\u00eatements et traitements muraux peuvent rehausser n\u2019importe  quel espace r\u00e9sidentiel ou commercial puisqu\u2019ils sont contemporains et  simples. Ils peuvent \u00eatre install\u00e9s rapidement et \u00e9conomiquement par nos experts installateurs.<\/p>\n\n\n\n<p>Peu importe le mur, allez-y pour un mur qui fait dire \u00ab Wow \u00bb avec Versa Style Design.<a href=\"https:\/\/versastyledesign.ca\/fr\/contactez-nous\/\"> Contactez-nous!<\/a><\/p>\n\n\n\n<div style=\"height:50px\" aria-hidden=\"true\" class=\"wp-block-spacer\"><\/div>\n\n\n\n<h2 class=\"wp-block-heading\">Experts en services de design d\u2019int\u00e9rieur  <\/h2>\n\n\n\n<blockquote class=\"wp-block-quote is-layout-flow wp-block-quote-is-layout-flow\">\n<p>J\u2019ai l\u2019impression d\u2019\u00eatre d\u00e9m\u00e9nag\u00e9e et pourtant je suis au m\u00eame endroit! Encore  une fois, un GROS merci!  <\/p>\n<cite> <strong>Denise Cardinal<\/strong>,  Montr\u00e9al, QC.   <\/cite><\/blockquote>\n\n\n\n<div style=\"height:50px\" aria-hidden=\"true\" class=\"wp-block-spacer\"><\/div>\n\n\n\n<h2 class=\"wp-block-heading\">\u00cates-vous situ\u00e9 dans la grande r\u00e9gion de Montr\u00e9al?<\/h2>\n\n\n\n<div style=\"height:50px\" aria-hidden=\"true\" class=\"wp-block-spacer\"><\/div>\n\n\n\n<div class=\"wp-block-buttons is-content-justification-center is-layout-flex wp-container-core-buttons-is-layout-16018d1d wp-block-buttons-is-layout-flex\">\n<div class=\"wp-block-button button-inverse\"><a class=\"wp-block-button__link has-text-color has-background has-link-color wp-element-button\" href=\"\/fr\/forfait-de-design-interieur\/versa-style-design-premiere-consultation\/\" style=\"color:#d53652;background-color:#f3f3f3\">Premi\u00e8re consultation<\/a><\/div>\n<\/div>\n\n\n\n<div style=\"height:25px\" aria-hidden=\"true\" class=\"wp-block-spacer\"><\/div>\n<p><a href=\"\/\/www.pinterest.com\/pin\/create\/button\/\" data-pin-do=\"buttonBookmark\" data-pin-color=\"red\" data-pin-height=\"128\"><img decoding=\"async\" src=\"\/\/assets.pinterest.com\/images\/pidgets\/pinit_fg_en_rect_red_28.png\" \/><\/a><\/p>","protected":false},"excerpt":{"rendered":"<p>Des murs exceptionnels avec Versa Style Design Si vous d\u00e9sirez un mur d\u2019accent qui se distingue, alors notre premier conseil est: Ne soyez pas timides! Un mur blanc peut devenir la toile parfaite pour des id\u00e9es cr\u00e9atives, qu\u2019il soit grand ou petit. Vous pouvez avoir une personnalit\u00e9 r\u00e9serv\u00e9e et quand m\u00eame d\u00e9sirer un mur d\u2019accent [&hellip;]<\/p>\n","protected":false},"author":2,"featured_media":19097,"parent":1628,"menu_order":0,"comment_status":"open","ping_status":"closed","template":"","meta":{"advgb_blocks_editor_width":"","advgb_blocks_columns_visual_guide":"","_genesis_hide_title":false,"_genesis_hide_breadcrumbs":false,"_genesis_hide_singular_image":false,"_genesis_hide_footer_widgets":false,"_genesis_custom_body_class":"","_genesis_custom_post_class":"","_genesis_layout":"full-width-content","footnotes":""},"class_list":{"0":"post-1885","1":"page","2":"type-page","3":"status-publish","4":"has-post-thumbnail","6":"entry"},"yoast_head":"<!-- This site is optimized with the Yoast SEO plugin v27.4 - https:\/\/yoast.com\/product\/yoast-seo-wordpress\/ -->\n<title>Des murs exceptionnels - Versa Style Design<\/title>\n<meta name=\"description\" content=\"Versa Style Design propos\u00e9 des designs muraux personnalis\u00e9s exceptionnels dans les maisons de la r\u00e9gion du Grand Montr\u00e9al.\" \/>\n<meta name=\"robots\" content=\"index, follow, max-snippet:-1, max-image-preview:large, max-video-preview:-1\" \/>\n<link rel=\"canonical\" href=\"https:\/\/versastyledesign.ca\/fr\/design-interieur\/des-murs-exceptionnels\/\" \/>\n<meta property=\"og:locale\" content=\"fr_CA\" \/>\n<meta property=\"og:type\" content=\"article\" \/>\n<meta property=\"og:title\" content=\"Des murs exceptionnels - Versa Style Design\" \/>\n<meta property=\"og:description\" content=\"Versa Style Design propos\u00e9 des designs muraux personnalis\u00e9s exceptionnels dans les maisons de la r\u00e9gion du Grand Montr\u00e9al.\" \/>\n<meta property=\"og:url\" content=\"https:\/\/versastyledesign.ca\/fr\/design-interieur\/des-murs-exceptionnels\/\" \/>\n<meta property=\"og:site_name\" content=\"Versa Style Design\" \/>\n<meta property=\"article:publisher\" content=\"https:\/\/www.facebook.com\/Versastyledesign?ref=hl\" \/>\n<meta property=\"article:modified_time\" content=\"2023-10-21T17:32:07+00:00\" \/>\n<meta property=\"og:image\" content=\"https:\/\/new.versastyledesign.ca\/wp-content\/uploads\/2020\/01\/design-de-murs-a-montreal-10.jpg\" \/>\n\t<meta property=\"og:image:width\" content=\"850\" \/>\n\t<meta property=\"og:image:height\" content=\"567\" \/>\n\t<meta property=\"og:image:type\" content=\"image\/jpeg\" \/>\n<meta name=\"twitter:label1\" content=\"Estimation du temps de lecture\" \/>\n\t<meta name=\"twitter:data1\" content=\"4 minutes\" \/>\n<script type=\"application\/ld+json\" class=\"yoast-schema-graph\">{\"@context\":\"https:\\\/\\\/schema.org\",\"@graph\":[{\"@type\":\"WebPage\",\"@id\":\"https:\\\/\\\/versastyledesign.ca\\\/fr\\\/design-interieur\\\/des-murs-exceptionnels\\\/\",\"url\":\"https:\\\/\\\/versastyledesign.ca\\\/fr\\\/design-interieur\\\/des-murs-exceptionnels\\\/\",\"name\":\"Des murs exceptionnels - Versa Style Design\",\"isPartOf\":{\"@id\":\"http:\\\/\\\/new.versastyledesign.ca\\\/fr\\\/#website\"},\"primaryImageOfPage\":{\"@id\":\"https:\\\/\\\/versastyledesign.ca\\\/fr\\\/design-interieur\\\/des-murs-exceptionnels\\\/#primaryimage\"},\"image\":{\"@id\":\"https:\\\/\\\/versastyledesign.ca\\\/fr\\\/design-interieur\\\/des-murs-exceptionnels\\\/#primaryimage\"},\"thumbnailUrl\":\"https:\\\/\\\/versastyledesign.ca\\\/wp-content\\\/uploads\\\/2020\\\/01\\\/design-de-murs-a-montreal-10.jpg\",\"datePublished\":\"2015-07-06T00:10:44+00:00\",\"dateModified\":\"2023-10-21T17:32:07+00:00\",\"description\":\"Versa Style Design propos\u00e9 des designs muraux personnalis\u00e9s exceptionnels dans les maisons de la r\u00e9gion du Grand Montr\u00e9al.\",\"breadcrumb\":{\"@id\":\"https:\\\/\\\/versastyledesign.ca\\\/fr\\\/design-interieur\\\/des-murs-exceptionnels\\\/#breadcrumb\"},\"inLanguage\":\"fr-CA\",\"potentialAction\":[{\"@type\":\"ReadAction\",\"target\":[\"https:\\\/\\\/versastyledesign.ca\\\/fr\\\/design-interieur\\\/des-murs-exceptionnels\\\/\"]}]},{\"@type\":\"ImageObject\",\"inLanguage\":\"fr-CA\",\"@id\":\"https:\\\/\\\/versastyledesign.ca\\\/fr\\\/design-interieur\\\/des-murs-exceptionnels\\\/#primaryimage\",\"url\":\"https:\\\/\\\/versastyledesign.ca\\\/wp-content\\\/uploads\\\/2020\\\/01\\\/design-de-murs-a-montreal-10.jpg\",\"contentUrl\":\"https:\\\/\\\/versastyledesign.ca\\\/wp-content\\\/uploads\\\/2020\\\/01\\\/design-de-murs-a-montreal-10.jpg\",\"width\":850,\"height\":567},{\"@type\":\"BreadcrumbList\",\"@id\":\"https:\\\/\\\/versastyledesign.ca\\\/fr\\\/design-interieur\\\/des-murs-exceptionnels\\\/#breadcrumb\",\"itemListElement\":[{\"@type\":\"ListItem\",\"position\":1,\"name\":\"Accueil\",\"item\":\"http:\\\/\\\/new.versastyledesign.ca\\\/fr\\\/\"},{\"@type\":\"ListItem\",\"position\":2,\"name\":\"Design Int\u00e9rieur\",\"item\":\"https:\\\/\\\/new.versastyledesign.ca\\\/fr\\\/design-interieur\\\/\"},{\"@type\":\"ListItem\",\"position\":3,\"name\":\"Des murs exceptionnels\"}]},{\"@type\":\"WebSite\",\"@id\":\"http:\\\/\\\/new.versastyledesign.ca\\\/fr\\\/#website\",\"url\":\"http:\\\/\\\/new.versastyledesign.ca\\\/fr\\\/\",\"name\":\"Versa Style Design\",\"description\":\"Design d&#039;int\u00e9rieur et r\u00e9novations \u00e0 Montr\u00e9al\",\"publisher\":{\"@id\":\"http:\\\/\\\/new.versastyledesign.ca\\\/fr\\\/#organization\"},\"potentialAction\":[{\"@type\":\"SearchAction\",\"target\":{\"@type\":\"EntryPoint\",\"urlTemplate\":\"http:\\\/\\\/new.versastyledesign.ca\\\/fr\\\/?s={search_term_string}\"},\"query-input\":{\"@type\":\"PropertyValueSpecification\",\"valueRequired\":true,\"valueName\":\"search_term_string\"}}],\"inLanguage\":\"fr-CA\"},{\"@type\":\"Organization\",\"@id\":\"http:\\\/\\\/new.versastyledesign.ca\\\/fr\\\/#organization\",\"name\":\"Versa Style Design\",\"url\":\"http:\\\/\\\/new.versastyledesign.ca\\\/fr\\\/\",\"logo\":{\"@type\":\"ImageObject\",\"inLanguage\":\"fr-CA\",\"@id\":\"http:\\\/\\\/new.versastyledesign.ca\\\/fr\\\/#\\\/schema\\\/logo\\\/image\\\/\",\"url\":\"https:\\\/\\\/versastyledesign.ca\\\/wp-content\\\/uploads\\\/2019\\\/11\\\/Versa-Style-Design-logo.jpg\",\"contentUrl\":\"https:\\\/\\\/versastyledesign.ca\\\/wp-content\\\/uploads\\\/2019\\\/11\\\/Versa-Style-Design-logo.jpg\",\"width\":2099,\"height\":670,\"caption\":\"Versa Style Design\"},\"image\":{\"@id\":\"http:\\\/\\\/new.versastyledesign.ca\\\/fr\\\/#\\\/schema\\\/logo\\\/image\\\/\"},\"sameAs\":[\"https:\\\/\\\/www.facebook.com\\\/Versastyledesign?ref=hl\",\"https:\\\/\\\/x.com\\\/luciepitt\",\"https:\\\/\\\/www.instagram.com\\\/versastyledesign\\\/\",\"https:\\\/\\\/www.linkedin.com\\\/in\\\/lucie-pitt-54b0ba85\",\"https:\\\/\\\/www.pinterest.com\\\/versastyledesign\\\/\"]}]}<\/script>\n<!-- \/ Yoast SEO plugin. -->","yoast_head_json":{"title":"Des murs exceptionnels - Versa Style Design","description":"Versa Style Design propos\u00e9 des designs muraux personnalis\u00e9s exceptionnels dans les maisons de la r\u00e9gion du Grand Montr\u00e9al.","robots":{"index":"index","follow":"follow","max-snippet":"max-snippet:-1","max-image-preview":"max-image-preview:large","max-video-preview":"max-video-preview:-1"},"canonical":"https:\/\/versastyledesign.ca\/fr\/design-interieur\/des-murs-exceptionnels\/","og_locale":"fr_CA","og_type":"article","og_title":"Des murs exceptionnels - Versa Style Design","og_description":"Versa Style Design propos\u00e9 des designs muraux personnalis\u00e9s exceptionnels dans les maisons de la r\u00e9gion du Grand Montr\u00e9al.","og_url":"https:\/\/versastyledesign.ca\/fr\/design-interieur\/des-murs-exceptionnels\/","og_site_name":"Versa Style Design","article_publisher":"https:\/\/www.facebook.com\/Versastyledesign?ref=hl","article_modified_time":"2023-10-21T17:32:07+00:00","og_image":[{"width":850,"height":567,"url":"https:\/\/new.versastyledesign.ca\/wp-content\/uploads\/2020\/01\/design-de-murs-a-montreal-10.jpg","type":"image\/jpeg"}],"twitter_misc":{"Estimation du temps de lecture":"4 minutes"},"schema":{"@context":"https:\/\/schema.org","@graph":[{"@type":"WebPage","@id":"https:\/\/versastyledesign.ca\/fr\/design-interieur\/des-murs-exceptionnels\/","url":"https:\/\/versastyledesign.ca\/fr\/design-interieur\/des-murs-exceptionnels\/","name":"Des murs exceptionnels - Versa Style Design","isPartOf":{"@id":"http:\/\/new.versastyledesign.ca\/fr\/#website"},"primaryImageOfPage":{"@id":"https:\/\/versastyledesign.ca\/fr\/design-interieur\/des-murs-exceptionnels\/#primaryimage"},"image":{"@id":"https:\/\/versastyledesign.ca\/fr\/design-interieur\/des-murs-exceptionnels\/#primaryimage"},"thumbnailUrl":"https:\/\/versastyledesign.ca\/wp-content\/uploads\/2020\/01\/design-de-murs-a-montreal-10.jpg","datePublished":"2015-07-06T00:10:44+00:00","dateModified":"2023-10-21T17:32:07+00:00","description":"Versa Style Design propos\u00e9 des designs muraux personnalis\u00e9s exceptionnels dans les maisons de la r\u00e9gion du Grand Montr\u00e9al.","breadcrumb":{"@id":"https:\/\/versastyledesign.ca\/fr\/design-interieur\/des-murs-exceptionnels\/#breadcrumb"},"inLanguage":"fr-CA","potentialAction":[{"@type":"ReadAction","target":["https:\/\/versastyledesign.ca\/fr\/design-interieur\/des-murs-exceptionnels\/"]}]},{"@type":"ImageObject","inLanguage":"fr-CA","@id":"https:\/\/versastyledesign.ca\/fr\/design-interieur\/des-murs-exceptionnels\/#primaryimage","url":"https:\/\/versastyledesign.ca\/wp-content\/uploads\/2020\/01\/design-de-murs-a-montreal-10.jpg","contentUrl":"https:\/\/versastyledesign.ca\/wp-content\/uploads\/2020\/01\/design-de-murs-a-montreal-10.jpg","width":850,"height":567},{"@type":"BreadcrumbList","@id":"https:\/\/versastyledesign.ca\/fr\/design-interieur\/des-murs-exceptionnels\/#breadcrumb","itemListElement":[{"@type":"ListItem","position":1,"name":"Accueil","item":"http:\/\/new.versastyledesign.ca\/fr\/"},{"@type":"ListItem","position":2,"name":"Design Int\u00e9rieur","item":"https:\/\/new.versastyledesign.ca\/fr\/design-interieur\/"},{"@type":"ListItem","position":3,"name":"Des murs exceptionnels"}]},{"@type":"WebSite","@id":"http:\/\/new.versastyledesign.ca\/fr\/#website","url":"http:\/\/new.versastyledesign.ca\/fr\/","name":"Versa Style Design","description":"Design d&#039;int\u00e9rieur et r\u00e9novations \u00e0 Montr\u00e9al","publisher":{"@id":"http:\/\/new.versastyledesign.ca\/fr\/#organization"},"potentialAction":[{"@type":"SearchAction","target":{"@type":"EntryPoint","urlTemplate":"http:\/\/new.versastyledesign.ca\/fr\/?s={search_term_string}"},"query-input":{"@type":"PropertyValueSpecification","valueRequired":true,"valueName":"search_term_string"}}],"inLanguage":"fr-CA"},{"@type":"Organization","@id":"http:\/\/new.versastyledesign.ca\/fr\/#organization","name":"Versa Style Design","url":"http:\/\/new.versastyledesign.ca\/fr\/","logo":{"@type":"ImageObject","inLanguage":"fr-CA","@id":"http:\/\/new.versastyledesign.ca\/fr\/#\/schema\/logo\/image\/","url":"https:\/\/versastyledesign.ca\/wp-content\/uploads\/2019\/11\/Versa-Style-Design-logo.jpg","contentUrl":"https:\/\/versastyledesign.ca\/wp-content\/uploads\/2019\/11\/Versa-Style-Design-logo.jpg","width":2099,"height":670,"caption":"Versa Style Design"},"image":{"@id":"http:\/\/new.versastyledesign.ca\/fr\/#\/schema\/logo\/image\/"},"sameAs":["https:\/\/www.facebook.com\/Versastyledesign?ref=hl","https:\/\/x.com\/luciepitt","https:\/\/www.instagram.com\/versastyledesign\/","https:\/\/www.linkedin.com\/in\/lucie-pitt-54b0ba85","https:\/\/www.pinterest.com\/versastyledesign\/"]}]}},"coauthors":[],"author_meta":{"author_link":"https:\/\/versastyledesign.ca\/fr\/author\/lucie-pitt\/","display_name":"Lucie Pitt"},"relative_dates":{"created":"Posted 11 ann\u00e9es ago","modified":"Updated 3 ann\u00e9es ago"},"absolute_dates":{"created":"Posted on 6 juillet 2015","modified":"Updated on 21 octobre 2023"},"absolute_dates_time":{"created":"Posted on 6 juillet 2015 0 h 10 min","modified":"Updated on 21 octobre 2023 13 h 32 min"},"featured_img_caption":"","featured_img":"https:\/\/versastyledesign.ca\/wp-content\/uploads\/2020\/01\/design-de-murs-a-montreal-10.jpg","series_order":"","_links":{"self":[{"href":"https:\/\/versastyledesign.ca\/fr\/wp-json\/wp\/v2\/pages\/1885","targetHints":{"allow":["GET"]}}],"collection":[{"href":"https:\/\/versastyledesign.ca\/fr\/wp-json\/wp\/v2\/pages"}],"about":[{"href":"https:\/\/versastyledesign.ca\/fr\/wp-json\/wp\/v2\/types\/page"}],"author":[{"embeddable":true,"href":"https:\/\/versastyledesign.ca\/fr\/wp-json\/wp\/v2\/users\/2"}],"replies":[{"embeddable":true,"href":"https:\/\/versastyledesign.ca\/fr\/wp-json\/wp\/v2\/comments?post=1885"}],"version-history":[{"count":5,"href":"https:\/\/versastyledesign.ca\/fr\/wp-json\/wp\/v2\/pages\/1885\/revisions"}],"predecessor-version":[{"id":26837,"href":"https:\/\/versastyledesign.ca\/fr\/wp-json\/wp\/v2\/pages\/1885\/revisions\/26837"}],"up":[{"embeddable":true,"href":"https:\/\/versastyledesign.ca\/fr\/wp-json\/wp\/v2\/pages\/1628"}],"wp:featuredmedia":[{"embeddable":true,"href":"https:\/\/versastyledesign.ca\/fr\/wp-json\/wp\/v2\/media\/19097"}],"wp:attachment":[{"href":"https:\/\/versastyledesign.ca\/fr\/wp-json\/wp\/v2\/media?parent=1885"}],"curies":[{"name":"wp","href":"https:\/\/api.w.org\/{rel}","templated":true}]}}