{"id":1949,"date":"2015-07-21T01:32:43","date_gmt":"2015-07-21T01:32:43","guid":{"rendered":"http:\/\/montreal-interior-design.com\/?page_id=1949"},"modified":"2024-06-18T10:59:12","modified_gmt":"2024-06-18T14:59:12","slug":"cinema-maison-et-media","status":"publish","type":"page","link":"https:\/\/versastyledesign.ca\/fr\/on-sorganise\/cinema-maison-et-media\/","title":{"rendered":"Design de cin\u00e9ma maison \u00e0 Montr\u00e9al"},"content":{"rendered":"\n<h2 class=\"wp-block-heading\">Rien ne peut surpasser une zone de<br> divertissements multim\u00e9dias bien con\u00e7ue<\/h2>\n\n\n<div class=\"wp-block-image\">\n<figure class=\"aligncenter size-large is-resized\"><img loading=\"lazy\" decoding=\"async\" width=\"850\" height=\"599\" src=\"https:\/\/versastyledesign.ca\/wp-content\/uploads\/2019\/12\/design-cinema-maison-montreal-01.jpg\" alt=\"une zone de divertissements multim\u00e9dias\" class=\"wp-image-18744\" style=\"width:425px;height:300px\" srcset=\"https:\/\/versastyledesign.ca\/wp-content\/uploads\/2019\/12\/design-cinema-maison-montreal-01.jpg 850w, https:\/\/versastyledesign.ca\/wp-content\/uploads\/2019\/12\/design-cinema-maison-montreal-01-300x211.jpg 300w, https:\/\/versastyledesign.ca\/wp-content\/uploads\/2019\/12\/design-cinema-maison-montreal-01-768x541.jpg 768w\" sizes=\"auto, (max-width: 850px) 100vw, 850px\" \/><\/figure>\n<\/div>\n\n\n<p>Si  vous poss\u00e9dez tout le mat\u00e9riel pour un centre multim\u00e9dia et cin\u00e9ma  maison: \u00e9cran plat, disques, iPod, films, jeux, Netflix, Blu Ray, internet et  plus encore, vous avez besoin d\u2019une unit\u00e9 pour tout structurer. Que vous  ayez une famille nombreuse ou que vous receviez des groupes pour les  finales de la Coupe Stanley et pour le Super Bowl, nous pouvons vous  aider \u00e0 tirer profit du meilleur am\u00e9nagement possible pour votre centre  multim\u00e9dia et cin\u00e9ma maison.<\/p>\n\n\n\n<div style=\"height:50px\" aria-hidden=\"true\" class=\"wp-block-spacer\"><\/div>\n\n\n\n<h2 class=\"wp-block-heading\">Cin\u00e9ma maison confortable<\/h2>\n\n\n<div class=\"wp-block-image\">\n<figure class=\"aligncenter size-large is-resized\"><img loading=\"lazy\" decoding=\"async\" width=\"850\" height=\"623\" src=\"https:\/\/versastyledesign.ca\/wp-content\/uploads\/2019\/12\/design-cinema-maison-montreal-02.jpg\" alt=\"Cin\u00e9ma maison confortable\" class=\"wp-image-18746\" style=\"width:425px;height:312px\" srcset=\"https:\/\/versastyledesign.ca\/wp-content\/uploads\/2019\/12\/design-cinema-maison-montreal-02.jpg 850w, https:\/\/versastyledesign.ca\/wp-content\/uploads\/2019\/12\/design-cinema-maison-montreal-02-300x220.jpg 300w, https:\/\/versastyledesign.ca\/wp-content\/uploads\/2019\/12\/design-cinema-maison-montreal-02-768x563.jpg 768w\" sizes=\"auto, (max-width: 850px) 100vw, 850px\" \/><\/figure>\n<\/div>\n\n\n<p>En plus du rangement pour les composantes \u00e9lectroniques, vous aurez \nbesoin de fauteuils confortables, d\u2019\u00e9clairage ad\u00e9quat et d\u2019une ou deux \ntables d\u2019appoint pour les rafra\u00eechissements. Le filage ne doit pas \u00eatre \napparent (m\u00eame les syst\u00e8mes sans fils en sont munis) et l\u2019endroit doit \n\u00eatre s\u00e9curitaire pour les enfants et les animaux.<\/p>\n\n\n\n<div style=\"height:50px\" aria-hidden=\"true\" class=\"wp-block-spacer\"><\/div>\n\n\n\n<h2 class=\"wp-block-heading\">Solutions de rangement pour cin\u00e9ma maison<\/h2>\n\n\n\n<p>Plusieurs\n de nos clients, souhaitent int\u00e9grer du rangement additionnel pour les \njeux, les albums photos, les livres et les bibelots pour lesquels nous \nconcevons l\u2019unit\u00e9 murale id\u00e9ale. Quant aux espaces plus restreints, nous\n vous conseillerons une gamme de meubles pouvant accommoder l\u2019espace \nessentiel pour votre rangement.<\/p>\n\n\n<div class=\"wp-block-image\">\n<figure class=\"aligncenter size-large is-resized\"><img loading=\"lazy\" decoding=\"async\" width=\"850\" height=\"479\" src=\"https:\/\/versastyledesign.ca\/wp-content\/uploads\/2019\/12\/design-cinema-maison-montreal-03.jpg\" alt=\"Solutions de rangement pour cin\u00e9ma maison\" class=\"wp-image-18748\" style=\"width:425px;height:240px\" srcset=\"https:\/\/versastyledesign.ca\/wp-content\/uploads\/2019\/12\/design-cinema-maison-montreal-03.jpg 850w, https:\/\/versastyledesign.ca\/wp-content\/uploads\/2019\/12\/design-cinema-maison-montreal-03-300x169.jpg 300w, https:\/\/versastyledesign.ca\/wp-content\/uploads\/2019\/12\/design-cinema-maison-montreal-03-768x433.jpg 768w\" sizes=\"auto, (max-width: 850px) 100vw, 850px\" \/><\/figure>\n<\/div>\n\n\n<p>Nous\n pouvons aussi vous soumettre des id\u00e9es et des plans pour \u00e9laborer de \nmagnifiques zones de divertissements et de cin\u00e9ma maison, vous aider \u00e0 \nchoisir les th\u00e8mes, les couleurs et ce \u2018petit je ne sais quoi\u2019 qui rend \nvotre environnement unique. Nous offrons un service cl\u00e9 en main, de la \nconception \u00e0 l\u2019ex\u00e9cution, incluant la menuiserie, l\u2019\u00e9b\u00e9nisterie et la \nsupervision des travaux.<\/p>\n\n\n\n<div style=\"height:50px\" aria-hidden=\"true\" class=\"wp-block-spacer\"><\/div>\n\n\n\n<h2 class=\"wp-block-heading\">Design de cin\u00e9ma maison<\/h2>\n\n\n\n<p>Chez Versa Style Design, nous tenons compte de vos go\u00fbts et vous \nproposerons une vaste s\u00e9lection de finis, styles et couleurs pour la \nr\u00e9alisation d\u2019un am\u00e9nagement fonctionnel dans l\u2019esprit de votre style \npersonnel.<\/p>\n\n\n\n<p>Contactez-nous\n pour une consultation. Nous serons en mesure de vous montrer des \nexemples de rangements de nos fournisseurs ainsi que des meubles sur \nmesure r\u00e9alis\u00e9s par nos artisants. Vous serez inspir\u00e9 par nos id\u00e9es de \nd\u00e9coration qui respecteront votre style et votre budget.<\/p>\n\n\n\n<div style=\"height:50px\" aria-hidden=\"true\" class=\"wp-block-spacer\"><\/div>\n\n\n\n<h2 class=\"wp-block-heading\">Parlez-nous de votre design de cin\u00e9ma maison de r\u00eave <\/h2>\n\n\n\n<div class=\"wp-block-group\"><div class=\"wp-block-group__inner-container is-layout-constrained wp-block-group-is-layout-constrained\">\n<h2 class=\"wp-block-heading has-text-align-center\">Les services experts en design d\u2019int\u00e9rieur de Lucie<\/h2>\n\n\n\n<p class=\"has-text-align-center\">Pour donner suite \u00e0 votre <a href=\"https:\/\/versastyledesign.ca\/interior-design-packages\/versa-style-design-initial-consultation\/\">consultation initiale<\/a>, nous vous pr\u00e9sentons <br>3 diff\u00e9rentes offres de design :<\/p>\n\n\n\n<div class=\"wp-block-columns is-layout-flex wp-container-core-columns-is-layout-9d6595d7 wp-block-columns-is-layout-flex\">\n<div class=\"wp-block-column is-vertically-aligned-stretch service-package-column has-background is-layout-flow wp-block-column-is-layout-flow\" style=\"background-color:#f3f3f3\">\n<div style=\"height:25px\" aria-hidden=\"true\" class=\"wp-block-spacer\"><\/div>\n\n\n\n<h3 class=\"wp-block-heading\" id=\"single\" style=\"font-size:32px\"><strong><strong>Forfait <\/strong><\/strong><br><strong><strong>\u00ab&nbsp;Essentiels&nbsp;\u00bb<\/strong><\/strong><\/h3>\n\n\n\n<p class=\"has-black-color has-text-color has-link-color wp-elements-5a65b2cb4404fee5bd8d404c42e21756\" style=\"font-size:18px;line-height:1.5\"><strong><strong>Planifiez votre projet de design avec soin.<\/strong><\/strong><\/p>\n\n\n\n<ul style=\"font-size:18px\" class=\"has-black-color has-text-color has-link-color wp-block-list wp-elements-1c76177ce88e8f952518af66e68d261e\">\n<li>Visite \u00e0 domicile avec consultation<\/li>\n\n\n\n<li>S\u00e9ance de design et conception imm\u00e9diate chez vous<\/li>\n\n\n\n<li>Plans \u2013 esquisses \u00e0 main lev\u00e9e indiquant les dimensions et composantes<\/li>\n\n\n\n<li>Plans &#8211; esquisses d\u2019\u00e9l\u00e9vation (vue des murs) \u00e0 main lev\u00e9e en perspective 3D<\/li>\n\n\n\n<li>Strat\u00e9gies de rangement d\u00e9taill\u00e9es<\/li>\n\n\n\n<li>Id\u00e9es d\u2019optimisation de l\u2019espace<\/li>\n<\/ul>\n\n\n\n<div class=\"wp-block-buttons is-content-justification-center is-layout-flex wp-container-core-buttons-is-layout-e1485a7b wp-block-buttons-is-layout-flex\">\n<div class=\"wp-block-button has-custom-width wp-block-button__width-100 has-custom-font-size is-style-fill\" style=\"font-size:22px\"><a class=\"wp-block-button__link has-background wp-element-button\" href=\"\/fr?page_id=28026\" style=\"border-radius:0px;background-color:#d53652\">VOIR PLUS<\/a><\/div>\n<\/div>\n<\/div>\n\n\n\n<div class=\"wp-block-column is-vertically-aligned-stretch service-package-column has-background is-layout-flow wp-block-column-is-layout-flow\" style=\"background-color:#f3f3f3\">\n<div style=\"height:25px\" aria-hidden=\"true\" class=\"wp-block-spacer\"><\/div>\n\n\n\n<h3 class=\"wp-block-heading\" id=\"family\" style=\"font-size:32px\"><strong><strong>Forfait <\/strong><\/strong><br><strong><strong>\u00ab&nbsp;De Luxe&nbsp;\u00bb<\/strong><\/strong><\/h3>\n\n\n\n<p class=\"has-black-color has-text-color has-link-color wp-elements-6b193859a100ea8740d2054e37e38f61\" style=\"font-size:18px;line-height:1.5\"><strong>Le forfait \u00ab&nbsp;Essentiels&nbsp;\u00bb avec une attention suppl\u00e9mentaire aux moindres d\u00e9tails.<\/strong><\/p>\n\n\n\n<ul style=\"font-size:18px\" class=\"has-black-color has-text-color has-link-color wp-block-list wp-elements-73e2581ccb872abae621afd5938e97cd\">\n<li>Forfait \u00ab&nbsp;Essentiels&nbsp;\u00bb<\/li>\n\n\n\n<li>Processus d\u2019interview visuel efficace pour identifier vos pr\u00e9f\u00e9rences et style<\/li>\n\n\n\n<li>Nouvelle palette de couleurs et finitions<\/li>\n\n\n\n<li>Guide d\u00e9taill\u00e9 pour les achats<\/li>\n\n\n\n<li>Visites de salles de montre (priv\u00e9es et publics)<\/li>\n\n\n\n<li>\u00c9chantillons de mat\u00e9riaux et de marchandises<\/li>\n<\/ul>\n\n\n\n<div style=\"height:28px\" aria-hidden=\"true\" class=\"wp-block-spacer\"><\/div>\n\n\n\n<div class=\"wp-block-buttons is-content-justification-center is-layout-flex wp-container-core-buttons-is-layout-e1485a7b wp-block-buttons-is-layout-flex\">\n<div class=\"wp-block-button has-custom-width wp-block-button__width-100 has-custom-font-size is-style-fill\" style=\"font-size:22px\"><a class=\"wp-block-button__link has-background wp-element-button\" href=\"\/fr?page_id=28100\" style=\"border-radius:0px;background-color:#d53652\">VOIR PLUS<\/a><\/div>\n<\/div>\n<\/div>\n\n\n\n<div class=\"wp-block-column is-vertically-aligned-stretch service-package-column has-background is-layout-flow wp-block-column-is-layout-flow\" style=\"background-color:#f3f3f3\">\n<div style=\"height:25px\" aria-hidden=\"true\" class=\"wp-block-spacer\"><\/div>\n\n\n\n<h3 class=\"wp-block-heading\" id=\"patron\" style=\"font-size:32px\"><strong><strong>Forfait <\/strong><\/strong><br><strong><strong>\u00ab&nbsp;Signature&nbsp;\u00bb<\/strong><\/strong><\/h3>\n\n\n\n<p class=\"has-black-color has-text-color has-link-color wp-elements-b0fcad64831eca981f827a2b0e5265e7\" style=\"font-size:18px\"><strong><strong>Le forfait \u00ab&nbsp;De Luxe&nbsp;\u00bb avec des d\u00e9tails plus affin\u00e9s et une gestion de projet en plus.<\/strong><\/strong><\/p>\n\n\n\n<ul style=\"font-size:18px\" class=\"has-black-color has-text-color has-link-color wp-block-list wp-elements-56a774f26b8cdcdad90915e6c8904ba2\">\n<li>Forfait \u00ab&nbsp;Essentiels&nbsp;\u00bb<\/li>\n\n\n\n<li>Forfait \u00ab&nbsp;De Luxe&nbsp;\u00bb<\/li>\n\n\n\n<li>Recrutement des corps de m\u00e9tiers et n\u00e9gociations commerciales<\/li>\n\n\n\n<li>Plans AutoCAD et architecturaux 3D<\/li>\n\n\n\n<li>Achats assist\u00e9s<\/li>\n\n\n\n<li>Coordination des commandes et livraisons<\/li>\n\n\n\n<li>Supervision du projet<\/li>\n<\/ul>\n\n\n\n<div style=\"height:107px\" aria-hidden=\"true\" class=\"wp-block-spacer\"><\/div>\n\n\n\n<div class=\"wp-block-buttons is-content-justification-center is-layout-flex wp-container-core-buttons-is-layout-e1485a7b wp-block-buttons-is-layout-flex\">\n<div class=\"wp-block-button has-custom-width wp-block-button__width-100 has-custom-font-size is-style-fill\" style=\"font-size:22px\"><a class=\"wp-block-button__link has-background wp-element-button\" href=\"\/fr\/forfait-de-design-interieur\/forfait-signature-de-services-de-design-de-lucie\/\" style=\"border-radius:0px;background-color:#d53652\">VOIR PLUS<\/a><\/div>\n<\/div>\n<\/div>\n<\/div>\n<\/div><\/div>\n\n\n\n<div style=\"height:50px\" aria-hidden=\"true\" class=\"wp-block-spacer\"><\/div>\n\n\n\n<blockquote class=\"wp-block-quote is-layout-flow wp-block-quote-is-layout-flow\">\n<p>J\u2019ai l\u2019impression d\u2019\u00eatre d\u00e9m\u00e9nag\u00e9e et pourtant je suis au m\u00eame endroit! Encore une fois, un GROS merci!  <\/p>\n<cite><strong>Denise Cardinal<\/strong>,  Montr\u00e9al, Qc  <\/cite><\/blockquote>\n\n\n\n<div style=\"height:50px\" aria-hidden=\"true\" class=\"wp-block-spacer\"><\/div>\n\n\n\n<h2 class=\"wp-block-heading\">\u00cates-vous situ\u00e9 dans la grande r\u00e9gion de Montr\u00e9al? <\/h2>\n\n\n\n<div style=\"height:50px\" aria-hidden=\"true\" class=\"wp-block-spacer\"><\/div>\n\n\n\n<div class=\"wp-block-buttons is-content-justification-center is-layout-flex wp-container-core-buttons-is-layout-16018d1d wp-block-buttons-is-layout-flex\">\n<div class=\"wp-block-button button-inverse\"><a class=\"wp-block-button__link has-text-color has-background has-link-color wp-element-button\" href=\"\/fr\/forfait-de-design-interieur\/versa-style-design-premiere-consultation\/\" style=\"color:#d53652;background-color:#f3f3f3\">Premi\u00e8re consultation<\/a><\/div>\n<\/div>\n\n\n\n<div style=\"height:25px\" aria-hidden=\"true\" class=\"wp-block-spacer\"><\/div>\n<p><a href=\"\/\/www.pinterest.com\/pin\/create\/button\/\" data-pin-do=\"buttonBookmark\" data-pin-color=\"red\" data-pin-height=\"128\"><img decoding=\"async\" src=\"\/\/assets.pinterest.com\/images\/pidgets\/pinit_fg_en_rect_red_28.png\" \/><\/a><\/p>","protected":false},"excerpt":{"rendered":"<p>Rien ne peut surpasser une zone de divertissements multim\u00e9dias bien con\u00e7ue Si vous poss\u00e9dez tout le mat\u00e9riel pour un centre multim\u00e9dia et cin\u00e9ma maison: \u00e9cran plat, disques, iPod, films, jeux, Netflix, Blu Ray, internet et plus encore, vous avez besoin d\u2019une unit\u00e9 pour tout structurer. Que vous ayez une famille nombreuse ou que vous receviez [&hellip;]<\/p>\n","protected":false},"author":2,"featured_media":17426,"parent":1869,"menu_order":0,"comment_status":"closed","ping_status":"closed","template":"","meta":{"advgb_blocks_editor_width":"","advgb_blocks_columns_visual_guide":"","_genesis_hide_title":false,"_genesis_hide_breadcrumbs":false,"_genesis_hide_singular_image":false,"_genesis_hide_footer_widgets":false,"_genesis_custom_body_class":"","_genesis_custom_post_class":"","_genesis_layout":"full-width-content","footnotes":""},"class_list":{"0":"post-1949","1":"page","2":"type-page","3":"status-publish","4":"has-post-thumbnail","6":"entry"},"yoast_head":"<!-- This site is optimized with the Yoast SEO plugin v27.3 - https:\/\/yoast.com\/product\/yoast-seo-wordpress\/ -->\n<title>Design de cin\u00e9ma maison \u00e0 Montr\u00e9al - Versa Style Design<\/title>\n<meta name=\"description\" content=\"Nous tenons compte de vos go\u00fbts pour la r\u00e9alisation d\u2019un am\u00e9nagement fonctionnel dans l&#039;esprit de votre style personnel.\" \/>\n<meta name=\"robots\" content=\"index, follow, max-snippet:-1, max-image-preview:large, max-video-preview:-1\" \/>\n<link rel=\"canonical\" href=\"https:\/\/versastyledesign.ca\/fr\/on-sorganise\/cinema-maison-et-media\/\" \/>\n<meta property=\"og:locale\" content=\"fr_CA\" \/>\n<meta property=\"og:type\" content=\"article\" \/>\n<meta property=\"og:title\" content=\"Design de cin\u00e9ma maison \u00e0 Montr\u00e9al - Versa Style Design\" \/>\n<meta property=\"og:description\" content=\"Nous tenons compte de vos go\u00fbts pour la r\u00e9alisation d\u2019un am\u00e9nagement fonctionnel dans l&#039;esprit de votre style personnel.\" \/>\n<meta property=\"og:url\" content=\"https:\/\/versastyledesign.ca\/fr\/on-sorganise\/cinema-maison-et-media\/\" \/>\n<meta property=\"og:site_name\" content=\"Versa Style Design\" \/>\n<meta property=\"article:publisher\" content=\"https:\/\/www.facebook.com\/Versastyledesign?ref=hl\" \/>\n<meta property=\"article:modified_time\" content=\"2024-06-18T14:59:12+00:00\" \/>\n<meta property=\"og:image\" content=\"https:\/\/new.versastyledesign.ca\/wp-content\/uploads\/2019\/12\/design-cinema-maison-media-montreal-05.jpg\" \/>\n\t<meta property=\"og:image:width\" content=\"850\" \/>\n\t<meta property=\"og:image:height\" content=\"661\" \/>\n\t<meta property=\"og:image:type\" content=\"image\/jpeg\" \/>\n<meta name=\"twitter:label1\" content=\"Estimation du temps de lecture\" \/>\n\t<meta name=\"twitter:data1\" content=\"5 minutes\" \/>\n<script type=\"application\/ld+json\" class=\"yoast-schema-graph\">{\"@context\":\"https:\\\/\\\/schema.org\",\"@graph\":[{\"@type\":\"WebPage\",\"@id\":\"https:\\\/\\\/versastyledesign.ca\\\/fr\\\/on-sorganise\\\/cinema-maison-et-media\\\/\",\"url\":\"https:\\\/\\\/versastyledesign.ca\\\/fr\\\/on-sorganise\\\/cinema-maison-et-media\\\/\",\"name\":\"Design de cin\u00e9ma maison \u00e0 Montr\u00e9al - Versa Style Design\",\"isPartOf\":{\"@id\":\"http:\\\/\\\/new.versastyledesign.ca\\\/fr\\\/#website\"},\"primaryImageOfPage\":{\"@id\":\"https:\\\/\\\/versastyledesign.ca\\\/fr\\\/on-sorganise\\\/cinema-maison-et-media\\\/#primaryimage\"},\"image\":{\"@id\":\"https:\\\/\\\/versastyledesign.ca\\\/fr\\\/on-sorganise\\\/cinema-maison-et-media\\\/#primaryimage\"},\"thumbnailUrl\":\"https:\\\/\\\/versastyledesign.ca\\\/wp-content\\\/uploads\\\/2019\\\/12\\\/design-cinema-maison-media-montreal-05.jpg\",\"datePublished\":\"2015-07-21T01:32:43+00:00\",\"dateModified\":\"2024-06-18T14:59:12+00:00\",\"description\":\"Nous tenons compte de vos go\u00fbts pour la r\u00e9alisation d\u2019un am\u00e9nagement fonctionnel dans l'esprit de votre style personnel.\",\"breadcrumb\":{\"@id\":\"https:\\\/\\\/versastyledesign.ca\\\/fr\\\/on-sorganise\\\/cinema-maison-et-media\\\/#breadcrumb\"},\"inLanguage\":\"fr-CA\",\"potentialAction\":[{\"@type\":\"ReadAction\",\"target\":[\"https:\\\/\\\/versastyledesign.ca\\\/fr\\\/on-sorganise\\\/cinema-maison-et-media\\\/\"]}]},{\"@type\":\"ImageObject\",\"inLanguage\":\"fr-CA\",\"@id\":\"https:\\\/\\\/versastyledesign.ca\\\/fr\\\/on-sorganise\\\/cinema-maison-et-media\\\/#primaryimage\",\"url\":\"https:\\\/\\\/versastyledesign.ca\\\/wp-content\\\/uploads\\\/2019\\\/12\\\/design-cinema-maison-media-montreal-05.jpg\",\"contentUrl\":\"https:\\\/\\\/versastyledesign.ca\\\/wp-content\\\/uploads\\\/2019\\\/12\\\/design-cinema-maison-media-montreal-05.jpg\",\"width\":850,\"height\":661},{\"@type\":\"BreadcrumbList\",\"@id\":\"https:\\\/\\\/versastyledesign.ca\\\/fr\\\/on-sorganise\\\/cinema-maison-et-media\\\/#breadcrumb\",\"itemListElement\":[{\"@type\":\"ListItem\",\"position\":1,\"name\":\"Accueil\",\"item\":\"http:\\\/\\\/new.versastyledesign.ca\\\/fr\\\/\"},{\"@type\":\"ListItem\",\"position\":2,\"name\":\"On s\u2019organise avec le design de rangement \u00e0 Montr\u00e9al\",\"item\":\"https:\\\/\\\/new.versastyledesign.ca\\\/fr\\\/on-sorganise\\\/\"},{\"@type\":\"ListItem\",\"position\":3,\"name\":\"Design de cin\u00e9ma maison \u00e0 Montr\u00e9al\"}]},{\"@type\":\"WebSite\",\"@id\":\"http:\\\/\\\/new.versastyledesign.ca\\\/fr\\\/#website\",\"url\":\"http:\\\/\\\/new.versastyledesign.ca\\\/fr\\\/\",\"name\":\"Versa Style Design\",\"description\":\"Design d&#039;int\u00e9rieur et r\u00e9novations \u00e0 Montr\u00e9al\",\"publisher\":{\"@id\":\"http:\\\/\\\/new.versastyledesign.ca\\\/fr\\\/#organization\"},\"potentialAction\":[{\"@type\":\"SearchAction\",\"target\":{\"@type\":\"EntryPoint\",\"urlTemplate\":\"http:\\\/\\\/new.versastyledesign.ca\\\/fr\\\/?s={search_term_string}\"},\"query-input\":{\"@type\":\"PropertyValueSpecification\",\"valueRequired\":true,\"valueName\":\"search_term_string\"}}],\"inLanguage\":\"fr-CA\"},{\"@type\":\"Organization\",\"@id\":\"http:\\\/\\\/new.versastyledesign.ca\\\/fr\\\/#organization\",\"name\":\"Versa Style Design\",\"url\":\"http:\\\/\\\/new.versastyledesign.ca\\\/fr\\\/\",\"logo\":{\"@type\":\"ImageObject\",\"inLanguage\":\"fr-CA\",\"@id\":\"http:\\\/\\\/new.versastyledesign.ca\\\/fr\\\/#\\\/schema\\\/logo\\\/image\\\/\",\"url\":\"https:\\\/\\\/versastyledesign.ca\\\/wp-content\\\/uploads\\\/2019\\\/11\\\/Versa-Style-Design-logo.jpg\",\"contentUrl\":\"https:\\\/\\\/versastyledesign.ca\\\/wp-content\\\/uploads\\\/2019\\\/11\\\/Versa-Style-Design-logo.jpg\",\"width\":2099,\"height\":670,\"caption\":\"Versa Style Design\"},\"image\":{\"@id\":\"http:\\\/\\\/new.versastyledesign.ca\\\/fr\\\/#\\\/schema\\\/logo\\\/image\\\/\"},\"sameAs\":[\"https:\\\/\\\/www.facebook.com\\\/Versastyledesign?ref=hl\",\"https:\\\/\\\/x.com\\\/luciepitt\",\"https:\\\/\\\/www.instagram.com\\\/versastyledesign\\\/\",\"https:\\\/\\\/www.linkedin.com\\\/in\\\/lucie-pitt-54b0ba85\",\"https:\\\/\\\/www.pinterest.com\\\/versastyledesign\\\/\"]}]}<\/script>\n<!-- \/ Yoast SEO plugin. -->","yoast_head_json":{"title":"Design de cin\u00e9ma maison \u00e0 Montr\u00e9al - Versa Style Design","description":"Nous tenons compte de vos go\u00fbts pour la r\u00e9alisation d\u2019un am\u00e9nagement fonctionnel dans l'esprit de votre style personnel.","robots":{"index":"index","follow":"follow","max-snippet":"max-snippet:-1","max-image-preview":"max-image-preview:large","max-video-preview":"max-video-preview:-1"},"canonical":"https:\/\/versastyledesign.ca\/fr\/on-sorganise\/cinema-maison-et-media\/","og_locale":"fr_CA","og_type":"article","og_title":"Design de cin\u00e9ma maison \u00e0 Montr\u00e9al - Versa Style Design","og_description":"Nous tenons compte de vos go\u00fbts pour la r\u00e9alisation d\u2019un am\u00e9nagement fonctionnel dans l'esprit de votre style personnel.","og_url":"https:\/\/versastyledesign.ca\/fr\/on-sorganise\/cinema-maison-et-media\/","og_site_name":"Versa Style Design","article_publisher":"https:\/\/www.facebook.com\/Versastyledesign?ref=hl","article_modified_time":"2024-06-18T14:59:12+00:00","og_image":[{"width":850,"height":661,"url":"https:\/\/new.versastyledesign.ca\/wp-content\/uploads\/2019\/12\/design-cinema-maison-media-montreal-05.jpg","type":"image\/jpeg"}],"twitter_misc":{"Estimation du temps de lecture":"5 minutes"},"schema":{"@context":"https:\/\/schema.org","@graph":[{"@type":"WebPage","@id":"https:\/\/versastyledesign.ca\/fr\/on-sorganise\/cinema-maison-et-media\/","url":"https:\/\/versastyledesign.ca\/fr\/on-sorganise\/cinema-maison-et-media\/","name":"Design de cin\u00e9ma maison \u00e0 Montr\u00e9al - Versa Style Design","isPartOf":{"@id":"http:\/\/new.versastyledesign.ca\/fr\/#website"},"primaryImageOfPage":{"@id":"https:\/\/versastyledesign.ca\/fr\/on-sorganise\/cinema-maison-et-media\/#primaryimage"},"image":{"@id":"https:\/\/versastyledesign.ca\/fr\/on-sorganise\/cinema-maison-et-media\/#primaryimage"},"thumbnailUrl":"https:\/\/versastyledesign.ca\/wp-content\/uploads\/2019\/12\/design-cinema-maison-media-montreal-05.jpg","datePublished":"2015-07-21T01:32:43+00:00","dateModified":"2024-06-18T14:59:12+00:00","description":"Nous tenons compte de vos go\u00fbts pour la r\u00e9alisation d\u2019un am\u00e9nagement fonctionnel dans l'esprit de votre style personnel.","breadcrumb":{"@id":"https:\/\/versastyledesign.ca\/fr\/on-sorganise\/cinema-maison-et-media\/#breadcrumb"},"inLanguage":"fr-CA","potentialAction":[{"@type":"ReadAction","target":["https:\/\/versastyledesign.ca\/fr\/on-sorganise\/cinema-maison-et-media\/"]}]},{"@type":"ImageObject","inLanguage":"fr-CA","@id":"https:\/\/versastyledesign.ca\/fr\/on-sorganise\/cinema-maison-et-media\/#primaryimage","url":"https:\/\/versastyledesign.ca\/wp-content\/uploads\/2019\/12\/design-cinema-maison-media-montreal-05.jpg","contentUrl":"https:\/\/versastyledesign.ca\/wp-content\/uploads\/2019\/12\/design-cinema-maison-media-montreal-05.jpg","width":850,"height":661},{"@type":"BreadcrumbList","@id":"https:\/\/versastyledesign.ca\/fr\/on-sorganise\/cinema-maison-et-media\/#breadcrumb","itemListElement":[{"@type":"ListItem","position":1,"name":"Accueil","item":"http:\/\/new.versastyledesign.ca\/fr\/"},{"@type":"ListItem","position":2,"name":"On s\u2019organise avec le design de rangement \u00e0 Montr\u00e9al","item":"https:\/\/new.versastyledesign.ca\/fr\/on-sorganise\/"},{"@type":"ListItem","position":3,"name":"Design de cin\u00e9ma maison \u00e0 Montr\u00e9al"}]},{"@type":"WebSite","@id":"http:\/\/new.versastyledesign.ca\/fr\/#website","url":"http:\/\/new.versastyledesign.ca\/fr\/","name":"Versa Style Design","description":"Design d&#039;int\u00e9rieur et r\u00e9novations \u00e0 Montr\u00e9al","publisher":{"@id":"http:\/\/new.versastyledesign.ca\/fr\/#organization"},"potentialAction":[{"@type":"SearchAction","target":{"@type":"EntryPoint","urlTemplate":"http:\/\/new.versastyledesign.ca\/fr\/?s={search_term_string}"},"query-input":{"@type":"PropertyValueSpecification","valueRequired":true,"valueName":"search_term_string"}}],"inLanguage":"fr-CA"},{"@type":"Organization","@id":"http:\/\/new.versastyledesign.ca\/fr\/#organization","name":"Versa Style Design","url":"http:\/\/new.versastyledesign.ca\/fr\/","logo":{"@type":"ImageObject","inLanguage":"fr-CA","@id":"http:\/\/new.versastyledesign.ca\/fr\/#\/schema\/logo\/image\/","url":"https:\/\/versastyledesign.ca\/wp-content\/uploads\/2019\/11\/Versa-Style-Design-logo.jpg","contentUrl":"https:\/\/versastyledesign.ca\/wp-content\/uploads\/2019\/11\/Versa-Style-Design-logo.jpg","width":2099,"height":670,"caption":"Versa Style Design"},"image":{"@id":"http:\/\/new.versastyledesign.ca\/fr\/#\/schema\/logo\/image\/"},"sameAs":["https:\/\/www.facebook.com\/Versastyledesign?ref=hl","https:\/\/x.com\/luciepitt","https:\/\/www.instagram.com\/versastyledesign\/","https:\/\/www.linkedin.com\/in\/lucie-pitt-54b0ba85","https:\/\/www.pinterest.com\/versastyledesign\/"]}]}},"coauthors":[],"author_meta":{"author_link":"https:\/\/versastyledesign.ca\/fr\/author\/lucie-pitt\/","display_name":"Lucie Pitt"},"relative_dates":{"created":"Posted 11 ann\u00e9es ago","modified":"Updated 2 ann\u00e9es ago"},"absolute_dates":{"created":"Posted on 21 juillet 2015","modified":"Updated on 18 juin 2024"},"absolute_dates_time":{"created":"Posted on 21 juillet 2015 1 h 32 min","modified":"Updated on 18 juin 2024 10 h 59 min"},"featured_img_caption":"","featured_img":"https:\/\/versastyledesign.ca\/wp-content\/uploads\/2019\/12\/design-cinema-maison-media-montreal-05.jpg","series_order":"","_links":{"self":[{"href":"https:\/\/versastyledesign.ca\/fr\/wp-json\/wp\/v2\/pages\/1949","targetHints":{"allow":["GET"]}}],"collection":[{"href":"https:\/\/versastyledesign.ca\/fr\/wp-json\/wp\/v2\/pages"}],"about":[{"href":"https:\/\/versastyledesign.ca\/fr\/wp-json\/wp\/v2\/types\/page"}],"author":[{"embeddable":true,"href":"https:\/\/versastyledesign.ca\/fr\/wp-json\/wp\/v2\/users\/2"}],"replies":[{"embeddable":true,"href":"https:\/\/versastyledesign.ca\/fr\/wp-json\/wp\/v2\/comments?post=1949"}],"version-history":[{"count":6,"href":"https:\/\/versastyledesign.ca\/fr\/wp-json\/wp\/v2\/pages\/1949\/revisions"}],"predecessor-version":[{"id":28349,"href":"https:\/\/versastyledesign.ca\/fr\/wp-json\/wp\/v2\/pages\/1949\/revisions\/28349"}],"up":[{"embeddable":true,"href":"https:\/\/versastyledesign.ca\/fr\/wp-json\/wp\/v2\/pages\/1869"}],"wp:featuredmedia":[{"embeddable":true,"href":"https:\/\/versastyledesign.ca\/fr\/wp-json\/wp\/v2\/media\/17426"}],"wp:attachment":[{"href":"https:\/\/versastyledesign.ca\/fr\/wp-json\/wp\/v2\/media?parent=1949"}],"curies":[{"name":"wp","href":"https:\/\/api.w.org\/{rel}","templated":true}]}}