{"id":20668,"date":"2020-05-17T16:49:56","date_gmt":"2020-05-17T16:49:56","guid":{"rendered":"https:\/\/versastyledesign.ca\/?page_id=20668"},"modified":"2023-10-28T19:57:31","modified_gmt":"2023-10-28T23:57:31","slug":"design-de-galerie-champetre","status":"publish","type":"page","link":"https:\/\/versastyledesign.ca\/fr\/portfolio-de-design\/design-de-galerie-champetre\/","title":{"rendered":"Design de galerie champ\u00eatre"},"content":{"rendered":"\n<figure class=\"wp-block-gallery has-nested-images columns-default is-cropped wp-block-gallery-1 is-layout-flex wp-block-gallery-is-layout-flex\">\n<figure class=\"wp-block-image size-large\"><a href=\"https:\/\/versastyledesign.ca\/wp-content\/uploads\/2023\/08\/design-exterieur-terrasse-style-champetre-15.jpg\"><img loading=\"lazy\" decoding=\"async\" width=\"1024\" height=\"720\" data-id=\"26081\" src=\"https:\/\/versastyledesign.ca\/wp-content\/uploads\/2023\/08\/design-exterieur-terrasse-style-champetre-15-1024x720.jpg\" alt=\"\" class=\"wp-image-26081\" srcset=\"https:\/\/versastyledesign.ca\/wp-content\/uploads\/2023\/08\/design-exterieur-terrasse-style-champetre-15-1024x720.jpg 1024w, https:\/\/versastyledesign.ca\/wp-content\/uploads\/2023\/08\/design-exterieur-terrasse-style-champetre-15-300x211.jpg 300w, https:\/\/versastyledesign.ca\/wp-content\/uploads\/2023\/08\/design-exterieur-terrasse-style-champetre-15-768x540.jpg 768w, https:\/\/versastyledesign.ca\/wp-content\/uploads\/2023\/08\/design-exterieur-terrasse-style-champetre-15-1536x1079.jpg 1536w, https:\/\/versastyledesign.ca\/wp-content\/uploads\/2023\/08\/design-exterieur-terrasse-style-champetre-15.jpg 2048w\" sizes=\"auto, (max-width: 1024px) 100vw, 1024px\" \/><\/a><\/figure>\n\n\n\n<figure class=\"wp-block-image size-large\"><a href=\"https:\/\/versastyledesign.ca\/wp-content\/uploads\/2023\/08\/design-exterieur-terrasse-style-champetre-16.jpg\"><img loading=\"lazy\" decoding=\"async\" width=\"813\" height=\"960\" data-id=\"26079\" src=\"https:\/\/versastyledesign.ca\/wp-content\/uploads\/2023\/08\/design-exterieur-terrasse-style-champetre-16.jpg\" alt=\"\" class=\"wp-image-26079\" srcset=\"https:\/\/versastyledesign.ca\/wp-content\/uploads\/2023\/08\/design-exterieur-terrasse-style-champetre-16.jpg 813w, https:\/\/versastyledesign.ca\/wp-content\/uploads\/2023\/08\/design-exterieur-terrasse-style-champetre-16-254x300.jpg 254w, https:\/\/versastyledesign.ca\/wp-content\/uploads\/2023\/08\/design-exterieur-terrasse-style-champetre-16-768x907.jpg 768w\" sizes=\"auto, (max-width: 813px) 100vw, 813px\" \/><\/a><\/figure>\n\n\n\n<figure class=\"wp-block-image size-large\"><a href=\"https:\/\/versastyledesign.ca\/wp-content\/uploads\/2023\/08\/design-exterieur-terrasse-style-champetre-17.jpg\"><img loading=\"lazy\" decoding=\"async\" width=\"728\" height=\"960\" data-id=\"26075\" src=\"https:\/\/versastyledesign.ca\/wp-content\/uploads\/2023\/08\/design-exterieur-terrasse-style-champetre-17.jpg\" alt=\"\" class=\"wp-image-26075\" srcset=\"https:\/\/versastyledesign.ca\/wp-content\/uploads\/2023\/08\/design-exterieur-terrasse-style-champetre-17.jpg 728w, https:\/\/versastyledesign.ca\/wp-content\/uploads\/2023\/08\/design-exterieur-terrasse-style-champetre-17-228x300.jpg 228w\" sizes=\"auto, (max-width: 728px) 100vw, 728px\" \/><\/a><\/figure>\n\n\n\n<figure class=\"wp-block-image size-large\"><a href=\"https:\/\/versastyledesign.ca\/wp-content\/uploads\/2023\/08\/design-exterieur-terrasse-style-champetre-18.jpg\"><img loading=\"lazy\" decoding=\"async\" width=\"720\" height=\"960\" data-id=\"26071\" src=\"https:\/\/versastyledesign.ca\/wp-content\/uploads\/2023\/08\/design-exterieur-terrasse-style-champetre-18.jpg\" alt=\"\" class=\"wp-image-26071\" srcset=\"https:\/\/versastyledesign.ca\/wp-content\/uploads\/2023\/08\/design-exterieur-terrasse-style-champetre-18.jpg 720w, https:\/\/versastyledesign.ca\/wp-content\/uploads\/2023\/08\/design-exterieur-terrasse-style-champetre-18-225x300.jpg 225w\" sizes=\"auto, (max-width: 720px) 100vw, 720px\" \/><\/a><\/figure>\n\n\n\n<figure class=\"wp-block-image size-large\"><a href=\"https:\/\/versastyledesign.ca\/wp-content\/uploads\/2023\/08\/design-exterieur-terrasse-style-champetre-19.jpg\"><img loading=\"lazy\" decoding=\"async\" width=\"960\" height=\"853\" data-id=\"26077\" src=\"https:\/\/versastyledesign.ca\/wp-content\/uploads\/2023\/08\/design-exterieur-terrasse-style-champetre-19.jpg\" alt=\"\" class=\"wp-image-26077\" srcset=\"https:\/\/versastyledesign.ca\/wp-content\/uploads\/2023\/08\/design-exterieur-terrasse-style-champetre-19.jpg 960w, https:\/\/versastyledesign.ca\/wp-content\/uploads\/2023\/08\/design-exterieur-terrasse-style-champetre-19-300x267.jpg 300w, https:\/\/versastyledesign.ca\/wp-content\/uploads\/2023\/08\/design-exterieur-terrasse-style-champetre-19-768x682.jpg 768w\" sizes=\"auto, (max-width: 960px) 100vw, 960px\" \/><\/a><\/figure>\n\n\n\n<figure class=\"wp-block-image size-large\"><a href=\"https:\/\/versastyledesign.ca\/wp-content\/uploads\/2023\/08\/design-exterieur-terrasse-style-champetre-20.jpg\"><img loading=\"lazy\" decoding=\"async\" width=\"720\" height=\"960\" data-id=\"26073\" src=\"https:\/\/versastyledesign.ca\/wp-content\/uploads\/2023\/08\/design-exterieur-terrasse-style-champetre-20.jpg\" alt=\"\" class=\"wp-image-26073\" srcset=\"https:\/\/versastyledesign.ca\/wp-content\/uploads\/2023\/08\/design-exterieur-terrasse-style-champetre-20.jpg 720w, https:\/\/versastyledesign.ca\/wp-content\/uploads\/2023\/08\/design-exterieur-terrasse-style-champetre-20-225x300.jpg 225w\" sizes=\"auto, (max-width: 720px) 100vw, 720px\" \/><\/a><\/figure>\n\n\n\n<figure class=\"wp-block-image size-large\"><a href=\"https:\/\/versastyledesign.ca\/wp-content\/uploads\/2023\/08\/design-exterieur-terrasse-style-champetre-21.jpg\"><img loading=\"lazy\" decoding=\"async\" width=\"1024\" height=\"588\" data-id=\"26083\" src=\"https:\/\/versastyledesign.ca\/wp-content\/uploads\/2023\/08\/design-exterieur-terrasse-style-champetre-21-1024x588.jpg\" alt=\"\" class=\"wp-image-26083\" srcset=\"https:\/\/versastyledesign.ca\/wp-content\/uploads\/2023\/08\/design-exterieur-terrasse-style-champetre-21-1024x588.jpg 1024w, https:\/\/versastyledesign.ca\/wp-content\/uploads\/2023\/08\/design-exterieur-terrasse-style-champetre-21-300x172.jpg 300w, https:\/\/versastyledesign.ca\/wp-content\/uploads\/2023\/08\/design-exterieur-terrasse-style-champetre-21-768x441.jpg 768w, https:\/\/versastyledesign.ca\/wp-content\/uploads\/2023\/08\/design-exterieur-terrasse-style-champetre-21-1536x881.jpg 1536w, https:\/\/versastyledesign.ca\/wp-content\/uploads\/2023\/08\/design-exterieur-terrasse-style-champetre-21.jpg 2048w\" sizes=\"auto, (max-width: 1024px) 100vw, 1024px\" \/><\/a><\/figure>\n<\/figure>\n\n\n\n<div style=\"height:100px\" aria-hidden=\"true\" class=\"wp-block-spacer\"><\/div>\n\n\n\n<div class=\"wp-block-group\"><div class=\"wp-block-group__inner-container is-layout-constrained wp-block-group-is-layout-constrained\">\n<div class=\"wp-block-columns are-vertically-aligned-center is-layout-flex wp-container-core-columns-is-layout-9d6595d7 wp-block-columns-is-layout-flex\">\n<div class=\"wp-block-column is-vertically-aligned-center is-layout-flow wp-block-column-is-layout-flow\"><div class=\"wp-block-image\">\n<figure class=\"aligncenter size-large\"><img loading=\"lazy\" decoding=\"async\" width=\"1024\" height=\"1024\" src=\"https:\/\/versastyledesign.ca\/wp-content\/uploads\/2023\/10\/Les-4-essentiels-pour-un-espace-exterieur-accueillant-2-1024x1024.jpg\" alt=\"Services de design ext\u00e9rieur \u00e0 Montr\u00e9al\" class=\"wp-image-32050\" srcset=\"https:\/\/versastyledesign.ca\/wp-content\/uploads\/2023\/10\/Les-4-essentiels-pour-un-espace-exterieur-accueillant-2-1024x1024.jpg 1024w, https:\/\/versastyledesign.ca\/wp-content\/uploads\/2023\/10\/Les-4-essentiels-pour-un-espace-exterieur-accueillant-2-300x300.jpg 300w, https:\/\/versastyledesign.ca\/wp-content\/uploads\/2023\/10\/Les-4-essentiels-pour-un-espace-exterieur-accueillant-2-200x200.jpg 200w, https:\/\/versastyledesign.ca\/wp-content\/uploads\/2023\/10\/Les-4-essentiels-pour-un-espace-exterieur-accueillant-2-768x768.jpg 768w, https:\/\/versastyledesign.ca\/wp-content\/uploads\/2023\/10\/Les-4-essentiels-pour-un-espace-exterieur-accueillant-2.jpg 1250w\" sizes=\"auto, (max-width: 1024px) 100vw, 1024px\" \/><\/figure>\n<\/div><\/div>\n\n\n\n<div class=\"wp-block-column is-vertically-aligned-center is-layout-flow wp-block-column-is-layout-flow\">\n<h2 class=\"wp-block-heading has-text-align-center\">Services de design ext\u00e9rieur \u00e0 Montr\u00e9al<\/h2>\n\n\n\n<p class=\"has-text-align-center\">Pour en savoir plus sur nos services d\u2019am\u00e9nagement ext\u00e9rieur offerts dans la grande r\u00e9gion de Montr\u00e9al.<\/p>\n\n\n\n<div class=\"wp-block-buttons is-content-justification-center is-layout-flex wp-container-core-buttons-is-layout-16018d1d wp-block-buttons-is-layout-flex\">\n<div class=\"wp-block-button button-custom aligncenter\"><a class=\"wp-block-button__link has-background wp-element-button\" href=\"\/fr?page_id=1909\" style=\"background-color:#d53652\">Design ext\u00e9rieure<\/a><\/div>\n<\/div>\n<\/div>\n<\/div>\n<\/div><\/div>\n\n\n\n<div style=\"height:50px\" aria-hidden=\"true\" class=\"wp-block-spacer\"><\/div>\n\n\n\n<h2 class=\"wp-block-heading\"><strong>\u00cates-vous situ\u00e9 dans la grande r\u00e9gion de Montr\u00e9al?<\/strong><\/h2>\n\n\n\n<p class=\"has-text-align-center\"><strong>Donnez vie \u00e0 votre projet de design avec Lucie.<\/strong><\/p>\n\n\n\n<div class=\"wp-block-buttons is-content-justification-center is-layout-flex wp-container-core-buttons-is-layout-16018d1d wp-block-buttons-is-layout-flex\">\n<div class=\"wp-block-button button-inverse\"><a class=\"wp-block-button__link has-text-color has-background has-link-color wp-element-button\" href=\"\/fr\/forfait-de-design-interieur\/versa-style-design-premiere-consultation\/\" style=\"color:#d53652;background-color:#f3f3f3\">Premi\u00e8re consultation<\/a><\/div>\n<\/div>\n\n\n\n<div style=\"height:25px\" aria-hidden=\"true\" class=\"wp-block-spacer\"><\/div>\n\n\n\n<p><\/p>\n<p><a href=\"\/\/www.pinterest.com\/pin\/create\/button\/\" data-pin-do=\"buttonBookmark\" data-pin-color=\"red\" data-pin-height=\"128\"><img decoding=\"async\" src=\"\/\/assets.pinterest.com\/images\/pidgets\/pinit_fg_en_rect_red_28.png\" \/><\/a><\/p>","protected":false},"excerpt":{"rendered":"","protected":false},"author":2,"featured_media":20672,"parent":1840,"menu_order":0,"comment_status":"closed","ping_status":"closed","template":"","meta":{"advgb_blocks_editor_width":"","advgb_blocks_columns_visual_guide":"","_genesis_hide_title":false,"_genesis_hide_breadcrumbs":false,"_genesis_hide_singular_image":false,"_genesis_hide_footer_widgets":false,"_genesis_custom_body_class":"","_genesis_custom_post_class":"","_genesis_layout":"","footnotes":""},"class_list":{"0":"post-20668","1":"page","2":"type-page","3":"status-publish","4":"has-post-thumbnail","6":"entry"},"yoast_head":"<!-- This site is optimized with the Yoast SEO plugin v27.4 - https:\/\/yoast.com\/product\/yoast-seo-wordpress\/ -->\n<title>Design de galerie champ\u00eatre - Versa Style Design<\/title>\n<meta name=\"robots\" content=\"index, follow, max-snippet:-1, max-image-preview:large, max-video-preview:-1\" \/>\n<link rel=\"canonical\" href=\"https:\/\/versastyledesign.ca\/fr\/portfolio-de-design\/design-de-galerie-champetre\/\" \/>\n<meta property=\"og:locale\" content=\"fr_CA\" \/>\n<meta property=\"og:type\" content=\"article\" \/>\n<meta property=\"og:title\" content=\"Design de galerie champ\u00eatre - Versa Style Design\" \/>\n<meta property=\"og:url\" content=\"https:\/\/versastyledesign.ca\/fr\/portfolio-de-design\/design-de-galerie-champetre\/\" \/>\n<meta property=\"og:site_name\" content=\"Versa Style Design\" \/>\n<meta property=\"article:publisher\" content=\"https:\/\/www.facebook.com\/Versastyledesign?ref=hl\" \/>\n<meta property=\"article:modified_time\" content=\"2023-10-28T23:57:31+00:00\" \/>\n<meta property=\"og:image\" content=\"http:\/\/new.versastyledesign.ca\/wp-content\/uploads\/2020\/05\/design-exterieur-terrasse-style-champetre-16.jpg\" \/>\n\t<meta property=\"og:image:width\" content=\"813\" \/>\n\t<meta property=\"og:image:height\" content=\"960\" \/>\n\t<meta property=\"og:image:type\" content=\"image\/jpeg\" \/>\n<meta name=\"twitter:label1\" content=\"Estimation du temps de lecture\" \/>\n\t<meta name=\"twitter:data1\" content=\"2 minutes\" \/>\n<script type=\"application\/ld+json\" class=\"yoast-schema-graph\">{\"@context\":\"https:\\\/\\\/schema.org\",\"@graph\":[{\"@type\":\"WebPage\",\"@id\":\"https:\\\/\\\/versastyledesign.ca\\\/fr\\\/portfolio-de-design\\\/design-de-galerie-champetre\\\/\",\"url\":\"https:\\\/\\\/versastyledesign.ca\\\/fr\\\/portfolio-de-design\\\/design-de-galerie-champetre\\\/\",\"name\":\"Design de galerie champ\u00eatre - Versa Style Design\",\"isPartOf\":{\"@id\":\"http:\\\/\\\/new.versastyledesign.ca\\\/fr\\\/#website\"},\"primaryImageOfPage\":{\"@id\":\"https:\\\/\\\/versastyledesign.ca\\\/fr\\\/portfolio-de-design\\\/design-de-galerie-champetre\\\/#primaryimage\"},\"image\":{\"@id\":\"https:\\\/\\\/versastyledesign.ca\\\/fr\\\/portfolio-de-design\\\/design-de-galerie-champetre\\\/#primaryimage\"},\"thumbnailUrl\":\"https:\\\/\\\/versastyledesign.ca\\\/wp-content\\\/uploads\\\/2020\\\/05\\\/design-exterieur-terrasse-style-champetre-16.jpg\",\"datePublished\":\"2020-05-17T16:49:56+00:00\",\"dateModified\":\"2023-10-28T23:57:31+00:00\",\"breadcrumb\":{\"@id\":\"https:\\\/\\\/versastyledesign.ca\\\/fr\\\/portfolio-de-design\\\/design-de-galerie-champetre\\\/#breadcrumb\"},\"inLanguage\":\"fr-CA\",\"potentialAction\":[{\"@type\":\"ReadAction\",\"target\":[\"https:\\\/\\\/versastyledesign.ca\\\/fr\\\/portfolio-de-design\\\/design-de-galerie-champetre\\\/\"]}]},{\"@type\":\"ImageObject\",\"inLanguage\":\"fr-CA\",\"@id\":\"https:\\\/\\\/versastyledesign.ca\\\/fr\\\/portfolio-de-design\\\/design-de-galerie-champetre\\\/#primaryimage\",\"url\":\"https:\\\/\\\/versastyledesign.ca\\\/wp-content\\\/uploads\\\/2020\\\/05\\\/design-exterieur-terrasse-style-champetre-16.jpg\",\"contentUrl\":\"https:\\\/\\\/versastyledesign.ca\\\/wp-content\\\/uploads\\\/2020\\\/05\\\/design-exterieur-terrasse-style-champetre-16.jpg\",\"width\":813,\"height\":960},{\"@type\":\"BreadcrumbList\",\"@id\":\"https:\\\/\\\/versastyledesign.ca\\\/fr\\\/portfolio-de-design\\\/design-de-galerie-champetre\\\/#breadcrumb\",\"itemListElement\":[{\"@type\":\"ListItem\",\"position\":1,\"name\":\"Accueil\",\"item\":\"http:\\\/\\\/new.versastyledesign.ca\\\/fr\\\/\"},{\"@type\":\"ListItem\",\"position\":2,\"name\":\"Portfolio de Design\",\"item\":\"http:\\\/\\\/new.versastyledesign.ca\\\/fr\\\/design-portfolio\\\/\"},{\"@type\":\"ListItem\",\"position\":3,\"name\":\"Design de galerie champ\u00eatre\"}]},{\"@type\":\"WebSite\",\"@id\":\"http:\\\/\\\/new.versastyledesign.ca\\\/fr\\\/#website\",\"url\":\"http:\\\/\\\/new.versastyledesign.ca\\\/fr\\\/\",\"name\":\"Versa Style Design\",\"description\":\"Design d&#039;int\u00e9rieur et r\u00e9novations \u00e0 Montr\u00e9al\",\"publisher\":{\"@id\":\"http:\\\/\\\/new.versastyledesign.ca\\\/fr\\\/#organization\"},\"potentialAction\":[{\"@type\":\"SearchAction\",\"target\":{\"@type\":\"EntryPoint\",\"urlTemplate\":\"http:\\\/\\\/new.versastyledesign.ca\\\/fr\\\/?s={search_term_string}\"},\"query-input\":{\"@type\":\"PropertyValueSpecification\",\"valueRequired\":true,\"valueName\":\"search_term_string\"}}],\"inLanguage\":\"fr-CA\"},{\"@type\":\"Organization\",\"@id\":\"http:\\\/\\\/new.versastyledesign.ca\\\/fr\\\/#organization\",\"name\":\"Versa Style Design\",\"url\":\"http:\\\/\\\/new.versastyledesign.ca\\\/fr\\\/\",\"logo\":{\"@type\":\"ImageObject\",\"inLanguage\":\"fr-CA\",\"@id\":\"http:\\\/\\\/new.versastyledesign.ca\\\/fr\\\/#\\\/schema\\\/logo\\\/image\\\/\",\"url\":\"https:\\\/\\\/versastyledesign.ca\\\/wp-content\\\/uploads\\\/2019\\\/11\\\/Versa-Style-Design-logo.jpg\",\"contentUrl\":\"https:\\\/\\\/versastyledesign.ca\\\/wp-content\\\/uploads\\\/2019\\\/11\\\/Versa-Style-Design-logo.jpg\",\"width\":2099,\"height\":670,\"caption\":\"Versa Style Design\"},\"image\":{\"@id\":\"http:\\\/\\\/new.versastyledesign.ca\\\/fr\\\/#\\\/schema\\\/logo\\\/image\\\/\"},\"sameAs\":[\"https:\\\/\\\/www.facebook.com\\\/Versastyledesign?ref=hl\",\"https:\\\/\\\/x.com\\\/luciepitt\",\"https:\\\/\\\/www.instagram.com\\\/versastyledesign\\\/\",\"https:\\\/\\\/www.linkedin.com\\\/in\\\/lucie-pitt-54b0ba85\",\"https:\\\/\\\/www.pinterest.com\\\/versastyledesign\\\/\"]}]}<\/script>\n<!-- \/ Yoast SEO plugin. -->","yoast_head_json":{"title":"Design de galerie champ\u00eatre - Versa Style Design","robots":{"index":"index","follow":"follow","max-snippet":"max-snippet:-1","max-image-preview":"max-image-preview:large","max-video-preview":"max-video-preview:-1"},"canonical":"https:\/\/versastyledesign.ca\/fr\/portfolio-de-design\/design-de-galerie-champetre\/","og_locale":"fr_CA","og_type":"article","og_title":"Design de galerie champ\u00eatre - Versa Style Design","og_url":"https:\/\/versastyledesign.ca\/fr\/portfolio-de-design\/design-de-galerie-champetre\/","og_site_name":"Versa Style Design","article_publisher":"https:\/\/www.facebook.com\/Versastyledesign?ref=hl","article_modified_time":"2023-10-28T23:57:31+00:00","og_image":[{"width":813,"height":960,"url":"http:\/\/new.versastyledesign.ca\/wp-content\/uploads\/2020\/05\/design-exterieur-terrasse-style-champetre-16.jpg","type":"image\/jpeg"}],"twitter_misc":{"Estimation du temps de lecture":"2 minutes"},"schema":{"@context":"https:\/\/schema.org","@graph":[{"@type":"WebPage","@id":"https:\/\/versastyledesign.ca\/fr\/portfolio-de-design\/design-de-galerie-champetre\/","url":"https:\/\/versastyledesign.ca\/fr\/portfolio-de-design\/design-de-galerie-champetre\/","name":"Design de galerie champ\u00eatre - Versa Style Design","isPartOf":{"@id":"http:\/\/new.versastyledesign.ca\/fr\/#website"},"primaryImageOfPage":{"@id":"https:\/\/versastyledesign.ca\/fr\/portfolio-de-design\/design-de-galerie-champetre\/#primaryimage"},"image":{"@id":"https:\/\/versastyledesign.ca\/fr\/portfolio-de-design\/design-de-galerie-champetre\/#primaryimage"},"thumbnailUrl":"https:\/\/versastyledesign.ca\/wp-content\/uploads\/2020\/05\/design-exterieur-terrasse-style-champetre-16.jpg","datePublished":"2020-05-17T16:49:56+00:00","dateModified":"2023-10-28T23:57:31+00:00","breadcrumb":{"@id":"https:\/\/versastyledesign.ca\/fr\/portfolio-de-design\/design-de-galerie-champetre\/#breadcrumb"},"inLanguage":"fr-CA","potentialAction":[{"@type":"ReadAction","target":["https:\/\/versastyledesign.ca\/fr\/portfolio-de-design\/design-de-galerie-champetre\/"]}]},{"@type":"ImageObject","inLanguage":"fr-CA","@id":"https:\/\/versastyledesign.ca\/fr\/portfolio-de-design\/design-de-galerie-champetre\/#primaryimage","url":"https:\/\/versastyledesign.ca\/wp-content\/uploads\/2020\/05\/design-exterieur-terrasse-style-champetre-16.jpg","contentUrl":"https:\/\/versastyledesign.ca\/wp-content\/uploads\/2020\/05\/design-exterieur-terrasse-style-champetre-16.jpg","width":813,"height":960},{"@type":"BreadcrumbList","@id":"https:\/\/versastyledesign.ca\/fr\/portfolio-de-design\/design-de-galerie-champetre\/#breadcrumb","itemListElement":[{"@type":"ListItem","position":1,"name":"Accueil","item":"http:\/\/new.versastyledesign.ca\/fr\/"},{"@type":"ListItem","position":2,"name":"Portfolio de Design","item":"http:\/\/new.versastyledesign.ca\/fr\/design-portfolio\/"},{"@type":"ListItem","position":3,"name":"Design de galerie champ\u00eatre"}]},{"@type":"WebSite","@id":"http:\/\/new.versastyledesign.ca\/fr\/#website","url":"http:\/\/new.versastyledesign.ca\/fr\/","name":"Versa Style Design","description":"Design d&#039;int\u00e9rieur et r\u00e9novations \u00e0 Montr\u00e9al","publisher":{"@id":"http:\/\/new.versastyledesign.ca\/fr\/#organization"},"potentialAction":[{"@type":"SearchAction","target":{"@type":"EntryPoint","urlTemplate":"http:\/\/new.versastyledesign.ca\/fr\/?s={search_term_string}"},"query-input":{"@type":"PropertyValueSpecification","valueRequired":true,"valueName":"search_term_string"}}],"inLanguage":"fr-CA"},{"@type":"Organization","@id":"http:\/\/new.versastyledesign.ca\/fr\/#organization","name":"Versa Style Design","url":"http:\/\/new.versastyledesign.ca\/fr\/","logo":{"@type":"ImageObject","inLanguage":"fr-CA","@id":"http:\/\/new.versastyledesign.ca\/fr\/#\/schema\/logo\/image\/","url":"https:\/\/versastyledesign.ca\/wp-content\/uploads\/2019\/11\/Versa-Style-Design-logo.jpg","contentUrl":"https:\/\/versastyledesign.ca\/wp-content\/uploads\/2019\/11\/Versa-Style-Design-logo.jpg","width":2099,"height":670,"caption":"Versa Style Design"},"image":{"@id":"http:\/\/new.versastyledesign.ca\/fr\/#\/schema\/logo\/image\/"},"sameAs":["https:\/\/www.facebook.com\/Versastyledesign?ref=hl","https:\/\/x.com\/luciepitt","https:\/\/www.instagram.com\/versastyledesign\/","https:\/\/www.linkedin.com\/in\/lucie-pitt-54b0ba85","https:\/\/www.pinterest.com\/versastyledesign\/"]}]}},"coauthors":[],"author_meta":{"author_link":"https:\/\/versastyledesign.ca\/fr\/author\/lucie-pitt\/","display_name":"Lucie Pitt"},"relative_dates":{"created":"Posted 6 ann\u00e9es ago","modified":"Updated 2 ann\u00e9es ago"},"absolute_dates":{"created":"Posted on 17 mai 2020","modified":"Updated on 28 octobre 2023"},"absolute_dates_time":{"created":"Posted on 17 mai 2020 16 h 49 min","modified":"Updated on 28 octobre 2023 19 h 57 min"},"featured_img_caption":"","featured_img":"https:\/\/versastyledesign.ca\/wp-content\/uploads\/2020\/05\/design-exterieur-terrasse-style-champetre-16.jpg","series_order":"","_links":{"self":[{"href":"https:\/\/versastyledesign.ca\/fr\/wp-json\/wp\/v2\/pages\/20668","targetHints":{"allow":["GET"]}}],"collection":[{"href":"https:\/\/versastyledesign.ca\/fr\/wp-json\/wp\/v2\/pages"}],"about":[{"href":"https:\/\/versastyledesign.ca\/fr\/wp-json\/wp\/v2\/types\/page"}],"author":[{"embeddable":true,"href":"https:\/\/versastyledesign.ca\/fr\/wp-json\/wp\/v2\/users\/2"}],"replies":[{"embeddable":true,"href":"https:\/\/versastyledesign.ca\/fr\/wp-json\/wp\/v2\/comments?post=20668"}],"version-history":[{"count":4,"href":"https:\/\/versastyledesign.ca\/fr\/wp-json\/wp\/v2\/pages\/20668\/revisions"}],"predecessor-version":[{"id":26940,"href":"https:\/\/versastyledesign.ca\/fr\/wp-json\/wp\/v2\/pages\/20668\/revisions\/26940"}],"up":[{"embeddable":true,"href":"https:\/\/versastyledesign.ca\/fr\/wp-json\/wp\/v2\/pages\/1840"}],"wp:featuredmedia":[{"embeddable":true,"href":"https:\/\/versastyledesign.ca\/fr\/wp-json\/wp\/v2\/media\/20672"}],"wp:attachment":[{"href":"https:\/\/versastyledesign.ca\/fr\/wp-json\/wp\/v2\/media?parent=20668"}],"curies":[{"name":"wp","href":"https:\/\/api.w.org\/{rel}","templated":true}]}}