{"id":20923,"date":"2020-12-15T16:45:18","date_gmt":"2020-12-15T16:45:18","guid":{"rendered":"https:\/\/versastyledesign.ca\/?page_id=20923"},"modified":"2023-08-26T14:33:57","modified_gmt":"2023-08-26T18:33:57","slug":"design-de-chambre-a-coucher-dans-le-vieux-montreal","status":"publish","type":"page","link":"https:\/\/versastyledesign.ca\/fr\/portfolio-de-design\/design-de-chambre-a-coucher-dans-le-vieux-montreal\/","title":{"rendered":"Design de chambre \u00e0 coucher dans le Vieux-Montr\u00e9al"},"content":{"rendered":"\n<div class=\"wp-block-columns is-layout-flex wp-container-core-columns-is-layout-9d6595d7 wp-block-columns-is-layout-flex\">\n<div class=\"wp-block-column is-layout-flow wp-block-column-is-layout-flow\">\n<p><strong>Lieu:<\/strong> Vieux-Port, Vieux-Montr\u00e9al<\/p>\n\n\n\n<p><strong>Service de design:<\/strong> Concept et design de chambre, couleur, finitions et accompagnement lors du magasinage<\/p>\n\n\n\n<p><strong>Mat\u00e9riaux utilis\u00e9s:<\/strong> Table de chevet en bois gris laqu\u00e9 avec tiroirs, t\u00eate de lit en cuir capitonn\u00e9 gris, literie en coton blanc, lampe de chevet g\u00e9om\u00e9trique en fer, peinture abstraite originale, rideaux gris, grand miroir en bois de grange, coussins d\u00e9coratifs color\u00e9s<\/p>\n<\/div>\n\n\n\n<div class=\"wp-block-column is-layout-flow wp-block-column-is-layout-flow\">\n<figure class=\"wp-block-image size-large\"><img loading=\"lazy\" decoding=\"async\" width=\"800\" height=\"600\" src=\"https:\/\/versastyledesign.ca\/wp-content\/uploads\/2020\/12\/portfolio-design-vieux-montreal-chambre-a-coucher49.jpg\" alt=\"\" class=\"wp-image-20927\" srcset=\"https:\/\/versastyledesign.ca\/wp-content\/uploads\/2020\/12\/portfolio-design-vieux-montreal-chambre-a-coucher49.jpg 800w, https:\/\/versastyledesign.ca\/wp-content\/uploads\/2020\/12\/portfolio-design-vieux-montreal-chambre-a-coucher49-300x225.jpg 300w, https:\/\/versastyledesign.ca\/wp-content\/uploads\/2020\/12\/portfolio-design-vieux-montreal-chambre-a-coucher49-768x576.jpg 768w\" sizes=\"auto, (max-width: 800px) 100vw, 800px\" \/><\/figure>\n<\/div>\n<\/div>\n\n\n\n<p><strong>Notre mandat:<\/strong> Le client voulait une chambre color\u00e9e, lumineuse et sereine. Nous l\u2019avons accompagn\u00e9 lors de l\u2019achat du nouveau lit, le matelas, la table de chevet ainsi qu&rsquo;une grande commode (non pr\u00e9sente dans les images). L\u2019\u0153uvre d\u2019art au-dessus du lit cr\u00e9\u00e9e un point focal dynamique et ajoute de l\u2019\u00e9clat aux coussins color\u00e9s. Nous avons supervis\u00e9 l\u2019am\u00e9nagement de la chambre \u00e0 l\u2019enti\u00e8re satisfaction de notre client.<\/p>\n\n\n\n<div style=\"height:50px\" aria-hidden=\"true\" class=\"wp-block-spacer\"><\/div>\n\n\n\n<h2 class=\"wp-block-heading has-text-align-center\">Portfolio de design avant et apr\u00e8s <br>par Versa Style Design<\/h2>\n\n\n\n<figure class=\"wp-block-gallery has-nested-images columns-4 is-cropped wp-block-gallery-1 is-layout-flex wp-block-gallery-is-layout-flex\">\n<figure class=\"wp-block-image size-large\"><a href=\"https:\/\/versastyledesign.ca\/wp-content\/uploads\/2023\/08\/portfolio-design-vieux-montreal-chambre-a-coucher47-768x1024.jpg\"><img loading=\"lazy\" decoding=\"async\" width=\"768\" height=\"1024\" data-id=\"26438\" src=\"https:\/\/versastyledesign.ca\/wp-content\/uploads\/2023\/08\/portfolio-design-vieux-montreal-chambre-a-coucher47-768x1024.jpg\" alt=\"\" class=\"wp-image-26438\" srcset=\"https:\/\/versastyledesign.ca\/wp-content\/uploads\/2023\/08\/portfolio-design-vieux-montreal-chambre-a-coucher47-768x1024.jpg 768w, https:\/\/versastyledesign.ca\/wp-content\/uploads\/2023\/08\/portfolio-design-vieux-montreal-chambre-a-coucher47-225x300.jpg 225w, https:\/\/versastyledesign.ca\/wp-content\/uploads\/2023\/08\/portfolio-design-vieux-montreal-chambre-a-coucher47.jpg 960w\" sizes=\"auto, (max-width: 768px) 100vw, 768px\" \/><\/a><\/figure>\n\n\n\n<figure class=\"wp-block-image size-large\"><a href=\"https:\/\/versastyledesign.ca\/wp-content\/uploads\/2023\/08\/portfolio-design-vieux-montreal-chambre-a-coucher45-1024x768.jpg\"><img loading=\"lazy\" decoding=\"async\" width=\"1024\" height=\"768\" data-id=\"26440\" src=\"https:\/\/versastyledesign.ca\/wp-content\/uploads\/2023\/08\/portfolio-design-vieux-montreal-chambre-a-coucher45-1024x768.jpg\" alt=\"\" class=\"wp-image-26440\" srcset=\"https:\/\/versastyledesign.ca\/wp-content\/uploads\/2023\/08\/portfolio-design-vieux-montreal-chambre-a-coucher45-1024x768.jpg 1024w, https:\/\/versastyledesign.ca\/wp-content\/uploads\/2023\/08\/portfolio-design-vieux-montreal-chambre-a-coucher45-300x225.jpg 300w, https:\/\/versastyledesign.ca\/wp-content\/uploads\/2023\/08\/portfolio-design-vieux-montreal-chambre-a-coucher45-768x576.jpg 768w, https:\/\/versastyledesign.ca\/wp-content\/uploads\/2023\/08\/portfolio-design-vieux-montreal-chambre-a-coucher45.jpg 1280w\" sizes=\"auto, (max-width: 1024px) 100vw, 1024px\" \/><\/a><\/figure>\n\n\n\n<figure class=\"wp-block-image size-large\"><a href=\"https:\/\/versastyledesign.ca\/wp-content\/uploads\/2023\/08\/portfolio-design-vieux-montreal-chambre-a-coucher48-768x1024.jpg\"><img loading=\"lazy\" decoding=\"async\" width=\"768\" height=\"1024\" data-id=\"26442\" src=\"https:\/\/versastyledesign.ca\/wp-content\/uploads\/2023\/08\/portfolio-design-vieux-montreal-chambre-a-coucher48-768x1024.jpg\" alt=\"\" class=\"wp-image-26442\" srcset=\"https:\/\/versastyledesign.ca\/wp-content\/uploads\/2023\/08\/portfolio-design-vieux-montreal-chambre-a-coucher48-768x1024.jpg 768w, https:\/\/versastyledesign.ca\/wp-content\/uploads\/2023\/08\/portfolio-design-vieux-montreal-chambre-a-coucher48-225x300.jpg 225w, https:\/\/versastyledesign.ca\/wp-content\/uploads\/2023\/08\/portfolio-design-vieux-montreal-chambre-a-coucher48.jpg 960w\" sizes=\"auto, (max-width: 768px) 100vw, 768px\" \/><\/a><\/figure>\n\n\n\n<figure class=\"wp-block-image size-large\"><a href=\"https:\/\/versastyledesign.ca\/wp-content\/uploads\/2023\/08\/portfolio-design-vieux-montreal-chambre-a-coucher46-1024x790.jpg\"><img loading=\"lazy\" decoding=\"async\" width=\"1024\" height=\"790\" data-id=\"26444\" src=\"https:\/\/versastyledesign.ca\/wp-content\/uploads\/2023\/08\/portfolio-design-vieux-montreal-chambre-a-coucher46-1024x790.jpg\" alt=\"\" class=\"wp-image-26444\" srcset=\"https:\/\/versastyledesign.ca\/wp-content\/uploads\/2023\/08\/portfolio-design-vieux-montreal-chambre-a-coucher46-1024x790.jpg 1024w, https:\/\/versastyledesign.ca\/wp-content\/uploads\/2023\/08\/portfolio-design-vieux-montreal-chambre-a-coucher46-300x232.jpg 300w, https:\/\/versastyledesign.ca\/wp-content\/uploads\/2023\/08\/portfolio-design-vieux-montreal-chambre-a-coucher46-768x593.jpg 768w, https:\/\/versastyledesign.ca\/wp-content\/uploads\/2023\/08\/portfolio-design-vieux-montreal-chambre-a-coucher46.jpg 1280w\" sizes=\"auto, (max-width: 1024px) 100vw, 1024px\" \/><\/a><\/figure>\n<\/figure>\n\n\n\n<blockquote class=\"wp-block-quote is-layout-flow wp-block-quote-is-layout-flow\">\n<p>J\u2019ai eu l\u2019opportunit\u00e9 et le plaisir de travailler avec Lucie. Je l\u2019ai trouv\u00e9e professionnelle, honn\u00eate et extr\u00eamement comp\u00e9tente. Elle a transform\u00e9 mon condo dans le vieux port; passant d\u2019un espace vide \u00e0 une demeure magnifiquement con\u00e7ue. Elle a pris le temps de comprendre ma vision et mes go\u00fbts. Des meubles jusqu\u2019aux accessoires, ses go\u00fbts et ses choix sont exceptionnels. Elle est \u00e9galement extr\u00eamement honn\u00eate. J\u2019ai \u00e9t\u00e9 surpris de recevoir un remboursement de sa part car l\u2019un des fournisseurs avec qui nous avions fait affaire nous avait surfactur\u00e9 et Lucie m\u2019a rapidement rembours\u00e9. J\u2019ai travaill\u00e9 avec plusieurs designers dans le pass\u00e9 et je trouve que Lucie se soucie vraiment de sa profession et de ses clients. Je la recommande vivement.<\/p>\n<cite><strong>Steve Clark<\/strong><\/cite><\/blockquote>\n\n\n\n<div style=\"height:50px\" aria-hidden=\"true\" class=\"wp-block-spacer\"><\/div>\n\n\n\n<div class=\"wp-block-columns is-layout-flex wp-container-core-columns-is-layout-9d6595d7 wp-block-columns-is-layout-flex\">\n<div class=\"wp-block-column is-layout-flow wp-block-column-is-layout-flow\"><div class=\"wp-block-image\">\n<figure class=\"aligncenter size-medium\"><img loading=\"lazy\" decoding=\"async\" width=\"300\" height=\"298\" src=\"https:\/\/versastyledesign.ca\/wp-content\/uploads\/2019\/12\/Design-de-chambre-a-coucher-a-montreal-01-300x298.png\" alt=\"\" class=\"wp-image-16159\" srcset=\"https:\/\/versastyledesign.ca\/wp-content\/uploads\/2019\/12\/Design-de-chambre-a-coucher-a-montreal-01-300x298.png 300w, https:\/\/versastyledesign.ca\/wp-content\/uploads\/2019\/12\/Design-de-chambre-a-coucher-a-montreal-01-150x150.png 150w, https:\/\/versastyledesign.ca\/wp-content\/uploads\/2019\/12\/Design-de-chambre-a-coucher-a-montreal-01-768x763.png 768w, https:\/\/versastyledesign.ca\/wp-content\/uploads\/2019\/12\/Design-de-chambre-a-coucher-a-montreal-01.png 850w\" sizes=\"auto, (max-width: 300px) 100vw, 300px\" \/><\/figure>\n<\/div><\/div>\n\n\n\n<div class=\"wp-block-column is-layout-flow wp-block-column-is-layout-flow\">\n<h2 class=\"wp-block-heading has-text-align-center\"> Services de design de chambre \u00e0 coucher \u00e0 Montr\u00e9al <\/h2>\n\n\n\n<p class=\"has-text-align-center\">Pour en savoir plus sur nos services de design de chambre \u00e0 coucher dans la grande r\u00e9gion de Montr\u00e9al.<\/p>\n\n\n\n<div class=\"wp-block-buttons is-content-justification-center is-layout-flex wp-container-core-buttons-is-layout-16018d1d wp-block-buttons-is-layout-flex\">\n<div class=\"wp-block-button button-custom\"><a class=\"wp-block-button__link wp-element-button\" href=\"\/fr?page_id=13404\">Design de chambre \u00e0 coucher<\/a><\/div>\n<\/div>\n<\/div>\n<\/div>\n\n\n\n<div style=\"height:50px\" aria-hidden=\"true\" class=\"wp-block-spacer\"><\/div>\n\n\n\n<h2 class=\"wp-block-heading\"><strong>\u00cates-vous situ\u00e9 dans la grande r\u00e9gion de Montr\u00e9al?<\/strong><\/h2>\n\n\n\n<p class=\"has-text-align-center\"><strong>Donnez vie \u00e0 votre projet de design avec Lucie.<\/strong><\/p>\n\n\n\n<div class=\"wp-block-buttons is-content-justification-center is-layout-flex wp-container-core-buttons-is-layout-16018d1d wp-block-buttons-is-layout-flex\">\n<div class=\"wp-block-button button-inverse\"><a class=\"wp-block-button__link has-text-color has-background has-link-color wp-element-button\" href=\"\/fr\/forfait-de-design-interieur\/versa-style-design-premiere-consultation\/\" style=\"color:#d53652;background-color:#f3f3f3\">Premi\u00e8re consultation<\/a><\/div>\n<\/div>\n\n\n\n<div style=\"height:25px\" aria-hidden=\"true\" class=\"wp-block-spacer\"><\/div>\n<p><a href=\"\/\/www.pinterest.com\/pin\/create\/button\/\" data-pin-do=\"buttonBookmark\" data-pin-color=\"red\" data-pin-height=\"128\"><img decoding=\"async\" src=\"\/\/assets.pinterest.com\/images\/pidgets\/pinit_fg_en_rect_red_28.png\" \/><\/a><\/p>","protected":false},"excerpt":{"rendered":"<p>Lieu: Vieux-Port, Vieux-Montr\u00e9al Service de design: Concept et design de chambre, couleur, finitions et accompagnement lors du magasinage Mat\u00e9riaux utilis\u00e9s: Table de chevet en bois gris laqu\u00e9 avec tiroirs, t\u00eate de lit en cuir capitonn\u00e9 gris, literie en coton blanc, lampe de chevet g\u00e9om\u00e9trique en fer, peinture abstraite originale, rideaux gris, grand miroir en bois [&hellip;]<\/p>\n","protected":false},"author":2,"featured_media":20929,"parent":1840,"menu_order":0,"comment_status":"closed","ping_status":"closed","template":"","meta":{"advgb_blocks_editor_width":"","advgb_blocks_columns_visual_guide":"","_genesis_hide_title":false,"_genesis_hide_breadcrumbs":false,"_genesis_hide_singular_image":false,"_genesis_hide_footer_widgets":false,"_genesis_custom_body_class":"","_genesis_custom_post_class":"","_genesis_layout":"","footnotes":""},"class_list":{"0":"post-20923","1":"page","2":"type-page","3":"status-publish","4":"has-post-thumbnail","6":"entry"},"yoast_head":"<!-- This site is optimized with the Yoast SEO plugin v27.4 - https:\/\/yoast.com\/product\/yoast-seo-wordpress\/ -->\n<title>Design de chambre \u00e0 coucher dans le Vieux-Montr\u00e9al - Versa Style Design<\/title>\n<meta name=\"description\" content=\"Le client voulait une chambre color\u00e9e, lumineuse et sereine. Nous l\u2019avons accompagn\u00e9 lors de l\u2019achat du nouveau lit, le matelas...\" \/>\n<meta name=\"robots\" content=\"index, follow, max-snippet:-1, max-image-preview:large, max-video-preview:-1\" \/>\n<link rel=\"canonical\" href=\"https:\/\/versastyledesign.ca\/fr\/portfolio-de-design\/design-de-chambre-a-coucher-dans-le-vieux-montreal\/\" \/>\n<meta property=\"og:locale\" content=\"fr_CA\" \/>\n<meta property=\"og:type\" content=\"article\" \/>\n<meta property=\"og:title\" content=\"Design de chambre \u00e0 coucher dans le Vieux-Montr\u00e9al - Versa Style Design\" \/>\n<meta property=\"og:description\" content=\"Le client voulait une chambre color\u00e9e, lumineuse et sereine. Nous l\u2019avons accompagn\u00e9 lors de l\u2019achat du nouveau lit, le matelas...\" \/>\n<meta property=\"og:url\" content=\"https:\/\/versastyledesign.ca\/fr\/portfolio-de-design\/design-de-chambre-a-coucher-dans-le-vieux-montreal\/\" \/>\n<meta property=\"og:site_name\" content=\"Versa Style Design\" \/>\n<meta property=\"article:publisher\" content=\"https:\/\/www.facebook.com\/Versastyledesign?ref=hl\" \/>\n<meta property=\"article:modified_time\" content=\"2023-08-26T18:33:57+00:00\" \/>\n<meta property=\"og:image\" content=\"http:\/\/new.versastyledesign.ca\/wp-content\/uploads\/2020\/12\/portfolio-design-vieux-montreal-chambre-a-coucher45-1.jpg\" \/>\n\t<meta property=\"og:image:width\" content=\"1280\" \/>\n\t<meta property=\"og:image:height\" content=\"960\" \/>\n\t<meta property=\"og:image:type\" content=\"image\/jpeg\" \/>\n<meta name=\"twitter:label1\" content=\"Estimation du temps de lecture\" \/>\n\t<meta name=\"twitter:data1\" content=\"2 minutes\" \/>\n<script type=\"application\/ld+json\" class=\"yoast-schema-graph\">{\"@context\":\"https:\\\/\\\/schema.org\",\"@graph\":[{\"@type\":\"WebPage\",\"@id\":\"https:\\\/\\\/versastyledesign.ca\\\/fr\\\/portfolio-de-design\\\/design-de-chambre-a-coucher-dans-le-vieux-montreal\\\/\",\"url\":\"https:\\\/\\\/versastyledesign.ca\\\/fr\\\/portfolio-de-design\\\/design-de-chambre-a-coucher-dans-le-vieux-montreal\\\/\",\"name\":\"Design de chambre \u00e0 coucher dans le Vieux-Montr\u00e9al - Versa Style Design\",\"isPartOf\":{\"@id\":\"http:\\\/\\\/new.versastyledesign.ca\\\/fr\\\/#website\"},\"primaryImageOfPage\":{\"@id\":\"https:\\\/\\\/versastyledesign.ca\\\/fr\\\/portfolio-de-design\\\/design-de-chambre-a-coucher-dans-le-vieux-montreal\\\/#primaryimage\"},\"image\":{\"@id\":\"https:\\\/\\\/versastyledesign.ca\\\/fr\\\/portfolio-de-design\\\/design-de-chambre-a-coucher-dans-le-vieux-montreal\\\/#primaryimage\"},\"thumbnailUrl\":\"https:\\\/\\\/versastyledesign.ca\\\/wp-content\\\/uploads\\\/2020\\\/12\\\/portfolio-design-vieux-montreal-chambre-a-coucher45-1.jpg\",\"datePublished\":\"2020-12-15T16:45:18+00:00\",\"dateModified\":\"2023-08-26T18:33:57+00:00\",\"description\":\"Le client voulait une chambre color\u00e9e, lumineuse et sereine. Nous l\u2019avons accompagn\u00e9 lors de l\u2019achat du nouveau lit, le matelas...\",\"breadcrumb\":{\"@id\":\"https:\\\/\\\/versastyledesign.ca\\\/fr\\\/portfolio-de-design\\\/design-de-chambre-a-coucher-dans-le-vieux-montreal\\\/#breadcrumb\"},\"inLanguage\":\"fr-CA\",\"potentialAction\":[{\"@type\":\"ReadAction\",\"target\":[\"https:\\\/\\\/versastyledesign.ca\\\/fr\\\/portfolio-de-design\\\/design-de-chambre-a-coucher-dans-le-vieux-montreal\\\/\"]}]},{\"@type\":\"ImageObject\",\"inLanguage\":\"fr-CA\",\"@id\":\"https:\\\/\\\/versastyledesign.ca\\\/fr\\\/portfolio-de-design\\\/design-de-chambre-a-coucher-dans-le-vieux-montreal\\\/#primaryimage\",\"url\":\"https:\\\/\\\/versastyledesign.ca\\\/wp-content\\\/uploads\\\/2020\\\/12\\\/portfolio-design-vieux-montreal-chambre-a-coucher45-1.jpg\",\"contentUrl\":\"https:\\\/\\\/versastyledesign.ca\\\/wp-content\\\/uploads\\\/2020\\\/12\\\/portfolio-design-vieux-montreal-chambre-a-coucher45-1.jpg\",\"width\":1280,\"height\":960,\"caption\":\"portfolio-design-vieux-montreal-chambre-a-coucher\"},{\"@type\":\"BreadcrumbList\",\"@id\":\"https:\\\/\\\/versastyledesign.ca\\\/fr\\\/portfolio-de-design\\\/design-de-chambre-a-coucher-dans-le-vieux-montreal\\\/#breadcrumb\",\"itemListElement\":[{\"@type\":\"ListItem\",\"position\":1,\"name\":\"Accueil\",\"item\":\"http:\\\/\\\/new.versastyledesign.ca\\\/fr\\\/\"},{\"@type\":\"ListItem\",\"position\":2,\"name\":\"Portfolio de Design\",\"item\":\"http:\\\/\\\/new.versastyledesign.ca\\\/fr\\\/design-portfolio\\\/\"},{\"@type\":\"ListItem\",\"position\":3,\"name\":\"Design de chambre \u00e0 coucher dans le Vieux-Montr\u00e9al\"}]},{\"@type\":\"WebSite\",\"@id\":\"http:\\\/\\\/new.versastyledesign.ca\\\/fr\\\/#website\",\"url\":\"http:\\\/\\\/new.versastyledesign.ca\\\/fr\\\/\",\"name\":\"Versa Style Design\",\"description\":\"Design d&#039;int\u00e9rieur et r\u00e9novations \u00e0 Montr\u00e9al\",\"publisher\":{\"@id\":\"http:\\\/\\\/new.versastyledesign.ca\\\/fr\\\/#organization\"},\"potentialAction\":[{\"@type\":\"SearchAction\",\"target\":{\"@type\":\"EntryPoint\",\"urlTemplate\":\"http:\\\/\\\/new.versastyledesign.ca\\\/fr\\\/?s={search_term_string}\"},\"query-input\":{\"@type\":\"PropertyValueSpecification\",\"valueRequired\":true,\"valueName\":\"search_term_string\"}}],\"inLanguage\":\"fr-CA\"},{\"@type\":\"Organization\",\"@id\":\"http:\\\/\\\/new.versastyledesign.ca\\\/fr\\\/#organization\",\"name\":\"Versa Style Design\",\"url\":\"http:\\\/\\\/new.versastyledesign.ca\\\/fr\\\/\",\"logo\":{\"@type\":\"ImageObject\",\"inLanguage\":\"fr-CA\",\"@id\":\"http:\\\/\\\/new.versastyledesign.ca\\\/fr\\\/#\\\/schema\\\/logo\\\/image\\\/\",\"url\":\"https:\\\/\\\/versastyledesign.ca\\\/wp-content\\\/uploads\\\/2019\\\/11\\\/Versa-Style-Design-logo.jpg\",\"contentUrl\":\"https:\\\/\\\/versastyledesign.ca\\\/wp-content\\\/uploads\\\/2019\\\/11\\\/Versa-Style-Design-logo.jpg\",\"width\":2099,\"height\":670,\"caption\":\"Versa Style Design\"},\"image\":{\"@id\":\"http:\\\/\\\/new.versastyledesign.ca\\\/fr\\\/#\\\/schema\\\/logo\\\/image\\\/\"},\"sameAs\":[\"https:\\\/\\\/www.facebook.com\\\/Versastyledesign?ref=hl\",\"https:\\\/\\\/x.com\\\/luciepitt\",\"https:\\\/\\\/www.instagram.com\\\/versastyledesign\\\/\",\"https:\\\/\\\/www.linkedin.com\\\/in\\\/lucie-pitt-54b0ba85\",\"https:\\\/\\\/www.pinterest.com\\\/versastyledesign\\\/\"]}]}<\/script>\n<!-- \/ Yoast SEO plugin. -->","yoast_head_json":{"title":"Design de chambre \u00e0 coucher dans le Vieux-Montr\u00e9al - Versa Style Design","description":"Le client voulait une chambre color\u00e9e, lumineuse et sereine. Nous l\u2019avons accompagn\u00e9 lors de l\u2019achat du nouveau lit, le matelas...","robots":{"index":"index","follow":"follow","max-snippet":"max-snippet:-1","max-image-preview":"max-image-preview:large","max-video-preview":"max-video-preview:-1"},"canonical":"https:\/\/versastyledesign.ca\/fr\/portfolio-de-design\/design-de-chambre-a-coucher-dans-le-vieux-montreal\/","og_locale":"fr_CA","og_type":"article","og_title":"Design de chambre \u00e0 coucher dans le Vieux-Montr\u00e9al - Versa Style Design","og_description":"Le client voulait une chambre color\u00e9e, lumineuse et sereine. Nous l\u2019avons accompagn\u00e9 lors de l\u2019achat du nouveau lit, le matelas...","og_url":"https:\/\/versastyledesign.ca\/fr\/portfolio-de-design\/design-de-chambre-a-coucher-dans-le-vieux-montreal\/","og_site_name":"Versa Style Design","article_publisher":"https:\/\/www.facebook.com\/Versastyledesign?ref=hl","article_modified_time":"2023-08-26T18:33:57+00:00","og_image":[{"width":1280,"height":960,"url":"http:\/\/new.versastyledesign.ca\/wp-content\/uploads\/2020\/12\/portfolio-design-vieux-montreal-chambre-a-coucher45-1.jpg","type":"image\/jpeg"}],"twitter_misc":{"Estimation du temps de lecture":"2 minutes"},"schema":{"@context":"https:\/\/schema.org","@graph":[{"@type":"WebPage","@id":"https:\/\/versastyledesign.ca\/fr\/portfolio-de-design\/design-de-chambre-a-coucher-dans-le-vieux-montreal\/","url":"https:\/\/versastyledesign.ca\/fr\/portfolio-de-design\/design-de-chambre-a-coucher-dans-le-vieux-montreal\/","name":"Design de chambre \u00e0 coucher dans le Vieux-Montr\u00e9al - Versa Style Design","isPartOf":{"@id":"http:\/\/new.versastyledesign.ca\/fr\/#website"},"primaryImageOfPage":{"@id":"https:\/\/versastyledesign.ca\/fr\/portfolio-de-design\/design-de-chambre-a-coucher-dans-le-vieux-montreal\/#primaryimage"},"image":{"@id":"https:\/\/versastyledesign.ca\/fr\/portfolio-de-design\/design-de-chambre-a-coucher-dans-le-vieux-montreal\/#primaryimage"},"thumbnailUrl":"https:\/\/versastyledesign.ca\/wp-content\/uploads\/2020\/12\/portfolio-design-vieux-montreal-chambre-a-coucher45-1.jpg","datePublished":"2020-12-15T16:45:18+00:00","dateModified":"2023-08-26T18:33:57+00:00","description":"Le client voulait une chambre color\u00e9e, lumineuse et sereine. Nous l\u2019avons accompagn\u00e9 lors de l\u2019achat du nouveau lit, le matelas...","breadcrumb":{"@id":"https:\/\/versastyledesign.ca\/fr\/portfolio-de-design\/design-de-chambre-a-coucher-dans-le-vieux-montreal\/#breadcrumb"},"inLanguage":"fr-CA","potentialAction":[{"@type":"ReadAction","target":["https:\/\/versastyledesign.ca\/fr\/portfolio-de-design\/design-de-chambre-a-coucher-dans-le-vieux-montreal\/"]}]},{"@type":"ImageObject","inLanguage":"fr-CA","@id":"https:\/\/versastyledesign.ca\/fr\/portfolio-de-design\/design-de-chambre-a-coucher-dans-le-vieux-montreal\/#primaryimage","url":"https:\/\/versastyledesign.ca\/wp-content\/uploads\/2020\/12\/portfolio-design-vieux-montreal-chambre-a-coucher45-1.jpg","contentUrl":"https:\/\/versastyledesign.ca\/wp-content\/uploads\/2020\/12\/portfolio-design-vieux-montreal-chambre-a-coucher45-1.jpg","width":1280,"height":960,"caption":"portfolio-design-vieux-montreal-chambre-a-coucher"},{"@type":"BreadcrumbList","@id":"https:\/\/versastyledesign.ca\/fr\/portfolio-de-design\/design-de-chambre-a-coucher-dans-le-vieux-montreal\/#breadcrumb","itemListElement":[{"@type":"ListItem","position":1,"name":"Accueil","item":"http:\/\/new.versastyledesign.ca\/fr\/"},{"@type":"ListItem","position":2,"name":"Portfolio de Design","item":"http:\/\/new.versastyledesign.ca\/fr\/design-portfolio\/"},{"@type":"ListItem","position":3,"name":"Design de chambre \u00e0 coucher dans le Vieux-Montr\u00e9al"}]},{"@type":"WebSite","@id":"http:\/\/new.versastyledesign.ca\/fr\/#website","url":"http:\/\/new.versastyledesign.ca\/fr\/","name":"Versa Style Design","description":"Design d&#039;int\u00e9rieur et r\u00e9novations \u00e0 Montr\u00e9al","publisher":{"@id":"http:\/\/new.versastyledesign.ca\/fr\/#organization"},"potentialAction":[{"@type":"SearchAction","target":{"@type":"EntryPoint","urlTemplate":"http:\/\/new.versastyledesign.ca\/fr\/?s={search_term_string}"},"query-input":{"@type":"PropertyValueSpecification","valueRequired":true,"valueName":"search_term_string"}}],"inLanguage":"fr-CA"},{"@type":"Organization","@id":"http:\/\/new.versastyledesign.ca\/fr\/#organization","name":"Versa Style Design","url":"http:\/\/new.versastyledesign.ca\/fr\/","logo":{"@type":"ImageObject","inLanguage":"fr-CA","@id":"http:\/\/new.versastyledesign.ca\/fr\/#\/schema\/logo\/image\/","url":"https:\/\/versastyledesign.ca\/wp-content\/uploads\/2019\/11\/Versa-Style-Design-logo.jpg","contentUrl":"https:\/\/versastyledesign.ca\/wp-content\/uploads\/2019\/11\/Versa-Style-Design-logo.jpg","width":2099,"height":670,"caption":"Versa Style Design"},"image":{"@id":"http:\/\/new.versastyledesign.ca\/fr\/#\/schema\/logo\/image\/"},"sameAs":["https:\/\/www.facebook.com\/Versastyledesign?ref=hl","https:\/\/x.com\/luciepitt","https:\/\/www.instagram.com\/versastyledesign\/","https:\/\/www.linkedin.com\/in\/lucie-pitt-54b0ba85","https:\/\/www.pinterest.com\/versastyledesign\/"]}]}},"coauthors":[],"author_meta":{"author_link":"https:\/\/versastyledesign.ca\/fr\/author\/lucie-pitt\/","display_name":"Lucie Pitt"},"relative_dates":{"created":"Posted 5 ann\u00e9es ago","modified":"Updated 3 ann\u00e9es ago"},"absolute_dates":{"created":"Posted on 15 D\u00e9cembre 2020","modified":"Updated on 26 ao\u00fbt 2023"},"absolute_dates_time":{"created":"Posted on 15 D\u00e9cembre 2020 16 h 45 min","modified":"Updated on 26 ao\u00fbt 2023 14 h 33 min"},"featured_img_caption":"","featured_img":"https:\/\/versastyledesign.ca\/wp-content\/uploads\/2020\/12\/portfolio-design-vieux-montreal-chambre-a-coucher45-1.jpg","series_order":"","_links":{"self":[{"href":"https:\/\/versastyledesign.ca\/fr\/wp-json\/wp\/v2\/pages\/20923","targetHints":{"allow":["GET"]}}],"collection":[{"href":"https:\/\/versastyledesign.ca\/fr\/wp-json\/wp\/v2\/pages"}],"about":[{"href":"https:\/\/versastyledesign.ca\/fr\/wp-json\/wp\/v2\/types\/page"}],"author":[{"embeddable":true,"href":"https:\/\/versastyledesign.ca\/fr\/wp-json\/wp\/v2\/users\/2"}],"replies":[{"embeddable":true,"href":"https:\/\/versastyledesign.ca\/fr\/wp-json\/wp\/v2\/comments?post=20923"}],"version-history":[{"count":5,"href":"https:\/\/versastyledesign.ca\/fr\/wp-json\/wp\/v2\/pages\/20923\/revisions"}],"predecessor-version":[{"id":26448,"href":"https:\/\/versastyledesign.ca\/fr\/wp-json\/wp\/v2\/pages\/20923\/revisions\/26448"}],"up":[{"embeddable":true,"href":"https:\/\/versastyledesign.ca\/fr\/wp-json\/wp\/v2\/pages\/1840"}],"wp:featuredmedia":[{"embeddable":true,"href":"https:\/\/versastyledesign.ca\/fr\/wp-json\/wp\/v2\/media\/20929"}],"wp:attachment":[{"href":"https:\/\/versastyledesign.ca\/fr\/wp-json\/wp\/v2\/media?parent=20923"}],"curies":[{"name":"wp","href":"https:\/\/api.w.org\/{rel}","templated":true}]}}