{"id":22533,"date":"2021-08-24T20:45:31","date_gmt":"2021-08-25T00:45:31","guid":{"rendered":"https:\/\/versastyledesign.ca\/office-design-in-an-open-concept-plan\/"},"modified":"2023-08-26T13:24:22","modified_gmt":"2023-08-26T17:24:22","slug":"office-design-in-an-open-concept-plan","status":"publish","type":"page","link":"https:\/\/versastyledesign.ca\/fr\/portfolio-de-design\/office-design-in-an-open-concept-plan\/","title":{"rendered":"Design de bureau \u00e0 domicile dans une aire ouverte \u00e0 Montr\u00e9al"},"content":{"rendered":"\n<div class=\"wp-block-columns is-layout-flex wp-container-core-columns-is-layout-9d6595d7 wp-block-columns-is-layout-flex\">\n<div class=\"wp-block-column is-layout-flow wp-block-column-is-layout-flow\">\n<p><strong>Lieu : <\/strong>Vieux-Port, Montr\u00e9al<\/p>\n\n\n\n<p><strong>Service de design: <\/strong>Concept d&rsquo;am\u00e9nagement dans un concept \u00e0 aire ouverte, recommandations pour les meubles et accessoires, recommandations pour les articles d&rsquo;\u00e9clairage, les couleurs et les finitions, embauche et n\u00e9gociations avec les professionnels, gestion compl\u00e8te du projet.<\/p>\n\n\n\n<p><strong>Mat\u00e9riaux utilis\u00e9s : <\/strong>Horloge surdimensionn\u00e9e en marbre gris, bureau en bois laqu\u00e9 gris, chaise de bureau pivotante en cuir noir, fauteuil d&rsquo;appoint en cuir noir, lampe sur pied en marbre noir et chrome, lampe de bureau en marbre noir, rideaux en lin blanc sur mesure, peinture Sherwin Williams.<\/p>\n<\/div>\n\n\n\n<div class=\"wp-block-column is-layout-flow wp-block-column-is-layout-flow\">\n<figure class=\"wp-block-image size-full\"><img loading=\"lazy\" decoding=\"async\" width=\"600\" height=\"800\" src=\"https:\/\/versastyledesign.ca\/wp-content\/uploads\/2021\/08\/portfolio-de-design-de-bureau-07_2.jpg\" alt=\"Design de bureau \u00e0 domicile dans une aire ouverte \u00e0 Montr\u00e9al\" class=\"wp-image-22541\" srcset=\"https:\/\/versastyledesign.ca\/wp-content\/uploads\/2021\/08\/portfolio-de-design-de-bureau-07_2.jpg 600w, https:\/\/versastyledesign.ca\/wp-content\/uploads\/2021\/08\/portfolio-de-design-de-bureau-07_2-225x300.jpg 225w\" sizes=\"auto, (max-width: 600px) 100vw, 600px\" \/><\/figure>\n<\/div>\n<\/div>\n\n\n\n<p><strong>Notre mandat : <\/strong>\u200b\u200bLe client souhaitait un bureau \u00e0 domicile \u00e9pur\u00e9 et moderne dans son espace salon et salle \u00e0 manger \u00e0 aire ouverte. La zone est assez grande, la mise en place des \u00e9l\u00e9ments fut donc un bon d\u00e9fi. Nous avons aid\u00e9 le client dans la s\u00e9lection de tous les mat\u00e9riaux, les finitions, l&rsquo;\u00e9clairage, les si\u00e8ges, les meubles, les couleurs, le plan d\u2019am\u00e9nagement de l&rsquo;\u00e9tage et la conception de l\u2019espace en concept \u00e0 aire ouverte. L&rsquo;espace de bureau \u00e0 domicile est \u00e9pur\u00e9, coh\u00e9rent et fonctionnel.<\/p>\n\n\n\n<div style=\"height:50px\" aria-hidden=\"true\" class=\"wp-block-spacer\"><\/div>\n\n\n\n<h2 class=\"wp-block-heading\">Portfolio avant et apr\u00e8s de design de bureau \u00e0 domicile<br>par Versa Style Design<\/h2>\n\n\n\n<figure class=\"wp-block-gallery has-nested-images columns-default is-cropped wp-block-gallery-1 is-layout-flex wp-block-gallery-is-layout-flex\">\n<figure class=\"wp-block-image size-large\"><a href=\"https:\/\/versastyledesign.ca\/wp-content\/uploads\/2021\/08\/portfolio-de-design-de-bureau-05_1-768x1024.jpg\"><img loading=\"lazy\" decoding=\"async\" width=\"768\" height=\"1024\" data-id=\"22535\" src=\"https:\/\/versastyledesign.ca\/wp-content\/uploads\/2021\/08\/portfolio-de-design-de-bureau-05_1-768x1024.jpg\" alt=\"portfolio-de-design-de-bureau\" class=\"wp-image-22535\" srcset=\"https:\/\/versastyledesign.ca\/wp-content\/uploads\/2021\/08\/portfolio-de-design-de-bureau-05_1-768x1024.jpg 768w, https:\/\/versastyledesign.ca\/wp-content\/uploads\/2021\/08\/portfolio-de-design-de-bureau-05_1-225x300.jpg 225w, https:\/\/versastyledesign.ca\/wp-content\/uploads\/2021\/08\/portfolio-de-design-de-bureau-05_1.jpg 960w\" sizes=\"auto, (max-width: 768px) 100vw, 768px\" \/><\/a><\/figure>\n\n\n\n<figure class=\"wp-block-image size-large\"><a href=\"https:\/\/versastyledesign.ca\/wp-content\/uploads\/2021\/08\/portfolio-de-design-de-bureau-06_1-768x1024.jpg\"><img loading=\"lazy\" decoding=\"async\" width=\"768\" height=\"1024\" data-id=\"22537\" src=\"https:\/\/versastyledesign.ca\/wp-content\/uploads\/2021\/08\/portfolio-de-design-de-bureau-06_1-768x1024.jpg\" alt=\"portfolio-de-design-de-bureau\" class=\"wp-image-22537\" srcset=\"https:\/\/versastyledesign.ca\/wp-content\/uploads\/2021\/08\/portfolio-de-design-de-bureau-06_1-768x1024.jpg 768w, https:\/\/versastyledesign.ca\/wp-content\/uploads\/2021\/08\/portfolio-de-design-de-bureau-06_1-225x300.jpg 225w, https:\/\/versastyledesign.ca\/wp-content\/uploads\/2021\/08\/portfolio-de-design-de-bureau-06_1.jpg 960w\" sizes=\"auto, (max-width: 768px) 100vw, 768px\" \/><\/a><\/figure>\n\n\n\n<figure class=\"wp-block-image size-large\"><a href=\"https:\/\/versastyledesign.ca\/wp-content\/uploads\/2021\/08\/portfolio-de-design-de-bureau-07_1-768x1024.jpg\"><img loading=\"lazy\" decoding=\"async\" width=\"768\" height=\"1024\" data-id=\"22539\" src=\"https:\/\/versastyledesign.ca\/wp-content\/uploads\/2021\/08\/portfolio-de-design-de-bureau-07_1-768x1024.jpg\" alt=\"portfolio-de-design-de-bureau\" class=\"wp-image-22539\" srcset=\"https:\/\/versastyledesign.ca\/wp-content\/uploads\/2021\/08\/portfolio-de-design-de-bureau-07_1-768x1024.jpg 768w, https:\/\/versastyledesign.ca\/wp-content\/uploads\/2021\/08\/portfolio-de-design-de-bureau-07_1-225x300.jpg 225w, https:\/\/versastyledesign.ca\/wp-content\/uploads\/2021\/08\/portfolio-de-design-de-bureau-07_1.jpg 960w\" sizes=\"auto, (max-width: 768px) 100vw, 768px\" \/><\/a><\/figure>\n<\/figure>\n\n\n\n<blockquote class=\"wp-block-quote is-layout-flow wp-block-quote-is-layout-flow\">\n<p>J\u2019ai eu l\u2019opportunit\u00e9 et le plaisir de travailler avec Lucie. Je l\u2019ai trouv\u00e9e professionnelle, honn\u00eate et extr\u00eamement comp\u00e9tente. Elle a transform\u00e9 mon condo dans le vieux port; passant d\u2019un espace vide \u00e0 une demeure magnifiquement con\u00e7ue. Elle a pris le temps de comprendre ma vision et mes go\u00fbts. Des meubles jusqu\u2019aux accessoires, ses go\u00fbts et ses choix sont exceptionnels. Elle est \u00e9galement extr\u00eamement honn\u00eate. J\u2019ai \u00e9t\u00e9 surpris de recevoir un remboursement de sa part car l\u2019un des fournisseurs avec qui nous avions fait affaire nous avait surfactur\u00e9 et Lucie m\u2019a rapidement rembours\u00e9. J\u2019ai travaill\u00e9 avec plusieurs designers dans le pass\u00e9 et je trouve que Lucie se soucie vraiment de sa profession et de ses clients. Je la recommande vivement.<\/p>\n<cite><strong>Steve Clark<\/strong><\/cite><\/blockquote>\n\n\n\n<div style=\"height:50px\" aria-hidden=\"true\" class=\"wp-block-spacer\"><\/div>\n\n\n\n<div class=\"wp-block-columns is-layout-flex wp-container-core-columns-is-layout-9d6595d7 wp-block-columns-is-layout-flex\">\n<div class=\"wp-block-column is-layout-flow wp-block-column-is-layout-flow\">\n<figure class=\"wp-block-image size-large\"><img loading=\"lazy\" decoding=\"async\" width=\"800\" height=\"522\" src=\"https:\/\/versastyledesign.ca\/wp-content\/uploads\/2021\/03\/ou-integrer-un-bureau-a-la-maison-25.jpg\" alt=\"\" class=\"wp-image-21622\" srcset=\"https:\/\/versastyledesign.ca\/wp-content\/uploads\/2021\/03\/ou-integrer-un-bureau-a-la-maison-25.jpg 800w, https:\/\/versastyledesign.ca\/wp-content\/uploads\/2021\/03\/ou-integrer-un-bureau-a-la-maison-25-300x196.jpg 300w, https:\/\/versastyledesign.ca\/wp-content\/uploads\/2021\/03\/ou-integrer-un-bureau-a-la-maison-25-768x501.jpg 768w\" sizes=\"auto, (max-width: 800px) 100vw, 800px\" \/><\/figure>\n<\/div>\n\n\n\n<div class=\"wp-block-column is-layout-flow wp-block-column-is-layout-flow\">\n<h2 class=\"wp-block-heading has-text-align-center\" id=\"design-de-bureau-a-domicile-et-corporatif-a-montreal-af12b648-06da-45f8-865c-779556a4cc41\">Design de bureaux \u00e0 domicile \u00e0 Montr\u00e9al<\/h2>\n\n\n\n<p class=\"has-text-align-center\">Pour en savoir plus sur nos services de design de bureau dans la grande r\u00e9gion de Montr\u00e9al.<\/p>\n\n\n\n<div class=\"wp-block-buttons is-horizontal is-content-justification-center is-layout-flex wp-container-core-buttons-is-layout-499968f5 wp-block-buttons-is-layout-flex\">\n<div class=\"wp-block-button button-custom\"><a class=\"wp-block-button__link has-background wp-element-button\" href=\"\/fr?page_id=1860\" style=\"background-color:#d53652\" target=\"_blank\" rel=\"\">Design de bureau<\/a><\/div>\n<\/div>\n<\/div>\n<\/div>\n\n\n\n<div style=\"height:50px\" aria-hidden=\"true\" class=\"wp-block-spacer\"><\/div>\n\n\n\n<h2 class=\"wp-block-heading\"><strong>\u00cates-vous situ\u00e9 dans la grande r\u00e9gion de Montr\u00e9al?<\/strong><\/h2>\n\n\n\n<p class=\"has-text-align-center\"><strong>Donnez vie \u00e0 votre projet de design avec Lucie.<\/strong><\/p>\n\n\n\n<div class=\"wp-block-buttons is-content-justification-center is-layout-flex wp-container-core-buttons-is-layout-16018d1d wp-block-buttons-is-layout-flex\">\n<div class=\"wp-block-button button-inverse\"><a class=\"wp-block-button__link has-text-color has-background has-link-color wp-element-button\" href=\"\/fr\/forfait-de-design-interieur\/versa-style-design-premiere-consultation\/\" style=\"color:#d53652;background-color:#f3f3f3\">Premi\u00e8re consultation<\/a><\/div>\n<\/div>\n\n\n\n<div style=\"height:25px\" aria-hidden=\"true\" class=\"wp-block-spacer\"><\/div>\n<p><a href=\"\/\/www.pinterest.com\/pin\/create\/button\/\" data-pin-do=\"buttonBookmark\" data-pin-color=\"red\" data-pin-height=\"128\"><img decoding=\"async\" src=\"\/\/assets.pinterest.com\/images\/pidgets\/pinit_fg_en_rect_red_28.png\" \/><\/a><\/p>","protected":false},"excerpt":{"rendered":"<p>Lieu : Vieux-Port, Montr\u00e9al Service de design: Concept d&rsquo;am\u00e9nagement dans un concept \u00e0 aire ouverte, recommandations pour les meubles et accessoires, recommandations pour les articles d&rsquo;\u00e9clairage, les couleurs et les finitions, embauche et n\u00e9gociations avec les professionnels, gestion compl\u00e8te du projet. Mat\u00e9riaux utilis\u00e9s : Horloge surdimensionn\u00e9e en marbre gris, bureau en bois laqu\u00e9 gris, chaise [&hellip;]<\/p>\n","protected":false},"author":2,"featured_media":22519,"parent":1840,"menu_order":0,"comment_status":"closed","ping_status":"closed","template":"","meta":{"advgb_blocks_editor_width":"","advgb_blocks_columns_visual_guide":"","_genesis_hide_title":false,"_genesis_hide_breadcrumbs":false,"_genesis_hide_singular_image":false,"_genesis_hide_footer_widgets":false,"_genesis_custom_body_class":"","_genesis_custom_post_class":"","_genesis_layout":"","footnotes":""},"class_list":{"0":"post-22533","1":"page","2":"type-page","3":"status-publish","4":"has-post-thumbnail","6":"entry"},"yoast_head":"<!-- This site is optimized with the Yoast SEO plugin v27.4 - https:\/\/yoast.com\/product\/yoast-seo-wordpress\/ -->\n<title>Design de bureau \u00e0 domicile dans une aire ouverte \u00e0 Montr\u00e9al - Versa Style Design<\/title>\n<meta name=\"description\" content=\"\u200b\u200bLe client souhaitait un bureau \u00e0 domicile \u00e9pur\u00e9 et moderne dans son espace salon et salle \u00e0 manger \u00e0 aire ouverte.\" \/>\n<meta name=\"robots\" content=\"index, follow, max-snippet:-1, max-image-preview:large, max-video-preview:-1\" \/>\n<link rel=\"canonical\" href=\"https:\/\/versastyledesign.ca\/fr\/portfolio-de-design\/office-design-in-an-open-concept-plan\/\" \/>\n<meta property=\"og:locale\" content=\"fr_CA\" \/>\n<meta property=\"og:type\" content=\"article\" \/>\n<meta property=\"og:title\" content=\"Design de bureau \u00e0 domicile dans une aire ouverte \u00e0 Montr\u00e9al - Versa Style Design\" \/>\n<meta property=\"og:description\" content=\"\u200b\u200bLe client souhaitait un bureau \u00e0 domicile \u00e9pur\u00e9 et moderne dans son espace salon et salle \u00e0 manger \u00e0 aire ouverte.\" \/>\n<meta property=\"og:url\" content=\"https:\/\/versastyledesign.ca\/fr\/portfolio-de-design\/office-design-in-an-open-concept-plan\/\" \/>\n<meta property=\"og:site_name\" content=\"Versa Style Design\" \/>\n<meta property=\"article:publisher\" content=\"https:\/\/www.facebook.com\/Versastyledesign?ref=hl\" \/>\n<meta property=\"article:modified_time\" content=\"2023-08-26T17:24:22+00:00\" \/>\n<meta property=\"og:image\" content=\"https:\/\/new.versastyledesign.ca\/wp-content\/uploads\/2021\/08\/Montreal-office-design-portfolio-12.jpg\" \/>\n\t<meta property=\"og:image:width\" content=\"605\" \/>\n\t<meta property=\"og:image:height\" content=\"807\" \/>\n\t<meta property=\"og:image:type\" content=\"image\/jpeg\" \/>\n<meta name=\"twitter:label1\" content=\"Estimation du temps de lecture\" \/>\n\t<meta name=\"twitter:data1\" content=\"2 minutes\" \/>\n<script type=\"application\/ld+json\" class=\"yoast-schema-graph\">{\"@context\":\"https:\\\/\\\/schema.org\",\"@graph\":[{\"@type\":\"WebPage\",\"@id\":\"https:\\\/\\\/versastyledesign.ca\\\/fr\\\/portfolio-de-design\\\/office-design-in-an-open-concept-plan\\\/\",\"url\":\"https:\\\/\\\/versastyledesign.ca\\\/fr\\\/portfolio-de-design\\\/office-design-in-an-open-concept-plan\\\/\",\"name\":\"Design de bureau \u00e0 domicile dans une aire ouverte \u00e0 Montr\u00e9al - Versa Style Design\",\"isPartOf\":{\"@id\":\"http:\\\/\\\/new.versastyledesign.ca\\\/fr\\\/#website\"},\"primaryImageOfPage\":{\"@id\":\"https:\\\/\\\/versastyledesign.ca\\\/fr\\\/portfolio-de-design\\\/office-design-in-an-open-concept-plan\\\/#primaryimage\"},\"image\":{\"@id\":\"https:\\\/\\\/versastyledesign.ca\\\/fr\\\/portfolio-de-design\\\/office-design-in-an-open-concept-plan\\\/#primaryimage\"},\"thumbnailUrl\":\"https:\\\/\\\/versastyledesign.ca\\\/wp-content\\\/uploads\\\/2021\\\/08\\\/Montreal-office-design-portfolio-12.jpg\",\"datePublished\":\"2021-08-25T00:45:31+00:00\",\"dateModified\":\"2023-08-26T17:24:22+00:00\",\"description\":\"\u200b\u200bLe client souhaitait un bureau \u00e0 domicile \u00e9pur\u00e9 et moderne dans son espace salon et salle \u00e0 manger \u00e0 aire ouverte.\",\"breadcrumb\":{\"@id\":\"https:\\\/\\\/versastyledesign.ca\\\/fr\\\/portfolio-de-design\\\/office-design-in-an-open-concept-plan\\\/#breadcrumb\"},\"inLanguage\":\"fr-CA\",\"potentialAction\":[{\"@type\":\"ReadAction\",\"target\":[\"https:\\\/\\\/versastyledesign.ca\\\/fr\\\/portfolio-de-design\\\/office-design-in-an-open-concept-plan\\\/\"]}]},{\"@type\":\"ImageObject\",\"inLanguage\":\"fr-CA\",\"@id\":\"https:\\\/\\\/versastyledesign.ca\\\/fr\\\/portfolio-de-design\\\/office-design-in-an-open-concept-plan\\\/#primaryimage\",\"url\":\"https:\\\/\\\/versastyledesign.ca\\\/wp-content\\\/uploads\\\/2021\\\/08\\\/Montreal-office-design-portfolio-12.jpg\",\"contentUrl\":\"https:\\\/\\\/versastyledesign.ca\\\/wp-content\\\/uploads\\\/2021\\\/08\\\/Montreal-office-design-portfolio-12.jpg\",\"width\":605,\"height\":807,\"caption\":\"Montreal-office-design-portfolio-12\"},{\"@type\":\"BreadcrumbList\",\"@id\":\"https:\\\/\\\/versastyledesign.ca\\\/fr\\\/portfolio-de-design\\\/office-design-in-an-open-concept-plan\\\/#breadcrumb\",\"itemListElement\":[{\"@type\":\"ListItem\",\"position\":1,\"name\":\"Accueil\",\"item\":\"http:\\\/\\\/new.versastyledesign.ca\\\/fr\\\/\"},{\"@type\":\"ListItem\",\"position\":2,\"name\":\"Portfolio de Design\",\"item\":\"http:\\\/\\\/new.versastyledesign.ca\\\/fr\\\/design-portfolio\\\/\"},{\"@type\":\"ListItem\",\"position\":3,\"name\":\"Design de bureau \u00e0 domicile dans une aire ouverte \u00e0 Montr\u00e9al\"}]},{\"@type\":\"WebSite\",\"@id\":\"http:\\\/\\\/new.versastyledesign.ca\\\/fr\\\/#website\",\"url\":\"http:\\\/\\\/new.versastyledesign.ca\\\/fr\\\/\",\"name\":\"Versa Style Design\",\"description\":\"Design d&#039;int\u00e9rieur et r\u00e9novations \u00e0 Montr\u00e9al\",\"publisher\":{\"@id\":\"http:\\\/\\\/new.versastyledesign.ca\\\/fr\\\/#organization\"},\"potentialAction\":[{\"@type\":\"SearchAction\",\"target\":{\"@type\":\"EntryPoint\",\"urlTemplate\":\"http:\\\/\\\/new.versastyledesign.ca\\\/fr\\\/?s={search_term_string}\"},\"query-input\":{\"@type\":\"PropertyValueSpecification\",\"valueRequired\":true,\"valueName\":\"search_term_string\"}}],\"inLanguage\":\"fr-CA\"},{\"@type\":\"Organization\",\"@id\":\"http:\\\/\\\/new.versastyledesign.ca\\\/fr\\\/#organization\",\"name\":\"Versa Style Design\",\"url\":\"http:\\\/\\\/new.versastyledesign.ca\\\/fr\\\/\",\"logo\":{\"@type\":\"ImageObject\",\"inLanguage\":\"fr-CA\",\"@id\":\"http:\\\/\\\/new.versastyledesign.ca\\\/fr\\\/#\\\/schema\\\/logo\\\/image\\\/\",\"url\":\"https:\\\/\\\/versastyledesign.ca\\\/wp-content\\\/uploads\\\/2019\\\/11\\\/Versa-Style-Design-logo.jpg\",\"contentUrl\":\"https:\\\/\\\/versastyledesign.ca\\\/wp-content\\\/uploads\\\/2019\\\/11\\\/Versa-Style-Design-logo.jpg\",\"width\":2099,\"height\":670,\"caption\":\"Versa Style Design\"},\"image\":{\"@id\":\"http:\\\/\\\/new.versastyledesign.ca\\\/fr\\\/#\\\/schema\\\/logo\\\/image\\\/\"},\"sameAs\":[\"https:\\\/\\\/www.facebook.com\\\/Versastyledesign?ref=hl\",\"https:\\\/\\\/x.com\\\/luciepitt\",\"https:\\\/\\\/www.instagram.com\\\/versastyledesign\\\/\",\"https:\\\/\\\/www.linkedin.com\\\/in\\\/lucie-pitt-54b0ba85\",\"https:\\\/\\\/www.pinterest.com\\\/versastyledesign\\\/\"]}]}<\/script>\n<!-- \/ Yoast SEO plugin. -->","yoast_head_json":{"title":"Design de bureau \u00e0 domicile dans une aire ouverte \u00e0 Montr\u00e9al - Versa Style Design","description":"\u200b\u200bLe client souhaitait un bureau \u00e0 domicile \u00e9pur\u00e9 et moderne dans son espace salon et salle \u00e0 manger \u00e0 aire ouverte.","robots":{"index":"index","follow":"follow","max-snippet":"max-snippet:-1","max-image-preview":"max-image-preview:large","max-video-preview":"max-video-preview:-1"},"canonical":"https:\/\/versastyledesign.ca\/fr\/portfolio-de-design\/office-design-in-an-open-concept-plan\/","og_locale":"fr_CA","og_type":"article","og_title":"Design de bureau \u00e0 domicile dans une aire ouverte \u00e0 Montr\u00e9al - Versa Style Design","og_description":"\u200b\u200bLe client souhaitait un bureau \u00e0 domicile \u00e9pur\u00e9 et moderne dans son espace salon et salle \u00e0 manger \u00e0 aire ouverte.","og_url":"https:\/\/versastyledesign.ca\/fr\/portfolio-de-design\/office-design-in-an-open-concept-plan\/","og_site_name":"Versa Style Design","article_publisher":"https:\/\/www.facebook.com\/Versastyledesign?ref=hl","article_modified_time":"2023-08-26T17:24:22+00:00","og_image":[{"width":605,"height":807,"url":"https:\/\/new.versastyledesign.ca\/wp-content\/uploads\/2021\/08\/Montreal-office-design-portfolio-12.jpg","type":"image\/jpeg"}],"twitter_misc":{"Estimation du temps de lecture":"2 minutes"},"schema":{"@context":"https:\/\/schema.org","@graph":[{"@type":"WebPage","@id":"https:\/\/versastyledesign.ca\/fr\/portfolio-de-design\/office-design-in-an-open-concept-plan\/","url":"https:\/\/versastyledesign.ca\/fr\/portfolio-de-design\/office-design-in-an-open-concept-plan\/","name":"Design de bureau \u00e0 domicile dans une aire ouverte \u00e0 Montr\u00e9al - Versa Style Design","isPartOf":{"@id":"http:\/\/new.versastyledesign.ca\/fr\/#website"},"primaryImageOfPage":{"@id":"https:\/\/versastyledesign.ca\/fr\/portfolio-de-design\/office-design-in-an-open-concept-plan\/#primaryimage"},"image":{"@id":"https:\/\/versastyledesign.ca\/fr\/portfolio-de-design\/office-design-in-an-open-concept-plan\/#primaryimage"},"thumbnailUrl":"https:\/\/versastyledesign.ca\/wp-content\/uploads\/2021\/08\/Montreal-office-design-portfolio-12.jpg","datePublished":"2021-08-25T00:45:31+00:00","dateModified":"2023-08-26T17:24:22+00:00","description":"\u200b\u200bLe client souhaitait un bureau \u00e0 domicile \u00e9pur\u00e9 et moderne dans son espace salon et salle \u00e0 manger \u00e0 aire ouverte.","breadcrumb":{"@id":"https:\/\/versastyledesign.ca\/fr\/portfolio-de-design\/office-design-in-an-open-concept-plan\/#breadcrumb"},"inLanguage":"fr-CA","potentialAction":[{"@type":"ReadAction","target":["https:\/\/versastyledesign.ca\/fr\/portfolio-de-design\/office-design-in-an-open-concept-plan\/"]}]},{"@type":"ImageObject","inLanguage":"fr-CA","@id":"https:\/\/versastyledesign.ca\/fr\/portfolio-de-design\/office-design-in-an-open-concept-plan\/#primaryimage","url":"https:\/\/versastyledesign.ca\/wp-content\/uploads\/2021\/08\/Montreal-office-design-portfolio-12.jpg","contentUrl":"https:\/\/versastyledesign.ca\/wp-content\/uploads\/2021\/08\/Montreal-office-design-portfolio-12.jpg","width":605,"height":807,"caption":"Montreal-office-design-portfolio-12"},{"@type":"BreadcrumbList","@id":"https:\/\/versastyledesign.ca\/fr\/portfolio-de-design\/office-design-in-an-open-concept-plan\/#breadcrumb","itemListElement":[{"@type":"ListItem","position":1,"name":"Accueil","item":"http:\/\/new.versastyledesign.ca\/fr\/"},{"@type":"ListItem","position":2,"name":"Portfolio de Design","item":"http:\/\/new.versastyledesign.ca\/fr\/design-portfolio\/"},{"@type":"ListItem","position":3,"name":"Design de bureau \u00e0 domicile dans une aire ouverte \u00e0 Montr\u00e9al"}]},{"@type":"WebSite","@id":"http:\/\/new.versastyledesign.ca\/fr\/#website","url":"http:\/\/new.versastyledesign.ca\/fr\/","name":"Versa Style Design","description":"Design d&#039;int\u00e9rieur et r\u00e9novations \u00e0 Montr\u00e9al","publisher":{"@id":"http:\/\/new.versastyledesign.ca\/fr\/#organization"},"potentialAction":[{"@type":"SearchAction","target":{"@type":"EntryPoint","urlTemplate":"http:\/\/new.versastyledesign.ca\/fr\/?s={search_term_string}"},"query-input":{"@type":"PropertyValueSpecification","valueRequired":true,"valueName":"search_term_string"}}],"inLanguage":"fr-CA"},{"@type":"Organization","@id":"http:\/\/new.versastyledesign.ca\/fr\/#organization","name":"Versa Style Design","url":"http:\/\/new.versastyledesign.ca\/fr\/","logo":{"@type":"ImageObject","inLanguage":"fr-CA","@id":"http:\/\/new.versastyledesign.ca\/fr\/#\/schema\/logo\/image\/","url":"https:\/\/versastyledesign.ca\/wp-content\/uploads\/2019\/11\/Versa-Style-Design-logo.jpg","contentUrl":"https:\/\/versastyledesign.ca\/wp-content\/uploads\/2019\/11\/Versa-Style-Design-logo.jpg","width":2099,"height":670,"caption":"Versa Style Design"},"image":{"@id":"http:\/\/new.versastyledesign.ca\/fr\/#\/schema\/logo\/image\/"},"sameAs":["https:\/\/www.facebook.com\/Versastyledesign?ref=hl","https:\/\/x.com\/luciepitt","https:\/\/www.instagram.com\/versastyledesign\/","https:\/\/www.linkedin.com\/in\/lucie-pitt-54b0ba85","https:\/\/www.pinterest.com\/versastyledesign\/"]}]}},"coauthors":[],"author_meta":{"author_link":"https:\/\/versastyledesign.ca\/fr\/author\/lucie-pitt\/","display_name":"Lucie Pitt"},"relative_dates":{"created":"Posted 5 ann\u00e9es ago","modified":"Updated 3 ann\u00e9es ago"},"absolute_dates":{"created":"Posted on 24 ao\u00fbt 2021","modified":"Updated on 26 ao\u00fbt 2023"},"absolute_dates_time":{"created":"Posted on 24 ao\u00fbt 2021 20 h 45 min","modified":"Updated on 26 ao\u00fbt 2023 13 h 24 min"},"featured_img_caption":"","featured_img":"https:\/\/versastyledesign.ca\/wp-content\/uploads\/2021\/08\/Montreal-office-design-portfolio-12.jpg","series_order":"","_links":{"self":[{"href":"https:\/\/versastyledesign.ca\/fr\/wp-json\/wp\/v2\/pages\/22533","targetHints":{"allow":["GET"]}}],"collection":[{"href":"https:\/\/versastyledesign.ca\/fr\/wp-json\/wp\/v2\/pages"}],"about":[{"href":"https:\/\/versastyledesign.ca\/fr\/wp-json\/wp\/v2\/types\/page"}],"author":[{"embeddable":true,"href":"https:\/\/versastyledesign.ca\/fr\/wp-json\/wp\/v2\/users\/2"}],"replies":[{"embeddable":true,"href":"https:\/\/versastyledesign.ca\/fr\/wp-json\/wp\/v2\/comments?post=22533"}],"version-history":[{"count":3,"href":"https:\/\/versastyledesign.ca\/fr\/wp-json\/wp\/v2\/pages\/22533\/revisions"}],"predecessor-version":[{"id":26136,"href":"https:\/\/versastyledesign.ca\/fr\/wp-json\/wp\/v2\/pages\/22533\/revisions\/26136"}],"up":[{"embeddable":true,"href":"https:\/\/versastyledesign.ca\/fr\/wp-json\/wp\/v2\/pages\/1840"}],"wp:featuredmedia":[{"embeddable":true,"href":"https:\/\/versastyledesign.ca\/fr\/wp-json\/wp\/v2\/media\/22519"}],"wp:attachment":[{"href":"https:\/\/versastyledesign.ca\/fr\/wp-json\/wp\/v2\/media?parent=22533"}],"curies":[{"name":"wp","href":"https:\/\/api.w.org\/{rel}","templated":true}]}}