{"id":22696,"date":"2021-10-13T20:12:43","date_gmt":"2021-10-14T00:12:43","guid":{"rendered":"https:\/\/versastyledesign.ca\/?page_id=22696"},"modified":"2023-08-26T14:14:08","modified_gmt":"2023-08-26T18:14:08","slug":"portfolio-de-design-de-bureau-a-domicile-a-montreal","status":"publish","type":"page","link":"https:\/\/versastyledesign.ca\/fr\/portfolio-de-design\/portfolio-de-design-de-bureau-a-domicile-a-montreal\/","title":{"rendered":"Portfolio de design de bureau \u00e0 domicile \u00e0 Montr\u00e9al"},"content":{"rendered":"\n<div class=\"wp-block-columns is-layout-flex wp-container-core-columns-is-layout-9d6595d7 wp-block-columns-is-layout-flex\">\n<div class=\"wp-block-column is-layout-flow wp-block-column-is-layout-flow\">\n<p><strong>Lieu<\/strong> : Hochelaga-Maisonneuve, Montr\u00e9al<\/p>\n\n\n\n<p><strong>Service de design<\/strong>&nbsp;: Recommandations de palette de couleurs, disposition des meubles et plan d&rsquo;\u00e9tage<\/p>\n\n\n\n<p><strong>Mat\u00e9riaux utilis\u00e9s<\/strong>&nbsp;: Carpette 5 x 7, bureau 60 pouces en bois de teck &lsquo;mid-century modern&rsquo;, \u00e9tag\u00e8re de style industriel en noyer et fer, peinture Sherwin Williams<\/p>\n<\/div>\n\n\n\n<div class=\"wp-block-column is-layout-flow wp-block-column-is-layout-flow\">\n<figure class=\"wp-block-image size-large\"><img loading=\"lazy\" decoding=\"async\" width=\"1024\" height=\"768\" src=\"https:\/\/versastyledesign.ca\/wp-content\/uploads\/2021\/10\/design-de-bureau-a-domicile-3-1024x768.jpg\" alt=\"design-de-bureau-a-domicile\" class=\"wp-image-22701\" srcset=\"https:\/\/versastyledesign.ca\/wp-content\/uploads\/2021\/10\/design-de-bureau-a-domicile-3-1024x768.jpg 1024w, https:\/\/versastyledesign.ca\/wp-content\/uploads\/2021\/10\/design-de-bureau-a-domicile-3-300x225.jpg 300w, https:\/\/versastyledesign.ca\/wp-content\/uploads\/2021\/10\/design-de-bureau-a-domicile-3-768x576.jpg 768w, https:\/\/versastyledesign.ca\/wp-content\/uploads\/2021\/10\/design-de-bureau-a-domicile-3.jpg 1280w\" sizes=\"auto, (max-width: 1024px) 100vw, 1024px\" \/><\/figure>\n<\/div>\n<\/div>\n\n\n\n<p><strong><strong>Notre mandat<\/strong>&nbsp;:<\/strong> Les clients souhaitaient int\u00e9grer un nouveau bureau \u00e0 domicile dans un concept \u00e0 aire ouverte.&nbsp;La zone de travail devait se fondre harmonieusement avec la salle familiale attenante \u00e0 la mezzanine du deuxi\u00e8me \u00e9tage.&nbsp;Les clients sont satisfaits&nbsp;de cette zone de travail \u00e9pur\u00e9e et adorent la fa\u00e7on dont le bois se d\u00e9marque gr\u00e2ce \u00e0 sa combinaison&nbsp;avec des murs clairs gris neutres et un mur d&rsquo;accent plus fonc\u00e9.<\/p>\n\n\n\n<div style=\"height:50px\" aria-hidden=\"true\" class=\"wp-block-spacer\"><\/div>\n\n\n\n<h2 class=\"wp-block-heading\" id=\"portfolio-de-design-avant-et-aprespar-versa-style-design-098a56ca-6c82-4fe0-9475-33fb1671fdb5\">Portfolio de design avant et apr\u00e8s<br>par Versa Style Design<\/h2>\n\n\n\n<figure class=\"wp-block-gallery has-nested-images columns-default is-cropped wp-block-gallery-1 is-layout-flex wp-block-gallery-is-layout-flex\">\n<figure class=\"wp-block-image size-large\"><a href=\"https:\/\/versastyledesign.ca\/wp-content\/uploads\/2021\/10\/design-de-bureau-a-domicile-1-944x1024.jpg\"><img loading=\"lazy\" decoding=\"async\" width=\"944\" height=\"1024\" data-id=\"22697\" src=\"https:\/\/versastyledesign.ca\/wp-content\/uploads\/2021\/10\/design-de-bureau-a-domicile-1-944x1024.jpg\" alt=\"design-de-bureau-a-domicile\" class=\"wp-image-22697\" srcset=\"https:\/\/versastyledesign.ca\/wp-content\/uploads\/2021\/10\/design-de-bureau-a-domicile-1-944x1024.jpg 944w, https:\/\/versastyledesign.ca\/wp-content\/uploads\/2021\/10\/design-de-bureau-a-domicile-1-277x300.jpg 277w, https:\/\/versastyledesign.ca\/wp-content\/uploads\/2021\/10\/design-de-bureau-a-domicile-1-768x833.jpg 768w, https:\/\/versastyledesign.ca\/wp-content\/uploads\/2021\/10\/design-de-bureau-a-domicile-1.jpg 1180w\" sizes=\"auto, (max-width: 944px) 100vw, 944px\" \/><\/a><\/figure>\n\n\n\n<figure class=\"wp-block-image size-large\"><a href=\"https:\/\/versastyledesign.ca\/wp-content\/uploads\/2021\/10\/design-de-bureau-a-domicile-2-1024x768.jpg\"><img loading=\"lazy\" decoding=\"async\" width=\"1024\" height=\"768\" data-id=\"22699\" src=\"https:\/\/versastyledesign.ca\/wp-content\/uploads\/2021\/10\/design-de-bureau-a-domicile-2-1024x768.jpg\" alt=\"design-de-bureau-a-domicile\" class=\"wp-image-22699\" srcset=\"https:\/\/versastyledesign.ca\/wp-content\/uploads\/2021\/10\/design-de-bureau-a-domicile-2-1024x768.jpg 1024w, https:\/\/versastyledesign.ca\/wp-content\/uploads\/2021\/10\/design-de-bureau-a-domicile-2-300x225.jpg 300w, https:\/\/versastyledesign.ca\/wp-content\/uploads\/2021\/10\/design-de-bureau-a-domicile-2-768x576.jpg 768w, https:\/\/versastyledesign.ca\/wp-content\/uploads\/2021\/10\/design-de-bureau-a-domicile-2.jpg 1280w\" sizes=\"auto, (max-width: 1024px) 100vw, 1024px\" \/><\/a><\/figure>\n\n\n\n<figure class=\"wp-block-image size-large\"><a href=\"https:\/\/versastyledesign.ca\/wp-content\/uploads\/2021\/10\/design-de-bureau-a-domicile-3-1024x768.jpg\"><img loading=\"lazy\" decoding=\"async\" width=\"1024\" height=\"768\" data-id=\"22701\" src=\"https:\/\/versastyledesign.ca\/wp-content\/uploads\/2021\/10\/design-de-bureau-a-domicile-3-1024x768.jpg\" alt=\"design-de-bureau-a-domicile\" class=\"wp-image-22701\" srcset=\"https:\/\/versastyledesign.ca\/wp-content\/uploads\/2021\/10\/design-de-bureau-a-domicile-3-1024x768.jpg 1024w, https:\/\/versastyledesign.ca\/wp-content\/uploads\/2021\/10\/design-de-bureau-a-domicile-3-300x225.jpg 300w, https:\/\/versastyledesign.ca\/wp-content\/uploads\/2021\/10\/design-de-bureau-a-domicile-3-768x576.jpg 768w, https:\/\/versastyledesign.ca\/wp-content\/uploads\/2021\/10\/design-de-bureau-a-domicile-3.jpg 1280w\" sizes=\"auto, (max-width: 1024px) 100vw, 1024px\" \/><\/a><\/figure>\n<\/figure>\n\n\n\n<blockquote class=\"wp-block-quote is-layout-flow wp-block-quote-is-layout-flow\">\n<p>Prise en charge et service impeccable! Je recommande d\u00e9finitivement les services de Versa Style pour tout projet de d\u00e9coration et r\u00e9novation! Nous avons fait affaire avec Lucie pour revamper notre premier condo (au complet) et nous sommes 100% satisfaits du r\u00e9sultat. Lucie a vraiment pris le temps d\u2019\u00e9couter ce que nous avions en t\u00eate pour bien comprendre nos besoins. Elle nous a fait des suggestions tr\u00e8s cr\u00e9atives et qui correspondaient tout \u00e0 fait \u00e0 nos besoins et id\u00e9aux, et est demeur\u00e9e ouverte et tr\u00e8s disponible pour les ajustements tout au long des travaux. <\/p>\n\n\n\n<p>Prise en charge tr\u00e8s humaine, et tr\u00e8s efficace. Nous nous sommes sentis en confiance d\u00e8s les premi\u00e8res discussions. Nous ferons d\u00e9finitivement affaire avec Versa Style pour notre prochain projet.<\/p>\n<cite><strong>Laurence Gingras-Perron<\/strong><\/cite><\/blockquote>\n\n\n\n<div style=\"height:50px\" aria-hidden=\"true\" class=\"wp-block-spacer\"><\/div>\n\n\n\n<div class=\"wp-block-columns is-layout-flex wp-container-core-columns-is-layout-9d6595d7 wp-block-columns-is-layout-flex\">\n<div class=\"wp-block-column is-layout-flow wp-block-column-is-layout-flow\">\n<figure class=\"wp-block-image size-large\"><img loading=\"lazy\" decoding=\"async\" width=\"800\" height=\"522\" src=\"https:\/\/versastyledesign.ca\/wp-content\/uploads\/2021\/03\/ou-integrer-un-bureau-a-la-maison-25.jpg\" alt=\"\" class=\"wp-image-21622\" srcset=\"https:\/\/versastyledesign.ca\/wp-content\/uploads\/2021\/03\/ou-integrer-un-bureau-a-la-maison-25.jpg 800w, https:\/\/versastyledesign.ca\/wp-content\/uploads\/2021\/03\/ou-integrer-un-bureau-a-la-maison-25-300x196.jpg 300w, https:\/\/versastyledesign.ca\/wp-content\/uploads\/2021\/03\/ou-integrer-un-bureau-a-la-maison-25-768x501.jpg 768w\" sizes=\"auto, (max-width: 800px) 100vw, 800px\" \/><\/figure>\n<\/div>\n\n\n\n<div class=\"wp-block-column is-layout-flow wp-block-column-is-layout-flow\">\n<h2 class=\"wp-block-heading has-text-align-center\" id=\"design-de-bureau-a-domicile-et-corporatif-a-montreal-af12b648-06da-45f8-865c-779556a4cc41\">Design de bureaux \u00e0 domicile \u00e0 Montr\u00e9al<\/h2>\n\n\n\n<p class=\"has-text-align-center\">Pour en savoir plus sur nos services de design de bureau dans la grande r\u00e9gion de Montr\u00e9al.<\/p>\n\n\n\n<div class=\"wp-block-buttons is-horizontal is-content-justification-center is-layout-flex wp-container-core-buttons-is-layout-499968f5 wp-block-buttons-is-layout-flex\">\n<div class=\"wp-block-button button-custom\"><a class=\"wp-block-button__link has-background wp-element-button\" href=\"\/fr?page_id=1860\" style=\"background-color:#d53652\" target=\"_blank\" rel=\"\">Design de bureau<\/a><\/div>\n<\/div>\n<\/div>\n<\/div>\n\n\n\n<div style=\"height:50px\" aria-hidden=\"true\" class=\"wp-block-spacer\"><\/div>\n\n\n\n<h2 class=\"wp-block-heading\"><strong>\u00cates-vous situ\u00e9 dans la grande r\u00e9gion de Montr\u00e9al?<\/strong><\/h2>\n\n\n\n<p class=\"has-text-align-center\"><strong>Donnez vie \u00e0 votre projet de design avec Lucie.<\/strong><\/p>\n\n\n\n<div class=\"wp-block-buttons is-content-justification-center is-layout-flex wp-container-core-buttons-is-layout-16018d1d wp-block-buttons-is-layout-flex\">\n<div class=\"wp-block-button button-inverse\"><a class=\"wp-block-button__link has-text-color has-background has-link-color wp-element-button\" href=\"\/fr\/forfait-de-design-interieur\/versa-style-design-premiere-consultation\/\" style=\"color:#d53652;background-color:#f3f3f3\">Premi\u00e8re consultation<\/a><\/div>\n<\/div>\n\n\n\n<div style=\"height:25px\" aria-hidden=\"true\" class=\"wp-block-spacer\"><\/div>\n<p><a href=\"\/\/www.pinterest.com\/pin\/create\/button\/\" data-pin-do=\"buttonBookmark\" data-pin-color=\"red\" data-pin-height=\"128\"><img decoding=\"async\" src=\"\/\/assets.pinterest.com\/images\/pidgets\/pinit_fg_en_rect_red_28.png\" \/><\/a><\/p>","protected":false},"excerpt":{"rendered":"<p>Lieu : Hochelaga-Maisonneuve, Montr\u00e9al Service de design&nbsp;: Recommandations de palette de couleurs, disposition des meubles et plan d&rsquo;\u00e9tage Mat\u00e9riaux utilis\u00e9s&nbsp;: Carpette 5 x 7, bureau 60 pouces en bois de teck &lsquo;mid-century modern&rsquo;, \u00e9tag\u00e8re de style industriel en noyer et fer, peinture Sherwin Williams Notre mandat&nbsp;: Les clients souhaitaient int\u00e9grer un nouveau bureau \u00e0 domicile [&hellip;]<\/p>\n","protected":false},"author":2,"featured_media":22701,"parent":1840,"menu_order":0,"comment_status":"closed","ping_status":"closed","template":"","meta":{"advgb_blocks_editor_width":"","advgb_blocks_columns_visual_guide":"","_genesis_hide_title":false,"_genesis_hide_breadcrumbs":false,"_genesis_hide_singular_image":false,"_genesis_hide_footer_widgets":false,"_genesis_custom_body_class":"","_genesis_custom_post_class":"","_genesis_layout":"","footnotes":""},"class_list":{"0":"post-22696","1":"page","2":"type-page","3":"status-publish","4":"has-post-thumbnail","6":"entry"},"yoast_head":"<!-- This site is optimized with the Yoast SEO plugin v27.4 - https:\/\/yoast.com\/product\/yoast-seo-wordpress\/ -->\n<title>Portfolio de design de bureau \u00e0 domicile \u00e0 Montr\u00e9al - Versa Style Design<\/title>\n<meta name=\"description\" content=\"Portfolio de design de bureau \u00e0 domicile \u00e0 Montr\u00e9al par Versa Style Design\" \/>\n<meta name=\"robots\" content=\"index, follow, max-snippet:-1, max-image-preview:large, max-video-preview:-1\" \/>\n<link rel=\"canonical\" href=\"https:\/\/versastyledesign.ca\/fr\/portfolio-de-design\/portfolio-de-design-de-bureau-a-domicile-a-montreal\/\" \/>\n<meta property=\"og:locale\" content=\"fr_CA\" \/>\n<meta property=\"og:type\" content=\"article\" \/>\n<meta property=\"og:title\" content=\"Portfolio de design de bureau \u00e0 domicile \u00e0 Montr\u00e9al - Versa Style Design\" \/>\n<meta property=\"og:description\" content=\"Portfolio de design de bureau \u00e0 domicile \u00e0 Montr\u00e9al par Versa Style Design\" \/>\n<meta property=\"og:url\" content=\"https:\/\/versastyledesign.ca\/fr\/portfolio-de-design\/portfolio-de-design-de-bureau-a-domicile-a-montreal\/\" \/>\n<meta property=\"og:site_name\" content=\"Versa Style Design\" \/>\n<meta property=\"article:publisher\" content=\"https:\/\/www.facebook.com\/Versastyledesign?ref=hl\" \/>\n<meta property=\"article:modified_time\" content=\"2023-08-26T18:14:08+00:00\" \/>\n<meta property=\"og:image\" content=\"https:\/\/new.versastyledesign.ca\/wp-content\/uploads\/2021\/10\/design-de-bureau-a-domicile-3.jpg\" \/>\n\t<meta property=\"og:image:width\" content=\"1280\" \/>\n\t<meta property=\"og:image:height\" content=\"960\" \/>\n\t<meta property=\"og:image:type\" content=\"image\/jpeg\" \/>\n<meta name=\"twitter:label1\" content=\"Estimation du temps de lecture\" \/>\n\t<meta name=\"twitter:data1\" content=\"2 minutes\" \/>\n<script type=\"application\/ld+json\" class=\"yoast-schema-graph\">{\"@context\":\"https:\\\/\\\/schema.org\",\"@graph\":[{\"@type\":\"WebPage\",\"@id\":\"https:\\\/\\\/versastyledesign.ca\\\/fr\\\/portfolio-de-design\\\/portfolio-de-design-de-bureau-a-domicile-a-montreal\\\/\",\"url\":\"https:\\\/\\\/versastyledesign.ca\\\/fr\\\/portfolio-de-design\\\/portfolio-de-design-de-bureau-a-domicile-a-montreal\\\/\",\"name\":\"Portfolio de design de bureau \u00e0 domicile \u00e0 Montr\u00e9al - Versa Style Design\",\"isPartOf\":{\"@id\":\"http:\\\/\\\/new.versastyledesign.ca\\\/fr\\\/#website\"},\"primaryImageOfPage\":{\"@id\":\"https:\\\/\\\/versastyledesign.ca\\\/fr\\\/portfolio-de-design\\\/portfolio-de-design-de-bureau-a-domicile-a-montreal\\\/#primaryimage\"},\"image\":{\"@id\":\"https:\\\/\\\/versastyledesign.ca\\\/fr\\\/portfolio-de-design\\\/portfolio-de-design-de-bureau-a-domicile-a-montreal\\\/#primaryimage\"},\"thumbnailUrl\":\"https:\\\/\\\/versastyledesign.ca\\\/wp-content\\\/uploads\\\/2021\\\/10\\\/design-de-bureau-a-domicile-3.jpg\",\"datePublished\":\"2021-10-14T00:12:43+00:00\",\"dateModified\":\"2023-08-26T18:14:08+00:00\",\"description\":\"Portfolio de design de bureau \u00e0 domicile \u00e0 Montr\u00e9al par Versa Style Design\",\"breadcrumb\":{\"@id\":\"https:\\\/\\\/versastyledesign.ca\\\/fr\\\/portfolio-de-design\\\/portfolio-de-design-de-bureau-a-domicile-a-montreal\\\/#breadcrumb\"},\"inLanguage\":\"fr-CA\",\"potentialAction\":[{\"@type\":\"ReadAction\",\"target\":[\"https:\\\/\\\/versastyledesign.ca\\\/fr\\\/portfolio-de-design\\\/portfolio-de-design-de-bureau-a-domicile-a-montreal\\\/\"]}]},{\"@type\":\"ImageObject\",\"inLanguage\":\"fr-CA\",\"@id\":\"https:\\\/\\\/versastyledesign.ca\\\/fr\\\/portfolio-de-design\\\/portfolio-de-design-de-bureau-a-domicile-a-montreal\\\/#primaryimage\",\"url\":\"https:\\\/\\\/versastyledesign.ca\\\/wp-content\\\/uploads\\\/2021\\\/10\\\/design-de-bureau-a-domicile-3.jpg\",\"contentUrl\":\"https:\\\/\\\/versastyledesign.ca\\\/wp-content\\\/uploads\\\/2021\\\/10\\\/design-de-bureau-a-domicile-3.jpg\",\"width\":1280,\"height\":960,\"caption\":\"design-de-bureau-a-domicile\"},{\"@type\":\"BreadcrumbList\",\"@id\":\"https:\\\/\\\/versastyledesign.ca\\\/fr\\\/portfolio-de-design\\\/portfolio-de-design-de-bureau-a-domicile-a-montreal\\\/#breadcrumb\",\"itemListElement\":[{\"@type\":\"ListItem\",\"position\":1,\"name\":\"Accueil\",\"item\":\"http:\\\/\\\/new.versastyledesign.ca\\\/fr\\\/\"},{\"@type\":\"ListItem\",\"position\":2,\"name\":\"Portfolio de Design\",\"item\":\"http:\\\/\\\/new.versastyledesign.ca\\\/fr\\\/design-portfolio\\\/\"},{\"@type\":\"ListItem\",\"position\":3,\"name\":\"Portfolio de design de bureau \u00e0 domicile \u00e0 Montr\u00e9al\"}]},{\"@type\":\"WebSite\",\"@id\":\"http:\\\/\\\/new.versastyledesign.ca\\\/fr\\\/#website\",\"url\":\"http:\\\/\\\/new.versastyledesign.ca\\\/fr\\\/\",\"name\":\"Versa Style Design\",\"description\":\"Design d&#039;int\u00e9rieur et r\u00e9novations \u00e0 Montr\u00e9al\",\"publisher\":{\"@id\":\"http:\\\/\\\/new.versastyledesign.ca\\\/fr\\\/#organization\"},\"potentialAction\":[{\"@type\":\"SearchAction\",\"target\":{\"@type\":\"EntryPoint\",\"urlTemplate\":\"http:\\\/\\\/new.versastyledesign.ca\\\/fr\\\/?s={search_term_string}\"},\"query-input\":{\"@type\":\"PropertyValueSpecification\",\"valueRequired\":true,\"valueName\":\"search_term_string\"}}],\"inLanguage\":\"fr-CA\"},{\"@type\":\"Organization\",\"@id\":\"http:\\\/\\\/new.versastyledesign.ca\\\/fr\\\/#organization\",\"name\":\"Versa Style Design\",\"url\":\"http:\\\/\\\/new.versastyledesign.ca\\\/fr\\\/\",\"logo\":{\"@type\":\"ImageObject\",\"inLanguage\":\"fr-CA\",\"@id\":\"http:\\\/\\\/new.versastyledesign.ca\\\/fr\\\/#\\\/schema\\\/logo\\\/image\\\/\",\"url\":\"https:\\\/\\\/versastyledesign.ca\\\/wp-content\\\/uploads\\\/2019\\\/11\\\/Versa-Style-Design-logo.jpg\",\"contentUrl\":\"https:\\\/\\\/versastyledesign.ca\\\/wp-content\\\/uploads\\\/2019\\\/11\\\/Versa-Style-Design-logo.jpg\",\"width\":2099,\"height\":670,\"caption\":\"Versa Style Design\"},\"image\":{\"@id\":\"http:\\\/\\\/new.versastyledesign.ca\\\/fr\\\/#\\\/schema\\\/logo\\\/image\\\/\"},\"sameAs\":[\"https:\\\/\\\/www.facebook.com\\\/Versastyledesign?ref=hl\",\"https:\\\/\\\/x.com\\\/luciepitt\",\"https:\\\/\\\/www.instagram.com\\\/versastyledesign\\\/\",\"https:\\\/\\\/www.linkedin.com\\\/in\\\/lucie-pitt-54b0ba85\",\"https:\\\/\\\/www.pinterest.com\\\/versastyledesign\\\/\"]}]}<\/script>\n<!-- \/ Yoast SEO plugin. -->","yoast_head_json":{"title":"Portfolio de design de bureau \u00e0 domicile \u00e0 Montr\u00e9al - Versa Style Design","description":"Portfolio de design de bureau \u00e0 domicile \u00e0 Montr\u00e9al par Versa Style Design","robots":{"index":"index","follow":"follow","max-snippet":"max-snippet:-1","max-image-preview":"max-image-preview:large","max-video-preview":"max-video-preview:-1"},"canonical":"https:\/\/versastyledesign.ca\/fr\/portfolio-de-design\/portfolio-de-design-de-bureau-a-domicile-a-montreal\/","og_locale":"fr_CA","og_type":"article","og_title":"Portfolio de design de bureau \u00e0 domicile \u00e0 Montr\u00e9al - Versa Style Design","og_description":"Portfolio de design de bureau \u00e0 domicile \u00e0 Montr\u00e9al par Versa Style Design","og_url":"https:\/\/versastyledesign.ca\/fr\/portfolio-de-design\/portfolio-de-design-de-bureau-a-domicile-a-montreal\/","og_site_name":"Versa Style Design","article_publisher":"https:\/\/www.facebook.com\/Versastyledesign?ref=hl","article_modified_time":"2023-08-26T18:14:08+00:00","og_image":[{"width":1280,"height":960,"url":"https:\/\/new.versastyledesign.ca\/wp-content\/uploads\/2021\/10\/design-de-bureau-a-domicile-3.jpg","type":"image\/jpeg"}],"twitter_misc":{"Estimation du temps de lecture":"2 minutes"},"schema":{"@context":"https:\/\/schema.org","@graph":[{"@type":"WebPage","@id":"https:\/\/versastyledesign.ca\/fr\/portfolio-de-design\/portfolio-de-design-de-bureau-a-domicile-a-montreal\/","url":"https:\/\/versastyledesign.ca\/fr\/portfolio-de-design\/portfolio-de-design-de-bureau-a-domicile-a-montreal\/","name":"Portfolio de design de bureau \u00e0 domicile \u00e0 Montr\u00e9al - Versa Style Design","isPartOf":{"@id":"http:\/\/new.versastyledesign.ca\/fr\/#website"},"primaryImageOfPage":{"@id":"https:\/\/versastyledesign.ca\/fr\/portfolio-de-design\/portfolio-de-design-de-bureau-a-domicile-a-montreal\/#primaryimage"},"image":{"@id":"https:\/\/versastyledesign.ca\/fr\/portfolio-de-design\/portfolio-de-design-de-bureau-a-domicile-a-montreal\/#primaryimage"},"thumbnailUrl":"https:\/\/versastyledesign.ca\/wp-content\/uploads\/2021\/10\/design-de-bureau-a-domicile-3.jpg","datePublished":"2021-10-14T00:12:43+00:00","dateModified":"2023-08-26T18:14:08+00:00","description":"Portfolio de design de bureau \u00e0 domicile \u00e0 Montr\u00e9al par Versa Style Design","breadcrumb":{"@id":"https:\/\/versastyledesign.ca\/fr\/portfolio-de-design\/portfolio-de-design-de-bureau-a-domicile-a-montreal\/#breadcrumb"},"inLanguage":"fr-CA","potentialAction":[{"@type":"ReadAction","target":["https:\/\/versastyledesign.ca\/fr\/portfolio-de-design\/portfolio-de-design-de-bureau-a-domicile-a-montreal\/"]}]},{"@type":"ImageObject","inLanguage":"fr-CA","@id":"https:\/\/versastyledesign.ca\/fr\/portfolio-de-design\/portfolio-de-design-de-bureau-a-domicile-a-montreal\/#primaryimage","url":"https:\/\/versastyledesign.ca\/wp-content\/uploads\/2021\/10\/design-de-bureau-a-domicile-3.jpg","contentUrl":"https:\/\/versastyledesign.ca\/wp-content\/uploads\/2021\/10\/design-de-bureau-a-domicile-3.jpg","width":1280,"height":960,"caption":"design-de-bureau-a-domicile"},{"@type":"BreadcrumbList","@id":"https:\/\/versastyledesign.ca\/fr\/portfolio-de-design\/portfolio-de-design-de-bureau-a-domicile-a-montreal\/#breadcrumb","itemListElement":[{"@type":"ListItem","position":1,"name":"Accueil","item":"http:\/\/new.versastyledesign.ca\/fr\/"},{"@type":"ListItem","position":2,"name":"Portfolio de Design","item":"http:\/\/new.versastyledesign.ca\/fr\/design-portfolio\/"},{"@type":"ListItem","position":3,"name":"Portfolio de design de bureau \u00e0 domicile \u00e0 Montr\u00e9al"}]},{"@type":"WebSite","@id":"http:\/\/new.versastyledesign.ca\/fr\/#website","url":"http:\/\/new.versastyledesign.ca\/fr\/","name":"Versa Style Design","description":"Design d&#039;int\u00e9rieur et r\u00e9novations \u00e0 Montr\u00e9al","publisher":{"@id":"http:\/\/new.versastyledesign.ca\/fr\/#organization"},"potentialAction":[{"@type":"SearchAction","target":{"@type":"EntryPoint","urlTemplate":"http:\/\/new.versastyledesign.ca\/fr\/?s={search_term_string}"},"query-input":{"@type":"PropertyValueSpecification","valueRequired":true,"valueName":"search_term_string"}}],"inLanguage":"fr-CA"},{"@type":"Organization","@id":"http:\/\/new.versastyledesign.ca\/fr\/#organization","name":"Versa Style Design","url":"http:\/\/new.versastyledesign.ca\/fr\/","logo":{"@type":"ImageObject","inLanguage":"fr-CA","@id":"http:\/\/new.versastyledesign.ca\/fr\/#\/schema\/logo\/image\/","url":"https:\/\/versastyledesign.ca\/wp-content\/uploads\/2019\/11\/Versa-Style-Design-logo.jpg","contentUrl":"https:\/\/versastyledesign.ca\/wp-content\/uploads\/2019\/11\/Versa-Style-Design-logo.jpg","width":2099,"height":670,"caption":"Versa Style Design"},"image":{"@id":"http:\/\/new.versastyledesign.ca\/fr\/#\/schema\/logo\/image\/"},"sameAs":["https:\/\/www.facebook.com\/Versastyledesign?ref=hl","https:\/\/x.com\/luciepitt","https:\/\/www.instagram.com\/versastyledesign\/","https:\/\/www.linkedin.com\/in\/lucie-pitt-54b0ba85","https:\/\/www.pinterest.com\/versastyledesign\/"]}]}},"coauthors":[],"author_meta":{"author_link":"https:\/\/versastyledesign.ca\/fr\/author\/lucie-pitt\/","display_name":"Lucie Pitt"},"relative_dates":{"created":"Posted 5 ann\u00e9es ago","modified":"Updated 3 ann\u00e9es ago"},"absolute_dates":{"created":"Posted on 13 octobre 2021","modified":"Updated on 26 ao\u00fbt 2023"},"absolute_dates_time":{"created":"Posted on 13 octobre 2021 20 h 12 min","modified":"Updated on 26 ao\u00fbt 2023 14 h 14 min"},"featured_img_caption":"","featured_img":"https:\/\/versastyledesign.ca\/wp-content\/uploads\/2021\/10\/design-de-bureau-a-domicile-3.jpg","series_order":"","_links":{"self":[{"href":"https:\/\/versastyledesign.ca\/fr\/wp-json\/wp\/v2\/pages\/22696","targetHints":{"allow":["GET"]}}],"collection":[{"href":"https:\/\/versastyledesign.ca\/fr\/wp-json\/wp\/v2\/pages"}],"about":[{"href":"https:\/\/versastyledesign.ca\/fr\/wp-json\/wp\/v2\/types\/page"}],"author":[{"embeddable":true,"href":"https:\/\/versastyledesign.ca\/fr\/wp-json\/wp\/v2\/users\/2"}],"replies":[{"embeddable":true,"href":"https:\/\/versastyledesign.ca\/fr\/wp-json\/wp\/v2\/comments?post=22696"}],"version-history":[{"count":5,"href":"https:\/\/versastyledesign.ca\/fr\/wp-json\/wp\/v2\/pages\/22696\/revisions"}],"predecessor-version":[{"id":26336,"href":"https:\/\/versastyledesign.ca\/fr\/wp-json\/wp\/v2\/pages\/22696\/revisions\/26336"}],"up":[{"embeddable":true,"href":"https:\/\/versastyledesign.ca\/fr\/wp-json\/wp\/v2\/pages\/1840"}],"wp:featuredmedia":[{"embeddable":true,"href":"https:\/\/versastyledesign.ca\/fr\/wp-json\/wp\/v2\/media\/22701"}],"wp:attachment":[{"href":"https:\/\/versastyledesign.ca\/fr\/wp-json\/wp\/v2\/media?parent=22696"}],"curies":[{"name":"wp","href":"https:\/\/api.w.org\/{rel}","templated":true}]}}