{"id":23803,"date":"2022-06-18T09:39:39","date_gmt":"2022-06-18T13:39:39","guid":{"rendered":"https:\/\/versastyledesign.ca\/?page_id=23803"},"modified":"2023-08-26T12:41:33","modified_gmt":"2023-08-26T16:41:33","slug":"portfolio-de-design-de-salle-de-sejour-au-sous-sol-a-saint-lambert-qc","status":"publish","type":"page","link":"https:\/\/versastyledesign.ca\/fr\/portfolio-de-design\/portfolio-de-design-de-salle-de-sejour-au-sous-sol-a-saint-lambert-qc\/","title":{"rendered":"Portfolio de design de salle de s\u00e9jour au sous-sol \u00e0 Saint-Lambert, Qc"},"content":{"rendered":"\n<div class=\"wp-block-columns is-layout-flex wp-container-core-columns-is-layout-9d6595d7 wp-block-columns-is-layout-flex\">\n<div class=\"wp-block-column is-layout-flow wp-block-column-is-layout-flow\">\n<p><strong>Lieu :<\/strong> Saint-Lambert, Qu\u00e9bec<\/p>\n\n\n\n<p><strong>Service de design&nbsp;:<\/strong> Conception et plans d&rsquo;am\u00e9nagement (associ\u00e9s \u00e0 une r\u00e9novation compl\u00e8te du sous-sol avec une salle d&rsquo;exercice-gym, une buanderie, une salle de bain et une cave \u00e0 vin attenantes), recommandations d&rsquo;achats et de finitions, y compris nouveau plancher chauffant, recrutement et n\u00e9gociations de corps de m\u00e9tier, gestion compl\u00e8te du projet.<\/p>\n<\/div>\n\n\n\n<div class=\"wp-block-column is-layout-flow wp-block-column-is-layout-flow\">\n<figure class=\"wp-block-image size-large\"><img loading=\"lazy\" decoding=\"async\" width=\"1024\" height=\"768\" src=\"https:\/\/versastyledesign.ca\/wp-content\/uploads\/2022\/06\/Design-de-salon-a-Saint-Lambert-Quebec-5-1024x768.jpg\" alt=\"Design-de-salon-a-Saint-Lambert-Quebec\" class=\"wp-image-23809\" srcset=\"https:\/\/versastyledesign.ca\/wp-content\/uploads\/2022\/06\/Design-de-salon-a-Saint-Lambert-Quebec-5-1024x768.jpg 1024w, https:\/\/versastyledesign.ca\/wp-content\/uploads\/2022\/06\/Design-de-salon-a-Saint-Lambert-Quebec-5-300x225.jpg 300w, https:\/\/versastyledesign.ca\/wp-content\/uploads\/2022\/06\/Design-de-salon-a-Saint-Lambert-Quebec-5-768x576.jpg 768w, https:\/\/versastyledesign.ca\/wp-content\/uploads\/2022\/06\/Design-de-salon-a-Saint-Lambert-Quebec-5.jpg 1280w\" sizes=\"auto, (max-width: 1024px) 100vw, 1024px\" \/><\/figure>\n<\/div>\n<\/div>\n\n\n\n<p><strong>Mat\u00e9riaux utilis\u00e9s :<\/strong> \u0152uvre d&rsquo;art originale d&rsquo;artiste qu\u00e9b\u00e9cois, tuiles de plancher en porcelaine 24&Prime; x 24&Prime;, plancher chauffant Ditra, tapis taupe, foyer en pierre et bois r\u00e9cup\u00e9r\u00e9, meuble multim\u00e9dia de style industriel en bois r\u00e9cup\u00e9r\u00e9 et table basse sur roulettes, sectionnel en velours pelucheux, accessoires de souvenirs de films, peinture Sherwin Williams.<\/p>\n\n\n\n<p><strong>Notre mandat :<\/strong> Profitant d\u2019une r\u00e9novation majeure compl\u00e8te du sous-sol, cette famille souhaitait un repaire familial mis \u00e0 jour et rafra\u00eechi. La premi\u00e8re chose que nous avons faite a \u00e9t\u00e9 de concevoir un plan plus efficace pour les luminaires encastr\u00e9s. Nous avons assist\u00e9 le client dans toutes les s\u00e9lections de mat\u00e9riaux, les finitions et les couleurs, y compris le magnifique carrelage de sol 24 x 24 d&rsquo;Italie. L&rsquo;ensemble de l&rsquo;espace de vie est tr\u00e8s chaleureux toute l&rsquo;ann\u00e9e avec son plancher chauffant, il est \u00e9pur\u00e9, coh\u00e9sif et s&rsquo;harmonise avec la fa\u00e7ade du foyer en pierre naturelle ainsi que le gym attenant, la cave \u00e0 vin et la salle de bain compl\u00e8te.<\/p>\n\n\n\n<div style=\"height:50px\" aria-hidden=\"true\" class=\"wp-block-spacer\"><\/div>\n\n\n\n<h2 class=\"wp-block-heading\">Portfolio de design d\u2019une salle de s\u00e9jour au sous-sol <br>par Versa Style Design<\/h2>\n\n\n\n<figure class=\"wp-block-gallery has-nested-images columns-default is-cropped wp-block-gallery-1 is-layout-flex wp-block-gallery-is-layout-flex\">\n<figure class=\"wp-block-image size-large\"><a href=\"https:\/\/versastyledesign.ca\/wp-content\/uploads\/2022\/06\/Design-de-salon-a-Saint-Lambert-Quebec-1-1024x768.jpg\"><img loading=\"lazy\" decoding=\"async\" width=\"1024\" height=\"768\" data-id=\"23806\" src=\"https:\/\/versastyledesign.ca\/wp-content\/uploads\/2022\/06\/Design-de-salon-a-Saint-Lambert-Quebec-1-1024x768.jpg\" alt=\"Portfolio de design de salon \u00e0 Saint-Lambert, Qc\" class=\"wp-image-23806\" srcset=\"https:\/\/versastyledesign.ca\/wp-content\/uploads\/2022\/06\/Design-de-salon-a-Saint-Lambert-Quebec-1-1024x768.jpg 1024w, https:\/\/versastyledesign.ca\/wp-content\/uploads\/2022\/06\/Design-de-salon-a-Saint-Lambert-Quebec-1-300x225.jpg 300w, https:\/\/versastyledesign.ca\/wp-content\/uploads\/2022\/06\/Design-de-salon-a-Saint-Lambert-Quebec-1-768x576.jpg 768w, https:\/\/versastyledesign.ca\/wp-content\/uploads\/2022\/06\/Design-de-salon-a-Saint-Lambert-Quebec-1.jpg 1280w\" sizes=\"auto, (max-width: 1024px) 100vw, 1024px\" \/><\/a><\/figure>\n\n\n\n<figure class=\"wp-block-image size-large\"><a href=\"https:\/\/versastyledesign.ca\/wp-content\/uploads\/2022\/06\/Design-de-salon-a-Saint-Lambert-Quebec-2-1024x771.jpg\"><img loading=\"lazy\" decoding=\"async\" width=\"1024\" height=\"771\" data-id=\"23804\" src=\"https:\/\/versastyledesign.ca\/wp-content\/uploads\/2022\/06\/Design-de-salon-a-Saint-Lambert-Quebec-2-1024x771.jpg\" alt=\"Portfolio de design de salon \u00e0 Saint-Lambert, Qc\" class=\"wp-image-23804\" srcset=\"https:\/\/versastyledesign.ca\/wp-content\/uploads\/2022\/06\/Design-de-salon-a-Saint-Lambert-Quebec-2-1024x771.jpg 1024w, https:\/\/versastyledesign.ca\/wp-content\/uploads\/2022\/06\/Design-de-salon-a-Saint-Lambert-Quebec-2-300x226.jpg 300w, https:\/\/versastyledesign.ca\/wp-content\/uploads\/2022\/06\/Design-de-salon-a-Saint-Lambert-Quebec-2-768x578.jpg 768w, https:\/\/versastyledesign.ca\/wp-content\/uploads\/2022\/06\/Design-de-salon-a-Saint-Lambert-Quebec-2.jpg 1280w\" sizes=\"auto, (max-width: 1024px) 100vw, 1024px\" \/><\/a><\/figure>\n\n\n\n<figure class=\"wp-block-image size-large\"><a href=\"https:\/\/versastyledesign.ca\/wp-content\/uploads\/2022\/06\/Design-de-salon-a-Saint-Lambert-Quebec-5-1024x768.jpg\"><img loading=\"lazy\" decoding=\"async\" width=\"1024\" height=\"768\" data-id=\"23809\" src=\"https:\/\/versastyledesign.ca\/wp-content\/uploads\/2022\/06\/Design-de-salon-a-Saint-Lambert-Quebec-5-1024x768.jpg\" alt=\"Portfolio de design de salon \u00e0 Saint-Lambert, Qc\" class=\"wp-image-23809\" srcset=\"https:\/\/versastyledesign.ca\/wp-content\/uploads\/2022\/06\/Design-de-salon-a-Saint-Lambert-Quebec-5-1024x768.jpg 1024w, https:\/\/versastyledesign.ca\/wp-content\/uploads\/2022\/06\/Design-de-salon-a-Saint-Lambert-Quebec-5-300x225.jpg 300w, https:\/\/versastyledesign.ca\/wp-content\/uploads\/2022\/06\/Design-de-salon-a-Saint-Lambert-Quebec-5-768x576.jpg 768w, https:\/\/versastyledesign.ca\/wp-content\/uploads\/2022\/06\/Design-de-salon-a-Saint-Lambert-Quebec-5.jpg 1280w\" sizes=\"auto, (max-width: 1024px) 100vw, 1024px\" \/><\/a><\/figure>\n\n\n\n<figure class=\"wp-block-image size-large\"><img loading=\"lazy\" decoding=\"async\" width=\"1024\" height=\"768\" data-id=\"23807\" src=\"https:\/\/versastyledesign.ca\/wp-content\/uploads\/2022\/06\/Design-de-salon-a-Saint-Lambert-Quebec-4-1024x768.jpg\" alt=\"Portfolio de design de salon \u00e0 Saint-Lambert, Qc\" class=\"wp-image-23807\" srcset=\"https:\/\/versastyledesign.ca\/wp-content\/uploads\/2022\/06\/Design-de-salon-a-Saint-Lambert-Quebec-4-1024x768.jpg 1024w, https:\/\/versastyledesign.ca\/wp-content\/uploads\/2022\/06\/Design-de-salon-a-Saint-Lambert-Quebec-4-300x225.jpg 300w, https:\/\/versastyledesign.ca\/wp-content\/uploads\/2022\/06\/Design-de-salon-a-Saint-Lambert-Quebec-4-768x576.jpg 768w, https:\/\/versastyledesign.ca\/wp-content\/uploads\/2022\/06\/Design-de-salon-a-Saint-Lambert-Quebec-4.jpg 1280w\" sizes=\"auto, (max-width: 1024px) 100vw, 1024px\" \/><\/figure>\n\n\n\n<figure class=\"wp-block-image size-large\"><a href=\"https:\/\/versastyledesign.ca\/wp-content\/uploads\/2022\/06\/Design-de-salon-a-Saint-Lambert-Quebec-3-1024x768.jpg\"><img loading=\"lazy\" decoding=\"async\" width=\"1024\" height=\"768\" data-id=\"23811\" src=\"https:\/\/versastyledesign.ca\/wp-content\/uploads\/2022\/06\/Design-de-salon-a-Saint-Lambert-Quebec-3-1024x768.jpg\" alt=\"Portfolio de design de salon \u00e0 Saint-Lambert, Qc\" class=\"wp-image-23811\" srcset=\"https:\/\/versastyledesign.ca\/wp-content\/uploads\/2022\/06\/Design-de-salon-a-Saint-Lambert-Quebec-3-1024x768.jpg 1024w, https:\/\/versastyledesign.ca\/wp-content\/uploads\/2022\/06\/Design-de-salon-a-Saint-Lambert-Quebec-3-300x225.jpg 300w, https:\/\/versastyledesign.ca\/wp-content\/uploads\/2022\/06\/Design-de-salon-a-Saint-Lambert-Quebec-3-768x576.jpg 768w, https:\/\/versastyledesign.ca\/wp-content\/uploads\/2022\/06\/Design-de-salon-a-Saint-Lambert-Quebec-3.jpg 1280w\" sizes=\"auto, (max-width: 1024px) 100vw, 1024px\" \/><\/a><\/figure>\n<\/figure>\n\n\n\n<div style=\"height:50px\" aria-hidden=\"true\" class=\"wp-block-spacer\"><\/div>\n\n\n\n<blockquote class=\"wp-block-quote is-layout-flow wp-block-quote-is-layout-flow\">\n<p>Nous avons eu un tr\u00e8s bon service. Lucie nous a bien aid\u00e9 dans notre projet. Elle est professionnelle et efficace. Elle nous a aussi trouv\u00e9 de tr\u00e8s bons entrepreneurs.<\/p>\n<cite><strong>Judith Lavoie et Fr\u00e9d\u00e9ric Martel<\/strong><\/cite><\/blockquote>\n\n\n\n<div style=\"height:50px\" aria-hidden=\"true\" class=\"wp-block-spacer\"><\/div>\n<p><a href=\"\/\/www.pinterest.com\/pin\/create\/button\/\" data-pin-do=\"buttonBookmark\" data-pin-color=\"red\" data-pin-height=\"128\"><img decoding=\"async\" src=\"\/\/assets.pinterest.com\/images\/pidgets\/pinit_fg_en_rect_red_28.png\" \/><\/a><\/p>","protected":false},"excerpt":{"rendered":"<p>Lieu : Saint-Lambert, Qu\u00e9bec Service de design&nbsp;: Conception et plans d&rsquo;am\u00e9nagement (associ\u00e9s \u00e0 une r\u00e9novation compl\u00e8te du sous-sol avec une salle d&rsquo;exercice-gym, une buanderie, une salle de bain et une cave \u00e0 vin attenantes), recommandations d&rsquo;achats et de finitions, y compris nouveau plancher chauffant, recrutement et n\u00e9gociations de corps de m\u00e9tier, gestion compl\u00e8te du projet. [&hellip;]<\/p>\n","protected":false},"author":2,"featured_media":23811,"parent":1840,"menu_order":0,"comment_status":"closed","ping_status":"closed","template":"","meta":{"advgb_blocks_editor_width":"","advgb_blocks_columns_visual_guide":"","_genesis_hide_title":false,"_genesis_hide_breadcrumbs":false,"_genesis_hide_singular_image":false,"_genesis_hide_footer_widgets":false,"_genesis_custom_body_class":"","_genesis_custom_post_class":"","_genesis_layout":"","footnotes":""},"class_list":{"0":"post-23803","1":"page","2":"type-page","3":"status-publish","4":"has-post-thumbnail","6":"entry"},"yoast_head":"<!-- This site is optimized with the Yoast SEO plugin v27.3 - https:\/\/yoast.com\/product\/yoast-seo-wordpress\/ -->\n<title>Portfolio de design de salle de s\u00e9jour au sous-sol \u00e0 Saint-Lambert, Qc - Versa Style Design<\/title>\n<meta name=\"description\" content=\"Portfolio de design de salon \u00e0 Saint-Lambert, Qc\" \/>\n<meta name=\"robots\" content=\"index, follow, max-snippet:-1, max-image-preview:large, max-video-preview:-1\" \/>\n<link rel=\"canonical\" href=\"https:\/\/versastyledesign.ca\/fr\/portfolio-de-design\/portfolio-de-design-de-salle-de-sejour-au-sous-sol-a-saint-lambert-qc\/\" \/>\n<meta property=\"og:locale\" content=\"fr_CA\" \/>\n<meta property=\"og:type\" content=\"article\" \/>\n<meta property=\"og:title\" content=\"Portfolio de design de salle de s\u00e9jour au sous-sol \u00e0 Saint-Lambert, Qc - Versa Style Design\" \/>\n<meta property=\"og:description\" content=\"Portfolio de design de salon \u00e0 Saint-Lambert, Qc\" \/>\n<meta property=\"og:url\" content=\"https:\/\/versastyledesign.ca\/fr\/portfolio-de-design\/portfolio-de-design-de-salle-de-sejour-au-sous-sol-a-saint-lambert-qc\/\" \/>\n<meta property=\"og:site_name\" content=\"Versa Style Design\" \/>\n<meta property=\"article:publisher\" content=\"https:\/\/www.facebook.com\/Versastyledesign?ref=hl\" \/>\n<meta property=\"article:modified_time\" content=\"2023-08-26T16:41:33+00:00\" \/>\n<meta property=\"og:image\" content=\"http:\/\/new.versastyledesign.ca\/wp-content\/uploads\/2022\/06\/Design-de-salon-a-Saint-Lambert-Quebec-3.jpg\" \/>\n\t<meta property=\"og:image:width\" content=\"1280\" \/>\n\t<meta property=\"og:image:height\" content=\"960\" \/>\n\t<meta property=\"og:image:type\" content=\"image\/jpeg\" \/>\n<meta name=\"twitter:label1\" content=\"Estimation du temps de lecture\" \/>\n\t<meta name=\"twitter:data1\" content=\"3 minutes\" \/>\n<script type=\"application\/ld+json\" class=\"yoast-schema-graph\">{\"@context\":\"https:\\\/\\\/schema.org\",\"@graph\":[{\"@type\":\"WebPage\",\"@id\":\"https:\\\/\\\/versastyledesign.ca\\\/fr\\\/portfolio-de-design\\\/portfolio-de-design-de-salle-de-sejour-au-sous-sol-a-saint-lambert-qc\\\/\",\"url\":\"https:\\\/\\\/versastyledesign.ca\\\/fr\\\/portfolio-de-design\\\/portfolio-de-design-de-salle-de-sejour-au-sous-sol-a-saint-lambert-qc\\\/\",\"name\":\"Portfolio de design de salle de s\u00e9jour au sous-sol \u00e0 Saint-Lambert, Qc - Versa Style Design\",\"isPartOf\":{\"@id\":\"http:\\\/\\\/new.versastyledesign.ca\\\/fr\\\/#website\"},\"primaryImageOfPage\":{\"@id\":\"https:\\\/\\\/versastyledesign.ca\\\/fr\\\/portfolio-de-design\\\/portfolio-de-design-de-salle-de-sejour-au-sous-sol-a-saint-lambert-qc\\\/#primaryimage\"},\"image\":{\"@id\":\"https:\\\/\\\/versastyledesign.ca\\\/fr\\\/portfolio-de-design\\\/portfolio-de-design-de-salle-de-sejour-au-sous-sol-a-saint-lambert-qc\\\/#primaryimage\"},\"thumbnailUrl\":\"https:\\\/\\\/versastyledesign.ca\\\/wp-content\\\/uploads\\\/2022\\\/06\\\/Design-de-salon-a-Saint-Lambert-Quebec-3.jpg\",\"datePublished\":\"2022-06-18T13:39:39+00:00\",\"dateModified\":\"2023-08-26T16:41:33+00:00\",\"description\":\"Portfolio de design de salon \u00e0 Saint-Lambert, Qc\",\"breadcrumb\":{\"@id\":\"https:\\\/\\\/versastyledesign.ca\\\/fr\\\/portfolio-de-design\\\/portfolio-de-design-de-salle-de-sejour-au-sous-sol-a-saint-lambert-qc\\\/#breadcrumb\"},\"inLanguage\":\"fr-CA\",\"potentialAction\":[{\"@type\":\"ReadAction\",\"target\":[\"https:\\\/\\\/versastyledesign.ca\\\/fr\\\/portfolio-de-design\\\/portfolio-de-design-de-salle-de-sejour-au-sous-sol-a-saint-lambert-qc\\\/\"]}]},{\"@type\":\"ImageObject\",\"inLanguage\":\"fr-CA\",\"@id\":\"https:\\\/\\\/versastyledesign.ca\\\/fr\\\/portfolio-de-design\\\/portfolio-de-design-de-salle-de-sejour-au-sous-sol-a-saint-lambert-qc\\\/#primaryimage\",\"url\":\"https:\\\/\\\/versastyledesign.ca\\\/wp-content\\\/uploads\\\/2022\\\/06\\\/Design-de-salon-a-Saint-Lambert-Quebec-3.jpg\",\"contentUrl\":\"https:\\\/\\\/versastyledesign.ca\\\/wp-content\\\/uploads\\\/2022\\\/06\\\/Design-de-salon-a-Saint-Lambert-Quebec-3.jpg\",\"width\":1280,\"height\":960,\"caption\":\"Design-de-salon-a-Saint-Lambert-Quebec\"},{\"@type\":\"BreadcrumbList\",\"@id\":\"https:\\\/\\\/versastyledesign.ca\\\/fr\\\/portfolio-de-design\\\/portfolio-de-design-de-salle-de-sejour-au-sous-sol-a-saint-lambert-qc\\\/#breadcrumb\",\"itemListElement\":[{\"@type\":\"ListItem\",\"position\":1,\"name\":\"Accueil\",\"item\":\"http:\\\/\\\/new.versastyledesign.ca\\\/fr\\\/\"},{\"@type\":\"ListItem\",\"position\":2,\"name\":\"Portfolio de Design\",\"item\":\"http:\\\/\\\/new.versastyledesign.ca\\\/fr\\\/design-portfolio\\\/\"},{\"@type\":\"ListItem\",\"position\":3,\"name\":\"Portfolio de design de salle de s\u00e9jour au sous-sol \u00e0 Saint-Lambert, Qc\"}]},{\"@type\":\"WebSite\",\"@id\":\"http:\\\/\\\/new.versastyledesign.ca\\\/fr\\\/#website\",\"url\":\"http:\\\/\\\/new.versastyledesign.ca\\\/fr\\\/\",\"name\":\"Versa Style Design\",\"description\":\"Design d&#039;int\u00e9rieur et r\u00e9novations \u00e0 Montr\u00e9al\",\"publisher\":{\"@id\":\"http:\\\/\\\/new.versastyledesign.ca\\\/fr\\\/#organization\"},\"potentialAction\":[{\"@type\":\"SearchAction\",\"target\":{\"@type\":\"EntryPoint\",\"urlTemplate\":\"http:\\\/\\\/new.versastyledesign.ca\\\/fr\\\/?s={search_term_string}\"},\"query-input\":{\"@type\":\"PropertyValueSpecification\",\"valueRequired\":true,\"valueName\":\"search_term_string\"}}],\"inLanguage\":\"fr-CA\"},{\"@type\":\"Organization\",\"@id\":\"http:\\\/\\\/new.versastyledesign.ca\\\/fr\\\/#organization\",\"name\":\"Versa Style Design\",\"url\":\"http:\\\/\\\/new.versastyledesign.ca\\\/fr\\\/\",\"logo\":{\"@type\":\"ImageObject\",\"inLanguage\":\"fr-CA\",\"@id\":\"http:\\\/\\\/new.versastyledesign.ca\\\/fr\\\/#\\\/schema\\\/logo\\\/image\\\/\",\"url\":\"https:\\\/\\\/versastyledesign.ca\\\/wp-content\\\/uploads\\\/2019\\\/11\\\/Versa-Style-Design-logo.jpg\",\"contentUrl\":\"https:\\\/\\\/versastyledesign.ca\\\/wp-content\\\/uploads\\\/2019\\\/11\\\/Versa-Style-Design-logo.jpg\",\"width\":2099,\"height\":670,\"caption\":\"Versa Style Design\"},\"image\":{\"@id\":\"http:\\\/\\\/new.versastyledesign.ca\\\/fr\\\/#\\\/schema\\\/logo\\\/image\\\/\"},\"sameAs\":[\"https:\\\/\\\/www.facebook.com\\\/Versastyledesign?ref=hl\",\"https:\\\/\\\/x.com\\\/luciepitt\",\"https:\\\/\\\/www.instagram.com\\\/versastyledesign\\\/\",\"https:\\\/\\\/www.linkedin.com\\\/in\\\/lucie-pitt-54b0ba85\",\"https:\\\/\\\/www.pinterest.com\\\/versastyledesign\\\/\"]}]}<\/script>\n<!-- \/ Yoast SEO plugin. -->","yoast_head_json":{"title":"Portfolio de design de salle de s\u00e9jour au sous-sol \u00e0 Saint-Lambert, Qc - Versa Style Design","description":"Portfolio de design de salon \u00e0 Saint-Lambert, Qc","robots":{"index":"index","follow":"follow","max-snippet":"max-snippet:-1","max-image-preview":"max-image-preview:large","max-video-preview":"max-video-preview:-1"},"canonical":"https:\/\/versastyledesign.ca\/fr\/portfolio-de-design\/portfolio-de-design-de-salle-de-sejour-au-sous-sol-a-saint-lambert-qc\/","og_locale":"fr_CA","og_type":"article","og_title":"Portfolio de design de salle de s\u00e9jour au sous-sol \u00e0 Saint-Lambert, Qc - Versa Style Design","og_description":"Portfolio de design de salon \u00e0 Saint-Lambert, Qc","og_url":"https:\/\/versastyledesign.ca\/fr\/portfolio-de-design\/portfolio-de-design-de-salle-de-sejour-au-sous-sol-a-saint-lambert-qc\/","og_site_name":"Versa Style Design","article_publisher":"https:\/\/www.facebook.com\/Versastyledesign?ref=hl","article_modified_time":"2023-08-26T16:41:33+00:00","og_image":[{"width":1280,"height":960,"url":"http:\/\/new.versastyledesign.ca\/wp-content\/uploads\/2022\/06\/Design-de-salon-a-Saint-Lambert-Quebec-3.jpg","type":"image\/jpeg"}],"twitter_misc":{"Estimation du temps de lecture":"3 minutes"},"schema":{"@context":"https:\/\/schema.org","@graph":[{"@type":"WebPage","@id":"https:\/\/versastyledesign.ca\/fr\/portfolio-de-design\/portfolio-de-design-de-salle-de-sejour-au-sous-sol-a-saint-lambert-qc\/","url":"https:\/\/versastyledesign.ca\/fr\/portfolio-de-design\/portfolio-de-design-de-salle-de-sejour-au-sous-sol-a-saint-lambert-qc\/","name":"Portfolio de design de salle de s\u00e9jour au sous-sol \u00e0 Saint-Lambert, Qc - Versa Style Design","isPartOf":{"@id":"http:\/\/new.versastyledesign.ca\/fr\/#website"},"primaryImageOfPage":{"@id":"https:\/\/versastyledesign.ca\/fr\/portfolio-de-design\/portfolio-de-design-de-salle-de-sejour-au-sous-sol-a-saint-lambert-qc\/#primaryimage"},"image":{"@id":"https:\/\/versastyledesign.ca\/fr\/portfolio-de-design\/portfolio-de-design-de-salle-de-sejour-au-sous-sol-a-saint-lambert-qc\/#primaryimage"},"thumbnailUrl":"https:\/\/versastyledesign.ca\/wp-content\/uploads\/2022\/06\/Design-de-salon-a-Saint-Lambert-Quebec-3.jpg","datePublished":"2022-06-18T13:39:39+00:00","dateModified":"2023-08-26T16:41:33+00:00","description":"Portfolio de design de salon \u00e0 Saint-Lambert, Qc","breadcrumb":{"@id":"https:\/\/versastyledesign.ca\/fr\/portfolio-de-design\/portfolio-de-design-de-salle-de-sejour-au-sous-sol-a-saint-lambert-qc\/#breadcrumb"},"inLanguage":"fr-CA","potentialAction":[{"@type":"ReadAction","target":["https:\/\/versastyledesign.ca\/fr\/portfolio-de-design\/portfolio-de-design-de-salle-de-sejour-au-sous-sol-a-saint-lambert-qc\/"]}]},{"@type":"ImageObject","inLanguage":"fr-CA","@id":"https:\/\/versastyledesign.ca\/fr\/portfolio-de-design\/portfolio-de-design-de-salle-de-sejour-au-sous-sol-a-saint-lambert-qc\/#primaryimage","url":"https:\/\/versastyledesign.ca\/wp-content\/uploads\/2022\/06\/Design-de-salon-a-Saint-Lambert-Quebec-3.jpg","contentUrl":"https:\/\/versastyledesign.ca\/wp-content\/uploads\/2022\/06\/Design-de-salon-a-Saint-Lambert-Quebec-3.jpg","width":1280,"height":960,"caption":"Design-de-salon-a-Saint-Lambert-Quebec"},{"@type":"BreadcrumbList","@id":"https:\/\/versastyledesign.ca\/fr\/portfolio-de-design\/portfolio-de-design-de-salle-de-sejour-au-sous-sol-a-saint-lambert-qc\/#breadcrumb","itemListElement":[{"@type":"ListItem","position":1,"name":"Accueil","item":"http:\/\/new.versastyledesign.ca\/fr\/"},{"@type":"ListItem","position":2,"name":"Portfolio de Design","item":"http:\/\/new.versastyledesign.ca\/fr\/design-portfolio\/"},{"@type":"ListItem","position":3,"name":"Portfolio de design de salle de s\u00e9jour au sous-sol \u00e0 Saint-Lambert, Qc"}]},{"@type":"WebSite","@id":"http:\/\/new.versastyledesign.ca\/fr\/#website","url":"http:\/\/new.versastyledesign.ca\/fr\/","name":"Versa Style Design","description":"Design d&#039;int\u00e9rieur et r\u00e9novations \u00e0 Montr\u00e9al","publisher":{"@id":"http:\/\/new.versastyledesign.ca\/fr\/#organization"},"potentialAction":[{"@type":"SearchAction","target":{"@type":"EntryPoint","urlTemplate":"http:\/\/new.versastyledesign.ca\/fr\/?s={search_term_string}"},"query-input":{"@type":"PropertyValueSpecification","valueRequired":true,"valueName":"search_term_string"}}],"inLanguage":"fr-CA"},{"@type":"Organization","@id":"http:\/\/new.versastyledesign.ca\/fr\/#organization","name":"Versa Style Design","url":"http:\/\/new.versastyledesign.ca\/fr\/","logo":{"@type":"ImageObject","inLanguage":"fr-CA","@id":"http:\/\/new.versastyledesign.ca\/fr\/#\/schema\/logo\/image\/","url":"https:\/\/versastyledesign.ca\/wp-content\/uploads\/2019\/11\/Versa-Style-Design-logo.jpg","contentUrl":"https:\/\/versastyledesign.ca\/wp-content\/uploads\/2019\/11\/Versa-Style-Design-logo.jpg","width":2099,"height":670,"caption":"Versa Style Design"},"image":{"@id":"http:\/\/new.versastyledesign.ca\/fr\/#\/schema\/logo\/image\/"},"sameAs":["https:\/\/www.facebook.com\/Versastyledesign?ref=hl","https:\/\/x.com\/luciepitt","https:\/\/www.instagram.com\/versastyledesign\/","https:\/\/www.linkedin.com\/in\/lucie-pitt-54b0ba85","https:\/\/www.pinterest.com\/versastyledesign\/"]}]}},"coauthors":[],"author_meta":{"author_link":"https:\/\/versastyledesign.ca\/fr\/author\/lucie-pitt\/","display_name":"Lucie Pitt"},"relative_dates":{"created":"Posted 4 ann\u00e9es ago","modified":"Updated 3 ann\u00e9es ago"},"absolute_dates":{"created":"Posted on 18 juin 2022","modified":"Updated on 26 ao\u00fbt 2023"},"absolute_dates_time":{"created":"Posted on 18 juin 2022 9 h 39 min","modified":"Updated on 26 ao\u00fbt 2023 12 h 41 min"},"featured_img_caption":"","featured_img":"https:\/\/versastyledesign.ca\/wp-content\/uploads\/2022\/06\/Design-de-salon-a-Saint-Lambert-Quebec-3.jpg","series_order":"","_links":{"self":[{"href":"https:\/\/versastyledesign.ca\/fr\/wp-json\/wp\/v2\/pages\/23803","targetHints":{"allow":["GET"]}}],"collection":[{"href":"https:\/\/versastyledesign.ca\/fr\/wp-json\/wp\/v2\/pages"}],"about":[{"href":"https:\/\/versastyledesign.ca\/fr\/wp-json\/wp\/v2\/types\/page"}],"author":[{"embeddable":true,"href":"https:\/\/versastyledesign.ca\/fr\/wp-json\/wp\/v2\/users\/2"}],"replies":[{"embeddable":true,"href":"https:\/\/versastyledesign.ca\/fr\/wp-json\/wp\/v2\/comments?post=23803"}],"version-history":[{"count":5,"href":"https:\/\/versastyledesign.ca\/fr\/wp-json\/wp\/v2\/pages\/23803\/revisions"}],"predecessor-version":[{"id":25949,"href":"https:\/\/versastyledesign.ca\/fr\/wp-json\/wp\/v2\/pages\/23803\/revisions\/25949"}],"up":[{"embeddable":true,"href":"https:\/\/versastyledesign.ca\/fr\/wp-json\/wp\/v2\/pages\/1840"}],"wp:featuredmedia":[{"embeddable":true,"href":"https:\/\/versastyledesign.ca\/fr\/wp-json\/wp\/v2\/media\/23811"}],"wp:attachment":[{"href":"https:\/\/versastyledesign.ca\/fr\/wp-json\/wp\/v2\/media?parent=23803"}],"curies":[{"name":"wp","href":"https:\/\/api.w.org\/{rel}","templated":true}]}}