{"id":24365,"date":"2022-10-06T18:23:23","date_gmt":"2022-10-06T22:23:23","guid":{"rendered":"https:\/\/versastyledesign.ca\/?page_id=24365"},"modified":"2023-08-26T14:27:12","modified_gmt":"2023-08-26T18:27:12","slug":"design-de-cage-descalier-a-saint-jerome-qc","status":"publish","type":"page","link":"https:\/\/versastyledesign.ca\/fr\/portfolio-de-design\/design-de-cage-descalier-a-saint-jerome-qc\/","title":{"rendered":"Design de cage d&rsquo;escalier \u00e0 Saint-J\u00e9r\u00f4me, Qc"},"content":{"rendered":"\n<div class=\"wp-block-columns is-layout-flex wp-container-core-columns-is-layout-9d6595d7 wp-block-columns-is-layout-flex\">\n<div class=\"wp-block-column is-layout-flow wp-block-column-is-layout-flow\">\n<p>Notre cliente avait besoin d&rsquo;une strat\u00e9gie pour aider son petit chien de compagnie \u00e0 monter et descendre les escaliers vernis.<\/p>\n\n\n\n<p>Les griffes du petit chien n&rsquo;ont pas pu saisir la surface en bois de ch\u00eane poli des marches, nous avons donc recommand\u00e9 ce nouveau tapis d&rsquo;escalier \u00e9l\u00e9gant et de haute qualit\u00e9 en chevron. Le ton est bicolore gris clair et gris fonc\u00e9.<\/p>\n\n\n\n<p>Ce tapis est classique, mais cependant contemporain et tr\u00e8s neutre !<\/p>\n\n\n\n<p>Le chien est ravi, le client \u00e9galement, et donc nous aussi !<\/p>\n\n\n\n<p>Mission accomplie !<\/p>\n<\/div>\n\n\n\n<div class=\"wp-block-column is-layout-flow wp-block-column-is-layout-flow\">\n<figure class=\"wp-block-image size-large\"><img loading=\"lazy\" decoding=\"async\" width=\"768\" height=\"1024\" src=\"https:\/\/versastyledesign.ca\/wp-content\/uploads\/2022\/10\/Portfolio-de-design-de-cage-descalier-a-Saint-Jerome-3-768x1024.jpg\" alt=\"\" class=\"wp-image-24366\" srcset=\"https:\/\/versastyledesign.ca\/wp-content\/uploads\/2022\/10\/Portfolio-de-design-de-cage-descalier-a-Saint-Jerome-3-768x1024.jpg 768w, https:\/\/versastyledesign.ca\/wp-content\/uploads\/2022\/10\/Portfolio-de-design-de-cage-descalier-a-Saint-Jerome-3-225x300.jpg 225w, https:\/\/versastyledesign.ca\/wp-content\/uploads\/2022\/10\/Portfolio-de-design-de-cage-descalier-a-Saint-Jerome-3.jpg 960w\" sizes=\"auto, (max-width: 768px) 100vw, 768px\" \/><\/figure>\n<\/div>\n<\/div>\n\n\n\n<div style=\"height:50px\" aria-hidden=\"true\" class=\"wp-block-spacer\"><\/div>\n\n\n\n<h2 class=\"wp-block-heading\">Portfolio de design de cage d&rsquo;escalier <br>par Versa Style Design<\/h2>\n\n\n\n<figure class=\"wp-block-gallery has-nested-images columns-default is-cropped wp-block-gallery-1 is-layout-flex wp-block-gallery-is-layout-flex\">\n<figure class=\"wp-block-image size-large\"><a href=\"https:\/\/versastyledesign.ca\/wp-content\/uploads\/2022\/10\/Portfolio-de-design-de-cage-descalier-a-Saint-Jerome-1-506x1024.jpg\"><img loading=\"lazy\" decoding=\"async\" width=\"506\" height=\"1024\" data-id=\"24368\" src=\"https:\/\/versastyledesign.ca\/wp-content\/uploads\/2022\/10\/Portfolio-de-design-de-cage-descalier-a-Saint-Jerome-1-506x1024.jpg\" alt=\"\" class=\"wp-image-24368\" srcset=\"https:\/\/versastyledesign.ca\/wp-content\/uploads\/2022\/10\/Portfolio-de-design-de-cage-descalier-a-Saint-Jerome-1-506x1024.jpg 506w, https:\/\/versastyledesign.ca\/wp-content\/uploads\/2022\/10\/Portfolio-de-design-de-cage-descalier-a-Saint-Jerome-1-148x300.jpg 148w, https:\/\/versastyledesign.ca\/wp-content\/uploads\/2022\/10\/Portfolio-de-design-de-cage-descalier-a-Saint-Jerome-1.jpg 632w\" sizes=\"auto, (max-width: 506px) 100vw, 506px\" \/><\/a><\/figure>\n\n\n\n<figure class=\"wp-block-image size-large\"><a href=\"https:\/\/versastyledesign.ca\/wp-content\/uploads\/2022\/10\/Portfolio-de-design-de-cage-descalier-a-Saint-Jerome-2-769x1024.jpg\"><img loading=\"lazy\" decoding=\"async\" width=\"769\" height=\"1024\" data-id=\"24370\" src=\"https:\/\/versastyledesign.ca\/wp-content\/uploads\/2022\/10\/Portfolio-de-design-de-cage-descalier-a-Saint-Jerome-2-769x1024.jpg\" alt=\"\" class=\"wp-image-24370\" srcset=\"https:\/\/versastyledesign.ca\/wp-content\/uploads\/2022\/10\/Portfolio-de-design-de-cage-descalier-a-Saint-Jerome-2-769x1024.jpg 769w, https:\/\/versastyledesign.ca\/wp-content\/uploads\/2022\/10\/Portfolio-de-design-de-cage-descalier-a-Saint-Jerome-2-225x300.jpg 225w, https:\/\/versastyledesign.ca\/wp-content\/uploads\/2022\/10\/Portfolio-de-design-de-cage-descalier-a-Saint-Jerome-2-768x1023.jpg 768w, https:\/\/versastyledesign.ca\/wp-content\/uploads\/2022\/10\/Portfolio-de-design-de-cage-descalier-a-Saint-Jerome-2.jpg 961w\" sizes=\"auto, (max-width: 769px) 100vw, 769px\" \/><\/a><\/figure>\n\n\n\n<figure class=\"wp-block-image size-large\"><a href=\"https:\/\/versastyledesign.ca\/wp-content\/uploads\/2022\/10\/Portfolio-de-design-de-cage-descalier-a-Saint-Jerome-3-1-768x1024.jpg\"><img loading=\"lazy\" decoding=\"async\" width=\"768\" height=\"1024\" data-id=\"24372\" src=\"https:\/\/versastyledesign.ca\/wp-content\/uploads\/2022\/10\/Portfolio-de-design-de-cage-descalier-a-Saint-Jerome-3-1-768x1024.jpg\" alt=\"\" class=\"wp-image-24372\" srcset=\"https:\/\/versastyledesign.ca\/wp-content\/uploads\/2022\/10\/Portfolio-de-design-de-cage-descalier-a-Saint-Jerome-3-1-768x1024.jpg 768w, https:\/\/versastyledesign.ca\/wp-content\/uploads\/2022\/10\/Portfolio-de-design-de-cage-descalier-a-Saint-Jerome-3-1-225x300.jpg 225w, https:\/\/versastyledesign.ca\/wp-content\/uploads\/2022\/10\/Portfolio-de-design-de-cage-descalier-a-Saint-Jerome-3-1.jpg 960w\" sizes=\"auto, (max-width: 768px) 100vw, 768px\" \/><\/a><\/figure>\n<\/figure>\n\n\n\n<p><\/p>\n\n\n\n<div style=\"height:50px\" aria-hidden=\"true\" class=\"wp-block-spacer\"><\/div>\n\n\n\n<div class=\"wp-block-columns are-vertically-aligned-center is-layout-flex wp-container-core-columns-is-layout-9d6595d7 wp-block-columns-is-layout-flex\">\n<div class=\"wp-block-column is-vertically-aligned-center is-layout-flow wp-block-column-is-layout-flow\">\n<figure class=\"wp-block-image size-full\"><img loading=\"lazy\" decoding=\"async\" width=\"833\" height=\"1250\" src=\"https:\/\/versastyledesign.ca\/wp-content\/uploads\/2026\/04\/Design-dune-entree-vestibule-dans-lOuest-de-Montreal.jpg\" alt=\"Design dune entree vestibule dans lOuest de Montreal\" class=\"wp-image-32145\" srcset=\"https:\/\/versastyledesign.ca\/wp-content\/uploads\/2026\/04\/Design-dune-entree-vestibule-dans-lOuest-de-Montreal.jpg 833w, https:\/\/versastyledesign.ca\/wp-content\/uploads\/2026\/04\/Design-dune-entree-vestibule-dans-lOuest-de-Montreal-200x300.jpg 200w, https:\/\/versastyledesign.ca\/wp-content\/uploads\/2026\/04\/Design-dune-entree-vestibule-dans-lOuest-de-Montreal-682x1024.jpg 682w, https:\/\/versastyledesign.ca\/wp-content\/uploads\/2026\/04\/Design-dune-entree-vestibule-dans-lOuest-de-Montreal-768x1152.jpg 768w\" sizes=\"auto, (max-width: 833px) 100vw, 833px\" \/><\/figure>\n<\/div>\n\n\n\n<div class=\"wp-block-column is-vertically-aligned-center is-layout-flow wp-block-column-is-layout-flow\">\n<h2 class=\"wp-block-heading has-text-align-center\">Portfolio de design d\u2019int\u00e9rieur de vestibules, de couloirs et d\u2019escaliers \u00e0 Montr\u00e9al<\/h2>\n\n\n\n<p class=\"has-text-align-center\">Pour voir nos portfolios de design de vestibules, de couloirs et d&rsquo;escaliers dans la r\u00e9gion du Grand Montr\u00e9al.<\/p>\n\n\n\n<div class=\"wp-block-buttons is-content-justification-center is-layout-flex wp-container-core-buttons-is-layout-16018d1d wp-block-buttons-is-layout-flex\">\n<div class=\"wp-block-button button-custom\"><a class=\"wp-block-button__link has-background wp-element-button\" href=\"\/fr?page_id=23437\" style=\"background-color:#d53652\">Voir les portfolios<\/a><\/div>\n<\/div>\n<\/div>\n<\/div>\n\n\n\n<div style=\"height:50px\" aria-hidden=\"true\" class=\"wp-block-spacer\"><\/div>\n\n\n\n<h2 class=\"wp-block-heading\"><strong>\u00cates-vous situ\u00e9 dans la grande r\u00e9gion de Montr\u00e9al?<\/strong><\/h2>\n\n\n\n<p class=\"has-text-align-center\"><strong>Donnez vie \u00e0 votre projet de design avec Lucie.<\/strong><\/p>\n\n\n\n<div class=\"wp-block-buttons is-content-justification-center is-layout-flex wp-container-core-buttons-is-layout-16018d1d wp-block-buttons-is-layout-flex\">\n<div class=\"wp-block-button button-inverse\"><a class=\"wp-block-button__link has-text-color has-background has-link-color wp-element-button\" href=\"\/fr\/forfait-de-design-interieur\/versa-style-design-premiere-consultation\/\" style=\"color:#d53652;background-color:#f3f3f3\">Premi\u00e8re consultation<\/a><\/div>\n<\/div>\n\n\n\n<div style=\"height:25px\" aria-hidden=\"true\" class=\"wp-block-spacer\"><\/div>\n<p><a href=\"\/\/www.pinterest.com\/pin\/create\/button\/\" data-pin-do=\"buttonBookmark\" data-pin-color=\"red\" data-pin-height=\"128\"><img decoding=\"async\" src=\"\/\/assets.pinterest.com\/images\/pidgets\/pinit_fg_en_rect_red_28.png\" \/><\/a><\/p>","protected":false},"excerpt":{"rendered":"<p>Notre cliente avait besoin d&rsquo;une strat\u00e9gie pour aider son petit chien de compagnie \u00e0 monter et descendre les escaliers vernis. Les griffes du petit chien n&rsquo;ont pas pu saisir la surface en bois de ch\u00eane poli des marches, nous avons donc recommand\u00e9 ce nouveau tapis d&rsquo;escalier \u00e9l\u00e9gant et de haute qualit\u00e9 en chevron. Le ton [&hellip;]<\/p>\n","protected":false},"author":2,"featured_media":24366,"parent":1840,"menu_order":0,"comment_status":"closed","ping_status":"closed","template":"","meta":{"advgb_blocks_editor_width":"","advgb_blocks_columns_visual_guide":"","_genesis_hide_title":false,"_genesis_hide_breadcrumbs":false,"_genesis_hide_singular_image":false,"_genesis_hide_footer_widgets":false,"_genesis_custom_body_class":"","_genesis_custom_post_class":"","_genesis_layout":"","footnotes":""},"class_list":{"0":"post-24365","1":"page","2":"type-page","3":"status-publish","4":"has-post-thumbnail","6":"entry"},"yoast_head":"<!-- This site is optimized with the Yoast SEO plugin v27.6 - https:\/\/yoast.com\/product\/yoast-seo-wordpress\/ -->\n<title>Design de cage d&#039;escalier \u00e0 Saint-J\u00e9r\u00f4me, Qc - Versa Style Design<\/title>\n<meta name=\"description\" content=\"Notre cliente avait besoin d&#039;une strat\u00e9gie pour aider son petit chien de compagnie \u00e0 monter et descendre les escaliers vernis.\" \/>\n<meta name=\"robots\" content=\"index, follow, max-snippet:-1, max-image-preview:large, max-video-preview:-1\" \/>\n<link rel=\"canonical\" href=\"https:\/\/versastyledesign.ca\/fr\/portfolio-de-design\/design-de-cage-descalier-a-saint-jerome-qc\/\" \/>\n<meta property=\"og:locale\" content=\"fr_CA\" \/>\n<meta property=\"og:type\" content=\"article\" \/>\n<meta property=\"og:title\" content=\"Design de cage d&#039;escalier \u00e0 Saint-J\u00e9r\u00f4me, Qc - Versa Style Design\" \/>\n<meta property=\"og:description\" content=\"Notre cliente avait besoin d&#039;une strat\u00e9gie pour aider son petit chien de compagnie \u00e0 monter et descendre les escaliers vernis.\" \/>\n<meta property=\"og:url\" content=\"https:\/\/versastyledesign.ca\/fr\/portfolio-de-design\/design-de-cage-descalier-a-saint-jerome-qc\/\" \/>\n<meta property=\"og:site_name\" content=\"Versa Style Design\" \/>\n<meta property=\"article:publisher\" content=\"https:\/\/www.facebook.com\/Versastyledesign?ref=hl\" \/>\n<meta property=\"article:modified_time\" content=\"2023-08-26T18:27:12+00:00\" \/>\n<meta property=\"og:image\" content=\"https:\/\/new.versastyledesign.ca\/wp-content\/uploads\/2022\/10\/Portfolio-de-design-de-cage-descalier-a-Saint-Jerome-3.jpg\" \/>\n\t<meta property=\"og:image:width\" content=\"960\" \/>\n\t<meta property=\"og:image:height\" content=\"1280\" \/>\n\t<meta property=\"og:image:type\" content=\"image\/jpeg\" \/>\n<meta name=\"twitter:label1\" content=\"Estimation du temps de lecture\" \/>\n\t<meta name=\"twitter:data1\" content=\"2 minutes\" \/>\n<script type=\"application\/ld+json\" class=\"yoast-schema-graph\">{\"@context\":\"https:\\\/\\\/schema.org\",\"@graph\":[{\"@type\":\"WebPage\",\"@id\":\"https:\\\/\\\/versastyledesign.ca\\\/fr\\\/portfolio-de-design\\\/design-de-cage-descalier-a-saint-jerome-qc\\\/\",\"url\":\"https:\\\/\\\/versastyledesign.ca\\\/fr\\\/portfolio-de-design\\\/design-de-cage-descalier-a-saint-jerome-qc\\\/\",\"name\":\"Design de cage d'escalier \u00e0 Saint-J\u00e9r\u00f4me, Qc - Versa Style Design\",\"isPartOf\":{\"@id\":\"http:\\\/\\\/new.versastyledesign.ca\\\/fr\\\/#website\"},\"primaryImageOfPage\":{\"@id\":\"https:\\\/\\\/versastyledesign.ca\\\/fr\\\/portfolio-de-design\\\/design-de-cage-descalier-a-saint-jerome-qc\\\/#primaryimage\"},\"image\":{\"@id\":\"https:\\\/\\\/versastyledesign.ca\\\/fr\\\/portfolio-de-design\\\/design-de-cage-descalier-a-saint-jerome-qc\\\/#primaryimage\"},\"thumbnailUrl\":\"https:\\\/\\\/versastyledesign.ca\\\/wp-content\\\/uploads\\\/2022\\\/10\\\/Portfolio-de-design-de-cage-descalier-a-Saint-Jerome-3.jpg\",\"datePublished\":\"2022-10-06T22:23:23+00:00\",\"dateModified\":\"2023-08-26T18:27:12+00:00\",\"description\":\"Notre cliente avait besoin d'une strat\u00e9gie pour aider son petit chien de compagnie \u00e0 monter et descendre les escaliers vernis.\",\"breadcrumb\":{\"@id\":\"https:\\\/\\\/versastyledesign.ca\\\/fr\\\/portfolio-de-design\\\/design-de-cage-descalier-a-saint-jerome-qc\\\/#breadcrumb\"},\"inLanguage\":\"fr-CA\",\"potentialAction\":[{\"@type\":\"ReadAction\",\"target\":[\"https:\\\/\\\/versastyledesign.ca\\\/fr\\\/portfolio-de-design\\\/design-de-cage-descalier-a-saint-jerome-qc\\\/\"]}]},{\"@type\":\"ImageObject\",\"inLanguage\":\"fr-CA\",\"@id\":\"https:\\\/\\\/versastyledesign.ca\\\/fr\\\/portfolio-de-design\\\/design-de-cage-descalier-a-saint-jerome-qc\\\/#primaryimage\",\"url\":\"https:\\\/\\\/versastyledesign.ca\\\/wp-content\\\/uploads\\\/2022\\\/10\\\/Portfolio-de-design-de-cage-descalier-a-Saint-Jerome-3.jpg\",\"contentUrl\":\"https:\\\/\\\/versastyledesign.ca\\\/wp-content\\\/uploads\\\/2022\\\/10\\\/Portfolio-de-design-de-cage-descalier-a-Saint-Jerome-3.jpg\",\"width\":960,\"height\":1280,\"caption\":\"Portfolio-de-design-de-cage-descalier-a-Saint-Jerome-3\"},{\"@type\":\"BreadcrumbList\",\"@id\":\"https:\\\/\\\/versastyledesign.ca\\\/fr\\\/portfolio-de-design\\\/design-de-cage-descalier-a-saint-jerome-qc\\\/#breadcrumb\",\"itemListElement\":[{\"@type\":\"ListItem\",\"position\":1,\"name\":\"Accueil\",\"item\":\"http:\\\/\\\/new.versastyledesign.ca\\\/fr\\\/\"},{\"@type\":\"ListItem\",\"position\":2,\"name\":\"Portfolio de Design\",\"item\":\"http:\\\/\\\/new.versastyledesign.ca\\\/fr\\\/design-portfolio\\\/\"},{\"@type\":\"ListItem\",\"position\":3,\"name\":\"Design de cage d&#8217;escalier \u00e0 Saint-J\u00e9r\u00f4me, Qc\"}]},{\"@type\":\"WebSite\",\"@id\":\"http:\\\/\\\/new.versastyledesign.ca\\\/fr\\\/#website\",\"url\":\"http:\\\/\\\/new.versastyledesign.ca\\\/fr\\\/\",\"name\":\"Versa Style Design\",\"description\":\"Design d&#039;int\u00e9rieur et r\u00e9novations \u00e0 Montr\u00e9al\",\"publisher\":{\"@id\":\"http:\\\/\\\/new.versastyledesign.ca\\\/fr\\\/#organization\"},\"potentialAction\":[{\"@type\":\"SearchAction\",\"target\":{\"@type\":\"EntryPoint\",\"urlTemplate\":\"http:\\\/\\\/new.versastyledesign.ca\\\/fr\\\/?s={search_term_string}\"},\"query-input\":{\"@type\":\"PropertyValueSpecification\",\"valueRequired\":true,\"valueName\":\"search_term_string\"}}],\"inLanguage\":\"fr-CA\"},{\"@type\":\"Organization\",\"@id\":\"http:\\\/\\\/new.versastyledesign.ca\\\/fr\\\/#organization\",\"name\":\"Versa Style Design\",\"url\":\"http:\\\/\\\/new.versastyledesign.ca\\\/fr\\\/\",\"logo\":{\"@type\":\"ImageObject\",\"inLanguage\":\"fr-CA\",\"@id\":\"http:\\\/\\\/new.versastyledesign.ca\\\/fr\\\/#\\\/schema\\\/logo\\\/image\\\/\",\"url\":\"https:\\\/\\\/versastyledesign.ca\\\/wp-content\\\/uploads\\\/2019\\\/11\\\/Versa-Style-Design-logo.jpg\",\"contentUrl\":\"https:\\\/\\\/versastyledesign.ca\\\/wp-content\\\/uploads\\\/2019\\\/11\\\/Versa-Style-Design-logo.jpg\",\"width\":2099,\"height\":670,\"caption\":\"Versa Style Design\"},\"image\":{\"@id\":\"http:\\\/\\\/new.versastyledesign.ca\\\/fr\\\/#\\\/schema\\\/logo\\\/image\\\/\"},\"sameAs\":[\"https:\\\/\\\/www.facebook.com\\\/Versastyledesign?ref=hl\",\"https:\\\/\\\/x.com\\\/luciepitt\",\"https:\\\/\\\/www.instagram.com\\\/versastyledesign\\\/\",\"https:\\\/\\\/www.linkedin.com\\\/in\\\/lucie-pitt-54b0ba85\",\"https:\\\/\\\/www.pinterest.com\\\/versastyledesign\\\/\"]}]}<\/script>\n<!-- \/ Yoast SEO plugin. -->","yoast_head_json":{"title":"Design de cage d'escalier \u00e0 Saint-J\u00e9r\u00f4me, Qc - Versa Style Design","description":"Notre cliente avait besoin d'une strat\u00e9gie pour aider son petit chien de compagnie \u00e0 monter et descendre les escaliers vernis.","robots":{"index":"index","follow":"follow","max-snippet":"max-snippet:-1","max-image-preview":"max-image-preview:large","max-video-preview":"max-video-preview:-1"},"canonical":"https:\/\/versastyledesign.ca\/fr\/portfolio-de-design\/design-de-cage-descalier-a-saint-jerome-qc\/","og_locale":"fr_CA","og_type":"article","og_title":"Design de cage d'escalier \u00e0 Saint-J\u00e9r\u00f4me, Qc - Versa Style Design","og_description":"Notre cliente avait besoin d'une strat\u00e9gie pour aider son petit chien de compagnie \u00e0 monter et descendre les escaliers vernis.","og_url":"https:\/\/versastyledesign.ca\/fr\/portfolio-de-design\/design-de-cage-descalier-a-saint-jerome-qc\/","og_site_name":"Versa Style Design","article_publisher":"https:\/\/www.facebook.com\/Versastyledesign?ref=hl","article_modified_time":"2023-08-26T18:27:12+00:00","og_image":[{"width":960,"height":1280,"url":"https:\/\/new.versastyledesign.ca\/wp-content\/uploads\/2022\/10\/Portfolio-de-design-de-cage-descalier-a-Saint-Jerome-3.jpg","type":"image\/jpeg"}],"twitter_misc":{"Estimation du temps de lecture":"2 minutes"},"schema":{"@context":"https:\/\/schema.org","@graph":[{"@type":"WebPage","@id":"https:\/\/versastyledesign.ca\/fr\/portfolio-de-design\/design-de-cage-descalier-a-saint-jerome-qc\/","url":"https:\/\/versastyledesign.ca\/fr\/portfolio-de-design\/design-de-cage-descalier-a-saint-jerome-qc\/","name":"Design de cage d'escalier \u00e0 Saint-J\u00e9r\u00f4me, Qc - Versa Style Design","isPartOf":{"@id":"http:\/\/new.versastyledesign.ca\/fr\/#website"},"primaryImageOfPage":{"@id":"https:\/\/versastyledesign.ca\/fr\/portfolio-de-design\/design-de-cage-descalier-a-saint-jerome-qc\/#primaryimage"},"image":{"@id":"https:\/\/versastyledesign.ca\/fr\/portfolio-de-design\/design-de-cage-descalier-a-saint-jerome-qc\/#primaryimage"},"thumbnailUrl":"https:\/\/versastyledesign.ca\/wp-content\/uploads\/2022\/10\/Portfolio-de-design-de-cage-descalier-a-Saint-Jerome-3.jpg","datePublished":"2022-10-06T22:23:23+00:00","dateModified":"2023-08-26T18:27:12+00:00","description":"Notre cliente avait besoin d'une strat\u00e9gie pour aider son petit chien de compagnie \u00e0 monter et descendre les escaliers vernis.","breadcrumb":{"@id":"https:\/\/versastyledesign.ca\/fr\/portfolio-de-design\/design-de-cage-descalier-a-saint-jerome-qc\/#breadcrumb"},"inLanguage":"fr-CA","potentialAction":[{"@type":"ReadAction","target":["https:\/\/versastyledesign.ca\/fr\/portfolio-de-design\/design-de-cage-descalier-a-saint-jerome-qc\/"]}]},{"@type":"ImageObject","inLanguage":"fr-CA","@id":"https:\/\/versastyledesign.ca\/fr\/portfolio-de-design\/design-de-cage-descalier-a-saint-jerome-qc\/#primaryimage","url":"https:\/\/versastyledesign.ca\/wp-content\/uploads\/2022\/10\/Portfolio-de-design-de-cage-descalier-a-Saint-Jerome-3.jpg","contentUrl":"https:\/\/versastyledesign.ca\/wp-content\/uploads\/2022\/10\/Portfolio-de-design-de-cage-descalier-a-Saint-Jerome-3.jpg","width":960,"height":1280,"caption":"Portfolio-de-design-de-cage-descalier-a-Saint-Jerome-3"},{"@type":"BreadcrumbList","@id":"https:\/\/versastyledesign.ca\/fr\/portfolio-de-design\/design-de-cage-descalier-a-saint-jerome-qc\/#breadcrumb","itemListElement":[{"@type":"ListItem","position":1,"name":"Accueil","item":"http:\/\/new.versastyledesign.ca\/fr\/"},{"@type":"ListItem","position":2,"name":"Portfolio de Design","item":"http:\/\/new.versastyledesign.ca\/fr\/design-portfolio\/"},{"@type":"ListItem","position":3,"name":"Design de cage d&#8217;escalier \u00e0 Saint-J\u00e9r\u00f4me, Qc"}]},{"@type":"WebSite","@id":"http:\/\/new.versastyledesign.ca\/fr\/#website","url":"http:\/\/new.versastyledesign.ca\/fr\/","name":"Versa Style Design","description":"Design d&#039;int\u00e9rieur et r\u00e9novations \u00e0 Montr\u00e9al","publisher":{"@id":"http:\/\/new.versastyledesign.ca\/fr\/#organization"},"potentialAction":[{"@type":"SearchAction","target":{"@type":"EntryPoint","urlTemplate":"http:\/\/new.versastyledesign.ca\/fr\/?s={search_term_string}"},"query-input":{"@type":"PropertyValueSpecification","valueRequired":true,"valueName":"search_term_string"}}],"inLanguage":"fr-CA"},{"@type":"Organization","@id":"http:\/\/new.versastyledesign.ca\/fr\/#organization","name":"Versa Style Design","url":"http:\/\/new.versastyledesign.ca\/fr\/","logo":{"@type":"ImageObject","inLanguage":"fr-CA","@id":"http:\/\/new.versastyledesign.ca\/fr\/#\/schema\/logo\/image\/","url":"https:\/\/versastyledesign.ca\/wp-content\/uploads\/2019\/11\/Versa-Style-Design-logo.jpg","contentUrl":"https:\/\/versastyledesign.ca\/wp-content\/uploads\/2019\/11\/Versa-Style-Design-logo.jpg","width":2099,"height":670,"caption":"Versa Style Design"},"image":{"@id":"http:\/\/new.versastyledesign.ca\/fr\/#\/schema\/logo\/image\/"},"sameAs":["https:\/\/www.facebook.com\/Versastyledesign?ref=hl","https:\/\/x.com\/luciepitt","https:\/\/www.instagram.com\/versastyledesign\/","https:\/\/www.linkedin.com\/in\/lucie-pitt-54b0ba85","https:\/\/www.pinterest.com\/versastyledesign\/"]}]}},"coauthors":[],"author_meta":{"author_link":"https:\/\/versastyledesign.ca\/fr\/author\/lucie-pitt\/","display_name":"Lucie Pitt"},"relative_dates":{"created":"Posted 4 ann\u00e9es ago","modified":"Updated 3 ann\u00e9es ago"},"absolute_dates":{"created":"Posted on 6 octobre 2022","modified":"Updated on 26 ao\u00fbt 2023"},"absolute_dates_time":{"created":"Posted on 6 octobre 2022 18 h 23 min","modified":"Updated on 26 ao\u00fbt 2023 14 h 27 min"},"featured_img_caption":"","featured_img":"https:\/\/versastyledesign.ca\/wp-content\/uploads\/2022\/10\/Portfolio-de-design-de-cage-descalier-a-Saint-Jerome-3.jpg","series_order":"","_links":{"self":[{"href":"https:\/\/versastyledesign.ca\/fr\/wp-json\/wp\/v2\/pages\/24365","targetHints":{"allow":["GET"]}}],"collection":[{"href":"https:\/\/versastyledesign.ca\/fr\/wp-json\/wp\/v2\/pages"}],"about":[{"href":"https:\/\/versastyledesign.ca\/fr\/wp-json\/wp\/v2\/types\/page"}],"author":[{"embeddable":true,"href":"https:\/\/versastyledesign.ca\/fr\/wp-json\/wp\/v2\/users\/2"}],"replies":[{"embeddable":true,"href":"https:\/\/versastyledesign.ca\/fr\/wp-json\/wp\/v2\/comments?post=24365"}],"version-history":[{"count":5,"href":"https:\/\/versastyledesign.ca\/fr\/wp-json\/wp\/v2\/pages\/24365\/revisions"}],"predecessor-version":[{"id":26411,"href":"https:\/\/versastyledesign.ca\/fr\/wp-json\/wp\/v2\/pages\/24365\/revisions\/26411"}],"up":[{"embeddable":true,"href":"https:\/\/versastyledesign.ca\/fr\/wp-json\/wp\/v2\/pages\/1840"}],"wp:featuredmedia":[{"embeddable":true,"href":"https:\/\/versastyledesign.ca\/fr\/wp-json\/wp\/v2\/media\/24366"}],"wp:attachment":[{"href":"https:\/\/versastyledesign.ca\/fr\/wp-json\/wp\/v2\/media?parent=24365"}],"curies":[{"name":"wp","href":"https:\/\/api.w.org\/{rel}","templated":true}]}}