{"id":24464,"date":"2022-11-13T08:45:46","date_gmt":"2022-11-13T13:45:46","guid":{"rendered":"https:\/\/versastyledesign.ca\/?page_id=24464"},"modified":"2023-08-26T13:20:54","modified_gmt":"2023-08-26T17:20:54","slug":"design-de-gym-a-domicile-dans-le-vieux-montreal","status":"publish","type":"page","link":"https:\/\/versastyledesign.ca\/fr\/portfolio-de-design\/design-de-gym-a-domicile-dans-le-vieux-montreal\/","title":{"rendered":"Design de gym \u00e0 domicile dans le Vieux-Montr\u00e9al"},"content":{"rendered":"\n<div class=\"wp-block-columns is-layout-flex wp-container-core-columns-is-layout-9d6595d7 wp-block-columns-is-layout-flex\">\n<div class=\"wp-block-column is-layout-flow wp-block-column-is-layout-flow\">\n<p><strong>Mandat<\/strong> : Le client avait une chambre libre dans son condo, nous avons donc mis en place une salle d&rsquo;entra\u00eenement \u00e0 domicile avec un rev\u00eatement de sol protecteur rembourr\u00e9 ainsi qu&rsquo;un excellent am\u00e9nagement avec de la place pour des appareils&nbsp;suppl\u00e9mentaires. Il peut profiter de s\u00e9ances d&rsquo;entra\u00eenement dans l&rsquo;intimit\u00e9 de sa propre maison, avec son entra\u00eeneur personnel. Mission accomplie !<\/p>\n<\/div>\n\n\n\n<div class=\"wp-block-column is-layout-flow wp-block-column-is-layout-flow\">\n<figure class=\"wp-block-image size-large\"><img loading=\"lazy\" decoding=\"async\" width=\"1024\" height=\"768\" src=\"https:\/\/versastyledesign.ca\/wp-content\/uploads\/2022\/11\/Design-de-Gym-Vieux-Montreal-Avant-Apres-Portfolio-5-1024x768.jpg\" alt=\"Portfolio de design de salle de sport avant et apr\u00e8s \" class=\"wp-image-24465\" srcset=\"https:\/\/versastyledesign.ca\/wp-content\/uploads\/2022\/11\/Design-de-Gym-Vieux-Montreal-Avant-Apres-Portfolio-5-1024x768.jpg 1024w, https:\/\/versastyledesign.ca\/wp-content\/uploads\/2022\/11\/Design-de-Gym-Vieux-Montreal-Avant-Apres-Portfolio-5-300x225.jpg 300w, https:\/\/versastyledesign.ca\/wp-content\/uploads\/2022\/11\/Design-de-Gym-Vieux-Montreal-Avant-Apres-Portfolio-5-768x576.jpg 768w, https:\/\/versastyledesign.ca\/wp-content\/uploads\/2022\/11\/Design-de-Gym-Vieux-Montreal-Avant-Apres-Portfolio-5.jpg 1280w\" sizes=\"auto, (max-width: 1024px) 100vw, 1024px\" \/><\/figure>\n<\/div>\n<\/div>\n\n\n\n<div style=\"height:50px\" aria-hidden=\"true\" class=\"wp-block-spacer\"><\/div>\n\n\n\n<h2 class=\"wp-block-heading\" id=\"portfolio-de-design-de-salle-de-sport-avant-et-apres-par-versa-style-design-a16f2989-898c-414d-8d4c-3f8630f6c588\">Portfolio de design de salle de sport avant et apr\u00e8s <br>par Versa Style Design<\/h2>\n\n\n\n<figure class=\"wp-block-gallery has-nested-images columns-default is-cropped wp-block-gallery-1 is-layout-flex wp-block-gallery-is-layout-flex\">\n<figure class=\"wp-block-image size-large\"><a href=\"https:\/\/versastyledesign.ca\/wp-content\/uploads\/2022\/11\/Design-de-Gym-Vieux-Montreal-Avant-Apres-Portfolio-3-768x1024.jpg\"><img loading=\"lazy\" decoding=\"async\" width=\"768\" height=\"1024\" data-id=\"24467\" src=\"https:\/\/versastyledesign.ca\/wp-content\/uploads\/2022\/11\/Design-de-Gym-Vieux-Montreal-Avant-Apres-Portfolio-3-768x1024.jpg\" alt=\"Portfolio de design de salle de sport avant et apr\u00e8s \" class=\"wp-image-24467\" srcset=\"https:\/\/versastyledesign.ca\/wp-content\/uploads\/2022\/11\/Design-de-Gym-Vieux-Montreal-Avant-Apres-Portfolio-3-768x1024.jpg 768w, https:\/\/versastyledesign.ca\/wp-content\/uploads\/2022\/11\/Design-de-Gym-Vieux-Montreal-Avant-Apres-Portfolio-3-225x300.jpg 225w, https:\/\/versastyledesign.ca\/wp-content\/uploads\/2022\/11\/Design-de-Gym-Vieux-Montreal-Avant-Apres-Portfolio-3.jpg 960w\" sizes=\"auto, (max-width: 768px) 100vw, 768px\" \/><\/a><\/figure>\n\n\n\n<figure class=\"wp-block-image size-large\"><a href=\"https:\/\/versastyledesign.ca\/wp-content\/uploads\/2022\/11\/Design-de-Gym-Vieux-Montreal-Avant-Apres-Portfolio-4-768x1024.jpg\"><img loading=\"lazy\" decoding=\"async\" width=\"768\" height=\"1024\" data-id=\"24469\" src=\"https:\/\/versastyledesign.ca\/wp-content\/uploads\/2022\/11\/Design-de-Gym-Vieux-Montreal-Avant-Apres-Portfolio-4-768x1024.jpg\" alt=\"Portfolio de design de salle de sport avant et apr\u00e8s \" class=\"wp-image-24469\" srcset=\"https:\/\/versastyledesign.ca\/wp-content\/uploads\/2022\/11\/Design-de-Gym-Vieux-Montreal-Avant-Apres-Portfolio-4-768x1024.jpg 768w, https:\/\/versastyledesign.ca\/wp-content\/uploads\/2022\/11\/Design-de-Gym-Vieux-Montreal-Avant-Apres-Portfolio-4-225x300.jpg 225w, https:\/\/versastyledesign.ca\/wp-content\/uploads\/2022\/11\/Design-de-Gym-Vieux-Montreal-Avant-Apres-Portfolio-4.jpg 960w\" sizes=\"auto, (max-width: 768px) 100vw, 768px\" \/><\/a><\/figure>\n\n\n\n<figure class=\"wp-block-image size-large\"><a href=\"https:\/\/versastyledesign.ca\/wp-content\/uploads\/2022\/11\/Design-de-Gym-Vieux-Montreal-Avant-Apres-Portfolio-5-1-1024x768.jpg\"><img loading=\"lazy\" decoding=\"async\" width=\"1024\" height=\"768\" data-id=\"24475\" src=\"https:\/\/versastyledesign.ca\/wp-content\/uploads\/2022\/11\/Design-de-Gym-Vieux-Montreal-Avant-Apres-Portfolio-5-1-1024x768.jpg\" alt=\"Portfolio de design de salle de sport avant et apr\u00e8s \" class=\"wp-image-24475\" srcset=\"https:\/\/versastyledesign.ca\/wp-content\/uploads\/2022\/11\/Design-de-Gym-Vieux-Montreal-Avant-Apres-Portfolio-5-1-1024x768.jpg 1024w, https:\/\/versastyledesign.ca\/wp-content\/uploads\/2022\/11\/Design-de-Gym-Vieux-Montreal-Avant-Apres-Portfolio-5-1-300x225.jpg 300w, https:\/\/versastyledesign.ca\/wp-content\/uploads\/2022\/11\/Design-de-Gym-Vieux-Montreal-Avant-Apres-Portfolio-5-1-768x576.jpg 768w, https:\/\/versastyledesign.ca\/wp-content\/uploads\/2022\/11\/Design-de-Gym-Vieux-Montreal-Avant-Apres-Portfolio-5-1.jpg 1280w\" sizes=\"auto, (max-width: 1024px) 100vw, 1024px\" \/><\/a><\/figure>\n\n\n\n<figure class=\"wp-block-image size-large\"><a href=\"https:\/\/versastyledesign.ca\/wp-content\/uploads\/2022\/11\/Design-de-Gym-Vieux-Montreal-Avant-Apres-Portfolio-2-718x1024.jpg\"><img loading=\"lazy\" decoding=\"async\" width=\"718\" height=\"1024\" data-id=\"24473\" src=\"https:\/\/versastyledesign.ca\/wp-content\/uploads\/2022\/11\/Design-de-Gym-Vieux-Montreal-Avant-Apres-Portfolio-2-718x1024.jpg\" alt=\"Portfolio de design de salle de sport avant et apr\u00e8s \" class=\"wp-image-24473\" srcset=\"https:\/\/versastyledesign.ca\/wp-content\/uploads\/2022\/11\/Design-de-Gym-Vieux-Montreal-Avant-Apres-Portfolio-2-718x1024.jpg 718w, https:\/\/versastyledesign.ca\/wp-content\/uploads\/2022\/11\/Design-de-Gym-Vieux-Montreal-Avant-Apres-Portfolio-2-210x300.jpg 210w, https:\/\/versastyledesign.ca\/wp-content\/uploads\/2022\/11\/Design-de-Gym-Vieux-Montreal-Avant-Apres-Portfolio-2-768x1095.jpg 768w, https:\/\/versastyledesign.ca\/wp-content\/uploads\/2022\/11\/Design-de-Gym-Vieux-Montreal-Avant-Apres-Portfolio-2.jpg 898w\" sizes=\"auto, (max-width: 718px) 100vw, 718px\" \/><\/a><\/figure>\n\n\n\n<figure class=\"wp-block-image size-large\"><a href=\"https:\/\/versastyledesign.ca\/wp-content\/uploads\/2022\/11\/Design-de-Gym-Vieux-Montreal-Avant-Apres-Portfolio-1-768x1024.jpg\"><img loading=\"lazy\" decoding=\"async\" width=\"768\" height=\"1024\" data-id=\"24471\" src=\"https:\/\/versastyledesign.ca\/wp-content\/uploads\/2022\/11\/Design-de-Gym-Vieux-Montreal-Avant-Apres-Portfolio-1-768x1024.jpg\" alt=\"Portfolio de design de salle de sport avant et apr\u00e8s \" class=\"wp-image-24471\" srcset=\"https:\/\/versastyledesign.ca\/wp-content\/uploads\/2022\/11\/Design-de-Gym-Vieux-Montreal-Avant-Apres-Portfolio-1-768x1024.jpg 768w, https:\/\/versastyledesign.ca\/wp-content\/uploads\/2022\/11\/Design-de-Gym-Vieux-Montreal-Avant-Apres-Portfolio-1-225x300.jpg 225w, https:\/\/versastyledesign.ca\/wp-content\/uploads\/2022\/11\/Design-de-Gym-Vieux-Montreal-Avant-Apres-Portfolio-1.jpg 960w\" sizes=\"auto, (max-width: 768px) 100vw, 768px\" \/><\/a><\/figure>\n<\/figure>\n\n\n\n<div style=\"height:50px\" aria-hidden=\"true\" class=\"wp-block-spacer\"><\/div>\n\n\n\n<blockquote class=\"wp-block-quote is-layout-flow wp-block-quote-is-layout-flow\">\n<p>J\u2019ai eu l\u2019opportunit\u00e9 et le plaisir de travailler avec Lucie. Je l\u2019ai trouv\u00e9e professionnelle, honn\u00eate et extr\u00eamement comp\u00e9tente. Elle a transform\u00e9 mon condo dans le vieux port; passant d\u2019un espace vide \u00e0 une demeure magnifiquement con\u00e7ue. Elle a pris le temps de comprendre ma vision et mes go\u00fbts. Des meubles jusqu\u2019aux accessoires, ses go\u00fbts et ses choix sont exceptionnels. Elle est \u00e9galement extr\u00eamement honn\u00eate. J\u2019ai \u00e9t\u00e9 surpris de recevoir un remboursement de sa part car l\u2019un des fournisseurs avec qui nous avions fait affaire nous avait surfactur\u00e9 et Lucie m\u2019a rapidement rembours\u00e9. J\u2019ai travaill\u00e9 avec plusieurs designers dans le pass\u00e9 et je trouve que Lucie se soucie vraiment de sa profession et de ses clients. Je la recommande vivement.<\/p>\n<cite><strong>Steve Clark<\/strong><\/cite><\/blockquote>\n\n\n\n<div style=\"height:50px\" aria-hidden=\"true\" class=\"wp-block-spacer\"><\/div>\n\n\n\n<div class=\"wp-block-columns is-layout-flex wp-container-core-columns-is-layout-9d6595d7 wp-block-columns-is-layout-flex\">\n<div class=\"wp-block-column is-layout-flow wp-block-column-is-layout-flow\">\n<figure class=\"wp-block-image size-large\"><img loading=\"lazy\" decoding=\"async\" width=\"1024\" height=\"768\" src=\"https:\/\/versastyledesign.ca\/wp-content\/uploads\/2022\/11\/Design-de-Gym-Vieux-Montreal-Avant-Apres-Portfolio-5-1024x768.jpg\" alt=\"Design-de-Gym-Vieux-Montreal-Avant-Apres-Portfolio\" class=\"wp-image-24465\" srcset=\"https:\/\/versastyledesign.ca\/wp-content\/uploads\/2022\/11\/Design-de-Gym-Vieux-Montreal-Avant-Apres-Portfolio-5-1024x768.jpg 1024w, https:\/\/versastyledesign.ca\/wp-content\/uploads\/2022\/11\/Design-de-Gym-Vieux-Montreal-Avant-Apres-Portfolio-5-300x225.jpg 300w, https:\/\/versastyledesign.ca\/wp-content\/uploads\/2022\/11\/Design-de-Gym-Vieux-Montreal-Avant-Apres-Portfolio-5-768x576.jpg 768w, https:\/\/versastyledesign.ca\/wp-content\/uploads\/2022\/11\/Design-de-Gym-Vieux-Montreal-Avant-Apres-Portfolio-5.jpg 1280w\" sizes=\"auto, (max-width: 1024px) 100vw, 1024px\" \/><\/figure>\n<\/div>\n\n\n\n<div class=\"wp-block-column is-layout-flow wp-block-column-is-layout-flow\">\n<h2 class=\"wp-block-heading has-text-align-center\">Design de gym \u00e0 domicile \u00e0 Montr\u00e9al<\/h2>\n\n\n\n<p class=\"has-text-align-center\">Pour en savoir plus sur nos services de design de gym \u00e0 domicile offerts dans la r\u00e9gion du Grand Montr\u00e9al.<\/p>\n\n\n\n<div class=\"wp-block-buttons button-custom is-content-justification-center is-layout-flex wp-container-core-buttons-is-layout-16018d1d wp-block-buttons-is-layout-flex\">\n<div class=\"wp-block-button\"><a class=\"wp-block-button__link has-background wp-element-button\" href=\"\/fr?page_id=12697#portfolio-gym-domicile\" style=\"background-color:#d53652\">Design de gym<\/a><\/div>\n<\/div>\n<\/div>\n<\/div>\n\n\n\n<div style=\"height:50px\" aria-hidden=\"true\" class=\"wp-block-spacer\"><\/div>\n\n\n\n<h2 class=\"wp-block-heading\"><strong>\u00cates-vous situ\u00e9 dans la grande r\u00e9gion de Montr\u00e9al?<\/strong><\/h2>\n\n\n\n<p class=\"has-text-align-center\"><strong>Donnez vie \u00e0 votre projet de design avec Lucie.<\/strong><\/p>\n\n\n\n<div class=\"wp-block-buttons is-content-justification-center is-layout-flex wp-container-core-buttons-is-layout-16018d1d wp-block-buttons-is-layout-flex\">\n<div class=\"wp-block-button button-inverse\"><a class=\"wp-block-button__link has-text-color has-background has-link-color wp-element-button\" href=\"\/fr\/forfait-de-design-interieur\/versa-style-design-premiere-consultation\/\" style=\"color:#d53652;background-color:#f3f3f3\">Premi\u00e8re consultation<\/a><\/div>\n<\/div>\n\n\n\n<div style=\"height:25px\" aria-hidden=\"true\" class=\"wp-block-spacer\"><\/div>\n<p><a href=\"\/\/www.pinterest.com\/pin\/create\/button\/\" data-pin-do=\"buttonBookmark\" data-pin-color=\"red\" data-pin-height=\"128\"><img decoding=\"async\" src=\"\/\/assets.pinterest.com\/images\/pidgets\/pinit_fg_en_rect_red_28.png\" \/><\/a><\/p>","protected":false},"excerpt":{"rendered":"<p>Mandat : Le client avait une chambre libre dans son condo, nous avons donc mis en place une salle d&rsquo;entra\u00eenement \u00e0 domicile avec un rev\u00eatement de sol protecteur rembourr\u00e9 ainsi qu&rsquo;un excellent am\u00e9nagement avec de la place pour des appareils&nbsp;suppl\u00e9mentaires. Il peut profiter de s\u00e9ances d&rsquo;entra\u00eenement dans l&rsquo;intimit\u00e9 de sa propre maison, avec son entra\u00eeneur [&hellip;]<\/p>\n","protected":false},"author":2,"featured_media":24465,"parent":1840,"menu_order":0,"comment_status":"closed","ping_status":"closed","template":"","meta":{"advgb_blocks_editor_width":"","advgb_blocks_columns_visual_guide":"","_genesis_hide_title":false,"_genesis_hide_breadcrumbs":false,"_genesis_hide_singular_image":false,"_genesis_hide_footer_widgets":false,"_genesis_custom_body_class":"","_genesis_custom_post_class":"","_genesis_layout":"","footnotes":""},"class_list":{"0":"post-24464","1":"page","2":"type-page","3":"status-publish","4":"has-post-thumbnail","6":"entry"},"yoast_head":"<!-- This site is optimized with the Yoast SEO plugin v27.6 - https:\/\/yoast.com\/product\/yoast-seo-wordpress\/ -->\n<title>Design de gym \u00e0 domicile dans le Vieux-Montr\u00e9al - Versa Style Design<\/title>\n<meta name=\"description\" content=\"Le client avait une chambre libre dans son condo, nous avons donc mis en place une salle de sport \u00e0 domicile avec un rev\u00eatement de sol protecteur rembourr\u00e9 ainsi qu&#039;un excellent am\u00e9nagement avec de la place pour du mat\u00e9riel suppl\u00e9mentaire.\" \/>\n<meta name=\"robots\" content=\"index, follow, max-snippet:-1, max-image-preview:large, max-video-preview:-1\" \/>\n<link rel=\"canonical\" href=\"https:\/\/versastyledesign.ca\/fr\/portfolio-de-design\/design-de-gym-a-domicile-dans-le-vieux-montreal\/\" \/>\n<meta property=\"og:locale\" content=\"fr_CA\" \/>\n<meta property=\"og:type\" content=\"article\" \/>\n<meta property=\"og:title\" content=\"Design de gym \u00e0 domicile dans le Vieux-Montr\u00e9al - Versa Style Design\" \/>\n<meta property=\"og:description\" content=\"Le client avait une chambre libre dans son condo, nous avons donc mis en place une salle de sport \u00e0 domicile avec un rev\u00eatement de sol protecteur rembourr\u00e9 ainsi qu&#039;un excellent am\u00e9nagement avec de la place pour du mat\u00e9riel suppl\u00e9mentaire.\" \/>\n<meta property=\"og:url\" content=\"https:\/\/versastyledesign.ca\/fr\/portfolio-de-design\/design-de-gym-a-domicile-dans-le-vieux-montreal\/\" \/>\n<meta property=\"og:site_name\" content=\"Versa Style Design\" \/>\n<meta property=\"article:publisher\" content=\"https:\/\/www.facebook.com\/Versastyledesign?ref=hl\" \/>\n<meta property=\"article:modified_time\" content=\"2023-08-26T17:20:54+00:00\" \/>\n<meta property=\"og:image\" content=\"https:\/\/new.versastyledesign.ca\/wp-content\/uploads\/2022\/11\/Design-de-Gym-Vieux-Montreal-Avant-Apres-Portfolio-5.jpg\" \/>\n\t<meta property=\"og:image:width\" content=\"1280\" \/>\n\t<meta property=\"og:image:height\" content=\"960\" \/>\n\t<meta property=\"og:image:type\" content=\"image\/jpeg\" \/>\n<script type=\"application\/ld+json\" class=\"yoast-schema-graph\">{\"@context\":\"https:\\\/\\\/schema.org\",\"@graph\":[{\"@type\":\"WebPage\",\"@id\":\"https:\\\/\\\/versastyledesign.ca\\\/fr\\\/portfolio-de-design\\\/design-de-gym-a-domicile-dans-le-vieux-montreal\\\/\",\"url\":\"https:\\\/\\\/versastyledesign.ca\\\/fr\\\/portfolio-de-design\\\/design-de-gym-a-domicile-dans-le-vieux-montreal\\\/\",\"name\":\"Design de gym \u00e0 domicile dans le Vieux-Montr\u00e9al - Versa Style Design\",\"isPartOf\":{\"@id\":\"http:\\\/\\\/new.versastyledesign.ca\\\/fr\\\/#website\"},\"primaryImageOfPage\":{\"@id\":\"https:\\\/\\\/versastyledesign.ca\\\/fr\\\/portfolio-de-design\\\/design-de-gym-a-domicile-dans-le-vieux-montreal\\\/#primaryimage\"},\"image\":{\"@id\":\"https:\\\/\\\/versastyledesign.ca\\\/fr\\\/portfolio-de-design\\\/design-de-gym-a-domicile-dans-le-vieux-montreal\\\/#primaryimage\"},\"thumbnailUrl\":\"https:\\\/\\\/versastyledesign.ca\\\/wp-content\\\/uploads\\\/2022\\\/11\\\/Design-de-Gym-Vieux-Montreal-Avant-Apres-Portfolio-5.jpg\",\"datePublished\":\"2022-11-13T13:45:46+00:00\",\"dateModified\":\"2023-08-26T17:20:54+00:00\",\"description\":\"Le client avait une chambre libre dans son condo, nous avons donc mis en place une salle de sport \u00e0 domicile avec un rev\u00eatement de sol protecteur rembourr\u00e9 ainsi qu'un excellent am\u00e9nagement avec de la place pour du mat\u00e9riel suppl\u00e9mentaire.\",\"breadcrumb\":{\"@id\":\"https:\\\/\\\/versastyledesign.ca\\\/fr\\\/portfolio-de-design\\\/design-de-gym-a-domicile-dans-le-vieux-montreal\\\/#breadcrumb\"},\"inLanguage\":\"fr-CA\",\"potentialAction\":[{\"@type\":\"ReadAction\",\"target\":[\"https:\\\/\\\/versastyledesign.ca\\\/fr\\\/portfolio-de-design\\\/design-de-gym-a-domicile-dans-le-vieux-montreal\\\/\"]}]},{\"@type\":\"ImageObject\",\"inLanguage\":\"fr-CA\",\"@id\":\"https:\\\/\\\/versastyledesign.ca\\\/fr\\\/portfolio-de-design\\\/design-de-gym-a-domicile-dans-le-vieux-montreal\\\/#primaryimage\",\"url\":\"https:\\\/\\\/versastyledesign.ca\\\/wp-content\\\/uploads\\\/2022\\\/11\\\/Design-de-Gym-Vieux-Montreal-Avant-Apres-Portfolio-5.jpg\",\"contentUrl\":\"https:\\\/\\\/versastyledesign.ca\\\/wp-content\\\/uploads\\\/2022\\\/11\\\/Design-de-Gym-Vieux-Montreal-Avant-Apres-Portfolio-5.jpg\",\"width\":1280,\"height\":960,\"caption\":\"Design-de-Gym-Vieux-Montreal-Avant-Apres-Portfolio\"},{\"@type\":\"BreadcrumbList\",\"@id\":\"https:\\\/\\\/versastyledesign.ca\\\/fr\\\/portfolio-de-design\\\/design-de-gym-a-domicile-dans-le-vieux-montreal\\\/#breadcrumb\",\"itemListElement\":[{\"@type\":\"ListItem\",\"position\":1,\"name\":\"Accueil\",\"item\":\"http:\\\/\\\/new.versastyledesign.ca\\\/fr\\\/\"},{\"@type\":\"ListItem\",\"position\":2,\"name\":\"Portfolio de Design\",\"item\":\"http:\\\/\\\/new.versastyledesign.ca\\\/fr\\\/design-portfolio\\\/\"},{\"@type\":\"ListItem\",\"position\":3,\"name\":\"Design de gym \u00e0 domicile dans le Vieux-Montr\u00e9al\"}]},{\"@type\":\"WebSite\",\"@id\":\"http:\\\/\\\/new.versastyledesign.ca\\\/fr\\\/#website\",\"url\":\"http:\\\/\\\/new.versastyledesign.ca\\\/fr\\\/\",\"name\":\"Versa Style Design\",\"description\":\"Design d&#039;int\u00e9rieur et r\u00e9novations \u00e0 Montr\u00e9al\",\"publisher\":{\"@id\":\"http:\\\/\\\/new.versastyledesign.ca\\\/fr\\\/#organization\"},\"potentialAction\":[{\"@type\":\"SearchAction\",\"target\":{\"@type\":\"EntryPoint\",\"urlTemplate\":\"http:\\\/\\\/new.versastyledesign.ca\\\/fr\\\/?s={search_term_string}\"},\"query-input\":{\"@type\":\"PropertyValueSpecification\",\"valueRequired\":true,\"valueName\":\"search_term_string\"}}],\"inLanguage\":\"fr-CA\"},{\"@type\":\"Organization\",\"@id\":\"http:\\\/\\\/new.versastyledesign.ca\\\/fr\\\/#organization\",\"name\":\"Versa Style Design\",\"url\":\"http:\\\/\\\/new.versastyledesign.ca\\\/fr\\\/\",\"logo\":{\"@type\":\"ImageObject\",\"inLanguage\":\"fr-CA\",\"@id\":\"http:\\\/\\\/new.versastyledesign.ca\\\/fr\\\/#\\\/schema\\\/logo\\\/image\\\/\",\"url\":\"https:\\\/\\\/versastyledesign.ca\\\/wp-content\\\/uploads\\\/2019\\\/11\\\/Versa-Style-Design-logo.jpg\",\"contentUrl\":\"https:\\\/\\\/versastyledesign.ca\\\/wp-content\\\/uploads\\\/2019\\\/11\\\/Versa-Style-Design-logo.jpg\",\"width\":2099,\"height\":670,\"caption\":\"Versa Style Design\"},\"image\":{\"@id\":\"http:\\\/\\\/new.versastyledesign.ca\\\/fr\\\/#\\\/schema\\\/logo\\\/image\\\/\"},\"sameAs\":[\"https:\\\/\\\/www.facebook.com\\\/Versastyledesign?ref=hl\",\"https:\\\/\\\/x.com\\\/luciepitt\",\"https:\\\/\\\/www.instagram.com\\\/versastyledesign\\\/\",\"https:\\\/\\\/www.linkedin.com\\\/in\\\/lucie-pitt-54b0ba85\",\"https:\\\/\\\/www.pinterest.com\\\/versastyledesign\\\/\"]}]}<\/script>\n<!-- \/ Yoast SEO plugin. -->","yoast_head_json":{"title":"Design de gym \u00e0 domicile dans le Vieux-Montr\u00e9al - Versa Style Design","description":"Le client avait une chambre libre dans son condo, nous avons donc mis en place une salle de sport \u00e0 domicile avec un rev\u00eatement de sol protecteur rembourr\u00e9 ainsi qu'un excellent am\u00e9nagement avec de la place pour du mat\u00e9riel suppl\u00e9mentaire.","robots":{"index":"index","follow":"follow","max-snippet":"max-snippet:-1","max-image-preview":"max-image-preview:large","max-video-preview":"max-video-preview:-1"},"canonical":"https:\/\/versastyledesign.ca\/fr\/portfolio-de-design\/design-de-gym-a-domicile-dans-le-vieux-montreal\/","og_locale":"fr_CA","og_type":"article","og_title":"Design de gym \u00e0 domicile dans le Vieux-Montr\u00e9al - Versa Style Design","og_description":"Le client avait une chambre libre dans son condo, nous avons donc mis en place une salle de sport \u00e0 domicile avec un rev\u00eatement de sol protecteur rembourr\u00e9 ainsi qu'un excellent am\u00e9nagement avec de la place pour du mat\u00e9riel suppl\u00e9mentaire.","og_url":"https:\/\/versastyledesign.ca\/fr\/portfolio-de-design\/design-de-gym-a-domicile-dans-le-vieux-montreal\/","og_site_name":"Versa Style Design","article_publisher":"https:\/\/www.facebook.com\/Versastyledesign?ref=hl","article_modified_time":"2023-08-26T17:20:54+00:00","og_image":[{"width":1280,"height":960,"url":"https:\/\/new.versastyledesign.ca\/wp-content\/uploads\/2022\/11\/Design-de-Gym-Vieux-Montreal-Avant-Apres-Portfolio-5.jpg","type":"image\/jpeg"}],"schema":{"@context":"https:\/\/schema.org","@graph":[{"@type":"WebPage","@id":"https:\/\/versastyledesign.ca\/fr\/portfolio-de-design\/design-de-gym-a-domicile-dans-le-vieux-montreal\/","url":"https:\/\/versastyledesign.ca\/fr\/portfolio-de-design\/design-de-gym-a-domicile-dans-le-vieux-montreal\/","name":"Design de gym \u00e0 domicile dans le Vieux-Montr\u00e9al - Versa Style Design","isPartOf":{"@id":"http:\/\/new.versastyledesign.ca\/fr\/#website"},"primaryImageOfPage":{"@id":"https:\/\/versastyledesign.ca\/fr\/portfolio-de-design\/design-de-gym-a-domicile-dans-le-vieux-montreal\/#primaryimage"},"image":{"@id":"https:\/\/versastyledesign.ca\/fr\/portfolio-de-design\/design-de-gym-a-domicile-dans-le-vieux-montreal\/#primaryimage"},"thumbnailUrl":"https:\/\/versastyledesign.ca\/wp-content\/uploads\/2022\/11\/Design-de-Gym-Vieux-Montreal-Avant-Apres-Portfolio-5.jpg","datePublished":"2022-11-13T13:45:46+00:00","dateModified":"2023-08-26T17:20:54+00:00","description":"Le client avait une chambre libre dans son condo, nous avons donc mis en place une salle de sport \u00e0 domicile avec un rev\u00eatement de sol protecteur rembourr\u00e9 ainsi qu'un excellent am\u00e9nagement avec de la place pour du mat\u00e9riel suppl\u00e9mentaire.","breadcrumb":{"@id":"https:\/\/versastyledesign.ca\/fr\/portfolio-de-design\/design-de-gym-a-domicile-dans-le-vieux-montreal\/#breadcrumb"},"inLanguage":"fr-CA","potentialAction":[{"@type":"ReadAction","target":["https:\/\/versastyledesign.ca\/fr\/portfolio-de-design\/design-de-gym-a-domicile-dans-le-vieux-montreal\/"]}]},{"@type":"ImageObject","inLanguage":"fr-CA","@id":"https:\/\/versastyledesign.ca\/fr\/portfolio-de-design\/design-de-gym-a-domicile-dans-le-vieux-montreal\/#primaryimage","url":"https:\/\/versastyledesign.ca\/wp-content\/uploads\/2022\/11\/Design-de-Gym-Vieux-Montreal-Avant-Apres-Portfolio-5.jpg","contentUrl":"https:\/\/versastyledesign.ca\/wp-content\/uploads\/2022\/11\/Design-de-Gym-Vieux-Montreal-Avant-Apres-Portfolio-5.jpg","width":1280,"height":960,"caption":"Design-de-Gym-Vieux-Montreal-Avant-Apres-Portfolio"},{"@type":"BreadcrumbList","@id":"https:\/\/versastyledesign.ca\/fr\/portfolio-de-design\/design-de-gym-a-domicile-dans-le-vieux-montreal\/#breadcrumb","itemListElement":[{"@type":"ListItem","position":1,"name":"Accueil","item":"http:\/\/new.versastyledesign.ca\/fr\/"},{"@type":"ListItem","position":2,"name":"Portfolio de Design","item":"http:\/\/new.versastyledesign.ca\/fr\/design-portfolio\/"},{"@type":"ListItem","position":3,"name":"Design de gym \u00e0 domicile dans le Vieux-Montr\u00e9al"}]},{"@type":"WebSite","@id":"http:\/\/new.versastyledesign.ca\/fr\/#website","url":"http:\/\/new.versastyledesign.ca\/fr\/","name":"Versa Style Design","description":"Design d&#039;int\u00e9rieur et r\u00e9novations \u00e0 Montr\u00e9al","publisher":{"@id":"http:\/\/new.versastyledesign.ca\/fr\/#organization"},"potentialAction":[{"@type":"SearchAction","target":{"@type":"EntryPoint","urlTemplate":"http:\/\/new.versastyledesign.ca\/fr\/?s={search_term_string}"},"query-input":{"@type":"PropertyValueSpecification","valueRequired":true,"valueName":"search_term_string"}}],"inLanguage":"fr-CA"},{"@type":"Organization","@id":"http:\/\/new.versastyledesign.ca\/fr\/#organization","name":"Versa Style Design","url":"http:\/\/new.versastyledesign.ca\/fr\/","logo":{"@type":"ImageObject","inLanguage":"fr-CA","@id":"http:\/\/new.versastyledesign.ca\/fr\/#\/schema\/logo\/image\/","url":"https:\/\/versastyledesign.ca\/wp-content\/uploads\/2019\/11\/Versa-Style-Design-logo.jpg","contentUrl":"https:\/\/versastyledesign.ca\/wp-content\/uploads\/2019\/11\/Versa-Style-Design-logo.jpg","width":2099,"height":670,"caption":"Versa Style Design"},"image":{"@id":"http:\/\/new.versastyledesign.ca\/fr\/#\/schema\/logo\/image\/"},"sameAs":["https:\/\/www.facebook.com\/Versastyledesign?ref=hl","https:\/\/x.com\/luciepitt","https:\/\/www.instagram.com\/versastyledesign\/","https:\/\/www.linkedin.com\/in\/lucie-pitt-54b0ba85","https:\/\/www.pinterest.com\/versastyledesign\/"]}]}},"coauthors":[],"author_meta":{"author_link":"https:\/\/versastyledesign.ca\/fr\/author\/lucie-pitt\/","display_name":"Lucie Pitt"},"relative_dates":{"created":"Posted 3 ann\u00e9es ago","modified":"Updated 3 ann\u00e9es ago"},"absolute_dates":{"created":"Posted on 13 novembre 2022","modified":"Updated on 26 ao\u00fbt 2023"},"absolute_dates_time":{"created":"Posted on 13 novembre 2022 8 h 45 min","modified":"Updated on 26 ao\u00fbt 2023 13 h 20 min"},"featured_img_caption":"","featured_img":"https:\/\/versastyledesign.ca\/wp-content\/uploads\/2022\/11\/Design-de-Gym-Vieux-Montreal-Avant-Apres-Portfolio-5.jpg","series_order":"","_links":{"self":[{"href":"https:\/\/versastyledesign.ca\/fr\/wp-json\/wp\/v2\/pages\/24464","targetHints":{"allow":["GET"]}}],"collection":[{"href":"https:\/\/versastyledesign.ca\/fr\/wp-json\/wp\/v2\/pages"}],"about":[{"href":"https:\/\/versastyledesign.ca\/fr\/wp-json\/wp\/v2\/types\/page"}],"author":[{"embeddable":true,"href":"https:\/\/versastyledesign.ca\/fr\/wp-json\/wp\/v2\/users\/2"}],"replies":[{"embeddable":true,"href":"https:\/\/versastyledesign.ca\/fr\/wp-json\/wp\/v2\/comments?post=24464"}],"version-history":[{"count":5,"href":"https:\/\/versastyledesign.ca\/fr\/wp-json\/wp\/v2\/pages\/24464\/revisions"}],"predecessor-version":[{"id":26122,"href":"https:\/\/versastyledesign.ca\/fr\/wp-json\/wp\/v2\/pages\/24464\/revisions\/26122"}],"up":[{"embeddable":true,"href":"https:\/\/versastyledesign.ca\/fr\/wp-json\/wp\/v2\/pages\/1840"}],"wp:featuredmedia":[{"embeddable":true,"href":"https:\/\/versastyledesign.ca\/fr\/wp-json\/wp\/v2\/media\/24465"}],"wp:attachment":[{"href":"https:\/\/versastyledesign.ca\/fr\/wp-json\/wp\/v2\/media?parent=24464"}],"curies":[{"name":"wp","href":"https:\/\/api.w.org\/{rel}","templated":true}]}}