{"id":26695,"date":"2023-10-05T19:26:31","date_gmt":"2023-10-05T23:26:31","guid":{"rendered":"https:\/\/versastyledesign.ca\/portfolio-de-design\/shared-girls-room-design-in-montreal\/"},"modified":"2023-10-07T20:10:53","modified_gmt":"2023-10-08T00:10:53","slug":"design-de-chambre-partagee-pour-filles-a-montreal","status":"publish","type":"page","link":"https:\/\/versastyledesign.ca\/fr\/portfolio-de-design\/design-de-chambre-partagee-pour-filles-a-montreal\/","title":{"rendered":"Design de chambre partag\u00e9e pour filles \u00e0 Montr\u00e9al"},"content":{"rendered":"\n<div class=\"wp-block-columns are-vertically-aligned-center is-layout-flex wp-container-core-columns-is-layout-9d6595d7 wp-block-columns-is-layout-flex\">\n<div class=\"wp-block-column is-vertically-aligned-center is-layout-flow wp-block-column-is-layout-flow\">\n<p><strong>Lieu:<\/strong> Montr\u00e9al<\/p>\n\n\n\n<p><strong>Service de design\u00a0:<\/strong> Conception de chambre \u00e0 coucher, palette de couleurs et finitions, plan d\u2019am\u00e9nagement, tapis, \u00e9clairage, solutions de rangement, tous les meubles, accessoires et recommandations de lits.<\/p>\n\n\n\n<p><strong>Mat\u00e9riaux utilis\u00e9s :<\/strong> Lit mezzanine \u2018Loft\u2019 blanc, bassinette en bois, cubes de rangement et \u00e9tag\u00e8res murales blanches, commode blanche, table et chaises de jeu blanches, peinture Sherwin Williams rose et blanche, tapis vinyle g\u00e9om\u00e9trique rose et gris.<\/p>\n<\/div>\n\n\n\n<div class=\"wp-block-column is-vertically-aligned-center is-layout-flow wp-block-column-is-layout-flow\">\n<figure class=\"wp-block-image size-large\"><img loading=\"lazy\" decoding=\"async\" width=\"1024\" height=\"693\" src=\"https:\/\/versastyledesign.ca\/wp-content\/uploads\/2023\/10\/Conception-de-chambres-de-filles-partagees-a-Montreal-2-1024x693.jpg\" alt=\"Conception-de-chambres-de-filles-partagees-a-Montreal\" class=\"wp-image-26699\" srcset=\"https:\/\/versastyledesign.ca\/wp-content\/uploads\/2023\/10\/Conception-de-chambres-de-filles-partagees-a-Montreal-2-1024x693.jpg 1024w, https:\/\/versastyledesign.ca\/wp-content\/uploads\/2023\/10\/Conception-de-chambres-de-filles-partagees-a-Montreal-2-300x203.jpg 300w, https:\/\/versastyledesign.ca\/wp-content\/uploads\/2023\/10\/Conception-de-chambres-de-filles-partagees-a-Montreal-2-768x520.jpg 768w, https:\/\/versastyledesign.ca\/wp-content\/uploads\/2023\/10\/Conception-de-chambres-de-filles-partagees-a-Montreal-2.jpg 1250w\" sizes=\"auto, (max-width: 1024px) 100vw, 1024px\" \/><\/figure>\n<\/div>\n<\/div>\n\n\n\n<p><strong>Notre mandat :<\/strong> Avec un troisi\u00e8me enfant en route, nos clients ont am\u00e9nag\u00e9 une chambre diff\u00e9rente pour leur fille et leur nouveau b\u00e9b\u00e9. Nous avons transform\u00e9 cette chambre sombre et encombr\u00e9e en un espace lumineux, amusant et fonctionnel o\u00f9 tout trouve sa place. Nous avons recommand\u00e9 un lit mezzanine \u2018loft\u2019 qui nous a permis d&rsquo;optimiser l&rsquo;espace vertical. La bassinette se transformera en lit \u00e9volutif au ras du sol lorsque le b\u00e9b\u00e9 sera un peu plus grand. L&rsquo;espace suppl\u00e9mentaire a \u00e9t\u00e9 utilis\u00e9 pour le rangement des jouets et des livres ainsi qu&rsquo;une table de jeu. Le tapis en vinyle est imperm\u00e9able, n\u00e9cessite peu d&rsquo;entretien et est facile \u00e0 nettoyer. De nouvelles \u00e9tag\u00e8res murales et un syst\u00e8me de rangement en cubes ainsi qu&rsquo;une grande commode \u00e0 6 tiroirs sont parfaits pour les deux filles de la famille. Nous avons conseill\u00e9 une couche de peinture rose vif qui fait ressortir tous les meubles blancs.<\/p>\n\n\n\n<div style=\"height:50px\" aria-hidden=\"true\" class=\"wp-block-spacer\"><\/div>\n\n\n\n<h2 class=\"wp-block-heading\">Portfolio de design de chambres partag\u00e9es pour filles \u00e0 Montr\u00e9al<\/h2>\n\n\n\n<figure class=\"wp-block-gallery has-nested-images columns-4 is-cropped wp-block-gallery-1 is-layout-flex wp-block-gallery-is-layout-flex\">\n<figure class=\"wp-block-image size-large\"><a href=\"https:\/\/versastyledesign.ca\/wp-content\/uploads\/2023\/10\/Conception-de-chambres-de-filles-partagees-a-Montreal-3-847x1024.jpg\"><img loading=\"lazy\" decoding=\"async\" width=\"847\" height=\"1024\" data-id=\"26701\" src=\"https:\/\/versastyledesign.ca\/wp-content\/uploads\/2023\/10\/Conception-de-chambres-de-filles-partagees-a-Montreal-3-847x1024.jpg\" alt=\"\" class=\"wp-image-26701\" srcset=\"https:\/\/versastyledesign.ca\/wp-content\/uploads\/2023\/10\/Conception-de-chambres-de-filles-partagees-a-Montreal-3-847x1024.jpg 847w, https:\/\/versastyledesign.ca\/wp-content\/uploads\/2023\/10\/Conception-de-chambres-de-filles-partagees-a-Montreal-3-248x300.jpg 248w, https:\/\/versastyledesign.ca\/wp-content\/uploads\/2023\/10\/Conception-de-chambres-de-filles-partagees-a-Montreal-3-768x928.jpg 768w, https:\/\/versastyledesign.ca\/wp-content\/uploads\/2023\/10\/Conception-de-chambres-de-filles-partagees-a-Montreal-3.jpg 1034w\" sizes=\"auto, (max-width: 847px) 100vw, 847px\" \/><\/a><\/figure>\n\n\n\n<figure class=\"wp-block-image size-large\"><a href=\"https:\/\/versastyledesign.ca\/wp-content\/uploads\/2023\/10\/Conception-de-chambres-de-filles-partagees-a-Montreal-4-762x1024.jpg\"><img loading=\"lazy\" decoding=\"async\" width=\"762\" height=\"1024\" data-id=\"26703\" src=\"https:\/\/versastyledesign.ca\/wp-content\/uploads\/2023\/10\/Conception-de-chambres-de-filles-partagees-a-Montreal-4-762x1024.jpg\" alt=\"\" class=\"wp-image-26703\" srcset=\"https:\/\/versastyledesign.ca\/wp-content\/uploads\/2023\/10\/Conception-de-chambres-de-filles-partagees-a-Montreal-4-762x1024.jpg 762w, https:\/\/versastyledesign.ca\/wp-content\/uploads\/2023\/10\/Conception-de-chambres-de-filles-partagees-a-Montreal-4-223x300.jpg 223w, https:\/\/versastyledesign.ca\/wp-content\/uploads\/2023\/10\/Conception-de-chambres-de-filles-partagees-a-Montreal-4-768x1032.jpg 768w, https:\/\/versastyledesign.ca\/wp-content\/uploads\/2023\/10\/Conception-de-chambres-de-filles-partagees-a-Montreal-4.jpg 930w\" sizes=\"auto, (max-width: 762px) 100vw, 762px\" \/><\/a><\/figure>\n\n\n\n<figure class=\"wp-block-image size-large\"><a href=\"https:\/\/versastyledesign.ca\/wp-content\/uploads\/2023\/10\/Conception-de-chambres-de-filles-partagees-a-Montreal-1-677x1024.jpg\"><img loading=\"lazy\" decoding=\"async\" width=\"677\" height=\"1024\" data-id=\"26697\" src=\"https:\/\/versastyledesign.ca\/wp-content\/uploads\/2023\/10\/Conception-de-chambres-de-filles-partagees-a-Montreal-1-677x1024.jpg\" alt=\"\" class=\"wp-image-26697\" srcset=\"https:\/\/versastyledesign.ca\/wp-content\/uploads\/2023\/10\/Conception-de-chambres-de-filles-partagees-a-Montreal-1-677x1024.jpg 677w, https:\/\/versastyledesign.ca\/wp-content\/uploads\/2023\/10\/Conception-de-chambres-de-filles-partagees-a-Montreal-1-198x300.jpg 198w, https:\/\/versastyledesign.ca\/wp-content\/uploads\/2023\/10\/Conception-de-chambres-de-filles-partagees-a-Montreal-1-768x1161.jpg 768w, https:\/\/versastyledesign.ca\/wp-content\/uploads\/2023\/10\/Conception-de-chambres-de-filles-partagees-a-Montreal-1.jpg 827w\" sizes=\"auto, (max-width: 677px) 100vw, 677px\" \/><\/a><\/figure>\n\n\n\n<figure class=\"wp-block-image size-large\"><a href=\"https:\/\/versastyledesign.ca\/wp-content\/uploads\/2023\/10\/Conception-de-chambres-de-filles-partagees-a-Montreal-2-1024x693.jpg\"><img loading=\"lazy\" decoding=\"async\" width=\"1024\" height=\"693\" data-id=\"26699\" src=\"https:\/\/versastyledesign.ca\/wp-content\/uploads\/2023\/10\/Conception-de-chambres-de-filles-partagees-a-Montreal-2-1024x693.jpg\" alt=\"\" class=\"wp-image-26699\" srcset=\"https:\/\/versastyledesign.ca\/wp-content\/uploads\/2023\/10\/Conception-de-chambres-de-filles-partagees-a-Montreal-2-1024x693.jpg 1024w, https:\/\/versastyledesign.ca\/wp-content\/uploads\/2023\/10\/Conception-de-chambres-de-filles-partagees-a-Montreal-2-300x203.jpg 300w, https:\/\/versastyledesign.ca\/wp-content\/uploads\/2023\/10\/Conception-de-chambres-de-filles-partagees-a-Montreal-2-768x520.jpg 768w, https:\/\/versastyledesign.ca\/wp-content\/uploads\/2023\/10\/Conception-de-chambres-de-filles-partagees-a-Montreal-2.jpg 1250w\" sizes=\"auto, (max-width: 1024px) 100vw, 1024px\" \/><\/a><\/figure>\n<\/figure>\n\n\n\n<div style=\"height:101px\" aria-hidden=\"true\" class=\"wp-block-spacer\"><\/div>\n\n\n\n<div class=\"wp-block-columns are-vertically-aligned-center is-layout-flex wp-container-core-columns-is-layout-9d6595d7 wp-block-columns-is-layout-flex\">\n<div class=\"wp-block-column is-vertically-aligned-center is-layout-flow wp-block-column-is-layout-flow\"><div class=\"wp-block-image\">\n<figure class=\"aligncenter size-full\"><img loading=\"lazy\" decoding=\"async\" width=\"850\" height=\"610\" src=\"https:\/\/versastyledesign.ca\/wp-content\/uploads\/2020\/01\/design-zone-chambre-enfants-montreal-4.jpg\" alt=\"design-zone-chambre-enfants-montreal\" class=\"wp-image-19440\" srcset=\"https:\/\/versastyledesign.ca\/wp-content\/uploads\/2020\/01\/design-zone-chambre-enfants-montreal-4.jpg 850w, https:\/\/versastyledesign.ca\/wp-content\/uploads\/2020\/01\/design-zone-chambre-enfants-montreal-4-300x215.jpg 300w, https:\/\/versastyledesign.ca\/wp-content\/uploads\/2020\/01\/design-zone-chambre-enfants-montreal-4-768x551.jpg 768w\" sizes=\"auto, (max-width: 850px) 100vw, 850px\" \/><\/figure>\n<\/div><\/div>\n\n\n\n<div class=\"wp-block-column is-vertically-aligned-center is-layout-flow wp-block-column-is-layout-flow\">\n<h2 class=\"wp-block-heading has-text-align-center\">Services de design de chambres et de salles de jeux pour enfants \u00e0 Montr\u00e9al<\/h2>\n\n\n\n<p class=\"has-text-align-center\">Apprenez-en davantage sur nos services de design de chambres d\u2019enfants et de salles de jeux offerts dans la grande r\u00e9gion de Montr\u00e9al.<\/p>\n\n\n\n<div class=\"wp-block-buttons is-content-justification-center is-layout-flex wp-container-core-buttons-is-layout-16018d1d wp-block-buttons-is-layout-flex\">\n<div class=\"wp-block-button button-custom\"><a class=\"wp-block-button__link has-background wp-element-button\" href=\"\/fr\/on-sorganise\/zones-pour-enfants\/\" style=\"background-color:#d53652\">Design de chambre pour enfants<\/a><\/div>\n<\/div>\n\n\n\n<p><\/p>\n<\/div>\n<\/div>\n\n\n\n<div style=\"height:50px\" aria-hidden=\"true\" class=\"wp-block-spacer\"><\/div>\n\n\n\n<h2 class=\"wp-block-heading\"><strong>\u00cates-vous situ\u00e9 dans la grande r\u00e9gion de Montr\u00e9al?<\/strong><\/h2>\n\n\n\n<p class=\"has-text-align-center\"><strong>Donnez vie \u00e0 votre projet de design avec Lucie.<\/strong><\/p>\n\n\n\n<div class=\"wp-block-buttons is-content-justification-center is-layout-flex wp-container-core-buttons-is-layout-16018d1d wp-block-buttons-is-layout-flex\">\n<div class=\"wp-block-button button-inverse\"><a class=\"wp-block-button__link has-text-color has-background has-link-color wp-element-button\" href=\"\/fr\/forfait-de-design-interieur\/versa-style-design-premiere-consultation\/\" style=\"color:#d53652;background-color:#f3f3f3\">Premi\u00e8re consultation<\/a><\/div>\n<\/div>\n\n\n\n<div style=\"height:25px\" aria-hidden=\"true\" class=\"wp-block-spacer\"><\/div>\n<p><a href=\"\/\/www.pinterest.com\/pin\/create\/button\/\" data-pin-do=\"buttonBookmark\" data-pin-color=\"red\" data-pin-height=\"128\"><img decoding=\"async\" src=\"\/\/assets.pinterest.com\/images\/pidgets\/pinit_fg_en_rect_red_28.png\" \/><\/a><\/p>","protected":false},"excerpt":{"rendered":"<p>Lieu: Montr\u00e9al Service de design\u00a0: Conception de chambre \u00e0 coucher, palette de couleurs et finitions, plan d\u2019am\u00e9nagement, tapis, \u00e9clairage, solutions de rangement, tous les meubles, accessoires et recommandations de lits. Mat\u00e9riaux utilis\u00e9s : Lit mezzanine \u2018Loft\u2019 blanc, bassinette en bois, cubes de rangement et \u00e9tag\u00e8res murales blanches, commode blanche, table et chaises de jeu blanches, [&hellip;]<\/p>\n","protected":false},"author":2,"featured_media":26699,"parent":1840,"menu_order":0,"comment_status":"closed","ping_status":"closed","template":"","meta":{"advgb_blocks_editor_width":"","advgb_blocks_columns_visual_guide":"","_genesis_hide_title":false,"_genesis_hide_breadcrumbs":false,"_genesis_hide_singular_image":false,"_genesis_hide_footer_widgets":false,"_genesis_custom_body_class":"","_genesis_custom_post_class":"","_genesis_layout":"","footnotes":""},"class_list":{"0":"post-26695","1":"page","2":"type-page","3":"status-publish","4":"has-post-thumbnail","6":"entry"},"yoast_head":"<!-- This site is optimized with the Yoast SEO plugin v27.4 - https:\/\/yoast.com\/product\/yoast-seo-wordpress\/ -->\n<title>Design de chambre partag\u00e9e pour filles \u00e0 Montr\u00e9al - Versa Style Design<\/title>\n<meta name=\"description\" content=\"Avec un troisi\u00e8me enfant en route, nos clients ont am\u00e9nag\u00e9 une chambre diff\u00e9rente pour leur fille et leur nouveau b\u00e9b\u00e9.\" \/>\n<meta name=\"robots\" content=\"index, follow, max-snippet:-1, max-image-preview:large, max-video-preview:-1\" \/>\n<link rel=\"canonical\" href=\"https:\/\/versastyledesign.ca\/fr\/portfolio-de-design\/design-de-chambre-partagee-pour-filles-a-montreal\/\" \/>\n<meta property=\"og:locale\" content=\"fr_CA\" \/>\n<meta property=\"og:type\" content=\"article\" \/>\n<meta property=\"og:title\" content=\"Design de chambre partag\u00e9e pour filles \u00e0 Montr\u00e9al - Versa Style Design\" \/>\n<meta property=\"og:description\" content=\"Avec un troisi\u00e8me enfant en route, nos clients ont am\u00e9nag\u00e9 une chambre diff\u00e9rente pour leur fille et leur nouveau b\u00e9b\u00e9.\" \/>\n<meta property=\"og:url\" content=\"https:\/\/versastyledesign.ca\/fr\/portfolio-de-design\/design-de-chambre-partagee-pour-filles-a-montreal\/\" \/>\n<meta property=\"og:site_name\" content=\"Versa Style Design\" \/>\n<meta property=\"article:publisher\" content=\"https:\/\/www.facebook.com\/Versastyledesign?ref=hl\" \/>\n<meta property=\"article:modified_time\" content=\"2023-10-08T00:10:53+00:00\" \/>\n<meta property=\"og:image\" content=\"https:\/\/new.versastyledesign.ca\/wp-content\/uploads\/2023\/10\/Conception-de-chambres-de-filles-partagees-a-Montreal-2.jpg\" \/>\n\t<meta property=\"og:image:width\" content=\"1250\" \/>\n\t<meta property=\"og:image:height\" content=\"846\" \/>\n\t<meta property=\"og:image:type\" content=\"image\/jpeg\" \/>\n<meta name=\"twitter:label1\" content=\"Estimation du temps de lecture\" \/>\n\t<meta name=\"twitter:data1\" content=\"2 minutes\" \/>\n<script type=\"application\/ld+json\" class=\"yoast-schema-graph\">{\"@context\":\"https:\\\/\\\/schema.org\",\"@graph\":[{\"@type\":\"WebPage\",\"@id\":\"https:\\\/\\\/versastyledesign.ca\\\/fr\\\/portfolio-de-design\\\/design-de-chambre-partagee-pour-filles-a-montreal\\\/\",\"url\":\"https:\\\/\\\/versastyledesign.ca\\\/fr\\\/portfolio-de-design\\\/design-de-chambre-partagee-pour-filles-a-montreal\\\/\",\"name\":\"Design de chambre partag\u00e9e pour filles \u00e0 Montr\u00e9al - Versa Style Design\",\"isPartOf\":{\"@id\":\"http:\\\/\\\/new.versastyledesign.ca\\\/fr\\\/#website\"},\"primaryImageOfPage\":{\"@id\":\"https:\\\/\\\/versastyledesign.ca\\\/fr\\\/portfolio-de-design\\\/design-de-chambre-partagee-pour-filles-a-montreal\\\/#primaryimage\"},\"image\":{\"@id\":\"https:\\\/\\\/versastyledesign.ca\\\/fr\\\/portfolio-de-design\\\/design-de-chambre-partagee-pour-filles-a-montreal\\\/#primaryimage\"},\"thumbnailUrl\":\"https:\\\/\\\/versastyledesign.ca\\\/wp-content\\\/uploads\\\/2023\\\/10\\\/Conception-de-chambres-de-filles-partagees-a-Montreal-2.jpg\",\"datePublished\":\"2023-10-05T23:26:31+00:00\",\"dateModified\":\"2023-10-08T00:10:53+00:00\",\"description\":\"Avec un troisi\u00e8me enfant en route, nos clients ont am\u00e9nag\u00e9 une chambre diff\u00e9rente pour leur fille et leur nouveau b\u00e9b\u00e9.\",\"breadcrumb\":{\"@id\":\"https:\\\/\\\/versastyledesign.ca\\\/fr\\\/portfolio-de-design\\\/design-de-chambre-partagee-pour-filles-a-montreal\\\/#breadcrumb\"},\"inLanguage\":\"fr-CA\",\"potentialAction\":[{\"@type\":\"ReadAction\",\"target\":[\"https:\\\/\\\/versastyledesign.ca\\\/fr\\\/portfolio-de-design\\\/design-de-chambre-partagee-pour-filles-a-montreal\\\/\"]}]},{\"@type\":\"ImageObject\",\"inLanguage\":\"fr-CA\",\"@id\":\"https:\\\/\\\/versastyledesign.ca\\\/fr\\\/portfolio-de-design\\\/design-de-chambre-partagee-pour-filles-a-montreal\\\/#primaryimage\",\"url\":\"https:\\\/\\\/versastyledesign.ca\\\/wp-content\\\/uploads\\\/2023\\\/10\\\/Conception-de-chambres-de-filles-partagees-a-Montreal-2.jpg\",\"contentUrl\":\"https:\\\/\\\/versastyledesign.ca\\\/wp-content\\\/uploads\\\/2023\\\/10\\\/Conception-de-chambres-de-filles-partagees-a-Montreal-2.jpg\",\"width\":1250,\"height\":846,\"caption\":\"Conception-de-chambres-de-filles-partagees-a-Montreal\"},{\"@type\":\"BreadcrumbList\",\"@id\":\"https:\\\/\\\/versastyledesign.ca\\\/fr\\\/portfolio-de-design\\\/design-de-chambre-partagee-pour-filles-a-montreal\\\/#breadcrumb\",\"itemListElement\":[{\"@type\":\"ListItem\",\"position\":1,\"name\":\"Accueil\",\"item\":\"http:\\\/\\\/new.versastyledesign.ca\\\/fr\\\/\"},{\"@type\":\"ListItem\",\"position\":2,\"name\":\"Portfolio de Design\",\"item\":\"http:\\\/\\\/new.versastyledesign.ca\\\/fr\\\/design-portfolio\\\/\"},{\"@type\":\"ListItem\",\"position\":3,\"name\":\"Design de chambre partag\u00e9e pour filles \u00e0 Montr\u00e9al\"}]},{\"@type\":\"WebSite\",\"@id\":\"http:\\\/\\\/new.versastyledesign.ca\\\/fr\\\/#website\",\"url\":\"http:\\\/\\\/new.versastyledesign.ca\\\/fr\\\/\",\"name\":\"Versa Style Design\",\"description\":\"Design d&#039;int\u00e9rieur et r\u00e9novations \u00e0 Montr\u00e9al\",\"publisher\":{\"@id\":\"http:\\\/\\\/new.versastyledesign.ca\\\/fr\\\/#organization\"},\"potentialAction\":[{\"@type\":\"SearchAction\",\"target\":{\"@type\":\"EntryPoint\",\"urlTemplate\":\"http:\\\/\\\/new.versastyledesign.ca\\\/fr\\\/?s={search_term_string}\"},\"query-input\":{\"@type\":\"PropertyValueSpecification\",\"valueRequired\":true,\"valueName\":\"search_term_string\"}}],\"inLanguage\":\"fr-CA\"},{\"@type\":\"Organization\",\"@id\":\"http:\\\/\\\/new.versastyledesign.ca\\\/fr\\\/#organization\",\"name\":\"Versa Style Design\",\"url\":\"http:\\\/\\\/new.versastyledesign.ca\\\/fr\\\/\",\"logo\":{\"@type\":\"ImageObject\",\"inLanguage\":\"fr-CA\",\"@id\":\"http:\\\/\\\/new.versastyledesign.ca\\\/fr\\\/#\\\/schema\\\/logo\\\/image\\\/\",\"url\":\"https:\\\/\\\/versastyledesign.ca\\\/wp-content\\\/uploads\\\/2019\\\/11\\\/Versa-Style-Design-logo.jpg\",\"contentUrl\":\"https:\\\/\\\/versastyledesign.ca\\\/wp-content\\\/uploads\\\/2019\\\/11\\\/Versa-Style-Design-logo.jpg\",\"width\":2099,\"height\":670,\"caption\":\"Versa Style Design\"},\"image\":{\"@id\":\"http:\\\/\\\/new.versastyledesign.ca\\\/fr\\\/#\\\/schema\\\/logo\\\/image\\\/\"},\"sameAs\":[\"https:\\\/\\\/www.facebook.com\\\/Versastyledesign?ref=hl\",\"https:\\\/\\\/x.com\\\/luciepitt\",\"https:\\\/\\\/www.instagram.com\\\/versastyledesign\\\/\",\"https:\\\/\\\/www.linkedin.com\\\/in\\\/lucie-pitt-54b0ba85\",\"https:\\\/\\\/www.pinterest.com\\\/versastyledesign\\\/\"]}]}<\/script>\n<!-- \/ Yoast SEO plugin. -->","yoast_head_json":{"title":"Design de chambre partag\u00e9e pour filles \u00e0 Montr\u00e9al - Versa Style Design","description":"Avec un troisi\u00e8me enfant en route, nos clients ont am\u00e9nag\u00e9 une chambre diff\u00e9rente pour leur fille et leur nouveau b\u00e9b\u00e9.","robots":{"index":"index","follow":"follow","max-snippet":"max-snippet:-1","max-image-preview":"max-image-preview:large","max-video-preview":"max-video-preview:-1"},"canonical":"https:\/\/versastyledesign.ca\/fr\/portfolio-de-design\/design-de-chambre-partagee-pour-filles-a-montreal\/","og_locale":"fr_CA","og_type":"article","og_title":"Design de chambre partag\u00e9e pour filles \u00e0 Montr\u00e9al - Versa Style Design","og_description":"Avec un troisi\u00e8me enfant en route, nos clients ont am\u00e9nag\u00e9 une chambre diff\u00e9rente pour leur fille et leur nouveau b\u00e9b\u00e9.","og_url":"https:\/\/versastyledesign.ca\/fr\/portfolio-de-design\/design-de-chambre-partagee-pour-filles-a-montreal\/","og_site_name":"Versa Style Design","article_publisher":"https:\/\/www.facebook.com\/Versastyledesign?ref=hl","article_modified_time":"2023-10-08T00:10:53+00:00","og_image":[{"width":1250,"height":846,"url":"https:\/\/new.versastyledesign.ca\/wp-content\/uploads\/2023\/10\/Conception-de-chambres-de-filles-partagees-a-Montreal-2.jpg","type":"image\/jpeg"}],"twitter_misc":{"Estimation du temps de lecture":"2 minutes"},"schema":{"@context":"https:\/\/schema.org","@graph":[{"@type":"WebPage","@id":"https:\/\/versastyledesign.ca\/fr\/portfolio-de-design\/design-de-chambre-partagee-pour-filles-a-montreal\/","url":"https:\/\/versastyledesign.ca\/fr\/portfolio-de-design\/design-de-chambre-partagee-pour-filles-a-montreal\/","name":"Design de chambre partag\u00e9e pour filles \u00e0 Montr\u00e9al - Versa Style Design","isPartOf":{"@id":"http:\/\/new.versastyledesign.ca\/fr\/#website"},"primaryImageOfPage":{"@id":"https:\/\/versastyledesign.ca\/fr\/portfolio-de-design\/design-de-chambre-partagee-pour-filles-a-montreal\/#primaryimage"},"image":{"@id":"https:\/\/versastyledesign.ca\/fr\/portfolio-de-design\/design-de-chambre-partagee-pour-filles-a-montreal\/#primaryimage"},"thumbnailUrl":"https:\/\/versastyledesign.ca\/wp-content\/uploads\/2023\/10\/Conception-de-chambres-de-filles-partagees-a-Montreal-2.jpg","datePublished":"2023-10-05T23:26:31+00:00","dateModified":"2023-10-08T00:10:53+00:00","description":"Avec un troisi\u00e8me enfant en route, nos clients ont am\u00e9nag\u00e9 une chambre diff\u00e9rente pour leur fille et leur nouveau b\u00e9b\u00e9.","breadcrumb":{"@id":"https:\/\/versastyledesign.ca\/fr\/portfolio-de-design\/design-de-chambre-partagee-pour-filles-a-montreal\/#breadcrumb"},"inLanguage":"fr-CA","potentialAction":[{"@type":"ReadAction","target":["https:\/\/versastyledesign.ca\/fr\/portfolio-de-design\/design-de-chambre-partagee-pour-filles-a-montreal\/"]}]},{"@type":"ImageObject","inLanguage":"fr-CA","@id":"https:\/\/versastyledesign.ca\/fr\/portfolio-de-design\/design-de-chambre-partagee-pour-filles-a-montreal\/#primaryimage","url":"https:\/\/versastyledesign.ca\/wp-content\/uploads\/2023\/10\/Conception-de-chambres-de-filles-partagees-a-Montreal-2.jpg","contentUrl":"https:\/\/versastyledesign.ca\/wp-content\/uploads\/2023\/10\/Conception-de-chambres-de-filles-partagees-a-Montreal-2.jpg","width":1250,"height":846,"caption":"Conception-de-chambres-de-filles-partagees-a-Montreal"},{"@type":"BreadcrumbList","@id":"https:\/\/versastyledesign.ca\/fr\/portfolio-de-design\/design-de-chambre-partagee-pour-filles-a-montreal\/#breadcrumb","itemListElement":[{"@type":"ListItem","position":1,"name":"Accueil","item":"http:\/\/new.versastyledesign.ca\/fr\/"},{"@type":"ListItem","position":2,"name":"Portfolio de Design","item":"http:\/\/new.versastyledesign.ca\/fr\/design-portfolio\/"},{"@type":"ListItem","position":3,"name":"Design de chambre partag\u00e9e pour filles \u00e0 Montr\u00e9al"}]},{"@type":"WebSite","@id":"http:\/\/new.versastyledesign.ca\/fr\/#website","url":"http:\/\/new.versastyledesign.ca\/fr\/","name":"Versa Style Design","description":"Design d&#039;int\u00e9rieur et r\u00e9novations \u00e0 Montr\u00e9al","publisher":{"@id":"http:\/\/new.versastyledesign.ca\/fr\/#organization"},"potentialAction":[{"@type":"SearchAction","target":{"@type":"EntryPoint","urlTemplate":"http:\/\/new.versastyledesign.ca\/fr\/?s={search_term_string}"},"query-input":{"@type":"PropertyValueSpecification","valueRequired":true,"valueName":"search_term_string"}}],"inLanguage":"fr-CA"},{"@type":"Organization","@id":"http:\/\/new.versastyledesign.ca\/fr\/#organization","name":"Versa Style Design","url":"http:\/\/new.versastyledesign.ca\/fr\/","logo":{"@type":"ImageObject","inLanguage":"fr-CA","@id":"http:\/\/new.versastyledesign.ca\/fr\/#\/schema\/logo\/image\/","url":"https:\/\/versastyledesign.ca\/wp-content\/uploads\/2019\/11\/Versa-Style-Design-logo.jpg","contentUrl":"https:\/\/versastyledesign.ca\/wp-content\/uploads\/2019\/11\/Versa-Style-Design-logo.jpg","width":2099,"height":670,"caption":"Versa Style Design"},"image":{"@id":"http:\/\/new.versastyledesign.ca\/fr\/#\/schema\/logo\/image\/"},"sameAs":["https:\/\/www.facebook.com\/Versastyledesign?ref=hl","https:\/\/x.com\/luciepitt","https:\/\/www.instagram.com\/versastyledesign\/","https:\/\/www.linkedin.com\/in\/lucie-pitt-54b0ba85","https:\/\/www.pinterest.com\/versastyledesign\/"]}]}},"coauthors":[],"author_meta":{"author_link":"https:\/\/versastyledesign.ca\/fr\/author\/lucie-pitt\/","display_name":"Lucie Pitt"},"relative_dates":{"created":"Posted 3 ann\u00e9es ago","modified":"Updated 3 ann\u00e9es ago"},"absolute_dates":{"created":"Posted on 5 octobre 2023","modified":"Updated on 7 octobre 2023"},"absolute_dates_time":{"created":"Posted on 5 octobre 2023 19 h 26 min","modified":"Updated on 7 octobre 2023 20 h 10 min"},"featured_img_caption":"","featured_img":"https:\/\/versastyledesign.ca\/wp-content\/uploads\/2023\/10\/Conception-de-chambres-de-filles-partagees-a-Montreal-2.jpg","series_order":"","_links":{"self":[{"href":"https:\/\/versastyledesign.ca\/fr\/wp-json\/wp\/v2\/pages\/26695","targetHints":{"allow":["GET"]}}],"collection":[{"href":"https:\/\/versastyledesign.ca\/fr\/wp-json\/wp\/v2\/pages"}],"about":[{"href":"https:\/\/versastyledesign.ca\/fr\/wp-json\/wp\/v2\/types\/page"}],"author":[{"embeddable":true,"href":"https:\/\/versastyledesign.ca\/fr\/wp-json\/wp\/v2\/users\/2"}],"replies":[{"embeddable":true,"href":"https:\/\/versastyledesign.ca\/fr\/wp-json\/wp\/v2\/comments?post=26695"}],"version-history":[{"count":5,"href":"https:\/\/versastyledesign.ca\/fr\/wp-json\/wp\/v2\/pages\/26695\/revisions"}],"predecessor-version":[{"id":26754,"href":"https:\/\/versastyledesign.ca\/fr\/wp-json\/wp\/v2\/pages\/26695\/revisions\/26754"}],"up":[{"embeddable":true,"href":"https:\/\/versastyledesign.ca\/fr\/wp-json\/wp\/v2\/pages\/1840"}],"wp:featuredmedia":[{"embeddable":true,"href":"https:\/\/versastyledesign.ca\/fr\/wp-json\/wp\/v2\/media\/26699"}],"wp:attachment":[{"href":"https:\/\/versastyledesign.ca\/fr\/wp-json\/wp\/v2\/media?parent=26695"}],"curies":[{"name":"wp","href":"https:\/\/api.w.org\/{rel}","templated":true}]}}