{"id":27194,"date":"2023-11-25T15:01:41","date_gmt":"2023-11-25T20:01:41","guid":{"rendered":"https:\/\/versastyledesign.ca\/?page_id=27194"},"modified":"2023-11-28T16:45:49","modified_gmt":"2023-11-28T21:45:49","slug":"portfolio-de-design-de-salon-a-westmount","status":"publish","type":"page","link":"https:\/\/versastyledesign.ca\/fr\/portfolio-de-design\/portfolio-de-design-de-salon-a-westmount\/","title":{"rendered":"Portfolio de design de salon \u00e0 Westmount"},"content":{"rendered":"\n<div class=\"wp-block-columns are-vertically-aligned-center is-layout-flex wp-container-core-columns-is-layout-9d6595d7 wp-block-columns-is-layout-flex\">\n<div class=\"wp-block-column is-vertically-aligned-center is-layout-flow wp-block-column-is-layout-flow\">\n<p><strong>Lieu : <\/strong>Westmount Montr\u00e9al<\/p>\n\n\n\n<p><strong>Service de design <\/strong>: S\u00e9lection des couleurs, \u00e9clairage, am\u00e9nagement, accessoires et finitions, recrutement des corps de m\u00e9tier, gestion de projet<\/p>\n\n\n\n<p><strong>Mat\u00e9riaux utilis\u00e9s <\/strong>: peinture Sherwin Williams, plancher en ch\u00eane teint\u00e9 fonc\u00e9, tapis en laine, \u0153uvres d&rsquo;art originales, coffres et tables folkloriques antiques, table en bois de noyer, fauteuils en cuir blanc, sectionnel en tissu blanc.<\/p>\n<\/div>\n\n\n\n<div class=\"wp-block-column is-vertically-aligned-center is-layout-flow wp-block-column-is-layout-flow\">\n<figure class=\"wp-block-image size-large\"><img loading=\"lazy\" decoding=\"async\" width=\"1024\" height=\"773\" src=\"https:\/\/versastyledesign.ca\/wp-content\/uploads\/2023\/11\/Portfolio-de-design-de-salon-de-Westmount-4-1024x773.jpg\" alt=\"Portfolio de design de salon \u00e0 Westmount\" class=\"wp-image-27195\" srcset=\"https:\/\/versastyledesign.ca\/wp-content\/uploads\/2023\/11\/Portfolio-de-design-de-salon-de-Westmount-4-1024x773.jpg 1024w, https:\/\/versastyledesign.ca\/wp-content\/uploads\/2023\/11\/Portfolio-de-design-de-salon-de-Westmount-4-300x226.jpg 300w, https:\/\/versastyledesign.ca\/wp-content\/uploads\/2023\/11\/Portfolio-de-design-de-salon-de-Westmount-4-768x579.jpg 768w, https:\/\/versastyledesign.ca\/wp-content\/uploads\/2023\/11\/Portfolio-de-design-de-salon-de-Westmount-4.jpg 1250w\" sizes=\"auto, (max-width: 1024px) 100vw, 1024px\" \/><\/figure>\n<\/div>\n<\/div>\n\n\n\n<p><strong>Notre mandat <\/strong>: Le client souhaitait transformer un salon sombre et maussade gr\u00e2ce \u00e0 un \u00e9clairage ad\u00e9quat, des accessoires color\u00e9s et des \u0153uvres d&rsquo;art. Nous avons recommand\u00e9 une palette spectaculaire de bleu marine pour les murs et un blanc vif et classique pour les pl\u00e2tres, moulures et m\u00e9daillons d&rsquo;origine. Nous avons conseill\u00e9 le client concernant l&rsquo;\u00e9clairage, la disposition, le placement des \u0153uvres d&rsquo;art et les couleurs de peinture.<\/p>\n\n\n\n<div style=\"height:50px\" aria-hidden=\"true\" class=\"wp-block-spacer\"><\/div>\n\n\n\n<h2 class=\"wp-block-heading\">Portfolio de design de salon \u00e0 Westmount <br>par Versa Style Design<\/h2>\n\n\n\n<figure class=\"wp-block-gallery has-nested-images columns-default is-cropped wp-block-gallery-1 is-layout-flex wp-block-gallery-is-layout-flex\">\n<figure class=\"wp-block-image size-large\"><a href=\"https:\/\/versastyledesign.ca\/wp-content\/uploads\/2023\/11\/Portfolio-de-design-de-salon-de-Westmount-4-1-1024x773.jpg\"><img loading=\"lazy\" decoding=\"async\" width=\"1024\" height=\"773\" data-id=\"27201\" src=\"https:\/\/versastyledesign.ca\/wp-content\/uploads\/2023\/11\/Portfolio-de-design-de-salon-de-Westmount-4-1-1024x773.jpg\" alt=\"Portfolio de design de salon \u00e0 Westmount par Versa Style Design\" class=\"wp-image-27201\" srcset=\"https:\/\/versastyledesign.ca\/wp-content\/uploads\/2023\/11\/Portfolio-de-design-de-salon-de-Westmount-4-1-1024x773.jpg 1024w, https:\/\/versastyledesign.ca\/wp-content\/uploads\/2023\/11\/Portfolio-de-design-de-salon-de-Westmount-4-1-300x226.jpg 300w, https:\/\/versastyledesign.ca\/wp-content\/uploads\/2023\/11\/Portfolio-de-design-de-salon-de-Westmount-4-1-768x579.jpg 768w, https:\/\/versastyledesign.ca\/wp-content\/uploads\/2023\/11\/Portfolio-de-design-de-salon-de-Westmount-4-1.jpg 1250w\" sizes=\"auto, (max-width: 1024px) 100vw, 1024px\" \/><\/a><\/figure>\n\n\n\n<figure class=\"wp-block-image size-large\"><a href=\"https:\/\/versastyledesign.ca\/wp-content\/uploads\/2023\/11\/Portfolio-de-design-de-salon-de-Westmount-1-739x1024.jpg\"><img loading=\"lazy\" decoding=\"async\" width=\"739\" height=\"1024\" data-id=\"27203\" src=\"https:\/\/versastyledesign.ca\/wp-content\/uploads\/2023\/11\/Portfolio-de-design-de-salon-de-Westmount-1-739x1024.jpg\" alt=\"Portfolio de design de salon \u00e0 Westmount par Versa Style Design\" class=\"wp-image-27203\" srcset=\"https:\/\/versastyledesign.ca\/wp-content\/uploads\/2023\/11\/Portfolio-de-design-de-salon-de-Westmount-1-739x1024.jpg 739w, https:\/\/versastyledesign.ca\/wp-content\/uploads\/2023\/11\/Portfolio-de-design-de-salon-de-Westmount-1-216x300.jpg 216w, https:\/\/versastyledesign.ca\/wp-content\/uploads\/2023\/11\/Portfolio-de-design-de-salon-de-Westmount-1-768x1064.jpg 768w, https:\/\/versastyledesign.ca\/wp-content\/uploads\/2023\/11\/Portfolio-de-design-de-salon-de-Westmount-1.jpg 902w\" sizes=\"auto, (max-width: 739px) 100vw, 739px\" \/><\/a><\/figure>\n\n\n\n<figure class=\"wp-block-image size-large\"><a href=\"https:\/\/versastyledesign.ca\/wp-content\/uploads\/2023\/11\/Portfolio-de-design-de-salon-de-Westmount-2-782x1024.jpg\"><img loading=\"lazy\" decoding=\"async\" width=\"782\" height=\"1024\" data-id=\"27197\" src=\"https:\/\/versastyledesign.ca\/wp-content\/uploads\/2023\/11\/Portfolio-de-design-de-salon-de-Westmount-2-782x1024.jpg\" alt=\"Portfolio de design de salon \u00e0 Westmount par Versa Style Design\" class=\"wp-image-27197\" srcset=\"https:\/\/versastyledesign.ca\/wp-content\/uploads\/2023\/11\/Portfolio-de-design-de-salon-de-Westmount-2-782x1024.jpg 782w, https:\/\/versastyledesign.ca\/wp-content\/uploads\/2023\/11\/Portfolio-de-design-de-salon-de-Westmount-2-229x300.jpg 229w, https:\/\/versastyledesign.ca\/wp-content\/uploads\/2023\/11\/Portfolio-de-design-de-salon-de-Westmount-2-768x1005.jpg 768w, https:\/\/versastyledesign.ca\/wp-content\/uploads\/2023\/11\/Portfolio-de-design-de-salon-de-Westmount-2.jpg 955w\" sizes=\"auto, (max-width: 782px) 100vw, 782px\" \/><\/a><\/figure>\n\n\n\n<figure class=\"wp-block-image size-large\"><a href=\"https:\/\/versastyledesign.ca\/wp-content\/uploads\/2023\/11\/Portfolio-de-design-de-salon-de-Westmount-5-768x1024.jpg\"><img loading=\"lazy\" decoding=\"async\" width=\"768\" height=\"1024\" data-id=\"27205\" src=\"https:\/\/versastyledesign.ca\/wp-content\/uploads\/2023\/11\/Portfolio-de-design-de-salon-de-Westmount-5-768x1024.jpg\" alt=\"Portfolio de design de salon \u00e0 Westmount par Versa Style Design\" class=\"wp-image-27205\" srcset=\"https:\/\/versastyledesign.ca\/wp-content\/uploads\/2023\/11\/Portfolio-de-design-de-salon-de-Westmount-5-768x1023.jpg 768w, https:\/\/versastyledesign.ca\/wp-content\/uploads\/2023\/11\/Portfolio-de-design-de-salon-de-Westmount-5-225x300.jpg 225w, https:\/\/versastyledesign.ca\/wp-content\/uploads\/2023\/11\/Portfolio-de-design-de-salon-de-Westmount-5.jpg 938w\" sizes=\"auto, (max-width: 768px) 100vw, 768px\" \/><\/a><\/figure>\n\n\n\n<figure class=\"wp-block-image size-large\"><a href=\"https:\/\/versastyledesign.ca\/wp-content\/uploads\/2023\/11\/Portfolio-de-design-de-salon-de-Westmount-3-756x1024.jpg\"><img loading=\"lazy\" decoding=\"async\" width=\"756\" height=\"1024\" data-id=\"27199\" src=\"https:\/\/versastyledesign.ca\/wp-content\/uploads\/2023\/11\/Portfolio-de-design-de-salon-de-Westmount-3-756x1024.jpg\" alt=\"Portfolio de design de salon \u00e0 Westmount par Versa Style Design\" class=\"wp-image-27199\" srcset=\"https:\/\/versastyledesign.ca\/wp-content\/uploads\/2023\/11\/Portfolio-de-design-de-salon-de-Westmount-3-756x1024.jpg 756w, https:\/\/versastyledesign.ca\/wp-content\/uploads\/2023\/11\/Portfolio-de-design-de-salon-de-Westmount-3-222x300.jpg 222w, https:\/\/versastyledesign.ca\/wp-content\/uploads\/2023\/11\/Portfolio-de-design-de-salon-de-Westmount-3-768x1040.jpg 768w, https:\/\/versastyledesign.ca\/wp-content\/uploads\/2023\/11\/Portfolio-de-design-de-salon-de-Westmount-3.jpg 923w\" sizes=\"auto, (max-width: 756px) 100vw, 756px\" \/><\/a><\/figure>\n<\/figure>\n\n\n\n<div style=\"height:100px\" aria-hidden=\"true\" class=\"wp-block-spacer\"><\/div>\n\n\n\n<div class=\"wp-block-columns is-layout-flex wp-container-core-columns-is-layout-9d6595d7 wp-block-columns-is-layout-flex\">\n<div class=\"wp-block-column is-layout-flow wp-block-column-is-layout-flow\"><div class=\"wp-block-image\">\n<figure class=\"aligncenter size-large\"><img loading=\"lazy\" decoding=\"async\" width=\"850\" height=\"599\" src=\"https:\/\/versastyledesign.ca\/wp-content\/uploads\/2019\/11\/Design-de-salons-et-salles-a-manger-a-montreal-04.jpg\" alt=\"Design de salons et de salles \u00e0 manger \u00e0 Montr\u00e9al\" class=\"wp-image-13778\" srcset=\"https:\/\/versastyledesign.ca\/wp-content\/uploads\/2019\/11\/Design-de-salons-et-salles-a-manger-a-montreal-04.jpg 850w, https:\/\/versastyledesign.ca\/wp-content\/uploads\/2019\/11\/Design-de-salons-et-salles-a-manger-a-montreal-04-300x211.jpg 300w, https:\/\/versastyledesign.ca\/wp-content\/uploads\/2019\/11\/Design-de-salons-et-salles-a-manger-a-montreal-04-768x541.jpg 768w\" sizes=\"auto, (max-width: 850px) 100vw, 850px\" \/><\/figure>\n<\/div><\/div>\n\n\n\n<div class=\"wp-block-column is-layout-flow wp-block-column-is-layout-flow\">\n<h2 class=\"wp-block-heading has-text-align-center\">Design de salons et de salles \u00e0 manger \u00e0 Montr\u00e9al<\/h2>\n\n\n\n<p class=\"has-text-align-center\">Pour en savoir plus sur nos services de design de salon et de salle \u00e0 manger dans la grande r\u00e9gion de Montr\u00e9al. <\/p>\n\n\n\n<div class=\"wp-block-button button-custom aligncenter\"><a class=\"wp-block-button__link has-background wp-element-button\" href=\"\/?page_id=11782\" style=\"background-color:#d53652\">Salons et salles \u00e0 manger<\/a><\/div>\n<\/div>\n<\/div>\n\n\n\n<div style=\"height:50px\" aria-hidden=\"true\" class=\"wp-block-spacer\"><\/div>\n\n\n\n<h2 class=\"wp-block-heading\"><strong>\u00cates-vous situ\u00e9 dans la grande r\u00e9gion de Montr\u00e9al?<\/strong><\/h2>\n\n\n\n<p class=\"has-text-align-center\"><strong>Donnez vie \u00e0 votre projet de design avec Lucie.<\/strong><\/p>\n\n\n\n<div class=\"wp-block-buttons is-content-justification-center is-layout-flex wp-container-core-buttons-is-layout-16018d1d wp-block-buttons-is-layout-flex\">\n<div class=\"wp-block-button button-inverse\"><a class=\"wp-block-button__link has-text-color has-background has-link-color wp-element-button\" href=\"\/fr\/forfait-de-design-interieur\/versa-style-design-premiere-consultation\/\" style=\"color:#d53652;background-color:#f3f3f3\">Premi\u00e8re consultation<\/a><\/div>\n<\/div>\n\n\n\n<div style=\"height:25px\" aria-hidden=\"true\" class=\"wp-block-spacer\"><\/div>\n<p><a href=\"\/\/www.pinterest.com\/pin\/create\/button\/\" data-pin-do=\"buttonBookmark\" data-pin-color=\"red\" data-pin-height=\"128\"><img decoding=\"async\" src=\"\/\/assets.pinterest.com\/images\/pidgets\/pinit_fg_en_rect_red_28.png\" \/><\/a><\/p>","protected":false},"excerpt":{"rendered":"<p>Lieu : Westmount Montr\u00e9al Service de design : S\u00e9lection des couleurs, \u00e9clairage, am\u00e9nagement, accessoires et finitions, recrutement des corps de m\u00e9tier, gestion de projet Mat\u00e9riaux utilis\u00e9s : peinture Sherwin Williams, plancher en ch\u00eane teint\u00e9 fonc\u00e9, tapis en laine, \u0153uvres d&rsquo;art originales, coffres et tables folkloriques antiques, table en bois de noyer, fauteuils en cuir blanc, [&hellip;]<\/p>\n","protected":false},"author":2,"featured_media":27195,"parent":1840,"menu_order":0,"comment_status":"closed","ping_status":"closed","template":"","meta":{"advgb_blocks_editor_width":"","advgb_blocks_columns_visual_guide":"","_genesis_hide_title":false,"_genesis_hide_breadcrumbs":false,"_genesis_hide_singular_image":false,"_genesis_hide_footer_widgets":false,"_genesis_custom_body_class":"","_genesis_custom_post_class":"","_genesis_layout":"","footnotes":""},"class_list":{"0":"post-27194","1":"page","2":"type-page","3":"status-publish","4":"has-post-thumbnail","6":"entry"},"yoast_head":"<!-- This site is optimized with the Yoast SEO plugin v27.3 - https:\/\/yoast.com\/product\/yoast-seo-wordpress\/ -->\n<title>Portfolio de design de salon \u00e0 Westmount - Versa Style Design<\/title>\n<meta name=\"description\" content=\"Le client souhaitait transformer un salon sombre et maussade gr\u00e2ce \u00e0 un \u00e9clairage ad\u00e9quat, des accessoires color\u00e9s et des \u0153uvres d&#039;art.\" \/>\n<meta name=\"robots\" content=\"index, follow, max-snippet:-1, max-image-preview:large, max-video-preview:-1\" \/>\n<link rel=\"canonical\" href=\"https:\/\/versastyledesign.ca\/fr\/portfolio-de-design\/portfolio-de-design-de-salon-a-westmount\/\" \/>\n<meta property=\"og:locale\" content=\"fr_CA\" \/>\n<meta property=\"og:type\" content=\"article\" \/>\n<meta property=\"og:title\" content=\"Portfolio de design de salon \u00e0 Westmount - Versa Style Design\" \/>\n<meta property=\"og:description\" content=\"Le client souhaitait transformer un salon sombre et maussade gr\u00e2ce \u00e0 un \u00e9clairage ad\u00e9quat, des accessoires color\u00e9s et des \u0153uvres d&#039;art.\" \/>\n<meta property=\"og:url\" content=\"https:\/\/versastyledesign.ca\/fr\/portfolio-de-design\/portfolio-de-design-de-salon-a-westmount\/\" \/>\n<meta property=\"og:site_name\" content=\"Versa Style Design\" \/>\n<meta property=\"article:publisher\" content=\"https:\/\/www.facebook.com\/Versastyledesign?ref=hl\" \/>\n<meta property=\"article:modified_time\" content=\"2023-11-28T21:45:49+00:00\" \/>\n<meta property=\"og:image\" content=\"https:\/\/new.versastyledesign.ca\/wp-content\/uploads\/2023\/11\/Portfolio-de-design-de-salon-de-Westmount-4.jpg\" \/>\n\t<meta property=\"og:image:width\" content=\"1250\" \/>\n\t<meta property=\"og:image:height\" content=\"943\" \/>\n\t<meta property=\"og:image:type\" content=\"image\/jpeg\" \/>\n<meta name=\"twitter:label1\" content=\"Estimation du temps de lecture\" \/>\n\t<meta name=\"twitter:data1\" content=\"2 minutes\" \/>\n<script type=\"application\/ld+json\" class=\"yoast-schema-graph\">{\"@context\":\"https:\\\/\\\/schema.org\",\"@graph\":[{\"@type\":\"WebPage\",\"@id\":\"https:\\\/\\\/versastyledesign.ca\\\/fr\\\/portfolio-de-design\\\/portfolio-de-design-de-salon-a-westmount\\\/\",\"url\":\"https:\\\/\\\/versastyledesign.ca\\\/fr\\\/portfolio-de-design\\\/portfolio-de-design-de-salon-a-westmount\\\/\",\"name\":\"Portfolio de design de salon \u00e0 Westmount - Versa Style Design\",\"isPartOf\":{\"@id\":\"http:\\\/\\\/new.versastyledesign.ca\\\/fr\\\/#website\"},\"primaryImageOfPage\":{\"@id\":\"https:\\\/\\\/versastyledesign.ca\\\/fr\\\/portfolio-de-design\\\/portfolio-de-design-de-salon-a-westmount\\\/#primaryimage\"},\"image\":{\"@id\":\"https:\\\/\\\/versastyledesign.ca\\\/fr\\\/portfolio-de-design\\\/portfolio-de-design-de-salon-a-westmount\\\/#primaryimage\"},\"thumbnailUrl\":\"https:\\\/\\\/versastyledesign.ca\\\/wp-content\\\/uploads\\\/2023\\\/11\\\/Portfolio-de-design-de-salon-de-Westmount-4.jpg\",\"datePublished\":\"2023-11-25T20:01:41+00:00\",\"dateModified\":\"2023-11-28T21:45:49+00:00\",\"description\":\"Le client souhaitait transformer un salon sombre et maussade gr\u00e2ce \u00e0 un \u00e9clairage ad\u00e9quat, des accessoires color\u00e9s et des \u0153uvres d'art.\",\"breadcrumb\":{\"@id\":\"https:\\\/\\\/versastyledesign.ca\\\/fr\\\/portfolio-de-design\\\/portfolio-de-design-de-salon-a-westmount\\\/#breadcrumb\"},\"inLanguage\":\"fr-CA\",\"potentialAction\":[{\"@type\":\"ReadAction\",\"target\":[\"https:\\\/\\\/versastyledesign.ca\\\/fr\\\/portfolio-de-design\\\/portfolio-de-design-de-salon-a-westmount\\\/\"]}]},{\"@type\":\"ImageObject\",\"inLanguage\":\"fr-CA\",\"@id\":\"https:\\\/\\\/versastyledesign.ca\\\/fr\\\/portfolio-de-design\\\/portfolio-de-design-de-salon-a-westmount\\\/#primaryimage\",\"url\":\"https:\\\/\\\/versastyledesign.ca\\\/wp-content\\\/uploads\\\/2023\\\/11\\\/Portfolio-de-design-de-salon-de-Westmount-4.jpg\",\"contentUrl\":\"https:\\\/\\\/versastyledesign.ca\\\/wp-content\\\/uploads\\\/2023\\\/11\\\/Portfolio-de-design-de-salon-de-Westmount-4.jpg\",\"width\":1250,\"height\":943,\"caption\":\"Portfolio-de-design-de-salon-de-Westmount\"},{\"@type\":\"BreadcrumbList\",\"@id\":\"https:\\\/\\\/versastyledesign.ca\\\/fr\\\/portfolio-de-design\\\/portfolio-de-design-de-salon-a-westmount\\\/#breadcrumb\",\"itemListElement\":[{\"@type\":\"ListItem\",\"position\":1,\"name\":\"Accueil\",\"item\":\"http:\\\/\\\/new.versastyledesign.ca\\\/fr\\\/\"},{\"@type\":\"ListItem\",\"position\":2,\"name\":\"Portfolio de Design\",\"item\":\"http:\\\/\\\/new.versastyledesign.ca\\\/fr\\\/design-portfolio\\\/\"},{\"@type\":\"ListItem\",\"position\":3,\"name\":\"Portfolio de design de salon \u00e0 Westmount\"}]},{\"@type\":\"WebSite\",\"@id\":\"http:\\\/\\\/new.versastyledesign.ca\\\/fr\\\/#website\",\"url\":\"http:\\\/\\\/new.versastyledesign.ca\\\/fr\\\/\",\"name\":\"Versa Style Design\",\"description\":\"Design d&#039;int\u00e9rieur et r\u00e9novations \u00e0 Montr\u00e9al\",\"publisher\":{\"@id\":\"http:\\\/\\\/new.versastyledesign.ca\\\/fr\\\/#organization\"},\"potentialAction\":[{\"@type\":\"SearchAction\",\"target\":{\"@type\":\"EntryPoint\",\"urlTemplate\":\"http:\\\/\\\/new.versastyledesign.ca\\\/fr\\\/?s={search_term_string}\"},\"query-input\":{\"@type\":\"PropertyValueSpecification\",\"valueRequired\":true,\"valueName\":\"search_term_string\"}}],\"inLanguage\":\"fr-CA\"},{\"@type\":\"Organization\",\"@id\":\"http:\\\/\\\/new.versastyledesign.ca\\\/fr\\\/#organization\",\"name\":\"Versa Style Design\",\"url\":\"http:\\\/\\\/new.versastyledesign.ca\\\/fr\\\/\",\"logo\":{\"@type\":\"ImageObject\",\"inLanguage\":\"fr-CA\",\"@id\":\"http:\\\/\\\/new.versastyledesign.ca\\\/fr\\\/#\\\/schema\\\/logo\\\/image\\\/\",\"url\":\"https:\\\/\\\/versastyledesign.ca\\\/wp-content\\\/uploads\\\/2019\\\/11\\\/Versa-Style-Design-logo.jpg\",\"contentUrl\":\"https:\\\/\\\/versastyledesign.ca\\\/wp-content\\\/uploads\\\/2019\\\/11\\\/Versa-Style-Design-logo.jpg\",\"width\":2099,\"height\":670,\"caption\":\"Versa Style Design\"},\"image\":{\"@id\":\"http:\\\/\\\/new.versastyledesign.ca\\\/fr\\\/#\\\/schema\\\/logo\\\/image\\\/\"},\"sameAs\":[\"https:\\\/\\\/www.facebook.com\\\/Versastyledesign?ref=hl\",\"https:\\\/\\\/x.com\\\/luciepitt\",\"https:\\\/\\\/www.instagram.com\\\/versastyledesign\\\/\",\"https:\\\/\\\/www.linkedin.com\\\/in\\\/lucie-pitt-54b0ba85\",\"https:\\\/\\\/www.pinterest.com\\\/versastyledesign\\\/\"]}]}<\/script>\n<!-- \/ Yoast SEO plugin. -->","yoast_head_json":{"title":"Portfolio de design de salon \u00e0 Westmount - Versa Style Design","description":"Le client souhaitait transformer un salon sombre et maussade gr\u00e2ce \u00e0 un \u00e9clairage ad\u00e9quat, des accessoires color\u00e9s et des \u0153uvres d'art.","robots":{"index":"index","follow":"follow","max-snippet":"max-snippet:-1","max-image-preview":"max-image-preview:large","max-video-preview":"max-video-preview:-1"},"canonical":"https:\/\/versastyledesign.ca\/fr\/portfolio-de-design\/portfolio-de-design-de-salon-a-westmount\/","og_locale":"fr_CA","og_type":"article","og_title":"Portfolio de design de salon \u00e0 Westmount - Versa Style Design","og_description":"Le client souhaitait transformer un salon sombre et maussade gr\u00e2ce \u00e0 un \u00e9clairage ad\u00e9quat, des accessoires color\u00e9s et des \u0153uvres d'art.","og_url":"https:\/\/versastyledesign.ca\/fr\/portfolio-de-design\/portfolio-de-design-de-salon-a-westmount\/","og_site_name":"Versa Style Design","article_publisher":"https:\/\/www.facebook.com\/Versastyledesign?ref=hl","article_modified_time":"2023-11-28T21:45:49+00:00","og_image":[{"width":1250,"height":943,"url":"https:\/\/new.versastyledesign.ca\/wp-content\/uploads\/2023\/11\/Portfolio-de-design-de-salon-de-Westmount-4.jpg","type":"image\/jpeg"}],"twitter_misc":{"Estimation du temps de lecture":"2 minutes"},"schema":{"@context":"https:\/\/schema.org","@graph":[{"@type":"WebPage","@id":"https:\/\/versastyledesign.ca\/fr\/portfolio-de-design\/portfolio-de-design-de-salon-a-westmount\/","url":"https:\/\/versastyledesign.ca\/fr\/portfolio-de-design\/portfolio-de-design-de-salon-a-westmount\/","name":"Portfolio de design de salon \u00e0 Westmount - Versa Style Design","isPartOf":{"@id":"http:\/\/new.versastyledesign.ca\/fr\/#website"},"primaryImageOfPage":{"@id":"https:\/\/versastyledesign.ca\/fr\/portfolio-de-design\/portfolio-de-design-de-salon-a-westmount\/#primaryimage"},"image":{"@id":"https:\/\/versastyledesign.ca\/fr\/portfolio-de-design\/portfolio-de-design-de-salon-a-westmount\/#primaryimage"},"thumbnailUrl":"https:\/\/versastyledesign.ca\/wp-content\/uploads\/2023\/11\/Portfolio-de-design-de-salon-de-Westmount-4.jpg","datePublished":"2023-11-25T20:01:41+00:00","dateModified":"2023-11-28T21:45:49+00:00","description":"Le client souhaitait transformer un salon sombre et maussade gr\u00e2ce \u00e0 un \u00e9clairage ad\u00e9quat, des accessoires color\u00e9s et des \u0153uvres d'art.","breadcrumb":{"@id":"https:\/\/versastyledesign.ca\/fr\/portfolio-de-design\/portfolio-de-design-de-salon-a-westmount\/#breadcrumb"},"inLanguage":"fr-CA","potentialAction":[{"@type":"ReadAction","target":["https:\/\/versastyledesign.ca\/fr\/portfolio-de-design\/portfolio-de-design-de-salon-a-westmount\/"]}]},{"@type":"ImageObject","inLanguage":"fr-CA","@id":"https:\/\/versastyledesign.ca\/fr\/portfolio-de-design\/portfolio-de-design-de-salon-a-westmount\/#primaryimage","url":"https:\/\/versastyledesign.ca\/wp-content\/uploads\/2023\/11\/Portfolio-de-design-de-salon-de-Westmount-4.jpg","contentUrl":"https:\/\/versastyledesign.ca\/wp-content\/uploads\/2023\/11\/Portfolio-de-design-de-salon-de-Westmount-4.jpg","width":1250,"height":943,"caption":"Portfolio-de-design-de-salon-de-Westmount"},{"@type":"BreadcrumbList","@id":"https:\/\/versastyledesign.ca\/fr\/portfolio-de-design\/portfolio-de-design-de-salon-a-westmount\/#breadcrumb","itemListElement":[{"@type":"ListItem","position":1,"name":"Accueil","item":"http:\/\/new.versastyledesign.ca\/fr\/"},{"@type":"ListItem","position":2,"name":"Portfolio de Design","item":"http:\/\/new.versastyledesign.ca\/fr\/design-portfolio\/"},{"@type":"ListItem","position":3,"name":"Portfolio de design de salon \u00e0 Westmount"}]},{"@type":"WebSite","@id":"http:\/\/new.versastyledesign.ca\/fr\/#website","url":"http:\/\/new.versastyledesign.ca\/fr\/","name":"Versa Style Design","description":"Design d&#039;int\u00e9rieur et r\u00e9novations \u00e0 Montr\u00e9al","publisher":{"@id":"http:\/\/new.versastyledesign.ca\/fr\/#organization"},"potentialAction":[{"@type":"SearchAction","target":{"@type":"EntryPoint","urlTemplate":"http:\/\/new.versastyledesign.ca\/fr\/?s={search_term_string}"},"query-input":{"@type":"PropertyValueSpecification","valueRequired":true,"valueName":"search_term_string"}}],"inLanguage":"fr-CA"},{"@type":"Organization","@id":"http:\/\/new.versastyledesign.ca\/fr\/#organization","name":"Versa Style Design","url":"http:\/\/new.versastyledesign.ca\/fr\/","logo":{"@type":"ImageObject","inLanguage":"fr-CA","@id":"http:\/\/new.versastyledesign.ca\/fr\/#\/schema\/logo\/image\/","url":"https:\/\/versastyledesign.ca\/wp-content\/uploads\/2019\/11\/Versa-Style-Design-logo.jpg","contentUrl":"https:\/\/versastyledesign.ca\/wp-content\/uploads\/2019\/11\/Versa-Style-Design-logo.jpg","width":2099,"height":670,"caption":"Versa Style Design"},"image":{"@id":"http:\/\/new.versastyledesign.ca\/fr\/#\/schema\/logo\/image\/"},"sameAs":["https:\/\/www.facebook.com\/Versastyledesign?ref=hl","https:\/\/x.com\/luciepitt","https:\/\/www.instagram.com\/versastyledesign\/","https:\/\/www.linkedin.com\/in\/lucie-pitt-54b0ba85","https:\/\/www.pinterest.com\/versastyledesign\/"]}]}},"coauthors":[],"author_meta":{"author_link":"https:\/\/versastyledesign.ca\/fr\/author\/lucie-pitt\/","display_name":"Lucie Pitt"},"relative_dates":{"created":"Posted 2 ann\u00e9es ago","modified":"Updated 2 ann\u00e9es ago"},"absolute_dates":{"created":"Posted on 25 novembre 2023","modified":"Updated on 28 novembre 2023"},"absolute_dates_time":{"created":"Posted on 25 novembre 2023 15 h 01 min","modified":"Updated on 28 novembre 2023 16 h 45 min"},"featured_img_caption":"","featured_img":"https:\/\/versastyledesign.ca\/wp-content\/uploads\/2023\/11\/Portfolio-de-design-de-salon-de-Westmount-4.jpg","series_order":"","_links":{"self":[{"href":"https:\/\/versastyledesign.ca\/fr\/wp-json\/wp\/v2\/pages\/27194","targetHints":{"allow":["GET"]}}],"collection":[{"href":"https:\/\/versastyledesign.ca\/fr\/wp-json\/wp\/v2\/pages"}],"about":[{"href":"https:\/\/versastyledesign.ca\/fr\/wp-json\/wp\/v2\/types\/page"}],"author":[{"embeddable":true,"href":"https:\/\/versastyledesign.ca\/fr\/wp-json\/wp\/v2\/users\/2"}],"replies":[{"embeddable":true,"href":"https:\/\/versastyledesign.ca\/fr\/wp-json\/wp\/v2\/comments?post=27194"}],"version-history":[{"count":5,"href":"https:\/\/versastyledesign.ca\/fr\/wp-json\/wp\/v2\/pages\/27194\/revisions"}],"predecessor-version":[{"id":27216,"href":"https:\/\/versastyledesign.ca\/fr\/wp-json\/wp\/v2\/pages\/27194\/revisions\/27216"}],"up":[{"embeddable":true,"href":"https:\/\/versastyledesign.ca\/fr\/wp-json\/wp\/v2\/pages\/1840"}],"wp:featuredmedia":[{"embeddable":true,"href":"https:\/\/versastyledesign.ca\/fr\/wp-json\/wp\/v2\/media\/27195"}],"wp:attachment":[{"href":"https:\/\/versastyledesign.ca\/fr\/wp-json\/wp\/v2\/media?parent=27194"}],"curies":[{"name":"wp","href":"https:\/\/api.w.org\/{rel}","templated":true}]}}