{"id":27224,"date":"2023-12-07T20:01:41","date_gmt":"2023-12-08T01:01:41","guid":{"rendered":"https:\/\/versastyledesign.ca\/?page_id=27224"},"modified":"2023-12-07T20:01:42","modified_gmt":"2023-12-08T01:01:42","slug":"politique-de-confidentialite","status":"publish","type":"page","link":"https:\/\/versastyledesign.ca\/fr\/politique-de-confidentialite\/","title":{"rendered":"Politique de confidentialit\u00e9"},"content":{"rendered":"\n<p><em>Merci d&rsquo;avoir choisi Versa Style Design. Nous nous engageons \u00e0 prot\u00e9ger votre vie priv\u00e9e et \u00e0 assurer la s\u00e9curit\u00e9 de vos informations personnelles. Cette politique de confidentialit\u00e9 d\u00e9crit nos pratiques concernant la collecte, l&rsquo;utilisation et la divulgation de vos informations, ainsi que les droits que vous avez sur vos donn\u00e9es.<\/em><em><\/em><\/p>\n\n\n\n<p><strong>1. Informations que nous collectons<\/strong><\/p>\n\n\n\n<p><em><strong>a. Informations personnelles :<\/strong><\/em><strong><em><\/em><\/strong><\/p>\n\n\n\n<ul class=\"wp-block-list\">\n<li>Nous pouvons collecter des informations personnelles telles que votre nom, adresse e-mail, num\u00e9ro de t\u00e9l\u00e9phone et adresse lorsque vous interagissez avec notre site web ou nos services.<\/li>\n<\/ul>\n\n\n\n<p><em><strong>b. Informations provenant de services automatis\u00e9s :<\/strong><\/em><strong><em><\/em><\/strong><\/p>\n\n\n\n<ul class=\"wp-block-list\">\n<li>Nous pouvons collecter des informations par le biais de services automatis\u00e9s, tels que le suivi de l&rsquo;adresse IP, pour analyser le trafic sur le site web et am\u00e9liorer l&rsquo;exp\u00e9rience utilisateur.<\/li>\n<\/ul>\n\n\n\n<p><em><strong>c. Formulaires du site web :<\/strong><\/em><strong><em><\/em><\/strong><\/p>\n\n\n\n<ul class=\"wp-block-list\">\n<li>Les informations que vous fournissez via les formulaires du site web, y compris, mais sans s&rsquo;y limiter, les formulaires de contact, d&rsquo;abonnement et d&rsquo;inscription, peuvent \u00eatre collect\u00e9es pour am\u00e9liorer nos services.<\/li>\n<\/ul>\n\n\n\n<p><em><strong>d. Cookies et technologies de suivi :<\/strong><\/em><strong><em><\/em><\/strong><\/p>\n\n\n\n<ul class=\"wp-block-list\">\n<li>Nous utilisons des cookies \u00e0 diverses fins, notamment pour am\u00e9liorer votre exp\u00e9rience sur notre site web. En utilisant notre site, vous consentez \u00e0 l&rsquo;utilisation de cookies conform\u00e9ment \u00e0 cette politique.<\/li>\n\n\n\n<li><em><strong>Suivi Google Analytics :<\/strong><\/em> Nous utilisons Google Analytics pour analyser le trafic sur le site web. Google Analytics utilise des cookies pour collecter des donn\u00e9es sur la mani\u00e8re dont les utilisateurs interagissent avec notre site. Pour en savoir plus sur Google Analytics et ses pratiques en mati\u00e8re de confidentialit\u00e9, veuillez consulter la Politique de confidentialit\u00e9 de Google Analytics.<\/li>\n\n\n\n<li><em><strong>Suivi utilisateur CRM :<\/strong><\/em> Des cookies peuvent \u00eatre utilis\u00e9s pour suivre les interactions des utilisateurs au sein de notre syst\u00e8me de gestion de la relation client (CRM) afin d&rsquo;am\u00e9liorer l&rsquo;exp\u00e9rience utilisateur et la prestation de services.<\/li>\n\n\n\n<li><em><strong>Contenu int\u00e9gr\u00e9 provenant d&rsquo;autres sites web<\/strong><\/em><em> <strong>:<\/strong><\/em> Notre site web peut inclure du contenu int\u00e9gr\u00e9 (par exemple, vid\u00e9os, images, articles) provenant d&rsquo;autres sites web. Ce contenu se comporte comme si l&rsquo;utilisateur avait visit\u00e9 l&rsquo;autre site web, et il peut collecter des donn\u00e9es, utiliser des cookies et surveiller votre interaction.<\/li>\n\n\n\n<li><em><strong>Cookie de pr\u00e9f\u00e9rence de langue :<\/strong><\/em><em> Nous<\/em> utilisons un cookie pour m\u00e9moriser vos pr\u00e9f\u00e9rences linguistiques afin d&rsquo;offrir une exp\u00e9rience de navigation personnalis\u00e9e.<\/li>\n\n\n\n<li><em><strong>Pr\u00e9f\u00e9rences de conservation des cookies :<\/strong><\/em> Un cookie est utilis\u00e9 pour conserver vos pr\u00e9f\u00e9rences concernant l&rsquo;utilisation de cookies sur notre site web.<\/li>\n\n\n\n<li><em><strong>Autres cookies fonctionnels :<\/strong><\/em> Nous pouvons utiliser des cookies suppl\u00e9mentaires pour le fonctionnement normal du site web, tels que la gestion de session et l&rsquo;authentification de l&rsquo;utilisateur.<\/li>\n<\/ul>\n\n\n\n<p><strong>2. Utilisation des informations personnelles<\/strong><\/p>\n\n\n\n<p><em><strong>a. Ne jamais partager ni vendre :<\/strong><\/em><strong><em><\/em><\/strong><\/p>\n\n\n\n<ul class=\"wp-block-list\">\n<li>Nous ne partageons ni ne vendons vos informations personnelles \u00e0 des tiers.<\/li>\n<\/ul>\n\n\n\n<p><em><strong>b. Prestataire de s\u00e9curit\u00e9 tiers :<\/strong><\/em><strong><em><\/em><\/strong><\/p>\n\n\n\n<ul class=\"wp-block-list\">\n<li>Nous collaborons avec des fournisseurs de s\u00e9curit\u00e9 tiers pour renforcer la s\u00e9curit\u00e9 de nos syst\u00e8mes. Cependant, aucune information personnellement identifiable n&rsquo;est partag\u00e9e avec ces fournisseurs.<\/li>\n<\/ul>\n\n\n\n<p><strong>3. Mesures de s\u00e9curit\u00e9<\/strong><\/p>\n\n\n\n<ul class=\"wp-block-list\">\n<li>Nous mettons en \u0153uvre les meilleures pratiques en chiffrant les informations re\u00e7ues et envoy\u00e9es via notre site web pour assurer la confidentialit\u00e9 et l&rsquo;int\u00e9grit\u00e9 de vos donn\u00e9es.<\/li>\n<\/ul>\n\n\n\n<p><strong>4. Acc\u00e8s aux informations personnelles<\/strong><\/p>\n\n\n\n<ul class=\"wp-block-list\">\n<li>Seuls les employ\u00e9s de Versa Style Design et l&rsquo;agence de marketing g\u00e9rant ce site web ont acc\u00e8s aux informations personnelles collect\u00e9es.<\/li>\n<\/ul>\n\n\n\n<p><strong>5. Conservation des informations personnelles<\/strong><\/p>\n\n\n\n<ul class=\"wp-block-list\">\n<li>Nous conservons les informations personnelles ind\u00e9finiment ou jusqu&rsquo;\u00e0 ce que l&rsquo;utilisateur demande leur suppression. Vous avez le droit de demander la suppression de vos informations en nous contactant \u00e0 <a href=\"mailto:lucie@versastyledesign.ca\">lucie@versastyledesign.ca<\/a>.<\/li>\n<\/ul>\n\n\n\n<p><strong>6. Droits de l&rsquo;utilisateur<\/strong><\/p>\n\n\n\n<ul class=\"wp-block-list\">\n<li>Vous avez le droit de demander la suppression de vos informations personnelles. Pour exercer ces droits ou pour toute question li\u00e9e \u00e0 la confidentialit\u00e9, veuillez nous contacter \u00e0 <a href=\"mailto:lucie@versastyledesign.ca\">lucie@versastyledesign.ca<\/a>.<\/li>\n<\/ul>\n\n\n\n<p><strong>7. Objectifs marketing<\/strong><\/p>\n\n\n\n<ul class=\"wp-block-list\">\n<li>Nous pouvons utiliser vos informations personnelles \u00e0 des fins marketing, notamment le marketing par e-mail et les publicit\u00e9s cibl\u00e9es. Vous pouvez vous d\u00e9sinscrire des communications marketing \u00e0 tout moment.<\/li>\n<\/ul>\n\n\n\n<p><strong>8. Modifications de la politique de confidentialit\u00e9<\/strong><\/p>\n\n\n\n<ul class=\"wp-block-list\">\n<li>Nous pouvons mettre \u00e0 jour cette politique de confidentialit\u00e9 p\u00e9riodiquement pour refl\u00e9ter les changements dans nos pratiques.<\/li>\n<\/ul>\n\n\n\n<p><em>En utilisant les services et le site web de Versa Style Design, vous acceptez les termes \u00e9nonc\u00e9s dans cette politique de confidentialit\u00e9. Si vous avez des questions ou des pr\u00e9occupations, veuillez nous contacter \u00e0 <\/em><a href=\"mailto:lucie@versastyledesign.ca\"><em>lucie@versastyledesign.ca<\/em><\/a><em>.<\/em><em><\/em><\/p>\n\n\n\n<p><em>Merci de nous confier vos informations.<\/em><em><\/em><\/p>\n\n\n\n<p><strong>Versa Style Design<\/strong><br><a href=\"mailto:lucie@versastyledesign.ca\"><em>lucie@versastyledesign.ca<\/em><\/a><br><em>8570 Boul. <\/em><em>Perras, Suite 7, Montr\u00e9al, Qu\u00e9bec H1E 5C7, Canada<\/em><\/p>\n<p><a href=\"\/\/www.pinterest.com\/pin\/create\/button\/\" data-pin-do=\"buttonBookmark\" data-pin-color=\"red\" data-pin-height=\"128\"><img decoding=\"async\" src=\"\/\/assets.pinterest.com\/images\/pidgets\/pinit_fg_en_rect_red_28.png\" \/><\/a><\/p>","protected":false},"excerpt":{"rendered":"<p>Merci d&rsquo;avoir choisi Versa Style Design. Nous nous engageons \u00e0 prot\u00e9ger votre vie priv\u00e9e et \u00e0 assurer la s\u00e9curit\u00e9 de vos informations personnelles. Cette politique de confidentialit\u00e9 d\u00e9crit nos pratiques concernant la collecte, l&rsquo;utilisation et la divulgation de vos informations, ainsi que les droits que vous avez sur vos donn\u00e9es. 1. Informations que nous collectons [&hellip;]<\/p>\n","protected":false},"author":2,"featured_media":0,"parent":0,"menu_order":0,"comment_status":"closed","ping_status":"closed","template":"","meta":{"advgb_blocks_editor_width":"","advgb_blocks_columns_visual_guide":"","_genesis_hide_title":false,"_genesis_hide_breadcrumbs":false,"_genesis_hide_singular_image":false,"_genesis_hide_footer_widgets":false,"_genesis_custom_body_class":"","_genesis_custom_post_class":"","_genesis_layout":"","footnotes":""},"class_list":{"0":"post-27224","1":"page","2":"type-page","3":"status-publish","5":"entry"},"yoast_head":"<!-- This site is optimized with the Yoast SEO plugin v27.3 - https:\/\/yoast.com\/product\/yoast-seo-wordpress\/ -->\n<title>Politique de confidentialit\u00e9 - Versa Style Design<\/title>\n<meta name=\"description\" content=\"Nous nous engageons \u00e0 prot\u00e9ger votre vie priv\u00e9e et \u00e0 assurer la s\u00e9curit\u00e9 de vos informations personnelles.\" \/>\n<meta name=\"robots\" content=\"index, follow, max-snippet:-1, max-image-preview:large, max-video-preview:-1\" \/>\n<link rel=\"canonical\" href=\"https:\/\/versastyledesign.ca\/fr\/politique-de-confidentialite\/\" \/>\n<meta property=\"og:locale\" content=\"fr_CA\" \/>\n<meta property=\"og:type\" content=\"article\" \/>\n<meta property=\"og:title\" content=\"Politique de confidentialit\u00e9 - Versa Style Design\" \/>\n<meta property=\"og:description\" content=\"Nous nous engageons \u00e0 prot\u00e9ger votre vie priv\u00e9e et \u00e0 assurer la s\u00e9curit\u00e9 de vos informations personnelles.\" \/>\n<meta property=\"og:url\" content=\"https:\/\/versastyledesign.ca\/fr\/politique-de-confidentialite\/\" \/>\n<meta property=\"og:site_name\" content=\"Versa Style Design\" \/>\n<meta property=\"article:publisher\" content=\"https:\/\/www.facebook.com\/Versastyledesign?ref=hl\" \/>\n<meta property=\"article:modified_time\" content=\"2023-12-08T01:01:42+00:00\" \/>\n<meta name=\"twitter:label1\" content=\"Estimation du temps de lecture\" \/>\n\t<meta name=\"twitter:data1\" content=\"4 minutes\" \/>\n<script type=\"application\/ld+json\" class=\"yoast-schema-graph\">{\"@context\":\"https:\\\/\\\/schema.org\",\"@graph\":[{\"@type\":\"WebPage\",\"@id\":\"https:\\\/\\\/versastyledesign.ca\\\/fr\\\/politique-de-confidentialite\\\/\",\"url\":\"https:\\\/\\\/versastyledesign.ca\\\/fr\\\/politique-de-confidentialite\\\/\",\"name\":\"Politique de confidentialit\u00e9 - Versa Style Design\",\"isPartOf\":{\"@id\":\"http:\\\/\\\/new.versastyledesign.ca\\\/fr\\\/#website\"},\"datePublished\":\"2023-12-08T01:01:41+00:00\",\"dateModified\":\"2023-12-08T01:01:42+00:00\",\"description\":\"Nous nous engageons \u00e0 prot\u00e9ger votre vie priv\u00e9e et \u00e0 assurer la s\u00e9curit\u00e9 de vos informations personnelles.\",\"breadcrumb\":{\"@id\":\"https:\\\/\\\/versastyledesign.ca\\\/fr\\\/politique-de-confidentialite\\\/#breadcrumb\"},\"inLanguage\":\"fr-CA\",\"potentialAction\":[{\"@type\":\"ReadAction\",\"target\":[\"https:\\\/\\\/versastyledesign.ca\\\/fr\\\/politique-de-confidentialite\\\/\"]}]},{\"@type\":\"BreadcrumbList\",\"@id\":\"https:\\\/\\\/versastyledesign.ca\\\/fr\\\/politique-de-confidentialite\\\/#breadcrumb\",\"itemListElement\":[{\"@type\":\"ListItem\",\"position\":1,\"name\":\"Accueil\",\"item\":\"http:\\\/\\\/new.versastyledesign.ca\\\/fr\\\/\"},{\"@type\":\"ListItem\",\"position\":2,\"name\":\"Politique de confidentialit\u00e9\"}]},{\"@type\":\"WebSite\",\"@id\":\"http:\\\/\\\/new.versastyledesign.ca\\\/fr\\\/#website\",\"url\":\"http:\\\/\\\/new.versastyledesign.ca\\\/fr\\\/\",\"name\":\"Versa Style Design\",\"description\":\"Design d&#039;int\u00e9rieur et r\u00e9novations \u00e0 Montr\u00e9al\",\"publisher\":{\"@id\":\"http:\\\/\\\/new.versastyledesign.ca\\\/fr\\\/#organization\"},\"potentialAction\":[{\"@type\":\"SearchAction\",\"target\":{\"@type\":\"EntryPoint\",\"urlTemplate\":\"http:\\\/\\\/new.versastyledesign.ca\\\/fr\\\/?s={search_term_string}\"},\"query-input\":{\"@type\":\"PropertyValueSpecification\",\"valueRequired\":true,\"valueName\":\"search_term_string\"}}],\"inLanguage\":\"fr-CA\"},{\"@type\":\"Organization\",\"@id\":\"http:\\\/\\\/new.versastyledesign.ca\\\/fr\\\/#organization\",\"name\":\"Versa Style Design\",\"url\":\"http:\\\/\\\/new.versastyledesign.ca\\\/fr\\\/\",\"logo\":{\"@type\":\"ImageObject\",\"inLanguage\":\"fr-CA\",\"@id\":\"http:\\\/\\\/new.versastyledesign.ca\\\/fr\\\/#\\\/schema\\\/logo\\\/image\\\/\",\"url\":\"https:\\\/\\\/versastyledesign.ca\\\/wp-content\\\/uploads\\\/2019\\\/11\\\/Versa-Style-Design-logo.jpg\",\"contentUrl\":\"https:\\\/\\\/versastyledesign.ca\\\/wp-content\\\/uploads\\\/2019\\\/11\\\/Versa-Style-Design-logo.jpg\",\"width\":2099,\"height\":670,\"caption\":\"Versa Style Design\"},\"image\":{\"@id\":\"http:\\\/\\\/new.versastyledesign.ca\\\/fr\\\/#\\\/schema\\\/logo\\\/image\\\/\"},\"sameAs\":[\"https:\\\/\\\/www.facebook.com\\\/Versastyledesign?ref=hl\",\"https:\\\/\\\/x.com\\\/luciepitt\",\"https:\\\/\\\/www.instagram.com\\\/versastyledesign\\\/\",\"https:\\\/\\\/www.linkedin.com\\\/in\\\/lucie-pitt-54b0ba85\",\"https:\\\/\\\/www.pinterest.com\\\/versastyledesign\\\/\"]}]}<\/script>\n<!-- \/ Yoast SEO plugin. -->","yoast_head_json":{"title":"Politique de confidentialit\u00e9 - Versa Style Design","description":"Nous nous engageons \u00e0 prot\u00e9ger votre vie priv\u00e9e et \u00e0 assurer la s\u00e9curit\u00e9 de vos informations personnelles.","robots":{"index":"index","follow":"follow","max-snippet":"max-snippet:-1","max-image-preview":"max-image-preview:large","max-video-preview":"max-video-preview:-1"},"canonical":"https:\/\/versastyledesign.ca\/fr\/politique-de-confidentialite\/","og_locale":"fr_CA","og_type":"article","og_title":"Politique de confidentialit\u00e9 - Versa Style Design","og_description":"Nous nous engageons \u00e0 prot\u00e9ger votre vie priv\u00e9e et \u00e0 assurer la s\u00e9curit\u00e9 de vos informations personnelles.","og_url":"https:\/\/versastyledesign.ca\/fr\/politique-de-confidentialite\/","og_site_name":"Versa Style Design","article_publisher":"https:\/\/www.facebook.com\/Versastyledesign?ref=hl","article_modified_time":"2023-12-08T01:01:42+00:00","twitter_misc":{"Estimation du temps de lecture":"4 minutes"},"schema":{"@context":"https:\/\/schema.org","@graph":[{"@type":"WebPage","@id":"https:\/\/versastyledesign.ca\/fr\/politique-de-confidentialite\/","url":"https:\/\/versastyledesign.ca\/fr\/politique-de-confidentialite\/","name":"Politique de confidentialit\u00e9 - Versa Style Design","isPartOf":{"@id":"http:\/\/new.versastyledesign.ca\/fr\/#website"},"datePublished":"2023-12-08T01:01:41+00:00","dateModified":"2023-12-08T01:01:42+00:00","description":"Nous nous engageons \u00e0 prot\u00e9ger votre vie priv\u00e9e et \u00e0 assurer la s\u00e9curit\u00e9 de vos informations personnelles.","breadcrumb":{"@id":"https:\/\/versastyledesign.ca\/fr\/politique-de-confidentialite\/#breadcrumb"},"inLanguage":"fr-CA","potentialAction":[{"@type":"ReadAction","target":["https:\/\/versastyledesign.ca\/fr\/politique-de-confidentialite\/"]}]},{"@type":"BreadcrumbList","@id":"https:\/\/versastyledesign.ca\/fr\/politique-de-confidentialite\/#breadcrumb","itemListElement":[{"@type":"ListItem","position":1,"name":"Accueil","item":"http:\/\/new.versastyledesign.ca\/fr\/"},{"@type":"ListItem","position":2,"name":"Politique de confidentialit\u00e9"}]},{"@type":"WebSite","@id":"http:\/\/new.versastyledesign.ca\/fr\/#website","url":"http:\/\/new.versastyledesign.ca\/fr\/","name":"Versa Style Design","description":"Design d&#039;int\u00e9rieur et r\u00e9novations \u00e0 Montr\u00e9al","publisher":{"@id":"http:\/\/new.versastyledesign.ca\/fr\/#organization"},"potentialAction":[{"@type":"SearchAction","target":{"@type":"EntryPoint","urlTemplate":"http:\/\/new.versastyledesign.ca\/fr\/?s={search_term_string}"},"query-input":{"@type":"PropertyValueSpecification","valueRequired":true,"valueName":"search_term_string"}}],"inLanguage":"fr-CA"},{"@type":"Organization","@id":"http:\/\/new.versastyledesign.ca\/fr\/#organization","name":"Versa Style Design","url":"http:\/\/new.versastyledesign.ca\/fr\/","logo":{"@type":"ImageObject","inLanguage":"fr-CA","@id":"http:\/\/new.versastyledesign.ca\/fr\/#\/schema\/logo\/image\/","url":"https:\/\/versastyledesign.ca\/wp-content\/uploads\/2019\/11\/Versa-Style-Design-logo.jpg","contentUrl":"https:\/\/versastyledesign.ca\/wp-content\/uploads\/2019\/11\/Versa-Style-Design-logo.jpg","width":2099,"height":670,"caption":"Versa Style Design"},"image":{"@id":"http:\/\/new.versastyledesign.ca\/fr\/#\/schema\/logo\/image\/"},"sameAs":["https:\/\/www.facebook.com\/Versastyledesign?ref=hl","https:\/\/x.com\/luciepitt","https:\/\/www.instagram.com\/versastyledesign\/","https:\/\/www.linkedin.com\/in\/lucie-pitt-54b0ba85","https:\/\/www.pinterest.com\/versastyledesign\/"]}]}},"coauthors":[],"author_meta":{"author_link":"https:\/\/versastyledesign.ca\/fr\/author\/lucie-pitt\/","display_name":"Lucie Pitt"},"relative_dates":{"created":"Posted 2 ann\u00e9es ago","modified":"Updated 2 ann\u00e9es ago"},"absolute_dates":{"created":"Posted on 7 D\u00e9cembre 2023","modified":"Updated on 7 D\u00e9cembre 2023"},"absolute_dates_time":{"created":"Posted on 7 D\u00e9cembre 2023 20 h 01 min","modified":"Updated on 7 D\u00e9cembre 2023 20 h 01 min"},"featured_img_caption":"","featured_img":false,"series_order":"","_links":{"self":[{"href":"https:\/\/versastyledesign.ca\/fr\/wp-json\/wp\/v2\/pages\/27224","targetHints":{"allow":["GET"]}}],"collection":[{"href":"https:\/\/versastyledesign.ca\/fr\/wp-json\/wp\/v2\/pages"}],"about":[{"href":"https:\/\/versastyledesign.ca\/fr\/wp-json\/wp\/v2\/types\/page"}],"author":[{"embeddable":true,"href":"https:\/\/versastyledesign.ca\/fr\/wp-json\/wp\/v2\/users\/2"}],"replies":[{"embeddable":true,"href":"https:\/\/versastyledesign.ca\/fr\/wp-json\/wp\/v2\/comments?post=27224"}],"version-history":[{"count":1,"href":"https:\/\/versastyledesign.ca\/fr\/wp-json\/wp\/v2\/pages\/27224\/revisions"}],"predecessor-version":[{"id":27225,"href":"https:\/\/versastyledesign.ca\/fr\/wp-json\/wp\/v2\/pages\/27224\/revisions\/27225"}],"wp:attachment":[{"href":"https:\/\/versastyledesign.ca\/fr\/wp-json\/wp\/v2\/media?parent=27224"}],"curies":[{"name":"wp","href":"https:\/\/api.w.org\/{rel}","templated":true}]}}