{"id":27243,"date":"2024-01-07T14:30:21","date_gmt":"2024-01-07T19:30:21","guid":{"rendered":"https:\/\/versastyledesign.ca\/?page_id=27243"},"modified":"2026-04-14T15:58:26","modified_gmt":"2026-04-14T19:58:26","slug":"design-de-salle-a-manger-a-westmount","status":"publish","type":"page","link":"https:\/\/versastyledesign.ca\/fr\/portfolio-de-design\/design-de-salle-a-manger-a-westmount\/","title":{"rendered":"Design de salle a manger a Westmount"},"content":{"rendered":"\n<div class=\"wp-block-columns is-layout-flex wp-container-core-columns-is-layout-9d6595d7 wp-block-columns-is-layout-flex\">\n<div class=\"wp-block-column is-layout-flow wp-block-column-is-layout-flow\">\n<p><strong>Lieu : <\/strong>Westmount Montr\u00e9al<\/p>\n\n\n\n<p><strong>Service de design <\/strong>: S\u00e9lection des couleurs, \u00e9clairage, am\u00e9nagement, accessoires et finitions, recrutement des corps de m\u00e9tier, gestion de projet<\/p>\n\n\n\n<p><strong>Mat\u00e9riaux utilis\u00e9s <\/strong>: peinture Sherwin Williams, parquet en ch\u00eane teint\u00e9 fonc\u00e9, \u0153uvre d&rsquo;art originale, table \u00e0 manger en bois de noyer, chaises de salle \u00e0 manger en tissu bleu et jaune, suspension de table \u00e0 manger contemporaine en fer noir.<\/p>\n<\/div>\n\n\n\n<div class=\"wp-block-column is-layout-flow wp-block-column-is-layout-flow\">\n<figure class=\"wp-block-image size-large\"><img loading=\"lazy\" decoding=\"async\" width=\"1024\" height=\"1024\" src=\"https:\/\/versastyledesign.ca\/wp-content\/uploads\/2026\/04\/Design-de-salle-a-manger-a-Westmount-1-1024x1024.jpg\" alt=\"Design de salle a manger a Westmount\" class=\"wp-image-32114\" srcset=\"https:\/\/versastyledesign.ca\/wp-content\/uploads\/2026\/04\/Design-de-salle-a-manger-a-Westmount-1-1024x1024.jpg 1024w, https:\/\/versastyledesign.ca\/wp-content\/uploads\/2026\/04\/Design-de-salle-a-manger-a-Westmount-1-300x300.jpg 300w, https:\/\/versastyledesign.ca\/wp-content\/uploads\/2026\/04\/Design-de-salle-a-manger-a-Westmount-1-200x200.jpg 200w, https:\/\/versastyledesign.ca\/wp-content\/uploads\/2026\/04\/Design-de-salle-a-manger-a-Westmount-1-768x768.jpg 768w, https:\/\/versastyledesign.ca\/wp-content\/uploads\/2026\/04\/Design-de-salle-a-manger-a-Westmount-1.jpg 1250w\" sizes=\"auto, (max-width: 1024px) 100vw, 1024px\" \/><\/figure>\n<\/div>\n<\/div>\n\n\n\n<p><strong>Notre mandat <\/strong>: Le client souhaitait une salle \u00e0 manger \u00e9l\u00e9gante et color\u00e9e refl\u00e9tant une harmonie avec la cuisine et le couloir attenants. Nous avons recrut\u00e9 les peintres et recommand\u00e9 une nouvelle palette de vert avec un blanc classique pour les pl\u00e2tres, moulures et m\u00e9daillons d&rsquo;origine. Nous avons conseill\u00e9 le client concernant l&rsquo;\u00e9clairage, l&rsquo;am\u00e9nagement, le placement des \u0153uvres d&rsquo;art et les couleurs de peinture.<\/p>\n\n\n\n<div style=\"height:50px\" aria-hidden=\"true\" class=\"wp-block-spacer\"><\/div>\n\n\n\n<h2 class=\"wp-block-heading\">Portfolio de design de salle \u00e0 manger dans Westmount<\/h2>\n\n\n\n<figure class=\"wp-block-gallery has-nested-images columns-4 is-cropped wp-block-gallery-1 is-layout-flex wp-block-gallery-is-layout-flex\">\n<figure class=\"wp-block-image size-large\"><a href=\"https:\/\/versastyledesign.ca\/wp-content\/uploads\/2026\/04\/Design-de-salle-a-manger-a-Westmount-1-1024x1024.jpg\"><img loading=\"lazy\" decoding=\"async\" width=\"1024\" height=\"1024\" data-id=\"32114\" src=\"https:\/\/versastyledesign.ca\/wp-content\/uploads\/2026\/04\/Design-de-salle-a-manger-a-Westmount-1-1024x1024.jpg\" alt=\"Portfolio de design de salle \u00e0 manger dans Westmount\" class=\"wp-image-32114\" srcset=\"https:\/\/versastyledesign.ca\/wp-content\/uploads\/2026\/04\/Design-de-salle-a-manger-a-Westmount-1-1024x1024.jpg 1024w, https:\/\/versastyledesign.ca\/wp-content\/uploads\/2026\/04\/Design-de-salle-a-manger-a-Westmount-1-300x300.jpg 300w, https:\/\/versastyledesign.ca\/wp-content\/uploads\/2026\/04\/Design-de-salle-a-manger-a-Westmount-1-200x200.jpg 200w, https:\/\/versastyledesign.ca\/wp-content\/uploads\/2026\/04\/Design-de-salle-a-manger-a-Westmount-1-768x768.jpg 768w, https:\/\/versastyledesign.ca\/wp-content\/uploads\/2026\/04\/Design-de-salle-a-manger-a-Westmount-1.jpg 1250w\" sizes=\"auto, (max-width: 1024px) 100vw, 1024px\" \/><\/a><\/figure>\n\n\n\n<figure class=\"wp-block-image size-large\"><a href=\"https:\/\/versastyledesign.ca\/wp-content\/uploads\/2026\/04\/Design-de-salle-a-manger-a-Westmount-2-1024x1024.jpg\"><img loading=\"lazy\" decoding=\"async\" width=\"1024\" height=\"1024\" data-id=\"32116\" src=\"https:\/\/versastyledesign.ca\/wp-content\/uploads\/2026\/04\/Design-de-salle-a-manger-a-Westmount-2-1024x1024.jpg\" alt=\"Portfolio de design de salle \u00e0 manger dans Westmount\" class=\"wp-image-32116\" srcset=\"https:\/\/versastyledesign.ca\/wp-content\/uploads\/2026\/04\/Design-de-salle-a-manger-a-Westmount-2-1024x1024.jpg 1024w, https:\/\/versastyledesign.ca\/wp-content\/uploads\/2026\/04\/Design-de-salle-a-manger-a-Westmount-2-300x300.jpg 300w, https:\/\/versastyledesign.ca\/wp-content\/uploads\/2026\/04\/Design-de-salle-a-manger-a-Westmount-2-200x200.jpg 200w, https:\/\/versastyledesign.ca\/wp-content\/uploads\/2026\/04\/Design-de-salle-a-manger-a-Westmount-2-768x768.jpg 768w, https:\/\/versastyledesign.ca\/wp-content\/uploads\/2026\/04\/Design-de-salle-a-manger-a-Westmount-2.jpg 1250w\" sizes=\"auto, (max-width: 1024px) 100vw, 1024px\" \/><\/a><\/figure>\n\n\n\n<figure class=\"wp-block-image size-large\"><a href=\"https:\/\/versastyledesign.ca\/wp-content\/uploads\/2024\/01\/Portfolio-de-design-de-salle-a-manger-a-Westmount-4-773x1024.jpg\"><img loading=\"lazy\" decoding=\"async\" width=\"773\" height=\"1024\" data-id=\"27248\" src=\"https:\/\/versastyledesign.ca\/wp-content\/uploads\/2024\/01\/Portfolio-de-design-de-salle-a-manger-a-Westmount-4-773x1024.jpg\" alt=\"Portfolio de design de salle \u00e0 manger dans Westmount\" class=\"wp-image-27248\" srcset=\"https:\/\/versastyledesign.ca\/wp-content\/uploads\/2024\/01\/Portfolio-de-design-de-salle-a-manger-a-Westmount-4-773x1024.jpg 773w, https:\/\/versastyledesign.ca\/wp-content\/uploads\/2024\/01\/Portfolio-de-design-de-salle-a-manger-a-Westmount-4-227x300.jpg 227w, https:\/\/versastyledesign.ca\/wp-content\/uploads\/2024\/01\/Portfolio-de-design-de-salle-a-manger-a-Westmount-4-768x1017.jpg 768w, https:\/\/versastyledesign.ca\/wp-content\/uploads\/2024\/01\/Portfolio-de-design-de-salle-a-manger-a-Westmount-4.jpg 944w\" sizes=\"auto, (max-width: 773px) 100vw, 773px\" \/><\/a><\/figure>\n\n\n\n<figure class=\"wp-block-image size-large\"><a href=\"https:\/\/versastyledesign.ca\/wp-content\/uploads\/2024\/01\/Portfolio-de-design-de-salle-a-manger-a-Westmount-5-636x1024.jpg\"><img loading=\"lazy\" decoding=\"async\" width=\"636\" height=\"1024\" data-id=\"27254\" src=\"https:\/\/versastyledesign.ca\/wp-content\/uploads\/2024\/01\/Portfolio-de-design-de-salle-a-manger-a-Westmount-5-636x1024.jpg\" alt=\"Portfolio de design de salle \u00e0 manger dans Westmount\" class=\"wp-image-27254\" srcset=\"https:\/\/versastyledesign.ca\/wp-content\/uploads\/2024\/01\/Portfolio-de-design-de-salle-a-manger-a-Westmount-5-636x1024.jpg 636w, https:\/\/versastyledesign.ca\/wp-content\/uploads\/2024\/01\/Portfolio-de-design-de-salle-a-manger-a-Westmount-5-186x300.jpg 186w, https:\/\/versastyledesign.ca\/wp-content\/uploads\/2024\/01\/Portfolio-de-design-de-salle-a-manger-a-Westmount-5-768x1237.jpg 768w, https:\/\/versastyledesign.ca\/wp-content\/uploads\/2024\/01\/Portfolio-de-design-de-salle-a-manger-a-Westmount-5.jpg 776w\" sizes=\"auto, (max-width: 636px) 100vw, 636px\" \/><\/a><\/figure>\n<\/figure>\n\n\n\n<div style=\"height:100px\" aria-hidden=\"true\" class=\"wp-block-spacer\"><\/div>\n\n\n\n<div class=\"wp-block-columns is-layout-flex wp-container-core-columns-is-layout-9d6595d7 wp-block-columns-is-layout-flex\">\n<div class=\"wp-block-column is-layout-flow wp-block-column-is-layout-flow\"><div class=\"wp-block-image\">\n<figure class=\"aligncenter size-large\"><img loading=\"lazy\" decoding=\"async\" width=\"850\" height=\"599\" src=\"https:\/\/versastyledesign.ca\/wp-content\/uploads\/2019\/11\/Design-de-salons-et-salles-a-manger-a-montreal-04.jpg\" alt=\"Design de salons et de salles \u00e0 manger \u00e0 Montr\u00e9al\" class=\"wp-image-13778\" srcset=\"https:\/\/versastyledesign.ca\/wp-content\/uploads\/2019\/11\/Design-de-salons-et-salles-a-manger-a-montreal-04.jpg 850w, https:\/\/versastyledesign.ca\/wp-content\/uploads\/2019\/11\/Design-de-salons-et-salles-a-manger-a-montreal-04-300x211.jpg 300w, https:\/\/versastyledesign.ca\/wp-content\/uploads\/2019\/11\/Design-de-salons-et-salles-a-manger-a-montreal-04-768x541.jpg 768w\" sizes=\"auto, (max-width: 850px) 100vw, 850px\" \/><\/figure>\n<\/div><\/div>\n\n\n\n<div class=\"wp-block-column is-layout-flow wp-block-column-is-layout-flow\">\n<h2 class=\"wp-block-heading has-text-align-center\">Design de salons et de salles \u00e0 manger \u00e0 Montr\u00e9al<\/h2>\n\n\n\n<p class=\"has-text-align-center\">Pour en savoir plus sur nos services de design de salon et de salle \u00e0 manger dans la grande r\u00e9gion de Montr\u00e9al. <\/p>\n\n\n\n<div class=\"wp-block-button button-custom aligncenter\"><a class=\"wp-block-button__link has-background wp-element-button\" href=\"\/?page_id=11782\" style=\"background-color:#d53652\">Salons et salles \u00e0 manger<\/a><\/div>\n<\/div>\n<\/div>\n\n\n\n<div style=\"height:50px\" aria-hidden=\"true\" class=\"wp-block-spacer\"><\/div>\n\n\n\n<h2 class=\"wp-block-heading\"><strong>\u00cates-vous situ\u00e9 dans la grande r\u00e9gion de Montr\u00e9al?<\/strong><\/h2>\n\n\n\n<p class=\"has-text-align-center\"><strong>Donnez vie \u00e0 votre projet de design avec Lucie.<\/strong><\/p>\n\n\n\n<div class=\"wp-block-buttons is-content-justification-center is-layout-flex wp-container-core-buttons-is-layout-16018d1d wp-block-buttons-is-layout-flex\">\n<div class=\"wp-block-button button-inverse\"><a class=\"wp-block-button__link has-text-color has-background has-link-color wp-element-button\" href=\"\/fr\/forfait-de-design-interieur\/versa-style-design-premiere-consultation\/\" style=\"color:#d53652;background-color:#f3f3f3\">Premi\u00e8re consultation<\/a><\/div>\n<\/div>\n\n\n\n<div style=\"height:25px\" aria-hidden=\"true\" class=\"wp-block-spacer\"><\/div>\n<p><a href=\"\/\/www.pinterest.com\/pin\/create\/button\/\" data-pin-do=\"buttonBookmark\" data-pin-color=\"red\" data-pin-height=\"128\"><img decoding=\"async\" src=\"\/\/assets.pinterest.com\/images\/pidgets\/pinit_fg_en_rect_red_28.png\" \/><\/a><\/p>","protected":false},"excerpt":{"rendered":"<p>Lieu : Westmount Montr\u00e9al Service de design : S\u00e9lection des couleurs, \u00e9clairage, am\u00e9nagement, accessoires et finitions, recrutement des corps de m\u00e9tier, gestion de projet Mat\u00e9riaux utilis\u00e9s : peinture Sherwin Williams, parquet en ch\u00eane teint\u00e9 fonc\u00e9, \u0153uvre d&rsquo;art originale, table \u00e0 manger en bois de noyer, chaises de salle \u00e0 manger en tissu bleu et jaune, [&hellip;]<\/p>\n","protected":false},"author":2,"featured_media":27244,"parent":1840,"menu_order":0,"comment_status":"closed","ping_status":"closed","template":"","meta":{"advgb_blocks_editor_width":"","advgb_blocks_columns_visual_guide":"","_genesis_hide_title":false,"_genesis_hide_breadcrumbs":false,"_genesis_hide_singular_image":false,"_genesis_hide_footer_widgets":false,"_genesis_custom_body_class":"","_genesis_custom_post_class":"","_genesis_layout":"","footnotes":""},"class_list":{"0":"post-27243","1":"page","2":"type-page","3":"status-publish","4":"has-post-thumbnail","6":"entry"},"yoast_head":"<!-- This site is optimized with the Yoast SEO plugin v27.4 - https:\/\/yoast.com\/product\/yoast-seo-wordpress\/ -->\n<title>Design de salle a manger a Westmount - Versa Style Design<\/title>\n<meta name=\"description\" content=\"Le client souhaitait une salle \u00e0 manger \u00e9l\u00e9gante et color\u00e9e refl\u00e9tant une harmonie avec la cuisine et le couloir attenants.\" \/>\n<meta name=\"robots\" content=\"index, follow, max-snippet:-1, max-image-preview:large, max-video-preview:-1\" \/>\n<link rel=\"canonical\" href=\"https:\/\/versastyledesign.ca\/fr\/portfolio-de-design\/design-de-salle-a-manger-a-westmount\/\" \/>\n<meta property=\"og:locale\" content=\"fr_CA\" \/>\n<meta property=\"og:type\" content=\"article\" \/>\n<meta property=\"og:title\" content=\"Design de salle a manger a Westmount - Versa Style Design\" \/>\n<meta property=\"og:description\" content=\"Le client souhaitait une salle \u00e0 manger \u00e9l\u00e9gante et color\u00e9e refl\u00e9tant une harmonie avec la cuisine et le couloir attenants.\" \/>\n<meta property=\"og:url\" content=\"https:\/\/versastyledesign.ca\/fr\/portfolio-de-design\/design-de-salle-a-manger-a-westmount\/\" \/>\n<meta property=\"og:site_name\" content=\"Versa Style Design\" \/>\n<meta property=\"article:publisher\" content=\"https:\/\/www.facebook.com\/Versastyledesign?ref=hl\" \/>\n<meta property=\"article:modified_time\" content=\"2026-04-14T19:58:26+00:00\" \/>\n<meta property=\"og:image\" content=\"https:\/\/versastyledesign.ca\/wp-content\/uploads\/2024\/01\/Portfolio-de-design-de-salle-a-manger-a-Westmount-1.jpg\" \/>\n\t<meta property=\"og:image:width\" content=\"938\" \/>\n\t<meta property=\"og:image:height\" content=\"1250\" \/>\n\t<meta property=\"og:image:type\" content=\"image\/jpeg\" \/>\n<meta name=\"twitter:label1\" content=\"Estimation du temps de lecture\" \/>\n\t<meta name=\"twitter:data1\" content=\"3 minutes\" \/>\n<script type=\"application\/ld+json\" class=\"yoast-schema-graph\">{\"@context\":\"https:\\\/\\\/schema.org\",\"@graph\":[{\"@type\":\"WebPage\",\"@id\":\"https:\\\/\\\/versastyledesign.ca\\\/fr\\\/portfolio-de-design\\\/design-de-salle-a-manger-a-westmount\\\/\",\"url\":\"https:\\\/\\\/versastyledesign.ca\\\/fr\\\/portfolio-de-design\\\/design-de-salle-a-manger-a-westmount\\\/\",\"name\":\"Design de salle a manger a Westmount - Versa Style Design\",\"isPartOf\":{\"@id\":\"http:\\\/\\\/new.versastyledesign.ca\\\/fr\\\/#website\"},\"primaryImageOfPage\":{\"@id\":\"https:\\\/\\\/versastyledesign.ca\\\/fr\\\/portfolio-de-design\\\/design-de-salle-a-manger-a-westmount\\\/#primaryimage\"},\"image\":{\"@id\":\"https:\\\/\\\/versastyledesign.ca\\\/fr\\\/portfolio-de-design\\\/design-de-salle-a-manger-a-westmount\\\/#primaryimage\"},\"thumbnailUrl\":\"https:\\\/\\\/versastyledesign.ca\\\/wp-content\\\/uploads\\\/2024\\\/01\\\/Portfolio-de-design-de-salle-a-manger-a-Westmount-1.jpg\",\"datePublished\":\"2024-01-07T19:30:21+00:00\",\"dateModified\":\"2026-04-14T19:58:26+00:00\",\"description\":\"Le client souhaitait une salle \u00e0 manger \u00e9l\u00e9gante et color\u00e9e refl\u00e9tant une harmonie avec la cuisine et le couloir attenants.\",\"breadcrumb\":{\"@id\":\"https:\\\/\\\/versastyledesign.ca\\\/fr\\\/portfolio-de-design\\\/design-de-salle-a-manger-a-westmount\\\/#breadcrumb\"},\"inLanguage\":\"fr-CA\",\"potentialAction\":[{\"@type\":\"ReadAction\",\"target\":[\"https:\\\/\\\/versastyledesign.ca\\\/fr\\\/portfolio-de-design\\\/design-de-salle-a-manger-a-westmount\\\/\"]}]},{\"@type\":\"ImageObject\",\"inLanguage\":\"fr-CA\",\"@id\":\"https:\\\/\\\/versastyledesign.ca\\\/fr\\\/portfolio-de-design\\\/design-de-salle-a-manger-a-westmount\\\/#primaryimage\",\"url\":\"https:\\\/\\\/versastyledesign.ca\\\/wp-content\\\/uploads\\\/2024\\\/01\\\/Portfolio-de-design-de-salle-a-manger-a-Westmount-1.jpg\",\"contentUrl\":\"https:\\\/\\\/versastyledesign.ca\\\/wp-content\\\/uploads\\\/2024\\\/01\\\/Portfolio-de-design-de-salle-a-manger-a-Westmount-1.jpg\",\"width\":938,\"height\":1250,\"caption\":\"Portfolio-de-design-de-salle-a-manger-a-Westmount\"},{\"@type\":\"BreadcrumbList\",\"@id\":\"https:\\\/\\\/versastyledesign.ca\\\/fr\\\/portfolio-de-design\\\/design-de-salle-a-manger-a-westmount\\\/#breadcrumb\",\"itemListElement\":[{\"@type\":\"ListItem\",\"position\":1,\"name\":\"Accueil\",\"item\":\"http:\\\/\\\/new.versastyledesign.ca\\\/fr\\\/\"},{\"@type\":\"ListItem\",\"position\":2,\"name\":\"Portfolio de Design\",\"item\":\"http:\\\/\\\/new.versastyledesign.ca\\\/fr\\\/design-portfolio\\\/\"},{\"@type\":\"ListItem\",\"position\":3,\"name\":\"Design de salle a manger a Westmount\"}]},{\"@type\":\"WebSite\",\"@id\":\"http:\\\/\\\/new.versastyledesign.ca\\\/fr\\\/#website\",\"url\":\"http:\\\/\\\/new.versastyledesign.ca\\\/fr\\\/\",\"name\":\"Versa Style Design\",\"description\":\"Design d&#039;int\u00e9rieur et r\u00e9novations \u00e0 Montr\u00e9al\",\"publisher\":{\"@id\":\"http:\\\/\\\/new.versastyledesign.ca\\\/fr\\\/#organization\"},\"potentialAction\":[{\"@type\":\"SearchAction\",\"target\":{\"@type\":\"EntryPoint\",\"urlTemplate\":\"http:\\\/\\\/new.versastyledesign.ca\\\/fr\\\/?s={search_term_string}\"},\"query-input\":{\"@type\":\"PropertyValueSpecification\",\"valueRequired\":true,\"valueName\":\"search_term_string\"}}],\"inLanguage\":\"fr-CA\"},{\"@type\":\"Organization\",\"@id\":\"http:\\\/\\\/new.versastyledesign.ca\\\/fr\\\/#organization\",\"name\":\"Versa Style Design\",\"url\":\"http:\\\/\\\/new.versastyledesign.ca\\\/fr\\\/\",\"logo\":{\"@type\":\"ImageObject\",\"inLanguage\":\"fr-CA\",\"@id\":\"http:\\\/\\\/new.versastyledesign.ca\\\/fr\\\/#\\\/schema\\\/logo\\\/image\\\/\",\"url\":\"https:\\\/\\\/versastyledesign.ca\\\/wp-content\\\/uploads\\\/2019\\\/11\\\/Versa-Style-Design-logo.jpg\",\"contentUrl\":\"https:\\\/\\\/versastyledesign.ca\\\/wp-content\\\/uploads\\\/2019\\\/11\\\/Versa-Style-Design-logo.jpg\",\"width\":2099,\"height\":670,\"caption\":\"Versa Style Design\"},\"image\":{\"@id\":\"http:\\\/\\\/new.versastyledesign.ca\\\/fr\\\/#\\\/schema\\\/logo\\\/image\\\/\"},\"sameAs\":[\"https:\\\/\\\/www.facebook.com\\\/Versastyledesign?ref=hl\",\"https:\\\/\\\/x.com\\\/luciepitt\",\"https:\\\/\\\/www.instagram.com\\\/versastyledesign\\\/\",\"https:\\\/\\\/www.linkedin.com\\\/in\\\/lucie-pitt-54b0ba85\",\"https:\\\/\\\/www.pinterest.com\\\/versastyledesign\\\/\"]}]}<\/script>\n<!-- \/ Yoast SEO plugin. -->","yoast_head_json":{"title":"Design de salle a manger a Westmount - Versa Style Design","description":"Le client souhaitait une salle \u00e0 manger \u00e9l\u00e9gante et color\u00e9e refl\u00e9tant une harmonie avec la cuisine et le couloir attenants.","robots":{"index":"index","follow":"follow","max-snippet":"max-snippet:-1","max-image-preview":"max-image-preview:large","max-video-preview":"max-video-preview:-1"},"canonical":"https:\/\/versastyledesign.ca\/fr\/portfolio-de-design\/design-de-salle-a-manger-a-westmount\/","og_locale":"fr_CA","og_type":"article","og_title":"Design de salle a manger a Westmount - Versa Style Design","og_description":"Le client souhaitait une salle \u00e0 manger \u00e9l\u00e9gante et color\u00e9e refl\u00e9tant une harmonie avec la cuisine et le couloir attenants.","og_url":"https:\/\/versastyledesign.ca\/fr\/portfolio-de-design\/design-de-salle-a-manger-a-westmount\/","og_site_name":"Versa Style Design","article_publisher":"https:\/\/www.facebook.com\/Versastyledesign?ref=hl","article_modified_time":"2026-04-14T19:58:26+00:00","og_image":[{"width":938,"height":1250,"url":"https:\/\/versastyledesign.ca\/wp-content\/uploads\/2024\/01\/Portfolio-de-design-de-salle-a-manger-a-Westmount-1.jpg","type":"image\/jpeg"}],"twitter_misc":{"Estimation du temps de lecture":"3 minutes"},"schema":{"@context":"https:\/\/schema.org","@graph":[{"@type":"WebPage","@id":"https:\/\/versastyledesign.ca\/fr\/portfolio-de-design\/design-de-salle-a-manger-a-westmount\/","url":"https:\/\/versastyledesign.ca\/fr\/portfolio-de-design\/design-de-salle-a-manger-a-westmount\/","name":"Design de salle a manger a Westmount - Versa Style Design","isPartOf":{"@id":"http:\/\/new.versastyledesign.ca\/fr\/#website"},"primaryImageOfPage":{"@id":"https:\/\/versastyledesign.ca\/fr\/portfolio-de-design\/design-de-salle-a-manger-a-westmount\/#primaryimage"},"image":{"@id":"https:\/\/versastyledesign.ca\/fr\/portfolio-de-design\/design-de-salle-a-manger-a-westmount\/#primaryimage"},"thumbnailUrl":"https:\/\/versastyledesign.ca\/wp-content\/uploads\/2024\/01\/Portfolio-de-design-de-salle-a-manger-a-Westmount-1.jpg","datePublished":"2024-01-07T19:30:21+00:00","dateModified":"2026-04-14T19:58:26+00:00","description":"Le client souhaitait une salle \u00e0 manger \u00e9l\u00e9gante et color\u00e9e refl\u00e9tant une harmonie avec la cuisine et le couloir attenants.","breadcrumb":{"@id":"https:\/\/versastyledesign.ca\/fr\/portfolio-de-design\/design-de-salle-a-manger-a-westmount\/#breadcrumb"},"inLanguage":"fr-CA","potentialAction":[{"@type":"ReadAction","target":["https:\/\/versastyledesign.ca\/fr\/portfolio-de-design\/design-de-salle-a-manger-a-westmount\/"]}]},{"@type":"ImageObject","inLanguage":"fr-CA","@id":"https:\/\/versastyledesign.ca\/fr\/portfolio-de-design\/design-de-salle-a-manger-a-westmount\/#primaryimage","url":"https:\/\/versastyledesign.ca\/wp-content\/uploads\/2024\/01\/Portfolio-de-design-de-salle-a-manger-a-Westmount-1.jpg","contentUrl":"https:\/\/versastyledesign.ca\/wp-content\/uploads\/2024\/01\/Portfolio-de-design-de-salle-a-manger-a-Westmount-1.jpg","width":938,"height":1250,"caption":"Portfolio-de-design-de-salle-a-manger-a-Westmount"},{"@type":"BreadcrumbList","@id":"https:\/\/versastyledesign.ca\/fr\/portfolio-de-design\/design-de-salle-a-manger-a-westmount\/#breadcrumb","itemListElement":[{"@type":"ListItem","position":1,"name":"Accueil","item":"http:\/\/new.versastyledesign.ca\/fr\/"},{"@type":"ListItem","position":2,"name":"Portfolio de Design","item":"http:\/\/new.versastyledesign.ca\/fr\/design-portfolio\/"},{"@type":"ListItem","position":3,"name":"Design de salle a manger a Westmount"}]},{"@type":"WebSite","@id":"http:\/\/new.versastyledesign.ca\/fr\/#website","url":"http:\/\/new.versastyledesign.ca\/fr\/","name":"Versa Style Design","description":"Design d&#039;int\u00e9rieur et r\u00e9novations \u00e0 Montr\u00e9al","publisher":{"@id":"http:\/\/new.versastyledesign.ca\/fr\/#organization"},"potentialAction":[{"@type":"SearchAction","target":{"@type":"EntryPoint","urlTemplate":"http:\/\/new.versastyledesign.ca\/fr\/?s={search_term_string}"},"query-input":{"@type":"PropertyValueSpecification","valueRequired":true,"valueName":"search_term_string"}}],"inLanguage":"fr-CA"},{"@type":"Organization","@id":"http:\/\/new.versastyledesign.ca\/fr\/#organization","name":"Versa Style Design","url":"http:\/\/new.versastyledesign.ca\/fr\/","logo":{"@type":"ImageObject","inLanguage":"fr-CA","@id":"http:\/\/new.versastyledesign.ca\/fr\/#\/schema\/logo\/image\/","url":"https:\/\/versastyledesign.ca\/wp-content\/uploads\/2019\/11\/Versa-Style-Design-logo.jpg","contentUrl":"https:\/\/versastyledesign.ca\/wp-content\/uploads\/2019\/11\/Versa-Style-Design-logo.jpg","width":2099,"height":670,"caption":"Versa Style Design"},"image":{"@id":"http:\/\/new.versastyledesign.ca\/fr\/#\/schema\/logo\/image\/"},"sameAs":["https:\/\/www.facebook.com\/Versastyledesign?ref=hl","https:\/\/x.com\/luciepitt","https:\/\/www.instagram.com\/versastyledesign\/","https:\/\/www.linkedin.com\/in\/lucie-pitt-54b0ba85","https:\/\/www.pinterest.com\/versastyledesign\/"]}]}},"coauthors":[],"author_meta":{"author_link":"https:\/\/versastyledesign.ca\/fr\/author\/lucie-pitt\/","display_name":"Lucie Pitt"},"relative_dates":{"created":"Posted 2 ann\u00e9es ago","modified":"Updated 2 jours ago"},"absolute_dates":{"created":"Posted on 7 janvier 2024","modified":"Updated on 14 avril 2026"},"absolute_dates_time":{"created":"Posted on 7 janvier 2024 14 h 30 min","modified":"Updated on 14 avril 2026 15 h 58 min"},"featured_img_caption":"","featured_img":"https:\/\/versastyledesign.ca\/wp-content\/uploads\/2024\/01\/Portfolio-de-design-de-salle-a-manger-a-Westmount-1.jpg","series_order":"","_links":{"self":[{"href":"https:\/\/versastyledesign.ca\/fr\/wp-json\/wp\/v2\/pages\/27243","targetHints":{"allow":["GET"]}}],"collection":[{"href":"https:\/\/versastyledesign.ca\/fr\/wp-json\/wp\/v2\/pages"}],"about":[{"href":"https:\/\/versastyledesign.ca\/fr\/wp-json\/wp\/v2\/types\/page"}],"author":[{"embeddable":true,"href":"https:\/\/versastyledesign.ca\/fr\/wp-json\/wp\/v2\/users\/2"}],"replies":[{"embeddable":true,"href":"https:\/\/versastyledesign.ca\/fr\/wp-json\/wp\/v2\/comments?post=27243"}],"version-history":[{"count":7,"href":"https:\/\/versastyledesign.ca\/fr\/wp-json\/wp\/v2\/pages\/27243\/revisions"}],"predecessor-version":[{"id":32121,"href":"https:\/\/versastyledesign.ca\/fr\/wp-json\/wp\/v2\/pages\/27243\/revisions\/32121"}],"up":[{"embeddable":true,"href":"https:\/\/versastyledesign.ca\/fr\/wp-json\/wp\/v2\/pages\/1840"}],"wp:featuredmedia":[{"embeddable":true,"href":"https:\/\/versastyledesign.ca\/fr\/wp-json\/wp\/v2\/media\/27244"}],"wp:attachment":[{"href":"https:\/\/versastyledesign.ca\/fr\/wp-json\/wp\/v2\/media?parent=27243"}],"curies":[{"name":"wp","href":"https:\/\/api.w.org\/{rel}","templated":true}]}}