{"id":27284,"date":"2024-01-14T14:35:59","date_gmt":"2024-01-14T19:35:59","guid":{"rendered":"https:\/\/versastyledesign.ca\/?page_id=27284"},"modified":"2024-01-18T10:02:33","modified_gmt":"2024-01-18T15:02:33","slug":"design-de-cuisine-a-westmount","status":"publish","type":"page","link":"https:\/\/versastyledesign.ca\/fr\/portfolio-de-design\/design-de-cuisine-a-westmount\/","title":{"rendered":"Design de cuisine \u00e0 Westmount"},"content":{"rendered":"\n<div class=\"wp-block-columns are-vertically-aligned-center is-layout-flex wp-container-core-columns-is-layout-9d6595d7 wp-block-columns-is-layout-flex\">\n<div class=\"wp-block-column is-vertically-aligned-center is-layout-flow wp-block-column-is-layout-flow\">\n<p><strong>Emplacement :<\/strong>&nbsp;Westmount Montr\u00e9al<\/p>\n\n\n\n<p><strong>Service de design <\/strong>: S\u00e9lection des couleurs, \u00e9clairage, recrutement des m\u00e9tiers, gestion de projet<\/p>\n\n\n\n<p><strong>Mat\u00e9riaux utilis\u00e9s <\/strong>: Peinture Sherwin Williams, plancher en ch\u00eane teint\u00e9 fonc\u00e9, comptoirs en granit noir et blanc, luminaires suspendus en b\u00e9ton, armoires blanches, dosseret \u00e0 chevrons en marbre.<\/p>\n<\/div>\n\n\n\n<div class=\"wp-block-column is-vertically-aligned-center is-layout-flow wp-block-column-is-layout-flow\">\n<figure class=\"wp-block-image size-large\"><img loading=\"lazy\" decoding=\"async\" width=\"768\" height=\"1024\" src=\"https:\/\/versastyledesign.ca\/wp-content\/uploads\/2024\/01\/Design-de-cuisine-a-Westmount-3-768x1024.jpg\" alt=\"Design de cuisine \u00e0 Westmount\" class=\"wp-image-27285\" srcset=\"https:\/\/versastyledesign.ca\/wp-content\/uploads\/2024\/01\/Design-de-cuisine-a-Westmount-3-768x1023.jpg 768w, https:\/\/versastyledesign.ca\/wp-content\/uploads\/2024\/01\/Design-de-cuisine-a-Westmount-3-225x300.jpg 225w, https:\/\/versastyledesign.ca\/wp-content\/uploads\/2024\/01\/Design-de-cuisine-a-Westmount-3.jpg 938w\" sizes=\"auto, (max-width: 768px) 100vw, 768px\" \/><\/figure>\n<\/div>\n<\/div>\n\n\n\n<p><strong>Notre mandat <\/strong>: Le client souhaitait une cuisine lumineuse et color\u00e9e avec une harmonie se prolongeant jusqu&rsquo;\u00e0 la salle \u00e0 manger attenante et les escaliers menant au deuxi\u00e8me \u00e9tage. Nous avons recrut\u00e9 les peintres et recommand\u00e9 une nouvelle palette de vert avec un blanc classique pour les pl\u00e2tres, moulures et m\u00e9daillons d\u2019origine. Nous avons conseill\u00e9 le client concernant l&rsquo;\u00e9clairage, la disposition, le placement des \u0153uvres d&rsquo;art et les couleurs de peinture.<\/p>\n\n\n\n<div style=\"height:50px\" aria-hidden=\"true\" class=\"wp-block-spacer\"><\/div>\n\n\n\n<h2 class=\"wp-block-heading\">Portfolio de design de cuisine \u00e0 Westmount<\/h2>\n\n\n\n<figure class=\"wp-block-gallery has-nested-images columns-default is-cropped wp-block-gallery-1 is-layout-flex wp-block-gallery-is-layout-flex\">\n<figure class=\"wp-block-image size-large\"><a href=\"https:\/\/versastyledesign.ca\/wp-content\/uploads\/2024\/01\/Design-de-cuisine-a-Westmount-2-1024x768.jpg\"><img loading=\"lazy\" decoding=\"async\" width=\"1024\" height=\"768\" data-id=\"27291\" src=\"https:\/\/versastyledesign.ca\/wp-content\/uploads\/2024\/01\/Design-de-cuisine-a-Westmount-2-1024x768.jpg\" alt=\"Portfolio de design de cuisine \u00e0 Westmount\" class=\"wp-image-27291\" srcset=\"https:\/\/versastyledesign.ca\/wp-content\/uploads\/2024\/01\/Design-de-cuisine-a-Westmount-2-1024x768.jpg 1024w, https:\/\/versastyledesign.ca\/wp-content\/uploads\/2024\/01\/Design-de-cuisine-a-Westmount-2-300x225.jpg 300w, https:\/\/versastyledesign.ca\/wp-content\/uploads\/2024\/01\/Design-de-cuisine-a-Westmount-2-768x576.jpg 768w, https:\/\/versastyledesign.ca\/wp-content\/uploads\/2024\/01\/Design-de-cuisine-a-Westmount-2.jpg 1250w\" sizes=\"auto, (max-width: 1024px) 100vw, 1024px\" \/><\/a><\/figure>\n\n\n\n<figure class=\"wp-block-image size-large\"><a href=\"https:\/\/versastyledesign.ca\/wp-content\/uploads\/2024\/01\/Design-de-cuisine-a-Westmount-3-1-768x1024.jpg\"><img loading=\"lazy\" decoding=\"async\" width=\"768\" height=\"1024\" data-id=\"27295\" src=\"https:\/\/versastyledesign.ca\/wp-content\/uploads\/2024\/01\/Design-de-cuisine-a-Westmount-3-1-768x1024.jpg\" alt=\"Portfolio de design de cuisine \u00e0 Westmount\" class=\"wp-image-27295\" srcset=\"https:\/\/versastyledesign.ca\/wp-content\/uploads\/2024\/01\/Design-de-cuisine-a-Westmount-3-1-768x1023.jpg 768w, https:\/\/versastyledesign.ca\/wp-content\/uploads\/2024\/01\/Design-de-cuisine-a-Westmount-3-1-225x300.jpg 225w, https:\/\/versastyledesign.ca\/wp-content\/uploads\/2024\/01\/Design-de-cuisine-a-Westmount-3-1.jpg 938w\" sizes=\"auto, (max-width: 768px) 100vw, 768px\" \/><\/a><\/figure>\n\n\n\n<figure class=\"wp-block-image size-large\"><a href=\"https:\/\/versastyledesign.ca\/wp-content\/uploads\/2024\/01\/Design-de-cuisine-a-Westmount-4-1024x1021.jpg\"><img loading=\"lazy\" decoding=\"async\" width=\"1024\" height=\"1021\" data-id=\"27288\" src=\"https:\/\/versastyledesign.ca\/wp-content\/uploads\/2024\/01\/Design-de-cuisine-a-Westmount-4-1024x1021.jpg\" alt=\"Portfolio de design de cuisine \u00e0 Westmount\" class=\"wp-image-27288\" srcset=\"https:\/\/versastyledesign.ca\/wp-content\/uploads\/2024\/01\/Design-de-cuisine-a-Westmount-4-1024x1021.jpg 1024w, https:\/\/versastyledesign.ca\/wp-content\/uploads\/2024\/01\/Design-de-cuisine-a-Westmount-4-300x300.jpg 300w, https:\/\/versastyledesign.ca\/wp-content\/uploads\/2024\/01\/Design-de-cuisine-a-Westmount-4-200x200.jpg 200w, https:\/\/versastyledesign.ca\/wp-content\/uploads\/2024\/01\/Design-de-cuisine-a-Westmount-4-768x766.jpg 768w, https:\/\/versastyledesign.ca\/wp-content\/uploads\/2024\/01\/Design-de-cuisine-a-Westmount-4.jpg 1250w\" sizes=\"auto, (max-width: 1024px) 100vw, 1024px\" \/><\/a><\/figure>\n\n\n\n<figure class=\"wp-block-image size-large\"><a href=\"https:\/\/versastyledesign.ca\/wp-content\/uploads\/2024\/01\/Design-de-cuisine-a-Westmount-1-763x1024.jpg\"><img loading=\"lazy\" decoding=\"async\" width=\"763\" height=\"1024\" data-id=\"27287\" src=\"https:\/\/versastyledesign.ca\/wp-content\/uploads\/2024\/01\/Design-de-cuisine-a-Westmount-1-763x1024.jpg\" alt=\"Portfolio de design de cuisine \u00e0 Westmount\" class=\"wp-image-27287\" srcset=\"https:\/\/versastyledesign.ca\/wp-content\/uploads\/2024\/01\/Design-de-cuisine-a-Westmount-1-763x1024.jpg 763w, https:\/\/versastyledesign.ca\/wp-content\/uploads\/2024\/01\/Design-de-cuisine-a-Westmount-1-224x300.jpg 224w, https:\/\/versastyledesign.ca\/wp-content\/uploads\/2024\/01\/Design-de-cuisine-a-Westmount-1-768x1030.jpg 768w, https:\/\/versastyledesign.ca\/wp-content\/uploads\/2024\/01\/Design-de-cuisine-a-Westmount-1.jpg 932w\" sizes=\"auto, (max-width: 763px) 100vw, 763px\" \/><\/a><\/figure>\n\n\n\n<figure class=\"wp-block-image size-large\"><a href=\"https:\/\/versastyledesign.ca\/wp-content\/uploads\/2024\/01\/Design-de-cuisine-a-Westmount-5-769x1024.jpg\"><img loading=\"lazy\" decoding=\"async\" width=\"769\" height=\"1024\" data-id=\"27293\" src=\"https:\/\/versastyledesign.ca\/wp-content\/uploads\/2024\/01\/Design-de-cuisine-a-Westmount-5-769x1024.jpg\" alt=\"Portfolio de design de cuisine \u00e0 Westmount\" class=\"wp-image-27293\" srcset=\"https:\/\/versastyledesign.ca\/wp-content\/uploads\/2024\/01\/Design-de-cuisine-a-Westmount-5-769x1024.jpg 769w, https:\/\/versastyledesign.ca\/wp-content\/uploads\/2024\/01\/Design-de-cuisine-a-Westmount-5-225x300.jpg 225w, https:\/\/versastyledesign.ca\/wp-content\/uploads\/2024\/01\/Design-de-cuisine-a-Westmount-5-768x1022.jpg 768w, https:\/\/versastyledesign.ca\/wp-content\/uploads\/2024\/01\/Design-de-cuisine-a-Westmount-5.jpg 939w\" sizes=\"auto, (max-width: 769px) 100vw, 769px\" \/><\/a><\/figure>\n<\/figure>\n\n\n\n<div style=\"height:100px\" aria-hidden=\"true\" class=\"wp-block-spacer\"><\/div>\n\n\n\n<div class=\"wp-block-columns has-2-columns is-layout-flex wp-container-core-columns-is-layout-9d6595d7 wp-block-columns-is-layout-flex\">\n<div class=\"wp-block-column is-layout-flow wp-block-column-is-layout-flow\"><div class=\"wp-block-image\">\n<figure class=\"aligncenter size-large\"><img loading=\"lazy\" decoding=\"async\" width=\"850\" height=\"542\" src=\"https:\/\/versastyledesign.ca\/wp-content\/uploads\/2019\/11\/Design-de-cuisine-a-montreal-04.jpg\" alt=\"\" class=\"wp-image-13711\" srcset=\"https:\/\/versastyledesign.ca\/wp-content\/uploads\/2019\/11\/Design-de-cuisine-a-montreal-04.jpg 850w, https:\/\/versastyledesign.ca\/wp-content\/uploads\/2019\/11\/Design-de-cuisine-a-montreal-04-300x191.jpg 300w, https:\/\/versastyledesign.ca\/wp-content\/uploads\/2019\/11\/Design-de-cuisine-a-montreal-04-768x490.jpg 768w\" sizes=\"auto, (max-width: 850px) 100vw, 850px\" \/><\/figure>\n<\/div><\/div>\n\n\n\n<div class=\"wp-block-column is-layout-flow wp-block-column-is-layout-flow\">\n<h2 class=\"wp-block-heading has-text-align-center\">Services de design de cuisine \u00e0 Montr\u00e9al<\/h2>\n\n\n\n<p class=\"has-text-align-center\">Pour en savoir plus sur nos services de design de cuisine dans la grande r\u00e9gion de Montr\u00e9al.<br><\/p>\n\n\n\n<div class=\"wp-block-button button-custom aligncenter\"><a class=\"wp-block-button__link has-background wp-element-button\" href=\"\/fr\/design-interieur\/design-dinterieur-de-cuisine-a-montreal\/\" style=\"background-color:#d53652\">Design de cuisine<\/a><\/div>\n<\/div>\n<\/div>\n\n\n\n<div style=\"height:50px\" aria-hidden=\"true\" class=\"wp-block-spacer\"><\/div>\n\n\n\n<h2 class=\"wp-block-heading\"><strong>\u00cates-vous situ\u00e9 dans la grande r\u00e9gion de Montr\u00e9al?<\/strong><\/h2>\n\n\n\n<p class=\"has-text-align-center\"><strong>Donnez vie \u00e0 votre projet de design avec Lucie.<\/strong><\/p>\n\n\n\n<div class=\"wp-block-buttons is-content-justification-center is-layout-flex wp-container-core-buttons-is-layout-16018d1d wp-block-buttons-is-layout-flex\">\n<div class=\"wp-block-button button-inverse\"><a class=\"wp-block-button__link has-text-color has-background has-link-color wp-element-button\" href=\"\/fr\/forfait-de-design-interieur\/versa-style-design-premiere-consultation\/\" style=\"color:#d53652;background-color:#f3f3f3\">Premi\u00e8re consultation<\/a><\/div>\n<\/div>\n\n\n\n<div style=\"height:25px\" aria-hidden=\"true\" class=\"wp-block-spacer\"><\/div>\n<p><a href=\"\/\/www.pinterest.com\/pin\/create\/button\/\" data-pin-do=\"buttonBookmark\" data-pin-color=\"red\" data-pin-height=\"128\"><img decoding=\"async\" src=\"\/\/assets.pinterest.com\/images\/pidgets\/pinit_fg_en_rect_red_28.png\" \/><\/a><\/p>","protected":false},"excerpt":{"rendered":"<p>Emplacement :&nbsp;Westmount Montr\u00e9al Service de design : S\u00e9lection des couleurs, \u00e9clairage, recrutement des m\u00e9tiers, gestion de projet Mat\u00e9riaux utilis\u00e9s : Peinture Sherwin Williams, plancher en ch\u00eane teint\u00e9 fonc\u00e9, comptoirs en granit noir et blanc, luminaires suspendus en b\u00e9ton, armoires blanches, dosseret \u00e0 chevrons en marbre. Notre mandat : Le client souhaitait une cuisine lumineuse et [&hellip;]<\/p>\n","protected":false},"author":2,"featured_media":27285,"parent":1840,"menu_order":0,"comment_status":"closed","ping_status":"closed","template":"","meta":{"advgb_blocks_editor_width":"","advgb_blocks_columns_visual_guide":"","_genesis_hide_title":false,"_genesis_hide_breadcrumbs":false,"_genesis_hide_singular_image":false,"_genesis_hide_footer_widgets":false,"_genesis_custom_body_class":"","_genesis_custom_post_class":"","_genesis_layout":"","footnotes":""},"class_list":{"0":"post-27284","1":"page","2":"type-page","3":"status-publish","4":"has-post-thumbnail","6":"entry"},"yoast_head":"<!-- This site is optimized with the Yoast SEO plugin v27.3 - https:\/\/yoast.com\/product\/yoast-seo-wordpress\/ -->\n<title>Design de cuisine \u00e0 Westmount - Versa Style Design<\/title>\n<meta name=\"description\" content=\"Le client souhaitait une cuisine lumineuse et color\u00e9e avec une harmonie se prolongeant jusqu&#039;\u00e0 la salle \u00e0 manger attenante.\" \/>\n<meta name=\"robots\" content=\"index, follow, max-snippet:-1, max-image-preview:large, max-video-preview:-1\" \/>\n<link rel=\"canonical\" href=\"https:\/\/versastyledesign.ca\/fr\/portfolio-de-design\/design-de-cuisine-a-westmount\/\" \/>\n<meta property=\"og:locale\" content=\"fr_CA\" \/>\n<meta property=\"og:type\" content=\"article\" \/>\n<meta property=\"og:title\" content=\"Design de cuisine \u00e0 Westmount - Versa Style Design\" \/>\n<meta property=\"og:description\" content=\"Le client souhaitait une cuisine lumineuse et color\u00e9e avec une harmonie se prolongeant jusqu&#039;\u00e0 la salle \u00e0 manger attenante.\" \/>\n<meta property=\"og:url\" content=\"https:\/\/versastyledesign.ca\/fr\/portfolio-de-design\/design-de-cuisine-a-westmount\/\" \/>\n<meta property=\"og:site_name\" content=\"Versa Style Design\" \/>\n<meta property=\"article:publisher\" content=\"https:\/\/www.facebook.com\/Versastyledesign?ref=hl\" \/>\n<meta property=\"article:modified_time\" content=\"2024-01-18T15:02:33+00:00\" \/>\n<meta property=\"og:image\" content=\"https:\/\/new.versastyledesign.ca\/wp-content\/uploads\/2024\/01\/Design-de-cuisine-a-Westmount-3.jpg\" \/>\n\t<meta property=\"og:image:width\" content=\"938\" \/>\n\t<meta property=\"og:image:height\" content=\"1250\" \/>\n\t<meta property=\"og:image:type\" content=\"image\/jpeg\" \/>\n<meta name=\"twitter:label1\" content=\"Estimation du temps de lecture\" \/>\n\t<meta name=\"twitter:data1\" content=\"3 minutes\" \/>\n<script type=\"application\/ld+json\" class=\"yoast-schema-graph\">{\"@context\":\"https:\\\/\\\/schema.org\",\"@graph\":[{\"@type\":\"WebPage\",\"@id\":\"https:\\\/\\\/versastyledesign.ca\\\/fr\\\/portfolio-de-design\\\/design-de-cuisine-a-westmount\\\/\",\"url\":\"https:\\\/\\\/versastyledesign.ca\\\/fr\\\/portfolio-de-design\\\/design-de-cuisine-a-westmount\\\/\",\"name\":\"Design de cuisine \u00e0 Westmount - Versa Style Design\",\"isPartOf\":{\"@id\":\"http:\\\/\\\/new.versastyledesign.ca\\\/fr\\\/#website\"},\"primaryImageOfPage\":{\"@id\":\"https:\\\/\\\/versastyledesign.ca\\\/fr\\\/portfolio-de-design\\\/design-de-cuisine-a-westmount\\\/#primaryimage\"},\"image\":{\"@id\":\"https:\\\/\\\/versastyledesign.ca\\\/fr\\\/portfolio-de-design\\\/design-de-cuisine-a-westmount\\\/#primaryimage\"},\"thumbnailUrl\":\"https:\\\/\\\/versastyledesign.ca\\\/wp-content\\\/uploads\\\/2024\\\/01\\\/Design-de-cuisine-a-Westmount-3.jpg\",\"datePublished\":\"2024-01-14T19:35:59+00:00\",\"dateModified\":\"2024-01-18T15:02:33+00:00\",\"description\":\"Le client souhaitait une cuisine lumineuse et color\u00e9e avec une harmonie se prolongeant jusqu'\u00e0 la salle \u00e0 manger attenante.\",\"breadcrumb\":{\"@id\":\"https:\\\/\\\/versastyledesign.ca\\\/fr\\\/portfolio-de-design\\\/design-de-cuisine-a-westmount\\\/#breadcrumb\"},\"inLanguage\":\"fr-CA\",\"potentialAction\":[{\"@type\":\"ReadAction\",\"target\":[\"https:\\\/\\\/versastyledesign.ca\\\/fr\\\/portfolio-de-design\\\/design-de-cuisine-a-westmount\\\/\"]}]},{\"@type\":\"ImageObject\",\"inLanguage\":\"fr-CA\",\"@id\":\"https:\\\/\\\/versastyledesign.ca\\\/fr\\\/portfolio-de-design\\\/design-de-cuisine-a-westmount\\\/#primaryimage\",\"url\":\"https:\\\/\\\/versastyledesign.ca\\\/wp-content\\\/uploads\\\/2024\\\/01\\\/Design-de-cuisine-a-Westmount-3.jpg\",\"contentUrl\":\"https:\\\/\\\/versastyledesign.ca\\\/wp-content\\\/uploads\\\/2024\\\/01\\\/Design-de-cuisine-a-Westmount-3.jpg\",\"width\":938,\"height\":1250,\"caption\":\"Design-de-cuisine-a-Westmount\"},{\"@type\":\"BreadcrumbList\",\"@id\":\"https:\\\/\\\/versastyledesign.ca\\\/fr\\\/portfolio-de-design\\\/design-de-cuisine-a-westmount\\\/#breadcrumb\",\"itemListElement\":[{\"@type\":\"ListItem\",\"position\":1,\"name\":\"Accueil\",\"item\":\"http:\\\/\\\/new.versastyledesign.ca\\\/fr\\\/\"},{\"@type\":\"ListItem\",\"position\":2,\"name\":\"Portfolio de Design\",\"item\":\"http:\\\/\\\/new.versastyledesign.ca\\\/fr\\\/design-portfolio\\\/\"},{\"@type\":\"ListItem\",\"position\":3,\"name\":\"Design de cuisine \u00e0 Westmount\"}]},{\"@type\":\"WebSite\",\"@id\":\"http:\\\/\\\/new.versastyledesign.ca\\\/fr\\\/#website\",\"url\":\"http:\\\/\\\/new.versastyledesign.ca\\\/fr\\\/\",\"name\":\"Versa Style Design\",\"description\":\"Design d&#039;int\u00e9rieur et r\u00e9novations \u00e0 Montr\u00e9al\",\"publisher\":{\"@id\":\"http:\\\/\\\/new.versastyledesign.ca\\\/fr\\\/#organization\"},\"potentialAction\":[{\"@type\":\"SearchAction\",\"target\":{\"@type\":\"EntryPoint\",\"urlTemplate\":\"http:\\\/\\\/new.versastyledesign.ca\\\/fr\\\/?s={search_term_string}\"},\"query-input\":{\"@type\":\"PropertyValueSpecification\",\"valueRequired\":true,\"valueName\":\"search_term_string\"}}],\"inLanguage\":\"fr-CA\"},{\"@type\":\"Organization\",\"@id\":\"http:\\\/\\\/new.versastyledesign.ca\\\/fr\\\/#organization\",\"name\":\"Versa Style Design\",\"url\":\"http:\\\/\\\/new.versastyledesign.ca\\\/fr\\\/\",\"logo\":{\"@type\":\"ImageObject\",\"inLanguage\":\"fr-CA\",\"@id\":\"http:\\\/\\\/new.versastyledesign.ca\\\/fr\\\/#\\\/schema\\\/logo\\\/image\\\/\",\"url\":\"https:\\\/\\\/versastyledesign.ca\\\/wp-content\\\/uploads\\\/2019\\\/11\\\/Versa-Style-Design-logo.jpg\",\"contentUrl\":\"https:\\\/\\\/versastyledesign.ca\\\/wp-content\\\/uploads\\\/2019\\\/11\\\/Versa-Style-Design-logo.jpg\",\"width\":2099,\"height\":670,\"caption\":\"Versa Style Design\"},\"image\":{\"@id\":\"http:\\\/\\\/new.versastyledesign.ca\\\/fr\\\/#\\\/schema\\\/logo\\\/image\\\/\"},\"sameAs\":[\"https:\\\/\\\/www.facebook.com\\\/Versastyledesign?ref=hl\",\"https:\\\/\\\/x.com\\\/luciepitt\",\"https:\\\/\\\/www.instagram.com\\\/versastyledesign\\\/\",\"https:\\\/\\\/www.linkedin.com\\\/in\\\/lucie-pitt-54b0ba85\",\"https:\\\/\\\/www.pinterest.com\\\/versastyledesign\\\/\"]}]}<\/script>\n<!-- \/ Yoast SEO plugin. -->","yoast_head_json":{"title":"Design de cuisine \u00e0 Westmount - Versa Style Design","description":"Le client souhaitait une cuisine lumineuse et color\u00e9e avec une harmonie se prolongeant jusqu'\u00e0 la salle \u00e0 manger attenante.","robots":{"index":"index","follow":"follow","max-snippet":"max-snippet:-1","max-image-preview":"max-image-preview:large","max-video-preview":"max-video-preview:-1"},"canonical":"https:\/\/versastyledesign.ca\/fr\/portfolio-de-design\/design-de-cuisine-a-westmount\/","og_locale":"fr_CA","og_type":"article","og_title":"Design de cuisine \u00e0 Westmount - Versa Style Design","og_description":"Le client souhaitait une cuisine lumineuse et color\u00e9e avec une harmonie se prolongeant jusqu'\u00e0 la salle \u00e0 manger attenante.","og_url":"https:\/\/versastyledesign.ca\/fr\/portfolio-de-design\/design-de-cuisine-a-westmount\/","og_site_name":"Versa Style Design","article_publisher":"https:\/\/www.facebook.com\/Versastyledesign?ref=hl","article_modified_time":"2024-01-18T15:02:33+00:00","og_image":[{"width":938,"height":1250,"url":"https:\/\/new.versastyledesign.ca\/wp-content\/uploads\/2024\/01\/Design-de-cuisine-a-Westmount-3.jpg","type":"image\/jpeg"}],"twitter_misc":{"Estimation du temps de lecture":"3 minutes"},"schema":{"@context":"https:\/\/schema.org","@graph":[{"@type":"WebPage","@id":"https:\/\/versastyledesign.ca\/fr\/portfolio-de-design\/design-de-cuisine-a-westmount\/","url":"https:\/\/versastyledesign.ca\/fr\/portfolio-de-design\/design-de-cuisine-a-westmount\/","name":"Design de cuisine \u00e0 Westmount - Versa Style Design","isPartOf":{"@id":"http:\/\/new.versastyledesign.ca\/fr\/#website"},"primaryImageOfPage":{"@id":"https:\/\/versastyledesign.ca\/fr\/portfolio-de-design\/design-de-cuisine-a-westmount\/#primaryimage"},"image":{"@id":"https:\/\/versastyledesign.ca\/fr\/portfolio-de-design\/design-de-cuisine-a-westmount\/#primaryimage"},"thumbnailUrl":"https:\/\/versastyledesign.ca\/wp-content\/uploads\/2024\/01\/Design-de-cuisine-a-Westmount-3.jpg","datePublished":"2024-01-14T19:35:59+00:00","dateModified":"2024-01-18T15:02:33+00:00","description":"Le client souhaitait une cuisine lumineuse et color\u00e9e avec une harmonie se prolongeant jusqu'\u00e0 la salle \u00e0 manger attenante.","breadcrumb":{"@id":"https:\/\/versastyledesign.ca\/fr\/portfolio-de-design\/design-de-cuisine-a-westmount\/#breadcrumb"},"inLanguage":"fr-CA","potentialAction":[{"@type":"ReadAction","target":["https:\/\/versastyledesign.ca\/fr\/portfolio-de-design\/design-de-cuisine-a-westmount\/"]}]},{"@type":"ImageObject","inLanguage":"fr-CA","@id":"https:\/\/versastyledesign.ca\/fr\/portfolio-de-design\/design-de-cuisine-a-westmount\/#primaryimage","url":"https:\/\/versastyledesign.ca\/wp-content\/uploads\/2024\/01\/Design-de-cuisine-a-Westmount-3.jpg","contentUrl":"https:\/\/versastyledesign.ca\/wp-content\/uploads\/2024\/01\/Design-de-cuisine-a-Westmount-3.jpg","width":938,"height":1250,"caption":"Design-de-cuisine-a-Westmount"},{"@type":"BreadcrumbList","@id":"https:\/\/versastyledesign.ca\/fr\/portfolio-de-design\/design-de-cuisine-a-westmount\/#breadcrumb","itemListElement":[{"@type":"ListItem","position":1,"name":"Accueil","item":"http:\/\/new.versastyledesign.ca\/fr\/"},{"@type":"ListItem","position":2,"name":"Portfolio de Design","item":"http:\/\/new.versastyledesign.ca\/fr\/design-portfolio\/"},{"@type":"ListItem","position":3,"name":"Design de cuisine \u00e0 Westmount"}]},{"@type":"WebSite","@id":"http:\/\/new.versastyledesign.ca\/fr\/#website","url":"http:\/\/new.versastyledesign.ca\/fr\/","name":"Versa Style Design","description":"Design d&#039;int\u00e9rieur et r\u00e9novations \u00e0 Montr\u00e9al","publisher":{"@id":"http:\/\/new.versastyledesign.ca\/fr\/#organization"},"potentialAction":[{"@type":"SearchAction","target":{"@type":"EntryPoint","urlTemplate":"http:\/\/new.versastyledesign.ca\/fr\/?s={search_term_string}"},"query-input":{"@type":"PropertyValueSpecification","valueRequired":true,"valueName":"search_term_string"}}],"inLanguage":"fr-CA"},{"@type":"Organization","@id":"http:\/\/new.versastyledesign.ca\/fr\/#organization","name":"Versa Style Design","url":"http:\/\/new.versastyledesign.ca\/fr\/","logo":{"@type":"ImageObject","inLanguage":"fr-CA","@id":"http:\/\/new.versastyledesign.ca\/fr\/#\/schema\/logo\/image\/","url":"https:\/\/versastyledesign.ca\/wp-content\/uploads\/2019\/11\/Versa-Style-Design-logo.jpg","contentUrl":"https:\/\/versastyledesign.ca\/wp-content\/uploads\/2019\/11\/Versa-Style-Design-logo.jpg","width":2099,"height":670,"caption":"Versa Style Design"},"image":{"@id":"http:\/\/new.versastyledesign.ca\/fr\/#\/schema\/logo\/image\/"},"sameAs":["https:\/\/www.facebook.com\/Versastyledesign?ref=hl","https:\/\/x.com\/luciepitt","https:\/\/www.instagram.com\/versastyledesign\/","https:\/\/www.linkedin.com\/in\/lucie-pitt-54b0ba85","https:\/\/www.pinterest.com\/versastyledesign\/"]}]}},"coauthors":[],"author_meta":{"author_link":"https:\/\/versastyledesign.ca\/fr\/author\/lucie-pitt\/","display_name":"Lucie Pitt"},"relative_dates":{"created":"Posted 2 ann\u00e9es ago","modified":"Updated 2 ann\u00e9es ago"},"absolute_dates":{"created":"Posted on 14 janvier 2024","modified":"Updated on 18 janvier 2024"},"absolute_dates_time":{"created":"Posted on 14 janvier 2024 14 h 35 min","modified":"Updated on 18 janvier 2024 10 h 02 min"},"featured_img_caption":"","featured_img":"https:\/\/versastyledesign.ca\/wp-content\/uploads\/2024\/01\/Design-de-cuisine-a-Westmount-3.jpg","series_order":"","_links":{"self":[{"href":"https:\/\/versastyledesign.ca\/fr\/wp-json\/wp\/v2\/pages\/27284","targetHints":{"allow":["GET"]}}],"collection":[{"href":"https:\/\/versastyledesign.ca\/fr\/wp-json\/wp\/v2\/pages"}],"about":[{"href":"https:\/\/versastyledesign.ca\/fr\/wp-json\/wp\/v2\/types\/page"}],"author":[{"embeddable":true,"href":"https:\/\/versastyledesign.ca\/fr\/wp-json\/wp\/v2\/users\/2"}],"replies":[{"embeddable":true,"href":"https:\/\/versastyledesign.ca\/fr\/wp-json\/wp\/v2\/comments?post=27284"}],"version-history":[{"count":3,"href":"https:\/\/versastyledesign.ca\/fr\/wp-json\/wp\/v2\/pages\/27284\/revisions"}],"predecessor-version":[{"id":27302,"href":"https:\/\/versastyledesign.ca\/fr\/wp-json\/wp\/v2\/pages\/27284\/revisions\/27302"}],"up":[{"embeddable":true,"href":"https:\/\/versastyledesign.ca\/fr\/wp-json\/wp\/v2\/pages\/1840"}],"wp:featuredmedia":[{"embeddable":true,"href":"https:\/\/versastyledesign.ca\/fr\/wp-json\/wp\/v2\/media\/27285"}],"wp:attachment":[{"href":"https:\/\/versastyledesign.ca\/fr\/wp-json\/wp\/v2\/media?parent=27284"}],"curies":[{"name":"wp","href":"https:\/\/api.w.org\/{rel}","templated":true}]}}