{"id":27382,"date":"2024-02-01T14:12:18","date_gmt":"2024-02-01T19:12:18","guid":{"rendered":"https:\/\/versastyledesign.ca\/?page_id=27382"},"modified":"2024-03-30T10:08:17","modified_gmt":"2024-03-30T14:08:17","slug":"amenagement-exterieur-et-relooking-de-couleurs-a-terrebonne","status":"publish","type":"page","link":"https:\/\/versastyledesign.ca\/fr\/portfolio-de-design\/amenagement-exterieur-et-relooking-de-couleurs-a-terrebonne\/","title":{"rendered":"Am\u00e9nagement ext\u00e9rieur et relooking de couleurs \u00e0 Terrebonne"},"content":{"rendered":"\n<figure class=\"wp-block-gallery has-nested-images columns-default is-cropped wp-block-gallery-1 is-layout-flex wp-block-gallery-is-layout-flex\">\n<figure class=\"wp-block-image size-large\"><a href=\"https:\/\/versastyledesign.ca\/wp-content\/uploads\/2024\/02\/Amenagement-exterieur-et-relooking-de-couleurs-a-Terrebonne-3-1-1024x673.jpg\"><img loading=\"lazy\" decoding=\"async\" width=\"1024\" height=\"673\" data-id=\"27394\" src=\"https:\/\/versastyledesign.ca\/wp-content\/uploads\/2024\/02\/Amenagement-exterieur-et-relooking-de-couleurs-a-Terrebonne-3-1-1024x673.jpg\" alt=\"Amenagement exterieur et relooking de couleurs a Terrebonne\" class=\"wp-image-27394\" srcset=\"https:\/\/versastyledesign.ca\/wp-content\/uploads\/2024\/02\/Amenagement-exterieur-et-relooking-de-couleurs-a-Terrebonne-3-1-1024x673.jpg 1024w, https:\/\/versastyledesign.ca\/wp-content\/uploads\/2024\/02\/Amenagement-exterieur-et-relooking-de-couleurs-a-Terrebonne-3-1-300x197.jpg 300w, https:\/\/versastyledesign.ca\/wp-content\/uploads\/2024\/02\/Amenagement-exterieur-et-relooking-de-couleurs-a-Terrebonne-3-1-768x504.jpg 768w, https:\/\/versastyledesign.ca\/wp-content\/uploads\/2024\/02\/Amenagement-exterieur-et-relooking-de-couleurs-a-Terrebonne-3-1.jpg 1250w\" sizes=\"auto, (max-width: 1024px) 100vw, 1024px\" \/><\/a><\/figure>\n\n\n\n<figure class=\"wp-block-image size-large\"><a href=\"https:\/\/versastyledesign.ca\/wp-content\/uploads\/2024\/02\/Amenagement-exterieur-et-relooking-de-couleurs-a-Terrebonne-4-1024x600.jpg\"><img loading=\"lazy\" decoding=\"async\" width=\"1024\" height=\"600\" data-id=\"27384\" src=\"https:\/\/versastyledesign.ca\/wp-content\/uploads\/2024\/02\/Amenagement-exterieur-et-relooking-de-couleurs-a-Terrebonne-4-1024x600.jpg\" alt=\"Am\u00e9nagement ext\u00e9rieur et relooking de couleurs \u00e0 Terrebonne\" class=\"wp-image-27384\" srcset=\"https:\/\/versastyledesign.ca\/wp-content\/uploads\/2024\/02\/Amenagement-exterieur-et-relooking-de-couleurs-a-Terrebonne-4-1024x600.jpg 1024w, https:\/\/versastyledesign.ca\/wp-content\/uploads\/2024\/02\/Amenagement-exterieur-et-relooking-de-couleurs-a-Terrebonne-4-300x176.jpg 300w, https:\/\/versastyledesign.ca\/wp-content\/uploads\/2024\/02\/Amenagement-exterieur-et-relooking-de-couleurs-a-Terrebonne-4-768x450.jpg 768w, https:\/\/versastyledesign.ca\/wp-content\/uploads\/2024\/02\/Amenagement-exterieur-et-relooking-de-couleurs-a-Terrebonne-4.jpg 1250w\" sizes=\"auto, (max-width: 1024px) 100vw, 1024px\" \/><\/a><\/figure>\n\n\n\n<figure class=\"wp-block-image size-large\"><a href=\"https:\/\/versastyledesign.ca\/wp-content\/uploads\/2024\/02\/Amenagement-exterieur-et-relooking-de-couleurs-a-Terrebonne-5-940x1024.jpg\"><img loading=\"lazy\" decoding=\"async\" width=\"940\" height=\"1024\" data-id=\"27390\" src=\"https:\/\/versastyledesign.ca\/wp-content\/uploads\/2024\/02\/Amenagement-exterieur-et-relooking-de-couleurs-a-Terrebonne-5-940x1024.jpg\" alt=\"Am\u00e9nagement ext\u00e9rieur et relooking de couleurs \u00e0 Terrebonne\" class=\"wp-image-27390\" srcset=\"https:\/\/versastyledesign.ca\/wp-content\/uploads\/2024\/02\/Amenagement-exterieur-et-relooking-de-couleurs-a-Terrebonne-5-940x1024.jpg 940w, https:\/\/versastyledesign.ca\/wp-content\/uploads\/2024\/02\/Amenagement-exterieur-et-relooking-de-couleurs-a-Terrebonne-5-275x300.jpg 275w, https:\/\/versastyledesign.ca\/wp-content\/uploads\/2024\/02\/Amenagement-exterieur-et-relooking-de-couleurs-a-Terrebonne-5-768x837.jpg 768w, https:\/\/versastyledesign.ca\/wp-content\/uploads\/2024\/02\/Amenagement-exterieur-et-relooking-de-couleurs-a-Terrebonne-5.jpg 1147w\" sizes=\"auto, (max-width: 940px) 100vw, 940px\" \/><\/a><\/figure>\n\n\n\n<figure class=\"wp-block-image size-large\"><a href=\"https:\/\/versastyledesign.ca\/wp-content\/uploads\/2024\/02\/Amenagement-exterieur-et-relooking-de-couleurs-a-Terrebonne-1-1024x667.jpg\"><img loading=\"lazy\" decoding=\"async\" width=\"1024\" height=\"667\" data-id=\"27385\" src=\"https:\/\/versastyledesign.ca\/wp-content\/uploads\/2024\/02\/Amenagement-exterieur-et-relooking-de-couleurs-a-Terrebonne-1-1024x667.jpg\" alt=\"Am\u00e9nagement ext\u00e9rieur et relooking de couleurs \u00e0 Terrebonne\" class=\"wp-image-27385\" srcset=\"https:\/\/versastyledesign.ca\/wp-content\/uploads\/2024\/02\/Amenagement-exterieur-et-relooking-de-couleurs-a-Terrebonne-1-1024x667.jpg 1024w, https:\/\/versastyledesign.ca\/wp-content\/uploads\/2024\/02\/Amenagement-exterieur-et-relooking-de-couleurs-a-Terrebonne-1-300x195.jpg 300w, https:\/\/versastyledesign.ca\/wp-content\/uploads\/2024\/02\/Amenagement-exterieur-et-relooking-de-couleurs-a-Terrebonne-1-768x500.jpg 768w, https:\/\/versastyledesign.ca\/wp-content\/uploads\/2024\/02\/Amenagement-exterieur-et-relooking-de-couleurs-a-Terrebonne-1.jpg 1250w\" sizes=\"auto, (max-width: 1024px) 100vw, 1024px\" \/><\/a><\/figure>\n\n\n\n<figure class=\"wp-block-image size-large\"><a href=\"https:\/\/versastyledesign.ca\/wp-content\/uploads\/2024\/02\/Amenagement-exterieur-et-relooking-de-couleurs-a-Terrebonne-2-1024x778.jpg\"><img loading=\"lazy\" decoding=\"async\" width=\"1024\" height=\"778\" data-id=\"27388\" src=\"https:\/\/versastyledesign.ca\/wp-content\/uploads\/2024\/02\/Amenagement-exterieur-et-relooking-de-couleurs-a-Terrebonne-2-1024x778.jpg\" alt=\"Am\u00e9nagement ext\u00e9rieur et relooking de couleurs \u00e0 Terrebonne\" class=\"wp-image-27388\" srcset=\"https:\/\/versastyledesign.ca\/wp-content\/uploads\/2024\/02\/Amenagement-exterieur-et-relooking-de-couleurs-a-Terrebonne-2-1024x778.jpg 1024w, https:\/\/versastyledesign.ca\/wp-content\/uploads\/2024\/02\/Amenagement-exterieur-et-relooking-de-couleurs-a-Terrebonne-2-300x228.jpg 300w, https:\/\/versastyledesign.ca\/wp-content\/uploads\/2024\/02\/Amenagement-exterieur-et-relooking-de-couleurs-a-Terrebonne-2-768x584.jpg 768w, https:\/\/versastyledesign.ca\/wp-content\/uploads\/2024\/02\/Amenagement-exterieur-et-relooking-de-couleurs-a-Terrebonne-2.jpg 1250w\" sizes=\"auto, (max-width: 1024px) 100vw, 1024px\" \/><\/a><\/figure>\n\n\n\n<figure class=\"wp-block-image size-large\"><a href=\"https:\/\/versastyledesign.ca\/wp-content\/uploads\/2024\/02\/Amenagement-exterieur-et-relooking-de-couleurs-a-Terrebonne-6-1024x729.jpg\"><img loading=\"lazy\" decoding=\"async\" width=\"1024\" height=\"729\" data-id=\"27392\" src=\"https:\/\/versastyledesign.ca\/wp-content\/uploads\/2024\/02\/Amenagement-exterieur-et-relooking-de-couleurs-a-Terrebonne-6-1024x729.jpg\" alt=\"Am\u00e9nagement ext\u00e9rieur et relooking de couleurs \u00e0 Terrebonne\" class=\"wp-image-27392\" srcset=\"https:\/\/versastyledesign.ca\/wp-content\/uploads\/2024\/02\/Amenagement-exterieur-et-relooking-de-couleurs-a-Terrebonne-6-1024x729.jpg 1024w, https:\/\/versastyledesign.ca\/wp-content\/uploads\/2024\/02\/Amenagement-exterieur-et-relooking-de-couleurs-a-Terrebonne-6-300x214.jpg 300w, https:\/\/versastyledesign.ca\/wp-content\/uploads\/2024\/02\/Amenagement-exterieur-et-relooking-de-couleurs-a-Terrebonne-6-768x547.jpg 768w, https:\/\/versastyledesign.ca\/wp-content\/uploads\/2024\/02\/Amenagement-exterieur-et-relooking-de-couleurs-a-Terrebonne-6.jpg 1250w\" sizes=\"auto, (max-width: 1024px) 100vw, 1024px\" \/><\/a><\/figure>\n<\/figure>\n\n\n\n<div style=\"height:100px\" aria-hidden=\"true\" class=\"wp-block-spacer\"><\/div>\n\n\n\n<div class=\"wp-block-group\"><div class=\"wp-block-group__inner-container is-layout-constrained wp-block-group-is-layout-constrained\">\n<div class=\"wp-block-columns are-vertically-aligned-center is-layout-flex wp-container-core-columns-is-layout-9d6595d7 wp-block-columns-is-layout-flex\">\n<div class=\"wp-block-column is-vertically-aligned-center is-layout-flow wp-block-column-is-layout-flow\"><div class=\"wp-block-image\">\n<figure class=\"aligncenter size-large\"><img loading=\"lazy\" decoding=\"async\" width=\"1024\" height=\"1024\" src=\"https:\/\/versastyledesign.ca\/wp-content\/uploads\/2023\/10\/Les-4-essentiels-pour-un-espace-exterieur-accueillant-2-1024x1024.jpg\" alt=\"Services de design ext\u00e9rieur \u00e0 Montr\u00e9al\" class=\"wp-image-32050\" srcset=\"https:\/\/versastyledesign.ca\/wp-content\/uploads\/2023\/10\/Les-4-essentiels-pour-un-espace-exterieur-accueillant-2-1024x1024.jpg 1024w, https:\/\/versastyledesign.ca\/wp-content\/uploads\/2023\/10\/Les-4-essentiels-pour-un-espace-exterieur-accueillant-2-300x300.jpg 300w, https:\/\/versastyledesign.ca\/wp-content\/uploads\/2023\/10\/Les-4-essentiels-pour-un-espace-exterieur-accueillant-2-200x200.jpg 200w, https:\/\/versastyledesign.ca\/wp-content\/uploads\/2023\/10\/Les-4-essentiels-pour-un-espace-exterieur-accueillant-2-768x768.jpg 768w, https:\/\/versastyledesign.ca\/wp-content\/uploads\/2023\/10\/Les-4-essentiels-pour-un-espace-exterieur-accueillant-2.jpg 1250w\" sizes=\"auto, (max-width: 1024px) 100vw, 1024px\" \/><\/figure>\n<\/div><\/div>\n\n\n\n<div class=\"wp-block-column is-vertically-aligned-center is-layout-flow wp-block-column-is-layout-flow\">\n<h2 class=\"wp-block-heading has-text-align-center\">Services de design ext\u00e9rieur \u00e0 Montr\u00e9al<\/h2>\n\n\n\n<p class=\"has-text-align-center\">Pour en savoir plus sur nos services d\u2019am\u00e9nagement ext\u00e9rieur offerts dans la grande r\u00e9gion de Montr\u00e9al.<\/p>\n\n\n\n<div class=\"wp-block-buttons is-content-justification-center is-layout-flex wp-container-core-buttons-is-layout-16018d1d wp-block-buttons-is-layout-flex\">\n<div class=\"wp-block-button button-custom aligncenter\"><a class=\"wp-block-button__link has-background wp-element-button\" href=\"\/fr?page_id=1909\" style=\"background-color:#d53652\">Design ext\u00e9rieure<\/a><\/div>\n<\/div>\n<\/div>\n<\/div>\n<\/div><\/div>\n\n\n\n<div style=\"height:50px\" aria-hidden=\"true\" class=\"wp-block-spacer\"><\/div>\n\n\n\n<h2 class=\"wp-block-heading\"><strong>\u00cates-vous situ\u00e9 dans la grande r\u00e9gion de Montr\u00e9al?<\/strong><\/h2>\n\n\n\n<p class=\"has-text-align-center\"><strong>Donnez vie \u00e0 votre projet de design avec Lucie.<\/strong><\/p>\n\n\n\n<div class=\"wp-block-buttons is-content-justification-center is-layout-flex wp-container-core-buttons-is-layout-16018d1d wp-block-buttons-is-layout-flex\">\n<div class=\"wp-block-button button-inverse\"><a class=\"wp-block-button__link has-text-color has-background has-link-color wp-element-button\" href=\"\/fr\/forfait-de-design-interieur\/versa-style-design-premiere-consultation\/\" style=\"color:#d53652;background-color:#f3f3f3\">Premi\u00e8re consultation<\/a><\/div>\n<\/div>\n\n\n\n<div style=\"height:25px\" aria-hidden=\"true\" class=\"wp-block-spacer\"><\/div>\n<p><a href=\"\/\/www.pinterest.com\/pin\/create\/button\/\" data-pin-do=\"buttonBookmark\" data-pin-color=\"red\" data-pin-height=\"128\"><img decoding=\"async\" src=\"\/\/assets.pinterest.com\/images\/pidgets\/pinit_fg_en_rect_red_28.png\" \/><\/a><\/p>","protected":false},"excerpt":{"rendered":"","protected":false},"author":2,"featured_media":27394,"parent":1840,"menu_order":0,"comment_status":"closed","ping_status":"closed","template":"","meta":{"advgb_blocks_editor_width":"","advgb_blocks_columns_visual_guide":"","_genesis_hide_title":false,"_genesis_hide_breadcrumbs":false,"_genesis_hide_singular_image":false,"_genesis_hide_footer_widgets":false,"_genesis_custom_body_class":"","_genesis_custom_post_class":"","_genesis_layout":"","footnotes":""},"class_list":{"0":"post-27382","1":"page","2":"type-page","3":"status-publish","4":"has-post-thumbnail","6":"entry"},"yoast_head":"<!-- This site is optimized with the Yoast SEO plugin v27.4 - https:\/\/yoast.com\/product\/yoast-seo-wordpress\/ -->\n<title>Am\u00e9nagement ext\u00e9rieur et relooking de couleurs \u00e0 Terrebonne - Versa Style Design<\/title>\n<meta name=\"description\" content=\"Portfolio d&#039;am\u00e9nagement ext\u00e9rieur et relooking de couleurs \u00e0 Terrebonne\" \/>\n<meta name=\"robots\" content=\"index, follow, max-snippet:-1, max-image-preview:large, max-video-preview:-1\" \/>\n<link rel=\"canonical\" href=\"https:\/\/versastyledesign.ca\/fr\/portfolio-de-design\/amenagement-exterieur-et-relooking-de-couleurs-a-terrebonne\/\" \/>\n<meta property=\"og:locale\" content=\"fr_CA\" \/>\n<meta property=\"og:type\" content=\"article\" \/>\n<meta property=\"og:title\" content=\"Am\u00e9nagement ext\u00e9rieur et relooking de couleurs \u00e0 Terrebonne - Versa Style Design\" \/>\n<meta property=\"og:description\" content=\"Portfolio d&#039;am\u00e9nagement ext\u00e9rieur et relooking de couleurs \u00e0 Terrebonne\" \/>\n<meta property=\"og:url\" content=\"https:\/\/versastyledesign.ca\/fr\/portfolio-de-design\/amenagement-exterieur-et-relooking-de-couleurs-a-terrebonne\/\" \/>\n<meta property=\"og:site_name\" content=\"Versa Style Design\" \/>\n<meta property=\"article:publisher\" content=\"https:\/\/www.facebook.com\/Versastyledesign?ref=hl\" \/>\n<meta property=\"article:modified_time\" content=\"2024-03-30T14:08:17+00:00\" \/>\n<meta property=\"og:image\" content=\"https:\/\/new.versastyledesign.ca\/wp-content\/uploads\/2024\/02\/Amenagement-exterieur-et-relooking-de-couleurs-a-Terrebonne-3-1.jpg\" \/>\n\t<meta property=\"og:image:width\" content=\"1250\" \/>\n\t<meta property=\"og:image:height\" content=\"821\" \/>\n\t<meta property=\"og:image:type\" content=\"image\/jpeg\" \/>\n<meta name=\"twitter:label1\" content=\"Estimation du temps de lecture\" \/>\n\t<meta name=\"twitter:data1\" content=\"2 minutes\" \/>\n<script type=\"application\/ld+json\" class=\"yoast-schema-graph\">{\"@context\":\"https:\\\/\\\/schema.org\",\"@graph\":[{\"@type\":\"WebPage\",\"@id\":\"https:\\\/\\\/versastyledesign.ca\\\/fr\\\/portfolio-de-design\\\/amenagement-exterieur-et-relooking-de-couleurs-a-terrebonne\\\/\",\"url\":\"https:\\\/\\\/versastyledesign.ca\\\/fr\\\/portfolio-de-design\\\/amenagement-exterieur-et-relooking-de-couleurs-a-terrebonne\\\/\",\"name\":\"Am\u00e9nagement ext\u00e9rieur et relooking de couleurs \u00e0 Terrebonne - Versa Style Design\",\"isPartOf\":{\"@id\":\"http:\\\/\\\/new.versastyledesign.ca\\\/fr\\\/#website\"},\"primaryImageOfPage\":{\"@id\":\"https:\\\/\\\/versastyledesign.ca\\\/fr\\\/portfolio-de-design\\\/amenagement-exterieur-et-relooking-de-couleurs-a-terrebonne\\\/#primaryimage\"},\"image\":{\"@id\":\"https:\\\/\\\/versastyledesign.ca\\\/fr\\\/portfolio-de-design\\\/amenagement-exterieur-et-relooking-de-couleurs-a-terrebonne\\\/#primaryimage\"},\"thumbnailUrl\":\"https:\\\/\\\/versastyledesign.ca\\\/wp-content\\\/uploads\\\/2024\\\/02\\\/Amenagement-exterieur-et-relooking-de-couleurs-a-Terrebonne-3-1.jpg\",\"datePublished\":\"2024-02-01T19:12:18+00:00\",\"dateModified\":\"2024-03-30T14:08:17+00:00\",\"description\":\"Portfolio d'am\u00e9nagement ext\u00e9rieur et relooking de couleurs \u00e0 Terrebonne\",\"breadcrumb\":{\"@id\":\"https:\\\/\\\/versastyledesign.ca\\\/fr\\\/portfolio-de-design\\\/amenagement-exterieur-et-relooking-de-couleurs-a-terrebonne\\\/#breadcrumb\"},\"inLanguage\":\"fr-CA\",\"potentialAction\":[{\"@type\":\"ReadAction\",\"target\":[\"https:\\\/\\\/versastyledesign.ca\\\/fr\\\/portfolio-de-design\\\/amenagement-exterieur-et-relooking-de-couleurs-a-terrebonne\\\/\"]}]},{\"@type\":\"ImageObject\",\"inLanguage\":\"fr-CA\",\"@id\":\"https:\\\/\\\/versastyledesign.ca\\\/fr\\\/portfolio-de-design\\\/amenagement-exterieur-et-relooking-de-couleurs-a-terrebonne\\\/#primaryimage\",\"url\":\"https:\\\/\\\/versastyledesign.ca\\\/wp-content\\\/uploads\\\/2024\\\/02\\\/Amenagement-exterieur-et-relooking-de-couleurs-a-Terrebonne-3-1.jpg\",\"contentUrl\":\"https:\\\/\\\/versastyledesign.ca\\\/wp-content\\\/uploads\\\/2024\\\/02\\\/Amenagement-exterieur-et-relooking-de-couleurs-a-Terrebonne-3-1.jpg\",\"width\":1250,\"height\":821,\"caption\":\"Amenagement exterieur et relooking de couleurs a Terrebonne\"},{\"@type\":\"BreadcrumbList\",\"@id\":\"https:\\\/\\\/versastyledesign.ca\\\/fr\\\/portfolio-de-design\\\/amenagement-exterieur-et-relooking-de-couleurs-a-terrebonne\\\/#breadcrumb\",\"itemListElement\":[{\"@type\":\"ListItem\",\"position\":1,\"name\":\"Accueil\",\"item\":\"http:\\\/\\\/new.versastyledesign.ca\\\/fr\\\/\"},{\"@type\":\"ListItem\",\"position\":2,\"name\":\"Portfolio de Design\",\"item\":\"http:\\\/\\\/new.versastyledesign.ca\\\/fr\\\/design-portfolio\\\/\"},{\"@type\":\"ListItem\",\"position\":3,\"name\":\"Am\u00e9nagement ext\u00e9rieur et relooking de couleurs \u00e0 Terrebonne\"}]},{\"@type\":\"WebSite\",\"@id\":\"http:\\\/\\\/new.versastyledesign.ca\\\/fr\\\/#website\",\"url\":\"http:\\\/\\\/new.versastyledesign.ca\\\/fr\\\/\",\"name\":\"Versa Style Design\",\"description\":\"Design d&#039;int\u00e9rieur et r\u00e9novations \u00e0 Montr\u00e9al\",\"publisher\":{\"@id\":\"http:\\\/\\\/new.versastyledesign.ca\\\/fr\\\/#organization\"},\"potentialAction\":[{\"@type\":\"SearchAction\",\"target\":{\"@type\":\"EntryPoint\",\"urlTemplate\":\"http:\\\/\\\/new.versastyledesign.ca\\\/fr\\\/?s={search_term_string}\"},\"query-input\":{\"@type\":\"PropertyValueSpecification\",\"valueRequired\":true,\"valueName\":\"search_term_string\"}}],\"inLanguage\":\"fr-CA\"},{\"@type\":\"Organization\",\"@id\":\"http:\\\/\\\/new.versastyledesign.ca\\\/fr\\\/#organization\",\"name\":\"Versa Style Design\",\"url\":\"http:\\\/\\\/new.versastyledesign.ca\\\/fr\\\/\",\"logo\":{\"@type\":\"ImageObject\",\"inLanguage\":\"fr-CA\",\"@id\":\"http:\\\/\\\/new.versastyledesign.ca\\\/fr\\\/#\\\/schema\\\/logo\\\/image\\\/\",\"url\":\"https:\\\/\\\/versastyledesign.ca\\\/wp-content\\\/uploads\\\/2019\\\/11\\\/Versa-Style-Design-logo.jpg\",\"contentUrl\":\"https:\\\/\\\/versastyledesign.ca\\\/wp-content\\\/uploads\\\/2019\\\/11\\\/Versa-Style-Design-logo.jpg\",\"width\":2099,\"height\":670,\"caption\":\"Versa Style Design\"},\"image\":{\"@id\":\"http:\\\/\\\/new.versastyledesign.ca\\\/fr\\\/#\\\/schema\\\/logo\\\/image\\\/\"},\"sameAs\":[\"https:\\\/\\\/www.facebook.com\\\/Versastyledesign?ref=hl\",\"https:\\\/\\\/x.com\\\/luciepitt\",\"https:\\\/\\\/www.instagram.com\\\/versastyledesign\\\/\",\"https:\\\/\\\/www.linkedin.com\\\/in\\\/lucie-pitt-54b0ba85\",\"https:\\\/\\\/www.pinterest.com\\\/versastyledesign\\\/\"]}]}<\/script>\n<!-- \/ Yoast SEO plugin. -->","yoast_head_json":{"title":"Am\u00e9nagement ext\u00e9rieur et relooking de couleurs \u00e0 Terrebonne - Versa Style Design","description":"Portfolio d'am\u00e9nagement ext\u00e9rieur et relooking de couleurs \u00e0 Terrebonne","robots":{"index":"index","follow":"follow","max-snippet":"max-snippet:-1","max-image-preview":"max-image-preview:large","max-video-preview":"max-video-preview:-1"},"canonical":"https:\/\/versastyledesign.ca\/fr\/portfolio-de-design\/amenagement-exterieur-et-relooking-de-couleurs-a-terrebonne\/","og_locale":"fr_CA","og_type":"article","og_title":"Am\u00e9nagement ext\u00e9rieur et relooking de couleurs \u00e0 Terrebonne - Versa Style Design","og_description":"Portfolio d'am\u00e9nagement ext\u00e9rieur et relooking de couleurs \u00e0 Terrebonne","og_url":"https:\/\/versastyledesign.ca\/fr\/portfolio-de-design\/amenagement-exterieur-et-relooking-de-couleurs-a-terrebonne\/","og_site_name":"Versa Style Design","article_publisher":"https:\/\/www.facebook.com\/Versastyledesign?ref=hl","article_modified_time":"2024-03-30T14:08:17+00:00","og_image":[{"width":1250,"height":821,"url":"https:\/\/new.versastyledesign.ca\/wp-content\/uploads\/2024\/02\/Amenagement-exterieur-et-relooking-de-couleurs-a-Terrebonne-3-1.jpg","type":"image\/jpeg"}],"twitter_misc":{"Estimation du temps de lecture":"2 minutes"},"schema":{"@context":"https:\/\/schema.org","@graph":[{"@type":"WebPage","@id":"https:\/\/versastyledesign.ca\/fr\/portfolio-de-design\/amenagement-exterieur-et-relooking-de-couleurs-a-terrebonne\/","url":"https:\/\/versastyledesign.ca\/fr\/portfolio-de-design\/amenagement-exterieur-et-relooking-de-couleurs-a-terrebonne\/","name":"Am\u00e9nagement ext\u00e9rieur et relooking de couleurs \u00e0 Terrebonne - Versa Style Design","isPartOf":{"@id":"http:\/\/new.versastyledesign.ca\/fr\/#website"},"primaryImageOfPage":{"@id":"https:\/\/versastyledesign.ca\/fr\/portfolio-de-design\/amenagement-exterieur-et-relooking-de-couleurs-a-terrebonne\/#primaryimage"},"image":{"@id":"https:\/\/versastyledesign.ca\/fr\/portfolio-de-design\/amenagement-exterieur-et-relooking-de-couleurs-a-terrebonne\/#primaryimage"},"thumbnailUrl":"https:\/\/versastyledesign.ca\/wp-content\/uploads\/2024\/02\/Amenagement-exterieur-et-relooking-de-couleurs-a-Terrebonne-3-1.jpg","datePublished":"2024-02-01T19:12:18+00:00","dateModified":"2024-03-30T14:08:17+00:00","description":"Portfolio d'am\u00e9nagement ext\u00e9rieur et relooking de couleurs \u00e0 Terrebonne","breadcrumb":{"@id":"https:\/\/versastyledesign.ca\/fr\/portfolio-de-design\/amenagement-exterieur-et-relooking-de-couleurs-a-terrebonne\/#breadcrumb"},"inLanguage":"fr-CA","potentialAction":[{"@type":"ReadAction","target":["https:\/\/versastyledesign.ca\/fr\/portfolio-de-design\/amenagement-exterieur-et-relooking-de-couleurs-a-terrebonne\/"]}]},{"@type":"ImageObject","inLanguage":"fr-CA","@id":"https:\/\/versastyledesign.ca\/fr\/portfolio-de-design\/amenagement-exterieur-et-relooking-de-couleurs-a-terrebonne\/#primaryimage","url":"https:\/\/versastyledesign.ca\/wp-content\/uploads\/2024\/02\/Amenagement-exterieur-et-relooking-de-couleurs-a-Terrebonne-3-1.jpg","contentUrl":"https:\/\/versastyledesign.ca\/wp-content\/uploads\/2024\/02\/Amenagement-exterieur-et-relooking-de-couleurs-a-Terrebonne-3-1.jpg","width":1250,"height":821,"caption":"Amenagement exterieur et relooking de couleurs a Terrebonne"},{"@type":"BreadcrumbList","@id":"https:\/\/versastyledesign.ca\/fr\/portfolio-de-design\/amenagement-exterieur-et-relooking-de-couleurs-a-terrebonne\/#breadcrumb","itemListElement":[{"@type":"ListItem","position":1,"name":"Accueil","item":"http:\/\/new.versastyledesign.ca\/fr\/"},{"@type":"ListItem","position":2,"name":"Portfolio de Design","item":"http:\/\/new.versastyledesign.ca\/fr\/design-portfolio\/"},{"@type":"ListItem","position":3,"name":"Am\u00e9nagement ext\u00e9rieur et relooking de couleurs \u00e0 Terrebonne"}]},{"@type":"WebSite","@id":"http:\/\/new.versastyledesign.ca\/fr\/#website","url":"http:\/\/new.versastyledesign.ca\/fr\/","name":"Versa Style Design","description":"Design d&#039;int\u00e9rieur et r\u00e9novations \u00e0 Montr\u00e9al","publisher":{"@id":"http:\/\/new.versastyledesign.ca\/fr\/#organization"},"potentialAction":[{"@type":"SearchAction","target":{"@type":"EntryPoint","urlTemplate":"http:\/\/new.versastyledesign.ca\/fr\/?s={search_term_string}"},"query-input":{"@type":"PropertyValueSpecification","valueRequired":true,"valueName":"search_term_string"}}],"inLanguage":"fr-CA"},{"@type":"Organization","@id":"http:\/\/new.versastyledesign.ca\/fr\/#organization","name":"Versa Style Design","url":"http:\/\/new.versastyledesign.ca\/fr\/","logo":{"@type":"ImageObject","inLanguage":"fr-CA","@id":"http:\/\/new.versastyledesign.ca\/fr\/#\/schema\/logo\/image\/","url":"https:\/\/versastyledesign.ca\/wp-content\/uploads\/2019\/11\/Versa-Style-Design-logo.jpg","contentUrl":"https:\/\/versastyledesign.ca\/wp-content\/uploads\/2019\/11\/Versa-Style-Design-logo.jpg","width":2099,"height":670,"caption":"Versa Style Design"},"image":{"@id":"http:\/\/new.versastyledesign.ca\/fr\/#\/schema\/logo\/image\/"},"sameAs":["https:\/\/www.facebook.com\/Versastyledesign?ref=hl","https:\/\/x.com\/luciepitt","https:\/\/www.instagram.com\/versastyledesign\/","https:\/\/www.linkedin.com\/in\/lucie-pitt-54b0ba85","https:\/\/www.pinterest.com\/versastyledesign\/"]}]}},"coauthors":[],"author_meta":{"author_link":"https:\/\/versastyledesign.ca\/fr\/author\/lucie-pitt\/","display_name":"Lucie Pitt"},"relative_dates":{"created":"Posted 2 ann\u00e9es ago","modified":"Updated 2 ann\u00e9es ago"},"absolute_dates":{"created":"Posted on 1 f\u00e9vrier 2024","modified":"Updated on 30 mars 2024"},"absolute_dates_time":{"created":"Posted on 1 f\u00e9vrier 2024 14 h 12 min","modified":"Updated on 30 mars 2024 10 h 08 min"},"featured_img_caption":"","featured_img":"https:\/\/versastyledesign.ca\/wp-content\/uploads\/2024\/02\/Amenagement-exterieur-et-relooking-de-couleurs-a-Terrebonne-3-1.jpg","series_order":"","_links":{"self":[{"href":"https:\/\/versastyledesign.ca\/fr\/wp-json\/wp\/v2\/pages\/27382","targetHints":{"allow":["GET"]}}],"collection":[{"href":"https:\/\/versastyledesign.ca\/fr\/wp-json\/wp\/v2\/pages"}],"about":[{"href":"https:\/\/versastyledesign.ca\/fr\/wp-json\/wp\/v2\/types\/page"}],"author":[{"embeddable":true,"href":"https:\/\/versastyledesign.ca\/fr\/wp-json\/wp\/v2\/users\/2"}],"replies":[{"embeddable":true,"href":"https:\/\/versastyledesign.ca\/fr\/wp-json\/wp\/v2\/comments?post=27382"}],"version-history":[{"count":3,"href":"https:\/\/versastyledesign.ca\/fr\/wp-json\/wp\/v2\/pages\/27382\/revisions"}],"predecessor-version":[{"id":27552,"href":"https:\/\/versastyledesign.ca\/fr\/wp-json\/wp\/v2\/pages\/27382\/revisions\/27552"}],"up":[{"embeddable":true,"href":"https:\/\/versastyledesign.ca\/fr\/wp-json\/wp\/v2\/pages\/1840"}],"wp:featuredmedia":[{"embeddable":true,"href":"https:\/\/versastyledesign.ca\/fr\/wp-json\/wp\/v2\/media\/27394"}],"wp:attachment":[{"href":"https:\/\/versastyledesign.ca\/fr\/wp-json\/wp\/v2\/media?parent=27382"}],"curies":[{"name":"wp","href":"https:\/\/api.w.org\/{rel}","templated":true}]}}