{"id":27671,"date":"2024-04-26T11:03:10","date_gmt":"2024-04-26T15:03:10","guid":{"rendered":"https:\/\/versastyledesign.ca\/?page_id=27671"},"modified":"2024-09-19T10:55:31","modified_gmt":"2024-09-19T14:55:31","slug":"design-de-salle-deau-a-pierrefonds","status":"publish","type":"page","link":"https:\/\/versastyledesign.ca\/fr\/portfolio-de-design\/design-de-salle-deau-a-pierrefonds\/","title":{"rendered":"Design de salle d&rsquo;eau \u00e0 Pierrefonds"},"content":{"rendered":"\n<div class=\"wp-block-columns are-vertically-aligned-center is-layout-flex wp-container-core-columns-is-layout-9d6595d7 wp-block-columns-is-layout-flex\">\n<div class=\"wp-block-column is-vertically-aligned-center is-layout-flow wp-block-column-is-layout-flow\">\n<p><strong>Lieu :<\/strong> Pierrefonds, Qu\u00e9bec<\/p>\n\n\n\n<p><strong>Service de design :<\/strong> Plans de conception et de r\u00e9novation, palette de couleurs et concept, toutes les recommandations d&rsquo;achat avec guide d&rsquo;achat.<\/p>\n\n\n\n<p><strong>Mat\u00e9riaux utilis\u00e9s : <\/strong>Vanit\u00e9 murale en bois, comptoir en porcelaine noir mat, carrelage de sol en patchwork de ciment 8&Prime; x 8&Prime;, robinet Riobel noir, peinture Charcoal Sherwin Williams, miroir rond dor\u00e9, plafonnier en ciment gris, applique murale industrielle en laiton.<\/p>\n<\/div>\n\n\n\n<div class=\"wp-block-column is-vertically-aligned-center is-layout-flow wp-block-column-is-layout-flow\">\n<figure class=\"wp-block-image size-large\"><img loading=\"lazy\" decoding=\"async\" width=\"845\" height=\"1024\" src=\"https:\/\/versastyledesign.ca\/wp-content\/uploads\/2024\/04\/Design-de-salle-deau-a-Pierrefonds-2-845x1024.jpg\" alt=\"Design de salle d'eau \u00e0 Pierrefonds\" class=\"wp-image-27674\" srcset=\"https:\/\/versastyledesign.ca\/wp-content\/uploads\/2024\/04\/Design-de-salle-deau-a-Pierrefonds-2-845x1024.jpg 845w, https:\/\/versastyledesign.ca\/wp-content\/uploads\/2024\/04\/Design-de-salle-deau-a-Pierrefonds-2-247x300.jpg 247w, https:\/\/versastyledesign.ca\/wp-content\/uploads\/2024\/04\/Design-de-salle-deau-a-Pierrefonds-2-768x931.jpg 768w, https:\/\/versastyledesign.ca\/wp-content\/uploads\/2024\/04\/Design-de-salle-deau-a-Pierrefonds-2.jpg 1031w\" sizes=\"auto, (max-width: 845px) 100vw, 845px\" \/><\/figure>\n<\/div>\n<\/div>\n\n\n\n<p><strong>Notre mandat :<\/strong> Les clients voulaient une salle d&rsquo;eau sombre et monochrome avec beaucoup de personnalit\u00e9. Nous avons recommand\u00e9 les carreaux de point focal au sol, ajout\u00e9 de la chaleur avec une magnifique vanit\u00e9 de couleur noir en bois et nous avons compl\u00e9t\u00e9 le tout avec un \u00e9vier et un comptoir int\u00e9gr\u00e9s en porcelaine noir mat. La photographie et les accessoires forment un tout et ressortent vraiment sur les murs peints en noir.<\/p>\n\n\n\n<div style=\"height:100px\" aria-hidden=\"true\" class=\"wp-block-spacer\"><\/div>\n\n\n\n<h2 class=\"wp-block-heading\">Portfolio de design de salle d&rsquo;eau par Versa Style Design<\/h2>\n\n\n\n<figure class=\"wp-block-gallery has-nested-images columns-default is-cropped wp-block-gallery-1 is-layout-flex wp-block-gallery-is-layout-flex\">\n<figure class=\"wp-block-image size-large\"><a href=\"https:\/\/versastyledesign.ca\/wp-content\/uploads\/2024\/04\/Design-de-salle-deau-a-Pierrefonds-2-1-845x1024.jpg\"><img loading=\"lazy\" decoding=\"async\" width=\"845\" height=\"1024\" data-id=\"27678\" src=\"https:\/\/versastyledesign.ca\/wp-content\/uploads\/2024\/04\/Design-de-salle-deau-a-Pierrefonds-2-1-845x1024.jpg\" alt=\"Design de salle d'eau \u00e0 Pierrefonds\" class=\"wp-image-27678\" srcset=\"https:\/\/versastyledesign.ca\/wp-content\/uploads\/2024\/04\/Design-de-salle-deau-a-Pierrefonds-2-1-845x1024.jpg 845w, https:\/\/versastyledesign.ca\/wp-content\/uploads\/2024\/04\/Design-de-salle-deau-a-Pierrefonds-2-1-247x300.jpg 247w, https:\/\/versastyledesign.ca\/wp-content\/uploads\/2024\/04\/Design-de-salle-deau-a-Pierrefonds-2-1-768x931.jpg 768w, https:\/\/versastyledesign.ca\/wp-content\/uploads\/2024\/04\/Design-de-salle-deau-a-Pierrefonds-2-1.jpg 1031w\" sizes=\"auto, (max-width: 845px) 100vw, 845px\" \/><\/a><\/figure>\n\n\n\n<figure class=\"wp-block-image size-large\"><a href=\"https:\/\/versastyledesign.ca\/wp-content\/uploads\/2024\/04\/Design-de-salle-deau-a-Pierrefonds-3-771x1024.jpg\"><img loading=\"lazy\" decoding=\"async\" width=\"771\" height=\"1024\" data-id=\"27679\" src=\"https:\/\/versastyledesign.ca\/wp-content\/uploads\/2024\/04\/Design-de-salle-deau-a-Pierrefonds-3-771x1024.jpg\" alt=\"Design de salle d'eau \u00e0 Pierrefonds\" class=\"wp-image-27679\" srcset=\"https:\/\/versastyledesign.ca\/wp-content\/uploads\/2024\/04\/Design-de-salle-deau-a-Pierrefonds-3-771x1024.jpg 771w, https:\/\/versastyledesign.ca\/wp-content\/uploads\/2024\/04\/Design-de-salle-deau-a-Pierrefonds-3-226x300.jpg 226w, https:\/\/versastyledesign.ca\/wp-content\/uploads\/2024\/04\/Design-de-salle-deau-a-Pierrefonds-3-768x1020.jpg 768w, https:\/\/versastyledesign.ca\/wp-content\/uploads\/2024\/04\/Design-de-salle-deau-a-Pierrefonds-3.jpg 941w\" sizes=\"auto, (max-width: 771px) 100vw, 771px\" \/><\/a><\/figure>\n\n\n\n<figure class=\"wp-block-image size-large\"><a href=\"https:\/\/versastyledesign.ca\/wp-content\/uploads\/2024\/04\/Design-de-salle-deau-a-Pierrefonds-4-827x1024.jpg\"><img loading=\"lazy\" decoding=\"async\" width=\"827\" height=\"1024\" data-id=\"27685\" src=\"https:\/\/versastyledesign.ca\/wp-content\/uploads\/2024\/04\/Design-de-salle-deau-a-Pierrefonds-4-827x1024.jpg\" alt=\"Design de salle d'eau \u00e0 Pierrefonds\" class=\"wp-image-27685\" srcset=\"https:\/\/versastyledesign.ca\/wp-content\/uploads\/2024\/04\/Design-de-salle-deau-a-Pierrefonds-4-827x1024.jpg 827w, https:\/\/versastyledesign.ca\/wp-content\/uploads\/2024\/04\/Design-de-salle-deau-a-Pierrefonds-4-242x300.jpg 242w, https:\/\/versastyledesign.ca\/wp-content\/uploads\/2024\/04\/Design-de-salle-deau-a-Pierrefonds-4-768x951.jpg 768w, https:\/\/versastyledesign.ca\/wp-content\/uploads\/2024\/04\/Design-de-salle-deau-a-Pierrefonds-4.jpg 1009w\" sizes=\"auto, (max-width: 827px) 100vw, 827px\" \/><\/a><\/figure>\n\n\n\n<figure class=\"wp-block-image size-large\"><a href=\"https:\/\/versastyledesign.ca\/wp-content\/uploads\/2024\/04\/Design-de-salle-deau-a-Pierrefonds-5-1024x925.jpg\"><img loading=\"lazy\" decoding=\"async\" width=\"1024\" height=\"925\" data-id=\"27682\" src=\"https:\/\/versastyledesign.ca\/wp-content\/uploads\/2024\/04\/Design-de-salle-deau-a-Pierrefonds-5-1024x925.jpg\" alt=\"Design de salle d'eau \u00e0 Pierrefonds\" class=\"wp-image-27682\" srcset=\"https:\/\/versastyledesign.ca\/wp-content\/uploads\/2024\/04\/Design-de-salle-deau-a-Pierrefonds-5-1024x925.jpg 1024w, https:\/\/versastyledesign.ca\/wp-content\/uploads\/2024\/04\/Design-de-salle-deau-a-Pierrefonds-5-300x271.jpg 300w, https:\/\/versastyledesign.ca\/wp-content\/uploads\/2024\/04\/Design-de-salle-deau-a-Pierrefonds-5-768x694.jpg 768w, https:\/\/versastyledesign.ca\/wp-content\/uploads\/2024\/04\/Design-de-salle-deau-a-Pierrefonds-5.jpg 1250w\" sizes=\"auto, (max-width: 1024px) 100vw, 1024px\" \/><\/a><\/figure>\n\n\n\n<figure class=\"wp-block-image size-large\"><a href=\"https:\/\/versastyledesign.ca\/wp-content\/uploads\/2024\/04\/Design-de-salle-deau-a-Pierrefonds-6-1024x1024.jpg\"><img loading=\"lazy\" decoding=\"async\" width=\"1024\" height=\"1024\" data-id=\"27684\" src=\"https:\/\/versastyledesign.ca\/wp-content\/uploads\/2024\/04\/Design-de-salle-deau-a-Pierrefonds-6-1024x1024.jpg\" alt=\"Design de salle d'eau \u00e0 Pierrefonds\" class=\"wp-image-27684\" srcset=\"https:\/\/versastyledesign.ca\/wp-content\/uploads\/2024\/04\/Design-de-salle-deau-a-Pierrefonds-6-1024x1024.jpg 1024w, https:\/\/versastyledesign.ca\/wp-content\/uploads\/2024\/04\/Design-de-salle-deau-a-Pierrefonds-6-300x300.jpg 300w, https:\/\/versastyledesign.ca\/wp-content\/uploads\/2024\/04\/Design-de-salle-deau-a-Pierrefonds-6-200x200.jpg 200w, https:\/\/versastyledesign.ca\/wp-content\/uploads\/2024\/04\/Design-de-salle-deau-a-Pierrefonds-6-768x768.jpg 768w, https:\/\/versastyledesign.ca\/wp-content\/uploads\/2024\/04\/Design-de-salle-deau-a-Pierrefonds-6.jpg 1250w\" sizes=\"auto, (max-width: 1024px) 100vw, 1024px\" \/><\/a><\/figure>\n\n\n\n<figure class=\"wp-block-image size-large\"><a href=\"https:\/\/versastyledesign.ca\/wp-content\/uploads\/2024\/04\/Design-de-salle-deau-a-Pierrefonds-1-1-1006x1024.jpg\"><img loading=\"lazy\" decoding=\"async\" width=\"1006\" height=\"1024\" data-id=\"27676\" src=\"https:\/\/versastyledesign.ca\/wp-content\/uploads\/2024\/04\/Design-de-salle-deau-a-Pierrefonds-1-1-1006x1024.jpg\" alt=\"Design de salle d'eau \u00e0 Pierrefonds\" class=\"wp-image-27676\" srcset=\"https:\/\/versastyledesign.ca\/wp-content\/uploads\/2024\/04\/Design-de-salle-deau-a-Pierrefonds-1-1-1006x1024.jpg 1006w, https:\/\/versastyledesign.ca\/wp-content\/uploads\/2024\/04\/Design-de-salle-deau-a-Pierrefonds-1-1-295x300.jpg 295w, https:\/\/versastyledesign.ca\/wp-content\/uploads\/2024\/04\/Design-de-salle-deau-a-Pierrefonds-1-1-768x782.jpg 768w, https:\/\/versastyledesign.ca\/wp-content\/uploads\/2024\/04\/Design-de-salle-deau-a-Pierrefonds-1-1.jpg 1228w\" sizes=\"auto, (max-width: 1006px) 100vw, 1006px\" \/><\/a><\/figure>\n<\/figure>\n\n\n\n<div style=\"height:100px\" aria-hidden=\"true\" class=\"wp-block-spacer\"><\/div>\n\n\n\n<h2 class=\"wp-block-heading\">Avis-\u00e9valuation de design de salle d&rsquo;eau \u00e0 Pierrefonds<\/h2>\n\n\n\n<blockquote class=\"wp-block-quote is-layout-flow wp-block-quote-is-layout-flow\">\n<p>Mon exp\u00e9rience avec Lucie a \u00e9t\u00e9 formidable. D\u00e8s le d\u00e9but du projet (refaire la salle d&rsquo;eau et la salle de bains des ma\u00eetres), Lucie Pitt a \u00e9t\u00e9 \u00e0 l&rsquo;\u00e9coute de mes besoins et de mes go\u00fbts et pr\u00e9f\u00e9rences. Son approche est tr\u00e8s personnalis\u00e9e, professionnelle et elle est tr\u00e8s structur\u00e9e et organis\u00e9e. J&rsquo;ai ador\u00e9 comment elle m&rsquo;a accompagn\u00e9 tout au long du projet, en m&rsquo;offrant diff\u00e9rents types d&rsquo;assistance.<\/p>\n\n\n\n<p>Sans elle, je n&rsquo;aurais pas \u00e9t\u00e9 en mesure d&rsquo;y venir \u00e0 bout. De plus, les r\u00e9sultats sont vraiment impressionnants. Les deux pi\u00e8ces sont spectaculaires. Je suis tellement heureuse et je ne regrette rien.<\/p>\n\n\n\n<p>Je me pr\u00e9pare d\u00e9j\u00e0 pour les prochains projets et j&rsquo;ai bien h\u00e2te de faire affaire avec elle \u00e0 nouveau.<\/p>\n\n\n\n<p>Merci Lucie pour tout ! Tu es fantastique !<\/p>\n<cite><strong>Caroline Robert, Pierrefonds, Qc<\/strong><\/cite><\/blockquote>\n\n\n\n<div style=\"height:100px\" aria-hidden=\"true\" class=\"wp-block-spacer\"><\/div>\n\n\n\n<div class=\"wp-block-columns is-layout-flex wp-container-core-columns-is-layout-9d6595d7 wp-block-columns-is-layout-flex\">\n<div class=\"wp-block-column is-layout-flow wp-block-column-is-layout-flow\"><div class=\"wp-block-image is-resized\">\n<figure class=\"aligncenter size-large\"><img loading=\"lazy\" decoding=\"async\" width=\"1024\" height=\"848\" src=\"https:\/\/versastyledesign.ca\/wp-content\/uploads\/2019\/12\/Design-salle-de-bains-montreal-1024x848.jpg\" alt=\"\" class=\"wp-image-15987\" srcset=\"https:\/\/versastyledesign.ca\/wp-content\/uploads\/2019\/12\/Design-salle-de-bains-montreal-1024x848.jpg 1024w, https:\/\/versastyledesign.ca\/wp-content\/uploads\/2019\/12\/Design-salle-de-bains-montreal-300x249.jpg 300w, https:\/\/versastyledesign.ca\/wp-content\/uploads\/2019\/12\/Design-salle-de-bains-montreal-768x636.jpg 768w, https:\/\/versastyledesign.ca\/wp-content\/uploads\/2019\/12\/Design-salle-de-bains-montreal-1536x1272.jpg 1536w, https:\/\/versastyledesign.ca\/wp-content\/uploads\/2019\/12\/Design-salle-de-bains-montreal-2048x1696.jpg 2048w\" sizes=\"auto, (max-width: 1024px) 100vw, 1024px\" \/><\/figure>\n<\/div><\/div>\n\n\n\n<div class=\"wp-block-column is-layout-flow wp-block-column-is-layout-flow\">\n<h2 class=\"wp-block-heading has-text-align-center\"> Service de design de salle de bain \u00e0 Montr\u00e9al <\/h2>\n\n\n\n<p class=\"has-text-align-center\">Pour en savoir plus sur nos services de design de salle de bain dans la grande r\u00e9gion de Montr\u00e9al.<\/p>\n\n\n\n<div class=\"wp-block-buttons is-horizontal is-content-justification-center is-layout-flex wp-container-core-buttons-is-layout-499968f5 wp-block-buttons-is-layout-flex\">\n<div class=\"wp-block-button button-custom\"><a class=\"wp-block-button__link has-background wp-element-button\" href=\"\/fr?page_id=11180\" style=\"background-color:#d53652\">Design de salle de bain<\/a><\/div>\n<\/div>\n\n\n\n<p><\/p>\n<\/div>\n<\/div>\n\n\n\n<div style=\"height:50px\" aria-hidden=\"true\" class=\"wp-block-spacer\"><\/div>\n\n\n\n<h2 class=\"wp-block-heading\"><strong>\u00cates-vous situ\u00e9 dans la grande r\u00e9gion de Montr\u00e9al?<\/strong><\/h2>\n\n\n\n<p class=\"has-text-align-center\"><strong>Donnez vie \u00e0 votre projet de design avec Lucie.<\/strong><\/p>\n\n\n\n<div class=\"wp-block-buttons is-content-justification-center is-layout-flex wp-container-core-buttons-is-layout-16018d1d wp-block-buttons-is-layout-flex\">\n<div class=\"wp-block-button button-inverse\"><a class=\"wp-block-button__link has-text-color has-background has-link-color wp-element-button\" href=\"\/fr\/forfait-de-design-interieur\/versa-style-design-premiere-consultation\/\" style=\"color:#d53652;background-color:#f3f3f3\">Premi\u00e8re consultation<\/a><\/div>\n<\/div>\n\n\n\n<div style=\"height:25px\" aria-hidden=\"true\" class=\"wp-block-spacer\"><\/div>\n<p><a href=\"\/\/www.pinterest.com\/pin\/create\/button\/\" data-pin-do=\"buttonBookmark\" data-pin-color=\"red\" data-pin-height=\"128\"><img decoding=\"async\" src=\"\/\/assets.pinterest.com\/images\/pidgets\/pinit_fg_en_rect_red_28.png\" \/><\/a><\/p>","protected":false},"excerpt":{"rendered":"<p>Lieu : Pierrefonds, Qu\u00e9bec Service de design : Plans de conception et de r\u00e9novation, palette de couleurs et concept, toutes les recommandations d&rsquo;achat avec guide d&rsquo;achat. Mat\u00e9riaux utilis\u00e9s : Vanit\u00e9 murale en bois, comptoir en porcelaine noir mat, carrelage de sol en patchwork de ciment 8&Prime; x 8&Prime;, robinet Riobel noir, peinture Charcoal Sherwin Williams, [&hellip;]<\/p>\n","protected":false},"author":2,"featured_media":27674,"parent":1840,"menu_order":0,"comment_status":"closed","ping_status":"closed","template":"","meta":{"advgb_blocks_editor_width":"","advgb_blocks_columns_visual_guide":"","_genesis_hide_title":false,"_genesis_hide_breadcrumbs":false,"_genesis_hide_singular_image":false,"_genesis_hide_footer_widgets":false,"_genesis_custom_body_class":"","_genesis_custom_post_class":"","_genesis_layout":"","footnotes":""},"class_list":{"0":"post-27671","1":"page","2":"type-page","3":"status-publish","4":"has-post-thumbnail","6":"entry"},"yoast_head":"<!-- This site is optimized with the Yoast SEO plugin v27.3 - https:\/\/yoast.com\/product\/yoast-seo-wordpress\/ -->\n<title>Design de salle d&#039;eau \u00e0 Pierrefonds - Versa Style Design<\/title>\n<meta name=\"description\" content=\"Les clients voulaient une salle d&#039;eau maussade et monochrome avec beaucoup de personnalit\u00e9.\" \/>\n<meta name=\"robots\" content=\"index, follow, max-snippet:-1, max-image-preview:large, max-video-preview:-1\" \/>\n<link rel=\"canonical\" href=\"https:\/\/versastyledesign.ca\/fr\/portfolio-de-design\/design-de-salle-deau-a-pierrefonds\/\" \/>\n<meta property=\"og:locale\" content=\"fr_CA\" \/>\n<meta property=\"og:type\" content=\"article\" \/>\n<meta property=\"og:title\" content=\"Design de salle d&#039;eau \u00e0 Pierrefonds - Versa Style Design\" \/>\n<meta property=\"og:description\" content=\"Les clients voulaient une salle d&#039;eau maussade et monochrome avec beaucoup de personnalit\u00e9.\" \/>\n<meta property=\"og:url\" content=\"https:\/\/versastyledesign.ca\/fr\/portfolio-de-design\/design-de-salle-deau-a-pierrefonds\/\" \/>\n<meta property=\"og:site_name\" content=\"Versa Style Design\" \/>\n<meta property=\"article:publisher\" content=\"https:\/\/www.facebook.com\/Versastyledesign?ref=hl\" \/>\n<meta property=\"article:modified_time\" content=\"2024-09-19T14:55:31+00:00\" \/>\n<meta property=\"og:image\" content=\"https:\/\/new.versastyledesign.ca\/wp-content\/uploads\/2024\/04\/Design-de-salle-deau-a-Pierrefonds-2.jpg\" \/>\n\t<meta property=\"og:image:width\" content=\"1031\" \/>\n\t<meta property=\"og:image:height\" content=\"1250\" \/>\n\t<meta property=\"og:image:type\" content=\"image\/jpeg\" \/>\n<meta name=\"twitter:label1\" content=\"Estimation du temps de lecture\" \/>\n\t<meta name=\"twitter:data1\" content=\"3 minutes\" \/>\n<script type=\"application\/ld+json\" class=\"yoast-schema-graph\">{\"@context\":\"https:\\\/\\\/schema.org\",\"@graph\":[{\"@type\":\"WebPage\",\"@id\":\"https:\\\/\\\/versastyledesign.ca\\\/fr\\\/portfolio-de-design\\\/design-de-salle-deau-a-pierrefonds\\\/\",\"url\":\"https:\\\/\\\/versastyledesign.ca\\\/fr\\\/portfolio-de-design\\\/design-de-salle-deau-a-pierrefonds\\\/\",\"name\":\"Design de salle d'eau \u00e0 Pierrefonds - Versa Style Design\",\"isPartOf\":{\"@id\":\"http:\\\/\\\/new.versastyledesign.ca\\\/fr\\\/#website\"},\"primaryImageOfPage\":{\"@id\":\"https:\\\/\\\/versastyledesign.ca\\\/fr\\\/portfolio-de-design\\\/design-de-salle-deau-a-pierrefonds\\\/#primaryimage\"},\"image\":{\"@id\":\"https:\\\/\\\/versastyledesign.ca\\\/fr\\\/portfolio-de-design\\\/design-de-salle-deau-a-pierrefonds\\\/#primaryimage\"},\"thumbnailUrl\":\"https:\\\/\\\/versastyledesign.ca\\\/wp-content\\\/uploads\\\/2024\\\/04\\\/Design-de-salle-deau-a-Pierrefonds-2.jpg\",\"datePublished\":\"2024-04-26T15:03:10+00:00\",\"dateModified\":\"2024-09-19T14:55:31+00:00\",\"description\":\"Les clients voulaient une salle d'eau maussade et monochrome avec beaucoup de personnalit\u00e9.\",\"breadcrumb\":{\"@id\":\"https:\\\/\\\/versastyledesign.ca\\\/fr\\\/portfolio-de-design\\\/design-de-salle-deau-a-pierrefonds\\\/#breadcrumb\"},\"inLanguage\":\"fr-CA\",\"potentialAction\":[{\"@type\":\"ReadAction\",\"target\":[\"https:\\\/\\\/versastyledesign.ca\\\/fr\\\/portfolio-de-design\\\/design-de-salle-deau-a-pierrefonds\\\/\"]}]},{\"@type\":\"ImageObject\",\"inLanguage\":\"fr-CA\",\"@id\":\"https:\\\/\\\/versastyledesign.ca\\\/fr\\\/portfolio-de-design\\\/design-de-salle-deau-a-pierrefonds\\\/#primaryimage\",\"url\":\"https:\\\/\\\/versastyledesign.ca\\\/wp-content\\\/uploads\\\/2024\\\/04\\\/Design-de-salle-deau-a-Pierrefonds-2.jpg\",\"contentUrl\":\"https:\\\/\\\/versastyledesign.ca\\\/wp-content\\\/uploads\\\/2024\\\/04\\\/Design-de-salle-deau-a-Pierrefonds-2.jpg\",\"width\":1031,\"height\":1250,\"caption\":\"Design-de-salle-deau-a-Pierrefonds\"},{\"@type\":\"BreadcrumbList\",\"@id\":\"https:\\\/\\\/versastyledesign.ca\\\/fr\\\/portfolio-de-design\\\/design-de-salle-deau-a-pierrefonds\\\/#breadcrumb\",\"itemListElement\":[{\"@type\":\"ListItem\",\"position\":1,\"name\":\"Accueil\",\"item\":\"http:\\\/\\\/new.versastyledesign.ca\\\/fr\\\/\"},{\"@type\":\"ListItem\",\"position\":2,\"name\":\"Portfolio de Design\",\"item\":\"http:\\\/\\\/new.versastyledesign.ca\\\/fr\\\/design-portfolio\\\/\"},{\"@type\":\"ListItem\",\"position\":3,\"name\":\"Design de salle d&#8217;eau \u00e0 Pierrefonds\"}]},{\"@type\":\"WebSite\",\"@id\":\"http:\\\/\\\/new.versastyledesign.ca\\\/fr\\\/#website\",\"url\":\"http:\\\/\\\/new.versastyledesign.ca\\\/fr\\\/\",\"name\":\"Versa Style Design\",\"description\":\"Design d&#039;int\u00e9rieur et r\u00e9novations \u00e0 Montr\u00e9al\",\"publisher\":{\"@id\":\"http:\\\/\\\/new.versastyledesign.ca\\\/fr\\\/#organization\"},\"potentialAction\":[{\"@type\":\"SearchAction\",\"target\":{\"@type\":\"EntryPoint\",\"urlTemplate\":\"http:\\\/\\\/new.versastyledesign.ca\\\/fr\\\/?s={search_term_string}\"},\"query-input\":{\"@type\":\"PropertyValueSpecification\",\"valueRequired\":true,\"valueName\":\"search_term_string\"}}],\"inLanguage\":\"fr-CA\"},{\"@type\":\"Organization\",\"@id\":\"http:\\\/\\\/new.versastyledesign.ca\\\/fr\\\/#organization\",\"name\":\"Versa Style Design\",\"url\":\"http:\\\/\\\/new.versastyledesign.ca\\\/fr\\\/\",\"logo\":{\"@type\":\"ImageObject\",\"inLanguage\":\"fr-CA\",\"@id\":\"http:\\\/\\\/new.versastyledesign.ca\\\/fr\\\/#\\\/schema\\\/logo\\\/image\\\/\",\"url\":\"https:\\\/\\\/versastyledesign.ca\\\/wp-content\\\/uploads\\\/2019\\\/11\\\/Versa-Style-Design-logo.jpg\",\"contentUrl\":\"https:\\\/\\\/versastyledesign.ca\\\/wp-content\\\/uploads\\\/2019\\\/11\\\/Versa-Style-Design-logo.jpg\",\"width\":2099,\"height\":670,\"caption\":\"Versa Style Design\"},\"image\":{\"@id\":\"http:\\\/\\\/new.versastyledesign.ca\\\/fr\\\/#\\\/schema\\\/logo\\\/image\\\/\"},\"sameAs\":[\"https:\\\/\\\/www.facebook.com\\\/Versastyledesign?ref=hl\",\"https:\\\/\\\/x.com\\\/luciepitt\",\"https:\\\/\\\/www.instagram.com\\\/versastyledesign\\\/\",\"https:\\\/\\\/www.linkedin.com\\\/in\\\/lucie-pitt-54b0ba85\",\"https:\\\/\\\/www.pinterest.com\\\/versastyledesign\\\/\"]}]}<\/script>\n<!-- \/ Yoast SEO plugin. -->","yoast_head_json":{"title":"Design de salle d'eau \u00e0 Pierrefonds - Versa Style Design","description":"Les clients voulaient une salle d'eau maussade et monochrome avec beaucoup de personnalit\u00e9.","robots":{"index":"index","follow":"follow","max-snippet":"max-snippet:-1","max-image-preview":"max-image-preview:large","max-video-preview":"max-video-preview:-1"},"canonical":"https:\/\/versastyledesign.ca\/fr\/portfolio-de-design\/design-de-salle-deau-a-pierrefonds\/","og_locale":"fr_CA","og_type":"article","og_title":"Design de salle d'eau \u00e0 Pierrefonds - Versa Style Design","og_description":"Les clients voulaient une salle d'eau maussade et monochrome avec beaucoup de personnalit\u00e9.","og_url":"https:\/\/versastyledesign.ca\/fr\/portfolio-de-design\/design-de-salle-deau-a-pierrefonds\/","og_site_name":"Versa Style Design","article_publisher":"https:\/\/www.facebook.com\/Versastyledesign?ref=hl","article_modified_time":"2024-09-19T14:55:31+00:00","og_image":[{"width":1031,"height":1250,"url":"https:\/\/new.versastyledesign.ca\/wp-content\/uploads\/2024\/04\/Design-de-salle-deau-a-Pierrefonds-2.jpg","type":"image\/jpeg"}],"twitter_misc":{"Estimation du temps de lecture":"3 minutes"},"schema":{"@context":"https:\/\/schema.org","@graph":[{"@type":"WebPage","@id":"https:\/\/versastyledesign.ca\/fr\/portfolio-de-design\/design-de-salle-deau-a-pierrefonds\/","url":"https:\/\/versastyledesign.ca\/fr\/portfolio-de-design\/design-de-salle-deau-a-pierrefonds\/","name":"Design de salle d'eau \u00e0 Pierrefonds - Versa Style Design","isPartOf":{"@id":"http:\/\/new.versastyledesign.ca\/fr\/#website"},"primaryImageOfPage":{"@id":"https:\/\/versastyledesign.ca\/fr\/portfolio-de-design\/design-de-salle-deau-a-pierrefonds\/#primaryimage"},"image":{"@id":"https:\/\/versastyledesign.ca\/fr\/portfolio-de-design\/design-de-salle-deau-a-pierrefonds\/#primaryimage"},"thumbnailUrl":"https:\/\/versastyledesign.ca\/wp-content\/uploads\/2024\/04\/Design-de-salle-deau-a-Pierrefonds-2.jpg","datePublished":"2024-04-26T15:03:10+00:00","dateModified":"2024-09-19T14:55:31+00:00","description":"Les clients voulaient une salle d'eau maussade et monochrome avec beaucoup de personnalit\u00e9.","breadcrumb":{"@id":"https:\/\/versastyledesign.ca\/fr\/portfolio-de-design\/design-de-salle-deau-a-pierrefonds\/#breadcrumb"},"inLanguage":"fr-CA","potentialAction":[{"@type":"ReadAction","target":["https:\/\/versastyledesign.ca\/fr\/portfolio-de-design\/design-de-salle-deau-a-pierrefonds\/"]}]},{"@type":"ImageObject","inLanguage":"fr-CA","@id":"https:\/\/versastyledesign.ca\/fr\/portfolio-de-design\/design-de-salle-deau-a-pierrefonds\/#primaryimage","url":"https:\/\/versastyledesign.ca\/wp-content\/uploads\/2024\/04\/Design-de-salle-deau-a-Pierrefonds-2.jpg","contentUrl":"https:\/\/versastyledesign.ca\/wp-content\/uploads\/2024\/04\/Design-de-salle-deau-a-Pierrefonds-2.jpg","width":1031,"height":1250,"caption":"Design-de-salle-deau-a-Pierrefonds"},{"@type":"BreadcrumbList","@id":"https:\/\/versastyledesign.ca\/fr\/portfolio-de-design\/design-de-salle-deau-a-pierrefonds\/#breadcrumb","itemListElement":[{"@type":"ListItem","position":1,"name":"Accueil","item":"http:\/\/new.versastyledesign.ca\/fr\/"},{"@type":"ListItem","position":2,"name":"Portfolio de Design","item":"http:\/\/new.versastyledesign.ca\/fr\/design-portfolio\/"},{"@type":"ListItem","position":3,"name":"Design de salle d&#8217;eau \u00e0 Pierrefonds"}]},{"@type":"WebSite","@id":"http:\/\/new.versastyledesign.ca\/fr\/#website","url":"http:\/\/new.versastyledesign.ca\/fr\/","name":"Versa Style Design","description":"Design d&#039;int\u00e9rieur et r\u00e9novations \u00e0 Montr\u00e9al","publisher":{"@id":"http:\/\/new.versastyledesign.ca\/fr\/#organization"},"potentialAction":[{"@type":"SearchAction","target":{"@type":"EntryPoint","urlTemplate":"http:\/\/new.versastyledesign.ca\/fr\/?s={search_term_string}"},"query-input":{"@type":"PropertyValueSpecification","valueRequired":true,"valueName":"search_term_string"}}],"inLanguage":"fr-CA"},{"@type":"Organization","@id":"http:\/\/new.versastyledesign.ca\/fr\/#organization","name":"Versa Style Design","url":"http:\/\/new.versastyledesign.ca\/fr\/","logo":{"@type":"ImageObject","inLanguage":"fr-CA","@id":"http:\/\/new.versastyledesign.ca\/fr\/#\/schema\/logo\/image\/","url":"https:\/\/versastyledesign.ca\/wp-content\/uploads\/2019\/11\/Versa-Style-Design-logo.jpg","contentUrl":"https:\/\/versastyledesign.ca\/wp-content\/uploads\/2019\/11\/Versa-Style-Design-logo.jpg","width":2099,"height":670,"caption":"Versa Style Design"},"image":{"@id":"http:\/\/new.versastyledesign.ca\/fr\/#\/schema\/logo\/image\/"},"sameAs":["https:\/\/www.facebook.com\/Versastyledesign?ref=hl","https:\/\/x.com\/luciepitt","https:\/\/www.instagram.com\/versastyledesign\/","https:\/\/www.linkedin.com\/in\/lucie-pitt-54b0ba85","https:\/\/www.pinterest.com\/versastyledesign\/"]}]}},"coauthors":[],"author_meta":{"author_link":"https:\/\/versastyledesign.ca\/fr\/author\/lucie-pitt\/","display_name":"Lucie Pitt"},"relative_dates":{"created":"Posted 2 ann\u00e9es ago","modified":"Updated 2 ann\u00e9es ago"},"absolute_dates":{"created":"Posted on 26 avril 2024","modified":"Updated on 19 septembre 2024"},"absolute_dates_time":{"created":"Posted on 26 avril 2024 11 h 03 min","modified":"Updated on 19 septembre 2024 10 h 55 min"},"featured_img_caption":"","featured_img":"https:\/\/versastyledesign.ca\/wp-content\/uploads\/2024\/04\/Design-de-salle-deau-a-Pierrefonds-2.jpg","series_order":"","_links":{"self":[{"href":"https:\/\/versastyledesign.ca\/fr\/wp-json\/wp\/v2\/pages\/27671","targetHints":{"allow":["GET"]}}],"collection":[{"href":"https:\/\/versastyledesign.ca\/fr\/wp-json\/wp\/v2\/pages"}],"about":[{"href":"https:\/\/versastyledesign.ca\/fr\/wp-json\/wp\/v2\/types\/page"}],"author":[{"embeddable":true,"href":"https:\/\/versastyledesign.ca\/fr\/wp-json\/wp\/v2\/users\/2"}],"replies":[{"embeddable":true,"href":"https:\/\/versastyledesign.ca\/fr\/wp-json\/wp\/v2\/comments?post=27671"}],"version-history":[{"count":6,"href":"https:\/\/versastyledesign.ca\/fr\/wp-json\/wp\/v2\/pages\/27671\/revisions"}],"predecessor-version":[{"id":28944,"href":"https:\/\/versastyledesign.ca\/fr\/wp-json\/wp\/v2\/pages\/27671\/revisions\/28944"}],"up":[{"embeddable":true,"href":"https:\/\/versastyledesign.ca\/fr\/wp-json\/wp\/v2\/pages\/1840"}],"wp:featuredmedia":[{"embeddable":true,"href":"https:\/\/versastyledesign.ca\/fr\/wp-json\/wp\/v2\/media\/27674"}],"wp:attachment":[{"href":"https:\/\/versastyledesign.ca\/fr\/wp-json\/wp\/v2\/media?parent=27671"}],"curies":[{"name":"wp","href":"https:\/\/api.w.org\/{rel}","templated":true}]}}