{"id":28864,"date":"2024-09-01T10:13:27","date_gmt":"2024-09-01T14:13:27","guid":{"rendered":"https:\/\/versastyledesign.ca\/?page_id=28864"},"modified":"2024-09-01T10:15:25","modified_gmt":"2024-09-01T14:15:25","slug":"design-dentree-a-pointe-claire-montreal","status":"publish","type":"page","link":"https:\/\/versastyledesign.ca\/fr\/portfolio-de-design\/design-dentree-a-pointe-claire-montreal\/","title":{"rendered":"Design d\u2019entr\u00e9e \u00e0 Pointe-Claire, Montr\u00e9al"},"content":{"rendered":"\n<div class=\"wp-block-columns are-vertically-aligned-center is-layout-flex wp-container-core-columns-is-layout-9d6595d7 wp-block-columns-is-layout-flex\">\n<div class=\"wp-block-column is-vertically-aligned-center is-layout-flow wp-block-column-is-layout-flow\">\n<p><strong>Emplacement :<\/strong> Pointe-Claire, Montr\u00e9al<\/p>\n\n\n\n<p><strong>Service de design :<\/strong> Design d\u2019entr\u00e9e<\/p>\n\n\n\n<p><strong>Notre mandat :<\/strong> Nos clients souhaitaient r\u00e9soudre leur probl\u00e8me de d\u00e9sorganisation dans l\u2019entr\u00e9e principale. Ils n\u2019avaient nulle part pour poser leurs cl\u00e9s et devaient organiser les mitaines et les \u00e9charpes. Ils voulaient \u00e9galement que l\u2019espace cr\u00e9e une premi\u00e8re impression accueillante.<\/p>\n\n\n\n<p>Nous avons con\u00e7u et r\u00e9alis\u00e9 un magnifique meuble sur mesure avec un comptoir en quartz pour un entretien facile. Le miroir rond et les accessoires d\u00e9coratifs ajoutent \u00e0 l\u2019ambiance accueillante sans donner une impression d\u2019encombrement.<\/p>\n<\/div>\n\n\n\n<div class=\"wp-block-column is-vertically-aligned-center is-layout-flow wp-block-column-is-layout-flow\">\n<figure class=\"wp-block-image size-large\"><img loading=\"lazy\" decoding=\"async\" width=\"738\" height=\"1024\" src=\"https:\/\/versastyledesign.ca\/wp-content\/uploads\/2024\/09\/Design-dentree-a-Pointe-Claire-Montreal-1-738x1024.jpg\" alt=\"Design dentree a Pointe-Claire Montreal\" class=\"wp-image-28865\" srcset=\"https:\/\/versastyledesign.ca\/wp-content\/uploads\/2024\/09\/Design-dentree-a-Pointe-Claire-Montreal-1-738x1024.jpg 738w, https:\/\/versastyledesign.ca\/wp-content\/uploads\/2024\/09\/Design-dentree-a-Pointe-Claire-Montreal-1-216x300.jpg 216w, https:\/\/versastyledesign.ca\/wp-content\/uploads\/2024\/09\/Design-dentree-a-Pointe-Claire-Montreal-1-768x1065.jpg 768w, https:\/\/versastyledesign.ca\/wp-content\/uploads\/2024\/09\/Design-dentree-a-Pointe-Claire-Montreal-1.jpg 901w\" sizes=\"auto, (max-width: 738px) 100vw, 738px\" \/><\/figure>\n<\/div>\n<\/div>\n\n\n\n<p>Les clients sont ravis de la fonctionnalit\u00e9, de l\u2019ordre, et de l\u2019accueil chaleureux qu\u2019offre d\u00e9sormais leur entr\u00e9e.<\/p>\n\n\n\n<div style=\"height:50px\" aria-hidden=\"true\" class=\"wp-block-spacer\"><\/div>\n\n\n\n<h2 class=\"wp-block-heading\">Portfolio de design d&rsquo;entr\u00e9e par Versa Style Design<\/h2>\n\n\n\n<figure class=\"wp-block-gallery has-nested-images columns-default is-cropped wp-block-gallery-1 is-layout-flex wp-block-gallery-is-layout-flex\">\n<figure class=\"wp-block-image size-large\"><a href=\"https:\/\/versastyledesign.ca\/wp-content\/uploads\/2024\/09\/Design-dentree-a-Pointe-Claire-Montreal-1-738x1024.jpg\"><img loading=\"lazy\" decoding=\"async\" width=\"738\" height=\"1024\" data-id=\"28865\" src=\"https:\/\/versastyledesign.ca\/wp-content\/uploads\/2024\/09\/Design-dentree-a-Pointe-Claire-Montreal-1-738x1024.jpg\" alt=\"Portfolio de design d'entr\u00e9e par Versa Style Design\" class=\"wp-image-28865\" srcset=\"https:\/\/versastyledesign.ca\/wp-content\/uploads\/2024\/09\/Design-dentree-a-Pointe-Claire-Montreal-1-738x1024.jpg 738w, https:\/\/versastyledesign.ca\/wp-content\/uploads\/2024\/09\/Design-dentree-a-Pointe-Claire-Montreal-1-216x300.jpg 216w, https:\/\/versastyledesign.ca\/wp-content\/uploads\/2024\/09\/Design-dentree-a-Pointe-Claire-Montreal-1-768x1065.jpg 768w, https:\/\/versastyledesign.ca\/wp-content\/uploads\/2024\/09\/Design-dentree-a-Pointe-Claire-Montreal-1.jpg 901w\" sizes=\"auto, (max-width: 738px) 100vw, 738px\" \/><\/a><\/figure>\n\n\n\n<figure class=\"wp-block-image size-large\"><a href=\"https:\/\/versastyledesign.ca\/wp-content\/uploads\/2024\/09\/Design-dentree-a-Pointe-Claire-Montreal-2-951x1024.jpg\"><img loading=\"lazy\" decoding=\"async\" width=\"951\" height=\"1024\" data-id=\"28868\" src=\"https:\/\/versastyledesign.ca\/wp-content\/uploads\/2024\/09\/Design-dentree-a-Pointe-Claire-Montreal-2-951x1024.jpg\" alt=\"Portfolio de design d'entr\u00e9e par Versa Style Design\" class=\"wp-image-28868\" srcset=\"https:\/\/versastyledesign.ca\/wp-content\/uploads\/2024\/09\/Design-dentree-a-Pointe-Claire-Montreal-2-951x1024.jpg 951w, https:\/\/versastyledesign.ca\/wp-content\/uploads\/2024\/09\/Design-dentree-a-Pointe-Claire-Montreal-2-279x300.jpg 279w, https:\/\/versastyledesign.ca\/wp-content\/uploads\/2024\/09\/Design-dentree-a-Pointe-Claire-Montreal-2-768x827.jpg 768w, https:\/\/versastyledesign.ca\/wp-content\/uploads\/2024\/09\/Design-dentree-a-Pointe-Claire-Montreal-2.jpg 1161w\" sizes=\"auto, (max-width: 951px) 100vw, 951px\" \/><\/a><\/figure>\n\n\n\n<figure class=\"wp-block-image size-large\"><a href=\"https:\/\/versastyledesign.ca\/wp-content\/uploads\/2024\/09\/Design-dentree-a-Pointe-Claire-Montreal-3-959x1024.jpg\"><img loading=\"lazy\" decoding=\"async\" width=\"959\" height=\"1024\" data-id=\"28866\" src=\"https:\/\/versastyledesign.ca\/wp-content\/uploads\/2024\/09\/Design-dentree-a-Pointe-Claire-Montreal-3-959x1024.jpg\" alt=\"Portfolio de design d'entr\u00e9e par Versa Style Design\" class=\"wp-image-28866\" srcset=\"https:\/\/versastyledesign.ca\/wp-content\/uploads\/2024\/09\/Design-dentree-a-Pointe-Claire-Montreal-3-959x1024.jpg 959w, https:\/\/versastyledesign.ca\/wp-content\/uploads\/2024\/09\/Design-dentree-a-Pointe-Claire-Montreal-3-281x300.jpg 281w, https:\/\/versastyledesign.ca\/wp-content\/uploads\/2024\/09\/Design-dentree-a-Pointe-Claire-Montreal-3-768x820.jpg 768w, https:\/\/versastyledesign.ca\/wp-content\/uploads\/2024\/09\/Design-dentree-a-Pointe-Claire-Montreal-3.jpg 1171w\" sizes=\"auto, (max-width: 959px) 100vw, 959px\" \/><\/a><\/figure>\n<\/figure>\n\n\n\n<div style=\"height:100px\" aria-hidden=\"true\" class=\"wp-block-spacer\"><\/div>\n\n\n\n<div class=\"wp-block-columns are-vertically-aligned-center is-layout-flex wp-container-core-columns-is-layout-9d6595d7 wp-block-columns-is-layout-flex\">\n<div class=\"wp-block-column is-vertically-aligned-center is-layout-flow wp-block-column-is-layout-flow\">\n<figure class=\"wp-block-image size-full\"><img loading=\"lazy\" decoding=\"async\" width=\"833\" height=\"1250\" src=\"https:\/\/versastyledesign.ca\/wp-content\/uploads\/2026\/04\/Design-dune-entree-vestibule-dans-lOuest-de-Montreal.jpg\" alt=\"Design dune entree vestibule dans lOuest de Montreal\" class=\"wp-image-32145\" srcset=\"https:\/\/versastyledesign.ca\/wp-content\/uploads\/2026\/04\/Design-dune-entree-vestibule-dans-lOuest-de-Montreal.jpg 833w, https:\/\/versastyledesign.ca\/wp-content\/uploads\/2026\/04\/Design-dune-entree-vestibule-dans-lOuest-de-Montreal-200x300.jpg 200w, https:\/\/versastyledesign.ca\/wp-content\/uploads\/2026\/04\/Design-dune-entree-vestibule-dans-lOuest-de-Montreal-682x1024.jpg 682w, https:\/\/versastyledesign.ca\/wp-content\/uploads\/2026\/04\/Design-dune-entree-vestibule-dans-lOuest-de-Montreal-768x1152.jpg 768w\" sizes=\"auto, (max-width: 833px) 100vw, 833px\" \/><\/figure>\n<\/div>\n\n\n\n<div class=\"wp-block-column is-vertically-aligned-center is-layout-flow wp-block-column-is-layout-flow\">\n<h2 class=\"wp-block-heading has-text-align-center\">Portfolio de design d\u2019int\u00e9rieur de vestibules, de couloirs et d\u2019escaliers \u00e0 Montr\u00e9al<\/h2>\n\n\n\n<p class=\"has-text-align-center\">Pour voir nos portfolios de design de vestibules, de couloirs et d&rsquo;escaliers dans la r\u00e9gion du Grand Montr\u00e9al.<\/p>\n\n\n\n<div class=\"wp-block-buttons is-content-justification-center is-layout-flex wp-container-core-buttons-is-layout-16018d1d wp-block-buttons-is-layout-flex\">\n<div class=\"wp-block-button button-custom\"><a class=\"wp-block-button__link has-background wp-element-button\" href=\"\/fr?page_id=23437\" style=\"background-color:#d53652\">Voir les portfolios<\/a><\/div>\n<\/div>\n<\/div>\n<\/div>\n\n\n\n<div style=\"height:50px\" aria-hidden=\"true\" class=\"wp-block-spacer\"><\/div>\n\n\n\n<h2 class=\"wp-block-heading\"><strong>\u00cates-vous situ\u00e9 dans la grande r\u00e9gion de Montr\u00e9al?<\/strong><\/h2>\n\n\n\n<p class=\"has-text-align-center\"><strong>Donnez vie \u00e0 votre projet de design avec Lucie.<\/strong><\/p>\n\n\n\n<div class=\"wp-block-buttons is-content-justification-center is-layout-flex wp-container-core-buttons-is-layout-16018d1d wp-block-buttons-is-layout-flex\">\n<div class=\"wp-block-button button-inverse\"><a class=\"wp-block-button__link has-text-color has-background has-link-color wp-element-button\" href=\"\/fr\/forfait-de-design-interieur\/versa-style-design-premiere-consultation\/\" style=\"color:#d53652;background-color:#f3f3f3\">Premi\u00e8re consultation<\/a><\/div>\n<\/div>\n\n\n\n<div style=\"height:25px\" aria-hidden=\"true\" class=\"wp-block-spacer\"><\/div>\n<p><a href=\"\/\/www.pinterest.com\/pin\/create\/button\/\" data-pin-do=\"buttonBookmark\" data-pin-color=\"red\" data-pin-height=\"128\"><img decoding=\"async\" src=\"\/\/assets.pinterest.com\/images\/pidgets\/pinit_fg_en_rect_red_28.png\" \/><\/a><\/p>","protected":false},"excerpt":{"rendered":"<p>Emplacement : Pointe-Claire, Montr\u00e9al Service de design : Design d\u2019entr\u00e9e Notre mandat : Nos clients souhaitaient r\u00e9soudre leur probl\u00e8me de d\u00e9sorganisation dans l\u2019entr\u00e9e principale. Ils n\u2019avaient nulle part pour poser leurs cl\u00e9s et devaient organiser les mitaines et les \u00e9charpes. Ils voulaient \u00e9galement que l\u2019espace cr\u00e9e une premi\u00e8re impression accueillante. Nous avons con\u00e7u et r\u00e9alis\u00e9 [&hellip;]<\/p>\n","protected":false},"author":2,"featured_media":28865,"parent":1840,"menu_order":0,"comment_status":"closed","ping_status":"closed","template":"","meta":{"advgb_blocks_editor_width":"","advgb_blocks_columns_visual_guide":"","_genesis_hide_title":false,"_genesis_hide_breadcrumbs":false,"_genesis_hide_singular_image":false,"_genesis_hide_footer_widgets":false,"_genesis_custom_body_class":"","_genesis_custom_post_class":"","_genesis_layout":"","footnotes":""},"class_list":{"0":"post-28864","1":"page","2":"type-page","3":"status-publish","4":"has-post-thumbnail","6":"entry"},"yoast_head":"<!-- This site is optimized with the Yoast SEO plugin v27.4 - https:\/\/yoast.com\/product\/yoast-seo-wordpress\/ -->\n<title>Design d\u2019entr\u00e9e \u00e0 Pointe-Claire, Montr\u00e9al - Versa Style Design<\/title>\n<meta name=\"description\" content=\"Nos clients souhaitaient r\u00e9soudre leur probl\u00e8me de d\u00e9sorganisation dans l\u2019entr\u00e9e principale. Nous avons con\u00e7u un meuble sur mesure...\" \/>\n<meta name=\"robots\" content=\"index, follow, max-snippet:-1, max-image-preview:large, max-video-preview:-1\" \/>\n<link rel=\"canonical\" href=\"https:\/\/versastyledesign.ca\/fr\/portfolio-de-design\/design-dentree-a-pointe-claire-montreal\/\" \/>\n<meta property=\"og:locale\" content=\"fr_CA\" \/>\n<meta property=\"og:type\" content=\"article\" \/>\n<meta property=\"og:title\" content=\"Design d\u2019entr\u00e9e \u00e0 Pointe-Claire, Montr\u00e9al - Versa Style Design\" \/>\n<meta property=\"og:description\" content=\"Nos clients souhaitaient r\u00e9soudre leur probl\u00e8me de d\u00e9sorganisation dans l\u2019entr\u00e9e principale. Nous avons con\u00e7u un meuble sur mesure...\" \/>\n<meta property=\"og:url\" content=\"https:\/\/versastyledesign.ca\/fr\/portfolio-de-design\/design-dentree-a-pointe-claire-montreal\/\" \/>\n<meta property=\"og:site_name\" content=\"Versa Style Design\" \/>\n<meta property=\"article:publisher\" content=\"https:\/\/www.facebook.com\/Versastyledesign?ref=hl\" \/>\n<meta property=\"article:modified_time\" content=\"2024-09-01T14:15:25+00:00\" \/>\n<meta property=\"og:image\" content=\"https:\/\/new.versastyledesign.ca\/wp-content\/uploads\/2024\/09\/Design-dentree-a-Pointe-Claire-Montreal-1.jpg\" \/>\n\t<meta property=\"og:image:width\" content=\"901\" \/>\n\t<meta property=\"og:image:height\" content=\"1250\" \/>\n\t<meta property=\"og:image:type\" content=\"image\/jpeg\" \/>\n<meta name=\"twitter:label1\" content=\"Estimation du temps de lecture\" \/>\n\t<meta name=\"twitter:data1\" content=\"2 minutes\" \/>\n<script type=\"application\/ld+json\" class=\"yoast-schema-graph\">{\"@context\":\"https:\\\/\\\/schema.org\",\"@graph\":[{\"@type\":\"WebPage\",\"@id\":\"https:\\\/\\\/versastyledesign.ca\\\/fr\\\/portfolio-de-design\\\/design-dentree-a-pointe-claire-montreal\\\/\",\"url\":\"https:\\\/\\\/versastyledesign.ca\\\/fr\\\/portfolio-de-design\\\/design-dentree-a-pointe-claire-montreal\\\/\",\"name\":\"Design d\u2019entr\u00e9e \u00e0 Pointe-Claire, Montr\u00e9al - Versa Style Design\",\"isPartOf\":{\"@id\":\"http:\\\/\\\/new.versastyledesign.ca\\\/fr\\\/#website\"},\"primaryImageOfPage\":{\"@id\":\"https:\\\/\\\/versastyledesign.ca\\\/fr\\\/portfolio-de-design\\\/design-dentree-a-pointe-claire-montreal\\\/#primaryimage\"},\"image\":{\"@id\":\"https:\\\/\\\/versastyledesign.ca\\\/fr\\\/portfolio-de-design\\\/design-dentree-a-pointe-claire-montreal\\\/#primaryimage\"},\"thumbnailUrl\":\"https:\\\/\\\/versastyledesign.ca\\\/wp-content\\\/uploads\\\/2024\\\/09\\\/Design-dentree-a-Pointe-Claire-Montreal-1.jpg\",\"datePublished\":\"2024-09-01T14:13:27+00:00\",\"dateModified\":\"2024-09-01T14:15:25+00:00\",\"description\":\"Nos clients souhaitaient r\u00e9soudre leur probl\u00e8me de d\u00e9sorganisation dans l\u2019entr\u00e9e principale. Nous avons con\u00e7u un meuble sur mesure...\",\"breadcrumb\":{\"@id\":\"https:\\\/\\\/versastyledesign.ca\\\/fr\\\/portfolio-de-design\\\/design-dentree-a-pointe-claire-montreal\\\/#breadcrumb\"},\"inLanguage\":\"fr-CA\",\"potentialAction\":[{\"@type\":\"ReadAction\",\"target\":[\"https:\\\/\\\/versastyledesign.ca\\\/fr\\\/portfolio-de-design\\\/design-dentree-a-pointe-claire-montreal\\\/\"]}]},{\"@type\":\"ImageObject\",\"inLanguage\":\"fr-CA\",\"@id\":\"https:\\\/\\\/versastyledesign.ca\\\/fr\\\/portfolio-de-design\\\/design-dentree-a-pointe-claire-montreal\\\/#primaryimage\",\"url\":\"https:\\\/\\\/versastyledesign.ca\\\/wp-content\\\/uploads\\\/2024\\\/09\\\/Design-dentree-a-Pointe-Claire-Montreal-1.jpg\",\"contentUrl\":\"https:\\\/\\\/versastyledesign.ca\\\/wp-content\\\/uploads\\\/2024\\\/09\\\/Design-dentree-a-Pointe-Claire-Montreal-1.jpg\",\"width\":901,\"height\":1250,\"caption\":\"Design dentree a Pointe-Claire Montreal\"},{\"@type\":\"BreadcrumbList\",\"@id\":\"https:\\\/\\\/versastyledesign.ca\\\/fr\\\/portfolio-de-design\\\/design-dentree-a-pointe-claire-montreal\\\/#breadcrumb\",\"itemListElement\":[{\"@type\":\"ListItem\",\"position\":1,\"name\":\"Accueil\",\"item\":\"http:\\\/\\\/new.versastyledesign.ca\\\/fr\\\/\"},{\"@type\":\"ListItem\",\"position\":2,\"name\":\"Portfolio de Design\",\"item\":\"http:\\\/\\\/new.versastyledesign.ca\\\/fr\\\/design-portfolio\\\/\"},{\"@type\":\"ListItem\",\"position\":3,\"name\":\"Design d\u2019entr\u00e9e \u00e0 Pointe-Claire, Montr\u00e9al\"}]},{\"@type\":\"WebSite\",\"@id\":\"http:\\\/\\\/new.versastyledesign.ca\\\/fr\\\/#website\",\"url\":\"http:\\\/\\\/new.versastyledesign.ca\\\/fr\\\/\",\"name\":\"Versa Style Design\",\"description\":\"Design d&#039;int\u00e9rieur et r\u00e9novations \u00e0 Montr\u00e9al\",\"publisher\":{\"@id\":\"http:\\\/\\\/new.versastyledesign.ca\\\/fr\\\/#organization\"},\"potentialAction\":[{\"@type\":\"SearchAction\",\"target\":{\"@type\":\"EntryPoint\",\"urlTemplate\":\"http:\\\/\\\/new.versastyledesign.ca\\\/fr\\\/?s={search_term_string}\"},\"query-input\":{\"@type\":\"PropertyValueSpecification\",\"valueRequired\":true,\"valueName\":\"search_term_string\"}}],\"inLanguage\":\"fr-CA\"},{\"@type\":\"Organization\",\"@id\":\"http:\\\/\\\/new.versastyledesign.ca\\\/fr\\\/#organization\",\"name\":\"Versa Style Design\",\"url\":\"http:\\\/\\\/new.versastyledesign.ca\\\/fr\\\/\",\"logo\":{\"@type\":\"ImageObject\",\"inLanguage\":\"fr-CA\",\"@id\":\"http:\\\/\\\/new.versastyledesign.ca\\\/fr\\\/#\\\/schema\\\/logo\\\/image\\\/\",\"url\":\"https:\\\/\\\/versastyledesign.ca\\\/wp-content\\\/uploads\\\/2019\\\/11\\\/Versa-Style-Design-logo.jpg\",\"contentUrl\":\"https:\\\/\\\/versastyledesign.ca\\\/wp-content\\\/uploads\\\/2019\\\/11\\\/Versa-Style-Design-logo.jpg\",\"width\":2099,\"height\":670,\"caption\":\"Versa Style Design\"},\"image\":{\"@id\":\"http:\\\/\\\/new.versastyledesign.ca\\\/fr\\\/#\\\/schema\\\/logo\\\/image\\\/\"},\"sameAs\":[\"https:\\\/\\\/www.facebook.com\\\/Versastyledesign?ref=hl\",\"https:\\\/\\\/x.com\\\/luciepitt\",\"https:\\\/\\\/www.instagram.com\\\/versastyledesign\\\/\",\"https:\\\/\\\/www.linkedin.com\\\/in\\\/lucie-pitt-54b0ba85\",\"https:\\\/\\\/www.pinterest.com\\\/versastyledesign\\\/\"]}]}<\/script>\n<!-- \/ Yoast SEO plugin. -->","yoast_head_json":{"title":"Design d\u2019entr\u00e9e \u00e0 Pointe-Claire, Montr\u00e9al - Versa Style Design","description":"Nos clients souhaitaient r\u00e9soudre leur probl\u00e8me de d\u00e9sorganisation dans l\u2019entr\u00e9e principale. Nous avons con\u00e7u un meuble sur mesure...","robots":{"index":"index","follow":"follow","max-snippet":"max-snippet:-1","max-image-preview":"max-image-preview:large","max-video-preview":"max-video-preview:-1"},"canonical":"https:\/\/versastyledesign.ca\/fr\/portfolio-de-design\/design-dentree-a-pointe-claire-montreal\/","og_locale":"fr_CA","og_type":"article","og_title":"Design d\u2019entr\u00e9e \u00e0 Pointe-Claire, Montr\u00e9al - Versa Style Design","og_description":"Nos clients souhaitaient r\u00e9soudre leur probl\u00e8me de d\u00e9sorganisation dans l\u2019entr\u00e9e principale. Nous avons con\u00e7u un meuble sur mesure...","og_url":"https:\/\/versastyledesign.ca\/fr\/portfolio-de-design\/design-dentree-a-pointe-claire-montreal\/","og_site_name":"Versa Style Design","article_publisher":"https:\/\/www.facebook.com\/Versastyledesign?ref=hl","article_modified_time":"2024-09-01T14:15:25+00:00","og_image":[{"width":901,"height":1250,"url":"https:\/\/new.versastyledesign.ca\/wp-content\/uploads\/2024\/09\/Design-dentree-a-Pointe-Claire-Montreal-1.jpg","type":"image\/jpeg"}],"twitter_misc":{"Estimation du temps de lecture":"2 minutes"},"schema":{"@context":"https:\/\/schema.org","@graph":[{"@type":"WebPage","@id":"https:\/\/versastyledesign.ca\/fr\/portfolio-de-design\/design-dentree-a-pointe-claire-montreal\/","url":"https:\/\/versastyledesign.ca\/fr\/portfolio-de-design\/design-dentree-a-pointe-claire-montreal\/","name":"Design d\u2019entr\u00e9e \u00e0 Pointe-Claire, Montr\u00e9al - Versa Style Design","isPartOf":{"@id":"http:\/\/new.versastyledesign.ca\/fr\/#website"},"primaryImageOfPage":{"@id":"https:\/\/versastyledesign.ca\/fr\/portfolio-de-design\/design-dentree-a-pointe-claire-montreal\/#primaryimage"},"image":{"@id":"https:\/\/versastyledesign.ca\/fr\/portfolio-de-design\/design-dentree-a-pointe-claire-montreal\/#primaryimage"},"thumbnailUrl":"https:\/\/versastyledesign.ca\/wp-content\/uploads\/2024\/09\/Design-dentree-a-Pointe-Claire-Montreal-1.jpg","datePublished":"2024-09-01T14:13:27+00:00","dateModified":"2024-09-01T14:15:25+00:00","description":"Nos clients souhaitaient r\u00e9soudre leur probl\u00e8me de d\u00e9sorganisation dans l\u2019entr\u00e9e principale. Nous avons con\u00e7u un meuble sur mesure...","breadcrumb":{"@id":"https:\/\/versastyledesign.ca\/fr\/portfolio-de-design\/design-dentree-a-pointe-claire-montreal\/#breadcrumb"},"inLanguage":"fr-CA","potentialAction":[{"@type":"ReadAction","target":["https:\/\/versastyledesign.ca\/fr\/portfolio-de-design\/design-dentree-a-pointe-claire-montreal\/"]}]},{"@type":"ImageObject","inLanguage":"fr-CA","@id":"https:\/\/versastyledesign.ca\/fr\/portfolio-de-design\/design-dentree-a-pointe-claire-montreal\/#primaryimage","url":"https:\/\/versastyledesign.ca\/wp-content\/uploads\/2024\/09\/Design-dentree-a-Pointe-Claire-Montreal-1.jpg","contentUrl":"https:\/\/versastyledesign.ca\/wp-content\/uploads\/2024\/09\/Design-dentree-a-Pointe-Claire-Montreal-1.jpg","width":901,"height":1250,"caption":"Design dentree a Pointe-Claire Montreal"},{"@type":"BreadcrumbList","@id":"https:\/\/versastyledesign.ca\/fr\/portfolio-de-design\/design-dentree-a-pointe-claire-montreal\/#breadcrumb","itemListElement":[{"@type":"ListItem","position":1,"name":"Accueil","item":"http:\/\/new.versastyledesign.ca\/fr\/"},{"@type":"ListItem","position":2,"name":"Portfolio de Design","item":"http:\/\/new.versastyledesign.ca\/fr\/design-portfolio\/"},{"@type":"ListItem","position":3,"name":"Design d\u2019entr\u00e9e \u00e0 Pointe-Claire, Montr\u00e9al"}]},{"@type":"WebSite","@id":"http:\/\/new.versastyledesign.ca\/fr\/#website","url":"http:\/\/new.versastyledesign.ca\/fr\/","name":"Versa Style Design","description":"Design d&#039;int\u00e9rieur et r\u00e9novations \u00e0 Montr\u00e9al","publisher":{"@id":"http:\/\/new.versastyledesign.ca\/fr\/#organization"},"potentialAction":[{"@type":"SearchAction","target":{"@type":"EntryPoint","urlTemplate":"http:\/\/new.versastyledesign.ca\/fr\/?s={search_term_string}"},"query-input":{"@type":"PropertyValueSpecification","valueRequired":true,"valueName":"search_term_string"}}],"inLanguage":"fr-CA"},{"@type":"Organization","@id":"http:\/\/new.versastyledesign.ca\/fr\/#organization","name":"Versa Style Design","url":"http:\/\/new.versastyledesign.ca\/fr\/","logo":{"@type":"ImageObject","inLanguage":"fr-CA","@id":"http:\/\/new.versastyledesign.ca\/fr\/#\/schema\/logo\/image\/","url":"https:\/\/versastyledesign.ca\/wp-content\/uploads\/2019\/11\/Versa-Style-Design-logo.jpg","contentUrl":"https:\/\/versastyledesign.ca\/wp-content\/uploads\/2019\/11\/Versa-Style-Design-logo.jpg","width":2099,"height":670,"caption":"Versa Style Design"},"image":{"@id":"http:\/\/new.versastyledesign.ca\/fr\/#\/schema\/logo\/image\/"},"sameAs":["https:\/\/www.facebook.com\/Versastyledesign?ref=hl","https:\/\/x.com\/luciepitt","https:\/\/www.instagram.com\/versastyledesign\/","https:\/\/www.linkedin.com\/in\/lucie-pitt-54b0ba85","https:\/\/www.pinterest.com\/versastyledesign\/"]}]}},"coauthors":[],"author_meta":{"author_link":"https:\/\/versastyledesign.ca\/fr\/author\/lucie-pitt\/","display_name":"Lucie Pitt"},"relative_dates":{"created":"Posted 2 ann\u00e9es ago","modified":"Updated 2 ann\u00e9es ago"},"absolute_dates":{"created":"Posted on 1 septembre 2024","modified":"Updated on 1 septembre 2024"},"absolute_dates_time":{"created":"Posted on 1 septembre 2024 10 h 13 min","modified":"Updated on 1 septembre 2024 10 h 15 min"},"featured_img_caption":"","featured_img":"https:\/\/versastyledesign.ca\/wp-content\/uploads\/2024\/09\/Design-dentree-a-Pointe-Claire-Montreal-1.jpg","series_order":"","_links":{"self":[{"href":"https:\/\/versastyledesign.ca\/fr\/wp-json\/wp\/v2\/pages\/28864","targetHints":{"allow":["GET"]}}],"collection":[{"href":"https:\/\/versastyledesign.ca\/fr\/wp-json\/wp\/v2\/pages"}],"about":[{"href":"https:\/\/versastyledesign.ca\/fr\/wp-json\/wp\/v2\/types\/page"}],"author":[{"embeddable":true,"href":"https:\/\/versastyledesign.ca\/fr\/wp-json\/wp\/v2\/users\/2"}],"replies":[{"embeddable":true,"href":"https:\/\/versastyledesign.ca\/fr\/wp-json\/wp\/v2\/comments?post=28864"}],"version-history":[{"count":5,"href":"https:\/\/versastyledesign.ca\/fr\/wp-json\/wp\/v2\/pages\/28864\/revisions"}],"predecessor-version":[{"id":28875,"href":"https:\/\/versastyledesign.ca\/fr\/wp-json\/wp\/v2\/pages\/28864\/revisions\/28875"}],"up":[{"embeddable":true,"href":"https:\/\/versastyledesign.ca\/fr\/wp-json\/wp\/v2\/pages\/1840"}],"wp:featuredmedia":[{"embeddable":true,"href":"https:\/\/versastyledesign.ca\/fr\/wp-json\/wp\/v2\/media\/28865"}],"wp:attachment":[{"href":"https:\/\/versastyledesign.ca\/fr\/wp-json\/wp\/v2\/media?parent=28864"}],"curies":[{"name":"wp","href":"https:\/\/api.w.org\/{rel}","templated":true}]}}