{"id":31396,"date":"2025-11-15T13:26:08","date_gmt":"2025-11-15T18:26:08","guid":{"rendered":"https:\/\/versastyledesign.ca\/portfolio-de-design\/mini-powder-room-makeover-in-montreal-west\/"},"modified":"2025-11-15T13:43:44","modified_gmt":"2025-11-15T18:43:44","slug":"transformation-dune-petite-salle-deau-a-montreal-ouest","status":"publish","type":"page","link":"https:\/\/versastyledesign.ca\/fr\/portfolio-de-design\/transformation-dune-petite-salle-deau-a-montreal-ouest\/","title":{"rendered":"Transformation d\u2019une petite salle d\u2019eau \u00e0 Montr\u00e9al-Ouest"},"content":{"rendered":"\n<div class=\"wp-block-columns are-vertically-aligned-center is-layout-flex wp-container-core-columns-is-layout-9d6595d7 wp-block-columns-is-layout-flex\">\n<div class=\"wp-block-column is-vertically-aligned-center is-layout-flow wp-block-column-is-layout-flow\">\n<p><strong>Lieu :<\/strong> Montr\u00e9al-Ouest, Qu\u00e9bec<\/p>\n\n\n\n<p><strong>Service de design :<\/strong> Plans de conception et de r\u00e9novation, palette de couleurs et concept, recommandations d\u2019achat avec guide d\u00e9taill\u00e9, recrutement des entrepreneurs et gestion compl\u00e8te du projet.<\/p>\n\n\n\n<p><strong>Mat\u00e9riaux utilis\u00e9s :<\/strong> Lavabo mural miniature en porcelaine, carreaux de sol en porcelaine 8\u201d\u00a0x 8\u201d, carreaux muraux artisanaux Zellige 2,5\u201d x 8\u201d, robinet Chrome Riobel, peinture Sherwin Williams (miroir arqu\u00e9 et luminaire de plafond noir non illustr\u00e9s).<\/p>\n<\/div>\n\n\n\n<div class=\"wp-block-column is-vertically-aligned-center is-layout-flow wp-block-column-is-layout-flow\">\n<figure class=\"wp-block-image size-large\"><img loading=\"lazy\" decoding=\"async\" width=\"750\" height=\"1024\" src=\"https:\/\/versastyledesign.ca\/wp-content\/uploads\/2025\/11\/Transformation-dune-petite-salle-deau-a-Montreal-Ouest-2-750x1024.jpg\" alt=\"Transformation dune petite salle deau a Montreal-Ouest\" class=\"wp-image-31403\" srcset=\"https:\/\/versastyledesign.ca\/wp-content\/uploads\/2025\/11\/Transformation-dune-petite-salle-deau-a-Montreal-Ouest-2-750x1024.jpg 750w, https:\/\/versastyledesign.ca\/wp-content\/uploads\/2025\/11\/Transformation-dune-petite-salle-deau-a-Montreal-Ouest-2-220x300.jpg 220w, https:\/\/versastyledesign.ca\/wp-content\/uploads\/2025\/11\/Transformation-dune-petite-salle-deau-a-Montreal-Ouest-2-768x1048.jpg 768w, https:\/\/versastyledesign.ca\/wp-content\/uploads\/2025\/11\/Transformation-dune-petite-salle-deau-a-Montreal-Ouest-2.jpg 938w\" sizes=\"auto, (max-width: 750px) 100vw, 750px\" \/><\/figure>\n<\/div>\n<\/div>\n\n\n\n<p><strong>Notre mandat :<\/strong> Les clients souhaitaient moderniser leur petite salle d\u2019eau en y apportant de la personnalit\u00e9 et de la couleur. Il s\u2019agit de la plus petite pi\u00e8ce sur laquelle nous ayons travaill\u00e9, sans espace pour un meuble-lavabo ou du rangement. La pi\u00e8ce \u00e9tait tr\u00e8s froide en hiver ; nous avons donc remplac\u00e9 les fen\u00eatres, isol\u00e9 les murs et ajout\u00e9 un plancher chauffant pour plus de confort. Nous avons recommand\u00e9 une superbe combinaison inattendue de carreaux pour les murs et le sol, et trouv\u00e9 un petit lavabo mural en porcelaine. Les lignes \u00e9pur\u00e9es, la palette de couleurs lumineuse et les finis artisanaux ont transform\u00e9 cette petite salle d\u2019eau en un espace accueillant et plein de charme pour les invit\u00e9s.<\/p>\n\n\n\n<div style=\"height:50px\" aria-hidden=\"true\" class=\"wp-block-spacer\"><\/div>\n\n\n\n<h2 class=\"wp-block-heading\">Portfolio avant-apr\u00e8s \u2013 salle d\u2019eau par Versa Style Design<\/h2>\n\n\n\n<figure class=\"wp-block-gallery has-nested-images columns-4 is-cropped wp-block-gallery-1 is-layout-flex wp-block-gallery-is-layout-flex\">\n<figure class=\"wp-block-image size-large\"><a href=\"https:\/\/versastyledesign.ca\/wp-content\/uploads\/2025\/11\/Transformation-dune-petite-salle-deau-a-Montreal-Ouest-2-750x1024.jpg\"><img loading=\"lazy\" decoding=\"async\" width=\"750\" height=\"1024\" data-id=\"31403\" src=\"https:\/\/versastyledesign.ca\/wp-content\/uploads\/2025\/11\/Transformation-dune-petite-salle-deau-a-Montreal-Ouest-2-750x1024.jpg\" alt=\"Transformation dune petite salle deau a Montreal-Ouest\" class=\"wp-image-31403\" srcset=\"https:\/\/versastyledesign.ca\/wp-content\/uploads\/2025\/11\/Transformation-dune-petite-salle-deau-a-Montreal-Ouest-2-750x1024.jpg 750w, https:\/\/versastyledesign.ca\/wp-content\/uploads\/2025\/11\/Transformation-dune-petite-salle-deau-a-Montreal-Ouest-2-220x300.jpg 220w, https:\/\/versastyledesign.ca\/wp-content\/uploads\/2025\/11\/Transformation-dune-petite-salle-deau-a-Montreal-Ouest-2-768x1048.jpg 768w, https:\/\/versastyledesign.ca\/wp-content\/uploads\/2025\/11\/Transformation-dune-petite-salle-deau-a-Montreal-Ouest-2.jpg 938w\" sizes=\"auto, (max-width: 750px) 100vw, 750px\" \/><\/a><\/figure>\n\n\n\n<figure class=\"wp-block-image size-large\"><a href=\"https:\/\/versastyledesign.ca\/wp-content\/uploads\/2025\/11\/Transformation-dune-petite-salle-deau-a-Montreal-Ouest-3-826x1024.jpg\"><img loading=\"lazy\" decoding=\"async\" width=\"826\" height=\"1024\" data-id=\"31398\" src=\"https:\/\/versastyledesign.ca\/wp-content\/uploads\/2025\/11\/Transformation-dune-petite-salle-deau-a-Montreal-Ouest-3-826x1024.jpg\" alt=\"Transformation dune petite salle deau a Montreal-Ouest\" class=\"wp-image-31398\" srcset=\"https:\/\/versastyledesign.ca\/wp-content\/uploads\/2025\/11\/Transformation-dune-petite-salle-deau-a-Montreal-Ouest-3-826x1024.jpg 826w, https:\/\/versastyledesign.ca\/wp-content\/uploads\/2025\/11\/Transformation-dune-petite-salle-deau-a-Montreal-Ouest-3-242x300.jpg 242w, https:\/\/versastyledesign.ca\/wp-content\/uploads\/2025\/11\/Transformation-dune-petite-salle-deau-a-Montreal-Ouest-3-768x952.jpg 768w, https:\/\/versastyledesign.ca\/wp-content\/uploads\/2025\/11\/Transformation-dune-petite-salle-deau-a-Montreal-Ouest-3.jpg 1033w\" sizes=\"auto, (max-width: 826px) 100vw, 826px\" \/><\/a><\/figure>\n\n\n\n<figure class=\"wp-block-image size-large\"><a href=\"https:\/\/versastyledesign.ca\/wp-content\/uploads\/2025\/11\/Transformation-dune-petite-salle-deau-a-Montreal-Ouest-4-1-693x1024.jpg\"><img loading=\"lazy\" decoding=\"async\" width=\"693\" height=\"1024\" data-id=\"31410\" src=\"https:\/\/versastyledesign.ca\/wp-content\/uploads\/2025\/11\/Transformation-dune-petite-salle-deau-a-Montreal-Ouest-4-1-693x1024.jpg\" alt=\"Transformation d\u2019une petite salle d\u2019eau \u00e0 Montr\u00e9al-Ouest\" class=\"wp-image-31410\" srcset=\"https:\/\/versastyledesign.ca\/wp-content\/uploads\/2025\/11\/Transformation-dune-petite-salle-deau-a-Montreal-Ouest-4-1-693x1024.jpg 693w, https:\/\/versastyledesign.ca\/wp-content\/uploads\/2025\/11\/Transformation-dune-petite-salle-deau-a-Montreal-Ouest-4-1-203x300.jpg 203w, https:\/\/versastyledesign.ca\/wp-content\/uploads\/2025\/11\/Transformation-dune-petite-salle-deau-a-Montreal-Ouest-4-1-768x1135.jpg 768w, https:\/\/versastyledesign.ca\/wp-content\/uploads\/2025\/11\/Transformation-dune-petite-salle-deau-a-Montreal-Ouest-4-1.jpg 866w\" sizes=\"auto, (max-width: 693px) 100vw, 693px\" \/><\/a><\/figure>\n\n\n\n<figure class=\"wp-block-image size-large\"><a href=\"https:\/\/versastyledesign.ca\/wp-content\/uploads\/2025\/11\/Transformation-dune-petite-salle-deau-a-Montreal-Ouest-1-694x1024.jpg\"><img loading=\"lazy\" decoding=\"async\" width=\"694\" height=\"1024\" data-id=\"31401\" src=\"https:\/\/versastyledesign.ca\/wp-content\/uploads\/2025\/11\/Transformation-dune-petite-salle-deau-a-Montreal-Ouest-1-694x1024.jpg\" alt=\"Transformation dune petite salle deau a Montreal-Ouest\" class=\"wp-image-31401\" srcset=\"https:\/\/versastyledesign.ca\/wp-content\/uploads\/2025\/11\/Transformation-dune-petite-salle-deau-a-Montreal-Ouest-1-694x1024.jpg 694w, https:\/\/versastyledesign.ca\/wp-content\/uploads\/2025\/11\/Transformation-dune-petite-salle-deau-a-Montreal-Ouest-1-203x300.jpg 203w, https:\/\/versastyledesign.ca\/wp-content\/uploads\/2025\/11\/Transformation-dune-petite-salle-deau-a-Montreal-Ouest-1-768x1134.jpg 768w, https:\/\/versastyledesign.ca\/wp-content\/uploads\/2025\/11\/Transformation-dune-petite-salle-deau-a-Montreal-Ouest-1.jpg 867w\" sizes=\"auto, (max-width: 694px) 100vw, 694px\" \/><\/a><\/figure>\n<\/figure>\n\n\n\n<div style=\"height:100px\" aria-hidden=\"true\" class=\"wp-block-spacer\"><\/div>\n\n\n\n<h2 class=\"wp-block-heading\"><strong>T\u00e9moignage du client<\/strong><\/h2>\n\n\n\n<blockquote class=\"wp-block-quote is-layout-flow wp-block-quote-is-layout-flow\">\n<p>Ce fut un plaisir de travailler avec Lucie pour la r\u00e9novation de notre cuisine et de notre salle d\u2019eau. Elle a grandement facilit\u00e9 le processus, nous accompagnant \u00e0 chaque \u00e9tape \u2013 de la mise en place de notre vision \u00e0 la s\u00e9lection des entrepreneurs et des fournisseurs. Toujours disponible, \u00e0 l\u2019\u00e9coute et professionnelle, Lucie a su rendre l\u2019exp\u00e9rience agr\u00e9able du d\u00e9but \u00e0 la fin. Nous sommes ravis du r\u00e9sultat et la recommandons chaudement !<\/p>\n<cite><strong><em>Sami Gysin et St\u00e9phanie Treherne, Montr\u00e9al-Ouest<\/em><\/strong><\/cite><\/blockquote>\n\n\n\n<div style=\"height:100px\" aria-hidden=\"true\" class=\"wp-block-spacer\"><\/div>\n\n\n\n<div class=\"wp-block-columns is-layout-flex wp-container-core-columns-is-layout-9d6595d7 wp-block-columns-is-layout-flex\">\n<div class=\"wp-block-column is-layout-flow wp-block-column-is-layout-flow\"><div class=\"wp-block-image is-resized\">\n<figure class=\"aligncenter size-large\"><img loading=\"lazy\" decoding=\"async\" width=\"1024\" height=\"848\" src=\"https:\/\/versastyledesign.ca\/wp-content\/uploads\/2019\/12\/Design-salle-de-bains-montreal-1024x848.jpg\" alt=\"\" class=\"wp-image-15987\" srcset=\"https:\/\/versastyledesign.ca\/wp-content\/uploads\/2019\/12\/Design-salle-de-bains-montreal-1024x848.jpg 1024w, https:\/\/versastyledesign.ca\/wp-content\/uploads\/2019\/12\/Design-salle-de-bains-montreal-300x249.jpg 300w, https:\/\/versastyledesign.ca\/wp-content\/uploads\/2019\/12\/Design-salle-de-bains-montreal-768x636.jpg 768w, https:\/\/versastyledesign.ca\/wp-content\/uploads\/2019\/12\/Design-salle-de-bains-montreal-1536x1272.jpg 1536w, https:\/\/versastyledesign.ca\/wp-content\/uploads\/2019\/12\/Design-salle-de-bains-montreal-2048x1696.jpg 2048w\" sizes=\"auto, (max-width: 1024px) 100vw, 1024px\" \/><\/figure>\n<\/div><\/div>\n\n\n\n<div class=\"wp-block-column is-layout-flow wp-block-column-is-layout-flow\">\n<h2 class=\"wp-block-heading has-text-align-center\"> Service de design de salle de bain \u00e0 Montr\u00e9al <\/h2>\n\n\n\n<p class=\"has-text-align-center\">Pour en savoir plus sur nos services de design de salle de bain dans la grande r\u00e9gion de Montr\u00e9al.<\/p>\n\n\n\n<div class=\"wp-block-buttons is-horizontal is-content-justification-center is-layout-flex wp-container-core-buttons-is-layout-499968f5 wp-block-buttons-is-layout-flex\">\n<div class=\"wp-block-button button-custom\"><a class=\"wp-block-button__link has-background wp-element-button\" href=\"\/fr?page_id=11180\" style=\"background-color:#d53652\">Design de salle de bain<\/a><\/div>\n<\/div>\n\n\n\n<p><\/p>\n<\/div>\n<\/div>\n\n\n\n<div style=\"height:50px\" aria-hidden=\"true\" class=\"wp-block-spacer\"><\/div>\n\n\n\n<h2 class=\"wp-block-heading\"><strong>\u00cates-vous situ\u00e9 dans la grande r\u00e9gion de Montr\u00e9al?<\/strong><\/h2>\n\n\n\n<p class=\"has-text-align-center\"><strong>Donnez vie \u00e0 votre projet de design avec Lucie.<\/strong><\/p>\n\n\n\n<div class=\"wp-block-buttons is-content-justification-center is-layout-flex wp-container-core-buttons-is-layout-16018d1d wp-block-buttons-is-layout-flex\">\n<div class=\"wp-block-button button-inverse\"><a class=\"wp-block-button__link has-text-color has-background has-link-color wp-element-button\" href=\"\/fr\/forfait-de-design-interieur\/versa-style-design-premiere-consultation\/\" style=\"color:#d53652;background-color:#f3f3f3\">Premi\u00e8re consultation<\/a><\/div>\n<\/div>\n\n\n\n<div style=\"height:25px\" aria-hidden=\"true\" class=\"wp-block-spacer\"><\/div>\n<p><a href=\"\/\/www.pinterest.com\/pin\/create\/button\/\" data-pin-do=\"buttonBookmark\" data-pin-color=\"red\" data-pin-height=\"128\"><img decoding=\"async\" src=\"\/\/assets.pinterest.com\/images\/pidgets\/pinit_fg_en_rect_red_28.png\" \/><\/a><\/p>","protected":false},"excerpt":{"rendered":"<p>Lieu : Montr\u00e9al-Ouest, Qu\u00e9bec Service de design : Plans de conception et de r\u00e9novation, palette de couleurs et concept, recommandations d\u2019achat avec guide d\u00e9taill\u00e9, recrutement des entrepreneurs et gestion compl\u00e8te du projet. Mat\u00e9riaux utilis\u00e9s : Lavabo mural miniature en porcelaine, carreaux de sol en porcelaine 8\u201d\u00a0x 8\u201d, carreaux muraux artisanaux Zellige 2,5\u201d x 8\u201d, robinet [&hellip;]<\/p>\n","protected":false},"author":2,"featured_media":31390,"parent":1840,"menu_order":0,"comment_status":"closed","ping_status":"closed","template":"","meta":{"advgb_blocks_editor_width":"","advgb_blocks_columns_visual_guide":"","_genesis_hide_title":false,"_genesis_hide_breadcrumbs":false,"_genesis_hide_singular_image":false,"_genesis_hide_footer_widgets":false,"_genesis_custom_body_class":"","_genesis_custom_post_class":"","_genesis_layout":"","footnotes":""},"class_list":{"0":"post-31396","1":"page","2":"type-page","3":"status-publish","4":"has-post-thumbnail","6":"entry"},"yoast_head":"<!-- This site is optimized with the Yoast SEO plugin v27.3 - https:\/\/yoast.com\/product\/yoast-seo-wordpress\/ -->\n<title>Transformation d\u2019une petite salle d\u2019eau \u00e0 Montr\u00e9al-Ouest - Versa Style Design<\/title>\n<meta name=\"description\" content=\"Les clients souhaitaient moderniser leur petite salle d\u2019eau en y apportant de la personnalit\u00e9 et de la couleur.\" \/>\n<meta name=\"robots\" content=\"index, follow, max-snippet:-1, max-image-preview:large, max-video-preview:-1\" \/>\n<link rel=\"canonical\" href=\"https:\/\/versastyledesign.ca\/fr\/portfolio-de-design\/transformation-dune-petite-salle-deau-a-montreal-ouest\/\" \/>\n<meta property=\"og:locale\" content=\"fr_CA\" \/>\n<meta property=\"og:type\" content=\"article\" \/>\n<meta property=\"og:title\" content=\"Transformation d\u2019une petite salle d\u2019eau \u00e0 Montr\u00e9al-Ouest - Versa Style Design\" \/>\n<meta property=\"og:description\" content=\"Les clients souhaitaient moderniser leur petite salle d\u2019eau en y apportant de la personnalit\u00e9 et de la couleur.\" \/>\n<meta property=\"og:url\" content=\"https:\/\/versastyledesign.ca\/fr\/portfolio-de-design\/transformation-dune-petite-salle-deau-a-montreal-ouest\/\" \/>\n<meta property=\"og:site_name\" content=\"Versa Style Design\" \/>\n<meta property=\"article:publisher\" content=\"https:\/\/www.facebook.com\/Versastyledesign?ref=hl\" \/>\n<meta property=\"article:modified_time\" content=\"2025-11-15T18:43:44+00:00\" \/>\n<meta property=\"og:image\" content=\"https:\/\/versastyledesign.ca\/wp-content\/uploads\/2025\/11\/Mini-Powder-Room-Makeover-in-Montreal-West-2.jpg\" \/>\n\t<meta property=\"og:image:width\" content=\"938\" \/>\n\t<meta property=\"og:image:height\" content=\"1280\" \/>\n\t<meta property=\"og:image:type\" content=\"image\/jpeg\" \/>\n<meta name=\"twitter:label1\" content=\"Estimation du temps de lecture\" \/>\n\t<meta name=\"twitter:data1\" content=\"3 minutes\" \/>\n<script type=\"application\/ld+json\" class=\"yoast-schema-graph\">{\"@context\":\"https:\\\/\\\/schema.org\",\"@graph\":[{\"@type\":\"WebPage\",\"@id\":\"https:\\\/\\\/versastyledesign.ca\\\/fr\\\/portfolio-de-design\\\/transformation-dune-petite-salle-deau-a-montreal-ouest\\\/\",\"url\":\"https:\\\/\\\/versastyledesign.ca\\\/fr\\\/portfolio-de-design\\\/transformation-dune-petite-salle-deau-a-montreal-ouest\\\/\",\"name\":\"Transformation d\u2019une petite salle d\u2019eau \u00e0 Montr\u00e9al-Ouest - Versa Style Design\",\"isPartOf\":{\"@id\":\"http:\\\/\\\/new.versastyledesign.ca\\\/fr\\\/#website\"},\"primaryImageOfPage\":{\"@id\":\"https:\\\/\\\/versastyledesign.ca\\\/fr\\\/portfolio-de-design\\\/transformation-dune-petite-salle-deau-a-montreal-ouest\\\/#primaryimage\"},\"image\":{\"@id\":\"https:\\\/\\\/versastyledesign.ca\\\/fr\\\/portfolio-de-design\\\/transformation-dune-petite-salle-deau-a-montreal-ouest\\\/#primaryimage\"},\"thumbnailUrl\":\"https:\\\/\\\/versastyledesign.ca\\\/wp-content\\\/uploads\\\/2025\\\/11\\\/Mini-Powder-Room-Makeover-in-Montreal-West-2.jpg\",\"datePublished\":\"2025-11-15T18:26:08+00:00\",\"dateModified\":\"2025-11-15T18:43:44+00:00\",\"description\":\"Les clients souhaitaient moderniser leur petite salle d\u2019eau en y apportant de la personnalit\u00e9 et de la couleur.\",\"breadcrumb\":{\"@id\":\"https:\\\/\\\/versastyledesign.ca\\\/fr\\\/portfolio-de-design\\\/transformation-dune-petite-salle-deau-a-montreal-ouest\\\/#breadcrumb\"},\"inLanguage\":\"fr-CA\",\"potentialAction\":[{\"@type\":\"ReadAction\",\"target\":[\"https:\\\/\\\/versastyledesign.ca\\\/fr\\\/portfolio-de-design\\\/transformation-dune-petite-salle-deau-a-montreal-ouest\\\/\"]}]},{\"@type\":\"ImageObject\",\"inLanguage\":\"fr-CA\",\"@id\":\"https:\\\/\\\/versastyledesign.ca\\\/fr\\\/portfolio-de-design\\\/transformation-dune-petite-salle-deau-a-montreal-ouest\\\/#primaryimage\",\"url\":\"https:\\\/\\\/versastyledesign.ca\\\/wp-content\\\/uploads\\\/2025\\\/11\\\/Mini-Powder-Room-Makeover-in-Montreal-West-2.jpg\",\"contentUrl\":\"https:\\\/\\\/versastyledesign.ca\\\/wp-content\\\/uploads\\\/2025\\\/11\\\/Mini-Powder-Room-Makeover-in-Montreal-West-2.jpg\",\"width\":938,\"height\":1280,\"caption\":\"Mini Powder Room Makeover in Montreal West\"},{\"@type\":\"BreadcrumbList\",\"@id\":\"https:\\\/\\\/versastyledesign.ca\\\/fr\\\/portfolio-de-design\\\/transformation-dune-petite-salle-deau-a-montreal-ouest\\\/#breadcrumb\",\"itemListElement\":[{\"@type\":\"ListItem\",\"position\":1,\"name\":\"Accueil\",\"item\":\"http:\\\/\\\/new.versastyledesign.ca\\\/fr\\\/\"},{\"@type\":\"ListItem\",\"position\":2,\"name\":\"Portfolio de Design\",\"item\":\"http:\\\/\\\/new.versastyledesign.ca\\\/fr\\\/design-portfolio\\\/\"},{\"@type\":\"ListItem\",\"position\":3,\"name\":\"Transformation d\u2019une petite salle d\u2019eau \u00e0 Montr\u00e9al-Ouest\"}]},{\"@type\":\"WebSite\",\"@id\":\"http:\\\/\\\/new.versastyledesign.ca\\\/fr\\\/#website\",\"url\":\"http:\\\/\\\/new.versastyledesign.ca\\\/fr\\\/\",\"name\":\"Versa Style Design\",\"description\":\"Design d&#039;int\u00e9rieur et r\u00e9novations \u00e0 Montr\u00e9al\",\"publisher\":{\"@id\":\"http:\\\/\\\/new.versastyledesign.ca\\\/fr\\\/#organization\"},\"potentialAction\":[{\"@type\":\"SearchAction\",\"target\":{\"@type\":\"EntryPoint\",\"urlTemplate\":\"http:\\\/\\\/new.versastyledesign.ca\\\/fr\\\/?s={search_term_string}\"},\"query-input\":{\"@type\":\"PropertyValueSpecification\",\"valueRequired\":true,\"valueName\":\"search_term_string\"}}],\"inLanguage\":\"fr-CA\"},{\"@type\":\"Organization\",\"@id\":\"http:\\\/\\\/new.versastyledesign.ca\\\/fr\\\/#organization\",\"name\":\"Versa Style Design\",\"url\":\"http:\\\/\\\/new.versastyledesign.ca\\\/fr\\\/\",\"logo\":{\"@type\":\"ImageObject\",\"inLanguage\":\"fr-CA\",\"@id\":\"http:\\\/\\\/new.versastyledesign.ca\\\/fr\\\/#\\\/schema\\\/logo\\\/image\\\/\",\"url\":\"https:\\\/\\\/versastyledesign.ca\\\/wp-content\\\/uploads\\\/2019\\\/11\\\/Versa-Style-Design-logo.jpg\",\"contentUrl\":\"https:\\\/\\\/versastyledesign.ca\\\/wp-content\\\/uploads\\\/2019\\\/11\\\/Versa-Style-Design-logo.jpg\",\"width\":2099,\"height\":670,\"caption\":\"Versa Style Design\"},\"image\":{\"@id\":\"http:\\\/\\\/new.versastyledesign.ca\\\/fr\\\/#\\\/schema\\\/logo\\\/image\\\/\"},\"sameAs\":[\"https:\\\/\\\/www.facebook.com\\\/Versastyledesign?ref=hl\",\"https:\\\/\\\/x.com\\\/luciepitt\",\"https:\\\/\\\/www.instagram.com\\\/versastyledesign\\\/\",\"https:\\\/\\\/www.linkedin.com\\\/in\\\/lucie-pitt-54b0ba85\",\"https:\\\/\\\/www.pinterest.com\\\/versastyledesign\\\/\"]}]}<\/script>\n<!-- \/ Yoast SEO plugin. -->","yoast_head_json":{"title":"Transformation d\u2019une petite salle d\u2019eau \u00e0 Montr\u00e9al-Ouest - Versa Style Design","description":"Les clients souhaitaient moderniser leur petite salle d\u2019eau en y apportant de la personnalit\u00e9 et de la couleur.","robots":{"index":"index","follow":"follow","max-snippet":"max-snippet:-1","max-image-preview":"max-image-preview:large","max-video-preview":"max-video-preview:-1"},"canonical":"https:\/\/versastyledesign.ca\/fr\/portfolio-de-design\/transformation-dune-petite-salle-deau-a-montreal-ouest\/","og_locale":"fr_CA","og_type":"article","og_title":"Transformation d\u2019une petite salle d\u2019eau \u00e0 Montr\u00e9al-Ouest - Versa Style Design","og_description":"Les clients souhaitaient moderniser leur petite salle d\u2019eau en y apportant de la personnalit\u00e9 et de la couleur.","og_url":"https:\/\/versastyledesign.ca\/fr\/portfolio-de-design\/transformation-dune-petite-salle-deau-a-montreal-ouest\/","og_site_name":"Versa Style Design","article_publisher":"https:\/\/www.facebook.com\/Versastyledesign?ref=hl","article_modified_time":"2025-11-15T18:43:44+00:00","og_image":[{"width":938,"height":1280,"url":"https:\/\/versastyledesign.ca\/wp-content\/uploads\/2025\/11\/Mini-Powder-Room-Makeover-in-Montreal-West-2.jpg","type":"image\/jpeg"}],"twitter_misc":{"Estimation du temps de lecture":"3 minutes"},"schema":{"@context":"https:\/\/schema.org","@graph":[{"@type":"WebPage","@id":"https:\/\/versastyledesign.ca\/fr\/portfolio-de-design\/transformation-dune-petite-salle-deau-a-montreal-ouest\/","url":"https:\/\/versastyledesign.ca\/fr\/portfolio-de-design\/transformation-dune-petite-salle-deau-a-montreal-ouest\/","name":"Transformation d\u2019une petite salle d\u2019eau \u00e0 Montr\u00e9al-Ouest - Versa Style Design","isPartOf":{"@id":"http:\/\/new.versastyledesign.ca\/fr\/#website"},"primaryImageOfPage":{"@id":"https:\/\/versastyledesign.ca\/fr\/portfolio-de-design\/transformation-dune-petite-salle-deau-a-montreal-ouest\/#primaryimage"},"image":{"@id":"https:\/\/versastyledesign.ca\/fr\/portfolio-de-design\/transformation-dune-petite-salle-deau-a-montreal-ouest\/#primaryimage"},"thumbnailUrl":"https:\/\/versastyledesign.ca\/wp-content\/uploads\/2025\/11\/Mini-Powder-Room-Makeover-in-Montreal-West-2.jpg","datePublished":"2025-11-15T18:26:08+00:00","dateModified":"2025-11-15T18:43:44+00:00","description":"Les clients souhaitaient moderniser leur petite salle d\u2019eau en y apportant de la personnalit\u00e9 et de la couleur.","breadcrumb":{"@id":"https:\/\/versastyledesign.ca\/fr\/portfolio-de-design\/transformation-dune-petite-salle-deau-a-montreal-ouest\/#breadcrumb"},"inLanguage":"fr-CA","potentialAction":[{"@type":"ReadAction","target":["https:\/\/versastyledesign.ca\/fr\/portfolio-de-design\/transformation-dune-petite-salle-deau-a-montreal-ouest\/"]}]},{"@type":"ImageObject","inLanguage":"fr-CA","@id":"https:\/\/versastyledesign.ca\/fr\/portfolio-de-design\/transformation-dune-petite-salle-deau-a-montreal-ouest\/#primaryimage","url":"https:\/\/versastyledesign.ca\/wp-content\/uploads\/2025\/11\/Mini-Powder-Room-Makeover-in-Montreal-West-2.jpg","contentUrl":"https:\/\/versastyledesign.ca\/wp-content\/uploads\/2025\/11\/Mini-Powder-Room-Makeover-in-Montreal-West-2.jpg","width":938,"height":1280,"caption":"Mini Powder Room Makeover in Montreal West"},{"@type":"BreadcrumbList","@id":"https:\/\/versastyledesign.ca\/fr\/portfolio-de-design\/transformation-dune-petite-salle-deau-a-montreal-ouest\/#breadcrumb","itemListElement":[{"@type":"ListItem","position":1,"name":"Accueil","item":"http:\/\/new.versastyledesign.ca\/fr\/"},{"@type":"ListItem","position":2,"name":"Portfolio de Design","item":"http:\/\/new.versastyledesign.ca\/fr\/design-portfolio\/"},{"@type":"ListItem","position":3,"name":"Transformation d\u2019une petite salle d\u2019eau \u00e0 Montr\u00e9al-Ouest"}]},{"@type":"WebSite","@id":"http:\/\/new.versastyledesign.ca\/fr\/#website","url":"http:\/\/new.versastyledesign.ca\/fr\/","name":"Versa Style Design","description":"Design d&#039;int\u00e9rieur et r\u00e9novations \u00e0 Montr\u00e9al","publisher":{"@id":"http:\/\/new.versastyledesign.ca\/fr\/#organization"},"potentialAction":[{"@type":"SearchAction","target":{"@type":"EntryPoint","urlTemplate":"http:\/\/new.versastyledesign.ca\/fr\/?s={search_term_string}"},"query-input":{"@type":"PropertyValueSpecification","valueRequired":true,"valueName":"search_term_string"}}],"inLanguage":"fr-CA"},{"@type":"Organization","@id":"http:\/\/new.versastyledesign.ca\/fr\/#organization","name":"Versa Style Design","url":"http:\/\/new.versastyledesign.ca\/fr\/","logo":{"@type":"ImageObject","inLanguage":"fr-CA","@id":"http:\/\/new.versastyledesign.ca\/fr\/#\/schema\/logo\/image\/","url":"https:\/\/versastyledesign.ca\/wp-content\/uploads\/2019\/11\/Versa-Style-Design-logo.jpg","contentUrl":"https:\/\/versastyledesign.ca\/wp-content\/uploads\/2019\/11\/Versa-Style-Design-logo.jpg","width":2099,"height":670,"caption":"Versa Style Design"},"image":{"@id":"http:\/\/new.versastyledesign.ca\/fr\/#\/schema\/logo\/image\/"},"sameAs":["https:\/\/www.facebook.com\/Versastyledesign?ref=hl","https:\/\/x.com\/luciepitt","https:\/\/www.instagram.com\/versastyledesign\/","https:\/\/www.linkedin.com\/in\/lucie-pitt-54b0ba85","https:\/\/www.pinterest.com\/versastyledesign\/"]}]}},"coauthors":[],"author_meta":{"author_link":"https:\/\/versastyledesign.ca\/fr\/author\/lucie-pitt\/","display_name":"Lucie Pitt"},"relative_dates":{"created":"Posted 5 mois ago","modified":"Updated 5 mois ago"},"absolute_dates":{"created":"Posted on 15 novembre 2025","modified":"Updated on 15 novembre 2025"},"absolute_dates_time":{"created":"Posted on 15 novembre 2025 13 h 26 min","modified":"Updated on 15 novembre 2025 13 h 43 min"},"featured_img_caption":"","featured_img":"https:\/\/versastyledesign.ca\/wp-content\/uploads\/2025\/11\/Mini-Powder-Room-Makeover-in-Montreal-West-2.jpg","series_order":"","_links":{"self":[{"href":"https:\/\/versastyledesign.ca\/fr\/wp-json\/wp\/v2\/pages\/31396","targetHints":{"allow":["GET"]}}],"collection":[{"href":"https:\/\/versastyledesign.ca\/fr\/wp-json\/wp\/v2\/pages"}],"about":[{"href":"https:\/\/versastyledesign.ca\/fr\/wp-json\/wp\/v2\/types\/page"}],"author":[{"embeddable":true,"href":"https:\/\/versastyledesign.ca\/fr\/wp-json\/wp\/v2\/users\/2"}],"replies":[{"embeddable":true,"href":"https:\/\/versastyledesign.ca\/fr\/wp-json\/wp\/v2\/comments?post=31396"}],"version-history":[{"count":9,"href":"https:\/\/versastyledesign.ca\/fr\/wp-json\/wp\/v2\/pages\/31396\/revisions"}],"predecessor-version":[{"id":31415,"href":"https:\/\/versastyledesign.ca\/fr\/wp-json\/wp\/v2\/pages\/31396\/revisions\/31415"}],"up":[{"embeddable":true,"href":"https:\/\/versastyledesign.ca\/fr\/wp-json\/wp\/v2\/pages\/1840"}],"wp:featuredmedia":[{"embeddable":true,"href":"https:\/\/versastyledesign.ca\/fr\/wp-json\/wp\/v2\/media\/31390"}],"wp:attachment":[{"href":"https:\/\/versastyledesign.ca\/fr\/wp-json\/wp\/v2\/media?parent=31396"}],"curies":[{"name":"wp","href":"https:\/\/api.w.org\/{rel}","templated":true}]}}