{"id":31567,"date":"2025-12-24T14:13:14","date_gmt":"2025-12-24T19:13:14","guid":{"rendered":"https:\/\/versastyledesign.ca\/?page_id=31567"},"modified":"2025-12-30T12:55:22","modified_gmt":"2025-12-30T17:55:22","slug":"metamorphose-dun-entree-et-escalier-a-montreal-ouest","status":"publish","type":"page","link":"https:\/\/versastyledesign.ca\/fr\/portfolio-de-design\/metamorphose-dun-entree-et-escalier-a-montreal-ouest\/","title":{"rendered":"M\u00e9tamorphose d\u2019un entr\u00e9e et escalier \u00e0 Montr\u00e9al-Ouest"},"content":{"rendered":"\n<div class=\"wp-block-columns is-layout-flex wp-container-core-columns-is-layout-9d6595d7 wp-block-columns-is-layout-flex\">\n<div class=\"wp-block-column is-layout-flow wp-block-column-is-layout-flow\">\n<p><strong>Lieu :<\/strong> Montr\u00e9al-Ouest, Qc<br><br><strong>Service de design : <\/strong>Palette de couleurs ainsi que recommandations pour l\u2019\u00e9clairage et les finis. Recrutement des entrepreneurs et gestion de projet inclus.<\/p>\n\n\n\n<p><strong>Mat\u00e9riaux utilis\u00e9s :<\/strong> Peinture Sherwin Williams.<\/p>\n<\/div>\n\n\n\n<div class=\"wp-block-column is-layout-flow wp-block-column-is-layout-flow\">\n<figure class=\"wp-block-image size-large\"><img loading=\"lazy\" decoding=\"async\" width=\"1024\" height=\"683\" src=\"https:\/\/versastyledesign.ca\/wp-content\/uploads\/2025\/12\/Renovation-du-hall-et-de-lescalier-dune-maison-Craftsman-a-Montreal-Ouest-1-1024x683.jpeg\" alt=\"Renovation du hall et de lescalier dune maison Craftsman a Montreal-Ouest\" class=\"wp-image-31572\" srcset=\"https:\/\/versastyledesign.ca\/wp-content\/uploads\/2025\/12\/Renovation-du-hall-et-de-lescalier-dune-maison-Craftsman-a-Montreal-Ouest-1-1024x683.jpeg 1024w, https:\/\/versastyledesign.ca\/wp-content\/uploads\/2025\/12\/Renovation-du-hall-et-de-lescalier-dune-maison-Craftsman-a-Montreal-Ouest-1-300x200.jpeg 300w, https:\/\/versastyledesign.ca\/wp-content\/uploads\/2025\/12\/Renovation-du-hall-et-de-lescalier-dune-maison-Craftsman-a-Montreal-Ouest-1-768x512.jpeg 768w, https:\/\/versastyledesign.ca\/wp-content\/uploads\/2025\/12\/Renovation-du-hall-et-de-lescalier-dune-maison-Craftsman-a-Montreal-Ouest-1.jpeg 1280w\" sizes=\"auto, (max-width: 1024px) 100vw, 1024px\" \/><\/figure>\n<\/div>\n<\/div>\n\n\n\n<p><strong>Notre mandat :<\/strong> Les clients souhaitaient illuminer l\u2019escalier menant \u00e0 l\u2019\u00e9tage, tout en pr\u00e9servant le caract\u00e8re du bois d\u2019origine. Contrairement au salon et \u00e0 la salle \u00e0 manger adjacents \u2013 o\u00f9 les couleurs vives et les choix audacieux dominent \u2013, ils imaginaient la cage d\u2019escalier comme un espace de transition plus neutre et apaisant. Pour atteindre cet \u00e9quilibre, nous avons propos\u00e9 une palette douce et intemporelle qui met en valeur la lumi\u00e8re naturelle et le charme architectural de la maison. En peignant les contremarches et les moulures en blanc classique, nous avons cr\u00e9\u00e9 un contraste subtil qui met en relief les tons chaleureux du bois. Le r\u00e9sultat : un escalier lumineux et a\u00e9r\u00e9, \u00e0 la fois moderne et respectueux du style Craftsman de la maison \u2013 un pont \u00e9l\u00e9gant entre tradition et modernit\u00e9.<\/p>\n\n\n\n<div style=\"height:50px\" aria-hidden=\"true\" class=\"wp-block-spacer\"><\/div>\n\n\n\n<h2 class=\"wp-block-heading\"><strong>Portfolio de transformation de corridors et d&rsquo;escaliers par Versa Style Design<\/strong><\/h2>\n\n\n\n<figure class=\"wp-block-gallery has-nested-images columns-default is-cropped wp-block-gallery-1 is-layout-flex wp-block-gallery-is-layout-flex\">\n<figure class=\"wp-block-image size-large\"><a href=\"https:\/\/versastyledesign.ca\/wp-content\/uploads\/2025\/12\/Renovation-du-hall-et-de-lescalier-dune-maison-Craftsman-a-Montreal-Ouest-1-1024x683.jpeg\"><img loading=\"lazy\" decoding=\"async\" width=\"1024\" height=\"683\" data-id=\"31572\" src=\"https:\/\/versastyledesign.ca\/wp-content\/uploads\/2025\/12\/Renovation-du-hall-et-de-lescalier-dune-maison-Craftsman-a-Montreal-Ouest-1-1024x683.jpeg\" alt=\"Portfolio de transformation de corridors et d'escaliers par Versa Style Design\" class=\"wp-image-31572\" srcset=\"https:\/\/versastyledesign.ca\/wp-content\/uploads\/2025\/12\/Renovation-du-hall-et-de-lescalier-dune-maison-Craftsman-a-Montreal-Ouest-1-1024x683.jpeg 1024w, https:\/\/versastyledesign.ca\/wp-content\/uploads\/2025\/12\/Renovation-du-hall-et-de-lescalier-dune-maison-Craftsman-a-Montreal-Ouest-1-300x200.jpeg 300w, https:\/\/versastyledesign.ca\/wp-content\/uploads\/2025\/12\/Renovation-du-hall-et-de-lescalier-dune-maison-Craftsman-a-Montreal-Ouest-1-768x512.jpeg 768w, https:\/\/versastyledesign.ca\/wp-content\/uploads\/2025\/12\/Renovation-du-hall-et-de-lescalier-dune-maison-Craftsman-a-Montreal-Ouest-1.jpeg 1280w\" sizes=\"auto, (max-width: 1024px) 100vw, 1024px\" \/><\/a><\/figure>\n\n\n\n<figure class=\"wp-block-image size-large\"><a href=\"https:\/\/versastyledesign.ca\/wp-content\/uploads\/2025\/12\/Renovation-du-hall-et-de-lescalier-dune-maison-Craftsman-a-Montreal-Ouest-1-752x1024.png\"><img loading=\"lazy\" decoding=\"async\" width=\"752\" height=\"1024\" data-id=\"31570\" src=\"https:\/\/versastyledesign.ca\/wp-content\/uploads\/2025\/12\/Renovation-du-hall-et-de-lescalier-dune-maison-Craftsman-a-Montreal-Ouest-1-752x1024.png\" alt=\"Portfolio de transformation de corridors et d'escaliers par Versa Style Design\" class=\"wp-image-31570\" srcset=\"https:\/\/versastyledesign.ca\/wp-content\/uploads\/2025\/12\/Renovation-du-hall-et-de-lescalier-dune-maison-Craftsman-a-Montreal-Ouest-1-752x1024.png 752w, https:\/\/versastyledesign.ca\/wp-content\/uploads\/2025\/12\/Renovation-du-hall-et-de-lescalier-dune-maison-Craftsman-a-Montreal-Ouest-1-220x300.png 220w, https:\/\/versastyledesign.ca\/wp-content\/uploads\/2025\/12\/Renovation-du-hall-et-de-lescalier-dune-maison-Craftsman-a-Montreal-Ouest-1-768x1046.png 768w, https:\/\/versastyledesign.ca\/wp-content\/uploads\/2025\/12\/Renovation-du-hall-et-de-lescalier-dune-maison-Craftsman-a-Montreal-Ouest-1.png 1089w\" sizes=\"auto, (max-width: 752px) 100vw, 752px\" \/><\/a><\/figure>\n\n\n\n<figure class=\"wp-block-image size-large\"><a href=\"https:\/\/versastyledesign.ca\/wp-content\/uploads\/2025\/12\/Renovation-du-hall-et-de-lescalier-dune-maison-Craftsman-a-Montreal-Ouest-2-764x1024.png\"><img loading=\"lazy\" decoding=\"async\" width=\"764\" height=\"1024\" data-id=\"31568\" src=\"https:\/\/versastyledesign.ca\/wp-content\/uploads\/2025\/12\/Renovation-du-hall-et-de-lescalier-dune-maison-Craftsman-a-Montreal-Ouest-2-764x1024.png\" alt=\"Portfolio de transformation de corridors et d'escaliers par Versa Style Design\" class=\"wp-image-31568\" srcset=\"https:\/\/versastyledesign.ca\/wp-content\/uploads\/2025\/12\/Renovation-du-hall-et-de-lescalier-dune-maison-Craftsman-a-Montreal-Ouest-2-764x1024.png 764w, https:\/\/versastyledesign.ca\/wp-content\/uploads\/2025\/12\/Renovation-du-hall-et-de-lescalier-dune-maison-Craftsman-a-Montreal-Ouest-2-224x300.png 224w, https:\/\/versastyledesign.ca\/wp-content\/uploads\/2025\/12\/Renovation-du-hall-et-de-lescalier-dune-maison-Craftsman-a-Montreal-Ouest-2-768x1030.png 768w, https:\/\/versastyledesign.ca\/wp-content\/uploads\/2025\/12\/Renovation-du-hall-et-de-lescalier-dune-maison-Craftsman-a-Montreal-Ouest-2.png 1095w\" sizes=\"auto, (max-width: 764px) 100vw, 764px\" \/><\/a><\/figure>\n<\/figure>\n\n\n\n<div style=\"height:50px\" aria-hidden=\"true\" class=\"wp-block-spacer\"><\/div>\n\n\n\n<h2 class=\"wp-block-heading\"><strong>T\u00e9moignage client<\/strong><\/h2>\n\n\n\n<blockquote class=\"wp-block-quote is-layout-flow wp-block-quote-is-layout-flow\">\n<p>Savoir \u00e9couter, donner les outils pour d\u00e9cider, avec s\u00e9rieux, clart\u00e9, d\u00e9licatesse et comp\u00e9tence\u2026 Bravo !<\/p>\n<cite><strong><em>Lionel and Agnes Cailhol<\/em><\/strong><\/cite><\/blockquote>\n\n\n\n<div style=\"height:50px\" aria-hidden=\"true\" class=\"wp-block-spacer\"><\/div>\n\n\n\n<div class=\"wp-block-columns are-vertically-aligned-center is-layout-flex wp-container-core-columns-is-layout-9d6595d7 wp-block-columns-is-layout-flex\">\n<div class=\"wp-block-column is-vertically-aligned-center is-layout-flow wp-block-column-is-layout-flow\">\n<figure class=\"wp-block-image size-full\"><img loading=\"lazy\" decoding=\"async\" width=\"833\" height=\"1250\" src=\"https:\/\/versastyledesign.ca\/wp-content\/uploads\/2026\/04\/Design-dune-entree-vestibule-dans-lOuest-de-Montreal.jpg\" alt=\"Design dune entree vestibule dans lOuest de Montreal\" class=\"wp-image-32145\" srcset=\"https:\/\/versastyledesign.ca\/wp-content\/uploads\/2026\/04\/Design-dune-entree-vestibule-dans-lOuest-de-Montreal.jpg 833w, https:\/\/versastyledesign.ca\/wp-content\/uploads\/2026\/04\/Design-dune-entree-vestibule-dans-lOuest-de-Montreal-200x300.jpg 200w, https:\/\/versastyledesign.ca\/wp-content\/uploads\/2026\/04\/Design-dune-entree-vestibule-dans-lOuest-de-Montreal-682x1024.jpg 682w, https:\/\/versastyledesign.ca\/wp-content\/uploads\/2026\/04\/Design-dune-entree-vestibule-dans-lOuest-de-Montreal-768x1152.jpg 768w\" sizes=\"auto, (max-width: 833px) 100vw, 833px\" \/><\/figure>\n<\/div>\n\n\n\n<div class=\"wp-block-column is-vertically-aligned-center is-layout-flow wp-block-column-is-layout-flow\">\n<h2 class=\"wp-block-heading has-text-align-center\">Portfolio de design d\u2019int\u00e9rieur de vestibules, de couloirs et d\u2019escaliers \u00e0 Montr\u00e9al<\/h2>\n\n\n\n<p class=\"has-text-align-center\">Pour voir nos portfolios de design de vestibules, de couloirs et d&rsquo;escaliers dans la r\u00e9gion du Grand Montr\u00e9al.<\/p>\n\n\n\n<div class=\"wp-block-buttons is-content-justification-center is-layout-flex wp-container-core-buttons-is-layout-16018d1d wp-block-buttons-is-layout-flex\">\n<div class=\"wp-block-button button-custom\"><a class=\"wp-block-button__link has-background wp-element-button\" href=\"\/fr?page_id=23437\" style=\"background-color:#d53652\">Voir les portfolios<\/a><\/div>\n<\/div>\n<\/div>\n<\/div>\n\n\n\n<div style=\"height:50px\" aria-hidden=\"true\" class=\"wp-block-spacer\"><\/div>\n\n\n\n<h2 class=\"wp-block-heading\"><strong>\u00cates-vous situ\u00e9 dans la grande r\u00e9gion de Montr\u00e9al?<\/strong><\/h2>\n\n\n\n<p class=\"has-text-align-center\"><strong>Donnez vie \u00e0 votre projet de design avec Lucie.<\/strong><\/p>\n\n\n\n<div class=\"wp-block-buttons is-content-justification-center is-layout-flex wp-container-core-buttons-is-layout-16018d1d wp-block-buttons-is-layout-flex\">\n<div class=\"wp-block-button button-inverse\"><a class=\"wp-block-button__link has-text-color has-background has-link-color wp-element-button\" href=\"\/fr\/forfait-de-design-interieur\/versa-style-design-premiere-consultation\/\" style=\"color:#d53652;background-color:#f3f3f3\">Premi\u00e8re consultation<\/a><\/div>\n<\/div>\n\n\n\n<div style=\"height:25px\" aria-hidden=\"true\" class=\"wp-block-spacer\"><\/div>\n<p><a href=\"\/\/www.pinterest.com\/pin\/create\/button\/\" data-pin-do=\"buttonBookmark\" data-pin-color=\"red\" data-pin-height=\"128\"><img decoding=\"async\" src=\"\/\/assets.pinterest.com\/images\/pidgets\/pinit_fg_en_rect_red_28.png\" \/><\/a><\/p>","protected":false},"excerpt":{"rendered":"<p>Lieu : Montr\u00e9al-Ouest, Qc Service de design : Palette de couleurs ainsi que recommandations pour l\u2019\u00e9clairage et les finis. Recrutement des entrepreneurs et gestion de projet inclus. Mat\u00e9riaux utilis\u00e9s : Peinture Sherwin Williams. Notre mandat : Les clients souhaitaient illuminer l\u2019escalier menant \u00e0 l\u2019\u00e9tage, tout en pr\u00e9servant le caract\u00e8re du bois d\u2019origine. Contrairement au salon [&hellip;]<\/p>\n","protected":false},"author":2,"featured_media":31572,"parent":1840,"menu_order":0,"comment_status":"closed","ping_status":"closed","template":"","meta":{"advgb_blocks_editor_width":"","advgb_blocks_columns_visual_guide":"","_genesis_hide_title":false,"_genesis_hide_breadcrumbs":false,"_genesis_hide_singular_image":false,"_genesis_hide_footer_widgets":false,"_genesis_custom_body_class":"","_genesis_custom_post_class":"","_genesis_layout":"","footnotes":""},"class_list":{"0":"post-31567","1":"page","2":"type-page","3":"status-publish","4":"has-post-thumbnail","6":"entry"},"yoast_head":"<!-- This site is optimized with the Yoast SEO plugin v27.4 - https:\/\/yoast.com\/product\/yoast-seo-wordpress\/ -->\n<title>M\u00e9tamorphose d\u2019un entr\u00e9e et escalier \u00e0 Montr\u00e9al-Ouest - Versa Style Design<\/title>\n<meta name=\"description\" content=\"Les clients souhaitaient illuminer l\u2019escalier menant \u00e0 l\u2019\u00e9tage, tout en pr\u00e9servant le caract\u00e8re du bois d\u2019origine.\" \/>\n<meta name=\"robots\" content=\"index, follow, max-snippet:-1, max-image-preview:large, max-video-preview:-1\" \/>\n<link rel=\"canonical\" href=\"https:\/\/versastyledesign.ca\/fr\/portfolio-de-design\/metamorphose-dun-entree-et-escalier-a-montreal-ouest\/\" \/>\n<meta property=\"og:locale\" content=\"fr_CA\" \/>\n<meta property=\"og:type\" content=\"article\" \/>\n<meta property=\"og:title\" content=\"M\u00e9tamorphose d\u2019un entr\u00e9e et escalier \u00e0 Montr\u00e9al-Ouest - Versa Style Design\" \/>\n<meta property=\"og:description\" content=\"Les clients souhaitaient illuminer l\u2019escalier menant \u00e0 l\u2019\u00e9tage, tout en pr\u00e9servant le caract\u00e8re du bois d\u2019origine.\" \/>\n<meta property=\"og:url\" content=\"https:\/\/versastyledesign.ca\/fr\/portfolio-de-design\/metamorphose-dun-entree-et-escalier-a-montreal-ouest\/\" \/>\n<meta property=\"og:site_name\" content=\"Versa Style Design\" \/>\n<meta property=\"article:publisher\" content=\"https:\/\/www.facebook.com\/Versastyledesign?ref=hl\" \/>\n<meta property=\"article:modified_time\" content=\"2025-12-30T17:55:22+00:00\" \/>\n<meta property=\"og:image\" content=\"https:\/\/versastyledesign.ca\/wp-content\/uploads\/2025\/12\/Renovation-du-hall-et-de-lescalier-dune-maison-Craftsman-a-Montreal-Ouest-1.jpeg\" \/>\n\t<meta property=\"og:image:width\" content=\"1280\" \/>\n\t<meta property=\"og:image:height\" content=\"854\" \/>\n\t<meta property=\"og:image:type\" content=\"image\/jpeg\" \/>\n<meta name=\"twitter:label1\" content=\"Estimation du temps de lecture\" \/>\n\t<meta name=\"twitter:data1\" content=\"4 minutes\" \/>\n<script type=\"application\/ld+json\" class=\"yoast-schema-graph\">{\"@context\":\"https:\\\/\\\/schema.org\",\"@graph\":[{\"@type\":\"WebPage\",\"@id\":\"https:\\\/\\\/versastyledesign.ca\\\/fr\\\/portfolio-de-design\\\/metamorphose-dun-entree-et-escalier-a-montreal-ouest\\\/\",\"url\":\"https:\\\/\\\/versastyledesign.ca\\\/fr\\\/portfolio-de-design\\\/metamorphose-dun-entree-et-escalier-a-montreal-ouest\\\/\",\"name\":\"M\u00e9tamorphose d\u2019un entr\u00e9e et escalier \u00e0 Montr\u00e9al-Ouest - Versa Style Design\",\"isPartOf\":{\"@id\":\"http:\\\/\\\/new.versastyledesign.ca\\\/fr\\\/#website\"},\"primaryImageOfPage\":{\"@id\":\"https:\\\/\\\/versastyledesign.ca\\\/fr\\\/portfolio-de-design\\\/metamorphose-dun-entree-et-escalier-a-montreal-ouest\\\/#primaryimage\"},\"image\":{\"@id\":\"https:\\\/\\\/versastyledesign.ca\\\/fr\\\/portfolio-de-design\\\/metamorphose-dun-entree-et-escalier-a-montreal-ouest\\\/#primaryimage\"},\"thumbnailUrl\":\"https:\\\/\\\/versastyledesign.ca\\\/wp-content\\\/uploads\\\/2025\\\/12\\\/Renovation-du-hall-et-de-lescalier-dune-maison-Craftsman-a-Montreal-Ouest-1.jpeg\",\"datePublished\":\"2025-12-24T19:13:14+00:00\",\"dateModified\":\"2025-12-30T17:55:22+00:00\",\"description\":\"Les clients souhaitaient illuminer l\u2019escalier menant \u00e0 l\u2019\u00e9tage, tout en pr\u00e9servant le caract\u00e8re du bois d\u2019origine.\",\"breadcrumb\":{\"@id\":\"https:\\\/\\\/versastyledesign.ca\\\/fr\\\/portfolio-de-design\\\/metamorphose-dun-entree-et-escalier-a-montreal-ouest\\\/#breadcrumb\"},\"inLanguage\":\"fr-CA\",\"potentialAction\":[{\"@type\":\"ReadAction\",\"target\":[\"https:\\\/\\\/versastyledesign.ca\\\/fr\\\/portfolio-de-design\\\/metamorphose-dun-entree-et-escalier-a-montreal-ouest\\\/\"]}]},{\"@type\":\"ImageObject\",\"inLanguage\":\"fr-CA\",\"@id\":\"https:\\\/\\\/versastyledesign.ca\\\/fr\\\/portfolio-de-design\\\/metamorphose-dun-entree-et-escalier-a-montreal-ouest\\\/#primaryimage\",\"url\":\"https:\\\/\\\/versastyledesign.ca\\\/wp-content\\\/uploads\\\/2025\\\/12\\\/Renovation-du-hall-et-de-lescalier-dune-maison-Craftsman-a-Montreal-Ouest-1.jpeg\",\"contentUrl\":\"https:\\\/\\\/versastyledesign.ca\\\/wp-content\\\/uploads\\\/2025\\\/12\\\/Renovation-du-hall-et-de-lescalier-dune-maison-Craftsman-a-Montreal-Ouest-1.jpeg\",\"width\":1280,\"height\":854,\"caption\":\"Renovation du hall et de lescalier dune maison Craftsman a Montreal-Ouest\"},{\"@type\":\"BreadcrumbList\",\"@id\":\"https:\\\/\\\/versastyledesign.ca\\\/fr\\\/portfolio-de-design\\\/metamorphose-dun-entree-et-escalier-a-montreal-ouest\\\/#breadcrumb\",\"itemListElement\":[{\"@type\":\"ListItem\",\"position\":1,\"name\":\"Accueil\",\"item\":\"http:\\\/\\\/new.versastyledesign.ca\\\/fr\\\/\"},{\"@type\":\"ListItem\",\"position\":2,\"name\":\"Portfolio de Design\",\"item\":\"http:\\\/\\\/new.versastyledesign.ca\\\/fr\\\/design-portfolio\\\/\"},{\"@type\":\"ListItem\",\"position\":3,\"name\":\"M\u00e9tamorphose d\u2019un entr\u00e9e et escalier \u00e0 Montr\u00e9al-Ouest\"}]},{\"@type\":\"WebSite\",\"@id\":\"http:\\\/\\\/new.versastyledesign.ca\\\/fr\\\/#website\",\"url\":\"http:\\\/\\\/new.versastyledesign.ca\\\/fr\\\/\",\"name\":\"Versa Style Design\",\"description\":\"Design d&#039;int\u00e9rieur et r\u00e9novations \u00e0 Montr\u00e9al\",\"publisher\":{\"@id\":\"http:\\\/\\\/new.versastyledesign.ca\\\/fr\\\/#organization\"},\"potentialAction\":[{\"@type\":\"SearchAction\",\"target\":{\"@type\":\"EntryPoint\",\"urlTemplate\":\"http:\\\/\\\/new.versastyledesign.ca\\\/fr\\\/?s={search_term_string}\"},\"query-input\":{\"@type\":\"PropertyValueSpecification\",\"valueRequired\":true,\"valueName\":\"search_term_string\"}}],\"inLanguage\":\"fr-CA\"},{\"@type\":\"Organization\",\"@id\":\"http:\\\/\\\/new.versastyledesign.ca\\\/fr\\\/#organization\",\"name\":\"Versa Style Design\",\"url\":\"http:\\\/\\\/new.versastyledesign.ca\\\/fr\\\/\",\"logo\":{\"@type\":\"ImageObject\",\"inLanguage\":\"fr-CA\",\"@id\":\"http:\\\/\\\/new.versastyledesign.ca\\\/fr\\\/#\\\/schema\\\/logo\\\/image\\\/\",\"url\":\"https:\\\/\\\/versastyledesign.ca\\\/wp-content\\\/uploads\\\/2019\\\/11\\\/Versa-Style-Design-logo.jpg\",\"contentUrl\":\"https:\\\/\\\/versastyledesign.ca\\\/wp-content\\\/uploads\\\/2019\\\/11\\\/Versa-Style-Design-logo.jpg\",\"width\":2099,\"height\":670,\"caption\":\"Versa Style Design\"},\"image\":{\"@id\":\"http:\\\/\\\/new.versastyledesign.ca\\\/fr\\\/#\\\/schema\\\/logo\\\/image\\\/\"},\"sameAs\":[\"https:\\\/\\\/www.facebook.com\\\/Versastyledesign?ref=hl\",\"https:\\\/\\\/x.com\\\/luciepitt\",\"https:\\\/\\\/www.instagram.com\\\/versastyledesign\\\/\",\"https:\\\/\\\/www.linkedin.com\\\/in\\\/lucie-pitt-54b0ba85\",\"https:\\\/\\\/www.pinterest.com\\\/versastyledesign\\\/\"]}]}<\/script>\n<!-- \/ Yoast SEO plugin. -->","yoast_head_json":{"title":"M\u00e9tamorphose d\u2019un entr\u00e9e et escalier \u00e0 Montr\u00e9al-Ouest - Versa Style Design","description":"Les clients souhaitaient illuminer l\u2019escalier menant \u00e0 l\u2019\u00e9tage, tout en pr\u00e9servant le caract\u00e8re du bois d\u2019origine.","robots":{"index":"index","follow":"follow","max-snippet":"max-snippet:-1","max-image-preview":"max-image-preview:large","max-video-preview":"max-video-preview:-1"},"canonical":"https:\/\/versastyledesign.ca\/fr\/portfolio-de-design\/metamorphose-dun-entree-et-escalier-a-montreal-ouest\/","og_locale":"fr_CA","og_type":"article","og_title":"M\u00e9tamorphose d\u2019un entr\u00e9e et escalier \u00e0 Montr\u00e9al-Ouest - Versa Style Design","og_description":"Les clients souhaitaient illuminer l\u2019escalier menant \u00e0 l\u2019\u00e9tage, tout en pr\u00e9servant le caract\u00e8re du bois d\u2019origine.","og_url":"https:\/\/versastyledesign.ca\/fr\/portfolio-de-design\/metamorphose-dun-entree-et-escalier-a-montreal-ouest\/","og_site_name":"Versa Style Design","article_publisher":"https:\/\/www.facebook.com\/Versastyledesign?ref=hl","article_modified_time":"2025-12-30T17:55:22+00:00","og_image":[{"width":1280,"height":854,"url":"https:\/\/versastyledesign.ca\/wp-content\/uploads\/2025\/12\/Renovation-du-hall-et-de-lescalier-dune-maison-Craftsman-a-Montreal-Ouest-1.jpeg","type":"image\/jpeg"}],"twitter_misc":{"Estimation du temps de lecture":"4 minutes"},"schema":{"@context":"https:\/\/schema.org","@graph":[{"@type":"WebPage","@id":"https:\/\/versastyledesign.ca\/fr\/portfolio-de-design\/metamorphose-dun-entree-et-escalier-a-montreal-ouest\/","url":"https:\/\/versastyledesign.ca\/fr\/portfolio-de-design\/metamorphose-dun-entree-et-escalier-a-montreal-ouest\/","name":"M\u00e9tamorphose d\u2019un entr\u00e9e et escalier \u00e0 Montr\u00e9al-Ouest - Versa Style Design","isPartOf":{"@id":"http:\/\/new.versastyledesign.ca\/fr\/#website"},"primaryImageOfPage":{"@id":"https:\/\/versastyledesign.ca\/fr\/portfolio-de-design\/metamorphose-dun-entree-et-escalier-a-montreal-ouest\/#primaryimage"},"image":{"@id":"https:\/\/versastyledesign.ca\/fr\/portfolio-de-design\/metamorphose-dun-entree-et-escalier-a-montreal-ouest\/#primaryimage"},"thumbnailUrl":"https:\/\/versastyledesign.ca\/wp-content\/uploads\/2025\/12\/Renovation-du-hall-et-de-lescalier-dune-maison-Craftsman-a-Montreal-Ouest-1.jpeg","datePublished":"2025-12-24T19:13:14+00:00","dateModified":"2025-12-30T17:55:22+00:00","description":"Les clients souhaitaient illuminer l\u2019escalier menant \u00e0 l\u2019\u00e9tage, tout en pr\u00e9servant le caract\u00e8re du bois d\u2019origine.","breadcrumb":{"@id":"https:\/\/versastyledesign.ca\/fr\/portfolio-de-design\/metamorphose-dun-entree-et-escalier-a-montreal-ouest\/#breadcrumb"},"inLanguage":"fr-CA","potentialAction":[{"@type":"ReadAction","target":["https:\/\/versastyledesign.ca\/fr\/portfolio-de-design\/metamorphose-dun-entree-et-escalier-a-montreal-ouest\/"]}]},{"@type":"ImageObject","inLanguage":"fr-CA","@id":"https:\/\/versastyledesign.ca\/fr\/portfolio-de-design\/metamorphose-dun-entree-et-escalier-a-montreal-ouest\/#primaryimage","url":"https:\/\/versastyledesign.ca\/wp-content\/uploads\/2025\/12\/Renovation-du-hall-et-de-lescalier-dune-maison-Craftsman-a-Montreal-Ouest-1.jpeg","contentUrl":"https:\/\/versastyledesign.ca\/wp-content\/uploads\/2025\/12\/Renovation-du-hall-et-de-lescalier-dune-maison-Craftsman-a-Montreal-Ouest-1.jpeg","width":1280,"height":854,"caption":"Renovation du hall et de lescalier dune maison Craftsman a Montreal-Ouest"},{"@type":"BreadcrumbList","@id":"https:\/\/versastyledesign.ca\/fr\/portfolio-de-design\/metamorphose-dun-entree-et-escalier-a-montreal-ouest\/#breadcrumb","itemListElement":[{"@type":"ListItem","position":1,"name":"Accueil","item":"http:\/\/new.versastyledesign.ca\/fr\/"},{"@type":"ListItem","position":2,"name":"Portfolio de Design","item":"http:\/\/new.versastyledesign.ca\/fr\/design-portfolio\/"},{"@type":"ListItem","position":3,"name":"M\u00e9tamorphose d\u2019un entr\u00e9e et escalier \u00e0 Montr\u00e9al-Ouest"}]},{"@type":"WebSite","@id":"http:\/\/new.versastyledesign.ca\/fr\/#website","url":"http:\/\/new.versastyledesign.ca\/fr\/","name":"Versa Style Design","description":"Design d&#039;int\u00e9rieur et r\u00e9novations \u00e0 Montr\u00e9al","publisher":{"@id":"http:\/\/new.versastyledesign.ca\/fr\/#organization"},"potentialAction":[{"@type":"SearchAction","target":{"@type":"EntryPoint","urlTemplate":"http:\/\/new.versastyledesign.ca\/fr\/?s={search_term_string}"},"query-input":{"@type":"PropertyValueSpecification","valueRequired":true,"valueName":"search_term_string"}}],"inLanguage":"fr-CA"},{"@type":"Organization","@id":"http:\/\/new.versastyledesign.ca\/fr\/#organization","name":"Versa Style Design","url":"http:\/\/new.versastyledesign.ca\/fr\/","logo":{"@type":"ImageObject","inLanguage":"fr-CA","@id":"http:\/\/new.versastyledesign.ca\/fr\/#\/schema\/logo\/image\/","url":"https:\/\/versastyledesign.ca\/wp-content\/uploads\/2019\/11\/Versa-Style-Design-logo.jpg","contentUrl":"https:\/\/versastyledesign.ca\/wp-content\/uploads\/2019\/11\/Versa-Style-Design-logo.jpg","width":2099,"height":670,"caption":"Versa Style Design"},"image":{"@id":"http:\/\/new.versastyledesign.ca\/fr\/#\/schema\/logo\/image\/"},"sameAs":["https:\/\/www.facebook.com\/Versastyledesign?ref=hl","https:\/\/x.com\/luciepitt","https:\/\/www.instagram.com\/versastyledesign\/","https:\/\/www.linkedin.com\/in\/lucie-pitt-54b0ba85","https:\/\/www.pinterest.com\/versastyledesign\/"]}]}},"coauthors":[],"author_meta":{"author_link":"https:\/\/versastyledesign.ca\/fr\/author\/lucie-pitt\/","display_name":"Lucie Pitt"},"relative_dates":{"created":"Posted 4 mois ago","modified":"Updated 4 mois ago"},"absolute_dates":{"created":"Posted on 24 D\u00e9cembre 2025","modified":"Updated on 30 D\u00e9cembre 2025"},"absolute_dates_time":{"created":"Posted on 24 D\u00e9cembre 2025 14 h 13 min","modified":"Updated on 30 D\u00e9cembre 2025 12 h 55 min"},"featured_img_caption":"","featured_img":"https:\/\/versastyledesign.ca\/wp-content\/uploads\/2025\/12\/Renovation-du-hall-et-de-lescalier-dune-maison-Craftsman-a-Montreal-Ouest-1.jpeg","series_order":"","_links":{"self":[{"href":"https:\/\/versastyledesign.ca\/fr\/wp-json\/wp\/v2\/pages\/31567","targetHints":{"allow":["GET"]}}],"collection":[{"href":"https:\/\/versastyledesign.ca\/fr\/wp-json\/wp\/v2\/pages"}],"about":[{"href":"https:\/\/versastyledesign.ca\/fr\/wp-json\/wp\/v2\/types\/page"}],"author":[{"embeddable":true,"href":"https:\/\/versastyledesign.ca\/fr\/wp-json\/wp\/v2\/users\/2"}],"replies":[{"embeddable":true,"href":"https:\/\/versastyledesign.ca\/fr\/wp-json\/wp\/v2\/comments?post=31567"}],"version-history":[{"count":17,"href":"https:\/\/versastyledesign.ca\/fr\/wp-json\/wp\/v2\/pages\/31567\/revisions"}],"predecessor-version":[{"id":31595,"href":"https:\/\/versastyledesign.ca\/fr\/wp-json\/wp\/v2\/pages\/31567\/revisions\/31595"}],"up":[{"embeddable":true,"href":"https:\/\/versastyledesign.ca\/fr\/wp-json\/wp\/v2\/pages\/1840"}],"wp:featuredmedia":[{"embeddable":true,"href":"https:\/\/versastyledesign.ca\/fr\/wp-json\/wp\/v2\/media\/31572"}],"wp:attachment":[{"href":"https:\/\/versastyledesign.ca\/fr\/wp-json\/wp\/v2\/media?parent=31567"}],"curies":[{"name":"wp","href":"https:\/\/api.w.org\/{rel}","templated":true}]}}