{"id":32218,"date":"2026-04-28T07:53:11","date_gmt":"2026-04-28T11:53:11","guid":{"rendered":"https:\/\/versastyledesign.ca\/portfolio-de-design\/custom-built-in-entryway-transformation\/"},"modified":"2026-04-28T07:59:23","modified_gmt":"2026-04-28T11:59:23","slug":"transformation-dentree-sur-mesure","status":"publish","type":"page","link":"https:\/\/versastyledesign.ca\/fr\/portfolio-de-design\/transformation-dentree-sur-mesure\/","title":{"rendered":"Transformation d&rsquo;entr\u00e9e sur mesure"},"content":{"rendered":"\n<div class=\"wp-block-columns are-vertically-aligned-center is-layout-flex wp-container-core-columns-is-layout-9d6595d7 wp-block-columns-is-layout-flex\">\n<div class=\"wp-block-column is-vertically-aligned-center is-layout-flow wp-block-column-is-layout-flow\">\n<p><strong>Lieu :<\/strong> Le Plateau-Mont-Royal (Mile-End)<\/p>\n\n\n\n<p><strong>Services de design :<\/strong> Service de r\u00e9novation compl\u00e8te \u00ab cl\u00e9s en main \u00bb, plans architecturaux et concept, palette de couleurs, recommandations pour tous les mat\u00e9riaux et achats, gestion de projet et des corps de m\u00e9tier.<\/p>\n\n\n\n<p><strong>Mat\u00e9riaux utilis\u00e9s :<\/strong> Plancher en ch\u00eane naturel, banc en stratifi\u00e9 europ\u00e9en (Euro-laminate) sur mesure et meuble \u00e0 chaussures personnalis\u00e9, tapis de 5 x 7, \u00e9tag\u00e8res en bois sur mesure, store en bois tiss\u00e9.<\/p>\n<\/div>\n\n\n\n<div class=\"wp-block-column is-vertically-aligned-center is-layout-flow wp-block-column-is-layout-flow\">\n<figure class=\"wp-block-image size-large\"><img loading=\"lazy\" decoding=\"async\" width=\"682\" height=\"1024\" src=\"https:\/\/versastyledesign.ca\/wp-content\/uploads\/2026\/04\/Transformation-dentree-sur-mesure-Le-Plateau-2-Copy-682x1024.jpg\" alt=\"transformations d'entr\u00e9es par Versa Style Design\" class=\"wp-image-32220\" srcset=\"https:\/\/versastyledesign.ca\/wp-content\/uploads\/2026\/04\/Transformation-dentree-sur-mesure-Le-Plateau-2-Copy-682x1024.jpg 682w, https:\/\/versastyledesign.ca\/wp-content\/uploads\/2026\/04\/Transformation-dentree-sur-mesure-Le-Plateau-2-Copy-200x300.jpg 200w, https:\/\/versastyledesign.ca\/wp-content\/uploads\/2026\/04\/Transformation-dentree-sur-mesure-Le-Plateau-2-Copy-768x1152.jpg 768w, https:\/\/versastyledesign.ca\/wp-content\/uploads\/2026\/04\/Transformation-dentree-sur-mesure-Le-Plateau-2-Copy.jpg 833w\" sizes=\"auto, (max-width: 682px) 100vw, 682px\" \/><\/figure>\n<\/div>\n<\/div>\n\n\n\n<p><strong>Notre mandat :<\/strong> Il s\u2019agissait d\u2019une fabuleuse modification de vestibule de type \u00ab mudroom \u00bb. Les clients avaient besoin de rangement pour les chaussures de leur famille grandissante ainsi que d&rsquo;un endroit o\u00f9 suspendre les manteaux. Nous avons con\u00e7u un <strong>banc de vestibule sur mesure<\/strong>, \u00e0 la fois magnifique et fonctionnel, avec des espaces de rangement int\u00e9gr\u00e9s pour les souliers.<\/p>\n\n\n\n<p>Nous avons \u00e9galement cr\u00e9\u00e9 un meuble autoportant peu profond permettant de ranger jusqu&rsquo;\u00e0 <strong>30 paires de chaussures et bottes<\/strong>. Pour compl\u00e9ter le tout, nous avons illumin\u00e9 la palette de couleurs et recommand\u00e9 un superbe tapis, des coussins et un \u00e9l\u00e9gant luminaire. En compl\u00e9ment du garde-robe d&rsquo;entr\u00e9e existant (non visible), cette entr\u00e9e principale est maintenant organis\u00e9e et accueillante !<\/p>\n\n\n\n<div style=\"height:50px\" aria-hidden=\"true\" class=\"wp-block-spacer\"><\/div>\n\n\n\n<h2 class=\"wp-block-heading\">Portfolio de transformations d&rsquo;entr\u00e9es <br>par Versa Style Design<\/h2>\n\n\n\n<figure class=\"wp-block-gallery has-nested-images columns-default is-cropped wp-block-gallery-1 is-layout-flex wp-block-gallery-is-layout-flex\">\n<figure class=\"wp-block-image size-large\"><a href=\"https:\/\/versastyledesign.ca\/wp-content\/uploads\/2026\/04\/Transformation-dentree-sur-mesure-Le-Plateau-2-Copy-682x1024.jpg\"><img loading=\"lazy\" decoding=\"async\" width=\"682\" height=\"1024\" data-id=\"32220\" src=\"https:\/\/versastyledesign.ca\/wp-content\/uploads\/2026\/04\/Transformation-dentree-sur-mesure-Le-Plateau-2-Copy-682x1024.jpg\" alt=\"Portfolio de transformations d'entr\u00e9es par Versa Style Design\" class=\"wp-image-32220\" srcset=\"https:\/\/versastyledesign.ca\/wp-content\/uploads\/2026\/04\/Transformation-dentree-sur-mesure-Le-Plateau-2-Copy-682x1024.jpg 682w, https:\/\/versastyledesign.ca\/wp-content\/uploads\/2026\/04\/Transformation-dentree-sur-mesure-Le-Plateau-2-Copy-200x300.jpg 200w, https:\/\/versastyledesign.ca\/wp-content\/uploads\/2026\/04\/Transformation-dentree-sur-mesure-Le-Plateau-2-Copy-768x1152.jpg 768w, https:\/\/versastyledesign.ca\/wp-content\/uploads\/2026\/04\/Transformation-dentree-sur-mesure-Le-Plateau-2-Copy.jpg 833w\" sizes=\"auto, (max-width: 682px) 100vw, 682px\" \/><\/a><\/figure>\n\n\n\n<figure class=\"wp-block-image size-large\"><a href=\"https:\/\/versastyledesign.ca\/wp-content\/uploads\/2026\/04\/Transformation-dentree-sur-mesure-Le-Plateau-1-Copy-813x1024.jpg\"><img loading=\"lazy\" decoding=\"async\" width=\"813\" height=\"1024\" data-id=\"32221\" src=\"https:\/\/versastyledesign.ca\/wp-content\/uploads\/2026\/04\/Transformation-dentree-sur-mesure-Le-Plateau-1-Copy-813x1024.jpg\" alt=\"Portfolio de transformations d'entr\u00e9es par Versa Style Design\" class=\"wp-image-32221\" srcset=\"https:\/\/versastyledesign.ca\/wp-content\/uploads\/2026\/04\/Transformation-dentree-sur-mesure-Le-Plateau-1-Copy-813x1024.jpg 813w, https:\/\/versastyledesign.ca\/wp-content\/uploads\/2026\/04\/Transformation-dentree-sur-mesure-Le-Plateau-1-Copy-238x300.jpg 238w, https:\/\/versastyledesign.ca\/wp-content\/uploads\/2026\/04\/Transformation-dentree-sur-mesure-Le-Plateau-1-Copy-768x968.jpg 768w, https:\/\/versastyledesign.ca\/wp-content\/uploads\/2026\/04\/Transformation-dentree-sur-mesure-Le-Plateau-1-Copy.jpg 992w\" sizes=\"auto, (max-width: 813px) 100vw, 813px\" \/><\/a><\/figure>\n<\/figure>\n\n\n\n<div style=\"height:100px\" aria-hidden=\"true\" class=\"wp-block-spacer\"><\/div>\n\n\n\n<div class=\"wp-block-columns are-vertically-aligned-center is-layout-flex wp-container-core-columns-is-layout-9d6595d7 wp-block-columns-is-layout-flex\">\n<div class=\"wp-block-column is-vertically-aligned-center is-layout-flow wp-block-column-is-layout-flow\">\n<figure class=\"wp-block-image size-full\"><img loading=\"lazy\" decoding=\"async\" width=\"833\" height=\"1250\" src=\"https:\/\/versastyledesign.ca\/wp-content\/uploads\/2026\/04\/Design-dune-entree-vestibule-dans-lOuest-de-Montreal.jpg\" alt=\"Design dune entree vestibule dans lOuest de Montreal\" class=\"wp-image-32145\" srcset=\"https:\/\/versastyledesign.ca\/wp-content\/uploads\/2026\/04\/Design-dune-entree-vestibule-dans-lOuest-de-Montreal.jpg 833w, https:\/\/versastyledesign.ca\/wp-content\/uploads\/2026\/04\/Design-dune-entree-vestibule-dans-lOuest-de-Montreal-200x300.jpg 200w, https:\/\/versastyledesign.ca\/wp-content\/uploads\/2026\/04\/Design-dune-entree-vestibule-dans-lOuest-de-Montreal-682x1024.jpg 682w, https:\/\/versastyledesign.ca\/wp-content\/uploads\/2026\/04\/Design-dune-entree-vestibule-dans-lOuest-de-Montreal-768x1152.jpg 768w\" sizes=\"auto, (max-width: 833px) 100vw, 833px\" \/><\/figure>\n<\/div>\n\n\n\n<div class=\"wp-block-column is-vertically-aligned-center is-layout-flow wp-block-column-is-layout-flow\">\n<h2 class=\"wp-block-heading has-text-align-center\">Portfolio de design d\u2019int\u00e9rieur de vestibules, de couloirs et d\u2019escaliers \u00e0 Montr\u00e9al<\/h2>\n\n\n\n<p class=\"has-text-align-center\">Pour voir nos portfolios de design de vestibules, de couloirs et d&rsquo;escaliers dans la r\u00e9gion du Grand Montr\u00e9al.<\/p>\n\n\n\n<div class=\"wp-block-buttons is-content-justification-center is-layout-flex wp-container-core-buttons-is-layout-16018d1d wp-block-buttons-is-layout-flex\">\n<div class=\"wp-block-button button-custom\"><a class=\"wp-block-button__link has-background wp-element-button\" href=\"\/fr?page_id=23437\" style=\"background-color:#d53652\">Voir les portfolios<\/a><\/div>\n<\/div>\n<\/div>\n<\/div>\n\n\n\n<div style=\"height:50px\" aria-hidden=\"true\" class=\"wp-block-spacer\"><\/div>\n\n\n\n<h2 class=\"wp-block-heading\"><strong>\u00cates-vous situ\u00e9 dans la grande r\u00e9gion de Montr\u00e9al?<\/strong><\/h2>\n\n\n\n<p class=\"has-text-align-center\"><strong>Donnez vie \u00e0 votre projet de design avec Lucie.<\/strong><\/p>\n\n\n\n<div class=\"wp-block-buttons is-content-justification-center is-layout-flex wp-container-core-buttons-is-layout-16018d1d wp-block-buttons-is-layout-flex\">\n<div class=\"wp-block-button button-inverse\"><a class=\"wp-block-button__link has-text-color has-background has-link-color wp-element-button\" href=\"\/fr\/forfait-de-design-interieur\/versa-style-design-premiere-consultation\/\" style=\"color:#d53652;background-color:#f3f3f3\">Premi\u00e8re consultation<\/a><\/div>\n<\/div>\n\n\n\n<div style=\"height:25px\" aria-hidden=\"true\" class=\"wp-block-spacer\"><\/div>\n<p><a href=\"\/\/www.pinterest.com\/pin\/create\/button\/\" data-pin-do=\"buttonBookmark\" data-pin-color=\"red\" data-pin-height=\"128\"><img decoding=\"async\" src=\"\/\/assets.pinterest.com\/images\/pidgets\/pinit_fg_en_rect_red_28.png\" \/><\/a><\/p>","protected":false},"excerpt":{"rendered":"<p>Lieu : Le Plateau-Mont-Royal (Mile-End) Services de design : Service de r\u00e9novation compl\u00e8te \u00ab cl\u00e9s en main \u00bb, plans architecturaux et concept, palette de couleurs, recommandations pour tous les mat\u00e9riaux et achats, gestion de projet et des corps de m\u00e9tier. Mat\u00e9riaux utilis\u00e9s : Plancher en ch\u00eane naturel, banc en stratifi\u00e9 europ\u00e9en (Euro-laminate) sur mesure et [&hellip;]<\/p>\n","protected":false},"author":2,"featured_media":32220,"parent":1840,"menu_order":0,"comment_status":"closed","ping_status":"closed","template":"","meta":{"advgb_blocks_editor_width":"","advgb_blocks_columns_visual_guide":"","_genesis_hide_title":false,"_genesis_hide_breadcrumbs":false,"_genesis_hide_singular_image":false,"_genesis_hide_footer_widgets":false,"_genesis_custom_body_class":"","_genesis_custom_post_class":"","_genesis_layout":"","footnotes":""},"class_list":{"0":"post-32218","1":"page","2":"type-page","3":"status-publish","4":"has-post-thumbnail","6":"entry"},"yoast_head":"<!-- This site is optimized with the Yoast SEO plugin v27.6 - https:\/\/yoast.com\/product\/yoast-seo-wordpress\/ -->\n<title>Transformation d&#039;entr\u00e9e sur mesure - Versa Style Design<\/title>\n<meta name=\"description\" content=\"Les clients avaient besoin de rangement pour les chaussures de leur famille grandissante ainsi que d&#039;un endroit o\u00f9 suspendre les manteaux.\" \/>\n<meta name=\"robots\" content=\"index, follow, max-snippet:-1, max-image-preview:large, max-video-preview:-1\" \/>\n<link rel=\"canonical\" href=\"https:\/\/versastyledesign.ca\/fr\/portfolio-de-design\/transformation-dentree-sur-mesure\/\" \/>\n<meta property=\"og:locale\" content=\"fr_CA\" \/>\n<meta property=\"og:type\" content=\"article\" \/>\n<meta property=\"og:title\" content=\"Transformation d&#039;entr\u00e9e sur mesure - Versa Style Design\" \/>\n<meta property=\"og:description\" content=\"Les clients avaient besoin de rangement pour les chaussures de leur famille grandissante ainsi que d&#039;un endroit o\u00f9 suspendre les manteaux.\" \/>\n<meta property=\"og:url\" content=\"https:\/\/versastyledesign.ca\/fr\/portfolio-de-design\/transformation-dentree-sur-mesure\/\" \/>\n<meta property=\"og:site_name\" content=\"Versa Style Design\" \/>\n<meta property=\"article:publisher\" content=\"https:\/\/www.facebook.com\/Versastyledesign?ref=hl\" \/>\n<meta property=\"article:modified_time\" content=\"2026-04-28T11:59:23+00:00\" \/>\n<meta property=\"og:image\" content=\"https:\/\/versastyledesign.ca\/wp-content\/uploads\/2026\/04\/Transformation-dentree-sur-mesure-Le-Plateau-2-Copy.jpg\" \/>\n\t<meta property=\"og:image:width\" content=\"833\" \/>\n\t<meta property=\"og:image:height\" content=\"1250\" \/>\n\t<meta property=\"og:image:type\" content=\"image\/jpeg\" \/>\n<meta name=\"twitter:label1\" content=\"Estimation du temps de lecture\" \/>\n\t<meta name=\"twitter:data1\" content=\"2 minutes\" \/>\n<script type=\"application\/ld+json\" class=\"yoast-schema-graph\">{\"@context\":\"https:\\\/\\\/schema.org\",\"@graph\":[{\"@type\":\"WebPage\",\"@id\":\"https:\\\/\\\/versastyledesign.ca\\\/fr\\\/portfolio-de-design\\\/transformation-dentree-sur-mesure\\\/\",\"url\":\"https:\\\/\\\/versastyledesign.ca\\\/fr\\\/portfolio-de-design\\\/transformation-dentree-sur-mesure\\\/\",\"name\":\"Transformation d'entr\u00e9e sur mesure - Versa Style Design\",\"isPartOf\":{\"@id\":\"http:\\\/\\\/new.versastyledesign.ca\\\/fr\\\/#website\"},\"primaryImageOfPage\":{\"@id\":\"https:\\\/\\\/versastyledesign.ca\\\/fr\\\/portfolio-de-design\\\/transformation-dentree-sur-mesure\\\/#primaryimage\"},\"image\":{\"@id\":\"https:\\\/\\\/versastyledesign.ca\\\/fr\\\/portfolio-de-design\\\/transformation-dentree-sur-mesure\\\/#primaryimage\"},\"thumbnailUrl\":\"https:\\\/\\\/versastyledesign.ca\\\/wp-content\\\/uploads\\\/2026\\\/04\\\/Transformation-dentree-sur-mesure-Le-Plateau-2-Copy.jpg\",\"datePublished\":\"2026-04-28T11:53:11+00:00\",\"dateModified\":\"2026-04-28T11:59:23+00:00\",\"description\":\"Les clients avaient besoin de rangement pour les chaussures de leur famille grandissante ainsi que d'un endroit o\u00f9 suspendre les manteaux.\",\"breadcrumb\":{\"@id\":\"https:\\\/\\\/versastyledesign.ca\\\/fr\\\/portfolio-de-design\\\/transformation-dentree-sur-mesure\\\/#breadcrumb\"},\"inLanguage\":\"fr-CA\",\"potentialAction\":[{\"@type\":\"ReadAction\",\"target\":[\"https:\\\/\\\/versastyledesign.ca\\\/fr\\\/portfolio-de-design\\\/transformation-dentree-sur-mesure\\\/\"]}]},{\"@type\":\"ImageObject\",\"inLanguage\":\"fr-CA\",\"@id\":\"https:\\\/\\\/versastyledesign.ca\\\/fr\\\/portfolio-de-design\\\/transformation-dentree-sur-mesure\\\/#primaryimage\",\"url\":\"https:\\\/\\\/versastyledesign.ca\\\/wp-content\\\/uploads\\\/2026\\\/04\\\/Transformation-dentree-sur-mesure-Le-Plateau-2-Copy.jpg\",\"contentUrl\":\"https:\\\/\\\/versastyledesign.ca\\\/wp-content\\\/uploads\\\/2026\\\/04\\\/Transformation-dentree-sur-mesure-Le-Plateau-2-Copy.jpg\",\"width\":833,\"height\":1250,\"caption\":\"transformations d'entr\u00e9es par Versa Style Design\"},{\"@type\":\"BreadcrumbList\",\"@id\":\"https:\\\/\\\/versastyledesign.ca\\\/fr\\\/portfolio-de-design\\\/transformation-dentree-sur-mesure\\\/#breadcrumb\",\"itemListElement\":[{\"@type\":\"ListItem\",\"position\":1,\"name\":\"Accueil\",\"item\":\"http:\\\/\\\/new.versastyledesign.ca\\\/fr\\\/\"},{\"@type\":\"ListItem\",\"position\":2,\"name\":\"Portfolio de Design\",\"item\":\"http:\\\/\\\/new.versastyledesign.ca\\\/fr\\\/design-portfolio\\\/\"},{\"@type\":\"ListItem\",\"position\":3,\"name\":\"Transformation d&#8217;entr\u00e9e sur mesure\"}]},{\"@type\":\"WebSite\",\"@id\":\"http:\\\/\\\/new.versastyledesign.ca\\\/fr\\\/#website\",\"url\":\"http:\\\/\\\/new.versastyledesign.ca\\\/fr\\\/\",\"name\":\"Versa Style Design\",\"description\":\"Design d&#039;int\u00e9rieur et r\u00e9novations \u00e0 Montr\u00e9al\",\"publisher\":{\"@id\":\"http:\\\/\\\/new.versastyledesign.ca\\\/fr\\\/#organization\"},\"potentialAction\":[{\"@type\":\"SearchAction\",\"target\":{\"@type\":\"EntryPoint\",\"urlTemplate\":\"http:\\\/\\\/new.versastyledesign.ca\\\/fr\\\/?s={search_term_string}\"},\"query-input\":{\"@type\":\"PropertyValueSpecification\",\"valueRequired\":true,\"valueName\":\"search_term_string\"}}],\"inLanguage\":\"fr-CA\"},{\"@type\":\"Organization\",\"@id\":\"http:\\\/\\\/new.versastyledesign.ca\\\/fr\\\/#organization\",\"name\":\"Versa Style Design\",\"url\":\"http:\\\/\\\/new.versastyledesign.ca\\\/fr\\\/\",\"logo\":{\"@type\":\"ImageObject\",\"inLanguage\":\"fr-CA\",\"@id\":\"http:\\\/\\\/new.versastyledesign.ca\\\/fr\\\/#\\\/schema\\\/logo\\\/image\\\/\",\"url\":\"https:\\\/\\\/versastyledesign.ca\\\/wp-content\\\/uploads\\\/2019\\\/11\\\/Versa-Style-Design-logo.jpg\",\"contentUrl\":\"https:\\\/\\\/versastyledesign.ca\\\/wp-content\\\/uploads\\\/2019\\\/11\\\/Versa-Style-Design-logo.jpg\",\"width\":2099,\"height\":670,\"caption\":\"Versa Style Design\"},\"image\":{\"@id\":\"http:\\\/\\\/new.versastyledesign.ca\\\/fr\\\/#\\\/schema\\\/logo\\\/image\\\/\"},\"sameAs\":[\"https:\\\/\\\/www.facebook.com\\\/Versastyledesign?ref=hl\",\"https:\\\/\\\/x.com\\\/luciepitt\",\"https:\\\/\\\/www.instagram.com\\\/versastyledesign\\\/\",\"https:\\\/\\\/www.linkedin.com\\\/in\\\/lucie-pitt-54b0ba85\",\"https:\\\/\\\/www.pinterest.com\\\/versastyledesign\\\/\"]}]}<\/script>\n<!-- \/ Yoast SEO plugin. -->","yoast_head_json":{"title":"Transformation d'entr\u00e9e sur mesure - Versa Style Design","description":"Les clients avaient besoin de rangement pour les chaussures de leur famille grandissante ainsi que d'un endroit o\u00f9 suspendre les manteaux.","robots":{"index":"index","follow":"follow","max-snippet":"max-snippet:-1","max-image-preview":"max-image-preview:large","max-video-preview":"max-video-preview:-1"},"canonical":"https:\/\/versastyledesign.ca\/fr\/portfolio-de-design\/transformation-dentree-sur-mesure\/","og_locale":"fr_CA","og_type":"article","og_title":"Transformation d'entr\u00e9e sur mesure - Versa Style Design","og_description":"Les clients avaient besoin de rangement pour les chaussures de leur famille grandissante ainsi que d'un endroit o\u00f9 suspendre les manteaux.","og_url":"https:\/\/versastyledesign.ca\/fr\/portfolio-de-design\/transformation-dentree-sur-mesure\/","og_site_name":"Versa Style Design","article_publisher":"https:\/\/www.facebook.com\/Versastyledesign?ref=hl","article_modified_time":"2026-04-28T11:59:23+00:00","og_image":[{"width":833,"height":1250,"url":"https:\/\/versastyledesign.ca\/wp-content\/uploads\/2026\/04\/Transformation-dentree-sur-mesure-Le-Plateau-2-Copy.jpg","type":"image\/jpeg"}],"twitter_misc":{"Estimation du temps de lecture":"2 minutes"},"schema":{"@context":"https:\/\/schema.org","@graph":[{"@type":"WebPage","@id":"https:\/\/versastyledesign.ca\/fr\/portfolio-de-design\/transformation-dentree-sur-mesure\/","url":"https:\/\/versastyledesign.ca\/fr\/portfolio-de-design\/transformation-dentree-sur-mesure\/","name":"Transformation d'entr\u00e9e sur mesure - Versa Style Design","isPartOf":{"@id":"http:\/\/new.versastyledesign.ca\/fr\/#website"},"primaryImageOfPage":{"@id":"https:\/\/versastyledesign.ca\/fr\/portfolio-de-design\/transformation-dentree-sur-mesure\/#primaryimage"},"image":{"@id":"https:\/\/versastyledesign.ca\/fr\/portfolio-de-design\/transformation-dentree-sur-mesure\/#primaryimage"},"thumbnailUrl":"https:\/\/versastyledesign.ca\/wp-content\/uploads\/2026\/04\/Transformation-dentree-sur-mesure-Le-Plateau-2-Copy.jpg","datePublished":"2026-04-28T11:53:11+00:00","dateModified":"2026-04-28T11:59:23+00:00","description":"Les clients avaient besoin de rangement pour les chaussures de leur famille grandissante ainsi que d'un endroit o\u00f9 suspendre les manteaux.","breadcrumb":{"@id":"https:\/\/versastyledesign.ca\/fr\/portfolio-de-design\/transformation-dentree-sur-mesure\/#breadcrumb"},"inLanguage":"fr-CA","potentialAction":[{"@type":"ReadAction","target":["https:\/\/versastyledesign.ca\/fr\/portfolio-de-design\/transformation-dentree-sur-mesure\/"]}]},{"@type":"ImageObject","inLanguage":"fr-CA","@id":"https:\/\/versastyledesign.ca\/fr\/portfolio-de-design\/transformation-dentree-sur-mesure\/#primaryimage","url":"https:\/\/versastyledesign.ca\/wp-content\/uploads\/2026\/04\/Transformation-dentree-sur-mesure-Le-Plateau-2-Copy.jpg","contentUrl":"https:\/\/versastyledesign.ca\/wp-content\/uploads\/2026\/04\/Transformation-dentree-sur-mesure-Le-Plateau-2-Copy.jpg","width":833,"height":1250,"caption":"transformations d'entr\u00e9es par Versa Style Design"},{"@type":"BreadcrumbList","@id":"https:\/\/versastyledesign.ca\/fr\/portfolio-de-design\/transformation-dentree-sur-mesure\/#breadcrumb","itemListElement":[{"@type":"ListItem","position":1,"name":"Accueil","item":"http:\/\/new.versastyledesign.ca\/fr\/"},{"@type":"ListItem","position":2,"name":"Portfolio de Design","item":"http:\/\/new.versastyledesign.ca\/fr\/design-portfolio\/"},{"@type":"ListItem","position":3,"name":"Transformation d&#8217;entr\u00e9e sur mesure"}]},{"@type":"WebSite","@id":"http:\/\/new.versastyledesign.ca\/fr\/#website","url":"http:\/\/new.versastyledesign.ca\/fr\/","name":"Versa Style Design","description":"Design d&#039;int\u00e9rieur et r\u00e9novations \u00e0 Montr\u00e9al","publisher":{"@id":"http:\/\/new.versastyledesign.ca\/fr\/#organization"},"potentialAction":[{"@type":"SearchAction","target":{"@type":"EntryPoint","urlTemplate":"http:\/\/new.versastyledesign.ca\/fr\/?s={search_term_string}"},"query-input":{"@type":"PropertyValueSpecification","valueRequired":true,"valueName":"search_term_string"}}],"inLanguage":"fr-CA"},{"@type":"Organization","@id":"http:\/\/new.versastyledesign.ca\/fr\/#organization","name":"Versa Style Design","url":"http:\/\/new.versastyledesign.ca\/fr\/","logo":{"@type":"ImageObject","inLanguage":"fr-CA","@id":"http:\/\/new.versastyledesign.ca\/fr\/#\/schema\/logo\/image\/","url":"https:\/\/versastyledesign.ca\/wp-content\/uploads\/2019\/11\/Versa-Style-Design-logo.jpg","contentUrl":"https:\/\/versastyledesign.ca\/wp-content\/uploads\/2019\/11\/Versa-Style-Design-logo.jpg","width":2099,"height":670,"caption":"Versa Style Design"},"image":{"@id":"http:\/\/new.versastyledesign.ca\/fr\/#\/schema\/logo\/image\/"},"sameAs":["https:\/\/www.facebook.com\/Versastyledesign?ref=hl","https:\/\/x.com\/luciepitt","https:\/\/www.instagram.com\/versastyledesign\/","https:\/\/www.linkedin.com\/in\/lucie-pitt-54b0ba85","https:\/\/www.pinterest.com\/versastyledesign\/"]}]}},"coauthors":[],"author_meta":{"author_link":"https:\/\/versastyledesign.ca\/fr\/author\/lucie-pitt\/","display_name":"Lucie Pitt"},"relative_dates":{"created":"Posted 2 semaines ago","modified":"Updated 2 semaines ago"},"absolute_dates":{"created":"Posted on 28 avril 2026","modified":"Updated on 28 avril 2026"},"absolute_dates_time":{"created":"Posted on 28 avril 2026 7 h 53 min","modified":"Updated on 28 avril 2026 7 h 59 min"},"featured_img_caption":"","featured_img":"https:\/\/versastyledesign.ca\/wp-content\/uploads\/2026\/04\/Transformation-dentree-sur-mesure-Le-Plateau-2-Copy.jpg","series_order":"","_links":{"self":[{"href":"https:\/\/versastyledesign.ca\/fr\/wp-json\/wp\/v2\/pages\/32218","targetHints":{"allow":["GET"]}}],"collection":[{"href":"https:\/\/versastyledesign.ca\/fr\/wp-json\/wp\/v2\/pages"}],"about":[{"href":"https:\/\/versastyledesign.ca\/fr\/wp-json\/wp\/v2\/types\/page"}],"author":[{"embeddable":true,"href":"https:\/\/versastyledesign.ca\/fr\/wp-json\/wp\/v2\/users\/2"}],"replies":[{"embeddable":true,"href":"https:\/\/versastyledesign.ca\/fr\/wp-json\/wp\/v2\/comments?post=32218"}],"version-history":[{"count":2,"href":"https:\/\/versastyledesign.ca\/fr\/wp-json\/wp\/v2\/pages\/32218\/revisions"}],"predecessor-version":[{"id":32225,"href":"https:\/\/versastyledesign.ca\/fr\/wp-json\/wp\/v2\/pages\/32218\/revisions\/32225"}],"up":[{"embeddable":true,"href":"https:\/\/versastyledesign.ca\/fr\/wp-json\/wp\/v2\/pages\/1840"}],"wp:featuredmedia":[{"embeddable":true,"href":"https:\/\/versastyledesign.ca\/fr\/wp-json\/wp\/v2\/media\/32220"}],"wp:attachment":[{"href":"https:\/\/versastyledesign.ca\/fr\/wp-json\/wp\/v2\/media?parent=32218"}],"curies":[{"name":"wp","href":"https:\/\/api.w.org\/{rel}","templated":true}]}}